{"id":44688,"date":"2025-10-14T11:21:58","date_gmt":"2025-10-14T08:21:58","guid":{"rendered":"https:\/\/miumjau.ee\/toode\/ibero-natural-100-mesos-konservas-katems-antis-200-g\/"},"modified":"2026-01-07T20:49:58","modified_gmt":"2026-01-07T18:49:58","slug":"ibero-natural-100-mesos-konservas-katems-antis-200-g","status":"publish","type":"product","link":"https:\/\/miumjau.ee\/lt\/produktas\/ibero-natural-100-mesos-konservas-katems-antis-200-g\/","title":{"rendered":"Ibero Natural 100% m\u0117sos konservas kat\u0117ms, antis 200 g"},"content":{"rendered":"","protected":false},"excerpt":{"rendered":"<p data-start=\"906\" data-end=\"1080\">Ibero Natural 100% m\u0117sos papildomas pa\u0161aras kat\u0117ms. Puikus maistas, tenkinantis gyv\u016bno instinktyvius poreikius ir tinkantis naudoti kartu su sausu pa\u0161aru. Visi\u0161kai nat\u016bralus.<\/p>\n<p data-start=\"1082\" data-end=\"1248\"><strong data-start=\"1082\" data-end=\"1094\">Sud\u0117tis:<\/strong> 50% antis, 50% vi\u0161tiena.<br data-start=\"1119\" data-end=\"1122\" \/><strong data-start=\"1122\" data-end=\"1144\">Analitin\u0117 sud\u0117tis:<\/strong> \u017eali baltymai 16%, \u017ealiosios riebal\u0173 11%, \u017ealiosios skaidulos 0,5%, \u017ealiosios pelenai 2,5%, dr\u0117gm\u0117 70%.<\/p>\n<p data-start=\"1250\" data-end=\"1626\">\u017daliavos u\u017etikrina didel\u012f nat\u016brali\u0173 vitamin\u0173 (A, E, D), amino r\u016bg\u0161\u010di\u0173 (lizinas, metioninas, cistinas) ir mineral\u0173 kiek\u012f. Produkte n\u0117ra sojos. Pagaminta be skonio stiprikli\u0173, konservant\u0173 ir da\u017eikli\u0173. Patiekti kambario temperat\u016broje kaip papildom\u0105 pa\u0161ar\u0105. Atidarius laikyti \u0161aldytuve. Laikyti v\u0117sioje ir sausoje vietoje. Geriausias iki \/ partijos numeris \u2013 \u017ei\u016br\u0117ti ant pakuot\u0117s.<\/p>\n","protected":false},"featured_media":44689,"template":"","meta":[],"product_brand":[],"product_cat":[526],"product_tag":[],"class_list":{"0":"post-44688","1":"product","2":"type-product","3":"status-publish","4":"has-post-thumbnail","6":"product_cat-slapias-maistas","8":"first","9":"instock","10":"taxable","11":"shipping-taxable","12":"purchasable","13":"product-type-simple"},"yoast_head":"<!-- This site is optimized with the Yoast SEO plugin v27.4 - https:\/\/yoast.com\/product\/yoast-seo-wordpress\/ -->\n<title>Ibero Natural 100% m\u0117sos konservas kat\u0117ms, antis 200 g - MiuMjau<\/title>\n<meta name=\"robots\" content=\"index, follow, max-snippet:-1, max-image-preview:large, max-video-preview:-1\" \/>\n<link rel=\"canonical\" href=\"https:\/\/miumjau.ee\/lt\/produktas\/ibero-natural-100-mesos-konservas-katems-antis-200-g\/\" \/>\n<meta property=\"og:locale\" content=\"lt_LT\" \/>\n<meta property=\"og:type\" content=\"article\" \/>\n<meta property=\"og:title\" content=\"Ibero Natural 100% m\u0117sos konservas kat\u0117ms, antis 200 g - MiuMjau\" \/>\n<meta property=\"og:description\" content=\"Ibero Natural 100% m\u0117sos papildomas pa\u0161aras kat\u0117ms. Puikus maistas, tenkinantis gyv\u016bno instinktyvius poreikius ir tinkantis naudoti kartu su sausu pa\u0161aru. Visi\u0161kai nat\u016bralus. Sud\u0117tis: 50% antis, 50% vi\u0161tiena.Analitin\u0117 sud\u0117tis: \u017eali baltymai 16%, \u017ealiosios riebal\u0173 11%, \u017ealiosios skaidulos 0,5%, \u017ealiosios pelenai 2,5%, dr\u0117gm\u0117 70%. \u017daliavos u\u017etikrina didel\u012f nat\u016brali\u0173 vitamin\u0173 (A, E, D), amino r\u016bg\u0161\u010di\u0173 (lizinas, metioninas, cistinas) ir mineral\u0173 kiek\u012f. Produkte n\u0117ra sojos. Pagaminta be skonio stiprikli\u0173, konservant\u0173 ir da\u017eikli\u0173. Patiekti kambario temperat\u016broje kaip papildom\u0105 pa\u0161ar\u0105. Atidarius laikyti \u0161aldytuve. Laikyti v\u0117sioje ir sausoje vietoje. Geriausias iki \/ partijos numeris \u2013 \u017ei\u016br\u0117ti ant pakuot\u0117s.\" \/>\n<meta property=\"og:url\" content=\"https:\/\/miumjau.ee\/lt\/produktas\/ibero-natural-100-mesos-konservas-katems-antis-200-g\/\" \/>\n<meta property=\"og:site_name\" content=\"MiuMjau\" \/>\n<meta property=\"article:publisher\" content=\"https:\/\/www.facebook.com\/miumjaupood\/\" \/>\n<meta property=\"article:modified_time\" content=\"2026-01-07T18:49:58+00:00\" \/>\n<meta property=\"og:image\" content=\"https:\/\/miumjau.ee\/wp-content\/uploads\/2025\/10\/ibero-konserv-kassidele-200g7.jpg\" \/>\n\t<meta property=\"og:image:width\" content=\"600\" \/>\n\t<meta property=\"og:image:height\" content=\"800\" \/>\n\t<meta property=\"og:image:type\" content=\"image\/jpeg\" \/>\n<meta name=\"twitter:card\" content=\"summary_large_image\" \/>\n<script type=\"application\/ld+json\" class=\"yoast-schema-graph\">{\"@context\":\"https:\\\/\\\/schema.org\",\"@graph\":[{\"@type\":\"WebPage\",\"@id\":\"https:\\\/\\\/miumjau.ee\\\/lt\\\/produktas\\\/ibero-natural-100-mesos-konservas-katems-antis-200-g\\\/\",\"url\":\"https:\\\/\\\/miumjau.ee\\\/lt\\\/produktas\\\/ibero-natural-100-mesos-konservas-katems-antis-200-g\\\/\",\"name\":\"Ibero Natural 100% m\u0117sos konservas kat\u0117ms, antis 200 g - MiuMjau\",\"isPartOf\":{\"@id\":\"https:\\\/\\\/miumjau.ee\\\/#website\"},\"primaryImageOfPage\":{\"@id\":\"https:\\\/\\\/miumjau.ee\\\/lt\\\/produktas\\\/ibero-natural-100-mesos-konservas-katems-antis-200-g\\\/#primaryimage\"},\"image\":{\"@id\":\"https:\\\/\\\/miumjau.ee\\\/lt\\\/produktas\\\/ibero-natural-100-mesos-konservas-katems-antis-200-g\\\/#primaryimage\"},\"thumbnailUrl\":\"https:\\\/\\\/miumjau.ee\\\/wp-content\\\/uploads\\\/2025\\\/10\\\/ibero-konserv-kassidele-200g7.jpg\",\"datePublished\":\"2025-10-14T08:21:58+00:00\",\"dateModified\":\"2026-01-07T18:49:58+00:00\",\"breadcrumb\":{\"@id\":\"https:\\\/\\\/miumjau.ee\\\/lt\\\/produktas\\\/ibero-natural-100-mesos-konservas-katems-antis-200-g\\\/#breadcrumb\"},\"inLanguage\":\"lt-LT\",\"potentialAction\":[{\"@type\":\"ReadAction\",\"target\":[\"https:\\\/\\\/miumjau.ee\\\/lt\\\/produktas\\\/ibero-natural-100-mesos-konservas-katems-antis-200-g\\\/\"]}]},{\"@type\":\"ImageObject\",\"inLanguage\":\"lt-LT\",\"@id\":\"https:\\\/\\\/miumjau.ee\\\/lt\\\/produktas\\\/ibero-natural-100-mesos-konservas-katems-antis-200-g\\\/#primaryimage\",\"url\":\"https:\\\/\\\/miumjau.ee\\\/wp-content\\\/uploads\\\/2025\\\/10\\\/ibero-konserv-kassidele-200g7.jpg\",\"contentUrl\":\"https:\\\/\\\/miumjau.ee\\\/wp-content\\\/uploads\\\/2025\\\/10\\\/ibero-konserv-kassidele-200g7.jpg\",\"width\":600,\"height\":800},{\"@type\":\"BreadcrumbList\",\"@id\":\"https:\\\/\\\/miumjau.ee\\\/lt\\\/produktas\\\/ibero-natural-100-mesos-konservas-katems-antis-200-g\\\/#breadcrumb\",\"itemListElement\":[{\"@type\":\"ListItem\",\"position\":1,\"name\":\"Home\",\"item\":\"https:\\\/\\\/miumjau.ee\\\/lt\\\/\"},{\"@type\":\"ListItem\",\"position\":2,\"name\":\"Parduotuv\u0117\",\"item\":\"https:\\\/\\\/miumjau.ee\\\/lt\\\/parduotuve\\\/\"},{\"@type\":\"ListItem\",\"position\":3,\"name\":\"Ibero Natural 100% m\u0117sos konservas kat\u0117ms, antis 200 g\"}]},{\"@type\":\"WebSite\",\"@id\":\"https:\\\/\\\/miumjau.ee\\\/#website\",\"url\":\"https:\\\/\\\/miumjau.ee\\\/\",\"name\":\"MiuMjau\",\"description\":\"Kraapimispuud kassidele\",\"publisher\":{\"@id\":\"https:\\\/\\\/miumjau.ee\\\/#organization\"},\"potentialAction\":[{\"@type\":\"SearchAction\",\"target\":{\"@type\":\"EntryPoint\",\"urlTemplate\":\"https:\\\/\\\/miumjau.ee\\\/?s={search_term_string}\"},\"query-input\":{\"@type\":\"PropertyValueSpecification\",\"valueRequired\":true,\"valueName\":\"search_term_string\"}}],\"inLanguage\":\"lt-LT\"},{\"@type\":\"Organization\",\"@id\":\"https:\\\/\\\/miumjau.ee\\\/#organization\",\"name\":\"MiuMjau O\u00dc\",\"url\":\"https:\\\/\\\/miumjau.ee\\\/\",\"logo\":{\"@type\":\"ImageObject\",\"inLanguage\":\"lt-LT\",\"@id\":\"https:\\\/\\\/miumjau.ee\\\/#\\\/schema\\\/logo\\\/image\\\/\",\"url\":\"https:\\\/\\\/miumjau.ee\\\/wp-content\\\/uploads\\\/2022\\\/04\\\/MiuMjau-logo-kollane.png\",\"contentUrl\":\"https:\\\/\\\/miumjau.ee\\\/wp-content\\\/uploads\\\/2022\\\/04\\\/MiuMjau-logo-kollane.png\",\"width\":219,\"height\":100,\"caption\":\"MiuMjau O\u00dc\"},\"image\":{\"@id\":\"https:\\\/\\\/miumjau.ee\\\/#\\\/schema\\\/logo\\\/image\\\/\"},\"sameAs\":[\"https:\\\/\\\/www.facebook.com\\\/miumjaupood\\\/\"]}]}<\/script>\n<!-- \/ Yoast SEO plugin. -->","yoast_head_json":{"title":"Ibero Natural 100% m\u0117sos konservas kat\u0117ms, antis 200 g - MiuMjau","robots":{"index":"index","follow":"follow","max-snippet":"max-snippet:-1","max-image-preview":"max-image-preview:large","max-video-preview":"max-video-preview:-1"},"canonical":"https:\/\/miumjau.ee\/lt\/produktas\/ibero-natural-100-mesos-konservas-katems-antis-200-g\/","og_locale":"lt_LT","og_type":"article","og_title":"Ibero Natural 100% m\u0117sos konservas kat\u0117ms, antis 200 g - MiuMjau","og_description":"Ibero Natural 100% m\u0117sos papildomas pa\u0161aras kat\u0117ms. Puikus maistas, tenkinantis gyv\u016bno instinktyvius poreikius ir tinkantis naudoti kartu su sausu pa\u0161aru. Visi\u0161kai nat\u016bralus. Sud\u0117tis: 50% antis, 50% vi\u0161tiena.Analitin\u0117 sud\u0117tis: \u017eali baltymai 16%, \u017ealiosios riebal\u0173 11%, \u017ealiosios skaidulos 0,5%, \u017ealiosios pelenai 2,5%, dr\u0117gm\u0117 70%. \u017daliavos u\u017etikrina didel\u012f nat\u016brali\u0173 vitamin\u0173 (A, E, D), amino r\u016bg\u0161\u010di\u0173 (lizinas, metioninas, cistinas) ir mineral\u0173 kiek\u012f. Produkte n\u0117ra sojos. Pagaminta be skonio stiprikli\u0173, konservant\u0173 ir da\u017eikli\u0173. Patiekti kambario temperat\u016broje kaip papildom\u0105 pa\u0161ar\u0105. Atidarius laikyti \u0161aldytuve. Laikyti v\u0117sioje ir sausoje vietoje. Geriausias iki \/ partijos numeris \u2013 \u017ei\u016br\u0117ti ant pakuot\u0117s.","og_url":"https:\/\/miumjau.ee\/lt\/produktas\/ibero-natural-100-mesos-konservas-katems-antis-200-g\/","og_site_name":"MiuMjau","article_publisher":"https:\/\/www.facebook.com\/miumjaupood\/","article_modified_time":"2026-01-07T18:49:58+00:00","og_image":[{"width":600,"height":800,"url":"https:\/\/miumjau.ee\/wp-content\/uploads\/2025\/10\/ibero-konserv-kassidele-200g7.jpg","type":"image\/jpeg"}],"twitter_card":"summary_large_image","schema":{"@context":"https:\/\/schema.org","@graph":[{"@type":"WebPage","@id":"https:\/\/miumjau.ee\/lt\/produktas\/ibero-natural-100-mesos-konservas-katems-antis-200-g\/","url":"https:\/\/miumjau.ee\/lt\/produktas\/ibero-natural-100-mesos-konservas-katems-antis-200-g\/","name":"Ibero Natural 100% m\u0117sos konservas kat\u0117ms, antis 200 g - MiuMjau","isPartOf":{"@id":"https:\/\/miumjau.ee\/#website"},"primaryImageOfPage":{"@id":"https:\/\/miumjau.ee\/lt\/produktas\/ibero-natural-100-mesos-konservas-katems-antis-200-g\/#primaryimage"},"image":{"@id":"https:\/\/miumjau.ee\/lt\/produktas\/ibero-natural-100-mesos-konservas-katems-antis-200-g\/#primaryimage"},"thumbnailUrl":"https:\/\/miumjau.ee\/wp-content\/uploads\/2025\/10\/ibero-konserv-kassidele-200g7.jpg","datePublished":"2025-10-14T08:21:58+00:00","dateModified":"2026-01-07T18:49:58+00:00","breadcrumb":{"@id":"https:\/\/miumjau.ee\/lt\/produktas\/ibero-natural-100-mesos-konservas-katems-antis-200-g\/#breadcrumb"},"inLanguage":"lt-LT","potentialAction":[{"@type":"ReadAction","target":["https:\/\/miumjau.ee\/lt\/produktas\/ibero-natural-100-mesos-konservas-katems-antis-200-g\/"]}]},{"@type":"ImageObject","inLanguage":"lt-LT","@id":"https:\/\/miumjau.ee\/lt\/produktas\/ibero-natural-100-mesos-konservas-katems-antis-200-g\/#primaryimage","url":"https:\/\/miumjau.ee\/wp-content\/uploads\/2025\/10\/ibero-konserv-kassidele-200g7.jpg","contentUrl":"https:\/\/miumjau.ee\/wp-content\/uploads\/2025\/10\/ibero-konserv-kassidele-200g7.jpg","width":600,"height":800},{"@type":"BreadcrumbList","@id":"https:\/\/miumjau.ee\/lt\/produktas\/ibero-natural-100-mesos-konservas-katems-antis-200-g\/#breadcrumb","itemListElement":[{"@type":"ListItem","position":1,"name":"Home","item":"https:\/\/miumjau.ee\/lt\/"},{"@type":"ListItem","position":2,"name":"Parduotuv\u0117","item":"https:\/\/miumjau.ee\/lt\/parduotuve\/"},{"@type":"ListItem","position":3,"name":"Ibero Natural 100% m\u0117sos konservas kat\u0117ms, antis 200 g"}]},{"@type":"WebSite","@id":"https:\/\/miumjau.ee\/#website","url":"https:\/\/miumjau.ee\/","name":"MiuMjau","description":"Kraapimispuud kassidele","publisher":{"@id":"https:\/\/miumjau.ee\/#organization"},"potentialAction":[{"@type":"SearchAction","target":{"@type":"EntryPoint","urlTemplate":"https:\/\/miumjau.ee\/?s={search_term_string}"},"query-input":{"@type":"PropertyValueSpecification","valueRequired":true,"valueName":"search_term_string"}}],"inLanguage":"lt-LT"},{"@type":"Organization","@id":"https:\/\/miumjau.ee\/#organization","name":"MiuMjau O\u00dc","url":"https:\/\/miumjau.ee\/","logo":{"@type":"ImageObject","inLanguage":"lt-LT","@id":"https:\/\/miumjau.ee\/#\/schema\/logo\/image\/","url":"https:\/\/miumjau.ee\/wp-content\/uploads\/2022\/04\/MiuMjau-logo-kollane.png","contentUrl":"https:\/\/miumjau.ee\/wp-content\/uploads\/2022\/04\/MiuMjau-logo-kollane.png","width":219,"height":100,"caption":"MiuMjau O\u00dc"},"image":{"@id":"https:\/\/miumjau.ee\/#\/schema\/logo\/image\/"},"sameAs":["https:\/\/www.facebook.com\/miumjaupood\/"]}]}},"_links":{"self":[{"href":"https:\/\/miumjau.ee\/lt\/wp-json\/wp\/v2\/product\/44688","targetHints":{"allow":["GET"]}}],"collection":[{"href":"https:\/\/miumjau.ee\/lt\/wp-json\/wp\/v2\/product"}],"about":[{"href":"https:\/\/miumjau.ee\/lt\/wp-json\/wp\/v2\/types\/product"}],"wp:featuredmedia":[{"embeddable":true,"href":"https:\/\/miumjau.ee\/lt\/wp-json\/wp\/v2\/media\/44689"}],"wp:attachment":[{"href":"https:\/\/miumjau.ee\/lt\/wp-json\/wp\/v2\/media?parent=44688"}],"wp:term":[{"taxonomy":"product_brand","embeddable":true,"href":"https:\/\/miumjau.ee\/lt\/wp-json\/wp\/v2\/product_brand?post=44688"},{"taxonomy":"product_cat","embeddable":true,"href":"https:\/\/miumjau.ee\/lt\/wp-json\/wp\/v2\/product_cat?post=44688"},{"taxonomy":"product_tag","embeddable":true,"href":"https:\/\/miumjau.ee\/lt\/wp-json\/wp\/v2\/product_tag?post=44688"}],"curies":[{"name":"wp","href":"https:\/\/api.w.org\/{rel}","templated":true}]}}