{"id":43145,"date":"2025-10-27T19:46:26","date_gmt":"2025-10-27T17:46:26","guid":{"rendered":"https:\/\/miumjau.ee\/toode\/catfest-tunas-zeleje-12x50-g\/"},"modified":"2026-01-07T20:49:58","modified_gmt":"2026-01-07T18:49:58","slug":"catfest-tunas-zeleje-12x50-g","status":"publish","type":"product","link":"https:\/\/miumjau.ee\/lt\/produktas\/catfest-tunas-zeleje-12x50-g\/","title":{"rendered":"CatFest tunas \u017eel\u0117je, 12\u00d750 g"},"content":{"rendered":"","protected":false},"excerpt":{"rendered":"<p data-start=\"3065\" data-end=\"3374\">CatFest konservai \u2013 tai \u0161lapias maistas kat\u0117ms, pagamintas i\u0161 \u0161velnaus Ramiojo vandenyno tuno \u2013 tikras gurmani\u0161kas skan\u0117stas j\u016bs\u0173 augintiniui. Tamsi tuno m\u0117sa pasi\u017eymi \u0161velnia tekst\u016bra ir sodriu aromatu, suteikian\u010diu ry\u0161k\u0173 j\u016bros skon\u012f. Patiekiama lengvoje \u017eel\u0117je, kuri gerina maistini\u0173 med\u017eiag\u0173 \u012fsisavinim\u0105.<\/p>\n<p data-start=\"3376\" data-end=\"3661\"><strong data-start=\"3376\" data-end=\"3388\">Sud\u0117tis:<\/strong> tunas 60 %, mieli\u0173 ekstraktas, prebiotikas FOS, an\u010diuvi\u0173 aliejus, mineralai.<br data-start=\"3465\" data-end=\"3468\" \/><strong data-start=\"3468\" data-end=\"3500\">Maistin\u0117s med\u017eiagos (mg\/kg):<\/strong> vitaminas E \u2013 1 000, taurinas \u2013 1 000.<br data-start=\"3539\" data-end=\"3542\" \/><strong data-start=\"3542\" data-end=\"3564\">Analitin\u0117 sud\u0117tis:<\/strong> \u017eali baltymai 9 %, \u017eali riebalai 0,5 %, \u017eali pelenai 1,5 %, \u017ealios skaidulos 1 %, dr\u0117gm\u0117 88 %.<\/p>\n<p data-start=\"3663\" data-end=\"3991\"><strong data-start=\"3663\" data-end=\"3678\">Naudojimas:<\/strong> Tinka kaip nat\u016bralus papildomas maistas visoms suaugusioms kat\u0117ms, \u012fskaitant sterilizuotas ar kastruotas kates bei jautraus vir\u0161kinimo ar alergi\u0161kas kates.<br data-start=\"3834\" data-end=\"3837\" \/>Patiekti kambario temperat\u016broje. Laikyti v\u0117sioje, sausoje vietoje. Duoti iki 3 pakuo\u010di\u0173 per dien\u0105. U\u017etikrinkite, kad kat\u0117 visada tur\u0117t\u0173 \u0161vie\u017eio vandens.<\/p>\n","protected":false},"featured_media":42346,"template":"","meta":[],"product_brand":[],"product_cat":[526],"product_tag":[],"class_list":{"0":"post-43145","1":"product","2":"type-product","3":"status-publish","4":"has-post-thumbnail","6":"product_cat-slapias-maistas","8":"first","9":"instock","10":"taxable","11":"shipping-taxable","12":"purchasable","13":"product-type-simple"},"yoast_head":"<!-- This site is optimized with the Yoast SEO plugin v27.2 - https:\/\/yoast.com\/product\/yoast-seo-wordpress\/ -->\n<title>CatFest tunas \u017eel\u0117je, 12\u00d750 g - MiuMjau<\/title>\n<meta name=\"robots\" content=\"index, follow, max-snippet:-1, max-image-preview:large, max-video-preview:-1\" \/>\n<link rel=\"canonical\" href=\"https:\/\/miumjau.ee\/lt\/produktas\/catfest-tunas-zeleje-12x50-g\/\" \/>\n<meta property=\"og:locale\" content=\"lt_LT\" \/>\n<meta property=\"og:type\" content=\"article\" \/>\n<meta property=\"og:title\" content=\"CatFest tunas \u017eel\u0117je, 12\u00d750 g - MiuMjau\" \/>\n<meta property=\"og:description\" content=\"CatFest konservai \u2013 tai \u0161lapias maistas kat\u0117ms, pagamintas i\u0161 \u0161velnaus Ramiojo vandenyno tuno \u2013 tikras gurmani\u0161kas skan\u0117stas j\u016bs\u0173 augintiniui. Tamsi tuno m\u0117sa pasi\u017eymi \u0161velnia tekst\u016bra ir sodriu aromatu, suteikian\u010diu ry\u0161k\u0173 j\u016bros skon\u012f. Patiekiama lengvoje \u017eel\u0117je, kuri gerina maistini\u0173 med\u017eiag\u0173 \u012fsisavinim\u0105. Sud\u0117tis: tunas 60 %, mieli\u0173 ekstraktas, prebiotikas FOS, an\u010diuvi\u0173 aliejus, mineralai.Maistin\u0117s med\u017eiagos (mg\/kg): vitaminas E \u2013 1 000, taurinas \u2013 1 000.Analitin\u0117 sud\u0117tis: \u017eali baltymai 9 %, \u017eali riebalai 0,5 %, \u017eali pelenai 1,5 %, \u017ealios skaidulos 1 %, dr\u0117gm\u0117 88 %. Naudojimas: Tinka kaip nat\u016bralus papildomas maistas visoms suaugusioms kat\u0117ms, \u012fskaitant sterilizuotas ar kastruotas kates bei jautraus vir\u0161kinimo ar alergi\u0161kas kates.Patiekti kambario temperat\u016broje. Laikyti v\u0117sioje, sausoje vietoje. Duoti iki 3 pakuo\u010di\u0173 per dien\u0105. U\u017etikrinkite, kad kat\u0117 visada tur\u0117t\u0173 \u0161vie\u017eio vandens.\" \/>\n<meta property=\"og:url\" content=\"https:\/\/miumjau.ee\/lt\/produktas\/catfest-tunas-zeleje-12x50-g\/\" \/>\n<meta property=\"og:site_name\" content=\"MiuMjau\" \/>\n<meta property=\"article:publisher\" content=\"https:\/\/www.facebook.com\/miumjaupood\/\" \/>\n<meta property=\"article:modified_time\" content=\"2026-01-07T18:49:58+00:00\" \/>\n<meta property=\"og:image\" content=\"https:\/\/miumjau.ee\/wp-content\/uploads\/2025\/09\/catfest-meal-margtoit-kassile3.jpg\" \/>\n\t<meta property=\"og:image:width\" content=\"1200\" \/>\n\t<meta property=\"og:image:height\" content=\"1600\" \/>\n\t<meta property=\"og:image:type\" content=\"image\/jpeg\" \/>\n<meta name=\"twitter:card\" content=\"summary_large_image\" \/>\n<script type=\"application\/ld+json\" class=\"yoast-schema-graph\">{\"@context\":\"https:\/\/schema.org\",\"@graph\":[{\"@type\":\"WebPage\",\"@id\":\"https:\/\/miumjau.ee\/lt\/produktas\/catfest-tunas-zeleje-12x50-g\/\",\"url\":\"https:\/\/miumjau.ee\/lt\/produktas\/catfest-tunas-zeleje-12x50-g\/\",\"name\":\"CatFest tunas \u017eel\u0117je, 12\u00d750 g - MiuMjau\",\"isPartOf\":{\"@id\":\"https:\/\/miumjau.ee\/#website\"},\"primaryImageOfPage\":{\"@id\":\"https:\/\/miumjau.ee\/lt\/produktas\/catfest-tunas-zeleje-12x50-g\/#primaryimage\"},\"image\":{\"@id\":\"https:\/\/miumjau.ee\/lt\/produktas\/catfest-tunas-zeleje-12x50-g\/#primaryimage\"},\"thumbnailUrl\":\"https:\/\/miumjau.ee\/wp-content\/uploads\/2025\/09\/catfest-meal-margtoit-kassile3.jpg\",\"datePublished\":\"2025-10-27T17:46:26+00:00\",\"dateModified\":\"2026-01-07T18:49:58+00:00\",\"breadcrumb\":{\"@id\":\"https:\/\/miumjau.ee\/lt\/produktas\/catfest-tunas-zeleje-12x50-g\/#breadcrumb\"},\"inLanguage\":\"lt-LT\",\"potentialAction\":[{\"@type\":\"ReadAction\",\"target\":[\"https:\/\/miumjau.ee\/lt\/produktas\/catfest-tunas-zeleje-12x50-g\/\"]}]},{\"@type\":\"ImageObject\",\"inLanguage\":\"lt-LT\",\"@id\":\"https:\/\/miumjau.ee\/lt\/produktas\/catfest-tunas-zeleje-12x50-g\/#primaryimage\",\"url\":\"https:\/\/miumjau.ee\/wp-content\/uploads\/2025\/09\/catfest-meal-margtoit-kassile3.jpg\",\"contentUrl\":\"https:\/\/miumjau.ee\/wp-content\/uploads\/2025\/09\/catfest-meal-margtoit-kassile3.jpg\",\"width\":1200,\"height\":1600,\"caption\":\"CatFest tuunikala tarrendis,12x50g\"},{\"@type\":\"BreadcrumbList\",\"@id\":\"https:\/\/miumjau.ee\/lt\/produktas\/catfest-tunas-zeleje-12x50-g\/#breadcrumb\",\"itemListElement\":[{\"@type\":\"ListItem\",\"position\":1,\"name\":\"Home\",\"item\":\"https:\/\/miumjau.ee\/lt\/\"},{\"@type\":\"ListItem\",\"position\":2,\"name\":\"Parduotuv\u0117\",\"item\":\"https:\/\/miumjau.ee\/lt\/parduotuve\/\"},{\"@type\":\"ListItem\",\"position\":3,\"name\":\"CatFest tunas \u017eel\u0117je, 12\u00d750 g\"}]},{\"@type\":\"WebSite\",\"@id\":\"https:\/\/miumjau.ee\/#website\",\"url\":\"https:\/\/miumjau.ee\/\",\"name\":\"MiuMjau\",\"description\":\"Kraapimispuud kassidele\",\"publisher\":{\"@id\":\"https:\/\/miumjau.ee\/#organization\"},\"potentialAction\":[{\"@type\":\"SearchAction\",\"target\":{\"@type\":\"EntryPoint\",\"urlTemplate\":\"https:\/\/miumjau.ee\/?s={search_term_string}\"},\"query-input\":{\"@type\":\"PropertyValueSpecification\",\"valueRequired\":true,\"valueName\":\"search_term_string\"}}],\"inLanguage\":\"lt-LT\"},{\"@type\":\"Organization\",\"@id\":\"https:\/\/miumjau.ee\/#organization\",\"name\":\"MiuMjau O\u00dc\",\"url\":\"https:\/\/miumjau.ee\/\",\"logo\":{\"@type\":\"ImageObject\",\"inLanguage\":\"lt-LT\",\"@id\":\"https:\/\/miumjau.ee\/#\/schema\/logo\/image\/\",\"url\":\"https:\/\/miumjau.ee\/wp-content\/uploads\/2022\/04\/MiuMjau-logo-kollane.png\",\"contentUrl\":\"https:\/\/miumjau.ee\/wp-content\/uploads\/2022\/04\/MiuMjau-logo-kollane.png\",\"width\":219,\"height\":100,\"caption\":\"MiuMjau O\u00dc\"},\"image\":{\"@id\":\"https:\/\/miumjau.ee\/#\/schema\/logo\/image\/\"},\"sameAs\":[\"https:\/\/www.facebook.com\/miumjaupood\/\"]}]}<\/script>\n<!-- \/ Yoast SEO plugin. -->","yoast_head_json":{"title":"CatFest tunas \u017eel\u0117je, 12\u00d750 g - MiuMjau","robots":{"index":"index","follow":"follow","max-snippet":"max-snippet:-1","max-image-preview":"max-image-preview:large","max-video-preview":"max-video-preview:-1"},"canonical":"https:\/\/miumjau.ee\/lt\/produktas\/catfest-tunas-zeleje-12x50-g\/","og_locale":"lt_LT","og_type":"article","og_title":"CatFest tunas \u017eel\u0117je, 12\u00d750 g - MiuMjau","og_description":"CatFest konservai \u2013 tai \u0161lapias maistas kat\u0117ms, pagamintas i\u0161 \u0161velnaus Ramiojo vandenyno tuno \u2013 tikras gurmani\u0161kas skan\u0117stas j\u016bs\u0173 augintiniui. Tamsi tuno m\u0117sa pasi\u017eymi \u0161velnia tekst\u016bra ir sodriu aromatu, suteikian\u010diu ry\u0161k\u0173 j\u016bros skon\u012f. Patiekiama lengvoje \u017eel\u0117je, kuri gerina maistini\u0173 med\u017eiag\u0173 \u012fsisavinim\u0105. Sud\u0117tis: tunas 60 %, mieli\u0173 ekstraktas, prebiotikas FOS, an\u010diuvi\u0173 aliejus, mineralai.Maistin\u0117s med\u017eiagos (mg\/kg): vitaminas E \u2013 1 000, taurinas \u2013 1 000.Analitin\u0117 sud\u0117tis: \u017eali baltymai 9 %, \u017eali riebalai 0,5 %, \u017eali pelenai 1,5 %, \u017ealios skaidulos 1 %, dr\u0117gm\u0117 88 %. Naudojimas: Tinka kaip nat\u016bralus papildomas maistas visoms suaugusioms kat\u0117ms, \u012fskaitant sterilizuotas ar kastruotas kates bei jautraus vir\u0161kinimo ar alergi\u0161kas kates.Patiekti kambario temperat\u016broje. Laikyti v\u0117sioje, sausoje vietoje. Duoti iki 3 pakuo\u010di\u0173 per dien\u0105. U\u017etikrinkite, kad kat\u0117 visada tur\u0117t\u0173 \u0161vie\u017eio vandens.","og_url":"https:\/\/miumjau.ee\/lt\/produktas\/catfest-tunas-zeleje-12x50-g\/","og_site_name":"MiuMjau","article_publisher":"https:\/\/www.facebook.com\/miumjaupood\/","article_modified_time":"2026-01-07T18:49:58+00:00","og_image":[{"width":1200,"height":1600,"url":"https:\/\/miumjau.ee\/wp-content\/uploads\/2025\/09\/catfest-meal-margtoit-kassile3.jpg","type":"image\/jpeg"}],"twitter_card":"summary_large_image","schema":{"@context":"https:\/\/schema.org","@graph":[{"@type":"WebPage","@id":"https:\/\/miumjau.ee\/lt\/produktas\/catfest-tunas-zeleje-12x50-g\/","url":"https:\/\/miumjau.ee\/lt\/produktas\/catfest-tunas-zeleje-12x50-g\/","name":"CatFest tunas \u017eel\u0117je, 12\u00d750 g - MiuMjau","isPartOf":{"@id":"https:\/\/miumjau.ee\/#website"},"primaryImageOfPage":{"@id":"https:\/\/miumjau.ee\/lt\/produktas\/catfest-tunas-zeleje-12x50-g\/#primaryimage"},"image":{"@id":"https:\/\/miumjau.ee\/lt\/produktas\/catfest-tunas-zeleje-12x50-g\/#primaryimage"},"thumbnailUrl":"https:\/\/miumjau.ee\/wp-content\/uploads\/2025\/09\/catfest-meal-margtoit-kassile3.jpg","datePublished":"2025-10-27T17:46:26+00:00","dateModified":"2026-01-07T18:49:58+00:00","breadcrumb":{"@id":"https:\/\/miumjau.ee\/lt\/produktas\/catfest-tunas-zeleje-12x50-g\/#breadcrumb"},"inLanguage":"lt-LT","potentialAction":[{"@type":"ReadAction","target":["https:\/\/miumjau.ee\/lt\/produktas\/catfest-tunas-zeleje-12x50-g\/"]}]},{"@type":"ImageObject","inLanguage":"lt-LT","@id":"https:\/\/miumjau.ee\/lt\/produktas\/catfest-tunas-zeleje-12x50-g\/#primaryimage","url":"https:\/\/miumjau.ee\/wp-content\/uploads\/2025\/09\/catfest-meal-margtoit-kassile3.jpg","contentUrl":"https:\/\/miumjau.ee\/wp-content\/uploads\/2025\/09\/catfest-meal-margtoit-kassile3.jpg","width":1200,"height":1600,"caption":"CatFest tuunikala tarrendis,12x50g"},{"@type":"BreadcrumbList","@id":"https:\/\/miumjau.ee\/lt\/produktas\/catfest-tunas-zeleje-12x50-g\/#breadcrumb","itemListElement":[{"@type":"ListItem","position":1,"name":"Home","item":"https:\/\/miumjau.ee\/lt\/"},{"@type":"ListItem","position":2,"name":"Parduotuv\u0117","item":"https:\/\/miumjau.ee\/lt\/parduotuve\/"},{"@type":"ListItem","position":3,"name":"CatFest tunas \u017eel\u0117je, 12\u00d750 g"}]},{"@type":"WebSite","@id":"https:\/\/miumjau.ee\/#website","url":"https:\/\/miumjau.ee\/","name":"MiuMjau","description":"Kraapimispuud kassidele","publisher":{"@id":"https:\/\/miumjau.ee\/#organization"},"potentialAction":[{"@type":"SearchAction","target":{"@type":"EntryPoint","urlTemplate":"https:\/\/miumjau.ee\/?s={search_term_string}"},"query-input":{"@type":"PropertyValueSpecification","valueRequired":true,"valueName":"search_term_string"}}],"inLanguage":"lt-LT"},{"@type":"Organization","@id":"https:\/\/miumjau.ee\/#organization","name":"MiuMjau O\u00dc","url":"https:\/\/miumjau.ee\/","logo":{"@type":"ImageObject","inLanguage":"lt-LT","@id":"https:\/\/miumjau.ee\/#\/schema\/logo\/image\/","url":"https:\/\/miumjau.ee\/wp-content\/uploads\/2022\/04\/MiuMjau-logo-kollane.png","contentUrl":"https:\/\/miumjau.ee\/wp-content\/uploads\/2022\/04\/MiuMjau-logo-kollane.png","width":219,"height":100,"caption":"MiuMjau O\u00dc"},"image":{"@id":"https:\/\/miumjau.ee\/#\/schema\/logo\/image\/"},"sameAs":["https:\/\/www.facebook.com\/miumjaupood\/"]}]}},"_links":{"self":[{"href":"https:\/\/miumjau.ee\/lt\/wp-json\/wp\/v2\/product\/43145","targetHints":{"allow":["GET"]}}],"collection":[{"href":"https:\/\/miumjau.ee\/lt\/wp-json\/wp\/v2\/product"}],"about":[{"href":"https:\/\/miumjau.ee\/lt\/wp-json\/wp\/v2\/types\/product"}],"wp:featuredmedia":[{"embeddable":true,"href":"https:\/\/miumjau.ee\/lt\/wp-json\/wp\/v2\/media\/42346"}],"wp:attachment":[{"href":"https:\/\/miumjau.ee\/lt\/wp-json\/wp\/v2\/media?parent=43145"}],"wp:term":[{"taxonomy":"product_brand","embeddable":true,"href":"https:\/\/miumjau.ee\/lt\/wp-json\/wp\/v2\/product_brand?post=43145"},{"taxonomy":"product_cat","embeddable":true,"href":"https:\/\/miumjau.ee\/lt\/wp-json\/wp\/v2\/product_cat?post=43145"},{"taxonomy":"product_tag","embeddable":true,"href":"https:\/\/miumjau.ee\/lt\/wp-json\/wp\/v2\/product_tag?post=43145"}],"curies":[{"name":"wp","href":"https:\/\/api.w.org\/{rel}","templated":true}]}}