{"id":43141,"date":"2025-10-27T19:46:26","date_gmt":"2025-10-27T17:46:26","guid":{"rendered":"https:\/\/miumjau.ee\/toode\/uniq-pets-furryheart-nesykle-iki-7-kg\/"},"modified":"2026-01-07T20:49:58","modified_gmt":"2026-01-07T18:49:58","slug":"uniq-pets-furryheart-nesykle-iki-7-kg","status":"publish","type":"product","link":"https:\/\/miumjau.ee\/lt\/produktas\/uniq-pets-furryheart-nesykle-iki-7-kg\/","title":{"rendered":"Uniq Pets Furryheart ne\u0161ykl\u0117 iki 7 kg"},"content":{"rendered":"","protected":false},"excerpt":{"rendered":"<ol data-start=\"4059\" data-end=\"5235\">\n<li data-start=\"4059\" data-end=\"4215\">\n<p data-start=\"4062\" data-end=\"4215\"><strong data-start=\"4062\" data-end=\"4087\">KOMPAKTI\u0160KAS DIZAINAS<\/strong><br data-start=\"4087\" data-end=\"4090\" \/>\u2022 Talpi, bet lengva \u2013 tinka kat\u0117ms ir ma\u017eiems \u0161unims iki 7 kg<br data-start=\"4151\" data-end=\"4154\" \/>\u2022 Oro linij\u0173 patvirtinti matmenys \u2013 telpa po l\u0117ktuvo s\u0117dyne<\/p>\n<\/li>\n<li data-start=\"4217\" data-end=\"4429\">\n<p data-start=\"4220\" data-end=\"4429\"><strong data-start=\"4220\" data-end=\"4233\">PATOGUMAS<\/strong><br data-start=\"4233\" data-end=\"4236\" \/>\u2022 Tinklin\u0117s ventiliacijos angos \u2013 360\u00b0 oro cirkuliacija, neperkaista<br data-start=\"4304\" data-end=\"4307\" \/>\u2022 Pamink\u0161tintas vidus \u2013 i\u0161imamas kilim\u0117lis lengvam valymui<br data-start=\"4365\" data-end=\"4368\" \/>\u2022 Reguliuojami pe\u010di\u0173 dir\u017eai \u2013 tolygus svorio pasiskirstymas<\/p>\n<\/li>\n<li data-start=\"4431\" data-end=\"4632\">\n<p data-start=\"4434\" data-end=\"4632\"><strong data-start=\"4434\" data-end=\"4452\">LENGVA NAUDOTI<\/strong><br data-start=\"4452\" data-end=\"4455\" \/>\u2022 Priekinis \u012f\u0117jimas \u2013 patogus pri\u0117jimas prie augintinio<br data-start=\"4510\" data-end=\"4513\" \/>\u2022 Greito sulankstymo sistema \u2013 paruo\u0161iama per 3 sekundes<br data-start=\"4569\" data-end=\"4572\" \/>\u2022 \u0160oniniai ki\u0161eniai \u2013 skan\u0117stams, pavad\u0117liui ar mai\u0161eliams<\/p>\n<\/li>\n<li data-start=\"4634\" data-end=\"4816\">\n<p data-start=\"4637\" data-end=\"4816\"><strong data-start=\"4637\" data-end=\"4665\">SAUGUMAS PIRMOJE VIETOJE<\/strong><br data-start=\"4665\" data-end=\"4668\" \/>\u2022 Tvirtas pavad\u0117lio laikiklis \u2013 apsaugo nuo pab\u0117gim\u0173<br data-start=\"4720\" data-end=\"4723\" \/>\u2022 Atspindin\u010dios juostos \u2013 geresnis matomumas tamsoje<br data-start=\"4775\" data-end=\"4778\" \/>\u2022 Stiprus r\u0117mas \u2013 apsauga nuo sm\u016bgi\u0173<\/p>\n<\/li>\n<li data-start=\"4818\" data-end=\"5027\">\n<p data-start=\"4821\" data-end=\"5027\"><strong data-start=\"4821\" data-end=\"4841\">PATOGI KELION\u0116MS<\/strong><br data-start=\"4841\" data-end=\"4844\" \/>\u2022 Atitinka TSA reikalavimus \u2013 leid\u017eiama rankiniame baga\u017ee<br data-start=\"4901\" data-end=\"4904\" \/>\u2022 Laisv\u0173 rank\u0173 patogumas \u2013 tinka dvira\u010diui, kelion\u0117ms ar \u017eygiams<br data-start=\"4968\" data-end=\"4971\" \/>\u2022 Diskreti\u0161kas dizainas \u2013 atrodo kaip \u012fprastas kuprin\u0117<\/p>\n<\/li>\n<li data-start=\"5029\" data-end=\"5235\">\n<p data-start=\"5032\" data-end=\"5235\"><strong data-start=\"5032\" data-end=\"5061\">AUK\u0160TOS KOKYB\u0116S MED\u017dIAGOS<\/strong><br data-start=\"5061\" data-end=\"5064\" \/>\u2022 Vandeniui atsparus poliesteris \u2013 lengvas, bet patvarus<br data-start=\"5120\" data-end=\"5123\" \/>\u2022 Metaliniai u\u017etrauktukai \u2013 atspar\u016bs grau\u017eimui<br data-start=\"5169\" data-end=\"5172\" \/>\u2022 Neslystantis pagrindas \u2013 stabiliai stovi pad\u0117jus ant grind\u0173<\/p>\n<\/li>\n<\/ol>\n<p data-start=\"5237\" data-end=\"5325\"><strong data-start=\"5237\" data-end=\"5248\">Svoris:<\/strong> 740 g<br data-start=\"5254\" data-end=\"5257\" \/><strong data-start=\"5257\" data-end=\"5270\">Matmenys:<\/strong> 40\u00d723\u00d727 cm<br data-start=\"5282\" data-end=\"5285\" \/><strong data-start=\"5285\" data-end=\"5298\">Med\u017eiaga:<\/strong> poliesteris + PE plok\u0161t\u0117<\/p>\n","protected":false},"featured_media":42292,"template":"","meta":[],"product_brand":[],"product_cat":[535,544],"product_tag":[],"class_list":{"0":"post-43141","1":"product","2":"type-product","3":"status-publish","4":"has-post-thumbnail","6":"product_cat-transportavimo-narvai-krepsiai","7":"product_cat-sunu-narvai-ir-transportavimo-krepsiai","9":"first","10":"instock","11":"taxable","12":"shipping-taxable","13":"purchasable","14":"product-type-simple"},"yoast_head":"<!-- This site is optimized with the Yoast SEO plugin v27.2 - https:\/\/yoast.com\/product\/yoast-seo-wordpress\/ -->\n<title>Uniq Pets Furryheart ne\u0161ykl\u0117 iki 7 kg - MiuMjau<\/title>\n<meta name=\"robots\" content=\"index, follow, max-snippet:-1, max-image-preview:large, max-video-preview:-1\" \/>\n<link rel=\"canonical\" href=\"https:\/\/miumjau.ee\/lt\/produktas\/uniq-pets-furryheart-nesykle-iki-7-kg\/\" \/>\n<meta property=\"og:locale\" content=\"lt_LT\" \/>\n<meta property=\"og:type\" content=\"article\" \/>\n<meta property=\"og:title\" content=\"Uniq Pets Furryheart ne\u0161ykl\u0117 iki 7 kg - MiuMjau\" \/>\n<meta property=\"og:description\" content=\"KOMPAKTI\u0160KAS DIZAINAS\u2022 Talpi, bet lengva \u2013 tinka kat\u0117ms ir ma\u017eiems \u0161unims iki 7 kg\u2022 Oro linij\u0173 patvirtinti matmenys \u2013 telpa po l\u0117ktuvo s\u0117dyne    PATOGUMAS\u2022 Tinklin\u0117s ventiliacijos angos \u2013 360\u00b0 oro cirkuliacija, neperkaista\u2022 Pamink\u0161tintas vidus \u2013 i\u0161imamas kilim\u0117lis lengvam valymui\u2022 Reguliuojami pe\u010di\u0173 dir\u017eai \u2013 tolygus svorio pasiskirstymas    LENGVA NAUDOTI\u2022 Priekinis \u012f\u0117jimas \u2013 patogus pri\u0117jimas prie augintinio\u2022 Greito sulankstymo sistema \u2013 paruo\u0161iama per 3 sekundes\u2022 \u0160oniniai ki\u0161eniai \u2013 skan\u0117stams, pavad\u0117liui ar mai\u0161eliams    SAUGUMAS PIRMOJE VIETOJE\u2022 Tvirtas pavad\u0117lio laikiklis \u2013 apsaugo nuo pab\u0117gim\u0173\u2022 Atspindin\u010dios juostos \u2013 geresnis matomumas tamsoje\u2022 Stiprus r\u0117mas \u2013 apsauga nuo sm\u016bgi\u0173    PATOGI KELION\u0116MS\u2022 Atitinka TSA reikalavimus \u2013 leid\u017eiama rankiniame baga\u017ee\u2022 Laisv\u0173 rank\u0173 patogumas \u2013 tinka dvira\u010diui, kelion\u0117ms ar \u017eygiams\u2022 Diskreti\u0161kas dizainas \u2013 atrodo kaip \u012fprastas kuprin\u0117    AUK\u0160TOS KOKYB\u0116S MED\u017dIAGOS\u2022 Vandeniui atsparus poliesteris \u2013 lengvas, bet patvarus\u2022 Metaliniai u\u017etrauktukai \u2013 atspar\u016bs grau\u017eimui\u2022 Neslystantis pagrindas \u2013 stabiliai stovi pad\u0117jus ant grind\u0173   Svoris: 740 gMatmenys: 40\u00d723\u00d727 cmMed\u017eiaga: poliesteris + PE plok\u0161t\u0117\" \/>\n<meta property=\"og:url\" content=\"https:\/\/miumjau.ee\/lt\/produktas\/uniq-pets-furryheart-nesykle-iki-7-kg\/\" \/>\n<meta property=\"og:site_name\" content=\"MiuMjau\" \/>\n<meta property=\"article:publisher\" content=\"https:\/\/www.facebook.com\/miumjaupood\/\" \/>\n<meta property=\"article:modified_time\" content=\"2026-01-07T18:49:58+00:00\" \/>\n<meta property=\"og:image\" content=\"https:\/\/miumjau.ee\/wp-content\/uploads\/2025\/10\/imagehandler-7.jpg\" \/>\n\t<meta property=\"og:image:width\" content=\"600\" \/>\n\t<meta property=\"og:image:height\" content=\"800\" \/>\n\t<meta property=\"og:image:type\" content=\"image\/jpeg\" \/>\n<meta name=\"twitter:card\" content=\"summary_large_image\" \/>\n<script type=\"application\/ld+json\" class=\"yoast-schema-graph\">{\"@context\":\"https:\/\/schema.org\",\"@graph\":[{\"@type\":\"WebPage\",\"@id\":\"https:\/\/miumjau.ee\/lt\/produktas\/uniq-pets-furryheart-nesykle-iki-7-kg\/\",\"url\":\"https:\/\/miumjau.ee\/lt\/produktas\/uniq-pets-furryheart-nesykle-iki-7-kg\/\",\"name\":\"Uniq Pets Furryheart ne\u0161ykl\u0117 iki 7 kg - MiuMjau\",\"isPartOf\":{\"@id\":\"https:\/\/miumjau.ee\/#website\"},\"primaryImageOfPage\":{\"@id\":\"https:\/\/miumjau.ee\/lt\/produktas\/uniq-pets-furryheart-nesykle-iki-7-kg\/#primaryimage\"},\"image\":{\"@id\":\"https:\/\/miumjau.ee\/lt\/produktas\/uniq-pets-furryheart-nesykle-iki-7-kg\/#primaryimage\"},\"thumbnailUrl\":\"https:\/\/miumjau.ee\/wp-content\/uploads\/2025\/10\/imagehandler-7.jpg\",\"datePublished\":\"2025-10-27T17:46:26+00:00\",\"dateModified\":\"2026-01-07T18:49:58+00:00\",\"breadcrumb\":{\"@id\":\"https:\/\/miumjau.ee\/lt\/produktas\/uniq-pets-furryheart-nesykle-iki-7-kg\/#breadcrumb\"},\"inLanguage\":\"lt-LT\",\"potentialAction\":[{\"@type\":\"ReadAction\",\"target\":[\"https:\/\/miumjau.ee\/lt\/produktas\/uniq-pets-furryheart-nesykle-iki-7-kg\/\"]}]},{\"@type\":\"ImageObject\",\"inLanguage\":\"lt-LT\",\"@id\":\"https:\/\/miumjau.ee\/lt\/produktas\/uniq-pets-furryheart-nesykle-iki-7-kg\/#primaryimage\",\"url\":\"https:\/\/miumjau.ee\/wp-content\/uploads\/2025\/10\/imagehandler-7.jpg\",\"contentUrl\":\"https:\/\/miumjau.ee\/wp-content\/uploads\/2025\/10\/imagehandler-7.jpg\",\"width\":600,\"height\":800,\"caption\":\"Kandekott Uniq Pets Furryheart kuni 7kg\"},{\"@type\":\"BreadcrumbList\",\"@id\":\"https:\/\/miumjau.ee\/lt\/produktas\/uniq-pets-furryheart-nesykle-iki-7-kg\/#breadcrumb\",\"itemListElement\":[{\"@type\":\"ListItem\",\"position\":1,\"name\":\"Home\",\"item\":\"https:\/\/miumjau.ee\/lt\/\"},{\"@type\":\"ListItem\",\"position\":2,\"name\":\"Parduotuv\u0117\",\"item\":\"https:\/\/miumjau.ee\/lt\/parduotuve\/\"},{\"@type\":\"ListItem\",\"position\":3,\"name\":\"Uniq Pets Furryheart ne\u0161ykl\u0117 iki 7 kg\"}]},{\"@type\":\"WebSite\",\"@id\":\"https:\/\/miumjau.ee\/#website\",\"url\":\"https:\/\/miumjau.ee\/\",\"name\":\"MiuMjau\",\"description\":\"Kraapimispuud kassidele\",\"publisher\":{\"@id\":\"https:\/\/miumjau.ee\/#organization\"},\"potentialAction\":[{\"@type\":\"SearchAction\",\"target\":{\"@type\":\"EntryPoint\",\"urlTemplate\":\"https:\/\/miumjau.ee\/?s={search_term_string}\"},\"query-input\":{\"@type\":\"PropertyValueSpecification\",\"valueRequired\":true,\"valueName\":\"search_term_string\"}}],\"inLanguage\":\"lt-LT\"},{\"@type\":\"Organization\",\"@id\":\"https:\/\/miumjau.ee\/#organization\",\"name\":\"MiuMjau O\u00dc\",\"url\":\"https:\/\/miumjau.ee\/\",\"logo\":{\"@type\":\"ImageObject\",\"inLanguage\":\"lt-LT\",\"@id\":\"https:\/\/miumjau.ee\/#\/schema\/logo\/image\/\",\"url\":\"https:\/\/miumjau.ee\/wp-content\/uploads\/2022\/04\/MiuMjau-logo-kollane.png\",\"contentUrl\":\"https:\/\/miumjau.ee\/wp-content\/uploads\/2022\/04\/MiuMjau-logo-kollane.png\",\"width\":219,\"height\":100,\"caption\":\"MiuMjau O\u00dc\"},\"image\":{\"@id\":\"https:\/\/miumjau.ee\/#\/schema\/logo\/image\/\"},\"sameAs\":[\"https:\/\/www.facebook.com\/miumjaupood\/\"]}]}<\/script>\n<!-- \/ Yoast SEO plugin. -->","yoast_head_json":{"title":"Uniq Pets Furryheart ne\u0161ykl\u0117 iki 7 kg - MiuMjau","robots":{"index":"index","follow":"follow","max-snippet":"max-snippet:-1","max-image-preview":"max-image-preview:large","max-video-preview":"max-video-preview:-1"},"canonical":"https:\/\/miumjau.ee\/lt\/produktas\/uniq-pets-furryheart-nesykle-iki-7-kg\/","og_locale":"lt_LT","og_type":"article","og_title":"Uniq Pets Furryheart ne\u0161ykl\u0117 iki 7 kg - MiuMjau","og_description":"KOMPAKTI\u0160KAS DIZAINAS\u2022 Talpi, bet lengva \u2013 tinka kat\u0117ms ir ma\u017eiems \u0161unims iki 7 kg\u2022 Oro linij\u0173 patvirtinti matmenys \u2013 telpa po l\u0117ktuvo s\u0117dyne    PATOGUMAS\u2022 Tinklin\u0117s ventiliacijos angos \u2013 360\u00b0 oro cirkuliacija, neperkaista\u2022 Pamink\u0161tintas vidus \u2013 i\u0161imamas kilim\u0117lis lengvam valymui\u2022 Reguliuojami pe\u010di\u0173 dir\u017eai \u2013 tolygus svorio pasiskirstymas    LENGVA NAUDOTI\u2022 Priekinis \u012f\u0117jimas \u2013 patogus pri\u0117jimas prie augintinio\u2022 Greito sulankstymo sistema \u2013 paruo\u0161iama per 3 sekundes\u2022 \u0160oniniai ki\u0161eniai \u2013 skan\u0117stams, pavad\u0117liui ar mai\u0161eliams    SAUGUMAS PIRMOJE VIETOJE\u2022 Tvirtas pavad\u0117lio laikiklis \u2013 apsaugo nuo pab\u0117gim\u0173\u2022 Atspindin\u010dios juostos \u2013 geresnis matomumas tamsoje\u2022 Stiprus r\u0117mas \u2013 apsauga nuo sm\u016bgi\u0173    PATOGI KELION\u0116MS\u2022 Atitinka TSA reikalavimus \u2013 leid\u017eiama rankiniame baga\u017ee\u2022 Laisv\u0173 rank\u0173 patogumas \u2013 tinka dvira\u010diui, kelion\u0117ms ar \u017eygiams\u2022 Diskreti\u0161kas dizainas \u2013 atrodo kaip \u012fprastas kuprin\u0117    AUK\u0160TOS KOKYB\u0116S MED\u017dIAGOS\u2022 Vandeniui atsparus poliesteris \u2013 lengvas, bet patvarus\u2022 Metaliniai u\u017etrauktukai \u2013 atspar\u016bs grau\u017eimui\u2022 Neslystantis pagrindas \u2013 stabiliai stovi pad\u0117jus ant grind\u0173   Svoris: 740 gMatmenys: 40\u00d723\u00d727 cmMed\u017eiaga: poliesteris + PE plok\u0161t\u0117","og_url":"https:\/\/miumjau.ee\/lt\/produktas\/uniq-pets-furryheart-nesykle-iki-7-kg\/","og_site_name":"MiuMjau","article_publisher":"https:\/\/www.facebook.com\/miumjaupood\/","article_modified_time":"2026-01-07T18:49:58+00:00","og_image":[{"width":600,"height":800,"url":"https:\/\/miumjau.ee\/wp-content\/uploads\/2025\/10\/imagehandler-7.jpg","type":"image\/jpeg"}],"twitter_card":"summary_large_image","schema":{"@context":"https:\/\/schema.org","@graph":[{"@type":"WebPage","@id":"https:\/\/miumjau.ee\/lt\/produktas\/uniq-pets-furryheart-nesykle-iki-7-kg\/","url":"https:\/\/miumjau.ee\/lt\/produktas\/uniq-pets-furryheart-nesykle-iki-7-kg\/","name":"Uniq Pets Furryheart ne\u0161ykl\u0117 iki 7 kg - MiuMjau","isPartOf":{"@id":"https:\/\/miumjau.ee\/#website"},"primaryImageOfPage":{"@id":"https:\/\/miumjau.ee\/lt\/produktas\/uniq-pets-furryheart-nesykle-iki-7-kg\/#primaryimage"},"image":{"@id":"https:\/\/miumjau.ee\/lt\/produktas\/uniq-pets-furryheart-nesykle-iki-7-kg\/#primaryimage"},"thumbnailUrl":"https:\/\/miumjau.ee\/wp-content\/uploads\/2025\/10\/imagehandler-7.jpg","datePublished":"2025-10-27T17:46:26+00:00","dateModified":"2026-01-07T18:49:58+00:00","breadcrumb":{"@id":"https:\/\/miumjau.ee\/lt\/produktas\/uniq-pets-furryheart-nesykle-iki-7-kg\/#breadcrumb"},"inLanguage":"lt-LT","potentialAction":[{"@type":"ReadAction","target":["https:\/\/miumjau.ee\/lt\/produktas\/uniq-pets-furryheart-nesykle-iki-7-kg\/"]}]},{"@type":"ImageObject","inLanguage":"lt-LT","@id":"https:\/\/miumjau.ee\/lt\/produktas\/uniq-pets-furryheart-nesykle-iki-7-kg\/#primaryimage","url":"https:\/\/miumjau.ee\/wp-content\/uploads\/2025\/10\/imagehandler-7.jpg","contentUrl":"https:\/\/miumjau.ee\/wp-content\/uploads\/2025\/10\/imagehandler-7.jpg","width":600,"height":800,"caption":"Kandekott Uniq Pets Furryheart kuni 7kg"},{"@type":"BreadcrumbList","@id":"https:\/\/miumjau.ee\/lt\/produktas\/uniq-pets-furryheart-nesykle-iki-7-kg\/#breadcrumb","itemListElement":[{"@type":"ListItem","position":1,"name":"Home","item":"https:\/\/miumjau.ee\/lt\/"},{"@type":"ListItem","position":2,"name":"Parduotuv\u0117","item":"https:\/\/miumjau.ee\/lt\/parduotuve\/"},{"@type":"ListItem","position":3,"name":"Uniq Pets Furryheart ne\u0161ykl\u0117 iki 7 kg"}]},{"@type":"WebSite","@id":"https:\/\/miumjau.ee\/#website","url":"https:\/\/miumjau.ee\/","name":"MiuMjau","description":"Kraapimispuud kassidele","publisher":{"@id":"https:\/\/miumjau.ee\/#organization"},"potentialAction":[{"@type":"SearchAction","target":{"@type":"EntryPoint","urlTemplate":"https:\/\/miumjau.ee\/?s={search_term_string}"},"query-input":{"@type":"PropertyValueSpecification","valueRequired":true,"valueName":"search_term_string"}}],"inLanguage":"lt-LT"},{"@type":"Organization","@id":"https:\/\/miumjau.ee\/#organization","name":"MiuMjau O\u00dc","url":"https:\/\/miumjau.ee\/","logo":{"@type":"ImageObject","inLanguage":"lt-LT","@id":"https:\/\/miumjau.ee\/#\/schema\/logo\/image\/","url":"https:\/\/miumjau.ee\/wp-content\/uploads\/2022\/04\/MiuMjau-logo-kollane.png","contentUrl":"https:\/\/miumjau.ee\/wp-content\/uploads\/2022\/04\/MiuMjau-logo-kollane.png","width":219,"height":100,"caption":"MiuMjau O\u00dc"},"image":{"@id":"https:\/\/miumjau.ee\/#\/schema\/logo\/image\/"},"sameAs":["https:\/\/www.facebook.com\/miumjaupood\/"]}]}},"_links":{"self":[{"href":"https:\/\/miumjau.ee\/lt\/wp-json\/wp\/v2\/product\/43141","targetHints":{"allow":["GET"]}}],"collection":[{"href":"https:\/\/miumjau.ee\/lt\/wp-json\/wp\/v2\/product"}],"about":[{"href":"https:\/\/miumjau.ee\/lt\/wp-json\/wp\/v2\/types\/product"}],"wp:featuredmedia":[{"embeddable":true,"href":"https:\/\/miumjau.ee\/lt\/wp-json\/wp\/v2\/media\/42292"}],"wp:attachment":[{"href":"https:\/\/miumjau.ee\/lt\/wp-json\/wp\/v2\/media?parent=43141"}],"wp:term":[{"taxonomy":"product_brand","embeddable":true,"href":"https:\/\/miumjau.ee\/lt\/wp-json\/wp\/v2\/product_brand?post=43141"},{"taxonomy":"product_cat","embeddable":true,"href":"https:\/\/miumjau.ee\/lt\/wp-json\/wp\/v2\/product_cat?post=43141"},{"taxonomy":"product_tag","embeddable":true,"href":"https:\/\/miumjau.ee\/lt\/wp-json\/wp\/v2\/product_tag?post=43141"}],"curies":[{"name":"wp","href":"https:\/\/api.w.org\/{rel}","templated":true}]}}