{"id":43125,"date":"2025-10-28T10:36:16","date_gmt":"2025-10-28T08:36:16","guid":{"rendered":"https:\/\/miumjau.ee\/toode\/brit-care-haircare-su-lasisa-ir-vistiena-be-grudu-7-kg\/"},"modified":"2026-01-07T20:49:58","modified_gmt":"2026-01-07T18:49:58","slug":"brit-care-haircare-su-lasisa-ir-vistiena-be-grudu-7-kg","status":"publish","type":"product","link":"https:\/\/miumjau.ee\/lt\/produktas\/brit-care-haircare-su-lasisa-ir-vistiena-be-grudu-7-kg\/","title":{"rendered":"Brit Care Haircare su la\u0161i\u0161a ir vi\u0161tiena, be gr\u016bd\u0173 2kg"},"content":{"rendered":"","protected":false},"excerpt":{"rendered":"<p data-start=\"274\" data-end=\"529\">Visavertis begr\u016bdis, hipoalerginis pa\u0161aras suaugusioms kat\u0117ms, kuri\u0173 kailiui reikia ypatingos prie\u017ei\u016bros.<br data-start=\"379\" data-end=\"382\" \/>Sud\u0117tyje \u2013 \u0161vie\u017eia la\u0161i\u0161a, vi\u0161tiena ir lin\u0173 s\u0117menys \u2013 nat\u016bral\u016bs omega-3 ir omega-6 \u0161altiniai, padedantys i\u0161laikyti sveik\u0105 od\u0105 ir blizgant\u012f kail\u012f.<\/p>\n<p data-start=\"531\" data-end=\"738\">Daug skaidul\u0173, kurios padeda pa\u0161alinti plauk\u0173 kamuoliukus ir palaikyti ger\u0105 vir\u0161kinim\u0105. Praturtintas probiotikais, prebiotikais, taurinu ir vitaminais, kurie stiprina imunitet\u0105, reg\u0117jim\u0105 ir \u0161irdies veikl\u0105.<\/p>\n<p data-start=\"740\" data-end=\"801\">Be gr\u016bd\u0173, be dirbtini\u0173 da\u017eikli\u0173, konservant\u0173, GMO ir sojos.<\/p>\n<p data-start=\"803\" data-end=\"961\"><strong data-start=\"803\" data-end=\"825\">Analitin\u0117 sud\u0117tis:<\/strong> baltymai 31 %, riebalai 16 %, skaidulos 4 %, pelenai 8,5 %, dr\u0117gm\u0117 10 %, omega-3 1,2 %, omega-6 2,0 %.<br data-start=\"928\" data-end=\"931\" \/><strong data-start=\"931\" data-end=\"944\">Energija:<\/strong> 3 720 kcal\/kg.<\/p>\n","protected":false},"featured_media":43126,"template":"","meta":[],"product_brand":[],"product_cat":[528],"product_tag":[],"class_list":{"0":"post-43125","1":"product","2":"type-product","3":"status-publish","4":"has-post-thumbnail","6":"product_cat-sausas-maistas","8":"first","9":"outofstock","10":"sale","11":"taxable","12":"shipping-taxable","13":"purchasable","14":"product-type-simple"},"yoast_head":"<!-- This site is optimized with the Yoast SEO plugin v27.4 - https:\/\/yoast.com\/product\/yoast-seo-wordpress\/ -->\n<title>Brit Care Haircare su la\u0161i\u0161a ir vi\u0161tiena, be gr\u016bd\u0173 2kg - MiuMjau<\/title>\n<meta name=\"robots\" content=\"index, follow, max-snippet:-1, max-image-preview:large, max-video-preview:-1\" \/>\n<link rel=\"canonical\" href=\"https:\/\/miumjau.ee\/lt\/produktas\/brit-care-haircare-su-lasisa-ir-vistiena-be-grudu-7-kg\/\" \/>\n<meta property=\"og:locale\" content=\"lt_LT\" \/>\n<meta property=\"og:type\" content=\"article\" \/>\n<meta property=\"og:title\" content=\"Brit Care Haircare su la\u0161i\u0161a ir vi\u0161tiena, be gr\u016bd\u0173 2kg - MiuMjau\" \/>\n<meta property=\"og:description\" content=\"Visavertis begr\u016bdis, hipoalerginis pa\u0161aras suaugusioms kat\u0117ms, kuri\u0173 kailiui reikia ypatingos prie\u017ei\u016bros.Sud\u0117tyje \u2013 \u0161vie\u017eia la\u0161i\u0161a, vi\u0161tiena ir lin\u0173 s\u0117menys \u2013 nat\u016bral\u016bs omega-3 ir omega-6 \u0161altiniai, padedantys i\u0161laikyti sveik\u0105 od\u0105 ir blizgant\u012f kail\u012f. Daug skaidul\u0173, kurios padeda pa\u0161alinti plauk\u0173 kamuoliukus ir palaikyti ger\u0105 vir\u0161kinim\u0105. Praturtintas probiotikais, prebiotikais, taurinu ir vitaminais, kurie stiprina imunitet\u0105, reg\u0117jim\u0105 ir \u0161irdies veikl\u0105. Be gr\u016bd\u0173, be dirbtini\u0173 da\u017eikli\u0173, konservant\u0173, GMO ir sojos. Analitin\u0117 sud\u0117tis: baltymai 31 %, riebalai 16 %, skaidulos 4 %, pelenai 8,5 %, dr\u0117gm\u0117 10 %, omega-3 1,2 %, omega-6 2,0 %.Energija: 3 720 kcal\/kg.\" \/>\n<meta property=\"og:url\" content=\"https:\/\/miumjau.ee\/lt\/produktas\/brit-care-haircare-su-lasisa-ir-vistiena-be-grudu-7-kg\/\" \/>\n<meta property=\"og:site_name\" content=\"MiuMjau\" \/>\n<meta property=\"article:publisher\" content=\"https:\/\/www.facebook.com\/miumjaupood\/\" \/>\n<meta property=\"article:modified_time\" content=\"2026-01-07T18:49:58+00:00\" \/>\n<meta property=\"og:image\" content=\"https:\/\/miumjau.ee\/wp-content\/uploads\/2025\/03\/brit-care-kuivtoit-kassidele-7kg2.webp\" \/>\n\t<meta property=\"og:image:width\" content=\"600\" \/>\n\t<meta property=\"og:image:height\" content=\"800\" \/>\n\t<meta property=\"og:image:type\" content=\"image\/webp\" \/>\n<meta name=\"twitter:card\" content=\"summary_large_image\" \/>\n<script type=\"application\/ld+json\" class=\"yoast-schema-graph\">{\"@context\":\"https:\\\/\\\/schema.org\",\"@graph\":[{\"@type\":\"WebPage\",\"@id\":\"https:\\\/\\\/miumjau.ee\\\/lt\\\/produktas\\\/brit-care-haircare-su-lasisa-ir-vistiena-be-grudu-7-kg\\\/\",\"url\":\"https:\\\/\\\/miumjau.ee\\\/lt\\\/produktas\\\/brit-care-haircare-su-lasisa-ir-vistiena-be-grudu-7-kg\\\/\",\"name\":\"Brit Care Haircare su la\u0161i\u0161a ir vi\u0161tiena, be gr\u016bd\u0173 2kg - MiuMjau\",\"isPartOf\":{\"@id\":\"https:\\\/\\\/miumjau.ee\\\/#website\"},\"primaryImageOfPage\":{\"@id\":\"https:\\\/\\\/miumjau.ee\\\/lt\\\/produktas\\\/brit-care-haircare-su-lasisa-ir-vistiena-be-grudu-7-kg\\\/#primaryimage\"},\"image\":{\"@id\":\"https:\\\/\\\/miumjau.ee\\\/lt\\\/produktas\\\/brit-care-haircare-su-lasisa-ir-vistiena-be-grudu-7-kg\\\/#primaryimage\"},\"thumbnailUrl\":\"https:\\\/\\\/miumjau.ee\\\/wp-content\\\/uploads\\\/2025\\\/03\\\/brit-care-kuivtoit-kassidele-7kg2.webp\",\"datePublished\":\"2025-10-28T08:36:16+00:00\",\"dateModified\":\"2026-01-07T18:49:58+00:00\",\"breadcrumb\":{\"@id\":\"https:\\\/\\\/miumjau.ee\\\/lt\\\/produktas\\\/brit-care-haircare-su-lasisa-ir-vistiena-be-grudu-7-kg\\\/#breadcrumb\"},\"inLanguage\":\"lt-LT\",\"potentialAction\":[{\"@type\":\"ReadAction\",\"target\":[\"https:\\\/\\\/miumjau.ee\\\/lt\\\/produktas\\\/brit-care-haircare-su-lasisa-ir-vistiena-be-grudu-7-kg\\\/\"]}]},{\"@type\":\"ImageObject\",\"inLanguage\":\"lt-LT\",\"@id\":\"https:\\\/\\\/miumjau.ee\\\/lt\\\/produktas\\\/brit-care-haircare-su-lasisa-ir-vistiena-be-grudu-7-kg\\\/#primaryimage\",\"url\":\"https:\\\/\\\/miumjau.ee\\\/wp-content\\\/uploads\\\/2025\\\/03\\\/brit-care-kuivtoit-kassidele-7kg2.webp\",\"contentUrl\":\"https:\\\/\\\/miumjau.ee\\\/wp-content\\\/uploads\\\/2025\\\/03\\\/brit-care-kuivtoit-kassidele-7kg2.webp\",\"width\":600,\"height\":800},{\"@type\":\"BreadcrumbList\",\"@id\":\"https:\\\/\\\/miumjau.ee\\\/lt\\\/produktas\\\/brit-care-haircare-su-lasisa-ir-vistiena-be-grudu-7-kg\\\/#breadcrumb\",\"itemListElement\":[{\"@type\":\"ListItem\",\"position\":1,\"name\":\"Home\",\"item\":\"https:\\\/\\\/miumjau.ee\\\/lt\\\/\"},{\"@type\":\"ListItem\",\"position\":2,\"name\":\"Parduotuv\u0117\",\"item\":\"https:\\\/\\\/miumjau.ee\\\/lt\\\/parduotuve\\\/\"},{\"@type\":\"ListItem\",\"position\":3,\"name\":\"Brit Care Haircare su la\u0161i\u0161a ir vi\u0161tiena, be gr\u016bd\u0173 2kg\"}]},{\"@type\":\"WebSite\",\"@id\":\"https:\\\/\\\/miumjau.ee\\\/#website\",\"url\":\"https:\\\/\\\/miumjau.ee\\\/\",\"name\":\"MiuMjau\",\"description\":\"Kraapimispuud kassidele\",\"publisher\":{\"@id\":\"https:\\\/\\\/miumjau.ee\\\/#organization\"},\"potentialAction\":[{\"@type\":\"SearchAction\",\"target\":{\"@type\":\"EntryPoint\",\"urlTemplate\":\"https:\\\/\\\/miumjau.ee\\\/?s={search_term_string}\"},\"query-input\":{\"@type\":\"PropertyValueSpecification\",\"valueRequired\":true,\"valueName\":\"search_term_string\"}}],\"inLanguage\":\"lt-LT\"},{\"@type\":\"Organization\",\"@id\":\"https:\\\/\\\/miumjau.ee\\\/#organization\",\"name\":\"MiuMjau O\u00dc\",\"url\":\"https:\\\/\\\/miumjau.ee\\\/\",\"logo\":{\"@type\":\"ImageObject\",\"inLanguage\":\"lt-LT\",\"@id\":\"https:\\\/\\\/miumjau.ee\\\/#\\\/schema\\\/logo\\\/image\\\/\",\"url\":\"https:\\\/\\\/miumjau.ee\\\/wp-content\\\/uploads\\\/2022\\\/04\\\/MiuMjau-logo-kollane.png\",\"contentUrl\":\"https:\\\/\\\/miumjau.ee\\\/wp-content\\\/uploads\\\/2022\\\/04\\\/MiuMjau-logo-kollane.png\",\"width\":219,\"height\":100,\"caption\":\"MiuMjau O\u00dc\"},\"image\":{\"@id\":\"https:\\\/\\\/miumjau.ee\\\/#\\\/schema\\\/logo\\\/image\\\/\"},\"sameAs\":[\"https:\\\/\\\/www.facebook.com\\\/miumjaupood\\\/\"]}]}<\/script>\n<!-- \/ Yoast SEO plugin. -->","yoast_head_json":{"title":"Brit Care Haircare su la\u0161i\u0161a ir vi\u0161tiena, be gr\u016bd\u0173 2kg - MiuMjau","robots":{"index":"index","follow":"follow","max-snippet":"max-snippet:-1","max-image-preview":"max-image-preview:large","max-video-preview":"max-video-preview:-1"},"canonical":"https:\/\/miumjau.ee\/lt\/produktas\/brit-care-haircare-su-lasisa-ir-vistiena-be-grudu-7-kg\/","og_locale":"lt_LT","og_type":"article","og_title":"Brit Care Haircare su la\u0161i\u0161a ir vi\u0161tiena, be gr\u016bd\u0173 2kg - MiuMjau","og_description":"Visavertis begr\u016bdis, hipoalerginis pa\u0161aras suaugusioms kat\u0117ms, kuri\u0173 kailiui reikia ypatingos prie\u017ei\u016bros.Sud\u0117tyje \u2013 \u0161vie\u017eia la\u0161i\u0161a, vi\u0161tiena ir lin\u0173 s\u0117menys \u2013 nat\u016bral\u016bs omega-3 ir omega-6 \u0161altiniai, padedantys i\u0161laikyti sveik\u0105 od\u0105 ir blizgant\u012f kail\u012f. Daug skaidul\u0173, kurios padeda pa\u0161alinti plauk\u0173 kamuoliukus ir palaikyti ger\u0105 vir\u0161kinim\u0105. Praturtintas probiotikais, prebiotikais, taurinu ir vitaminais, kurie stiprina imunitet\u0105, reg\u0117jim\u0105 ir \u0161irdies veikl\u0105. Be gr\u016bd\u0173, be dirbtini\u0173 da\u017eikli\u0173, konservant\u0173, GMO ir sojos. Analitin\u0117 sud\u0117tis: baltymai 31 %, riebalai 16 %, skaidulos 4 %, pelenai 8,5 %, dr\u0117gm\u0117 10 %, omega-3 1,2 %, omega-6 2,0 %.Energija: 3 720 kcal\/kg.","og_url":"https:\/\/miumjau.ee\/lt\/produktas\/brit-care-haircare-su-lasisa-ir-vistiena-be-grudu-7-kg\/","og_site_name":"MiuMjau","article_publisher":"https:\/\/www.facebook.com\/miumjaupood\/","article_modified_time":"2026-01-07T18:49:58+00:00","og_image":[{"width":600,"height":800,"url":"https:\/\/miumjau.ee\/wp-content\/uploads\/2025\/03\/brit-care-kuivtoit-kassidele-7kg2.webp","type":"image\/webp"}],"twitter_card":"summary_large_image","schema":{"@context":"https:\/\/schema.org","@graph":[{"@type":"WebPage","@id":"https:\/\/miumjau.ee\/lt\/produktas\/brit-care-haircare-su-lasisa-ir-vistiena-be-grudu-7-kg\/","url":"https:\/\/miumjau.ee\/lt\/produktas\/brit-care-haircare-su-lasisa-ir-vistiena-be-grudu-7-kg\/","name":"Brit Care Haircare su la\u0161i\u0161a ir vi\u0161tiena, be gr\u016bd\u0173 2kg - MiuMjau","isPartOf":{"@id":"https:\/\/miumjau.ee\/#website"},"primaryImageOfPage":{"@id":"https:\/\/miumjau.ee\/lt\/produktas\/brit-care-haircare-su-lasisa-ir-vistiena-be-grudu-7-kg\/#primaryimage"},"image":{"@id":"https:\/\/miumjau.ee\/lt\/produktas\/brit-care-haircare-su-lasisa-ir-vistiena-be-grudu-7-kg\/#primaryimage"},"thumbnailUrl":"https:\/\/miumjau.ee\/wp-content\/uploads\/2025\/03\/brit-care-kuivtoit-kassidele-7kg2.webp","datePublished":"2025-10-28T08:36:16+00:00","dateModified":"2026-01-07T18:49:58+00:00","breadcrumb":{"@id":"https:\/\/miumjau.ee\/lt\/produktas\/brit-care-haircare-su-lasisa-ir-vistiena-be-grudu-7-kg\/#breadcrumb"},"inLanguage":"lt-LT","potentialAction":[{"@type":"ReadAction","target":["https:\/\/miumjau.ee\/lt\/produktas\/brit-care-haircare-su-lasisa-ir-vistiena-be-grudu-7-kg\/"]}]},{"@type":"ImageObject","inLanguage":"lt-LT","@id":"https:\/\/miumjau.ee\/lt\/produktas\/brit-care-haircare-su-lasisa-ir-vistiena-be-grudu-7-kg\/#primaryimage","url":"https:\/\/miumjau.ee\/wp-content\/uploads\/2025\/03\/brit-care-kuivtoit-kassidele-7kg2.webp","contentUrl":"https:\/\/miumjau.ee\/wp-content\/uploads\/2025\/03\/brit-care-kuivtoit-kassidele-7kg2.webp","width":600,"height":800},{"@type":"BreadcrumbList","@id":"https:\/\/miumjau.ee\/lt\/produktas\/brit-care-haircare-su-lasisa-ir-vistiena-be-grudu-7-kg\/#breadcrumb","itemListElement":[{"@type":"ListItem","position":1,"name":"Home","item":"https:\/\/miumjau.ee\/lt\/"},{"@type":"ListItem","position":2,"name":"Parduotuv\u0117","item":"https:\/\/miumjau.ee\/lt\/parduotuve\/"},{"@type":"ListItem","position":3,"name":"Brit Care Haircare su la\u0161i\u0161a ir vi\u0161tiena, be gr\u016bd\u0173 2kg"}]},{"@type":"WebSite","@id":"https:\/\/miumjau.ee\/#website","url":"https:\/\/miumjau.ee\/","name":"MiuMjau","description":"Kraapimispuud kassidele","publisher":{"@id":"https:\/\/miumjau.ee\/#organization"},"potentialAction":[{"@type":"SearchAction","target":{"@type":"EntryPoint","urlTemplate":"https:\/\/miumjau.ee\/?s={search_term_string}"},"query-input":{"@type":"PropertyValueSpecification","valueRequired":true,"valueName":"search_term_string"}}],"inLanguage":"lt-LT"},{"@type":"Organization","@id":"https:\/\/miumjau.ee\/#organization","name":"MiuMjau O\u00dc","url":"https:\/\/miumjau.ee\/","logo":{"@type":"ImageObject","inLanguage":"lt-LT","@id":"https:\/\/miumjau.ee\/#\/schema\/logo\/image\/","url":"https:\/\/miumjau.ee\/wp-content\/uploads\/2022\/04\/MiuMjau-logo-kollane.png","contentUrl":"https:\/\/miumjau.ee\/wp-content\/uploads\/2022\/04\/MiuMjau-logo-kollane.png","width":219,"height":100,"caption":"MiuMjau O\u00dc"},"image":{"@id":"https:\/\/miumjau.ee\/#\/schema\/logo\/image\/"},"sameAs":["https:\/\/www.facebook.com\/miumjaupood\/"]}]}},"_links":{"self":[{"href":"https:\/\/miumjau.ee\/lt\/wp-json\/wp\/v2\/product\/43125","targetHints":{"allow":["GET"]}}],"collection":[{"href":"https:\/\/miumjau.ee\/lt\/wp-json\/wp\/v2\/product"}],"about":[{"href":"https:\/\/miumjau.ee\/lt\/wp-json\/wp\/v2\/types\/product"}],"wp:featuredmedia":[{"embeddable":true,"href":"https:\/\/miumjau.ee\/lt\/wp-json\/wp\/v2\/media\/43126"}],"wp:attachment":[{"href":"https:\/\/miumjau.ee\/lt\/wp-json\/wp\/v2\/media?parent=43125"}],"wp:term":[{"taxonomy":"product_brand","embeddable":true,"href":"https:\/\/miumjau.ee\/lt\/wp-json\/wp\/v2\/product_brand?post=43125"},{"taxonomy":"product_cat","embeddable":true,"href":"https:\/\/miumjau.ee\/lt\/wp-json\/wp\/v2\/product_cat?post=43125"},{"taxonomy":"product_tag","embeddable":true,"href":"https:\/\/miumjau.ee\/lt\/wp-json\/wp\/v2\/product_tag?post=43125"}],"curies":[{"name":"wp","href":"https:\/\/api.w.org\/{rel}","templated":true}]}}