{"id":43096,"date":"2024-08-12T09:37:59","date_gmt":"2024-08-12T06:37:59","guid":{"rendered":"https:\/\/miumjau.ee\/toode\/kates-zaislas-stick-2-vnt-addicted\/"},"modified":"2026-01-07T20:50:05","modified_gmt":"2026-01-07T18:50:05","slug":"kates-zaislas-stick-2-vnt-addicted","status":"publish","type":"product","link":"https:\/\/miumjau.ee\/lt\/produktas\/kates-zaislas-stick-2-vnt-addicted\/","title":{"rendered":"Kat\u0117s \u017eaislas Stick, 2 vnt., Addicted"},"content":{"rendered":"","protected":false},"excerpt":{"rendered":"<p>Madnip \u017eaislas kat\u0117ms Addicted!<br \/>\nMADNIP pagamintas i\u0161 specialaus Azijos augalo, kuris kates atpalaiduoja ir maloniai nuteikia! MADNIP yra stipresnis ir \u201esultingesnis\u201c u\u017e CATNIP ir tiesiog neatsispiriamas kat\u0117ms.<\/p>\n<p>Pakuot\u0117s matmenys:<br \/>\n&lt;ul&gt;<br \/>\n&lt;li&gt;Ilgis: 22 cm&lt;\/li&gt;<br \/>\n&lt;li&gt;Plotis: 9 cm&lt;\/li&gt;<br \/>\n&lt;li&gt;Auk\u0161tis: 2,5 cm&lt;\/li&gt;<br \/>\n&lt;li&gt;Svoris: 0,04 kg&lt;\/li&gt;<br \/>\n&lt;\/ul&gt;<br \/>\nTurime sand\u0117lyje!<\/p>\n","protected":false},"featured_media":43705,"template":"","meta":[],"product_brand":[],"product_cat":[520],"product_tag":[],"class_list":{"0":"post-43096","1":"product","2":"type-product","3":"status-publish","4":"has-post-thumbnail","6":"product_cat-kaciu-zaislai","8":"first","9":"instock","10":"sale","11":"taxable","12":"shipping-taxable","13":"purchasable","14":"product-type-simple"},"yoast_head":"<!-- This site is optimized with the Yoast SEO plugin v27.2 - https:\/\/yoast.com\/product\/yoast-seo-wordpress\/ -->\n<title>Kat\u0117s \u017eaislas Stick, 2 vnt., Addicted - MiuMjau<\/title>\n<meta name=\"robots\" content=\"index, follow, max-snippet:-1, max-image-preview:large, max-video-preview:-1\" \/>\n<link rel=\"canonical\" href=\"https:\/\/miumjau.ee\/lt\/produktas\/kates-zaislas-stick-2-vnt-addicted\/\" \/>\n<meta property=\"og:locale\" content=\"lt_LT\" \/>\n<meta property=\"og:type\" content=\"article\" \/>\n<meta property=\"og:title\" content=\"Kat\u0117s \u017eaislas Stick, 2 vnt., Addicted - MiuMjau\" \/>\n<meta property=\"og:description\" content=\"Madnip \u017eaislas kat\u0117ms Addicted! MADNIP pagamintas i\u0161 specialaus Azijos augalo, kuris kates atpalaiduoja ir maloniai nuteikia! MADNIP yra stipresnis ir \u201esultingesnis\u201c u\u017e CATNIP ir tiesiog neatsispiriamas kat\u0117ms.  Pakuot\u0117s matmenys: &lt;ul&gt; &lt;li&gt;Ilgis: 22 cm&lt;\/li&gt; &lt;li&gt;Plotis: 9 cm&lt;\/li&gt; &lt;li&gt;Auk\u0161tis: 2,5 cm&lt;\/li&gt; &lt;li&gt;Svoris: 0,04 kg&lt;\/li&gt; &lt;\/ul&gt; Turime sand\u0117lyje!\" \/>\n<meta property=\"og:url\" content=\"https:\/\/miumjau.ee\/lt\/produktas\/kates-zaislas-stick-2-vnt-addicted\/\" \/>\n<meta property=\"og:site_name\" content=\"MiuMjau\" \/>\n<meta property=\"article:publisher\" content=\"https:\/\/www.facebook.com\/miumjaupood\/\" \/>\n<meta property=\"article:modified_time\" content=\"2026-01-07T18:50:05+00:00\" \/>\n<meta property=\"og:image\" content=\"https:\/\/miumjau.ee\/wp-content\/uploads\/2024\/08\/madnip-manguasi-kassidele-stick-2tk-addicted-1.jpg\" \/>\n\t<meta property=\"og:image:width\" content=\"600\" \/>\n\t<meta property=\"og:image:height\" content=\"800\" \/>\n\t<meta property=\"og:image:type\" content=\"image\/jpeg\" \/>\n<meta name=\"twitter:card\" content=\"summary_large_image\" \/>\n<script type=\"application\/ld+json\" class=\"yoast-schema-graph\">{\"@context\":\"https:\/\/schema.org\",\"@graph\":[{\"@type\":\"WebPage\",\"@id\":\"https:\/\/miumjau.ee\/lt\/produktas\/kates-zaislas-stick-2-vnt-addicted\/\",\"url\":\"https:\/\/miumjau.ee\/lt\/produktas\/kates-zaislas-stick-2-vnt-addicted\/\",\"name\":\"Kat\u0117s \u017eaislas Stick, 2 vnt., Addicted - MiuMjau\",\"isPartOf\":{\"@id\":\"https:\/\/miumjau.ee\/#website\"},\"primaryImageOfPage\":{\"@id\":\"https:\/\/miumjau.ee\/lt\/produktas\/kates-zaislas-stick-2-vnt-addicted\/#primaryimage\"},\"image\":{\"@id\":\"https:\/\/miumjau.ee\/lt\/produktas\/kates-zaislas-stick-2-vnt-addicted\/#primaryimage\"},\"thumbnailUrl\":\"https:\/\/miumjau.ee\/wp-content\/uploads\/2024\/08\/madnip-manguasi-kassidele-stick-2tk-addicted-1.jpg\",\"datePublished\":\"2024-08-12T06:37:59+00:00\",\"dateModified\":\"2026-01-07T18:50:05+00:00\",\"breadcrumb\":{\"@id\":\"https:\/\/miumjau.ee\/lt\/produktas\/kates-zaislas-stick-2-vnt-addicted\/#breadcrumb\"},\"inLanguage\":\"lt-LT\",\"potentialAction\":[{\"@type\":\"ReadAction\",\"target\":[\"https:\/\/miumjau.ee\/lt\/produktas\/kates-zaislas-stick-2-vnt-addicted\/\"]}]},{\"@type\":\"ImageObject\",\"inLanguage\":\"lt-LT\",\"@id\":\"https:\/\/miumjau.ee\/lt\/produktas\/kates-zaislas-stick-2-vnt-addicted\/#primaryimage\",\"url\":\"https:\/\/miumjau.ee\/wp-content\/uploads\/2024\/08\/madnip-manguasi-kassidele-stick-2tk-addicted-1.jpg\",\"contentUrl\":\"https:\/\/miumjau.ee\/wp-content\/uploads\/2024\/08\/madnip-manguasi-kassidele-stick-2tk-addicted-1.jpg\",\"width\":600,\"height\":800,\"caption\":\"M\u00e4nguasi kassidele Stick 2tk Addicted\"},{\"@type\":\"BreadcrumbList\",\"@id\":\"https:\/\/miumjau.ee\/lt\/produktas\/kates-zaislas-stick-2-vnt-addicted\/#breadcrumb\",\"itemListElement\":[{\"@type\":\"ListItem\",\"position\":1,\"name\":\"Home\",\"item\":\"https:\/\/miumjau.ee\/lt\/\"},{\"@type\":\"ListItem\",\"position\":2,\"name\":\"Parduotuv\u0117\",\"item\":\"https:\/\/miumjau.ee\/lt\/parduotuve\/\"},{\"@type\":\"ListItem\",\"position\":3,\"name\":\"Kat\u0117s \u017eaislas Stick, 2 vnt., Addicted\"}]},{\"@type\":\"WebSite\",\"@id\":\"https:\/\/miumjau.ee\/#website\",\"url\":\"https:\/\/miumjau.ee\/\",\"name\":\"MiuMjau\",\"description\":\"Kraapimispuud kassidele\",\"publisher\":{\"@id\":\"https:\/\/miumjau.ee\/#organization\"},\"potentialAction\":[{\"@type\":\"SearchAction\",\"target\":{\"@type\":\"EntryPoint\",\"urlTemplate\":\"https:\/\/miumjau.ee\/?s={search_term_string}\"},\"query-input\":{\"@type\":\"PropertyValueSpecification\",\"valueRequired\":true,\"valueName\":\"search_term_string\"}}],\"inLanguage\":\"lt-LT\"},{\"@type\":\"Organization\",\"@id\":\"https:\/\/miumjau.ee\/#organization\",\"name\":\"MiuMjau O\u00dc\",\"url\":\"https:\/\/miumjau.ee\/\",\"logo\":{\"@type\":\"ImageObject\",\"inLanguage\":\"lt-LT\",\"@id\":\"https:\/\/miumjau.ee\/#\/schema\/logo\/image\/\",\"url\":\"https:\/\/miumjau.ee\/wp-content\/uploads\/2022\/04\/MiuMjau-logo-kollane.png\",\"contentUrl\":\"https:\/\/miumjau.ee\/wp-content\/uploads\/2022\/04\/MiuMjau-logo-kollane.png\",\"width\":219,\"height\":100,\"caption\":\"MiuMjau O\u00dc\"},\"image\":{\"@id\":\"https:\/\/miumjau.ee\/#\/schema\/logo\/image\/\"},\"sameAs\":[\"https:\/\/www.facebook.com\/miumjaupood\/\"]}]}<\/script>\n<!-- \/ Yoast SEO plugin. -->","yoast_head_json":{"title":"Kat\u0117s \u017eaislas Stick, 2 vnt., Addicted - MiuMjau","robots":{"index":"index","follow":"follow","max-snippet":"max-snippet:-1","max-image-preview":"max-image-preview:large","max-video-preview":"max-video-preview:-1"},"canonical":"https:\/\/miumjau.ee\/lt\/produktas\/kates-zaislas-stick-2-vnt-addicted\/","og_locale":"lt_LT","og_type":"article","og_title":"Kat\u0117s \u017eaislas Stick, 2 vnt., Addicted - MiuMjau","og_description":"Madnip \u017eaislas kat\u0117ms Addicted! MADNIP pagamintas i\u0161 specialaus Azijos augalo, kuris kates atpalaiduoja ir maloniai nuteikia! MADNIP yra stipresnis ir \u201esultingesnis\u201c u\u017e CATNIP ir tiesiog neatsispiriamas kat\u0117ms.  Pakuot\u0117s matmenys: &lt;ul&gt; &lt;li&gt;Ilgis: 22 cm&lt;\/li&gt; &lt;li&gt;Plotis: 9 cm&lt;\/li&gt; &lt;li&gt;Auk\u0161tis: 2,5 cm&lt;\/li&gt; &lt;li&gt;Svoris: 0,04 kg&lt;\/li&gt; &lt;\/ul&gt; Turime sand\u0117lyje!","og_url":"https:\/\/miumjau.ee\/lt\/produktas\/kates-zaislas-stick-2-vnt-addicted\/","og_site_name":"MiuMjau","article_publisher":"https:\/\/www.facebook.com\/miumjaupood\/","article_modified_time":"2026-01-07T18:50:05+00:00","og_image":[{"width":600,"height":800,"url":"https:\/\/miumjau.ee\/wp-content\/uploads\/2024\/08\/madnip-manguasi-kassidele-stick-2tk-addicted-1.jpg","type":"image\/jpeg"}],"twitter_card":"summary_large_image","schema":{"@context":"https:\/\/schema.org","@graph":[{"@type":"WebPage","@id":"https:\/\/miumjau.ee\/lt\/produktas\/kates-zaislas-stick-2-vnt-addicted\/","url":"https:\/\/miumjau.ee\/lt\/produktas\/kates-zaislas-stick-2-vnt-addicted\/","name":"Kat\u0117s \u017eaislas Stick, 2 vnt., Addicted - MiuMjau","isPartOf":{"@id":"https:\/\/miumjau.ee\/#website"},"primaryImageOfPage":{"@id":"https:\/\/miumjau.ee\/lt\/produktas\/kates-zaislas-stick-2-vnt-addicted\/#primaryimage"},"image":{"@id":"https:\/\/miumjau.ee\/lt\/produktas\/kates-zaislas-stick-2-vnt-addicted\/#primaryimage"},"thumbnailUrl":"https:\/\/miumjau.ee\/wp-content\/uploads\/2024\/08\/madnip-manguasi-kassidele-stick-2tk-addicted-1.jpg","datePublished":"2024-08-12T06:37:59+00:00","dateModified":"2026-01-07T18:50:05+00:00","breadcrumb":{"@id":"https:\/\/miumjau.ee\/lt\/produktas\/kates-zaislas-stick-2-vnt-addicted\/#breadcrumb"},"inLanguage":"lt-LT","potentialAction":[{"@type":"ReadAction","target":["https:\/\/miumjau.ee\/lt\/produktas\/kates-zaislas-stick-2-vnt-addicted\/"]}]},{"@type":"ImageObject","inLanguage":"lt-LT","@id":"https:\/\/miumjau.ee\/lt\/produktas\/kates-zaislas-stick-2-vnt-addicted\/#primaryimage","url":"https:\/\/miumjau.ee\/wp-content\/uploads\/2024\/08\/madnip-manguasi-kassidele-stick-2tk-addicted-1.jpg","contentUrl":"https:\/\/miumjau.ee\/wp-content\/uploads\/2024\/08\/madnip-manguasi-kassidele-stick-2tk-addicted-1.jpg","width":600,"height":800,"caption":"M\u00e4nguasi kassidele Stick 2tk Addicted"},{"@type":"BreadcrumbList","@id":"https:\/\/miumjau.ee\/lt\/produktas\/kates-zaislas-stick-2-vnt-addicted\/#breadcrumb","itemListElement":[{"@type":"ListItem","position":1,"name":"Home","item":"https:\/\/miumjau.ee\/lt\/"},{"@type":"ListItem","position":2,"name":"Parduotuv\u0117","item":"https:\/\/miumjau.ee\/lt\/parduotuve\/"},{"@type":"ListItem","position":3,"name":"Kat\u0117s \u017eaislas Stick, 2 vnt., Addicted"}]},{"@type":"WebSite","@id":"https:\/\/miumjau.ee\/#website","url":"https:\/\/miumjau.ee\/","name":"MiuMjau","description":"Kraapimispuud kassidele","publisher":{"@id":"https:\/\/miumjau.ee\/#organization"},"potentialAction":[{"@type":"SearchAction","target":{"@type":"EntryPoint","urlTemplate":"https:\/\/miumjau.ee\/?s={search_term_string}"},"query-input":{"@type":"PropertyValueSpecification","valueRequired":true,"valueName":"search_term_string"}}],"inLanguage":"lt-LT"},{"@type":"Organization","@id":"https:\/\/miumjau.ee\/#organization","name":"MiuMjau O\u00dc","url":"https:\/\/miumjau.ee\/","logo":{"@type":"ImageObject","inLanguage":"lt-LT","@id":"https:\/\/miumjau.ee\/#\/schema\/logo\/image\/","url":"https:\/\/miumjau.ee\/wp-content\/uploads\/2022\/04\/MiuMjau-logo-kollane.png","contentUrl":"https:\/\/miumjau.ee\/wp-content\/uploads\/2022\/04\/MiuMjau-logo-kollane.png","width":219,"height":100,"caption":"MiuMjau O\u00dc"},"image":{"@id":"https:\/\/miumjau.ee\/#\/schema\/logo\/image\/"},"sameAs":["https:\/\/www.facebook.com\/miumjaupood\/"]}]}},"_links":{"self":[{"href":"https:\/\/miumjau.ee\/lt\/wp-json\/wp\/v2\/product\/43096","targetHints":{"allow":["GET"]}}],"collection":[{"href":"https:\/\/miumjau.ee\/lt\/wp-json\/wp\/v2\/product"}],"about":[{"href":"https:\/\/miumjau.ee\/lt\/wp-json\/wp\/v2\/types\/product"}],"wp:featuredmedia":[{"embeddable":true,"href":"https:\/\/miumjau.ee\/lt\/wp-json\/wp\/v2\/media\/43705"}],"wp:attachment":[{"href":"https:\/\/miumjau.ee\/lt\/wp-json\/wp\/v2\/media?parent=43096"}],"wp:term":[{"taxonomy":"product_brand","embeddable":true,"href":"https:\/\/miumjau.ee\/lt\/wp-json\/wp\/v2\/product_brand?post=43096"},{"taxonomy":"product_cat","embeddable":true,"href":"https:\/\/miumjau.ee\/lt\/wp-json\/wp\/v2\/product_cat?post=43096"},{"taxonomy":"product_tag","embeddable":true,"href":"https:\/\/miumjau.ee\/lt\/wp-json\/wp\/v2\/product_tag?post=43096"}],"curies":[{"name":"wp","href":"https:\/\/api.w.org\/{rel}","templated":true}]}}