{"id":43088,"date":"2024-08-10T15:12:05","date_gmt":"2024-08-10T12:12:05","guid":{"rendered":"https:\/\/miumjau.ee\/toode\/matatabi-catnip-rutulys-katems\/"},"modified":"2026-01-07T20:50:12","modified_gmt":"2026-01-07T18:50:12","slug":"matatabi-catnip-rutulys-katems","status":"publish","type":"product","link":"https:\/\/miumjau.ee\/lt\/produktas\/matatabi-catnip-rutulys-katems\/","title":{"rendered":"Matatabi\u2013catnip rutulys kat\u0117ms"},"content":{"rendered":"","protected":false},"excerpt":{"rendered":"<p>&lt;p&gt;Pirkti \u017eaislus, kurie nepatinka tavo katei, gali b\u016bti nuvilian\u010diai. Ne visos kat\u0117s m\u0117gsta visus \u017eaislus, bet to galima i\u0161vengti! Rinkis matatabi ir catnip. Abu augalai turi med\u017eiag\u0173, kurios kat\u0117ms yra nepaprastai patrauklios \u2013 jos su\u017eadina ir tuo pat metu atpalaiduoja. Matatabi-catnip \u017eaislai \u2013 puikus b\u016bdas kovoti su nuoboduliu ir paskatinti tingesn\u012f sofakatin\u0105 jud\u0117ti.&lt;\/p&gt;<br \/>\n&lt;p&gt;Matatabi-catnip kamuoliukas tinka kiekvienam nam\u0173 tigrams. Tai tikrai sveikesn\u0117 alternatyva nuolatiniam drybsojimui ant sofos. Kad i\u0161likt\u0173 sveika ir guvi, tavo kat\u0117 turi jud\u0117ti.&lt;\/p&gt;<br \/>\n&lt;ul&gt;<br \/>\n&lt;li&gt;Skatina \u017eaisti ir b\u016bti aktyvi\u0105.&lt;\/li&gt;<br \/>\n&lt;li&gt;Ma\u017eina nuobodul\u012f ir stres\u0105.&lt;\/li&gt;<br \/>\n&lt;li&gt;Praturtina augintinio aplink\u0105.&lt;\/li&gt;<br \/>\n&lt;li&gt;Pagaminta i\u0161 nat\u016brali\u0173 med\u017eiag\u0173.&lt;\/li&gt;<br \/>\n&lt;\/ul&gt;<br \/>\n&lt;p&gt;N\u0117 viena kat\u0117 neliks abejinga tokiam \u017eaislui. Tad naudok \u0161\u012f kamuoliuk\u0105, kad praturtintum augintinio aplink\u0105 ir paskatintum j\u012f smagiai leisti laik\u0105. Jis pagamintas i\u0161 nat\u016brali\u0173 med\u017eiag\u0173. N\u0117 viena kat\u0117 neliks jam abejinga!&lt;\/p&gt;<br \/>\nMatatabi ir catnip derinys rei\u0161kia, kad \u017eaislas bus neatsispiriamas kiekvienai katei! Abu augalai stimuliuoja kates ir skatina jas linksmintis.<\/p>\n<p>\u017daislo skersmuo: 7.5\u20138 cm<\/p>\n<p>Turime sand\u0117lyje!<\/p>\n","protected":false},"featured_media":43680,"template":"","meta":[],"product_brand":[],"product_cat":[520],"product_tag":[],"class_list":{"0":"post-43088","1":"product","2":"type-product","3":"status-publish","4":"has-post-thumbnail","6":"product_cat-kaciu-zaislai","8":"first","9":"instock","10":"taxable","11":"shipping-taxable","12":"purchasable","13":"product-type-simple"},"yoast_head":"<!-- This site is optimized with the Yoast SEO plugin v27.4 - https:\/\/yoast.com\/product\/yoast-seo-wordpress\/ -->\n<title>Matatabi\u2013catnip rutulys kat\u0117ms - MiuMjau<\/title>\n<meta name=\"robots\" content=\"index, follow, max-snippet:-1, max-image-preview:large, max-video-preview:-1\" \/>\n<link rel=\"canonical\" href=\"https:\/\/miumjau.ee\/lt\/produktas\/matatabi-catnip-rutulys-katems\/\" \/>\n<meta property=\"og:locale\" content=\"lt_LT\" \/>\n<meta property=\"og:type\" content=\"article\" \/>\n<meta property=\"og:title\" content=\"Matatabi\u2013catnip rutulys kat\u0117ms - MiuMjau\" \/>\n<meta property=\"og:description\" content=\"&lt;p&gt;Pirkti \u017eaislus, kurie nepatinka tavo katei, gali b\u016bti nuvilian\u010diai. Ne visos kat\u0117s m\u0117gsta visus \u017eaislus, bet to galima i\u0161vengti! Rinkis matatabi ir catnip. Abu augalai turi med\u017eiag\u0173, kurios kat\u0117ms yra nepaprastai patrauklios \u2013 jos su\u017eadina ir tuo pat metu atpalaiduoja. Matatabi-catnip \u017eaislai \u2013 puikus b\u016bdas kovoti su nuoboduliu ir paskatinti tingesn\u012f sofakatin\u0105 jud\u0117ti.&lt;\/p&gt; &lt;p&gt;Matatabi-catnip kamuoliukas tinka kiekvienam nam\u0173 tigrams. Tai tikrai sveikesn\u0117 alternatyva nuolatiniam drybsojimui ant sofos. Kad i\u0161likt\u0173 sveika ir guvi, tavo kat\u0117 turi jud\u0117ti.&lt;\/p&gt; &lt;ul&gt; &lt;li&gt;Skatina \u017eaisti ir b\u016bti aktyvi\u0105.&lt;\/li&gt; &lt;li&gt;Ma\u017eina nuobodul\u012f ir stres\u0105.&lt;\/li&gt; &lt;li&gt;Praturtina augintinio aplink\u0105.&lt;\/li&gt; &lt;li&gt;Pagaminta i\u0161 nat\u016brali\u0173 med\u017eiag\u0173.&lt;\/li&gt; &lt;\/ul&gt; &lt;p&gt;N\u0117 viena kat\u0117 neliks abejinga tokiam \u017eaislui. Tad naudok \u0161\u012f kamuoliuk\u0105, kad praturtintum augintinio aplink\u0105 ir paskatintum j\u012f smagiai leisti laik\u0105. Jis pagamintas i\u0161 nat\u016brali\u0173 med\u017eiag\u0173. N\u0117 viena kat\u0117 neliks jam abejinga!&lt;\/p&gt; Matatabi ir catnip derinys rei\u0161kia, kad \u017eaislas bus neatsispiriamas kiekvienai katei! Abu augalai stimuliuoja kates ir skatina jas linksmintis. \u017daislo skersmuo: 7.5\u20138 cm Turime sand\u0117lyje!\" \/>\n<meta property=\"og:url\" content=\"https:\/\/miumjau.ee\/lt\/produktas\/matatabi-catnip-rutulys-katems\/\" \/>\n<meta property=\"og:site_name\" content=\"MiuMjau\" \/>\n<meta property=\"article:publisher\" content=\"https:\/\/www.facebook.com\/miumjaupood\/\" \/>\n<meta property=\"article:modified_time\" content=\"2026-01-07T18:50:12+00:00\" \/>\n<meta property=\"og:image\" content=\"https:\/\/miumjau.ee\/wp-content\/uploads\/2024\/08\/matatabi-catnip-manguasi-kassidele-1.jpg\" \/>\n\t<meta property=\"og:image:width\" content=\"600\" \/>\n\t<meta property=\"og:image:height\" content=\"800\" \/>\n\t<meta property=\"og:image:type\" content=\"image\/jpeg\" \/>\n<meta name=\"twitter:card\" content=\"summary_large_image\" \/>\n<script type=\"application\/ld+json\" class=\"yoast-schema-graph\">{\"@context\":\"https:\\\/\\\/schema.org\",\"@graph\":[{\"@type\":\"WebPage\",\"@id\":\"https:\\\/\\\/miumjau.ee\\\/lt\\\/produktas\\\/matatabi-catnip-rutulys-katems\\\/\",\"url\":\"https:\\\/\\\/miumjau.ee\\\/lt\\\/produktas\\\/matatabi-catnip-rutulys-katems\\\/\",\"name\":\"Matatabi\u2013catnip rutulys kat\u0117ms - MiuMjau\",\"isPartOf\":{\"@id\":\"https:\\\/\\\/miumjau.ee\\\/#website\"},\"primaryImageOfPage\":{\"@id\":\"https:\\\/\\\/miumjau.ee\\\/lt\\\/produktas\\\/matatabi-catnip-rutulys-katems\\\/#primaryimage\"},\"image\":{\"@id\":\"https:\\\/\\\/miumjau.ee\\\/lt\\\/produktas\\\/matatabi-catnip-rutulys-katems\\\/#primaryimage\"},\"thumbnailUrl\":\"https:\\\/\\\/miumjau.ee\\\/wp-content\\\/uploads\\\/2024\\\/08\\\/matatabi-catnip-manguasi-kassidele-1.jpg\",\"datePublished\":\"2024-08-10T12:12:05+00:00\",\"dateModified\":\"2026-01-07T18:50:12+00:00\",\"breadcrumb\":{\"@id\":\"https:\\\/\\\/miumjau.ee\\\/lt\\\/produktas\\\/matatabi-catnip-rutulys-katems\\\/#breadcrumb\"},\"inLanguage\":\"lt-LT\",\"potentialAction\":[{\"@type\":\"ReadAction\",\"target\":[\"https:\\\/\\\/miumjau.ee\\\/lt\\\/produktas\\\/matatabi-catnip-rutulys-katems\\\/\"]}]},{\"@type\":\"ImageObject\",\"inLanguage\":\"lt-LT\",\"@id\":\"https:\\\/\\\/miumjau.ee\\\/lt\\\/produktas\\\/matatabi-catnip-rutulys-katems\\\/#primaryimage\",\"url\":\"https:\\\/\\\/miumjau.ee\\\/wp-content\\\/uploads\\\/2024\\\/08\\\/matatabi-catnip-manguasi-kassidele-1.jpg\",\"contentUrl\":\"https:\\\/\\\/miumjau.ee\\\/wp-content\\\/uploads\\\/2024\\\/08\\\/matatabi-catnip-manguasi-kassidele-1.jpg\",\"width\":600,\"height\":800,\"caption\":\"matatabi-catnip m\u00e4nguasi kassidele\"},{\"@type\":\"BreadcrumbList\",\"@id\":\"https:\\\/\\\/miumjau.ee\\\/lt\\\/produktas\\\/matatabi-catnip-rutulys-katems\\\/#breadcrumb\",\"itemListElement\":[{\"@type\":\"ListItem\",\"position\":1,\"name\":\"Home\",\"item\":\"https:\\\/\\\/miumjau.ee\\\/lt\\\/\"},{\"@type\":\"ListItem\",\"position\":2,\"name\":\"Parduotuv\u0117\",\"item\":\"https:\\\/\\\/miumjau.ee\\\/lt\\\/parduotuve\\\/\"},{\"@type\":\"ListItem\",\"position\":3,\"name\":\"Matatabi\u2013catnip rutulys kat\u0117ms\"}]},{\"@type\":\"WebSite\",\"@id\":\"https:\\\/\\\/miumjau.ee\\\/#website\",\"url\":\"https:\\\/\\\/miumjau.ee\\\/\",\"name\":\"MiuMjau\",\"description\":\"Kraapimispuud kassidele\",\"publisher\":{\"@id\":\"https:\\\/\\\/miumjau.ee\\\/#organization\"},\"potentialAction\":[{\"@type\":\"SearchAction\",\"target\":{\"@type\":\"EntryPoint\",\"urlTemplate\":\"https:\\\/\\\/miumjau.ee\\\/?s={search_term_string}\"},\"query-input\":{\"@type\":\"PropertyValueSpecification\",\"valueRequired\":true,\"valueName\":\"search_term_string\"}}],\"inLanguage\":\"lt-LT\"},{\"@type\":\"Organization\",\"@id\":\"https:\\\/\\\/miumjau.ee\\\/#organization\",\"name\":\"MiuMjau O\u00dc\",\"url\":\"https:\\\/\\\/miumjau.ee\\\/\",\"logo\":{\"@type\":\"ImageObject\",\"inLanguage\":\"lt-LT\",\"@id\":\"https:\\\/\\\/miumjau.ee\\\/#\\\/schema\\\/logo\\\/image\\\/\",\"url\":\"https:\\\/\\\/miumjau.ee\\\/wp-content\\\/uploads\\\/2022\\\/04\\\/MiuMjau-logo-kollane.png\",\"contentUrl\":\"https:\\\/\\\/miumjau.ee\\\/wp-content\\\/uploads\\\/2022\\\/04\\\/MiuMjau-logo-kollane.png\",\"width\":219,\"height\":100,\"caption\":\"MiuMjau O\u00dc\"},\"image\":{\"@id\":\"https:\\\/\\\/miumjau.ee\\\/#\\\/schema\\\/logo\\\/image\\\/\"},\"sameAs\":[\"https:\\\/\\\/www.facebook.com\\\/miumjaupood\\\/\"]}]}<\/script>\n<!-- \/ Yoast SEO plugin. -->","yoast_head_json":{"title":"Matatabi\u2013catnip rutulys kat\u0117ms - MiuMjau","robots":{"index":"index","follow":"follow","max-snippet":"max-snippet:-1","max-image-preview":"max-image-preview:large","max-video-preview":"max-video-preview:-1"},"canonical":"https:\/\/miumjau.ee\/lt\/produktas\/matatabi-catnip-rutulys-katems\/","og_locale":"lt_LT","og_type":"article","og_title":"Matatabi\u2013catnip rutulys kat\u0117ms - MiuMjau","og_description":"&lt;p&gt;Pirkti \u017eaislus, kurie nepatinka tavo katei, gali b\u016bti nuvilian\u010diai. Ne visos kat\u0117s m\u0117gsta visus \u017eaislus, bet to galima i\u0161vengti! Rinkis matatabi ir catnip. Abu augalai turi med\u017eiag\u0173, kurios kat\u0117ms yra nepaprastai patrauklios \u2013 jos su\u017eadina ir tuo pat metu atpalaiduoja. Matatabi-catnip \u017eaislai \u2013 puikus b\u016bdas kovoti su nuoboduliu ir paskatinti tingesn\u012f sofakatin\u0105 jud\u0117ti.&lt;\/p&gt; &lt;p&gt;Matatabi-catnip kamuoliukas tinka kiekvienam nam\u0173 tigrams. Tai tikrai sveikesn\u0117 alternatyva nuolatiniam drybsojimui ant sofos. Kad i\u0161likt\u0173 sveika ir guvi, tavo kat\u0117 turi jud\u0117ti.&lt;\/p&gt; &lt;ul&gt; &lt;li&gt;Skatina \u017eaisti ir b\u016bti aktyvi\u0105.&lt;\/li&gt; &lt;li&gt;Ma\u017eina nuobodul\u012f ir stres\u0105.&lt;\/li&gt; &lt;li&gt;Praturtina augintinio aplink\u0105.&lt;\/li&gt; &lt;li&gt;Pagaminta i\u0161 nat\u016brali\u0173 med\u017eiag\u0173.&lt;\/li&gt; &lt;\/ul&gt; &lt;p&gt;N\u0117 viena kat\u0117 neliks abejinga tokiam \u017eaislui. Tad naudok \u0161\u012f kamuoliuk\u0105, kad praturtintum augintinio aplink\u0105 ir paskatintum j\u012f smagiai leisti laik\u0105. Jis pagamintas i\u0161 nat\u016brali\u0173 med\u017eiag\u0173. N\u0117 viena kat\u0117 neliks jam abejinga!&lt;\/p&gt; Matatabi ir catnip derinys rei\u0161kia, kad \u017eaislas bus neatsispiriamas kiekvienai katei! Abu augalai stimuliuoja kates ir skatina jas linksmintis. \u017daislo skersmuo: 7.5\u20138 cm Turime sand\u0117lyje!","og_url":"https:\/\/miumjau.ee\/lt\/produktas\/matatabi-catnip-rutulys-katems\/","og_site_name":"MiuMjau","article_publisher":"https:\/\/www.facebook.com\/miumjaupood\/","article_modified_time":"2026-01-07T18:50:12+00:00","og_image":[{"width":600,"height":800,"url":"https:\/\/miumjau.ee\/wp-content\/uploads\/2024\/08\/matatabi-catnip-manguasi-kassidele-1.jpg","type":"image\/jpeg"}],"twitter_card":"summary_large_image","schema":{"@context":"https:\/\/schema.org","@graph":[{"@type":"WebPage","@id":"https:\/\/miumjau.ee\/lt\/produktas\/matatabi-catnip-rutulys-katems\/","url":"https:\/\/miumjau.ee\/lt\/produktas\/matatabi-catnip-rutulys-katems\/","name":"Matatabi\u2013catnip rutulys kat\u0117ms - MiuMjau","isPartOf":{"@id":"https:\/\/miumjau.ee\/#website"},"primaryImageOfPage":{"@id":"https:\/\/miumjau.ee\/lt\/produktas\/matatabi-catnip-rutulys-katems\/#primaryimage"},"image":{"@id":"https:\/\/miumjau.ee\/lt\/produktas\/matatabi-catnip-rutulys-katems\/#primaryimage"},"thumbnailUrl":"https:\/\/miumjau.ee\/wp-content\/uploads\/2024\/08\/matatabi-catnip-manguasi-kassidele-1.jpg","datePublished":"2024-08-10T12:12:05+00:00","dateModified":"2026-01-07T18:50:12+00:00","breadcrumb":{"@id":"https:\/\/miumjau.ee\/lt\/produktas\/matatabi-catnip-rutulys-katems\/#breadcrumb"},"inLanguage":"lt-LT","potentialAction":[{"@type":"ReadAction","target":["https:\/\/miumjau.ee\/lt\/produktas\/matatabi-catnip-rutulys-katems\/"]}]},{"@type":"ImageObject","inLanguage":"lt-LT","@id":"https:\/\/miumjau.ee\/lt\/produktas\/matatabi-catnip-rutulys-katems\/#primaryimage","url":"https:\/\/miumjau.ee\/wp-content\/uploads\/2024\/08\/matatabi-catnip-manguasi-kassidele-1.jpg","contentUrl":"https:\/\/miumjau.ee\/wp-content\/uploads\/2024\/08\/matatabi-catnip-manguasi-kassidele-1.jpg","width":600,"height":800,"caption":"matatabi-catnip m\u00e4nguasi kassidele"},{"@type":"BreadcrumbList","@id":"https:\/\/miumjau.ee\/lt\/produktas\/matatabi-catnip-rutulys-katems\/#breadcrumb","itemListElement":[{"@type":"ListItem","position":1,"name":"Home","item":"https:\/\/miumjau.ee\/lt\/"},{"@type":"ListItem","position":2,"name":"Parduotuv\u0117","item":"https:\/\/miumjau.ee\/lt\/parduotuve\/"},{"@type":"ListItem","position":3,"name":"Matatabi\u2013catnip rutulys kat\u0117ms"}]},{"@type":"WebSite","@id":"https:\/\/miumjau.ee\/#website","url":"https:\/\/miumjau.ee\/","name":"MiuMjau","description":"Kraapimispuud kassidele","publisher":{"@id":"https:\/\/miumjau.ee\/#organization"},"potentialAction":[{"@type":"SearchAction","target":{"@type":"EntryPoint","urlTemplate":"https:\/\/miumjau.ee\/?s={search_term_string}"},"query-input":{"@type":"PropertyValueSpecification","valueRequired":true,"valueName":"search_term_string"}}],"inLanguage":"lt-LT"},{"@type":"Organization","@id":"https:\/\/miumjau.ee\/#organization","name":"MiuMjau O\u00dc","url":"https:\/\/miumjau.ee\/","logo":{"@type":"ImageObject","inLanguage":"lt-LT","@id":"https:\/\/miumjau.ee\/#\/schema\/logo\/image\/","url":"https:\/\/miumjau.ee\/wp-content\/uploads\/2022\/04\/MiuMjau-logo-kollane.png","contentUrl":"https:\/\/miumjau.ee\/wp-content\/uploads\/2022\/04\/MiuMjau-logo-kollane.png","width":219,"height":100,"caption":"MiuMjau O\u00dc"},"image":{"@id":"https:\/\/miumjau.ee\/#\/schema\/logo\/image\/"},"sameAs":["https:\/\/www.facebook.com\/miumjaupood\/"]}]}},"_links":{"self":[{"href":"https:\/\/miumjau.ee\/lt\/wp-json\/wp\/v2\/product\/43088","targetHints":{"allow":["GET"]}}],"collection":[{"href":"https:\/\/miumjau.ee\/lt\/wp-json\/wp\/v2\/product"}],"about":[{"href":"https:\/\/miumjau.ee\/lt\/wp-json\/wp\/v2\/types\/product"}],"wp:featuredmedia":[{"embeddable":true,"href":"https:\/\/miumjau.ee\/lt\/wp-json\/wp\/v2\/media\/43680"}],"wp:attachment":[{"href":"https:\/\/miumjau.ee\/lt\/wp-json\/wp\/v2\/media?parent=43088"}],"wp:term":[{"taxonomy":"product_brand","embeddable":true,"href":"https:\/\/miumjau.ee\/lt\/wp-json\/wp\/v2\/product_brand?post=43088"},{"taxonomy":"product_cat","embeddable":true,"href":"https:\/\/miumjau.ee\/lt\/wp-json\/wp\/v2\/product_cat?post=43088"},{"taxonomy":"product_tag","embeddable":true,"href":"https:\/\/miumjau.ee\/lt\/wp-json\/wp\/v2\/product_tag?post=43088"}],"curies":[{"name":"wp","href":"https:\/\/api.w.org\/{rel}","templated":true}]}}