{"id":43086,"date":"2024-08-10T15:11:52","date_gmt":"2024-08-10T12:11:52","guid":{"rendered":"https:\/\/miumjau.ee\/toode\/kates-zaislas-matatabi-catnip-kamuolys\/"},"modified":"2026-01-07T20:50:12","modified_gmt":"2026-01-07T18:50:12","slug":"kates-zaislas-matatabi-catnip-kamuolys","status":"publish","type":"product","link":"https:\/\/miumjau.ee\/lt\/produktas\/kates-zaislas-matatabi-catnip-kamuolys\/","title":{"rendered":"Kat\u0117s \u017eaislas matatabi\u2013catnip kamuolys"},"content":{"rendered":"","protected":false},"excerpt":{"rendered":"<p>&lt;p&gt;Nori \u017eaisti su savo kate ir paskatinti j\u0105 b\u016bti aktyvi\u0105? Mink\u0161ti kamuoliukai su matatabi ir catnip (kat\u017eole) \u2013 puikus pasirinkimas! Tiek matatabi, tiek catnip su\u017eadina kat\u0117s susidom\u0117jim\u0105 ir pakelia nuotaik\u0105. N\u0117 viena kat\u0117 neliks abejinga tokiam \u017eaislui. Tad naudok mink\u0161tus kamuoliukus, kad praturtintum augintinio aplink\u0105 ir paskatintum j\u012f smagiai leisti laik\u0105.&lt;\/p&gt;<br \/>\n&lt;ul&gt;<br \/>\n&lt;li&gt;Padeda patenkinti nat\u016bralius kat\u0117s poreikius.&lt;\/li&gt;<br \/>\n&lt;li&gt;Pagerina ka\u010di\u0173 nuotaik\u0105.&lt;\/li&gt;<br \/>\n&lt;li&gt;Skatina augintinius \u017eaisti ir b\u016bti aktyvius.&lt;\/li&gt;<br \/>\n&lt;li&gt;Ma\u017eina nuobodul\u012f ir stres\u0105.&lt;\/li&gt;<br \/>\n&lt;li&gt;Praturtina augintinio aplink\u0105.&lt;\/li&gt;<br \/>\n&lt;li&gt;Pagaminta i\u0161 nat\u016brali\u0173 med\u017eiag\u0173.&lt;\/li&gt;<br \/>\n&lt;\/ul&gt;<br \/>\n&lt;p&gt;Kokiai katei verta rinktis matatabi ir catnip gaminius?&lt;\/p&gt;<br \/>\n&lt;ul&gt;<br \/>\n&lt;li&gt;Droviai katei, kuri\u0105 norime paskatinti bendrauti.&lt;\/li&gt;<br \/>\n&lt;li&gt;Vyresnei katei, kuriai norime suteikti daugiau jud\u0117jimo.&lt;\/li&gt;<br \/>\n&lt;li&gt;Katei, patirian\u010diai \u012ftamp\u0105 d\u0117l streso (pvz., kraustantis ar lankantis pas veterinar\u0105).&lt;\/li&gt;<br \/>\n&lt;li&gt;Kiekvienam murkliui, kuriam kartais tr\u016bksta \u012fsp\u016bd\u017ei\u0173 tarp keturi\u0173 sien\u0173.&lt;\/li&gt;<br \/>\n&lt;\/ul&gt;<br \/>\n&lt;p&gt;\u017daisk su kate kelis kartus per dien\u0105. U\u017etenka vos keli\u0173 minu\u010di\u0173, kad augintinis patenkint\u0173 savo nat\u016bralius poreikius ir i\u0161likt\u0173 geros fizin\u0117s bei emocin\u0117s formos. Taip pat stiprinsi ry\u0161\u012f su savo augintiniu.&lt;\/p&gt;<br \/>\n&lt;ul&gt;<br \/>\n&lt;li&gt;\u017daislo skersmuo: 7,5 cm&lt;\/li&gt;<br \/>\n&lt;li&gt;Svoris: 0,050 kg&lt;\/li&gt;<br \/>\n&lt;li&gt;Spalvos: \u017ealia, violetin\u0117, ro\u017ein\u0117 (siun\u010diamos atsitiktinai)&lt;\/li&gt;<br \/>\n&lt;\/ul&gt;<br \/>\nTurime sand\u0117lyje!<\/p>\n","protected":false},"featured_media":43667,"template":"","meta":[],"product_brand":[],"product_cat":[520],"product_tag":[],"class_list":{"0":"post-43086","1":"product","2":"type-product","3":"status-publish","4":"has-post-thumbnail","6":"product_cat-kaciu-zaislai","8":"first","9":"instock","10":"taxable","11":"shipping-taxable","12":"purchasable","13":"product-type-simple"},"yoast_head":"<!-- This site is optimized with the Yoast SEO plugin v27.2 - https:\/\/yoast.com\/product\/yoast-seo-wordpress\/ -->\n<title>Kat\u0117s \u017eaislas matatabi\u2013catnip kamuolys - MiuMjau<\/title>\n<meta name=\"robots\" content=\"index, follow, max-snippet:-1, max-image-preview:large, max-video-preview:-1\" \/>\n<link rel=\"canonical\" href=\"https:\/\/miumjau.ee\/lt\/produktas\/kates-zaislas-matatabi-catnip-kamuolys\/\" \/>\n<meta property=\"og:locale\" content=\"lt_LT\" \/>\n<meta property=\"og:type\" content=\"article\" \/>\n<meta property=\"og:title\" content=\"Kat\u0117s \u017eaislas matatabi\u2013catnip kamuolys - MiuMjau\" \/>\n<meta property=\"og:description\" content=\"&lt;p&gt;Nori \u017eaisti su savo kate ir paskatinti j\u0105 b\u016bti aktyvi\u0105? Mink\u0161ti kamuoliukai su matatabi ir catnip (kat\u017eole) \u2013 puikus pasirinkimas! Tiek matatabi, tiek catnip su\u017eadina kat\u0117s susidom\u0117jim\u0105 ir pakelia nuotaik\u0105. N\u0117 viena kat\u0117 neliks abejinga tokiam \u017eaislui. Tad naudok mink\u0161tus kamuoliukus, kad praturtintum augintinio aplink\u0105 ir paskatintum j\u012f smagiai leisti laik\u0105.&lt;\/p&gt; &lt;ul&gt; &lt;li&gt;Padeda patenkinti nat\u016bralius kat\u0117s poreikius.&lt;\/li&gt; &lt;li&gt;Pagerina ka\u010di\u0173 nuotaik\u0105.&lt;\/li&gt; &lt;li&gt;Skatina augintinius \u017eaisti ir b\u016bti aktyvius.&lt;\/li&gt; &lt;li&gt;Ma\u017eina nuobodul\u012f ir stres\u0105.&lt;\/li&gt; &lt;li&gt;Praturtina augintinio aplink\u0105.&lt;\/li&gt; &lt;li&gt;Pagaminta i\u0161 nat\u016brali\u0173 med\u017eiag\u0173.&lt;\/li&gt; &lt;\/ul&gt; &lt;p&gt;Kokiai katei verta rinktis matatabi ir catnip gaminius?&lt;\/p&gt; &lt;ul&gt; &lt;li&gt;Droviai katei, kuri\u0105 norime paskatinti bendrauti.&lt;\/li&gt; &lt;li&gt;Vyresnei katei, kuriai norime suteikti daugiau jud\u0117jimo.&lt;\/li&gt; &lt;li&gt;Katei, patirian\u010diai \u012ftamp\u0105 d\u0117l streso (pvz., kraustantis ar lankantis pas veterinar\u0105).&lt;\/li&gt; &lt;li&gt;Kiekvienam murkliui, kuriam kartais tr\u016bksta \u012fsp\u016bd\u017ei\u0173 tarp keturi\u0173 sien\u0173.&lt;\/li&gt; &lt;\/ul&gt; &lt;p&gt;\u017daisk su kate kelis kartus per dien\u0105. U\u017etenka vos keli\u0173 minu\u010di\u0173, kad augintinis patenkint\u0173 savo nat\u016bralius poreikius ir i\u0161likt\u0173 geros fizin\u0117s bei emocin\u0117s formos. Taip pat stiprinsi ry\u0161\u012f su savo augintiniu.&lt;\/p&gt; &lt;ul&gt; &lt;li&gt;\u017daislo skersmuo: 7,5 cm&lt;\/li&gt; &lt;li&gt;Svoris: 0,050 kg&lt;\/li&gt; &lt;li&gt;Spalvos: \u017ealia, violetin\u0117, ro\u017ein\u0117 (siun\u010diamos atsitiktinai)&lt;\/li&gt; &lt;\/ul&gt; Turime sand\u0117lyje!\" \/>\n<meta property=\"og:url\" content=\"https:\/\/miumjau.ee\/lt\/produktas\/kates-zaislas-matatabi-catnip-kamuolys\/\" \/>\n<meta property=\"og:site_name\" content=\"MiuMjau\" \/>\n<meta property=\"article:publisher\" content=\"https:\/\/www.facebook.com\/miumjaupood\/\" \/>\n<meta property=\"article:modified_time\" content=\"2026-01-07T18:50:12+00:00\" \/>\n<meta property=\"og:image\" content=\"https:\/\/miumjau.ee\/wp-content\/uploads\/2024\/08\/kassi-manguasi-matatabi-catnip-pall-1.jpg\" \/>\n\t<meta property=\"og:image:width\" content=\"600\" \/>\n\t<meta property=\"og:image:height\" content=\"800\" \/>\n\t<meta property=\"og:image:type\" content=\"image\/jpeg\" \/>\n<meta name=\"twitter:card\" content=\"summary_large_image\" \/>\n<script type=\"application\/ld+json\" class=\"yoast-schema-graph\">{\"@context\":\"https:\/\/schema.org\",\"@graph\":[{\"@type\":\"WebPage\",\"@id\":\"https:\/\/miumjau.ee\/lt\/produktas\/kates-zaislas-matatabi-catnip-kamuolys\/\",\"url\":\"https:\/\/miumjau.ee\/lt\/produktas\/kates-zaislas-matatabi-catnip-kamuolys\/\",\"name\":\"Kat\u0117s \u017eaislas matatabi\u2013catnip kamuolys - MiuMjau\",\"isPartOf\":{\"@id\":\"https:\/\/miumjau.ee\/#website\"},\"primaryImageOfPage\":{\"@id\":\"https:\/\/miumjau.ee\/lt\/produktas\/kates-zaislas-matatabi-catnip-kamuolys\/#primaryimage\"},\"image\":{\"@id\":\"https:\/\/miumjau.ee\/lt\/produktas\/kates-zaislas-matatabi-catnip-kamuolys\/#primaryimage\"},\"thumbnailUrl\":\"https:\/\/miumjau.ee\/wp-content\/uploads\/2024\/08\/kassi-manguasi-matatabi-catnip-pall-1.jpg\",\"datePublished\":\"2024-08-10T12:11:52+00:00\",\"dateModified\":\"2026-01-07T18:50:12+00:00\",\"breadcrumb\":{\"@id\":\"https:\/\/miumjau.ee\/lt\/produktas\/kates-zaislas-matatabi-catnip-kamuolys\/#breadcrumb\"},\"inLanguage\":\"lt-LT\",\"potentialAction\":[{\"@type\":\"ReadAction\",\"target\":[\"https:\/\/miumjau.ee\/lt\/produktas\/kates-zaislas-matatabi-catnip-kamuolys\/\"]}]},{\"@type\":\"ImageObject\",\"inLanguage\":\"lt-LT\",\"@id\":\"https:\/\/miumjau.ee\/lt\/produktas\/kates-zaislas-matatabi-catnip-kamuolys\/#primaryimage\",\"url\":\"https:\/\/miumjau.ee\/wp-content\/uploads\/2024\/08\/kassi-manguasi-matatabi-catnip-pall-1.jpg\",\"contentUrl\":\"https:\/\/miumjau.ee\/wp-content\/uploads\/2024\/08\/kassi-manguasi-matatabi-catnip-pall-1.jpg\",\"width\":600,\"height\":800,\"caption\":\"Kassi m\u00e4nguasi matatabi-catnip pall\"},{\"@type\":\"BreadcrumbList\",\"@id\":\"https:\/\/miumjau.ee\/lt\/produktas\/kates-zaislas-matatabi-catnip-kamuolys\/#breadcrumb\",\"itemListElement\":[{\"@type\":\"ListItem\",\"position\":1,\"name\":\"Home\",\"item\":\"https:\/\/miumjau.ee\/lt\/\"},{\"@type\":\"ListItem\",\"position\":2,\"name\":\"Parduotuv\u0117\",\"item\":\"https:\/\/miumjau.ee\/lt\/parduotuve\/\"},{\"@type\":\"ListItem\",\"position\":3,\"name\":\"Kat\u0117s \u017eaislas matatabi\u2013catnip kamuolys\"}]},{\"@type\":\"WebSite\",\"@id\":\"https:\/\/miumjau.ee\/#website\",\"url\":\"https:\/\/miumjau.ee\/\",\"name\":\"MiuMjau\",\"description\":\"Kraapimispuud kassidele\",\"publisher\":{\"@id\":\"https:\/\/miumjau.ee\/#organization\"},\"potentialAction\":[{\"@type\":\"SearchAction\",\"target\":{\"@type\":\"EntryPoint\",\"urlTemplate\":\"https:\/\/miumjau.ee\/?s={search_term_string}\"},\"query-input\":{\"@type\":\"PropertyValueSpecification\",\"valueRequired\":true,\"valueName\":\"search_term_string\"}}],\"inLanguage\":\"lt-LT\"},{\"@type\":\"Organization\",\"@id\":\"https:\/\/miumjau.ee\/#organization\",\"name\":\"MiuMjau O\u00dc\",\"url\":\"https:\/\/miumjau.ee\/\",\"logo\":{\"@type\":\"ImageObject\",\"inLanguage\":\"lt-LT\",\"@id\":\"https:\/\/miumjau.ee\/#\/schema\/logo\/image\/\",\"url\":\"https:\/\/miumjau.ee\/wp-content\/uploads\/2022\/04\/MiuMjau-logo-kollane.png\",\"contentUrl\":\"https:\/\/miumjau.ee\/wp-content\/uploads\/2022\/04\/MiuMjau-logo-kollane.png\",\"width\":219,\"height\":100,\"caption\":\"MiuMjau O\u00dc\"},\"image\":{\"@id\":\"https:\/\/miumjau.ee\/#\/schema\/logo\/image\/\"},\"sameAs\":[\"https:\/\/www.facebook.com\/miumjaupood\/\"]}]}<\/script>\n<!-- \/ Yoast SEO plugin. -->","yoast_head_json":{"title":"Kat\u0117s \u017eaislas matatabi\u2013catnip kamuolys - MiuMjau","robots":{"index":"index","follow":"follow","max-snippet":"max-snippet:-1","max-image-preview":"max-image-preview:large","max-video-preview":"max-video-preview:-1"},"canonical":"https:\/\/miumjau.ee\/lt\/produktas\/kates-zaislas-matatabi-catnip-kamuolys\/","og_locale":"lt_LT","og_type":"article","og_title":"Kat\u0117s \u017eaislas matatabi\u2013catnip kamuolys - MiuMjau","og_description":"&lt;p&gt;Nori \u017eaisti su savo kate ir paskatinti j\u0105 b\u016bti aktyvi\u0105? Mink\u0161ti kamuoliukai su matatabi ir catnip (kat\u017eole) \u2013 puikus pasirinkimas! Tiek matatabi, tiek catnip su\u017eadina kat\u0117s susidom\u0117jim\u0105 ir pakelia nuotaik\u0105. N\u0117 viena kat\u0117 neliks abejinga tokiam \u017eaislui. Tad naudok mink\u0161tus kamuoliukus, kad praturtintum augintinio aplink\u0105 ir paskatintum j\u012f smagiai leisti laik\u0105.&lt;\/p&gt; &lt;ul&gt; &lt;li&gt;Padeda patenkinti nat\u016bralius kat\u0117s poreikius.&lt;\/li&gt; &lt;li&gt;Pagerina ka\u010di\u0173 nuotaik\u0105.&lt;\/li&gt; &lt;li&gt;Skatina augintinius \u017eaisti ir b\u016bti aktyvius.&lt;\/li&gt; &lt;li&gt;Ma\u017eina nuobodul\u012f ir stres\u0105.&lt;\/li&gt; &lt;li&gt;Praturtina augintinio aplink\u0105.&lt;\/li&gt; &lt;li&gt;Pagaminta i\u0161 nat\u016brali\u0173 med\u017eiag\u0173.&lt;\/li&gt; &lt;\/ul&gt; &lt;p&gt;Kokiai katei verta rinktis matatabi ir catnip gaminius?&lt;\/p&gt; &lt;ul&gt; &lt;li&gt;Droviai katei, kuri\u0105 norime paskatinti bendrauti.&lt;\/li&gt; &lt;li&gt;Vyresnei katei, kuriai norime suteikti daugiau jud\u0117jimo.&lt;\/li&gt; &lt;li&gt;Katei, patirian\u010diai \u012ftamp\u0105 d\u0117l streso (pvz., kraustantis ar lankantis pas veterinar\u0105).&lt;\/li&gt; &lt;li&gt;Kiekvienam murkliui, kuriam kartais tr\u016bksta \u012fsp\u016bd\u017ei\u0173 tarp keturi\u0173 sien\u0173.&lt;\/li&gt; &lt;\/ul&gt; &lt;p&gt;\u017daisk su kate kelis kartus per dien\u0105. U\u017etenka vos keli\u0173 minu\u010di\u0173, kad augintinis patenkint\u0173 savo nat\u016bralius poreikius ir i\u0161likt\u0173 geros fizin\u0117s bei emocin\u0117s formos. Taip pat stiprinsi ry\u0161\u012f su savo augintiniu.&lt;\/p&gt; &lt;ul&gt; &lt;li&gt;\u017daislo skersmuo: 7,5 cm&lt;\/li&gt; &lt;li&gt;Svoris: 0,050 kg&lt;\/li&gt; &lt;li&gt;Spalvos: \u017ealia, violetin\u0117, ro\u017ein\u0117 (siun\u010diamos atsitiktinai)&lt;\/li&gt; &lt;\/ul&gt; Turime sand\u0117lyje!","og_url":"https:\/\/miumjau.ee\/lt\/produktas\/kates-zaislas-matatabi-catnip-kamuolys\/","og_site_name":"MiuMjau","article_publisher":"https:\/\/www.facebook.com\/miumjaupood\/","article_modified_time":"2026-01-07T18:50:12+00:00","og_image":[{"width":600,"height":800,"url":"https:\/\/miumjau.ee\/wp-content\/uploads\/2024\/08\/kassi-manguasi-matatabi-catnip-pall-1.jpg","type":"image\/jpeg"}],"twitter_card":"summary_large_image","schema":{"@context":"https:\/\/schema.org","@graph":[{"@type":"WebPage","@id":"https:\/\/miumjau.ee\/lt\/produktas\/kates-zaislas-matatabi-catnip-kamuolys\/","url":"https:\/\/miumjau.ee\/lt\/produktas\/kates-zaislas-matatabi-catnip-kamuolys\/","name":"Kat\u0117s \u017eaislas matatabi\u2013catnip kamuolys - MiuMjau","isPartOf":{"@id":"https:\/\/miumjau.ee\/#website"},"primaryImageOfPage":{"@id":"https:\/\/miumjau.ee\/lt\/produktas\/kates-zaislas-matatabi-catnip-kamuolys\/#primaryimage"},"image":{"@id":"https:\/\/miumjau.ee\/lt\/produktas\/kates-zaislas-matatabi-catnip-kamuolys\/#primaryimage"},"thumbnailUrl":"https:\/\/miumjau.ee\/wp-content\/uploads\/2024\/08\/kassi-manguasi-matatabi-catnip-pall-1.jpg","datePublished":"2024-08-10T12:11:52+00:00","dateModified":"2026-01-07T18:50:12+00:00","breadcrumb":{"@id":"https:\/\/miumjau.ee\/lt\/produktas\/kates-zaislas-matatabi-catnip-kamuolys\/#breadcrumb"},"inLanguage":"lt-LT","potentialAction":[{"@type":"ReadAction","target":["https:\/\/miumjau.ee\/lt\/produktas\/kates-zaislas-matatabi-catnip-kamuolys\/"]}]},{"@type":"ImageObject","inLanguage":"lt-LT","@id":"https:\/\/miumjau.ee\/lt\/produktas\/kates-zaislas-matatabi-catnip-kamuolys\/#primaryimage","url":"https:\/\/miumjau.ee\/wp-content\/uploads\/2024\/08\/kassi-manguasi-matatabi-catnip-pall-1.jpg","contentUrl":"https:\/\/miumjau.ee\/wp-content\/uploads\/2024\/08\/kassi-manguasi-matatabi-catnip-pall-1.jpg","width":600,"height":800,"caption":"Kassi m\u00e4nguasi matatabi-catnip pall"},{"@type":"BreadcrumbList","@id":"https:\/\/miumjau.ee\/lt\/produktas\/kates-zaislas-matatabi-catnip-kamuolys\/#breadcrumb","itemListElement":[{"@type":"ListItem","position":1,"name":"Home","item":"https:\/\/miumjau.ee\/lt\/"},{"@type":"ListItem","position":2,"name":"Parduotuv\u0117","item":"https:\/\/miumjau.ee\/lt\/parduotuve\/"},{"@type":"ListItem","position":3,"name":"Kat\u0117s \u017eaislas matatabi\u2013catnip kamuolys"}]},{"@type":"WebSite","@id":"https:\/\/miumjau.ee\/#website","url":"https:\/\/miumjau.ee\/","name":"MiuMjau","description":"Kraapimispuud kassidele","publisher":{"@id":"https:\/\/miumjau.ee\/#organization"},"potentialAction":[{"@type":"SearchAction","target":{"@type":"EntryPoint","urlTemplate":"https:\/\/miumjau.ee\/?s={search_term_string}"},"query-input":{"@type":"PropertyValueSpecification","valueRequired":true,"valueName":"search_term_string"}}],"inLanguage":"lt-LT"},{"@type":"Organization","@id":"https:\/\/miumjau.ee\/#organization","name":"MiuMjau O\u00dc","url":"https:\/\/miumjau.ee\/","logo":{"@type":"ImageObject","inLanguage":"lt-LT","@id":"https:\/\/miumjau.ee\/#\/schema\/logo\/image\/","url":"https:\/\/miumjau.ee\/wp-content\/uploads\/2022\/04\/MiuMjau-logo-kollane.png","contentUrl":"https:\/\/miumjau.ee\/wp-content\/uploads\/2022\/04\/MiuMjau-logo-kollane.png","width":219,"height":100,"caption":"MiuMjau O\u00dc"},"image":{"@id":"https:\/\/miumjau.ee\/#\/schema\/logo\/image\/"},"sameAs":["https:\/\/www.facebook.com\/miumjaupood\/"]}]}},"_links":{"self":[{"href":"https:\/\/miumjau.ee\/lt\/wp-json\/wp\/v2\/product\/43086","targetHints":{"allow":["GET"]}}],"collection":[{"href":"https:\/\/miumjau.ee\/lt\/wp-json\/wp\/v2\/product"}],"about":[{"href":"https:\/\/miumjau.ee\/lt\/wp-json\/wp\/v2\/types\/product"}],"wp:featuredmedia":[{"embeddable":true,"href":"https:\/\/miumjau.ee\/lt\/wp-json\/wp\/v2\/media\/43667"}],"wp:attachment":[{"href":"https:\/\/miumjau.ee\/lt\/wp-json\/wp\/v2\/media?parent=43086"}],"wp:term":[{"taxonomy":"product_brand","embeddable":true,"href":"https:\/\/miumjau.ee\/lt\/wp-json\/wp\/v2\/product_brand?post=43086"},{"taxonomy":"product_cat","embeddable":true,"href":"https:\/\/miumjau.ee\/lt\/wp-json\/wp\/v2\/product_cat?post=43086"},{"taxonomy":"product_tag","embeddable":true,"href":"https:\/\/miumjau.ee\/lt\/wp-json\/wp\/v2\/product_tag?post=43086"}],"curies":[{"name":"wp","href":"https:\/\/api.w.org\/{rel}","templated":true}]}}