{"id":43084,"date":"2024-08-10T10:18:04","date_gmt":"2024-08-10T07:18:04","guid":{"rendered":"https:\/\/miumjau.ee\/toode\/kates-kraiko-deze-primal-melyna\/"},"modified":"2026-01-07T20:50:12","modified_gmt":"2026-01-07T18:50:12","slug":"kates-kraiko-deze-primal-melyna","status":"publish","type":"product","link":"https:\/\/miumjau.ee\/lt\/produktas\/kates-kraiko-deze-primal-melyna\/","title":{"rendered":"Kat\u0117s kraiko d\u0117\u017e\u0117 Primal, m\u0117lyna"},"content":{"rendered":"","protected":false},"excerpt":{"rendered":"<p>Kat\u0117s buvo prijaukintos ma\u017edaug prie\u0161 9500 met\u0173. Nuo \u0161ios tarpr\u016b\u0161in\u0117s draugyst\u0117s prad\u017eios stengiam\u0117s padaryti bendr\u0105 gyvenim\u0105 su murkian\u010diais bi\u010diuliais patogesn\u012f. Vienas i\u0161 i\u0161radim\u0173, kuris gerokai pagerino abiej\u0173 pusi\u0173 komfort\u0105, buvo ka\u010di\u0173 kraiko d\u0117\u017e\u0117. Paprasta d\u0117\u017e\u0117, pripildyta sm\u0117lio ar pjuven\u0173, leido katei namuose patenkinti kasdienius fizinius poreikius be \u017emogaus \u012fsiki\u0161imo. B\u0117gant metams, \u0161is produktas \u012fgavo \u012fvairi\u0173 form\u0173 ir spalv\u0173, buvo papildytas patogumais, ta\u010diau jo paskirtis liko ta pati.<\/p>\n<p>Happet Primal \u2013 atvira kat\u0117s kraiko d\u0117\u017e\u0117 su semtuv\u0117liu. \u017demos sienel\u0117s palengvina naudojim\u0105 ma\u017eiems ka\u010diukams ir vyresn\u0117ms kat\u0117ms. Vir\u0161utinis apvadas padeda sulaikyti kraik\u0105 nuo i\u0161byr\u0117jimo.<\/p>\n<p>&lt;strong&gt;Savyb\u0117s:&lt;\/strong&gt;<br \/>\n&lt;ul&gt;<br \/>\n&lt;li&gt;Med\u017eiaga: plastikas&lt;\/li&gt;<br \/>\n&lt;li&gt;Ilgis: 50 cm&lt;\/li&gt;<br \/>\n&lt;li&gt;Plotis: 38 cm&lt;\/li&gt;<br \/>\n&lt;li&gt;Auk\u0161tis: 15 cm&lt;\/li&gt;<br \/>\n&lt;li&gt;Svoris: 0,64 kg&lt;\/li&gt;<br \/>\n&lt;li&gt;Pakuot\u0117s dydis: 51 x 38 x 14 cm&lt;\/li&gt;<br \/>\n&lt;\/ul&gt;<br \/>\nTurime sand\u0117lyje!<\/p>\n","protected":false},"featured_media":43662,"template":"","meta":[],"product_brand":[],"product_cat":[531],"product_tag":[],"class_list":{"0":"post-43084","1":"product","2":"type-product","3":"status-publish","4":"has-post-thumbnail","6":"product_cat-kraiko-dezes","8":"first","9":"instock","10":"sale","11":"taxable","12":"shipping-taxable","13":"purchasable","14":"product-type-simple"},"yoast_head":"<!-- This site is optimized with the Yoast SEO plugin v27.2 - https:\/\/yoast.com\/product\/yoast-seo-wordpress\/ -->\n<title>Kat\u0117s kraiko d\u0117\u017e\u0117 Primal, m\u0117lyna - MiuMjau<\/title>\n<meta name=\"robots\" content=\"index, follow, max-snippet:-1, max-image-preview:large, max-video-preview:-1\" \/>\n<link rel=\"canonical\" href=\"https:\/\/miumjau.ee\/lt\/produktas\/kates-kraiko-deze-primal-melyna\/\" \/>\n<meta property=\"og:locale\" content=\"lt_LT\" \/>\n<meta property=\"og:type\" content=\"article\" \/>\n<meta property=\"og:title\" content=\"Kat\u0117s kraiko d\u0117\u017e\u0117 Primal, m\u0117lyna - MiuMjau\" \/>\n<meta property=\"og:description\" content=\"Kat\u0117s buvo prijaukintos ma\u017edaug prie\u0161 9500 met\u0173. Nuo \u0161ios tarpr\u016b\u0161in\u0117s draugyst\u0117s prad\u017eios stengiam\u0117s padaryti bendr\u0105 gyvenim\u0105 su murkian\u010diais bi\u010diuliais patogesn\u012f. Vienas i\u0161 i\u0161radim\u0173, kuris gerokai pagerino abiej\u0173 pusi\u0173 komfort\u0105, buvo ka\u010di\u0173 kraiko d\u0117\u017e\u0117. Paprasta d\u0117\u017e\u0117, pripildyta sm\u0117lio ar pjuven\u0173, leido katei namuose patenkinti kasdienius fizinius poreikius be \u017emogaus \u012fsiki\u0161imo. B\u0117gant metams, \u0161is produktas \u012fgavo \u012fvairi\u0173 form\u0173 ir spalv\u0173, buvo papildytas patogumais, ta\u010diau jo paskirtis liko ta pati. Happet Primal \u2013 atvira kat\u0117s kraiko d\u0117\u017e\u0117 su semtuv\u0117liu. \u017demos sienel\u0117s palengvina naudojim\u0105 ma\u017eiems ka\u010diukams ir vyresn\u0117ms kat\u0117ms. Vir\u0161utinis apvadas padeda sulaikyti kraik\u0105 nuo i\u0161byr\u0117jimo. &lt;strong&gt;Savyb\u0117s:&lt;\/strong&gt; &lt;ul&gt; &lt;li&gt;Med\u017eiaga: plastikas&lt;\/li&gt; &lt;li&gt;Ilgis: 50 cm&lt;\/li&gt; &lt;li&gt;Plotis: 38 cm&lt;\/li&gt; &lt;li&gt;Auk\u0161tis: 15 cm&lt;\/li&gt; &lt;li&gt;Svoris: 0,64 kg&lt;\/li&gt; &lt;li&gt;Pakuot\u0117s dydis: 51 x 38 x 14 cm&lt;\/li&gt; &lt;\/ul&gt; Turime sand\u0117lyje!\" \/>\n<meta property=\"og:url\" content=\"https:\/\/miumjau.ee\/lt\/produktas\/kates-kraiko-deze-primal-melyna\/\" \/>\n<meta property=\"og:site_name\" content=\"MiuMjau\" \/>\n<meta property=\"article:publisher\" content=\"https:\/\/www.facebook.com\/miumjaupood\/\" \/>\n<meta property=\"article:modified_time\" content=\"2026-01-07T18:50:12+00:00\" \/>\n<meta property=\"og:image\" content=\"https:\/\/miumjau.ee\/wp-content\/uploads\/2024\/08\/kassi-liivakast-51x38-cm-primal-sinine-1.jpg\" \/>\n\t<meta property=\"og:image:width\" content=\"600\" \/>\n\t<meta property=\"og:image:height\" content=\"800\" \/>\n\t<meta property=\"og:image:type\" content=\"image\/jpeg\" \/>\n<meta name=\"twitter:card\" content=\"summary_large_image\" \/>\n<script type=\"application\/ld+json\" class=\"yoast-schema-graph\">{\"@context\":\"https:\/\/schema.org\",\"@graph\":[{\"@type\":\"WebPage\",\"@id\":\"https:\/\/miumjau.ee\/lt\/produktas\/kates-kraiko-deze-primal-melyna\/\",\"url\":\"https:\/\/miumjau.ee\/lt\/produktas\/kates-kraiko-deze-primal-melyna\/\",\"name\":\"Kat\u0117s kraiko d\u0117\u017e\u0117 Primal, m\u0117lyna - MiuMjau\",\"isPartOf\":{\"@id\":\"https:\/\/miumjau.ee\/#website\"},\"primaryImageOfPage\":{\"@id\":\"https:\/\/miumjau.ee\/lt\/produktas\/kates-kraiko-deze-primal-melyna\/#primaryimage\"},\"image\":{\"@id\":\"https:\/\/miumjau.ee\/lt\/produktas\/kates-kraiko-deze-primal-melyna\/#primaryimage\"},\"thumbnailUrl\":\"https:\/\/miumjau.ee\/wp-content\/uploads\/2024\/08\/kassi-liivakast-51x38-cm-primal-sinine-1.jpg\",\"datePublished\":\"2024-08-10T07:18:04+00:00\",\"dateModified\":\"2026-01-07T18:50:12+00:00\",\"breadcrumb\":{\"@id\":\"https:\/\/miumjau.ee\/lt\/produktas\/kates-kraiko-deze-primal-melyna\/#breadcrumb\"},\"inLanguage\":\"lt-LT\",\"potentialAction\":[{\"@type\":\"ReadAction\",\"target\":[\"https:\/\/miumjau.ee\/lt\/produktas\/kates-kraiko-deze-primal-melyna\/\"]}]},{\"@type\":\"ImageObject\",\"inLanguage\":\"lt-LT\",\"@id\":\"https:\/\/miumjau.ee\/lt\/produktas\/kates-kraiko-deze-primal-melyna\/#primaryimage\",\"url\":\"https:\/\/miumjau.ee\/wp-content\/uploads\/2024\/08\/kassi-liivakast-51x38-cm-primal-sinine-1.jpg\",\"contentUrl\":\"https:\/\/miumjau.ee\/wp-content\/uploads\/2024\/08\/kassi-liivakast-51x38-cm-primal-sinine-1.jpg\",\"width\":600,\"height\":800,\"caption\":\"Kassi liivakast Primal, sinine\"},{\"@type\":\"BreadcrumbList\",\"@id\":\"https:\/\/miumjau.ee\/lt\/produktas\/kates-kraiko-deze-primal-melyna\/#breadcrumb\",\"itemListElement\":[{\"@type\":\"ListItem\",\"position\":1,\"name\":\"Home\",\"item\":\"https:\/\/miumjau.ee\/lt\/\"},{\"@type\":\"ListItem\",\"position\":2,\"name\":\"Parduotuv\u0117\",\"item\":\"https:\/\/miumjau.ee\/lt\/parduotuve\/\"},{\"@type\":\"ListItem\",\"position\":3,\"name\":\"Kat\u0117s kraiko d\u0117\u017e\u0117 Primal, m\u0117lyna\"}]},{\"@type\":\"WebSite\",\"@id\":\"https:\/\/miumjau.ee\/#website\",\"url\":\"https:\/\/miumjau.ee\/\",\"name\":\"MiuMjau\",\"description\":\"Kraapimispuud kassidele\",\"publisher\":{\"@id\":\"https:\/\/miumjau.ee\/#organization\"},\"potentialAction\":[{\"@type\":\"SearchAction\",\"target\":{\"@type\":\"EntryPoint\",\"urlTemplate\":\"https:\/\/miumjau.ee\/?s={search_term_string}\"},\"query-input\":{\"@type\":\"PropertyValueSpecification\",\"valueRequired\":true,\"valueName\":\"search_term_string\"}}],\"inLanguage\":\"lt-LT\"},{\"@type\":\"Organization\",\"@id\":\"https:\/\/miumjau.ee\/#organization\",\"name\":\"MiuMjau O\u00dc\",\"url\":\"https:\/\/miumjau.ee\/\",\"logo\":{\"@type\":\"ImageObject\",\"inLanguage\":\"lt-LT\",\"@id\":\"https:\/\/miumjau.ee\/#\/schema\/logo\/image\/\",\"url\":\"https:\/\/miumjau.ee\/wp-content\/uploads\/2022\/04\/MiuMjau-logo-kollane.png\",\"contentUrl\":\"https:\/\/miumjau.ee\/wp-content\/uploads\/2022\/04\/MiuMjau-logo-kollane.png\",\"width\":219,\"height\":100,\"caption\":\"MiuMjau O\u00dc\"},\"image\":{\"@id\":\"https:\/\/miumjau.ee\/#\/schema\/logo\/image\/\"},\"sameAs\":[\"https:\/\/www.facebook.com\/miumjaupood\/\"]}]}<\/script>\n<!-- \/ Yoast SEO plugin. -->","yoast_head_json":{"title":"Kat\u0117s kraiko d\u0117\u017e\u0117 Primal, m\u0117lyna - MiuMjau","robots":{"index":"index","follow":"follow","max-snippet":"max-snippet:-1","max-image-preview":"max-image-preview:large","max-video-preview":"max-video-preview:-1"},"canonical":"https:\/\/miumjau.ee\/lt\/produktas\/kates-kraiko-deze-primal-melyna\/","og_locale":"lt_LT","og_type":"article","og_title":"Kat\u0117s kraiko d\u0117\u017e\u0117 Primal, m\u0117lyna - MiuMjau","og_description":"Kat\u0117s buvo prijaukintos ma\u017edaug prie\u0161 9500 met\u0173. Nuo \u0161ios tarpr\u016b\u0161in\u0117s draugyst\u0117s prad\u017eios stengiam\u0117s padaryti bendr\u0105 gyvenim\u0105 su murkian\u010diais bi\u010diuliais patogesn\u012f. Vienas i\u0161 i\u0161radim\u0173, kuris gerokai pagerino abiej\u0173 pusi\u0173 komfort\u0105, buvo ka\u010di\u0173 kraiko d\u0117\u017e\u0117. Paprasta d\u0117\u017e\u0117, pripildyta sm\u0117lio ar pjuven\u0173, leido katei namuose patenkinti kasdienius fizinius poreikius be \u017emogaus \u012fsiki\u0161imo. B\u0117gant metams, \u0161is produktas \u012fgavo \u012fvairi\u0173 form\u0173 ir spalv\u0173, buvo papildytas patogumais, ta\u010diau jo paskirtis liko ta pati. Happet Primal \u2013 atvira kat\u0117s kraiko d\u0117\u017e\u0117 su semtuv\u0117liu. \u017demos sienel\u0117s palengvina naudojim\u0105 ma\u017eiems ka\u010diukams ir vyresn\u0117ms kat\u0117ms. Vir\u0161utinis apvadas padeda sulaikyti kraik\u0105 nuo i\u0161byr\u0117jimo. &lt;strong&gt;Savyb\u0117s:&lt;\/strong&gt; &lt;ul&gt; &lt;li&gt;Med\u017eiaga: plastikas&lt;\/li&gt; &lt;li&gt;Ilgis: 50 cm&lt;\/li&gt; &lt;li&gt;Plotis: 38 cm&lt;\/li&gt; &lt;li&gt;Auk\u0161tis: 15 cm&lt;\/li&gt; &lt;li&gt;Svoris: 0,64 kg&lt;\/li&gt; &lt;li&gt;Pakuot\u0117s dydis: 51 x 38 x 14 cm&lt;\/li&gt; &lt;\/ul&gt; Turime sand\u0117lyje!","og_url":"https:\/\/miumjau.ee\/lt\/produktas\/kates-kraiko-deze-primal-melyna\/","og_site_name":"MiuMjau","article_publisher":"https:\/\/www.facebook.com\/miumjaupood\/","article_modified_time":"2026-01-07T18:50:12+00:00","og_image":[{"width":600,"height":800,"url":"https:\/\/miumjau.ee\/wp-content\/uploads\/2024\/08\/kassi-liivakast-51x38-cm-primal-sinine-1.jpg","type":"image\/jpeg"}],"twitter_card":"summary_large_image","schema":{"@context":"https:\/\/schema.org","@graph":[{"@type":"WebPage","@id":"https:\/\/miumjau.ee\/lt\/produktas\/kates-kraiko-deze-primal-melyna\/","url":"https:\/\/miumjau.ee\/lt\/produktas\/kates-kraiko-deze-primal-melyna\/","name":"Kat\u0117s kraiko d\u0117\u017e\u0117 Primal, m\u0117lyna - MiuMjau","isPartOf":{"@id":"https:\/\/miumjau.ee\/#website"},"primaryImageOfPage":{"@id":"https:\/\/miumjau.ee\/lt\/produktas\/kates-kraiko-deze-primal-melyna\/#primaryimage"},"image":{"@id":"https:\/\/miumjau.ee\/lt\/produktas\/kates-kraiko-deze-primal-melyna\/#primaryimage"},"thumbnailUrl":"https:\/\/miumjau.ee\/wp-content\/uploads\/2024\/08\/kassi-liivakast-51x38-cm-primal-sinine-1.jpg","datePublished":"2024-08-10T07:18:04+00:00","dateModified":"2026-01-07T18:50:12+00:00","breadcrumb":{"@id":"https:\/\/miumjau.ee\/lt\/produktas\/kates-kraiko-deze-primal-melyna\/#breadcrumb"},"inLanguage":"lt-LT","potentialAction":[{"@type":"ReadAction","target":["https:\/\/miumjau.ee\/lt\/produktas\/kates-kraiko-deze-primal-melyna\/"]}]},{"@type":"ImageObject","inLanguage":"lt-LT","@id":"https:\/\/miumjau.ee\/lt\/produktas\/kates-kraiko-deze-primal-melyna\/#primaryimage","url":"https:\/\/miumjau.ee\/wp-content\/uploads\/2024\/08\/kassi-liivakast-51x38-cm-primal-sinine-1.jpg","contentUrl":"https:\/\/miumjau.ee\/wp-content\/uploads\/2024\/08\/kassi-liivakast-51x38-cm-primal-sinine-1.jpg","width":600,"height":800,"caption":"Kassi liivakast Primal, sinine"},{"@type":"BreadcrumbList","@id":"https:\/\/miumjau.ee\/lt\/produktas\/kates-kraiko-deze-primal-melyna\/#breadcrumb","itemListElement":[{"@type":"ListItem","position":1,"name":"Home","item":"https:\/\/miumjau.ee\/lt\/"},{"@type":"ListItem","position":2,"name":"Parduotuv\u0117","item":"https:\/\/miumjau.ee\/lt\/parduotuve\/"},{"@type":"ListItem","position":3,"name":"Kat\u0117s kraiko d\u0117\u017e\u0117 Primal, m\u0117lyna"}]},{"@type":"WebSite","@id":"https:\/\/miumjau.ee\/#website","url":"https:\/\/miumjau.ee\/","name":"MiuMjau","description":"Kraapimispuud kassidele","publisher":{"@id":"https:\/\/miumjau.ee\/#organization"},"potentialAction":[{"@type":"SearchAction","target":{"@type":"EntryPoint","urlTemplate":"https:\/\/miumjau.ee\/?s={search_term_string}"},"query-input":{"@type":"PropertyValueSpecification","valueRequired":true,"valueName":"search_term_string"}}],"inLanguage":"lt-LT"},{"@type":"Organization","@id":"https:\/\/miumjau.ee\/#organization","name":"MiuMjau O\u00dc","url":"https:\/\/miumjau.ee\/","logo":{"@type":"ImageObject","inLanguage":"lt-LT","@id":"https:\/\/miumjau.ee\/#\/schema\/logo\/image\/","url":"https:\/\/miumjau.ee\/wp-content\/uploads\/2022\/04\/MiuMjau-logo-kollane.png","contentUrl":"https:\/\/miumjau.ee\/wp-content\/uploads\/2022\/04\/MiuMjau-logo-kollane.png","width":219,"height":100,"caption":"MiuMjau O\u00dc"},"image":{"@id":"https:\/\/miumjau.ee\/#\/schema\/logo\/image\/"},"sameAs":["https:\/\/www.facebook.com\/miumjaupood\/"]}]}},"_links":{"self":[{"href":"https:\/\/miumjau.ee\/lt\/wp-json\/wp\/v2\/product\/43084","targetHints":{"allow":["GET"]}}],"collection":[{"href":"https:\/\/miumjau.ee\/lt\/wp-json\/wp\/v2\/product"}],"about":[{"href":"https:\/\/miumjau.ee\/lt\/wp-json\/wp\/v2\/types\/product"}],"wp:featuredmedia":[{"embeddable":true,"href":"https:\/\/miumjau.ee\/lt\/wp-json\/wp\/v2\/media\/43662"}],"wp:attachment":[{"href":"https:\/\/miumjau.ee\/lt\/wp-json\/wp\/v2\/media?parent=43084"}],"wp:term":[{"taxonomy":"product_brand","embeddable":true,"href":"https:\/\/miumjau.ee\/lt\/wp-json\/wp\/v2\/product_brand?post=43084"},{"taxonomy":"product_cat","embeddable":true,"href":"https:\/\/miumjau.ee\/lt\/wp-json\/wp\/v2\/product_cat?post=43084"},{"taxonomy":"product_tag","embeddable":true,"href":"https:\/\/miumjau.ee\/lt\/wp-json\/wp\/v2\/product_tag?post=43084"}],"curies":[{"name":"wp","href":"https:\/\/api.w.org\/{rel}","templated":true}]}}