{"id":43080,"date":"2024-08-10T10:02:05","date_gmt":"2024-08-10T07:02:05","guid":{"rendered":"https:\/\/miumjau.ee\/toode\/kaciu-tualeto-deklas-select-semtuvelis-zalias\/"},"modified":"2026-01-07T20:50:20","modified_gmt":"2026-01-07T18:50:20","slug":"kaciu-tualeto-deklas-select-semtuvelis-zalias","status":"publish","type":"product","link":"https:\/\/miumjau.ee\/lt\/produktas\/kaciu-tualeto-deklas-select-semtuvelis-zalias\/","title":{"rendered":"Ka\u010di\u0173 tualeto d\u0117klas Select + semtuv\u0117lis, \u017ealias"},"content":{"rendered":"","protected":false},"excerpt":{"rendered":"<p>Kat\u0117s prijaukintos ma\u017edaug prie\u0161 9500 met\u0173. Nuo pat draugyst\u0117s prad\u017eios stengiam\u0117s, kad m\u016bs\u0173 ir augintini\u0173 gyvenimas b\u016bt\u0173 patogesnis. Vienas gamini\u0173, kuris labiausiai padidino abipus\u012f komfort\u0105, \u2013 ka\u010di\u0173 tualetas. Paprasta d\u0117\u017e\u0117, pripildyta sm\u0117lio ar pjuven\u0173, leido katei be \u017emogaus \u012fsiki\u0161imo patenkinti kasdienius fiziologinius poreikius namuose. B\u0117gant metams, \u0161is produktas \u012fgijo \u012fvairi\u0173 form\u0173 ir spalv\u0173, buvo patobulintas, ta\u010diau jo paskirtis liko ta pati.<\/p>\n<p>Happet Select \u2013 atviras ka\u010di\u0173 tualeto d\u0117klas su semtuv\u0117liu ir leten\u0173 valymo groteli\u0173 zona. \u017demos sienel\u0117s palengvina naudojim\u0105 ma\u017eiems ka\u010diukams ir vyresn\u0117ms kat\u0117ms. Vir\u0161utinis apvadas sulaiko i\u0161byrant\u012f kraik\u0105. Be to, vienoje pus\u0117je esanti grotel\u0117 leid\u017eia nuo leten\u0173 nubyr\u0117jusiam kraikui sugr\u012f\u017eti atgal \u012f d\u0117kl\u0105.<\/p>\n<p><strong>Ypatyb\u0117s:<\/strong><\/p>\n<ul>\n<li>Med\u017eiaga: plastikas<\/li>\n<li>Ilgis: 50 cm<\/li>\n<li>Plotis: 38 cm<\/li>\n<li>Auk\u0161tis: 17,5 cm<\/li>\n<li>Svoris: 0,69 kg<\/li>\n<li>Pakuot\u0117s dydis: 51 x 38 x 14 cm<\/li>\n<\/ul>\n<p>Turime sand\u0117lyje!<\/p>\n","protected":false},"featured_media":43761,"template":"","meta":[],"product_brand":[],"product_cat":[531],"product_tag":[],"class_list":{"0":"post-43080","1":"product","2":"type-product","3":"status-publish","4":"has-post-thumbnail","6":"product_cat-kraiko-dezes","8":"first","9":"instock","10":"sale","11":"taxable","12":"shipping-taxable","13":"purchasable","14":"product-type-simple"},"yoast_head":"<!-- This site is optimized with the Yoast SEO plugin v27.2 - https:\/\/yoast.com\/product\/yoast-seo-wordpress\/ -->\n<title>Ka\u010di\u0173 tualeto d\u0117klas Select + semtuv\u0117lis, \u017ealias - MiuMjau<\/title>\n<meta name=\"robots\" content=\"index, follow, max-snippet:-1, max-image-preview:large, max-video-preview:-1\" \/>\n<link rel=\"canonical\" href=\"https:\/\/miumjau.ee\/lt\/produktas\/kaciu-tualeto-deklas-select-semtuvelis-zalias\/\" \/>\n<meta property=\"og:locale\" content=\"lt_LT\" \/>\n<meta property=\"og:type\" content=\"article\" \/>\n<meta property=\"og:title\" content=\"Ka\u010di\u0173 tualeto d\u0117klas Select + semtuv\u0117lis, \u017ealias - MiuMjau\" \/>\n<meta property=\"og:description\" content=\"Kat\u0117s prijaukintos ma\u017edaug prie\u0161 9500 met\u0173. Nuo pat draugyst\u0117s prad\u017eios stengiam\u0117s, kad m\u016bs\u0173 ir augintini\u0173 gyvenimas b\u016bt\u0173 patogesnis. Vienas gamini\u0173, kuris labiausiai padidino abipus\u012f komfort\u0105, \u2013 ka\u010di\u0173 tualetas. Paprasta d\u0117\u017e\u0117, pripildyta sm\u0117lio ar pjuven\u0173, leido katei be \u017emogaus \u012fsiki\u0161imo patenkinti kasdienius fiziologinius poreikius namuose. B\u0117gant metams, \u0161is produktas \u012fgijo \u012fvairi\u0173 form\u0173 ir spalv\u0173, buvo patobulintas, ta\u010diau jo paskirtis liko ta pati. Happet Select \u2013 atviras ka\u010di\u0173 tualeto d\u0117klas su semtuv\u0117liu ir leten\u0173 valymo groteli\u0173 zona. \u017demos sienel\u0117s palengvina naudojim\u0105 ma\u017eiems ka\u010diukams ir vyresn\u0117ms kat\u0117ms. Vir\u0161utinis apvadas sulaiko i\u0161byrant\u012f kraik\u0105. Be to, vienoje pus\u0117je esanti grotel\u0117 leid\u017eia nuo leten\u0173 nubyr\u0117jusiam kraikui sugr\u012f\u017eti atgal \u012f d\u0117kl\u0105. Ypatyb\u0117s: Med\u017eiaga: plastikas Ilgis: 50 cm Plotis: 38 cm Auk\u0161tis: 17,5 cm Svoris: 0,69 kg Pakuot\u0117s dydis: 51 x 38 x 14 cm Turime sand\u0117lyje!\" \/>\n<meta property=\"og:url\" content=\"https:\/\/miumjau.ee\/lt\/produktas\/kaciu-tualeto-deklas-select-semtuvelis-zalias\/\" \/>\n<meta property=\"og:site_name\" content=\"MiuMjau\" \/>\n<meta property=\"article:publisher\" content=\"https:\/\/www.facebook.com\/miumjaupood\/\" \/>\n<meta property=\"article:modified_time\" content=\"2026-01-07T18:50:20+00:00\" \/>\n<meta property=\"og:image\" content=\"https:\/\/miumjau.ee\/wp-content\/uploads\/2024\/08\/kassi-liivakast-51x38-cm-select-roheline-1.jpg\" \/>\n\t<meta property=\"og:image:width\" content=\"600\" \/>\n\t<meta property=\"og:image:height\" content=\"800\" \/>\n\t<meta property=\"og:image:type\" content=\"image\/jpeg\" \/>\n<meta name=\"twitter:card\" content=\"summary_large_image\" \/>\n<script type=\"application\/ld+json\" class=\"yoast-schema-graph\">{\"@context\":\"https:\/\/schema.org\",\"@graph\":[{\"@type\":\"WebPage\",\"@id\":\"https:\/\/miumjau.ee\/lt\/produktas\/kaciu-tualeto-deklas-select-semtuvelis-zalias\/\",\"url\":\"https:\/\/miumjau.ee\/lt\/produktas\/kaciu-tualeto-deklas-select-semtuvelis-zalias\/\",\"name\":\"Ka\u010di\u0173 tualeto d\u0117klas Select + semtuv\u0117lis, \u017ealias - MiuMjau\",\"isPartOf\":{\"@id\":\"https:\/\/miumjau.ee\/#website\"},\"primaryImageOfPage\":{\"@id\":\"https:\/\/miumjau.ee\/lt\/produktas\/kaciu-tualeto-deklas-select-semtuvelis-zalias\/#primaryimage\"},\"image\":{\"@id\":\"https:\/\/miumjau.ee\/lt\/produktas\/kaciu-tualeto-deklas-select-semtuvelis-zalias\/#primaryimage\"},\"thumbnailUrl\":\"https:\/\/miumjau.ee\/wp-content\/uploads\/2024\/08\/kassi-liivakast-51x38-cm-select-roheline-1.jpg\",\"datePublished\":\"2024-08-10T07:02:05+00:00\",\"dateModified\":\"2026-01-07T18:50:20+00:00\",\"breadcrumb\":{\"@id\":\"https:\/\/miumjau.ee\/lt\/produktas\/kaciu-tualeto-deklas-select-semtuvelis-zalias\/#breadcrumb\"},\"inLanguage\":\"lt-LT\",\"potentialAction\":[{\"@type\":\"ReadAction\",\"target\":[\"https:\/\/miumjau.ee\/lt\/produktas\/kaciu-tualeto-deklas-select-semtuvelis-zalias\/\"]}]},{\"@type\":\"ImageObject\",\"inLanguage\":\"lt-LT\",\"@id\":\"https:\/\/miumjau.ee\/lt\/produktas\/kaciu-tualeto-deklas-select-semtuvelis-zalias\/#primaryimage\",\"url\":\"https:\/\/miumjau.ee\/wp-content\/uploads\/2024\/08\/kassi-liivakast-51x38-cm-select-roheline-1.jpg\",\"contentUrl\":\"https:\/\/miumjau.ee\/wp-content\/uploads\/2024\/08\/kassi-liivakast-51x38-cm-select-roheline-1.jpg\",\"width\":600,\"height\":800,\"caption\":\"Kassi liivakast Select, roheline\"},{\"@type\":\"BreadcrumbList\",\"@id\":\"https:\/\/miumjau.ee\/lt\/produktas\/kaciu-tualeto-deklas-select-semtuvelis-zalias\/#breadcrumb\",\"itemListElement\":[{\"@type\":\"ListItem\",\"position\":1,\"name\":\"Home\",\"item\":\"https:\/\/miumjau.ee\/lt\/\"},{\"@type\":\"ListItem\",\"position\":2,\"name\":\"Parduotuv\u0117\",\"item\":\"https:\/\/miumjau.ee\/lt\/parduotuve\/\"},{\"@type\":\"ListItem\",\"position\":3,\"name\":\"Ka\u010di\u0173 tualeto d\u0117klas Select + semtuv\u0117lis, \u017ealias\"}]},{\"@type\":\"WebSite\",\"@id\":\"https:\/\/miumjau.ee\/#website\",\"url\":\"https:\/\/miumjau.ee\/\",\"name\":\"MiuMjau\",\"description\":\"Kraapimispuud kassidele\",\"publisher\":{\"@id\":\"https:\/\/miumjau.ee\/#organization\"},\"potentialAction\":[{\"@type\":\"SearchAction\",\"target\":{\"@type\":\"EntryPoint\",\"urlTemplate\":\"https:\/\/miumjau.ee\/?s={search_term_string}\"},\"query-input\":{\"@type\":\"PropertyValueSpecification\",\"valueRequired\":true,\"valueName\":\"search_term_string\"}}],\"inLanguage\":\"lt-LT\"},{\"@type\":\"Organization\",\"@id\":\"https:\/\/miumjau.ee\/#organization\",\"name\":\"MiuMjau O\u00dc\",\"url\":\"https:\/\/miumjau.ee\/\",\"logo\":{\"@type\":\"ImageObject\",\"inLanguage\":\"lt-LT\",\"@id\":\"https:\/\/miumjau.ee\/#\/schema\/logo\/image\/\",\"url\":\"https:\/\/miumjau.ee\/wp-content\/uploads\/2022\/04\/MiuMjau-logo-kollane.png\",\"contentUrl\":\"https:\/\/miumjau.ee\/wp-content\/uploads\/2022\/04\/MiuMjau-logo-kollane.png\",\"width\":219,\"height\":100,\"caption\":\"MiuMjau O\u00dc\"},\"image\":{\"@id\":\"https:\/\/miumjau.ee\/#\/schema\/logo\/image\/\"},\"sameAs\":[\"https:\/\/www.facebook.com\/miumjaupood\/\"]}]}<\/script>\n<!-- \/ Yoast SEO plugin. -->","yoast_head_json":{"title":"Ka\u010di\u0173 tualeto d\u0117klas Select + semtuv\u0117lis, \u017ealias - MiuMjau","robots":{"index":"index","follow":"follow","max-snippet":"max-snippet:-1","max-image-preview":"max-image-preview:large","max-video-preview":"max-video-preview:-1"},"canonical":"https:\/\/miumjau.ee\/lt\/produktas\/kaciu-tualeto-deklas-select-semtuvelis-zalias\/","og_locale":"lt_LT","og_type":"article","og_title":"Ka\u010di\u0173 tualeto d\u0117klas Select + semtuv\u0117lis, \u017ealias - MiuMjau","og_description":"Kat\u0117s prijaukintos ma\u017edaug prie\u0161 9500 met\u0173. Nuo pat draugyst\u0117s prad\u017eios stengiam\u0117s, kad m\u016bs\u0173 ir augintini\u0173 gyvenimas b\u016bt\u0173 patogesnis. Vienas gamini\u0173, kuris labiausiai padidino abipus\u012f komfort\u0105, \u2013 ka\u010di\u0173 tualetas. Paprasta d\u0117\u017e\u0117, pripildyta sm\u0117lio ar pjuven\u0173, leido katei be \u017emogaus \u012fsiki\u0161imo patenkinti kasdienius fiziologinius poreikius namuose. B\u0117gant metams, \u0161is produktas \u012fgijo \u012fvairi\u0173 form\u0173 ir spalv\u0173, buvo patobulintas, ta\u010diau jo paskirtis liko ta pati. Happet Select \u2013 atviras ka\u010di\u0173 tualeto d\u0117klas su semtuv\u0117liu ir leten\u0173 valymo groteli\u0173 zona. \u017demos sienel\u0117s palengvina naudojim\u0105 ma\u017eiems ka\u010diukams ir vyresn\u0117ms kat\u0117ms. Vir\u0161utinis apvadas sulaiko i\u0161byrant\u012f kraik\u0105. Be to, vienoje pus\u0117je esanti grotel\u0117 leid\u017eia nuo leten\u0173 nubyr\u0117jusiam kraikui sugr\u012f\u017eti atgal \u012f d\u0117kl\u0105. Ypatyb\u0117s: Med\u017eiaga: plastikas Ilgis: 50 cm Plotis: 38 cm Auk\u0161tis: 17,5 cm Svoris: 0,69 kg Pakuot\u0117s dydis: 51 x 38 x 14 cm Turime sand\u0117lyje!","og_url":"https:\/\/miumjau.ee\/lt\/produktas\/kaciu-tualeto-deklas-select-semtuvelis-zalias\/","og_site_name":"MiuMjau","article_publisher":"https:\/\/www.facebook.com\/miumjaupood\/","article_modified_time":"2026-01-07T18:50:20+00:00","og_image":[{"width":600,"height":800,"url":"https:\/\/miumjau.ee\/wp-content\/uploads\/2024\/08\/kassi-liivakast-51x38-cm-select-roheline-1.jpg","type":"image\/jpeg"}],"twitter_card":"summary_large_image","schema":{"@context":"https:\/\/schema.org","@graph":[{"@type":"WebPage","@id":"https:\/\/miumjau.ee\/lt\/produktas\/kaciu-tualeto-deklas-select-semtuvelis-zalias\/","url":"https:\/\/miumjau.ee\/lt\/produktas\/kaciu-tualeto-deklas-select-semtuvelis-zalias\/","name":"Ka\u010di\u0173 tualeto d\u0117klas Select + semtuv\u0117lis, \u017ealias - MiuMjau","isPartOf":{"@id":"https:\/\/miumjau.ee\/#website"},"primaryImageOfPage":{"@id":"https:\/\/miumjau.ee\/lt\/produktas\/kaciu-tualeto-deklas-select-semtuvelis-zalias\/#primaryimage"},"image":{"@id":"https:\/\/miumjau.ee\/lt\/produktas\/kaciu-tualeto-deklas-select-semtuvelis-zalias\/#primaryimage"},"thumbnailUrl":"https:\/\/miumjau.ee\/wp-content\/uploads\/2024\/08\/kassi-liivakast-51x38-cm-select-roheline-1.jpg","datePublished":"2024-08-10T07:02:05+00:00","dateModified":"2026-01-07T18:50:20+00:00","breadcrumb":{"@id":"https:\/\/miumjau.ee\/lt\/produktas\/kaciu-tualeto-deklas-select-semtuvelis-zalias\/#breadcrumb"},"inLanguage":"lt-LT","potentialAction":[{"@type":"ReadAction","target":["https:\/\/miumjau.ee\/lt\/produktas\/kaciu-tualeto-deklas-select-semtuvelis-zalias\/"]}]},{"@type":"ImageObject","inLanguage":"lt-LT","@id":"https:\/\/miumjau.ee\/lt\/produktas\/kaciu-tualeto-deklas-select-semtuvelis-zalias\/#primaryimage","url":"https:\/\/miumjau.ee\/wp-content\/uploads\/2024\/08\/kassi-liivakast-51x38-cm-select-roheline-1.jpg","contentUrl":"https:\/\/miumjau.ee\/wp-content\/uploads\/2024\/08\/kassi-liivakast-51x38-cm-select-roheline-1.jpg","width":600,"height":800,"caption":"Kassi liivakast Select, roheline"},{"@type":"BreadcrumbList","@id":"https:\/\/miumjau.ee\/lt\/produktas\/kaciu-tualeto-deklas-select-semtuvelis-zalias\/#breadcrumb","itemListElement":[{"@type":"ListItem","position":1,"name":"Home","item":"https:\/\/miumjau.ee\/lt\/"},{"@type":"ListItem","position":2,"name":"Parduotuv\u0117","item":"https:\/\/miumjau.ee\/lt\/parduotuve\/"},{"@type":"ListItem","position":3,"name":"Ka\u010di\u0173 tualeto d\u0117klas Select + semtuv\u0117lis, \u017ealias"}]},{"@type":"WebSite","@id":"https:\/\/miumjau.ee\/#website","url":"https:\/\/miumjau.ee\/","name":"MiuMjau","description":"Kraapimispuud kassidele","publisher":{"@id":"https:\/\/miumjau.ee\/#organization"},"potentialAction":[{"@type":"SearchAction","target":{"@type":"EntryPoint","urlTemplate":"https:\/\/miumjau.ee\/?s={search_term_string}"},"query-input":{"@type":"PropertyValueSpecification","valueRequired":true,"valueName":"search_term_string"}}],"inLanguage":"lt-LT"},{"@type":"Organization","@id":"https:\/\/miumjau.ee\/#organization","name":"MiuMjau O\u00dc","url":"https:\/\/miumjau.ee\/","logo":{"@type":"ImageObject","inLanguage":"lt-LT","@id":"https:\/\/miumjau.ee\/#\/schema\/logo\/image\/","url":"https:\/\/miumjau.ee\/wp-content\/uploads\/2022\/04\/MiuMjau-logo-kollane.png","contentUrl":"https:\/\/miumjau.ee\/wp-content\/uploads\/2022\/04\/MiuMjau-logo-kollane.png","width":219,"height":100,"caption":"MiuMjau O\u00dc"},"image":{"@id":"https:\/\/miumjau.ee\/#\/schema\/logo\/image\/"},"sameAs":["https:\/\/www.facebook.com\/miumjaupood\/"]}]}},"_links":{"self":[{"href":"https:\/\/miumjau.ee\/lt\/wp-json\/wp\/v2\/product\/43080","targetHints":{"allow":["GET"]}}],"collection":[{"href":"https:\/\/miumjau.ee\/lt\/wp-json\/wp\/v2\/product"}],"about":[{"href":"https:\/\/miumjau.ee\/lt\/wp-json\/wp\/v2\/types\/product"}],"wp:featuredmedia":[{"embeddable":true,"href":"https:\/\/miumjau.ee\/lt\/wp-json\/wp\/v2\/media\/43761"}],"wp:attachment":[{"href":"https:\/\/miumjau.ee\/lt\/wp-json\/wp\/v2\/media?parent=43080"}],"wp:term":[{"taxonomy":"product_brand","embeddable":true,"href":"https:\/\/miumjau.ee\/lt\/wp-json\/wp\/v2\/product_brand?post=43080"},{"taxonomy":"product_cat","embeddable":true,"href":"https:\/\/miumjau.ee\/lt\/wp-json\/wp\/v2\/product_cat?post=43080"},{"taxonomy":"product_tag","embeddable":true,"href":"https:\/\/miumjau.ee\/lt\/wp-json\/wp\/v2\/product_tag?post=43080"}],"curies":[{"name":"wp","href":"https:\/\/api.w.org\/{rel}","templated":true}]}}