{"id":43069,"date":"2024-08-09T12:00:54","date_gmt":"2024-08-09T09:00:54","guid":{"rendered":"https:\/\/miumjau.ee\/toode\/ambrosia-sausas-pasaras-katems-lasisa-ir-vistiena-5kg\/"},"modified":"2026-01-07T20:50:27","modified_gmt":"2026-01-07T18:50:27","slug":"ambrosia-sausas-pasaras-katems-lasisa-ir-vistiena-5kg","status":"publish","type":"product","link":"https:\/\/miumjau.ee\/lt\/produktas\/ambrosia-sausas-pasaras-katems-lasisa-ir-vistiena-5kg\/","title":{"rendered":"Ambrosia sausas pa\u0161aras kat\u0117ms, la\u0161i\u0161a ir vi\u0161tiena, 5kg"},"content":{"rendered":"","protected":false},"excerpt":{"rendered":"<p>Ideali mityba suaugusioms ir sterilizuotoms kat\u0117ms. \u0160is puikiai subalansuotas tra\u0161kus pa\u0161aras sudarytas i\u0161 60% gyv\u016bnin\u0117s kilm\u0117s ingredient\u0173 ir 70% gyv\u016bnin\u0117s kilm\u0117s baltym\u0173, u\u017etikrinan\u010di\u0173 sveik\u0105 mityb\u0105. Tokie ingredientai kaip \u0161vie\u017eia la\u0161i\u0161a, d\u017eiovinta vi\u0161tiena, brokoliai, \u0161pinatai, spanguol\u0117s ir m\u0117lyn\u0117s suteikia katei visas b\u016btinas maistines med\u017eiagas ir vitaminus. Omega-3 ir Omega-6 riebal\u0173 r\u016bg\u0161tys padeda palaikyti kailio sveikat\u0105 ir bendr\u0105 savijaut\u0105. Tai taip pat idealus pasirinkimas jautresn\u012f vir\u0161kinim\u0105 turin\u010dioms kat\u0117ms.<\/p>\n<p><strong>Sud\u0117tis:<\/strong> \u0160vie\u017eia la\u0161i\u0161a be odos (25%), dehidratuotas pauk\u0161tienos baltymas (20%), \u017eirniai, skaldyti \u017eirniai, d\u017eiovinti bulvi\u0173 dribsniai, hidrolizuotas gyv\u016bninis baltymas (7%), gyv\u016bniniai riebalai (7%), bulvi\u0173 baltymas, d\u017eiovinta burok\u0117li\u0173 mas\u0117, mineralai, la\u0161i\u0161\u0173 aliejus (1%), d\u017eiovinti obuoliai, d\u017eiovintos morkos, MOS ir beta gliukanai, d\u017eiovinta cikorija (nat\u016bralus FOS ir inulino \u0161altinis), d\u017eiovintos alaus miel\u0117s, lignoceliulioz\u0117, d\u017eiovinti brokoliai, d\u017eiovinti \u0161pinatai, d\u017eiovinti pomidorai, d\u017eiovintos spanguol\u0117s, d\u017eiovintos m\u0117lyn\u0117s, gliukozamino hidrochloridas (100 mg\/kg), chondroitino sulfatas (100 mg\/kg), d\u017eiovintos \u017eolel\u0117s (Yucca schidigera, Rosmarinus sp, Curcuma sp, Citrus sp, Eugenia sp).<\/p>\n<p><strong>Maistin\u0117s analiz\u0117s duomenys:<\/strong> \u017dali baltymai 37%, \u017eali riebalai 17%, Omega-3 riebal\u0173 r\u016bg\u0161tys 0,4%, Omega-6 riebal\u0173 r\u016bg\u0161tys 2,2%, \u017eali pelenai 7,5%, \u017ealia l\u0105steliena 3,0%, dr\u0117gm\u0117 6,0%, kalcis (Ca) 1,2%, fosforas (P) 1,0%, magnis (Mg) 0,09%.<\/p>\n<p>Pa\u0161aro kaloringumas \u2013 4003 kcal\/kg.<\/p>\n<p>Yra vietoje!<\/p>\n","protected":false},"featured_media":43736,"template":"","meta":[],"product_brand":[],"product_cat":[528],"product_tag":[],"class_list":{"0":"post-43069","1":"product","2":"type-product","3":"status-publish","4":"has-post-thumbnail","6":"product_cat-sausas-maistas","8":"first","9":"outofstock","10":"taxable","11":"shipping-taxable","12":"purchasable","13":"product-type-simple"},"yoast_head":"<!-- This site is optimized with the Yoast SEO plugin v27.4 - https:\/\/yoast.com\/product\/yoast-seo-wordpress\/ -->\n<title>Ambrosia sausas pa\u0161aras kat\u0117ms, la\u0161i\u0161a ir vi\u0161tiena, 5kg - MiuMjau<\/title>\n<meta name=\"robots\" content=\"index, follow, max-snippet:-1, max-image-preview:large, max-video-preview:-1\" \/>\n<link rel=\"canonical\" href=\"https:\/\/miumjau.ee\/lt\/produktas\/ambrosia-sausas-pasaras-katems-lasisa-ir-vistiena-5kg\/\" \/>\n<meta property=\"og:locale\" content=\"lt_LT\" \/>\n<meta property=\"og:type\" content=\"article\" \/>\n<meta property=\"og:title\" content=\"Ambrosia sausas pa\u0161aras kat\u0117ms, la\u0161i\u0161a ir vi\u0161tiena, 5kg - MiuMjau\" \/>\n<meta property=\"og:description\" content=\"Ideali mityba suaugusioms ir sterilizuotoms kat\u0117ms. \u0160is puikiai subalansuotas tra\u0161kus pa\u0161aras sudarytas i\u0161 60% gyv\u016bnin\u0117s kilm\u0117s ingredient\u0173 ir 70% gyv\u016bnin\u0117s kilm\u0117s baltym\u0173, u\u017etikrinan\u010di\u0173 sveik\u0105 mityb\u0105. Tokie ingredientai kaip \u0161vie\u017eia la\u0161i\u0161a, d\u017eiovinta vi\u0161tiena, brokoliai, \u0161pinatai, spanguol\u0117s ir m\u0117lyn\u0117s suteikia katei visas b\u016btinas maistines med\u017eiagas ir vitaminus. Omega-3 ir Omega-6 riebal\u0173 r\u016bg\u0161tys padeda palaikyti kailio sveikat\u0105 ir bendr\u0105 savijaut\u0105. Tai taip pat idealus pasirinkimas jautresn\u012f vir\u0161kinim\u0105 turin\u010dioms kat\u0117ms.  Sud\u0117tis: \u0160vie\u017eia la\u0161i\u0161a be odos (25%), dehidratuotas pauk\u0161tienos baltymas (20%), \u017eirniai, skaldyti \u017eirniai, d\u017eiovinti bulvi\u0173 dribsniai, hidrolizuotas gyv\u016bninis baltymas (7%), gyv\u016bniniai riebalai (7%), bulvi\u0173 baltymas, d\u017eiovinta burok\u0117li\u0173 mas\u0117, mineralai, la\u0161i\u0161\u0173 aliejus (1%), d\u017eiovinti obuoliai, d\u017eiovintos morkos, MOS ir beta gliukanai, d\u017eiovinta cikorija (nat\u016bralus FOS ir inulino \u0161altinis), d\u017eiovintos alaus miel\u0117s, lignoceliulioz\u0117, d\u017eiovinti brokoliai, d\u017eiovinti \u0161pinatai, d\u017eiovinti pomidorai, d\u017eiovintos spanguol\u0117s, d\u017eiovintos m\u0117lyn\u0117s, gliukozamino hidrochloridas (100 mg\/kg), chondroitino sulfatas (100 mg\/kg), d\u017eiovintos \u017eolel\u0117s (Yucca schidigera, Rosmarinus sp, Curcuma sp, Citrus sp, Eugenia sp).  Maistin\u0117s analiz\u0117s duomenys: \u017dali baltymai 37%, \u017eali riebalai 17%, Omega-3 riebal\u0173 r\u016bg\u0161tys 0,4%, Omega-6 riebal\u0173 r\u016bg\u0161tys 2,2%, \u017eali pelenai 7,5%, \u017ealia l\u0105steliena 3,0%, dr\u0117gm\u0117 6,0%, kalcis (Ca) 1,2%, fosforas (P) 1,0%, magnis (Mg) 0,09%.  Pa\u0161aro kaloringumas \u2013 4003 kcal\/kg.  Yra vietoje!\" \/>\n<meta property=\"og:url\" content=\"https:\/\/miumjau.ee\/lt\/produktas\/ambrosia-sausas-pasaras-katems-lasisa-ir-vistiena-5kg\/\" \/>\n<meta property=\"og:site_name\" content=\"MiuMjau\" \/>\n<meta property=\"article:publisher\" content=\"https:\/\/www.facebook.com\/miumjaupood\/\" \/>\n<meta property=\"article:modified_time\" content=\"2026-01-07T18:50:27+00:00\" \/>\n<meta property=\"og:image\" content=\"https:\/\/miumjau.ee\/wp-content\/uploads\/2024\/08\/ambrosia-Adult-Cat-Fresh-Salmon-Chicken-VA-0-2-.jpg\" \/>\n\t<meta property=\"og:image:width\" content=\"600\" \/>\n\t<meta property=\"og:image:height\" content=\"800\" \/>\n\t<meta property=\"og:image:type\" content=\"image\/jpeg\" \/>\n<meta name=\"twitter:card\" content=\"summary_large_image\" \/>\n<script type=\"application\/ld+json\" class=\"yoast-schema-graph\">{\"@context\":\"https:\\\/\\\/schema.org\",\"@graph\":[{\"@type\":\"WebPage\",\"@id\":\"https:\\\/\\\/miumjau.ee\\\/lt\\\/produktas\\\/ambrosia-sausas-pasaras-katems-lasisa-ir-vistiena-5kg\\\/\",\"url\":\"https:\\\/\\\/miumjau.ee\\\/lt\\\/produktas\\\/ambrosia-sausas-pasaras-katems-lasisa-ir-vistiena-5kg\\\/\",\"name\":\"Ambrosia sausas pa\u0161aras kat\u0117ms, la\u0161i\u0161a ir vi\u0161tiena, 5kg - MiuMjau\",\"isPartOf\":{\"@id\":\"https:\\\/\\\/miumjau.ee\\\/#website\"},\"primaryImageOfPage\":{\"@id\":\"https:\\\/\\\/miumjau.ee\\\/lt\\\/produktas\\\/ambrosia-sausas-pasaras-katems-lasisa-ir-vistiena-5kg\\\/#primaryimage\"},\"image\":{\"@id\":\"https:\\\/\\\/miumjau.ee\\\/lt\\\/produktas\\\/ambrosia-sausas-pasaras-katems-lasisa-ir-vistiena-5kg\\\/#primaryimage\"},\"thumbnailUrl\":\"https:\\\/\\\/miumjau.ee\\\/wp-content\\\/uploads\\\/2024\\\/08\\\/ambrosia-Adult-Cat-Fresh-Salmon-Chicken-VA-0-2-.jpg\",\"datePublished\":\"2024-08-09T09:00:54+00:00\",\"dateModified\":\"2026-01-07T18:50:27+00:00\",\"breadcrumb\":{\"@id\":\"https:\\\/\\\/miumjau.ee\\\/lt\\\/produktas\\\/ambrosia-sausas-pasaras-katems-lasisa-ir-vistiena-5kg\\\/#breadcrumb\"},\"inLanguage\":\"lt-LT\",\"potentialAction\":[{\"@type\":\"ReadAction\",\"target\":[\"https:\\\/\\\/miumjau.ee\\\/lt\\\/produktas\\\/ambrosia-sausas-pasaras-katems-lasisa-ir-vistiena-5kg\\\/\"]}]},{\"@type\":\"ImageObject\",\"inLanguage\":\"lt-LT\",\"@id\":\"https:\\\/\\\/miumjau.ee\\\/lt\\\/produktas\\\/ambrosia-sausas-pasaras-katems-lasisa-ir-vistiena-5kg\\\/#primaryimage\",\"url\":\"https:\\\/\\\/miumjau.ee\\\/wp-content\\\/uploads\\\/2024\\\/08\\\/ambrosia-Adult-Cat-Fresh-Salmon-Chicken-VA-0-2-.jpg\",\"contentUrl\":\"https:\\\/\\\/miumjau.ee\\\/wp-content\\\/uploads\\\/2024\\\/08\\\/ambrosia-Adult-Cat-Fresh-Salmon-Chicken-VA-0-2-.jpg\",\"width\":600,\"height\":800,\"caption\":\"ambrosia-Adult-Cat-Fresh-Salmon-Chicken-VA-0-2-.jpg\"},{\"@type\":\"BreadcrumbList\",\"@id\":\"https:\\\/\\\/miumjau.ee\\\/lt\\\/produktas\\\/ambrosia-sausas-pasaras-katems-lasisa-ir-vistiena-5kg\\\/#breadcrumb\",\"itemListElement\":[{\"@type\":\"ListItem\",\"position\":1,\"name\":\"Home\",\"item\":\"https:\\\/\\\/miumjau.ee\\\/lt\\\/\"},{\"@type\":\"ListItem\",\"position\":2,\"name\":\"Parduotuv\u0117\",\"item\":\"https:\\\/\\\/miumjau.ee\\\/lt\\\/parduotuve\\\/\"},{\"@type\":\"ListItem\",\"position\":3,\"name\":\"Ambrosia sausas pa\u0161aras kat\u0117ms, la\u0161i\u0161a ir vi\u0161tiena, 5kg\"}]},{\"@type\":\"WebSite\",\"@id\":\"https:\\\/\\\/miumjau.ee\\\/#website\",\"url\":\"https:\\\/\\\/miumjau.ee\\\/\",\"name\":\"MiuMjau\",\"description\":\"Kraapimispuud kassidele\",\"publisher\":{\"@id\":\"https:\\\/\\\/miumjau.ee\\\/#organization\"},\"potentialAction\":[{\"@type\":\"SearchAction\",\"target\":{\"@type\":\"EntryPoint\",\"urlTemplate\":\"https:\\\/\\\/miumjau.ee\\\/?s={search_term_string}\"},\"query-input\":{\"@type\":\"PropertyValueSpecification\",\"valueRequired\":true,\"valueName\":\"search_term_string\"}}],\"inLanguage\":\"lt-LT\"},{\"@type\":\"Organization\",\"@id\":\"https:\\\/\\\/miumjau.ee\\\/#organization\",\"name\":\"MiuMjau O\u00dc\",\"url\":\"https:\\\/\\\/miumjau.ee\\\/\",\"logo\":{\"@type\":\"ImageObject\",\"inLanguage\":\"lt-LT\",\"@id\":\"https:\\\/\\\/miumjau.ee\\\/#\\\/schema\\\/logo\\\/image\\\/\",\"url\":\"https:\\\/\\\/miumjau.ee\\\/wp-content\\\/uploads\\\/2022\\\/04\\\/MiuMjau-logo-kollane.png\",\"contentUrl\":\"https:\\\/\\\/miumjau.ee\\\/wp-content\\\/uploads\\\/2022\\\/04\\\/MiuMjau-logo-kollane.png\",\"width\":219,\"height\":100,\"caption\":\"MiuMjau O\u00dc\"},\"image\":{\"@id\":\"https:\\\/\\\/miumjau.ee\\\/#\\\/schema\\\/logo\\\/image\\\/\"},\"sameAs\":[\"https:\\\/\\\/www.facebook.com\\\/miumjaupood\\\/\"]}]}<\/script>\n<!-- \/ Yoast SEO plugin. -->","yoast_head_json":{"title":"Ambrosia sausas pa\u0161aras kat\u0117ms, la\u0161i\u0161a ir vi\u0161tiena, 5kg - MiuMjau","robots":{"index":"index","follow":"follow","max-snippet":"max-snippet:-1","max-image-preview":"max-image-preview:large","max-video-preview":"max-video-preview:-1"},"canonical":"https:\/\/miumjau.ee\/lt\/produktas\/ambrosia-sausas-pasaras-katems-lasisa-ir-vistiena-5kg\/","og_locale":"lt_LT","og_type":"article","og_title":"Ambrosia sausas pa\u0161aras kat\u0117ms, la\u0161i\u0161a ir vi\u0161tiena, 5kg - MiuMjau","og_description":"Ideali mityba suaugusioms ir sterilizuotoms kat\u0117ms. \u0160is puikiai subalansuotas tra\u0161kus pa\u0161aras sudarytas i\u0161 60% gyv\u016bnin\u0117s kilm\u0117s ingredient\u0173 ir 70% gyv\u016bnin\u0117s kilm\u0117s baltym\u0173, u\u017etikrinan\u010di\u0173 sveik\u0105 mityb\u0105. Tokie ingredientai kaip \u0161vie\u017eia la\u0161i\u0161a, d\u017eiovinta vi\u0161tiena, brokoliai, \u0161pinatai, spanguol\u0117s ir m\u0117lyn\u0117s suteikia katei visas b\u016btinas maistines med\u017eiagas ir vitaminus. Omega-3 ir Omega-6 riebal\u0173 r\u016bg\u0161tys padeda palaikyti kailio sveikat\u0105 ir bendr\u0105 savijaut\u0105. Tai taip pat idealus pasirinkimas jautresn\u012f vir\u0161kinim\u0105 turin\u010dioms kat\u0117ms.  Sud\u0117tis: \u0160vie\u017eia la\u0161i\u0161a be odos (25%), dehidratuotas pauk\u0161tienos baltymas (20%), \u017eirniai, skaldyti \u017eirniai, d\u017eiovinti bulvi\u0173 dribsniai, hidrolizuotas gyv\u016bninis baltymas (7%), gyv\u016bniniai riebalai (7%), bulvi\u0173 baltymas, d\u017eiovinta burok\u0117li\u0173 mas\u0117, mineralai, la\u0161i\u0161\u0173 aliejus (1%), d\u017eiovinti obuoliai, d\u017eiovintos morkos, MOS ir beta gliukanai, d\u017eiovinta cikorija (nat\u016bralus FOS ir inulino \u0161altinis), d\u017eiovintos alaus miel\u0117s, lignoceliulioz\u0117, d\u017eiovinti brokoliai, d\u017eiovinti \u0161pinatai, d\u017eiovinti pomidorai, d\u017eiovintos spanguol\u0117s, d\u017eiovintos m\u0117lyn\u0117s, gliukozamino hidrochloridas (100 mg\/kg), chondroitino sulfatas (100 mg\/kg), d\u017eiovintos \u017eolel\u0117s (Yucca schidigera, Rosmarinus sp, Curcuma sp, Citrus sp, Eugenia sp).  Maistin\u0117s analiz\u0117s duomenys: \u017dali baltymai 37%, \u017eali riebalai 17%, Omega-3 riebal\u0173 r\u016bg\u0161tys 0,4%, Omega-6 riebal\u0173 r\u016bg\u0161tys 2,2%, \u017eali pelenai 7,5%, \u017ealia l\u0105steliena 3,0%, dr\u0117gm\u0117 6,0%, kalcis (Ca) 1,2%, fosforas (P) 1,0%, magnis (Mg) 0,09%.  Pa\u0161aro kaloringumas \u2013 4003 kcal\/kg.  Yra vietoje!","og_url":"https:\/\/miumjau.ee\/lt\/produktas\/ambrosia-sausas-pasaras-katems-lasisa-ir-vistiena-5kg\/","og_site_name":"MiuMjau","article_publisher":"https:\/\/www.facebook.com\/miumjaupood\/","article_modified_time":"2026-01-07T18:50:27+00:00","og_image":[{"width":600,"height":800,"url":"https:\/\/miumjau.ee\/wp-content\/uploads\/2024\/08\/ambrosia-Adult-Cat-Fresh-Salmon-Chicken-VA-0-2-.jpg","type":"image\/jpeg"}],"twitter_card":"summary_large_image","schema":{"@context":"https:\/\/schema.org","@graph":[{"@type":"WebPage","@id":"https:\/\/miumjau.ee\/lt\/produktas\/ambrosia-sausas-pasaras-katems-lasisa-ir-vistiena-5kg\/","url":"https:\/\/miumjau.ee\/lt\/produktas\/ambrosia-sausas-pasaras-katems-lasisa-ir-vistiena-5kg\/","name":"Ambrosia sausas pa\u0161aras kat\u0117ms, la\u0161i\u0161a ir vi\u0161tiena, 5kg - MiuMjau","isPartOf":{"@id":"https:\/\/miumjau.ee\/#website"},"primaryImageOfPage":{"@id":"https:\/\/miumjau.ee\/lt\/produktas\/ambrosia-sausas-pasaras-katems-lasisa-ir-vistiena-5kg\/#primaryimage"},"image":{"@id":"https:\/\/miumjau.ee\/lt\/produktas\/ambrosia-sausas-pasaras-katems-lasisa-ir-vistiena-5kg\/#primaryimage"},"thumbnailUrl":"https:\/\/miumjau.ee\/wp-content\/uploads\/2024\/08\/ambrosia-Adult-Cat-Fresh-Salmon-Chicken-VA-0-2-.jpg","datePublished":"2024-08-09T09:00:54+00:00","dateModified":"2026-01-07T18:50:27+00:00","breadcrumb":{"@id":"https:\/\/miumjau.ee\/lt\/produktas\/ambrosia-sausas-pasaras-katems-lasisa-ir-vistiena-5kg\/#breadcrumb"},"inLanguage":"lt-LT","potentialAction":[{"@type":"ReadAction","target":["https:\/\/miumjau.ee\/lt\/produktas\/ambrosia-sausas-pasaras-katems-lasisa-ir-vistiena-5kg\/"]}]},{"@type":"ImageObject","inLanguage":"lt-LT","@id":"https:\/\/miumjau.ee\/lt\/produktas\/ambrosia-sausas-pasaras-katems-lasisa-ir-vistiena-5kg\/#primaryimage","url":"https:\/\/miumjau.ee\/wp-content\/uploads\/2024\/08\/ambrosia-Adult-Cat-Fresh-Salmon-Chicken-VA-0-2-.jpg","contentUrl":"https:\/\/miumjau.ee\/wp-content\/uploads\/2024\/08\/ambrosia-Adult-Cat-Fresh-Salmon-Chicken-VA-0-2-.jpg","width":600,"height":800,"caption":"ambrosia-Adult-Cat-Fresh-Salmon-Chicken-VA-0-2-.jpg"},{"@type":"BreadcrumbList","@id":"https:\/\/miumjau.ee\/lt\/produktas\/ambrosia-sausas-pasaras-katems-lasisa-ir-vistiena-5kg\/#breadcrumb","itemListElement":[{"@type":"ListItem","position":1,"name":"Home","item":"https:\/\/miumjau.ee\/lt\/"},{"@type":"ListItem","position":2,"name":"Parduotuv\u0117","item":"https:\/\/miumjau.ee\/lt\/parduotuve\/"},{"@type":"ListItem","position":3,"name":"Ambrosia sausas pa\u0161aras kat\u0117ms, la\u0161i\u0161a ir vi\u0161tiena, 5kg"}]},{"@type":"WebSite","@id":"https:\/\/miumjau.ee\/#website","url":"https:\/\/miumjau.ee\/","name":"MiuMjau","description":"Kraapimispuud kassidele","publisher":{"@id":"https:\/\/miumjau.ee\/#organization"},"potentialAction":[{"@type":"SearchAction","target":{"@type":"EntryPoint","urlTemplate":"https:\/\/miumjau.ee\/?s={search_term_string}"},"query-input":{"@type":"PropertyValueSpecification","valueRequired":true,"valueName":"search_term_string"}}],"inLanguage":"lt-LT"},{"@type":"Organization","@id":"https:\/\/miumjau.ee\/#organization","name":"MiuMjau O\u00dc","url":"https:\/\/miumjau.ee\/","logo":{"@type":"ImageObject","inLanguage":"lt-LT","@id":"https:\/\/miumjau.ee\/#\/schema\/logo\/image\/","url":"https:\/\/miumjau.ee\/wp-content\/uploads\/2022\/04\/MiuMjau-logo-kollane.png","contentUrl":"https:\/\/miumjau.ee\/wp-content\/uploads\/2022\/04\/MiuMjau-logo-kollane.png","width":219,"height":100,"caption":"MiuMjau O\u00dc"},"image":{"@id":"https:\/\/miumjau.ee\/#\/schema\/logo\/image\/"},"sameAs":["https:\/\/www.facebook.com\/miumjaupood\/"]}]}},"_links":{"self":[{"href":"https:\/\/miumjau.ee\/lt\/wp-json\/wp\/v2\/product\/43069","targetHints":{"allow":["GET"]}}],"collection":[{"href":"https:\/\/miumjau.ee\/lt\/wp-json\/wp\/v2\/product"}],"about":[{"href":"https:\/\/miumjau.ee\/lt\/wp-json\/wp\/v2\/types\/product"}],"wp:featuredmedia":[{"embeddable":true,"href":"https:\/\/miumjau.ee\/lt\/wp-json\/wp\/v2\/media\/43736"}],"wp:attachment":[{"href":"https:\/\/miumjau.ee\/lt\/wp-json\/wp\/v2\/media?parent=43069"}],"wp:term":[{"taxonomy":"product_brand","embeddable":true,"href":"https:\/\/miumjau.ee\/lt\/wp-json\/wp\/v2\/product_brand?post=43069"},{"taxonomy":"product_cat","embeddable":true,"href":"https:\/\/miumjau.ee\/lt\/wp-json\/wp\/v2\/product_cat?post=43069"},{"taxonomy":"product_tag","embeddable":true,"href":"https:\/\/miumjau.ee\/lt\/wp-json\/wp\/v2\/product_tag?post=43069"}],"curies":[{"name":"wp","href":"https:\/\/api.w.org\/{rel}","templated":true}]}}