{"id":43067,"date":"2024-08-09T11:56:17","date_gmt":"2024-08-09T08:56:17","guid":{"rendered":"https:\/\/miumjau.ee\/toode\/ambrosia-sausas-kaciu-kaciuku-maistas-su-kalakutiena-ir-vistiena-5-kg\/"},"modified":"2026-01-07T20:50:27","modified_gmt":"2026-01-07T18:50:27","slug":"ambrosia-sausas-kaciu-kaciuku-maistas-su-kalakutiena-ir-vistiena-5-kg","status":"publish","type":"product","link":"https:\/\/miumjau.ee\/lt\/produktas\/ambrosia-sausas-kaciu-kaciuku-maistas-su-kalakutiena-ir-vistiena-5-kg\/","title":{"rendered":"Ambrosia sausas ka\u010di\u0173 \/ ka\u010diuk\u0173 maistas su kalakutiena ir vi\u0161tiena, 5 kg"},"content":{"rendered":"","protected":false},"excerpt":{"rendered":"<p>Visavertis ir subalansuotas maistas, tinkamas tiek ka\u010diukams, tiek suaugusioms kat\u0117ms. Begr\u016bdis ir su dideliu m\u0117sos kiekiu!<\/p>\n<p><strong>Kas daro \u0161\u012f maist\u0105 ypatingu?<\/strong><br \/>\n\u0160iame maiste yra 71 % gyv\u016bnin\u0117s kilm\u0117s ingredient\u0173, o 88 % baltym\u0173 gaunama i\u0161 gyv\u016bnini\u0173 \u0161altini\u0173 \u2013 tai suteikia katei reikaling\u0105 didelio baltym\u0173 kiekio mityb\u0105. Sud\u0117tyje esantys \u0161vie\u017eia kalakutiena, vi\u0161tiena, moli\u016bgas, \u0161pinatai, spanguol\u0117s ir m\u0117lyn\u0117s u\u017etikrina visavert\u0119 mityb\u0105. Omega-3 ir Omega-6 riebal\u0173 r\u016bg\u0161tys palaiko kailio sveikat\u0105 ir bendr\u0105 savijaut\u0105. \u0160is begr\u016bdis maistas idealiai tinka kat\u0117ms, turin\u010dioms jautr\u0173 vir\u0161kinim\u0105.<\/p>\n<p><strong>Sud\u0117tis:<\/strong> Kalakutiena (30 %, \u012fskaitant \u0161vie\u017ei\u0105 bekaul\u0119 kalakutien\u0105 25 % ir dehidratuot\u0105 kalakutienos baltym\u0105 5 %), dehidratuotas vi\u0161tienos baltymas (27 %), bulvi\u0173 krakmolas, \u017ealieji \u017eirniai (10 %), hidrolizuotas gyv\u016bninis baltymas (6,5 %), gyv\u016bniniai riebalai (6,5 %), la\u0161i\u0161\u0173 aliejus (2 %), d\u017eiovintos burok\u0117li\u0173 i\u0161spaudos, bulvi\u0173 baltymas, lin\u0173 s\u0117menys, mineralai, d\u017eiovintas cikorijos \u0161aknis (0,5 %) (nat\u016bralus FOS ir inulino \u0161altinis), MOS ir beta gliukanai, d\u017eiovintos alaus miel\u0117s, d\u017eiovintas moli\u016bgas, d\u017eiovinti \u0161pinatai, d\u017eiovinti pomidorai, d\u017eiovintos spanguol\u0117s, d\u017eiovintos m\u0117lyn\u0117s, gliukozamino hidrochloridas (100 mg\/kg), chondroitino sulfatas (100 mg\/kg), d\u017eiovintos \u017eolel\u0117s (Yucca schidigera, rozmarinas, ciber\u017eol\u0117, citrusai, gvazdik\u0117liai).<\/p>\n<p><strong>Maistin\u0117s vert\u0117s analiz\u0117:<\/strong> \u017dali baltymai 40 %, \u017eali riebalai 20 %, Omega-3 riebal\u0173 r\u016bg\u0161tys 1,2 %, Omega-6 riebal\u0173 r\u016bg\u0161tys 2,8 %, \u017eali pelenai 8,5 %, \u017ealios skaidulos 2,0 %, dr\u0117gm\u0117 9,0 %, kalcis (Ca) 1,6 %, fosforas (P) 1,1 %, magnis (Mg) 0,1 %.<\/p>\n<p>Kaloringumas \u2013 4061 kcal\/kg.<\/p>\n<p>Turime i\u0161 karto!<\/p>\n","protected":false},"featured_media":43798,"template":"","meta":[],"product_brand":[],"product_cat":[528],"product_tag":[],"class_list":{"0":"post-43067","1":"product","2":"type-product","3":"status-publish","4":"has-post-thumbnail","6":"product_cat-sausas-maistas","8":"first","9":"instock","10":"taxable","11":"shipping-taxable","12":"purchasable","13":"product-type-simple"},"yoast_head":"<!-- This site is optimized with the Yoast SEO plugin v27.4 - https:\/\/yoast.com\/product\/yoast-seo-wordpress\/ -->\n<title>Ambrosia sausas ka\u010di\u0173 \/ ka\u010diuk\u0173 maistas su kalakutiena ir vi\u0161tiena, 5 kg - MiuMjau<\/title>\n<meta name=\"robots\" content=\"index, follow, max-snippet:-1, max-image-preview:large, max-video-preview:-1\" \/>\n<link rel=\"canonical\" href=\"https:\/\/miumjau.ee\/lt\/produktas\/ambrosia-sausas-kaciu-kaciuku-maistas-su-kalakutiena-ir-vistiena-5-kg\/\" \/>\n<meta property=\"og:locale\" content=\"lt_LT\" \/>\n<meta property=\"og:type\" content=\"article\" \/>\n<meta property=\"og:title\" content=\"Ambrosia sausas ka\u010di\u0173 \/ ka\u010diuk\u0173 maistas su kalakutiena ir vi\u0161tiena, 5 kg - MiuMjau\" \/>\n<meta property=\"og:description\" content=\"Visavertis ir subalansuotas maistas, tinkamas tiek ka\u010diukams, tiek suaugusioms kat\u0117ms. Begr\u016bdis ir su dideliu m\u0117sos kiekiu! Kas daro \u0161\u012f maist\u0105 ypatingu? \u0160iame maiste yra 71 % gyv\u016bnin\u0117s kilm\u0117s ingredient\u0173, o 88 % baltym\u0173 gaunama i\u0161 gyv\u016bnini\u0173 \u0161altini\u0173 \u2013 tai suteikia katei reikaling\u0105 didelio baltym\u0173 kiekio mityb\u0105. Sud\u0117tyje esantys \u0161vie\u017eia kalakutiena, vi\u0161tiena, moli\u016bgas, \u0161pinatai, spanguol\u0117s ir m\u0117lyn\u0117s u\u017etikrina visavert\u0119 mityb\u0105. Omega-3 ir Omega-6 riebal\u0173 r\u016bg\u0161tys palaiko kailio sveikat\u0105 ir bendr\u0105 savijaut\u0105. \u0160is begr\u016bdis maistas idealiai tinka kat\u0117ms, turin\u010dioms jautr\u0173 vir\u0161kinim\u0105. Sud\u0117tis: Kalakutiena (30 %, \u012fskaitant \u0161vie\u017ei\u0105 bekaul\u0119 kalakutien\u0105 25 % ir dehidratuot\u0105 kalakutienos baltym\u0105 5 %), dehidratuotas vi\u0161tienos baltymas (27 %), bulvi\u0173 krakmolas, \u017ealieji \u017eirniai (10 %), hidrolizuotas gyv\u016bninis baltymas (6,5 %), gyv\u016bniniai riebalai (6,5 %), la\u0161i\u0161\u0173 aliejus (2 %), d\u017eiovintos burok\u0117li\u0173 i\u0161spaudos, bulvi\u0173 baltymas, lin\u0173 s\u0117menys, mineralai, d\u017eiovintas cikorijos \u0161aknis (0,5 %) (nat\u016bralus FOS ir inulino \u0161altinis), MOS ir beta gliukanai, d\u017eiovintos alaus miel\u0117s, d\u017eiovintas moli\u016bgas, d\u017eiovinti \u0161pinatai, d\u017eiovinti pomidorai, d\u017eiovintos spanguol\u0117s, d\u017eiovintos m\u0117lyn\u0117s, gliukozamino hidrochloridas (100 mg\/kg), chondroitino sulfatas (100 mg\/kg), d\u017eiovintos \u017eolel\u0117s (Yucca schidigera, rozmarinas, ciber\u017eol\u0117, citrusai, gvazdik\u0117liai). Maistin\u0117s vert\u0117s analiz\u0117: \u017dali baltymai 40 %, \u017eali riebalai 20 %, Omega-3 riebal\u0173 r\u016bg\u0161tys 1,2 %, Omega-6 riebal\u0173 r\u016bg\u0161tys 2,8 %, \u017eali pelenai 8,5 %, \u017ealios skaidulos 2,0 %, dr\u0117gm\u0117 9,0 %, kalcis (Ca) 1,6 %, fosforas (P) 1,1 %, magnis (Mg) 0,1 %. Kaloringumas \u2013 4061 kcal\/kg. Turime i\u0161 karto!\" \/>\n<meta property=\"og:url\" content=\"https:\/\/miumjau.ee\/lt\/produktas\/ambrosia-sausas-kaciu-kaciuku-maistas-su-kalakutiena-ir-vistiena-5-kg\/\" \/>\n<meta property=\"og:site_name\" content=\"MiuMjau\" \/>\n<meta property=\"article:publisher\" content=\"https:\/\/www.facebook.com\/miumjaupood\/\" \/>\n<meta property=\"article:modified_time\" content=\"2026-01-07T18:50:27+00:00\" \/>\n<meta property=\"og:image\" content=\"https:\/\/miumjau.ee\/wp-content\/uploads\/2024\/08\/ambrosia-Fresh-Turkey-Chicken-0o-.jpg\" \/>\n\t<meta property=\"og:image:width\" content=\"600\" \/>\n\t<meta property=\"og:image:height\" content=\"800\" \/>\n\t<meta property=\"og:image:type\" content=\"image\/jpeg\" \/>\n<meta name=\"twitter:card\" content=\"summary_large_image\" \/>\n<script type=\"application\/ld+json\" class=\"yoast-schema-graph\">{\"@context\":\"https:\\\/\\\/schema.org\",\"@graph\":[{\"@type\":\"WebPage\",\"@id\":\"https:\\\/\\\/miumjau.ee\\\/lt\\\/produktas\\\/ambrosia-sausas-kaciu-kaciuku-maistas-su-kalakutiena-ir-vistiena-5-kg\\\/\",\"url\":\"https:\\\/\\\/miumjau.ee\\\/lt\\\/produktas\\\/ambrosia-sausas-kaciu-kaciuku-maistas-su-kalakutiena-ir-vistiena-5-kg\\\/\",\"name\":\"Ambrosia sausas ka\u010di\u0173 \\\/ ka\u010diuk\u0173 maistas su kalakutiena ir vi\u0161tiena, 5 kg - MiuMjau\",\"isPartOf\":{\"@id\":\"https:\\\/\\\/miumjau.ee\\\/#website\"},\"primaryImageOfPage\":{\"@id\":\"https:\\\/\\\/miumjau.ee\\\/lt\\\/produktas\\\/ambrosia-sausas-kaciu-kaciuku-maistas-su-kalakutiena-ir-vistiena-5-kg\\\/#primaryimage\"},\"image\":{\"@id\":\"https:\\\/\\\/miumjau.ee\\\/lt\\\/produktas\\\/ambrosia-sausas-kaciu-kaciuku-maistas-su-kalakutiena-ir-vistiena-5-kg\\\/#primaryimage\"},\"thumbnailUrl\":\"https:\\\/\\\/miumjau.ee\\\/wp-content\\\/uploads\\\/2024\\\/08\\\/ambrosia-Fresh-Turkey-Chicken-0o-.jpg\",\"datePublished\":\"2024-08-09T08:56:17+00:00\",\"dateModified\":\"2026-01-07T18:50:27+00:00\",\"breadcrumb\":{\"@id\":\"https:\\\/\\\/miumjau.ee\\\/lt\\\/produktas\\\/ambrosia-sausas-kaciu-kaciuku-maistas-su-kalakutiena-ir-vistiena-5-kg\\\/#breadcrumb\"},\"inLanguage\":\"lt-LT\",\"potentialAction\":[{\"@type\":\"ReadAction\",\"target\":[\"https:\\\/\\\/miumjau.ee\\\/lt\\\/produktas\\\/ambrosia-sausas-kaciu-kaciuku-maistas-su-kalakutiena-ir-vistiena-5-kg\\\/\"]}]},{\"@type\":\"ImageObject\",\"inLanguage\":\"lt-LT\",\"@id\":\"https:\\\/\\\/miumjau.ee\\\/lt\\\/produktas\\\/ambrosia-sausas-kaciu-kaciuku-maistas-su-kalakutiena-ir-vistiena-5-kg\\\/#primaryimage\",\"url\":\"https:\\\/\\\/miumjau.ee\\\/wp-content\\\/uploads\\\/2024\\\/08\\\/ambrosia-Fresh-Turkey-Chicken-0o-.jpg\",\"contentUrl\":\"https:\\\/\\\/miumjau.ee\\\/wp-content\\\/uploads\\\/2024\\\/08\\\/ambrosia-Fresh-Turkey-Chicken-0o-.jpg\",\"width\":600,\"height\":800,\"caption\":\"ambrosia-Fresh-Turkey-Chicken-0o-.jpg\"},{\"@type\":\"BreadcrumbList\",\"@id\":\"https:\\\/\\\/miumjau.ee\\\/lt\\\/produktas\\\/ambrosia-sausas-kaciu-kaciuku-maistas-su-kalakutiena-ir-vistiena-5-kg\\\/#breadcrumb\",\"itemListElement\":[{\"@type\":\"ListItem\",\"position\":1,\"name\":\"Home\",\"item\":\"https:\\\/\\\/miumjau.ee\\\/lt\\\/\"},{\"@type\":\"ListItem\",\"position\":2,\"name\":\"Parduotuv\u0117\",\"item\":\"https:\\\/\\\/miumjau.ee\\\/lt\\\/parduotuve\\\/\"},{\"@type\":\"ListItem\",\"position\":3,\"name\":\"Ambrosia sausas ka\u010di\u0173 \\\/ ka\u010diuk\u0173 maistas su kalakutiena ir vi\u0161tiena, 5 kg\"}]},{\"@type\":\"WebSite\",\"@id\":\"https:\\\/\\\/miumjau.ee\\\/#website\",\"url\":\"https:\\\/\\\/miumjau.ee\\\/\",\"name\":\"MiuMjau\",\"description\":\"Kraapimispuud kassidele\",\"publisher\":{\"@id\":\"https:\\\/\\\/miumjau.ee\\\/#organization\"},\"potentialAction\":[{\"@type\":\"SearchAction\",\"target\":{\"@type\":\"EntryPoint\",\"urlTemplate\":\"https:\\\/\\\/miumjau.ee\\\/?s={search_term_string}\"},\"query-input\":{\"@type\":\"PropertyValueSpecification\",\"valueRequired\":true,\"valueName\":\"search_term_string\"}}],\"inLanguage\":\"lt-LT\"},{\"@type\":\"Organization\",\"@id\":\"https:\\\/\\\/miumjau.ee\\\/#organization\",\"name\":\"MiuMjau O\u00dc\",\"url\":\"https:\\\/\\\/miumjau.ee\\\/\",\"logo\":{\"@type\":\"ImageObject\",\"inLanguage\":\"lt-LT\",\"@id\":\"https:\\\/\\\/miumjau.ee\\\/#\\\/schema\\\/logo\\\/image\\\/\",\"url\":\"https:\\\/\\\/miumjau.ee\\\/wp-content\\\/uploads\\\/2022\\\/04\\\/MiuMjau-logo-kollane.png\",\"contentUrl\":\"https:\\\/\\\/miumjau.ee\\\/wp-content\\\/uploads\\\/2022\\\/04\\\/MiuMjau-logo-kollane.png\",\"width\":219,\"height\":100,\"caption\":\"MiuMjau O\u00dc\"},\"image\":{\"@id\":\"https:\\\/\\\/miumjau.ee\\\/#\\\/schema\\\/logo\\\/image\\\/\"},\"sameAs\":[\"https:\\\/\\\/www.facebook.com\\\/miumjaupood\\\/\"]}]}<\/script>\n<!-- \/ Yoast SEO plugin. -->","yoast_head_json":{"title":"Ambrosia sausas ka\u010di\u0173 \/ ka\u010diuk\u0173 maistas su kalakutiena ir vi\u0161tiena, 5 kg - MiuMjau","robots":{"index":"index","follow":"follow","max-snippet":"max-snippet:-1","max-image-preview":"max-image-preview:large","max-video-preview":"max-video-preview:-1"},"canonical":"https:\/\/miumjau.ee\/lt\/produktas\/ambrosia-sausas-kaciu-kaciuku-maistas-su-kalakutiena-ir-vistiena-5-kg\/","og_locale":"lt_LT","og_type":"article","og_title":"Ambrosia sausas ka\u010di\u0173 \/ ka\u010diuk\u0173 maistas su kalakutiena ir vi\u0161tiena, 5 kg - MiuMjau","og_description":"Visavertis ir subalansuotas maistas, tinkamas tiek ka\u010diukams, tiek suaugusioms kat\u0117ms. Begr\u016bdis ir su dideliu m\u0117sos kiekiu! Kas daro \u0161\u012f maist\u0105 ypatingu? \u0160iame maiste yra 71 % gyv\u016bnin\u0117s kilm\u0117s ingredient\u0173, o 88 % baltym\u0173 gaunama i\u0161 gyv\u016bnini\u0173 \u0161altini\u0173 \u2013 tai suteikia katei reikaling\u0105 didelio baltym\u0173 kiekio mityb\u0105. Sud\u0117tyje esantys \u0161vie\u017eia kalakutiena, vi\u0161tiena, moli\u016bgas, \u0161pinatai, spanguol\u0117s ir m\u0117lyn\u0117s u\u017etikrina visavert\u0119 mityb\u0105. Omega-3 ir Omega-6 riebal\u0173 r\u016bg\u0161tys palaiko kailio sveikat\u0105 ir bendr\u0105 savijaut\u0105. \u0160is begr\u016bdis maistas idealiai tinka kat\u0117ms, turin\u010dioms jautr\u0173 vir\u0161kinim\u0105. Sud\u0117tis: Kalakutiena (30 %, \u012fskaitant \u0161vie\u017ei\u0105 bekaul\u0119 kalakutien\u0105 25 % ir dehidratuot\u0105 kalakutienos baltym\u0105 5 %), dehidratuotas vi\u0161tienos baltymas (27 %), bulvi\u0173 krakmolas, \u017ealieji \u017eirniai (10 %), hidrolizuotas gyv\u016bninis baltymas (6,5 %), gyv\u016bniniai riebalai (6,5 %), la\u0161i\u0161\u0173 aliejus (2 %), d\u017eiovintos burok\u0117li\u0173 i\u0161spaudos, bulvi\u0173 baltymas, lin\u0173 s\u0117menys, mineralai, d\u017eiovintas cikorijos \u0161aknis (0,5 %) (nat\u016bralus FOS ir inulino \u0161altinis), MOS ir beta gliukanai, d\u017eiovintos alaus miel\u0117s, d\u017eiovintas moli\u016bgas, d\u017eiovinti \u0161pinatai, d\u017eiovinti pomidorai, d\u017eiovintos spanguol\u0117s, d\u017eiovintos m\u0117lyn\u0117s, gliukozamino hidrochloridas (100 mg\/kg), chondroitino sulfatas (100 mg\/kg), d\u017eiovintos \u017eolel\u0117s (Yucca schidigera, rozmarinas, ciber\u017eol\u0117, citrusai, gvazdik\u0117liai). Maistin\u0117s vert\u0117s analiz\u0117: \u017dali baltymai 40 %, \u017eali riebalai 20 %, Omega-3 riebal\u0173 r\u016bg\u0161tys 1,2 %, Omega-6 riebal\u0173 r\u016bg\u0161tys 2,8 %, \u017eali pelenai 8,5 %, \u017ealios skaidulos 2,0 %, dr\u0117gm\u0117 9,0 %, kalcis (Ca) 1,6 %, fosforas (P) 1,1 %, magnis (Mg) 0,1 %. Kaloringumas \u2013 4061 kcal\/kg. Turime i\u0161 karto!","og_url":"https:\/\/miumjau.ee\/lt\/produktas\/ambrosia-sausas-kaciu-kaciuku-maistas-su-kalakutiena-ir-vistiena-5-kg\/","og_site_name":"MiuMjau","article_publisher":"https:\/\/www.facebook.com\/miumjaupood\/","article_modified_time":"2026-01-07T18:50:27+00:00","og_image":[{"width":600,"height":800,"url":"https:\/\/miumjau.ee\/wp-content\/uploads\/2024\/08\/ambrosia-Fresh-Turkey-Chicken-0o-.jpg","type":"image\/jpeg"}],"twitter_card":"summary_large_image","schema":{"@context":"https:\/\/schema.org","@graph":[{"@type":"WebPage","@id":"https:\/\/miumjau.ee\/lt\/produktas\/ambrosia-sausas-kaciu-kaciuku-maistas-su-kalakutiena-ir-vistiena-5-kg\/","url":"https:\/\/miumjau.ee\/lt\/produktas\/ambrosia-sausas-kaciu-kaciuku-maistas-su-kalakutiena-ir-vistiena-5-kg\/","name":"Ambrosia sausas ka\u010di\u0173 \/ ka\u010diuk\u0173 maistas su kalakutiena ir vi\u0161tiena, 5 kg - MiuMjau","isPartOf":{"@id":"https:\/\/miumjau.ee\/#website"},"primaryImageOfPage":{"@id":"https:\/\/miumjau.ee\/lt\/produktas\/ambrosia-sausas-kaciu-kaciuku-maistas-su-kalakutiena-ir-vistiena-5-kg\/#primaryimage"},"image":{"@id":"https:\/\/miumjau.ee\/lt\/produktas\/ambrosia-sausas-kaciu-kaciuku-maistas-su-kalakutiena-ir-vistiena-5-kg\/#primaryimage"},"thumbnailUrl":"https:\/\/miumjau.ee\/wp-content\/uploads\/2024\/08\/ambrosia-Fresh-Turkey-Chicken-0o-.jpg","datePublished":"2024-08-09T08:56:17+00:00","dateModified":"2026-01-07T18:50:27+00:00","breadcrumb":{"@id":"https:\/\/miumjau.ee\/lt\/produktas\/ambrosia-sausas-kaciu-kaciuku-maistas-su-kalakutiena-ir-vistiena-5-kg\/#breadcrumb"},"inLanguage":"lt-LT","potentialAction":[{"@type":"ReadAction","target":["https:\/\/miumjau.ee\/lt\/produktas\/ambrosia-sausas-kaciu-kaciuku-maistas-su-kalakutiena-ir-vistiena-5-kg\/"]}]},{"@type":"ImageObject","inLanguage":"lt-LT","@id":"https:\/\/miumjau.ee\/lt\/produktas\/ambrosia-sausas-kaciu-kaciuku-maistas-su-kalakutiena-ir-vistiena-5-kg\/#primaryimage","url":"https:\/\/miumjau.ee\/wp-content\/uploads\/2024\/08\/ambrosia-Fresh-Turkey-Chicken-0o-.jpg","contentUrl":"https:\/\/miumjau.ee\/wp-content\/uploads\/2024\/08\/ambrosia-Fresh-Turkey-Chicken-0o-.jpg","width":600,"height":800,"caption":"ambrosia-Fresh-Turkey-Chicken-0o-.jpg"},{"@type":"BreadcrumbList","@id":"https:\/\/miumjau.ee\/lt\/produktas\/ambrosia-sausas-kaciu-kaciuku-maistas-su-kalakutiena-ir-vistiena-5-kg\/#breadcrumb","itemListElement":[{"@type":"ListItem","position":1,"name":"Home","item":"https:\/\/miumjau.ee\/lt\/"},{"@type":"ListItem","position":2,"name":"Parduotuv\u0117","item":"https:\/\/miumjau.ee\/lt\/parduotuve\/"},{"@type":"ListItem","position":3,"name":"Ambrosia sausas ka\u010di\u0173 \/ ka\u010diuk\u0173 maistas su kalakutiena ir vi\u0161tiena, 5 kg"}]},{"@type":"WebSite","@id":"https:\/\/miumjau.ee\/#website","url":"https:\/\/miumjau.ee\/","name":"MiuMjau","description":"Kraapimispuud kassidele","publisher":{"@id":"https:\/\/miumjau.ee\/#organization"},"potentialAction":[{"@type":"SearchAction","target":{"@type":"EntryPoint","urlTemplate":"https:\/\/miumjau.ee\/?s={search_term_string}"},"query-input":{"@type":"PropertyValueSpecification","valueRequired":true,"valueName":"search_term_string"}}],"inLanguage":"lt-LT"},{"@type":"Organization","@id":"https:\/\/miumjau.ee\/#organization","name":"MiuMjau O\u00dc","url":"https:\/\/miumjau.ee\/","logo":{"@type":"ImageObject","inLanguage":"lt-LT","@id":"https:\/\/miumjau.ee\/#\/schema\/logo\/image\/","url":"https:\/\/miumjau.ee\/wp-content\/uploads\/2022\/04\/MiuMjau-logo-kollane.png","contentUrl":"https:\/\/miumjau.ee\/wp-content\/uploads\/2022\/04\/MiuMjau-logo-kollane.png","width":219,"height":100,"caption":"MiuMjau O\u00dc"},"image":{"@id":"https:\/\/miumjau.ee\/#\/schema\/logo\/image\/"},"sameAs":["https:\/\/www.facebook.com\/miumjaupood\/"]}]}},"_links":{"self":[{"href":"https:\/\/miumjau.ee\/lt\/wp-json\/wp\/v2\/product\/43067","targetHints":{"allow":["GET"]}}],"collection":[{"href":"https:\/\/miumjau.ee\/lt\/wp-json\/wp\/v2\/product"}],"about":[{"href":"https:\/\/miumjau.ee\/lt\/wp-json\/wp\/v2\/types\/product"}],"wp:featuredmedia":[{"embeddable":true,"href":"https:\/\/miumjau.ee\/lt\/wp-json\/wp\/v2\/media\/43798"}],"wp:attachment":[{"href":"https:\/\/miumjau.ee\/lt\/wp-json\/wp\/v2\/media?parent=43067"}],"wp:term":[{"taxonomy":"product_brand","embeddable":true,"href":"https:\/\/miumjau.ee\/lt\/wp-json\/wp\/v2\/product_brand?post=43067"},{"taxonomy":"product_cat","embeddable":true,"href":"https:\/\/miumjau.ee\/lt\/wp-json\/wp\/v2\/product_cat?post=43067"},{"taxonomy":"product_tag","embeddable":true,"href":"https:\/\/miumjau.ee\/lt\/wp-json\/wp\/v2\/product_tag?post=43067"}],"curies":[{"name":"wp","href":"https:\/\/api.w.org\/{rel}","templated":true}]}}