{"id":43058,"date":"2024-08-08T13:54:29","date_gmt":"2024-08-08T10:54:29","guid":{"rendered":"https:\/\/miumjau.ee\/toode\/kaciu-kraiko-deze-pussy-m-48x39-cm-melyna\/"},"modified":"2026-01-07T20:50:34","modified_gmt":"2026-01-07T18:50:34","slug":"kaciu-kraiko-deze-pussy-m-48x39-cm-melyna","status":"publish","type":"product","link":"https:\/\/miumjau.ee\/lt\/produktas\/kaciu-kraiko-deze-pussy-m-48x39-cm-melyna\/","title":{"rendered":"Ka\u010di\u0173 kraiko d\u0117\u017e\u0117 Pussy M 48&#215;39 cm, m\u0117lyna"},"content":{"rendered":"","protected":false},"excerpt":{"rendered":"<p>\u201eHappet\u201c ka\u010di\u0173 kraiko d\u0117\u017e\u0117 \u201ePussy M\u201c 48&#215;39 cm, m\u0117lyna.<br \/>\n\u201ePussy M\u201c turi auk\u0161t\u0105 r\u0117m\u0105, kuris padeda i\u0161laikyti namus \u0161varius \u2013 visi ka\u010di\u0173 \u0161eimininkai tai puikiai supranta!<\/p>\n<ul>\n<li>Patvari med\u017eiaga \u2013 vertinate daiktus, kurie tarnauja ilgiau?<\/li>\n<li>Lengva valyti \u2013 taupykite savo laik\u0105 ir energij\u0105<\/li>\n<\/ul>\n<p>Mes visi r\u016bpinam\u0117s \u0161vara aplink mus. Nepamir\u0161kime, kad kat\u0117s \u0161iuo klausimu itin jautrios! Jei norite i\u0161laikyti savo augintin\u012f sveik\u0105 ir \u0161var\u0173, rinkit\u0117s patikrint\u0105 produkt\u0105. Juk j\u016bs\u0173 kat\u0117 nusipelno geriausio!<\/p>\n<p><strong>Savyb\u0117s:<\/strong><\/p>\n<ul>\n<li>Med\u017eiaga: plastikas<\/li>\n<li>Ilgis: 48 cm<\/li>\n<li>Plotis: 39 cm<\/li>\n<li>Auk\u0161tis: 15 cm<\/li>\n<li>Pakuot\u0117s dydis: 48 x 39 x 9 cm<\/li>\n<li>Svoris: 0,77 kg<\/li>\n<\/ul>\n<p>Turime sand\u0117lyje!<\/p>\n","protected":false},"featured_media":43782,"template":"","meta":[],"product_brand":[],"product_cat":[531],"product_tag":[],"class_list":{"0":"post-43058","1":"product","2":"type-product","3":"status-publish","4":"has-post-thumbnail","6":"product_cat-kraiko-dezes","8":"first","9":"instock","10":"sale","11":"taxable","12":"shipping-taxable","13":"purchasable","14":"product-type-simple"},"yoast_head":"<!-- This site is optimized with the Yoast SEO plugin v27.2 - https:\/\/yoast.com\/product\/yoast-seo-wordpress\/ -->\n<title>Ka\u010di\u0173 kraiko d\u0117\u017e\u0117 Pussy M 48x39 cm, m\u0117lyna - MiuMjau<\/title>\n<meta name=\"robots\" content=\"index, follow, max-snippet:-1, max-image-preview:large, max-video-preview:-1\" \/>\n<link rel=\"canonical\" href=\"https:\/\/miumjau.ee\/lt\/produktas\/kaciu-kraiko-deze-pussy-m-48x39-cm-melyna\/\" \/>\n<meta property=\"og:locale\" content=\"lt_LT\" \/>\n<meta property=\"og:type\" content=\"article\" \/>\n<meta property=\"og:title\" content=\"Ka\u010di\u0173 kraiko d\u0117\u017e\u0117 Pussy M 48x39 cm, m\u0117lyna - MiuMjau\" \/>\n<meta property=\"og:description\" content=\"\u201eHappet\u201c ka\u010di\u0173 kraiko d\u0117\u017e\u0117 \u201ePussy M\u201c 48x39 cm, m\u0117lyna. \u201ePussy M\u201c turi auk\u0161t\u0105 r\u0117m\u0105, kuris padeda i\u0161laikyti namus \u0161varius \u2013 visi ka\u010di\u0173 \u0161eimininkai tai puikiai supranta! Patvari med\u017eiaga \u2013 vertinate daiktus, kurie tarnauja ilgiau? Lengva valyti \u2013 taupykite savo laik\u0105 ir energij\u0105 Mes visi r\u016bpinam\u0117s \u0161vara aplink mus. Nepamir\u0161kime, kad kat\u0117s \u0161iuo klausimu itin jautrios! Jei norite i\u0161laikyti savo augintin\u012f sveik\u0105 ir \u0161var\u0173, rinkit\u0117s patikrint\u0105 produkt\u0105. Juk j\u016bs\u0173 kat\u0117 nusipelno geriausio! Savyb\u0117s: Med\u017eiaga: plastikas Ilgis: 48 cm Plotis: 39 cm Auk\u0161tis: 15 cm Pakuot\u0117s dydis: 48 x 39 x 9 cm Svoris: 0,77 kg Turime sand\u0117lyje!\" \/>\n<meta property=\"og:url\" content=\"https:\/\/miumjau.ee\/lt\/produktas\/kaciu-kraiko-deze-pussy-m-48x39-cm-melyna\/\" \/>\n<meta property=\"og:site_name\" content=\"MiuMjau\" \/>\n<meta property=\"article:publisher\" content=\"https:\/\/www.facebook.com\/miumjaupood\/\" \/>\n<meta property=\"article:modified_time\" content=\"2026-01-07T18:50:34+00:00\" \/>\n<meta property=\"og:image\" content=\"https:\/\/miumjau.ee\/wp-content\/uploads\/2024\/08\/kassi-liivakast-pussy-m-48x39-cm-sinine-1.jpg\" \/>\n\t<meta property=\"og:image:width\" content=\"600\" \/>\n\t<meta property=\"og:image:height\" content=\"800\" \/>\n\t<meta property=\"og:image:type\" content=\"image\/jpeg\" \/>\n<meta name=\"twitter:card\" content=\"summary_large_image\" \/>\n<script type=\"application\/ld+json\" class=\"yoast-schema-graph\">{\"@context\":\"https:\/\/schema.org\",\"@graph\":[{\"@type\":\"WebPage\",\"@id\":\"https:\/\/miumjau.ee\/lt\/produktas\/kaciu-kraiko-deze-pussy-m-48x39-cm-melyna\/\",\"url\":\"https:\/\/miumjau.ee\/lt\/produktas\/kaciu-kraiko-deze-pussy-m-48x39-cm-melyna\/\",\"name\":\"Ka\u010di\u0173 kraiko d\u0117\u017e\u0117 Pussy M 48x39 cm, m\u0117lyna - MiuMjau\",\"isPartOf\":{\"@id\":\"https:\/\/miumjau.ee\/#website\"},\"primaryImageOfPage\":{\"@id\":\"https:\/\/miumjau.ee\/lt\/produktas\/kaciu-kraiko-deze-pussy-m-48x39-cm-melyna\/#primaryimage\"},\"image\":{\"@id\":\"https:\/\/miumjau.ee\/lt\/produktas\/kaciu-kraiko-deze-pussy-m-48x39-cm-melyna\/#primaryimage\"},\"thumbnailUrl\":\"https:\/\/miumjau.ee\/wp-content\/uploads\/2024\/08\/kassi-liivakast-pussy-m-48x39-cm-sinine-1.jpg\",\"datePublished\":\"2024-08-08T10:54:29+00:00\",\"dateModified\":\"2026-01-07T18:50:34+00:00\",\"breadcrumb\":{\"@id\":\"https:\/\/miumjau.ee\/lt\/produktas\/kaciu-kraiko-deze-pussy-m-48x39-cm-melyna\/#breadcrumb\"},\"inLanguage\":\"lt-LT\",\"potentialAction\":[{\"@type\":\"ReadAction\",\"target\":[\"https:\/\/miumjau.ee\/lt\/produktas\/kaciu-kraiko-deze-pussy-m-48x39-cm-melyna\/\"]}]},{\"@type\":\"ImageObject\",\"inLanguage\":\"lt-LT\",\"@id\":\"https:\/\/miumjau.ee\/lt\/produktas\/kaciu-kraiko-deze-pussy-m-48x39-cm-melyna\/#primaryimage\",\"url\":\"https:\/\/miumjau.ee\/wp-content\/uploads\/2024\/08\/kassi-liivakast-pussy-m-48x39-cm-sinine-1.jpg\",\"contentUrl\":\"https:\/\/miumjau.ee\/wp-content\/uploads\/2024\/08\/kassi-liivakast-pussy-m-48x39-cm-sinine-1.jpg\",\"width\":600,\"height\":800,\"caption\":\"Kassi liivakast Pussy M 48x39 cm, sinine\"},{\"@type\":\"BreadcrumbList\",\"@id\":\"https:\/\/miumjau.ee\/lt\/produktas\/kaciu-kraiko-deze-pussy-m-48x39-cm-melyna\/#breadcrumb\",\"itemListElement\":[{\"@type\":\"ListItem\",\"position\":1,\"name\":\"Home\",\"item\":\"https:\/\/miumjau.ee\/lt\/\"},{\"@type\":\"ListItem\",\"position\":2,\"name\":\"Parduotuv\u0117\",\"item\":\"https:\/\/miumjau.ee\/lt\/parduotuve\/\"},{\"@type\":\"ListItem\",\"position\":3,\"name\":\"Ka\u010di\u0173 kraiko d\u0117\u017e\u0117 Pussy M 48&#215;39 cm, m\u0117lyna\"}]},{\"@type\":\"WebSite\",\"@id\":\"https:\/\/miumjau.ee\/#website\",\"url\":\"https:\/\/miumjau.ee\/\",\"name\":\"MiuMjau\",\"description\":\"Kraapimispuud kassidele\",\"publisher\":{\"@id\":\"https:\/\/miumjau.ee\/#organization\"},\"potentialAction\":[{\"@type\":\"SearchAction\",\"target\":{\"@type\":\"EntryPoint\",\"urlTemplate\":\"https:\/\/miumjau.ee\/?s={search_term_string}\"},\"query-input\":{\"@type\":\"PropertyValueSpecification\",\"valueRequired\":true,\"valueName\":\"search_term_string\"}}],\"inLanguage\":\"lt-LT\"},{\"@type\":\"Organization\",\"@id\":\"https:\/\/miumjau.ee\/#organization\",\"name\":\"MiuMjau O\u00dc\",\"url\":\"https:\/\/miumjau.ee\/\",\"logo\":{\"@type\":\"ImageObject\",\"inLanguage\":\"lt-LT\",\"@id\":\"https:\/\/miumjau.ee\/#\/schema\/logo\/image\/\",\"url\":\"https:\/\/miumjau.ee\/wp-content\/uploads\/2022\/04\/MiuMjau-logo-kollane.png\",\"contentUrl\":\"https:\/\/miumjau.ee\/wp-content\/uploads\/2022\/04\/MiuMjau-logo-kollane.png\",\"width\":219,\"height\":100,\"caption\":\"MiuMjau O\u00dc\"},\"image\":{\"@id\":\"https:\/\/miumjau.ee\/#\/schema\/logo\/image\/\"},\"sameAs\":[\"https:\/\/www.facebook.com\/miumjaupood\/\"]}]}<\/script>\n<!-- \/ Yoast SEO plugin. -->","yoast_head_json":{"title":"Ka\u010di\u0173 kraiko d\u0117\u017e\u0117 Pussy M 48x39 cm, m\u0117lyna - MiuMjau","robots":{"index":"index","follow":"follow","max-snippet":"max-snippet:-1","max-image-preview":"max-image-preview:large","max-video-preview":"max-video-preview:-1"},"canonical":"https:\/\/miumjau.ee\/lt\/produktas\/kaciu-kraiko-deze-pussy-m-48x39-cm-melyna\/","og_locale":"lt_LT","og_type":"article","og_title":"Ka\u010di\u0173 kraiko d\u0117\u017e\u0117 Pussy M 48x39 cm, m\u0117lyna - MiuMjau","og_description":"\u201eHappet\u201c ka\u010di\u0173 kraiko d\u0117\u017e\u0117 \u201ePussy M\u201c 48x39 cm, m\u0117lyna. \u201ePussy M\u201c turi auk\u0161t\u0105 r\u0117m\u0105, kuris padeda i\u0161laikyti namus \u0161varius \u2013 visi ka\u010di\u0173 \u0161eimininkai tai puikiai supranta! Patvari med\u017eiaga \u2013 vertinate daiktus, kurie tarnauja ilgiau? Lengva valyti \u2013 taupykite savo laik\u0105 ir energij\u0105 Mes visi r\u016bpinam\u0117s \u0161vara aplink mus. Nepamir\u0161kime, kad kat\u0117s \u0161iuo klausimu itin jautrios! Jei norite i\u0161laikyti savo augintin\u012f sveik\u0105 ir \u0161var\u0173, rinkit\u0117s patikrint\u0105 produkt\u0105. Juk j\u016bs\u0173 kat\u0117 nusipelno geriausio! Savyb\u0117s: Med\u017eiaga: plastikas Ilgis: 48 cm Plotis: 39 cm Auk\u0161tis: 15 cm Pakuot\u0117s dydis: 48 x 39 x 9 cm Svoris: 0,77 kg Turime sand\u0117lyje!","og_url":"https:\/\/miumjau.ee\/lt\/produktas\/kaciu-kraiko-deze-pussy-m-48x39-cm-melyna\/","og_site_name":"MiuMjau","article_publisher":"https:\/\/www.facebook.com\/miumjaupood\/","article_modified_time":"2026-01-07T18:50:34+00:00","og_image":[{"width":600,"height":800,"url":"https:\/\/miumjau.ee\/wp-content\/uploads\/2024\/08\/kassi-liivakast-pussy-m-48x39-cm-sinine-1.jpg","type":"image\/jpeg"}],"twitter_card":"summary_large_image","schema":{"@context":"https:\/\/schema.org","@graph":[{"@type":"WebPage","@id":"https:\/\/miumjau.ee\/lt\/produktas\/kaciu-kraiko-deze-pussy-m-48x39-cm-melyna\/","url":"https:\/\/miumjau.ee\/lt\/produktas\/kaciu-kraiko-deze-pussy-m-48x39-cm-melyna\/","name":"Ka\u010di\u0173 kraiko d\u0117\u017e\u0117 Pussy M 48x39 cm, m\u0117lyna - MiuMjau","isPartOf":{"@id":"https:\/\/miumjau.ee\/#website"},"primaryImageOfPage":{"@id":"https:\/\/miumjau.ee\/lt\/produktas\/kaciu-kraiko-deze-pussy-m-48x39-cm-melyna\/#primaryimage"},"image":{"@id":"https:\/\/miumjau.ee\/lt\/produktas\/kaciu-kraiko-deze-pussy-m-48x39-cm-melyna\/#primaryimage"},"thumbnailUrl":"https:\/\/miumjau.ee\/wp-content\/uploads\/2024\/08\/kassi-liivakast-pussy-m-48x39-cm-sinine-1.jpg","datePublished":"2024-08-08T10:54:29+00:00","dateModified":"2026-01-07T18:50:34+00:00","breadcrumb":{"@id":"https:\/\/miumjau.ee\/lt\/produktas\/kaciu-kraiko-deze-pussy-m-48x39-cm-melyna\/#breadcrumb"},"inLanguage":"lt-LT","potentialAction":[{"@type":"ReadAction","target":["https:\/\/miumjau.ee\/lt\/produktas\/kaciu-kraiko-deze-pussy-m-48x39-cm-melyna\/"]}]},{"@type":"ImageObject","inLanguage":"lt-LT","@id":"https:\/\/miumjau.ee\/lt\/produktas\/kaciu-kraiko-deze-pussy-m-48x39-cm-melyna\/#primaryimage","url":"https:\/\/miumjau.ee\/wp-content\/uploads\/2024\/08\/kassi-liivakast-pussy-m-48x39-cm-sinine-1.jpg","contentUrl":"https:\/\/miumjau.ee\/wp-content\/uploads\/2024\/08\/kassi-liivakast-pussy-m-48x39-cm-sinine-1.jpg","width":600,"height":800,"caption":"Kassi liivakast Pussy M 48x39 cm, sinine"},{"@type":"BreadcrumbList","@id":"https:\/\/miumjau.ee\/lt\/produktas\/kaciu-kraiko-deze-pussy-m-48x39-cm-melyna\/#breadcrumb","itemListElement":[{"@type":"ListItem","position":1,"name":"Home","item":"https:\/\/miumjau.ee\/lt\/"},{"@type":"ListItem","position":2,"name":"Parduotuv\u0117","item":"https:\/\/miumjau.ee\/lt\/parduotuve\/"},{"@type":"ListItem","position":3,"name":"Ka\u010di\u0173 kraiko d\u0117\u017e\u0117 Pussy M 48&#215;39 cm, m\u0117lyna"}]},{"@type":"WebSite","@id":"https:\/\/miumjau.ee\/#website","url":"https:\/\/miumjau.ee\/","name":"MiuMjau","description":"Kraapimispuud kassidele","publisher":{"@id":"https:\/\/miumjau.ee\/#organization"},"potentialAction":[{"@type":"SearchAction","target":{"@type":"EntryPoint","urlTemplate":"https:\/\/miumjau.ee\/?s={search_term_string}"},"query-input":{"@type":"PropertyValueSpecification","valueRequired":true,"valueName":"search_term_string"}}],"inLanguage":"lt-LT"},{"@type":"Organization","@id":"https:\/\/miumjau.ee\/#organization","name":"MiuMjau O\u00dc","url":"https:\/\/miumjau.ee\/","logo":{"@type":"ImageObject","inLanguage":"lt-LT","@id":"https:\/\/miumjau.ee\/#\/schema\/logo\/image\/","url":"https:\/\/miumjau.ee\/wp-content\/uploads\/2022\/04\/MiuMjau-logo-kollane.png","contentUrl":"https:\/\/miumjau.ee\/wp-content\/uploads\/2022\/04\/MiuMjau-logo-kollane.png","width":219,"height":100,"caption":"MiuMjau O\u00dc"},"image":{"@id":"https:\/\/miumjau.ee\/#\/schema\/logo\/image\/"},"sameAs":["https:\/\/www.facebook.com\/miumjaupood\/"]}]}},"_links":{"self":[{"href":"https:\/\/miumjau.ee\/lt\/wp-json\/wp\/v2\/product\/43058","targetHints":{"allow":["GET"]}}],"collection":[{"href":"https:\/\/miumjau.ee\/lt\/wp-json\/wp\/v2\/product"}],"about":[{"href":"https:\/\/miumjau.ee\/lt\/wp-json\/wp\/v2\/types\/product"}],"wp:featuredmedia":[{"embeddable":true,"href":"https:\/\/miumjau.ee\/lt\/wp-json\/wp\/v2\/media\/43782"}],"wp:attachment":[{"href":"https:\/\/miumjau.ee\/lt\/wp-json\/wp\/v2\/media?parent=43058"}],"wp:term":[{"taxonomy":"product_brand","embeddable":true,"href":"https:\/\/miumjau.ee\/lt\/wp-json\/wp\/v2\/product_brand?post=43058"},{"taxonomy":"product_cat","embeddable":true,"href":"https:\/\/miumjau.ee\/lt\/wp-json\/wp\/v2\/product_cat?post=43058"},{"taxonomy":"product_tag","embeddable":true,"href":"https:\/\/miumjau.ee\/lt\/wp-json\/wp\/v2\/product_tag?post=43058"}],"curies":[{"name":"wp","href":"https:\/\/api.w.org\/{rel}","templated":true}]}}