{"id":43050,"date":"2024-08-08T10:16:54","date_gmt":"2024-08-08T07:16:54","guid":{"rendered":"https:\/\/miumjau.ee\/toode\/kaciu-kraiko-deze-kitty-50x40-cm-pilka\/"},"modified":"2026-01-07T20:50:42","modified_gmt":"2026-01-07T18:50:42","slug":"kaciu-kraiko-deze-kitty-50x40-cm-pilka","status":"publish","type":"product","link":"https:\/\/miumjau.ee\/lt\/produktas\/kaciu-kraiko-deze-kitty-50x40-cm-pilka\/","title":{"rendered":"Ka\u010di\u0173 kraiko d\u0117\u017e\u0117 Kitty 50&#215;40 cm, pilka"},"content":{"rendered":"","protected":false},"excerpt":{"rendered":"<p>\u201eKitty\u201c kraiko d\u0117\u017e\u0117 su r\u0117mu ir specialiu \u012f\u0117jimu. M\u016bs\u0173 kraiko d\u0117\u017e\u0117 turi auk\u0161t\u0105 r\u0117m\u0105, kuris padeda i\u0161laikyti namus \u0161varius, bei special\u0173 \u012f\u0117jim\u0105, kad b\u016bt\u0173 patogiau vyresniems ar sergantiems gyv\u016bnams.<\/p>\n<ul>\n<li>Patvari med\u017eiaga \u2013 vertinate daiktus, kurie tarnauja ilgiau?<\/li>\n<li>Lengva valyti \u2013 taupykite savo laik\u0105 ir energij\u0105<\/li>\n<\/ul>\n<p>Mes visi r\u016bpinam\u0117s \u0161vara aplink mus. Ir nepamir\u0161kime \u2013 kat\u0117s \u0161iam klausimui itin jautrios! Jei norite i\u0161laikyti savo augintin\u012f sveik\u0105 ir \u0161var\u0173, rinkit\u0117s patikrint\u0105 produkt\u0105. Juk j\u016bs\u0173 kat\u0117 nusipelno geriausio!<\/p>\n<p><strong>Savyb\u0117s:<\/strong><\/p>\n<ul>\n<li>Med\u017eiaga: plastikas<\/li>\n<li>Ilgis: 50 cm<\/li>\n<li>Plotis: 40 cm<\/li>\n<li>Auk\u0161tis: 16 cm<\/li>\n<li>Pakuot\u0117s dydis: 55 x 45 x 17 cm<\/li>\n<\/ul>\n<p>Turime sand\u0117lyje!<\/p>\n","protected":false},"featured_media":43767,"template":"","meta":[],"product_brand":[],"product_cat":[531],"product_tag":[],"class_list":{"0":"post-43050","1":"product","2":"type-product","3":"status-publish","4":"has-post-thumbnail","6":"product_cat-kraiko-dezes","7":"product_shipping_class-pakiautomaati-sobimatu-lt","9":"first","10":"instock","11":"taxable","12":"shipping-taxable","13":"purchasable","14":"product-type-simple"},"yoast_head":"<!-- This site is optimized with the Yoast SEO plugin v27.2 - https:\/\/yoast.com\/product\/yoast-seo-wordpress\/ -->\n<title>Ka\u010di\u0173 kraiko d\u0117\u017e\u0117 Kitty 50x40 cm, pilka - MiuMjau<\/title>\n<meta name=\"robots\" content=\"index, follow, max-snippet:-1, max-image-preview:large, max-video-preview:-1\" \/>\n<link rel=\"canonical\" href=\"https:\/\/miumjau.ee\/lt\/produktas\/kaciu-kraiko-deze-kitty-50x40-cm-pilka\/\" \/>\n<meta property=\"og:locale\" content=\"lt_LT\" \/>\n<meta property=\"og:type\" content=\"article\" \/>\n<meta property=\"og:title\" content=\"Ka\u010di\u0173 kraiko d\u0117\u017e\u0117 Kitty 50x40 cm, pilka - MiuMjau\" \/>\n<meta property=\"og:description\" content=\"\u201eKitty\u201c kraiko d\u0117\u017e\u0117 su r\u0117mu ir specialiu \u012f\u0117jimu. M\u016bs\u0173 kraiko d\u0117\u017e\u0117 turi auk\u0161t\u0105 r\u0117m\u0105, kuris padeda i\u0161laikyti namus \u0161varius, bei special\u0173 \u012f\u0117jim\u0105, kad b\u016bt\u0173 patogiau vyresniems ar sergantiems gyv\u016bnams. Patvari med\u017eiaga \u2013 vertinate daiktus, kurie tarnauja ilgiau? Lengva valyti \u2013 taupykite savo laik\u0105 ir energij\u0105 Mes visi r\u016bpinam\u0117s \u0161vara aplink mus. Ir nepamir\u0161kime \u2013 kat\u0117s \u0161iam klausimui itin jautrios! Jei norite i\u0161laikyti savo augintin\u012f sveik\u0105 ir \u0161var\u0173, rinkit\u0117s patikrint\u0105 produkt\u0105. Juk j\u016bs\u0173 kat\u0117 nusipelno geriausio! Savyb\u0117s: Med\u017eiaga: plastikas Ilgis: 50 cm Plotis: 40 cm Auk\u0161tis: 16 cm Pakuot\u0117s dydis: 55 x 45 x 17 cm Turime sand\u0117lyje!\" \/>\n<meta property=\"og:url\" content=\"https:\/\/miumjau.ee\/lt\/produktas\/kaciu-kraiko-deze-kitty-50x40-cm-pilka\/\" \/>\n<meta property=\"og:site_name\" content=\"MiuMjau\" \/>\n<meta property=\"article:publisher\" content=\"https:\/\/www.facebook.com\/miumjaupood\/\" \/>\n<meta property=\"article:modified_time\" content=\"2026-01-07T18:50:42+00:00\" \/>\n<meta property=\"og:image\" content=\"https:\/\/miumjau.ee\/wp-content\/uploads\/2024\/08\/kassi-liivakast-kitty-55x45-cm-hall.jpg\" \/>\n\t<meta property=\"og:image:width\" content=\"600\" \/>\n\t<meta property=\"og:image:height\" content=\"800\" \/>\n\t<meta property=\"og:image:type\" content=\"image\/jpeg\" \/>\n<meta name=\"twitter:card\" content=\"summary_large_image\" \/>\n<script type=\"application\/ld+json\" class=\"yoast-schema-graph\">{\"@context\":\"https:\/\/schema.org\",\"@graph\":[{\"@type\":\"WebPage\",\"@id\":\"https:\/\/miumjau.ee\/lt\/produktas\/kaciu-kraiko-deze-kitty-50x40-cm-pilka\/\",\"url\":\"https:\/\/miumjau.ee\/lt\/produktas\/kaciu-kraiko-deze-kitty-50x40-cm-pilka\/\",\"name\":\"Ka\u010di\u0173 kraiko d\u0117\u017e\u0117 Kitty 50x40 cm, pilka - MiuMjau\",\"isPartOf\":{\"@id\":\"https:\/\/miumjau.ee\/#website\"},\"primaryImageOfPage\":{\"@id\":\"https:\/\/miumjau.ee\/lt\/produktas\/kaciu-kraiko-deze-kitty-50x40-cm-pilka\/#primaryimage\"},\"image\":{\"@id\":\"https:\/\/miumjau.ee\/lt\/produktas\/kaciu-kraiko-deze-kitty-50x40-cm-pilka\/#primaryimage\"},\"thumbnailUrl\":\"https:\/\/miumjau.ee\/wp-content\/uploads\/2024\/08\/kassi-liivakast-kitty-55x45-cm-hall.jpg\",\"datePublished\":\"2024-08-08T07:16:54+00:00\",\"dateModified\":\"2026-01-07T18:50:42+00:00\",\"breadcrumb\":{\"@id\":\"https:\/\/miumjau.ee\/lt\/produktas\/kaciu-kraiko-deze-kitty-50x40-cm-pilka\/#breadcrumb\"},\"inLanguage\":\"lt-LT\",\"potentialAction\":[{\"@type\":\"ReadAction\",\"target\":[\"https:\/\/miumjau.ee\/lt\/produktas\/kaciu-kraiko-deze-kitty-50x40-cm-pilka\/\"]}]},{\"@type\":\"ImageObject\",\"inLanguage\":\"lt-LT\",\"@id\":\"https:\/\/miumjau.ee\/lt\/produktas\/kaciu-kraiko-deze-kitty-50x40-cm-pilka\/#primaryimage\",\"url\":\"https:\/\/miumjau.ee\/wp-content\/uploads\/2024\/08\/kassi-liivakast-kitty-55x45-cm-hall.jpg\",\"contentUrl\":\"https:\/\/miumjau.ee\/wp-content\/uploads\/2024\/08\/kassi-liivakast-kitty-55x45-cm-hall.jpg\",\"width\":600,\"height\":800,\"caption\":\"Kassi liivakast Kitty 50x40 cm, hall\"},{\"@type\":\"BreadcrumbList\",\"@id\":\"https:\/\/miumjau.ee\/lt\/produktas\/kaciu-kraiko-deze-kitty-50x40-cm-pilka\/#breadcrumb\",\"itemListElement\":[{\"@type\":\"ListItem\",\"position\":1,\"name\":\"Home\",\"item\":\"https:\/\/miumjau.ee\/lt\/\"},{\"@type\":\"ListItem\",\"position\":2,\"name\":\"Parduotuv\u0117\",\"item\":\"https:\/\/miumjau.ee\/lt\/parduotuve\/\"},{\"@type\":\"ListItem\",\"position\":3,\"name\":\"Ka\u010di\u0173 kraiko d\u0117\u017e\u0117 Kitty 50&#215;40 cm, pilka\"}]},{\"@type\":\"WebSite\",\"@id\":\"https:\/\/miumjau.ee\/#website\",\"url\":\"https:\/\/miumjau.ee\/\",\"name\":\"MiuMjau\",\"description\":\"Kraapimispuud kassidele\",\"publisher\":{\"@id\":\"https:\/\/miumjau.ee\/#organization\"},\"potentialAction\":[{\"@type\":\"SearchAction\",\"target\":{\"@type\":\"EntryPoint\",\"urlTemplate\":\"https:\/\/miumjau.ee\/?s={search_term_string}\"},\"query-input\":{\"@type\":\"PropertyValueSpecification\",\"valueRequired\":true,\"valueName\":\"search_term_string\"}}],\"inLanguage\":\"lt-LT\"},{\"@type\":\"Organization\",\"@id\":\"https:\/\/miumjau.ee\/#organization\",\"name\":\"MiuMjau O\u00dc\",\"url\":\"https:\/\/miumjau.ee\/\",\"logo\":{\"@type\":\"ImageObject\",\"inLanguage\":\"lt-LT\",\"@id\":\"https:\/\/miumjau.ee\/#\/schema\/logo\/image\/\",\"url\":\"https:\/\/miumjau.ee\/wp-content\/uploads\/2022\/04\/MiuMjau-logo-kollane.png\",\"contentUrl\":\"https:\/\/miumjau.ee\/wp-content\/uploads\/2022\/04\/MiuMjau-logo-kollane.png\",\"width\":219,\"height\":100,\"caption\":\"MiuMjau O\u00dc\"},\"image\":{\"@id\":\"https:\/\/miumjau.ee\/#\/schema\/logo\/image\/\"},\"sameAs\":[\"https:\/\/www.facebook.com\/miumjaupood\/\"]}]}<\/script>\n<!-- \/ Yoast SEO plugin. -->","yoast_head_json":{"title":"Ka\u010di\u0173 kraiko d\u0117\u017e\u0117 Kitty 50x40 cm, pilka - MiuMjau","robots":{"index":"index","follow":"follow","max-snippet":"max-snippet:-1","max-image-preview":"max-image-preview:large","max-video-preview":"max-video-preview:-1"},"canonical":"https:\/\/miumjau.ee\/lt\/produktas\/kaciu-kraiko-deze-kitty-50x40-cm-pilka\/","og_locale":"lt_LT","og_type":"article","og_title":"Ka\u010di\u0173 kraiko d\u0117\u017e\u0117 Kitty 50x40 cm, pilka - MiuMjau","og_description":"\u201eKitty\u201c kraiko d\u0117\u017e\u0117 su r\u0117mu ir specialiu \u012f\u0117jimu. M\u016bs\u0173 kraiko d\u0117\u017e\u0117 turi auk\u0161t\u0105 r\u0117m\u0105, kuris padeda i\u0161laikyti namus \u0161varius, bei special\u0173 \u012f\u0117jim\u0105, kad b\u016bt\u0173 patogiau vyresniems ar sergantiems gyv\u016bnams. Patvari med\u017eiaga \u2013 vertinate daiktus, kurie tarnauja ilgiau? Lengva valyti \u2013 taupykite savo laik\u0105 ir energij\u0105 Mes visi r\u016bpinam\u0117s \u0161vara aplink mus. Ir nepamir\u0161kime \u2013 kat\u0117s \u0161iam klausimui itin jautrios! Jei norite i\u0161laikyti savo augintin\u012f sveik\u0105 ir \u0161var\u0173, rinkit\u0117s patikrint\u0105 produkt\u0105. Juk j\u016bs\u0173 kat\u0117 nusipelno geriausio! Savyb\u0117s: Med\u017eiaga: plastikas Ilgis: 50 cm Plotis: 40 cm Auk\u0161tis: 16 cm Pakuot\u0117s dydis: 55 x 45 x 17 cm Turime sand\u0117lyje!","og_url":"https:\/\/miumjau.ee\/lt\/produktas\/kaciu-kraiko-deze-kitty-50x40-cm-pilka\/","og_site_name":"MiuMjau","article_publisher":"https:\/\/www.facebook.com\/miumjaupood\/","article_modified_time":"2026-01-07T18:50:42+00:00","og_image":[{"width":600,"height":800,"url":"https:\/\/miumjau.ee\/wp-content\/uploads\/2024\/08\/kassi-liivakast-kitty-55x45-cm-hall.jpg","type":"image\/jpeg"}],"twitter_card":"summary_large_image","schema":{"@context":"https:\/\/schema.org","@graph":[{"@type":"WebPage","@id":"https:\/\/miumjau.ee\/lt\/produktas\/kaciu-kraiko-deze-kitty-50x40-cm-pilka\/","url":"https:\/\/miumjau.ee\/lt\/produktas\/kaciu-kraiko-deze-kitty-50x40-cm-pilka\/","name":"Ka\u010di\u0173 kraiko d\u0117\u017e\u0117 Kitty 50x40 cm, pilka - MiuMjau","isPartOf":{"@id":"https:\/\/miumjau.ee\/#website"},"primaryImageOfPage":{"@id":"https:\/\/miumjau.ee\/lt\/produktas\/kaciu-kraiko-deze-kitty-50x40-cm-pilka\/#primaryimage"},"image":{"@id":"https:\/\/miumjau.ee\/lt\/produktas\/kaciu-kraiko-deze-kitty-50x40-cm-pilka\/#primaryimage"},"thumbnailUrl":"https:\/\/miumjau.ee\/wp-content\/uploads\/2024\/08\/kassi-liivakast-kitty-55x45-cm-hall.jpg","datePublished":"2024-08-08T07:16:54+00:00","dateModified":"2026-01-07T18:50:42+00:00","breadcrumb":{"@id":"https:\/\/miumjau.ee\/lt\/produktas\/kaciu-kraiko-deze-kitty-50x40-cm-pilka\/#breadcrumb"},"inLanguage":"lt-LT","potentialAction":[{"@type":"ReadAction","target":["https:\/\/miumjau.ee\/lt\/produktas\/kaciu-kraiko-deze-kitty-50x40-cm-pilka\/"]}]},{"@type":"ImageObject","inLanguage":"lt-LT","@id":"https:\/\/miumjau.ee\/lt\/produktas\/kaciu-kraiko-deze-kitty-50x40-cm-pilka\/#primaryimage","url":"https:\/\/miumjau.ee\/wp-content\/uploads\/2024\/08\/kassi-liivakast-kitty-55x45-cm-hall.jpg","contentUrl":"https:\/\/miumjau.ee\/wp-content\/uploads\/2024\/08\/kassi-liivakast-kitty-55x45-cm-hall.jpg","width":600,"height":800,"caption":"Kassi liivakast Kitty 50x40 cm, hall"},{"@type":"BreadcrumbList","@id":"https:\/\/miumjau.ee\/lt\/produktas\/kaciu-kraiko-deze-kitty-50x40-cm-pilka\/#breadcrumb","itemListElement":[{"@type":"ListItem","position":1,"name":"Home","item":"https:\/\/miumjau.ee\/lt\/"},{"@type":"ListItem","position":2,"name":"Parduotuv\u0117","item":"https:\/\/miumjau.ee\/lt\/parduotuve\/"},{"@type":"ListItem","position":3,"name":"Ka\u010di\u0173 kraiko d\u0117\u017e\u0117 Kitty 50&#215;40 cm, pilka"}]},{"@type":"WebSite","@id":"https:\/\/miumjau.ee\/#website","url":"https:\/\/miumjau.ee\/","name":"MiuMjau","description":"Kraapimispuud kassidele","publisher":{"@id":"https:\/\/miumjau.ee\/#organization"},"potentialAction":[{"@type":"SearchAction","target":{"@type":"EntryPoint","urlTemplate":"https:\/\/miumjau.ee\/?s={search_term_string}"},"query-input":{"@type":"PropertyValueSpecification","valueRequired":true,"valueName":"search_term_string"}}],"inLanguage":"lt-LT"},{"@type":"Organization","@id":"https:\/\/miumjau.ee\/#organization","name":"MiuMjau O\u00dc","url":"https:\/\/miumjau.ee\/","logo":{"@type":"ImageObject","inLanguage":"lt-LT","@id":"https:\/\/miumjau.ee\/#\/schema\/logo\/image\/","url":"https:\/\/miumjau.ee\/wp-content\/uploads\/2022\/04\/MiuMjau-logo-kollane.png","contentUrl":"https:\/\/miumjau.ee\/wp-content\/uploads\/2022\/04\/MiuMjau-logo-kollane.png","width":219,"height":100,"caption":"MiuMjau O\u00dc"},"image":{"@id":"https:\/\/miumjau.ee\/#\/schema\/logo\/image\/"},"sameAs":["https:\/\/www.facebook.com\/miumjaupood\/"]}]}},"_links":{"self":[{"href":"https:\/\/miumjau.ee\/lt\/wp-json\/wp\/v2\/product\/43050","targetHints":{"allow":["GET"]}}],"collection":[{"href":"https:\/\/miumjau.ee\/lt\/wp-json\/wp\/v2\/product"}],"about":[{"href":"https:\/\/miumjau.ee\/lt\/wp-json\/wp\/v2\/types\/product"}],"wp:featuredmedia":[{"embeddable":true,"href":"https:\/\/miumjau.ee\/lt\/wp-json\/wp\/v2\/media\/43767"}],"wp:attachment":[{"href":"https:\/\/miumjau.ee\/lt\/wp-json\/wp\/v2\/media?parent=43050"}],"wp:term":[{"taxonomy":"product_brand","embeddable":true,"href":"https:\/\/miumjau.ee\/lt\/wp-json\/wp\/v2\/product_brand?post=43050"},{"taxonomy":"product_cat","embeddable":true,"href":"https:\/\/miumjau.ee\/lt\/wp-json\/wp\/v2\/product_cat?post=43050"},{"taxonomy":"product_tag","embeddable":true,"href":"https:\/\/miumjau.ee\/lt\/wp-json\/wp\/v2\/product_tag?post=43050"}],"curies":[{"name":"wp","href":"https:\/\/api.w.org\/{rel}","templated":true}]}}