{"id":43047,"date":"2024-08-08T10:16:30","date_gmt":"2024-08-08T07:16:30","guid":{"rendered":"https:\/\/miumjau.ee\/toode\/kaciu-tualeto-deze-kitty-50x40-cm-raudona\/"},"modified":"2026-01-07T20:50:49","modified_gmt":"2026-01-07T18:50:49","slug":"kaciu-tualeto-deze-kitty-50x40-cm-raudona","status":"publish","type":"product","link":"https:\/\/miumjau.ee\/lt\/produktas\/kaciu-tualeto-deze-kitty-50x40-cm-raudona\/","title":{"rendered":"Ka\u010di\u0173 tualeto d\u0117\u017e\u0117 Kitty 50&#215;40 cm, raudona"},"content":{"rendered":"","protected":false},"excerpt":{"rendered":"<p>Tualeto d\u0117\u017e\u0117 \u201eKitty\u201c su borteliu ir specialiu \u012f\u0117jimu. D\u0117\u017e\u0119 apr\u016bpinome auk\u0161tu borteliu, kad namuose b\u016bt\u0173 lengviau i\u0161laikyti \u0161var\u0105, ir specialiu \u012f\u0117jimu, kad b\u016bt\u0173 patogiau naudoti net vyresn\u0117ms ar sergan\u010dioms kat\u0117ms.<br \/>\n&lt;ul&gt;<br \/>\n&lt;li&gt;patvari med\u017eiaga \u2013 vertinate dalykus, kurie tarnauja ilgiau?&lt;\/li&gt;<br \/>\n&lt;li&gt;lengva valyti \u2013 sutaupykite laiko ir energijos&lt;\/li&gt;<br \/>\n&lt;\/ul&gt;<br \/>\nMes visi r\u016bpinam\u0117s aplinkos \u0161vara. Ir nepamir\u0161kime \u2013 kat\u0117s \u0161iuo klausimu itin jautrios! Jei norite i\u0161laikyti savo augintin\u012f sveik\u0105 ir \u0161var\u0173, rinkit\u0117s patikrint\u0105 produkt\u0105. Juk j\u016bs\u0173 kat\u0117 nusipelno geriausio!<\/p>\n<p>&lt;strong&gt;Savyb\u0117s:&lt;\/strong&gt;<br \/>\n&lt;ul&gt;<br \/>\n&lt;li&gt;Med\u017eiaga: plastikas&lt;\/li&gt;<br \/>\n&lt;li&gt;Ilgis: 50 cm&lt;\/li&gt;<br \/>\n&lt;li&gt;Plotis: 40 cm&lt;\/li&gt;<br \/>\n&lt;li&gt;Auk\u0161tis: 16 cm&lt;\/li&gt;<br \/>\n&lt;li&gt;Pakuot\u0117s dydis: 55 x 45 x 17 cm&lt;\/li&gt;<br \/>\n&lt;\/ul&gt;<br \/>\nTurime sand\u0117lyje!<\/p>\n","protected":false},"featured_media":43578,"template":"","meta":[],"product_brand":[],"product_cat":[531],"product_tag":[],"class_list":{"0":"post-43047","1":"product","2":"type-product","3":"status-publish","4":"has-post-thumbnail","6":"product_cat-kraiko-dezes","8":"first","9":"instock","10":"sale","11":"taxable","12":"shipping-taxable","13":"purchasable","14":"product-type-simple"},"yoast_head":"<!-- This site is optimized with the Yoast SEO plugin v27.2 - https:\/\/yoast.com\/product\/yoast-seo-wordpress\/ -->\n<title>Ka\u010di\u0173 tualeto d\u0117\u017e\u0117 Kitty 50x40 cm, raudona - MiuMjau<\/title>\n<meta name=\"robots\" content=\"index, follow, max-snippet:-1, max-image-preview:large, max-video-preview:-1\" \/>\n<link rel=\"canonical\" href=\"https:\/\/miumjau.ee\/lt\/produktas\/kaciu-tualeto-deze-kitty-50x40-cm-raudona\/\" \/>\n<meta property=\"og:locale\" content=\"lt_LT\" \/>\n<meta property=\"og:type\" content=\"article\" \/>\n<meta property=\"og:title\" content=\"Ka\u010di\u0173 tualeto d\u0117\u017e\u0117 Kitty 50x40 cm, raudona - MiuMjau\" \/>\n<meta property=\"og:description\" content=\"Tualeto d\u0117\u017e\u0117 \u201eKitty\u201c su borteliu ir specialiu \u012f\u0117jimu. D\u0117\u017e\u0119 apr\u016bpinome auk\u0161tu borteliu, kad namuose b\u016bt\u0173 lengviau i\u0161laikyti \u0161var\u0105, ir specialiu \u012f\u0117jimu, kad b\u016bt\u0173 patogiau naudoti net vyresn\u0117ms ar sergan\u010dioms kat\u0117ms. &lt;ul&gt; &lt;li&gt;patvari med\u017eiaga \u2013 vertinate dalykus, kurie tarnauja ilgiau?&lt;\/li&gt; &lt;li&gt;lengva valyti \u2013 sutaupykite laiko ir energijos&lt;\/li&gt; &lt;\/ul&gt; Mes visi r\u016bpinam\u0117s aplinkos \u0161vara. Ir nepamir\u0161kime \u2013 kat\u0117s \u0161iuo klausimu itin jautrios! Jei norite i\u0161laikyti savo augintin\u012f sveik\u0105 ir \u0161var\u0173, rinkit\u0117s patikrint\u0105 produkt\u0105. Juk j\u016bs\u0173 kat\u0117 nusipelno geriausio! &lt;strong&gt;Savyb\u0117s:&lt;\/strong&gt; &lt;ul&gt; &lt;li&gt;Med\u017eiaga: plastikas&lt;\/li&gt; &lt;li&gt;Ilgis: 50 cm&lt;\/li&gt; &lt;li&gt;Plotis: 40 cm&lt;\/li&gt; &lt;li&gt;Auk\u0161tis: 16 cm&lt;\/li&gt; &lt;li&gt;Pakuot\u0117s dydis: 55 x 45 x 17 cm&lt;\/li&gt; &lt;\/ul&gt; Turime sand\u0117lyje!\" \/>\n<meta property=\"og:url\" content=\"https:\/\/miumjau.ee\/lt\/produktas\/kaciu-tualeto-deze-kitty-50x40-cm-raudona\/\" \/>\n<meta property=\"og:site_name\" content=\"MiuMjau\" \/>\n<meta property=\"article:publisher\" content=\"https:\/\/www.facebook.com\/miumjaupood\/\" \/>\n<meta property=\"article:modified_time\" content=\"2026-01-07T18:50:49+00:00\" \/>\n<meta property=\"og:image\" content=\"https:\/\/miumjau.ee\/wp-content\/uploads\/2024\/08\/kassi-liivakast-kitty-55x45-cm-punane.jpg\" \/>\n\t<meta property=\"og:image:width\" content=\"600\" \/>\n\t<meta property=\"og:image:height\" content=\"800\" \/>\n\t<meta property=\"og:image:type\" content=\"image\/jpeg\" \/>\n<meta name=\"twitter:card\" content=\"summary_large_image\" \/>\n<script type=\"application\/ld+json\" class=\"yoast-schema-graph\">{\"@context\":\"https:\/\/schema.org\",\"@graph\":[{\"@type\":\"WebPage\",\"@id\":\"https:\/\/miumjau.ee\/lt\/produktas\/kaciu-tualeto-deze-kitty-50x40-cm-raudona\/\",\"url\":\"https:\/\/miumjau.ee\/lt\/produktas\/kaciu-tualeto-deze-kitty-50x40-cm-raudona\/\",\"name\":\"Ka\u010di\u0173 tualeto d\u0117\u017e\u0117 Kitty 50x40 cm, raudona - MiuMjau\",\"isPartOf\":{\"@id\":\"https:\/\/miumjau.ee\/#website\"},\"primaryImageOfPage\":{\"@id\":\"https:\/\/miumjau.ee\/lt\/produktas\/kaciu-tualeto-deze-kitty-50x40-cm-raudona\/#primaryimage\"},\"image\":{\"@id\":\"https:\/\/miumjau.ee\/lt\/produktas\/kaciu-tualeto-deze-kitty-50x40-cm-raudona\/#primaryimage\"},\"thumbnailUrl\":\"https:\/\/miumjau.ee\/wp-content\/uploads\/2024\/08\/kassi-liivakast-kitty-55x45-cm-punane.jpg\",\"datePublished\":\"2024-08-08T07:16:30+00:00\",\"dateModified\":\"2026-01-07T18:50:49+00:00\",\"breadcrumb\":{\"@id\":\"https:\/\/miumjau.ee\/lt\/produktas\/kaciu-tualeto-deze-kitty-50x40-cm-raudona\/#breadcrumb\"},\"inLanguage\":\"lt-LT\",\"potentialAction\":[{\"@type\":\"ReadAction\",\"target\":[\"https:\/\/miumjau.ee\/lt\/produktas\/kaciu-tualeto-deze-kitty-50x40-cm-raudona\/\"]}]},{\"@type\":\"ImageObject\",\"inLanguage\":\"lt-LT\",\"@id\":\"https:\/\/miumjau.ee\/lt\/produktas\/kaciu-tualeto-deze-kitty-50x40-cm-raudona\/#primaryimage\",\"url\":\"https:\/\/miumjau.ee\/wp-content\/uploads\/2024\/08\/kassi-liivakast-kitty-55x45-cm-punane.jpg\",\"contentUrl\":\"https:\/\/miumjau.ee\/wp-content\/uploads\/2024\/08\/kassi-liivakast-kitty-55x45-cm-punane.jpg\",\"width\":600,\"height\":800,\"caption\":\"Kassi liivakast Kitty 50x40 cm, punane\"},{\"@type\":\"BreadcrumbList\",\"@id\":\"https:\/\/miumjau.ee\/lt\/produktas\/kaciu-tualeto-deze-kitty-50x40-cm-raudona\/#breadcrumb\",\"itemListElement\":[{\"@type\":\"ListItem\",\"position\":1,\"name\":\"Home\",\"item\":\"https:\/\/miumjau.ee\/lt\/\"},{\"@type\":\"ListItem\",\"position\":2,\"name\":\"Parduotuv\u0117\",\"item\":\"https:\/\/miumjau.ee\/lt\/parduotuve\/\"},{\"@type\":\"ListItem\",\"position\":3,\"name\":\"Ka\u010di\u0173 tualeto d\u0117\u017e\u0117 Kitty 50&#215;40 cm, raudona\"}]},{\"@type\":\"WebSite\",\"@id\":\"https:\/\/miumjau.ee\/#website\",\"url\":\"https:\/\/miumjau.ee\/\",\"name\":\"MiuMjau\",\"description\":\"Kraapimispuud kassidele\",\"publisher\":{\"@id\":\"https:\/\/miumjau.ee\/#organization\"},\"potentialAction\":[{\"@type\":\"SearchAction\",\"target\":{\"@type\":\"EntryPoint\",\"urlTemplate\":\"https:\/\/miumjau.ee\/?s={search_term_string}\"},\"query-input\":{\"@type\":\"PropertyValueSpecification\",\"valueRequired\":true,\"valueName\":\"search_term_string\"}}],\"inLanguage\":\"lt-LT\"},{\"@type\":\"Organization\",\"@id\":\"https:\/\/miumjau.ee\/#organization\",\"name\":\"MiuMjau O\u00dc\",\"url\":\"https:\/\/miumjau.ee\/\",\"logo\":{\"@type\":\"ImageObject\",\"inLanguage\":\"lt-LT\",\"@id\":\"https:\/\/miumjau.ee\/#\/schema\/logo\/image\/\",\"url\":\"https:\/\/miumjau.ee\/wp-content\/uploads\/2022\/04\/MiuMjau-logo-kollane.png\",\"contentUrl\":\"https:\/\/miumjau.ee\/wp-content\/uploads\/2022\/04\/MiuMjau-logo-kollane.png\",\"width\":219,\"height\":100,\"caption\":\"MiuMjau O\u00dc\"},\"image\":{\"@id\":\"https:\/\/miumjau.ee\/#\/schema\/logo\/image\/\"},\"sameAs\":[\"https:\/\/www.facebook.com\/miumjaupood\/\"]}]}<\/script>\n<!-- \/ Yoast SEO plugin. -->","yoast_head_json":{"title":"Ka\u010di\u0173 tualeto d\u0117\u017e\u0117 Kitty 50x40 cm, raudona - MiuMjau","robots":{"index":"index","follow":"follow","max-snippet":"max-snippet:-1","max-image-preview":"max-image-preview:large","max-video-preview":"max-video-preview:-1"},"canonical":"https:\/\/miumjau.ee\/lt\/produktas\/kaciu-tualeto-deze-kitty-50x40-cm-raudona\/","og_locale":"lt_LT","og_type":"article","og_title":"Ka\u010di\u0173 tualeto d\u0117\u017e\u0117 Kitty 50x40 cm, raudona - MiuMjau","og_description":"Tualeto d\u0117\u017e\u0117 \u201eKitty\u201c su borteliu ir specialiu \u012f\u0117jimu. D\u0117\u017e\u0119 apr\u016bpinome auk\u0161tu borteliu, kad namuose b\u016bt\u0173 lengviau i\u0161laikyti \u0161var\u0105, ir specialiu \u012f\u0117jimu, kad b\u016bt\u0173 patogiau naudoti net vyresn\u0117ms ar sergan\u010dioms kat\u0117ms. &lt;ul&gt; &lt;li&gt;patvari med\u017eiaga \u2013 vertinate dalykus, kurie tarnauja ilgiau?&lt;\/li&gt; &lt;li&gt;lengva valyti \u2013 sutaupykite laiko ir energijos&lt;\/li&gt; &lt;\/ul&gt; Mes visi r\u016bpinam\u0117s aplinkos \u0161vara. Ir nepamir\u0161kime \u2013 kat\u0117s \u0161iuo klausimu itin jautrios! Jei norite i\u0161laikyti savo augintin\u012f sveik\u0105 ir \u0161var\u0173, rinkit\u0117s patikrint\u0105 produkt\u0105. Juk j\u016bs\u0173 kat\u0117 nusipelno geriausio! &lt;strong&gt;Savyb\u0117s:&lt;\/strong&gt; &lt;ul&gt; &lt;li&gt;Med\u017eiaga: plastikas&lt;\/li&gt; &lt;li&gt;Ilgis: 50 cm&lt;\/li&gt; &lt;li&gt;Plotis: 40 cm&lt;\/li&gt; &lt;li&gt;Auk\u0161tis: 16 cm&lt;\/li&gt; &lt;li&gt;Pakuot\u0117s dydis: 55 x 45 x 17 cm&lt;\/li&gt; &lt;\/ul&gt; Turime sand\u0117lyje!","og_url":"https:\/\/miumjau.ee\/lt\/produktas\/kaciu-tualeto-deze-kitty-50x40-cm-raudona\/","og_site_name":"MiuMjau","article_publisher":"https:\/\/www.facebook.com\/miumjaupood\/","article_modified_time":"2026-01-07T18:50:49+00:00","og_image":[{"width":600,"height":800,"url":"https:\/\/miumjau.ee\/wp-content\/uploads\/2024\/08\/kassi-liivakast-kitty-55x45-cm-punane.jpg","type":"image\/jpeg"}],"twitter_card":"summary_large_image","schema":{"@context":"https:\/\/schema.org","@graph":[{"@type":"WebPage","@id":"https:\/\/miumjau.ee\/lt\/produktas\/kaciu-tualeto-deze-kitty-50x40-cm-raudona\/","url":"https:\/\/miumjau.ee\/lt\/produktas\/kaciu-tualeto-deze-kitty-50x40-cm-raudona\/","name":"Ka\u010di\u0173 tualeto d\u0117\u017e\u0117 Kitty 50x40 cm, raudona - MiuMjau","isPartOf":{"@id":"https:\/\/miumjau.ee\/#website"},"primaryImageOfPage":{"@id":"https:\/\/miumjau.ee\/lt\/produktas\/kaciu-tualeto-deze-kitty-50x40-cm-raudona\/#primaryimage"},"image":{"@id":"https:\/\/miumjau.ee\/lt\/produktas\/kaciu-tualeto-deze-kitty-50x40-cm-raudona\/#primaryimage"},"thumbnailUrl":"https:\/\/miumjau.ee\/wp-content\/uploads\/2024\/08\/kassi-liivakast-kitty-55x45-cm-punane.jpg","datePublished":"2024-08-08T07:16:30+00:00","dateModified":"2026-01-07T18:50:49+00:00","breadcrumb":{"@id":"https:\/\/miumjau.ee\/lt\/produktas\/kaciu-tualeto-deze-kitty-50x40-cm-raudona\/#breadcrumb"},"inLanguage":"lt-LT","potentialAction":[{"@type":"ReadAction","target":["https:\/\/miumjau.ee\/lt\/produktas\/kaciu-tualeto-deze-kitty-50x40-cm-raudona\/"]}]},{"@type":"ImageObject","inLanguage":"lt-LT","@id":"https:\/\/miumjau.ee\/lt\/produktas\/kaciu-tualeto-deze-kitty-50x40-cm-raudona\/#primaryimage","url":"https:\/\/miumjau.ee\/wp-content\/uploads\/2024\/08\/kassi-liivakast-kitty-55x45-cm-punane.jpg","contentUrl":"https:\/\/miumjau.ee\/wp-content\/uploads\/2024\/08\/kassi-liivakast-kitty-55x45-cm-punane.jpg","width":600,"height":800,"caption":"Kassi liivakast Kitty 50x40 cm, punane"},{"@type":"BreadcrumbList","@id":"https:\/\/miumjau.ee\/lt\/produktas\/kaciu-tualeto-deze-kitty-50x40-cm-raudona\/#breadcrumb","itemListElement":[{"@type":"ListItem","position":1,"name":"Home","item":"https:\/\/miumjau.ee\/lt\/"},{"@type":"ListItem","position":2,"name":"Parduotuv\u0117","item":"https:\/\/miumjau.ee\/lt\/parduotuve\/"},{"@type":"ListItem","position":3,"name":"Ka\u010di\u0173 tualeto d\u0117\u017e\u0117 Kitty 50&#215;40 cm, raudona"}]},{"@type":"WebSite","@id":"https:\/\/miumjau.ee\/#website","url":"https:\/\/miumjau.ee\/","name":"MiuMjau","description":"Kraapimispuud kassidele","publisher":{"@id":"https:\/\/miumjau.ee\/#organization"},"potentialAction":[{"@type":"SearchAction","target":{"@type":"EntryPoint","urlTemplate":"https:\/\/miumjau.ee\/?s={search_term_string}"},"query-input":{"@type":"PropertyValueSpecification","valueRequired":true,"valueName":"search_term_string"}}],"inLanguage":"lt-LT"},{"@type":"Organization","@id":"https:\/\/miumjau.ee\/#organization","name":"MiuMjau O\u00dc","url":"https:\/\/miumjau.ee\/","logo":{"@type":"ImageObject","inLanguage":"lt-LT","@id":"https:\/\/miumjau.ee\/#\/schema\/logo\/image\/","url":"https:\/\/miumjau.ee\/wp-content\/uploads\/2022\/04\/MiuMjau-logo-kollane.png","contentUrl":"https:\/\/miumjau.ee\/wp-content\/uploads\/2022\/04\/MiuMjau-logo-kollane.png","width":219,"height":100,"caption":"MiuMjau O\u00dc"},"image":{"@id":"https:\/\/miumjau.ee\/#\/schema\/logo\/image\/"},"sameAs":["https:\/\/www.facebook.com\/miumjaupood\/"]}]}},"_links":{"self":[{"href":"https:\/\/miumjau.ee\/lt\/wp-json\/wp\/v2\/product\/43047","targetHints":{"allow":["GET"]}}],"collection":[{"href":"https:\/\/miumjau.ee\/lt\/wp-json\/wp\/v2\/product"}],"about":[{"href":"https:\/\/miumjau.ee\/lt\/wp-json\/wp\/v2\/types\/product"}],"wp:featuredmedia":[{"embeddable":true,"href":"https:\/\/miumjau.ee\/lt\/wp-json\/wp\/v2\/media\/43578"}],"wp:attachment":[{"href":"https:\/\/miumjau.ee\/lt\/wp-json\/wp\/v2\/media?parent=43047"}],"wp:term":[{"taxonomy":"product_brand","embeddable":true,"href":"https:\/\/miumjau.ee\/lt\/wp-json\/wp\/v2\/product_brand?post=43047"},{"taxonomy":"product_cat","embeddable":true,"href":"https:\/\/miumjau.ee\/lt\/wp-json\/wp\/v2\/product_cat?post=43047"},{"taxonomy":"product_tag","embeddable":true,"href":"https:\/\/miumjau.ee\/lt\/wp-json\/wp\/v2\/product_tag?post=43047"}],"curies":[{"name":"wp","href":"https:\/\/api.w.org\/{rel}","templated":true}]}}