{"id":43045,"date":"2024-08-07T00:06:37","date_gmt":"2024-08-06T21:06:37","guid":{"rendered":"https:\/\/miumjau.ee\/toode\/kates-petnesos-happet-melynos\/"},"modified":"2026-01-07T20:50:49","modified_gmt":"2026-01-07T18:50:49","slug":"kates-petnesos-happet-melynos","status":"publish","type":"product","link":"https:\/\/miumjau.ee\/lt\/produktas\/kates-petnesos-happet-melynos\/","title":{"rendered":"Kat\u0117s petne\u0161os Happet, m\u0117lynos"},"content":{"rendered":"","protected":false},"excerpt":{"rendered":"<p>Reguliar\u016bs pasivaik\u0161\u010diojimai su kate ma\u017eina elgesio problem\u0173 ir kai kuri\u0173 \u0161lapimo tak\u0173 lig\u0173 rizik\u0105. Kita vertus, laisvai vaik\u0161\u010diojan\u010dios kat\u0117s gali tur\u0117ti neigiam\u0105 poveik\u012f aplinkai, ma\u017eindamos pauk\u0161\u010di\u0173, smulki\u0173j\u0173 \u017einduoli\u0173, varliagyvi\u0173 ir ropli\u0173 populiacijas. Dar blogiau \u2013 be prie\u017ei\u016bros palikta kat\u0117 gali patekti po automobiliu, b\u016bti u\u017epulta, \u012fstrigti arba patirti \u017eiaur\u0173 elges\u012f. Tod\u0117l geriausia i\u0161eitis \u2013 grie\u017etai kontroliuoti pasivaik\u0161\u010diojimus. Petne\u0161os su pavad\u0117liu tam puikiai padeda.<\/p>\n<p>Petne\u0161os su specialiu pavad\u0117liu galimos keli\u0173 spalv\u0173 \u2013 jos leid\u017eia saugiai ved\u017eioti kat\u0119 lauke. Ved\u017eiojimas pavad\u0117lio gale u\u017etikrina augintinio ir sutinkam\u0173 gyv\u016bn\u0173 saugum\u0105. I\u0161 kokybi\u0161k\u0173 nat\u016brali\u0173 med\u017eiag\u0173 pagamintos petne\u0161os tolygiai paskirsto apkrov\u0105 kat\u0117s k\u016bnui, nespaud\u017eia gerkl\u0117s ar kaklo, stuburo. Jos netrina ir nesukelia alergijos, neturi a\u0161tri\u0173 pavir\u0161i\u0173, galin\u010di\u0173 pa\u017eeisti kat\u0117s od\u0105 ir kail\u012f.<\/p>\n<p>Petne\u0161os praver\u010dia ne tik vaik\u0161tant lauke. Su pavad\u0117liu jos padeda sukontroliuoti neram\u0173 ar nerving\u0105 augintin\u012f kelion\u0117s automobiliu ar veterinaro vizito metu.<\/p>\n<p>Turime sand\u0117lyje!<\/p>\n","protected":false},"featured_media":43572,"template":"","meta":[],"product_brand":[],"product_cat":[534],"product_tag":[],"class_list":{"0":"post-43045","1":"product","2":"type-product","3":"status-publish","4":"has-post-thumbnail","6":"product_cat-pavadeliai-ir-antkakliai","8":"first","9":"instock","10":"taxable","11":"shipping-taxable","12":"purchasable","13":"product-type-simple"},"yoast_head":"<!-- This site is optimized with the Yoast SEO plugin v27.2 - https:\/\/yoast.com\/product\/yoast-seo-wordpress\/ -->\n<title>Kat\u0117s petne\u0161os Happet, m\u0117lynos - MiuMjau<\/title>\n<meta name=\"robots\" content=\"index, follow, max-snippet:-1, max-image-preview:large, max-video-preview:-1\" \/>\n<link rel=\"canonical\" href=\"https:\/\/miumjau.ee\/lt\/produktas\/kates-petnesos-happet-melynos\/\" \/>\n<meta property=\"og:locale\" content=\"lt_LT\" \/>\n<meta property=\"og:type\" content=\"article\" \/>\n<meta property=\"og:title\" content=\"Kat\u0117s petne\u0161os Happet, m\u0117lynos - MiuMjau\" \/>\n<meta property=\"og:description\" content=\"Reguliar\u016bs pasivaik\u0161\u010diojimai su kate ma\u017eina elgesio problem\u0173 ir kai kuri\u0173 \u0161lapimo tak\u0173 lig\u0173 rizik\u0105. Kita vertus, laisvai vaik\u0161\u010diojan\u010dios kat\u0117s gali tur\u0117ti neigiam\u0105 poveik\u012f aplinkai, ma\u017eindamos pauk\u0161\u010di\u0173, smulki\u0173j\u0173 \u017einduoli\u0173, varliagyvi\u0173 ir ropli\u0173 populiacijas. Dar blogiau \u2013 be prie\u017ei\u016bros palikta kat\u0117 gali patekti po automobiliu, b\u016bti u\u017epulta, \u012fstrigti arba patirti \u017eiaur\u0173 elges\u012f. Tod\u0117l geriausia i\u0161eitis \u2013 grie\u017etai kontroliuoti pasivaik\u0161\u010diojimus. Petne\u0161os su pavad\u0117liu tam puikiai padeda. Petne\u0161os su specialiu pavad\u0117liu galimos keli\u0173 spalv\u0173 \u2013 jos leid\u017eia saugiai ved\u017eioti kat\u0119 lauke. Ved\u017eiojimas pavad\u0117lio gale u\u017etikrina augintinio ir sutinkam\u0173 gyv\u016bn\u0173 saugum\u0105. I\u0161 kokybi\u0161k\u0173 nat\u016brali\u0173 med\u017eiag\u0173 pagamintos petne\u0161os tolygiai paskirsto apkrov\u0105 kat\u0117s k\u016bnui, nespaud\u017eia gerkl\u0117s ar kaklo, stuburo. Jos netrina ir nesukelia alergijos, neturi a\u0161tri\u0173 pavir\u0161i\u0173, galin\u010di\u0173 pa\u017eeisti kat\u0117s od\u0105 ir kail\u012f. Petne\u0161os praver\u010dia ne tik vaik\u0161tant lauke. Su pavad\u0117liu jos padeda sukontroliuoti neram\u0173 ar nerving\u0105 augintin\u012f kelion\u0117s automobiliu ar veterinaro vizito metu. Turime sand\u0117lyje!\" \/>\n<meta property=\"og:url\" content=\"https:\/\/miumjau.ee\/lt\/produktas\/kates-petnesos-happet-melynos\/\" \/>\n<meta property=\"og:site_name\" content=\"MiuMjau\" \/>\n<meta property=\"article:publisher\" content=\"https:\/\/www.facebook.com\/miumjaupood\/\" \/>\n<meta property=\"article:modified_time\" content=\"2026-01-07T18:50:49+00:00\" \/>\n<meta property=\"og:image\" content=\"https:\/\/miumjau.ee\/wp-content\/uploads\/2024\/08\/kassi-traksid-happet-sinine-1.jpg\" \/>\n\t<meta property=\"og:image:width\" content=\"600\" \/>\n\t<meta property=\"og:image:height\" content=\"800\" \/>\n\t<meta property=\"og:image:type\" content=\"image\/jpeg\" \/>\n<meta name=\"twitter:card\" content=\"summary_large_image\" \/>\n<script type=\"application\/ld+json\" class=\"yoast-schema-graph\">{\"@context\":\"https:\/\/schema.org\",\"@graph\":[{\"@type\":\"WebPage\",\"@id\":\"https:\/\/miumjau.ee\/lt\/produktas\/kates-petnesos-happet-melynos\/\",\"url\":\"https:\/\/miumjau.ee\/lt\/produktas\/kates-petnesos-happet-melynos\/\",\"name\":\"Kat\u0117s petne\u0161os Happet, m\u0117lynos - MiuMjau\",\"isPartOf\":{\"@id\":\"https:\/\/miumjau.ee\/#website\"},\"primaryImageOfPage\":{\"@id\":\"https:\/\/miumjau.ee\/lt\/produktas\/kates-petnesos-happet-melynos\/#primaryimage\"},\"image\":{\"@id\":\"https:\/\/miumjau.ee\/lt\/produktas\/kates-petnesos-happet-melynos\/#primaryimage\"},\"thumbnailUrl\":\"https:\/\/miumjau.ee\/wp-content\/uploads\/2024\/08\/kassi-traksid-happet-sinine-1.jpg\",\"datePublished\":\"2024-08-06T21:06:37+00:00\",\"dateModified\":\"2026-01-07T18:50:49+00:00\",\"breadcrumb\":{\"@id\":\"https:\/\/miumjau.ee\/lt\/produktas\/kates-petnesos-happet-melynos\/#breadcrumb\"},\"inLanguage\":\"lt-LT\",\"potentialAction\":[{\"@type\":\"ReadAction\",\"target\":[\"https:\/\/miumjau.ee\/lt\/produktas\/kates-petnesos-happet-melynos\/\"]}]},{\"@type\":\"ImageObject\",\"inLanguage\":\"lt-LT\",\"@id\":\"https:\/\/miumjau.ee\/lt\/produktas\/kates-petnesos-happet-melynos\/#primaryimage\",\"url\":\"https:\/\/miumjau.ee\/wp-content\/uploads\/2024\/08\/kassi-traksid-happet-sinine-1.jpg\",\"contentUrl\":\"https:\/\/miumjau.ee\/wp-content\/uploads\/2024\/08\/kassi-traksid-happet-sinine-1.jpg\",\"width\":600,\"height\":800,\"caption\":\"Kassi traksid Happet sinine\"},{\"@type\":\"BreadcrumbList\",\"@id\":\"https:\/\/miumjau.ee\/lt\/produktas\/kates-petnesos-happet-melynos\/#breadcrumb\",\"itemListElement\":[{\"@type\":\"ListItem\",\"position\":1,\"name\":\"Home\",\"item\":\"https:\/\/miumjau.ee\/lt\/\"},{\"@type\":\"ListItem\",\"position\":2,\"name\":\"Parduotuv\u0117\",\"item\":\"https:\/\/miumjau.ee\/lt\/parduotuve\/\"},{\"@type\":\"ListItem\",\"position\":3,\"name\":\"Kat\u0117s petne\u0161os Happet, m\u0117lynos\"}]},{\"@type\":\"WebSite\",\"@id\":\"https:\/\/miumjau.ee\/#website\",\"url\":\"https:\/\/miumjau.ee\/\",\"name\":\"MiuMjau\",\"description\":\"Kraapimispuud kassidele\",\"publisher\":{\"@id\":\"https:\/\/miumjau.ee\/#organization\"},\"potentialAction\":[{\"@type\":\"SearchAction\",\"target\":{\"@type\":\"EntryPoint\",\"urlTemplate\":\"https:\/\/miumjau.ee\/?s={search_term_string}\"},\"query-input\":{\"@type\":\"PropertyValueSpecification\",\"valueRequired\":true,\"valueName\":\"search_term_string\"}}],\"inLanguage\":\"lt-LT\"},{\"@type\":\"Organization\",\"@id\":\"https:\/\/miumjau.ee\/#organization\",\"name\":\"MiuMjau O\u00dc\",\"url\":\"https:\/\/miumjau.ee\/\",\"logo\":{\"@type\":\"ImageObject\",\"inLanguage\":\"lt-LT\",\"@id\":\"https:\/\/miumjau.ee\/#\/schema\/logo\/image\/\",\"url\":\"https:\/\/miumjau.ee\/wp-content\/uploads\/2022\/04\/MiuMjau-logo-kollane.png\",\"contentUrl\":\"https:\/\/miumjau.ee\/wp-content\/uploads\/2022\/04\/MiuMjau-logo-kollane.png\",\"width\":219,\"height\":100,\"caption\":\"MiuMjau O\u00dc\"},\"image\":{\"@id\":\"https:\/\/miumjau.ee\/#\/schema\/logo\/image\/\"},\"sameAs\":[\"https:\/\/www.facebook.com\/miumjaupood\/\"]}]}<\/script>\n<!-- \/ Yoast SEO plugin. -->","yoast_head_json":{"title":"Kat\u0117s petne\u0161os Happet, m\u0117lynos - MiuMjau","robots":{"index":"index","follow":"follow","max-snippet":"max-snippet:-1","max-image-preview":"max-image-preview:large","max-video-preview":"max-video-preview:-1"},"canonical":"https:\/\/miumjau.ee\/lt\/produktas\/kates-petnesos-happet-melynos\/","og_locale":"lt_LT","og_type":"article","og_title":"Kat\u0117s petne\u0161os Happet, m\u0117lynos - MiuMjau","og_description":"Reguliar\u016bs pasivaik\u0161\u010diojimai su kate ma\u017eina elgesio problem\u0173 ir kai kuri\u0173 \u0161lapimo tak\u0173 lig\u0173 rizik\u0105. Kita vertus, laisvai vaik\u0161\u010diojan\u010dios kat\u0117s gali tur\u0117ti neigiam\u0105 poveik\u012f aplinkai, ma\u017eindamos pauk\u0161\u010di\u0173, smulki\u0173j\u0173 \u017einduoli\u0173, varliagyvi\u0173 ir ropli\u0173 populiacijas. Dar blogiau \u2013 be prie\u017ei\u016bros palikta kat\u0117 gali patekti po automobiliu, b\u016bti u\u017epulta, \u012fstrigti arba patirti \u017eiaur\u0173 elges\u012f. Tod\u0117l geriausia i\u0161eitis \u2013 grie\u017etai kontroliuoti pasivaik\u0161\u010diojimus. Petne\u0161os su pavad\u0117liu tam puikiai padeda. Petne\u0161os su specialiu pavad\u0117liu galimos keli\u0173 spalv\u0173 \u2013 jos leid\u017eia saugiai ved\u017eioti kat\u0119 lauke. Ved\u017eiojimas pavad\u0117lio gale u\u017etikrina augintinio ir sutinkam\u0173 gyv\u016bn\u0173 saugum\u0105. I\u0161 kokybi\u0161k\u0173 nat\u016brali\u0173 med\u017eiag\u0173 pagamintos petne\u0161os tolygiai paskirsto apkrov\u0105 kat\u0117s k\u016bnui, nespaud\u017eia gerkl\u0117s ar kaklo, stuburo. Jos netrina ir nesukelia alergijos, neturi a\u0161tri\u0173 pavir\u0161i\u0173, galin\u010di\u0173 pa\u017eeisti kat\u0117s od\u0105 ir kail\u012f. Petne\u0161os praver\u010dia ne tik vaik\u0161tant lauke. Su pavad\u0117liu jos padeda sukontroliuoti neram\u0173 ar nerving\u0105 augintin\u012f kelion\u0117s automobiliu ar veterinaro vizito metu. Turime sand\u0117lyje!","og_url":"https:\/\/miumjau.ee\/lt\/produktas\/kates-petnesos-happet-melynos\/","og_site_name":"MiuMjau","article_publisher":"https:\/\/www.facebook.com\/miumjaupood\/","article_modified_time":"2026-01-07T18:50:49+00:00","og_image":[{"width":600,"height":800,"url":"https:\/\/miumjau.ee\/wp-content\/uploads\/2024\/08\/kassi-traksid-happet-sinine-1.jpg","type":"image\/jpeg"}],"twitter_card":"summary_large_image","schema":{"@context":"https:\/\/schema.org","@graph":[{"@type":"WebPage","@id":"https:\/\/miumjau.ee\/lt\/produktas\/kates-petnesos-happet-melynos\/","url":"https:\/\/miumjau.ee\/lt\/produktas\/kates-petnesos-happet-melynos\/","name":"Kat\u0117s petne\u0161os Happet, m\u0117lynos - MiuMjau","isPartOf":{"@id":"https:\/\/miumjau.ee\/#website"},"primaryImageOfPage":{"@id":"https:\/\/miumjau.ee\/lt\/produktas\/kates-petnesos-happet-melynos\/#primaryimage"},"image":{"@id":"https:\/\/miumjau.ee\/lt\/produktas\/kates-petnesos-happet-melynos\/#primaryimage"},"thumbnailUrl":"https:\/\/miumjau.ee\/wp-content\/uploads\/2024\/08\/kassi-traksid-happet-sinine-1.jpg","datePublished":"2024-08-06T21:06:37+00:00","dateModified":"2026-01-07T18:50:49+00:00","breadcrumb":{"@id":"https:\/\/miumjau.ee\/lt\/produktas\/kates-petnesos-happet-melynos\/#breadcrumb"},"inLanguage":"lt-LT","potentialAction":[{"@type":"ReadAction","target":["https:\/\/miumjau.ee\/lt\/produktas\/kates-petnesos-happet-melynos\/"]}]},{"@type":"ImageObject","inLanguage":"lt-LT","@id":"https:\/\/miumjau.ee\/lt\/produktas\/kates-petnesos-happet-melynos\/#primaryimage","url":"https:\/\/miumjau.ee\/wp-content\/uploads\/2024\/08\/kassi-traksid-happet-sinine-1.jpg","contentUrl":"https:\/\/miumjau.ee\/wp-content\/uploads\/2024\/08\/kassi-traksid-happet-sinine-1.jpg","width":600,"height":800,"caption":"Kassi traksid Happet sinine"},{"@type":"BreadcrumbList","@id":"https:\/\/miumjau.ee\/lt\/produktas\/kates-petnesos-happet-melynos\/#breadcrumb","itemListElement":[{"@type":"ListItem","position":1,"name":"Home","item":"https:\/\/miumjau.ee\/lt\/"},{"@type":"ListItem","position":2,"name":"Parduotuv\u0117","item":"https:\/\/miumjau.ee\/lt\/parduotuve\/"},{"@type":"ListItem","position":3,"name":"Kat\u0117s petne\u0161os Happet, m\u0117lynos"}]},{"@type":"WebSite","@id":"https:\/\/miumjau.ee\/#website","url":"https:\/\/miumjau.ee\/","name":"MiuMjau","description":"Kraapimispuud kassidele","publisher":{"@id":"https:\/\/miumjau.ee\/#organization"},"potentialAction":[{"@type":"SearchAction","target":{"@type":"EntryPoint","urlTemplate":"https:\/\/miumjau.ee\/?s={search_term_string}"},"query-input":{"@type":"PropertyValueSpecification","valueRequired":true,"valueName":"search_term_string"}}],"inLanguage":"lt-LT"},{"@type":"Organization","@id":"https:\/\/miumjau.ee\/#organization","name":"MiuMjau O\u00dc","url":"https:\/\/miumjau.ee\/","logo":{"@type":"ImageObject","inLanguage":"lt-LT","@id":"https:\/\/miumjau.ee\/#\/schema\/logo\/image\/","url":"https:\/\/miumjau.ee\/wp-content\/uploads\/2022\/04\/MiuMjau-logo-kollane.png","contentUrl":"https:\/\/miumjau.ee\/wp-content\/uploads\/2022\/04\/MiuMjau-logo-kollane.png","width":219,"height":100,"caption":"MiuMjau O\u00dc"},"image":{"@id":"https:\/\/miumjau.ee\/#\/schema\/logo\/image\/"},"sameAs":["https:\/\/www.facebook.com\/miumjaupood\/"]}]}},"_links":{"self":[{"href":"https:\/\/miumjau.ee\/lt\/wp-json\/wp\/v2\/product\/43045","targetHints":{"allow":["GET"]}}],"collection":[{"href":"https:\/\/miumjau.ee\/lt\/wp-json\/wp\/v2\/product"}],"about":[{"href":"https:\/\/miumjau.ee\/lt\/wp-json\/wp\/v2\/types\/product"}],"wp:featuredmedia":[{"embeddable":true,"href":"https:\/\/miumjau.ee\/lt\/wp-json\/wp\/v2\/media\/43572"}],"wp:attachment":[{"href":"https:\/\/miumjau.ee\/lt\/wp-json\/wp\/v2\/media?parent=43045"}],"wp:term":[{"taxonomy":"product_brand","embeddable":true,"href":"https:\/\/miumjau.ee\/lt\/wp-json\/wp\/v2\/product_brand?post=43045"},{"taxonomy":"product_cat","embeddable":true,"href":"https:\/\/miumjau.ee\/lt\/wp-json\/wp\/v2\/product_cat?post=43045"},{"taxonomy":"product_tag","embeddable":true,"href":"https:\/\/miumjau.ee\/lt\/wp-json\/wp\/v2\/product_tag?post=43045"}],"curies":[{"name":"wp","href":"https:\/\/api.w.org\/{rel}","templated":true}]}}