{"id":43044,"date":"2024-08-06T23:46:38","date_gmt":"2024-08-06T20:46:38","guid":{"rendered":"https:\/\/miumjau.ee\/toode\/silkitty-silikagelio-kaciu-kraikas-38l\/"},"modified":"2026-01-07T20:50:49","modified_gmt":"2026-01-07T18:50:49","slug":"silkitty-silikagelio-kaciu-kraikas-38l","status":"publish","type":"product","link":"https:\/\/miumjau.ee\/lt\/produktas\/silkitty-silikagelio-kaciu-kraikas-38l\/","title":{"rendered":"Silkitty silikagelio ka\u010di\u0173 kraikas 3,8L"},"content":{"rendered":"","protected":false},"excerpt":{"rendered":"<p>Silkitty ka\u010di\u0173 kraikas veiksmingai sugeria dr\u0117gm\u0119 ir nemalonius kvapus. Produktas draugi\u0161kas aplinkai \u2013 biologi\u0161kai skaidomas.<\/p>\n<p>Berkite 5 cm storio sluoksniu. Pa\u0161alinkite kietas i\u0161matas semtuv\u0117liu. Skys\u010diai susigeria, vanduo i\u0161garuoja, o nemalon\u016bs kvapai neutralizuojami.<\/p>\n<p>Kad pripratintum\u0117te kat\u0119 prie naujo kraiko, i\u0161 prad\u017ei\u0173 sumai\u0161ykite j\u012f su senuoju.<\/p>\n<p>Produktas pagamintas i\u0161 aplinkoje esan\u010dio SiO2 silicio dioksido.<\/p>\n<p>Pakuot\u0117je yra 3,8L \/ 1,6KG.<\/p>\n<p>Turime sand\u0117lyje!<\/p>\n","protected":false},"featured_media":43568,"template":"","meta":[],"product_brand":[],"product_cat":[530],"product_tag":[],"class_list":{"0":"post-43044","1":"product","2":"type-product","3":"status-publish","4":"has-post-thumbnail","6":"product_cat-kaciu-kraikas","8":"first","9":"instock","10":"sale","11":"taxable","12":"shipping-taxable","13":"purchasable","14":"product-type-simple"},"yoast_head":"<!-- This site is optimized with the Yoast SEO plugin v27.2 - https:\/\/yoast.com\/product\/yoast-seo-wordpress\/ -->\n<title>Silkitty silikagelio ka\u010di\u0173 kraikas 3,8L - MiuMjau<\/title>\n<meta name=\"robots\" content=\"index, follow, max-snippet:-1, max-image-preview:large, max-video-preview:-1\" \/>\n<link rel=\"canonical\" href=\"https:\/\/miumjau.ee\/lt\/produktas\/silkitty-silikagelio-kaciu-kraikas-38l\/\" \/>\n<meta property=\"og:locale\" content=\"lt_LT\" \/>\n<meta property=\"og:type\" content=\"article\" \/>\n<meta property=\"og:title\" content=\"Silkitty silikagelio ka\u010di\u0173 kraikas 3,8L - MiuMjau\" \/>\n<meta property=\"og:description\" content=\"Silkitty ka\u010di\u0173 kraikas veiksmingai sugeria dr\u0117gm\u0119 ir nemalonius kvapus. Produktas draugi\u0161kas aplinkai \u2013 biologi\u0161kai skaidomas.  Berkite 5 cm storio sluoksniu. Pa\u0161alinkite kietas i\u0161matas semtuv\u0117liu. Skys\u010diai susigeria, vanduo i\u0161garuoja, o nemalon\u016bs kvapai neutralizuojami.  Kad pripratintum\u0117te kat\u0119 prie naujo kraiko, i\u0161 prad\u017ei\u0173 sumai\u0161ykite j\u012f su senuoju.  Produktas pagamintas i\u0161 aplinkoje esan\u010dio SiO2 silicio dioksido.  Pakuot\u0117je yra 3,8L \/ 1,6KG.  Turime sand\u0117lyje!\" \/>\n<meta property=\"og:url\" content=\"https:\/\/miumjau.ee\/lt\/produktas\/silkitty-silikagelio-kaciu-kraikas-38l\/\" \/>\n<meta property=\"og:site_name\" content=\"MiuMjau\" \/>\n<meta property=\"article:publisher\" content=\"https:\/\/www.facebook.com\/miumjaupood\/\" \/>\n<meta property=\"article:modified_time\" content=\"2026-01-07T18:50:49+00:00\" \/>\n<meta property=\"og:image\" content=\"https:\/\/miumjau.ee\/wp-content\/uploads\/2024\/08\/silkitty-sillica-gel-kassiliiv-1.jpg\" \/>\n\t<meta property=\"og:image:width\" content=\"600\" \/>\n\t<meta property=\"og:image:height\" content=\"800\" \/>\n\t<meta property=\"og:image:type\" content=\"image\/jpeg\" \/>\n<meta name=\"twitter:card\" content=\"summary_large_image\" \/>\n<script type=\"application\/ld+json\" class=\"yoast-schema-graph\">{\"@context\":\"https:\/\/schema.org\",\"@graph\":[{\"@type\":\"WebPage\",\"@id\":\"https:\/\/miumjau.ee\/lt\/produktas\/silkitty-silikagelio-kaciu-kraikas-38l\/\",\"url\":\"https:\/\/miumjau.ee\/lt\/produktas\/silkitty-silikagelio-kaciu-kraikas-38l\/\",\"name\":\"Silkitty silikagelio ka\u010di\u0173 kraikas 3,8L - MiuMjau\",\"isPartOf\":{\"@id\":\"https:\/\/miumjau.ee\/#website\"},\"primaryImageOfPage\":{\"@id\":\"https:\/\/miumjau.ee\/lt\/produktas\/silkitty-silikagelio-kaciu-kraikas-38l\/#primaryimage\"},\"image\":{\"@id\":\"https:\/\/miumjau.ee\/lt\/produktas\/silkitty-silikagelio-kaciu-kraikas-38l\/#primaryimage\"},\"thumbnailUrl\":\"https:\/\/miumjau.ee\/wp-content\/uploads\/2024\/08\/silkitty-sillica-gel-kassiliiv-1.jpg\",\"datePublished\":\"2024-08-06T20:46:38+00:00\",\"dateModified\":\"2026-01-07T18:50:49+00:00\",\"breadcrumb\":{\"@id\":\"https:\/\/miumjau.ee\/lt\/produktas\/silkitty-silikagelio-kaciu-kraikas-38l\/#breadcrumb\"},\"inLanguage\":\"lt-LT\",\"potentialAction\":[{\"@type\":\"ReadAction\",\"target\":[\"https:\/\/miumjau.ee\/lt\/produktas\/silkitty-silikagelio-kaciu-kraikas-38l\/\"]}]},{\"@type\":\"ImageObject\",\"inLanguage\":\"lt-LT\",\"@id\":\"https:\/\/miumjau.ee\/lt\/produktas\/silkitty-silikagelio-kaciu-kraikas-38l\/#primaryimage\",\"url\":\"https:\/\/miumjau.ee\/wp-content\/uploads\/2024\/08\/silkitty-sillica-gel-kassiliiv-1.jpg\",\"contentUrl\":\"https:\/\/miumjau.ee\/wp-content\/uploads\/2024\/08\/silkitty-sillica-gel-kassiliiv-1.jpg\",\"width\":600,\"height\":800,\"caption\":\"Silkitty sillica gel kassiliiv\"},{\"@type\":\"BreadcrumbList\",\"@id\":\"https:\/\/miumjau.ee\/lt\/produktas\/silkitty-silikagelio-kaciu-kraikas-38l\/#breadcrumb\",\"itemListElement\":[{\"@type\":\"ListItem\",\"position\":1,\"name\":\"Home\",\"item\":\"https:\/\/miumjau.ee\/lt\/\"},{\"@type\":\"ListItem\",\"position\":2,\"name\":\"Parduotuv\u0117\",\"item\":\"https:\/\/miumjau.ee\/lt\/parduotuve\/\"},{\"@type\":\"ListItem\",\"position\":3,\"name\":\"Silkitty silikagelio ka\u010di\u0173 kraikas 3,8L\"}]},{\"@type\":\"WebSite\",\"@id\":\"https:\/\/miumjau.ee\/#website\",\"url\":\"https:\/\/miumjau.ee\/\",\"name\":\"MiuMjau\",\"description\":\"Kraapimispuud kassidele\",\"publisher\":{\"@id\":\"https:\/\/miumjau.ee\/#organization\"},\"potentialAction\":[{\"@type\":\"SearchAction\",\"target\":{\"@type\":\"EntryPoint\",\"urlTemplate\":\"https:\/\/miumjau.ee\/?s={search_term_string}\"},\"query-input\":{\"@type\":\"PropertyValueSpecification\",\"valueRequired\":true,\"valueName\":\"search_term_string\"}}],\"inLanguage\":\"lt-LT\"},{\"@type\":\"Organization\",\"@id\":\"https:\/\/miumjau.ee\/#organization\",\"name\":\"MiuMjau O\u00dc\",\"url\":\"https:\/\/miumjau.ee\/\",\"logo\":{\"@type\":\"ImageObject\",\"inLanguage\":\"lt-LT\",\"@id\":\"https:\/\/miumjau.ee\/#\/schema\/logo\/image\/\",\"url\":\"https:\/\/miumjau.ee\/wp-content\/uploads\/2022\/04\/MiuMjau-logo-kollane.png\",\"contentUrl\":\"https:\/\/miumjau.ee\/wp-content\/uploads\/2022\/04\/MiuMjau-logo-kollane.png\",\"width\":219,\"height\":100,\"caption\":\"MiuMjau O\u00dc\"},\"image\":{\"@id\":\"https:\/\/miumjau.ee\/#\/schema\/logo\/image\/\"},\"sameAs\":[\"https:\/\/www.facebook.com\/miumjaupood\/\"]}]}<\/script>\n<!-- \/ Yoast SEO plugin. -->","yoast_head_json":{"title":"Silkitty silikagelio ka\u010di\u0173 kraikas 3,8L - MiuMjau","robots":{"index":"index","follow":"follow","max-snippet":"max-snippet:-1","max-image-preview":"max-image-preview:large","max-video-preview":"max-video-preview:-1"},"canonical":"https:\/\/miumjau.ee\/lt\/produktas\/silkitty-silikagelio-kaciu-kraikas-38l\/","og_locale":"lt_LT","og_type":"article","og_title":"Silkitty silikagelio ka\u010di\u0173 kraikas 3,8L - MiuMjau","og_description":"Silkitty ka\u010di\u0173 kraikas veiksmingai sugeria dr\u0117gm\u0119 ir nemalonius kvapus. Produktas draugi\u0161kas aplinkai \u2013 biologi\u0161kai skaidomas.  Berkite 5 cm storio sluoksniu. Pa\u0161alinkite kietas i\u0161matas semtuv\u0117liu. Skys\u010diai susigeria, vanduo i\u0161garuoja, o nemalon\u016bs kvapai neutralizuojami.  Kad pripratintum\u0117te kat\u0119 prie naujo kraiko, i\u0161 prad\u017ei\u0173 sumai\u0161ykite j\u012f su senuoju.  Produktas pagamintas i\u0161 aplinkoje esan\u010dio SiO2 silicio dioksido.  Pakuot\u0117je yra 3,8L \/ 1,6KG.  Turime sand\u0117lyje!","og_url":"https:\/\/miumjau.ee\/lt\/produktas\/silkitty-silikagelio-kaciu-kraikas-38l\/","og_site_name":"MiuMjau","article_publisher":"https:\/\/www.facebook.com\/miumjaupood\/","article_modified_time":"2026-01-07T18:50:49+00:00","og_image":[{"width":600,"height":800,"url":"https:\/\/miumjau.ee\/wp-content\/uploads\/2024\/08\/silkitty-sillica-gel-kassiliiv-1.jpg","type":"image\/jpeg"}],"twitter_card":"summary_large_image","schema":{"@context":"https:\/\/schema.org","@graph":[{"@type":"WebPage","@id":"https:\/\/miumjau.ee\/lt\/produktas\/silkitty-silikagelio-kaciu-kraikas-38l\/","url":"https:\/\/miumjau.ee\/lt\/produktas\/silkitty-silikagelio-kaciu-kraikas-38l\/","name":"Silkitty silikagelio ka\u010di\u0173 kraikas 3,8L - MiuMjau","isPartOf":{"@id":"https:\/\/miumjau.ee\/#website"},"primaryImageOfPage":{"@id":"https:\/\/miumjau.ee\/lt\/produktas\/silkitty-silikagelio-kaciu-kraikas-38l\/#primaryimage"},"image":{"@id":"https:\/\/miumjau.ee\/lt\/produktas\/silkitty-silikagelio-kaciu-kraikas-38l\/#primaryimage"},"thumbnailUrl":"https:\/\/miumjau.ee\/wp-content\/uploads\/2024\/08\/silkitty-sillica-gel-kassiliiv-1.jpg","datePublished":"2024-08-06T20:46:38+00:00","dateModified":"2026-01-07T18:50:49+00:00","breadcrumb":{"@id":"https:\/\/miumjau.ee\/lt\/produktas\/silkitty-silikagelio-kaciu-kraikas-38l\/#breadcrumb"},"inLanguage":"lt-LT","potentialAction":[{"@type":"ReadAction","target":["https:\/\/miumjau.ee\/lt\/produktas\/silkitty-silikagelio-kaciu-kraikas-38l\/"]}]},{"@type":"ImageObject","inLanguage":"lt-LT","@id":"https:\/\/miumjau.ee\/lt\/produktas\/silkitty-silikagelio-kaciu-kraikas-38l\/#primaryimage","url":"https:\/\/miumjau.ee\/wp-content\/uploads\/2024\/08\/silkitty-sillica-gel-kassiliiv-1.jpg","contentUrl":"https:\/\/miumjau.ee\/wp-content\/uploads\/2024\/08\/silkitty-sillica-gel-kassiliiv-1.jpg","width":600,"height":800,"caption":"Silkitty sillica gel kassiliiv"},{"@type":"BreadcrumbList","@id":"https:\/\/miumjau.ee\/lt\/produktas\/silkitty-silikagelio-kaciu-kraikas-38l\/#breadcrumb","itemListElement":[{"@type":"ListItem","position":1,"name":"Home","item":"https:\/\/miumjau.ee\/lt\/"},{"@type":"ListItem","position":2,"name":"Parduotuv\u0117","item":"https:\/\/miumjau.ee\/lt\/parduotuve\/"},{"@type":"ListItem","position":3,"name":"Silkitty silikagelio ka\u010di\u0173 kraikas 3,8L"}]},{"@type":"WebSite","@id":"https:\/\/miumjau.ee\/#website","url":"https:\/\/miumjau.ee\/","name":"MiuMjau","description":"Kraapimispuud kassidele","publisher":{"@id":"https:\/\/miumjau.ee\/#organization"},"potentialAction":[{"@type":"SearchAction","target":{"@type":"EntryPoint","urlTemplate":"https:\/\/miumjau.ee\/?s={search_term_string}"},"query-input":{"@type":"PropertyValueSpecification","valueRequired":true,"valueName":"search_term_string"}}],"inLanguage":"lt-LT"},{"@type":"Organization","@id":"https:\/\/miumjau.ee\/#organization","name":"MiuMjau O\u00dc","url":"https:\/\/miumjau.ee\/","logo":{"@type":"ImageObject","inLanguage":"lt-LT","@id":"https:\/\/miumjau.ee\/#\/schema\/logo\/image\/","url":"https:\/\/miumjau.ee\/wp-content\/uploads\/2022\/04\/MiuMjau-logo-kollane.png","contentUrl":"https:\/\/miumjau.ee\/wp-content\/uploads\/2022\/04\/MiuMjau-logo-kollane.png","width":219,"height":100,"caption":"MiuMjau O\u00dc"},"image":{"@id":"https:\/\/miumjau.ee\/#\/schema\/logo\/image\/"},"sameAs":["https:\/\/www.facebook.com\/miumjaupood\/"]}]}},"_links":{"self":[{"href":"https:\/\/miumjau.ee\/lt\/wp-json\/wp\/v2\/product\/43044","targetHints":{"allow":["GET"]}}],"collection":[{"href":"https:\/\/miumjau.ee\/lt\/wp-json\/wp\/v2\/product"}],"about":[{"href":"https:\/\/miumjau.ee\/lt\/wp-json\/wp\/v2\/types\/product"}],"wp:featuredmedia":[{"embeddable":true,"href":"https:\/\/miumjau.ee\/lt\/wp-json\/wp\/v2\/media\/43568"}],"wp:attachment":[{"href":"https:\/\/miumjau.ee\/lt\/wp-json\/wp\/v2\/media?parent=43044"}],"wp:term":[{"taxonomy":"product_brand","embeddable":true,"href":"https:\/\/miumjau.ee\/lt\/wp-json\/wp\/v2\/product_brand?post=43044"},{"taxonomy":"product_cat","embeddable":true,"href":"https:\/\/miumjau.ee\/lt\/wp-json\/wp\/v2\/product_cat?post=43044"},{"taxonomy":"product_tag","embeddable":true,"href":"https:\/\/miumjau.ee\/lt\/wp-json\/wp\/v2\/product_tag?post=43044"}],"curies":[{"name":"wp","href":"https:\/\/api.w.org\/{rel}","templated":true}]}}