{"id":43033,"date":"2024-08-06T16:47:43","date_gmt":"2024-08-06T13:47:43","guid":{"rendered":"https:\/\/miumjau.ee\/toode\/kaciu-tualeto-dezes-kilimelis-l-55x75-cm-pilkas\/"},"modified":"2026-01-07T20:50:56","modified_gmt":"2026-01-07T18:50:56","slug":"kaciu-tualeto-dezes-kilimelis-l-55x75-cm-pilkas","status":"publish","type":"product","link":"https:\/\/miumjau.ee\/lt\/produktas\/kaciu-tualeto-dezes-kilimelis-l-55x75-cm-pilkas\/","title":{"rendered":"Ka\u010di\u0173 tualeto d\u0117\u017e\u0117s kilim\u0117lis L 55&#215;75 cm, pilkas"},"content":{"rendered":"","protected":false},"excerpt":{"rendered":"<p>Nepriklausomai nuo to, kok\u012f ka\u010di\u0173 kraik\u0105 ar kokio tipo d\u0117\u017e\u0119 naudojate, \u0161iokia tokia netvarka \u2013 nei\u0161vengiama. Kat\u0117s i\u0161\u0161oka i\u0161 d\u0117\u017e\u0117s, i\u0161mesdamos kraik\u0105, arba j\u012f i\u0161barsto, u\u017ekasdamos i\u0161matas. Augintinis taip pat gali nety\u010dia \u012flipti \u012f savo i\u0161matas ir palikti ant grind\u0173 ne\u0161vari\u0173 d\u0117mi\u0173. Sprendimas \u2013 kraiko kilim\u0117liai!<\/p>\n<p>Ka\u010di\u0173 kraiko kilim\u0117lis suma\u017eina stres\u0105 ir r\u016bpest\u012f, susijus\u012f su nuo kat\u0117s leten\u0117li\u0173 byran\u010dio kraiko tvarkymu. Tiesiog pad\u0117kite kilim\u0117l\u012f prie\u0161 d\u0117\u017e\u0119 arba po ja (su didesne atsarga aplinkui), kad sugaut\u0173 nuo leten\u0173 byrantis kraikas. V\u0117liau liku\u010dius galite i\u0161siurbti ar i\u0161purtyti \u012f \u0161iuk\u0161liad\u0117\u017e\u0119.<\/p>\n<p>&lt;strong&gt;Savyb\u0117s:&lt;\/strong&gt;<br \/>\n&lt;ul&gt;<br \/>\n&lt;li&gt;Sustabdo did\u017ei\u0105j\u0105 dal\u012f byran\u010dio kraiko&lt;\/li&gt;<br \/>\n&lt;li&gt;Malonus kat\u0117s letenoms&lt;\/li&gt;<br \/>\n&lt;li&gt;Neslystantis pagrindas&lt;\/li&gt;<br \/>\n&lt;li&gt;Lengvai valomas&lt;\/li&gt;<br \/>\n&lt;li&gt;Apsaugo grindis&lt;\/li&gt;<br \/>\n&lt;li&gt;Atsparus vandeniui&lt;\/li&gt;<br \/>\n&lt;li&gt;Ilgis: 75 cm&lt;\/li&gt;<br \/>\n&lt;li&gt;Plotis: 55 cm&lt;\/li&gt;<br \/>\n&lt;li&gt;Svoris: 0,4 kg&lt;\/li&gt;<br \/>\n&lt;\/ul&gt;<br \/>\nTurime sand\u0117lyje!<\/p>\n","protected":false},"featured_media":43549,"template":"","meta":[],"product_brand":[],"product_cat":[532],"product_tag":[],"class_list":{"0":"post-43033","1":"product","2":"type-product","3":"status-publish","4":"has-post-thumbnail","6":"product_cat-tualeto-priedai","8":"first","9":"outofstock","10":"taxable","11":"shipping-taxable","12":"purchasable","13":"product-type-simple"},"yoast_head":"<!-- This site is optimized with the Yoast SEO plugin v27.2 - https:\/\/yoast.com\/product\/yoast-seo-wordpress\/ -->\n<title>Ka\u010di\u0173 tualeto d\u0117\u017e\u0117s kilim\u0117lis L 55x75 cm, pilkas - MiuMjau<\/title>\n<meta name=\"robots\" content=\"index, follow, max-snippet:-1, max-image-preview:large, max-video-preview:-1\" \/>\n<link rel=\"canonical\" href=\"https:\/\/miumjau.ee\/lt\/produktas\/kaciu-tualeto-dezes-kilimelis-l-55x75-cm-pilkas\/\" \/>\n<meta property=\"og:locale\" content=\"lt_LT\" \/>\n<meta property=\"og:type\" content=\"article\" \/>\n<meta property=\"og:title\" content=\"Ka\u010di\u0173 tualeto d\u0117\u017e\u0117s kilim\u0117lis L 55x75 cm, pilkas - MiuMjau\" \/>\n<meta property=\"og:description\" content=\"Nepriklausomai nuo to, kok\u012f ka\u010di\u0173 kraik\u0105 ar kokio tipo d\u0117\u017e\u0119 naudojate, \u0161iokia tokia netvarka \u2013 nei\u0161vengiama. Kat\u0117s i\u0161\u0161oka i\u0161 d\u0117\u017e\u0117s, i\u0161mesdamos kraik\u0105, arba j\u012f i\u0161barsto, u\u017ekasdamos i\u0161matas. Augintinis taip pat gali nety\u010dia \u012flipti \u012f savo i\u0161matas ir palikti ant grind\u0173 ne\u0161vari\u0173 d\u0117mi\u0173. Sprendimas \u2013 kraiko kilim\u0117liai! Ka\u010di\u0173 kraiko kilim\u0117lis suma\u017eina stres\u0105 ir r\u016bpest\u012f, susijus\u012f su nuo kat\u0117s leten\u0117li\u0173 byran\u010dio kraiko tvarkymu. Tiesiog pad\u0117kite kilim\u0117l\u012f prie\u0161 d\u0117\u017e\u0119 arba po ja (su didesne atsarga aplinkui), kad sugaut\u0173 nuo leten\u0173 byrantis kraikas. V\u0117liau liku\u010dius galite i\u0161siurbti ar i\u0161purtyti \u012f \u0161iuk\u0161liad\u0117\u017e\u0119. &lt;strong&gt;Savyb\u0117s:&lt;\/strong&gt; &lt;ul&gt; &lt;li&gt;Sustabdo did\u017ei\u0105j\u0105 dal\u012f byran\u010dio kraiko&lt;\/li&gt; &lt;li&gt;Malonus kat\u0117s letenoms&lt;\/li&gt; &lt;li&gt;Neslystantis pagrindas&lt;\/li&gt; &lt;li&gt;Lengvai valomas&lt;\/li&gt; &lt;li&gt;Apsaugo grindis&lt;\/li&gt; &lt;li&gt;Atsparus vandeniui&lt;\/li&gt; &lt;li&gt;Ilgis: 75 cm&lt;\/li&gt; &lt;li&gt;Plotis: 55 cm&lt;\/li&gt; &lt;li&gt;Svoris: 0,4 kg&lt;\/li&gt; &lt;\/ul&gt; Turime sand\u0117lyje!\" \/>\n<meta property=\"og:url\" content=\"https:\/\/miumjau.ee\/lt\/produktas\/kaciu-tualeto-dezes-kilimelis-l-55x75-cm-pilkas\/\" \/>\n<meta property=\"og:site_name\" content=\"MiuMjau\" \/>\n<meta property=\"article:publisher\" content=\"https:\/\/www.facebook.com\/miumjaupood\/\" \/>\n<meta property=\"article:modified_time\" content=\"2026-01-07T18:50:56+00:00\" \/>\n<meta property=\"og:image\" content=\"https:\/\/miumjau.ee\/wp-content\/uploads\/2024\/08\/kassi-liivakasti-matt-l-55x75-cm-hall-1.jpg\" \/>\n\t<meta property=\"og:image:width\" content=\"600\" \/>\n\t<meta property=\"og:image:height\" content=\"800\" \/>\n\t<meta property=\"og:image:type\" content=\"image\/jpeg\" \/>\n<meta name=\"twitter:card\" content=\"summary_large_image\" \/>\n<script type=\"application\/ld+json\" class=\"yoast-schema-graph\">{\"@context\":\"https:\/\/schema.org\",\"@graph\":[{\"@type\":\"WebPage\",\"@id\":\"https:\/\/miumjau.ee\/lt\/produktas\/kaciu-tualeto-dezes-kilimelis-l-55x75-cm-pilkas\/\",\"url\":\"https:\/\/miumjau.ee\/lt\/produktas\/kaciu-tualeto-dezes-kilimelis-l-55x75-cm-pilkas\/\",\"name\":\"Ka\u010di\u0173 tualeto d\u0117\u017e\u0117s kilim\u0117lis L 55x75 cm, pilkas - MiuMjau\",\"isPartOf\":{\"@id\":\"https:\/\/miumjau.ee\/#website\"},\"primaryImageOfPage\":{\"@id\":\"https:\/\/miumjau.ee\/lt\/produktas\/kaciu-tualeto-dezes-kilimelis-l-55x75-cm-pilkas\/#primaryimage\"},\"image\":{\"@id\":\"https:\/\/miumjau.ee\/lt\/produktas\/kaciu-tualeto-dezes-kilimelis-l-55x75-cm-pilkas\/#primaryimage\"},\"thumbnailUrl\":\"https:\/\/miumjau.ee\/wp-content\/uploads\/2024\/08\/kassi-liivakasti-matt-l-55x75-cm-hall-1.jpg\",\"datePublished\":\"2024-08-06T13:47:43+00:00\",\"dateModified\":\"2026-01-07T18:50:56+00:00\",\"breadcrumb\":{\"@id\":\"https:\/\/miumjau.ee\/lt\/produktas\/kaciu-tualeto-dezes-kilimelis-l-55x75-cm-pilkas\/#breadcrumb\"},\"inLanguage\":\"lt-LT\",\"potentialAction\":[{\"@type\":\"ReadAction\",\"target\":[\"https:\/\/miumjau.ee\/lt\/produktas\/kaciu-tualeto-dezes-kilimelis-l-55x75-cm-pilkas\/\"]}]},{\"@type\":\"ImageObject\",\"inLanguage\":\"lt-LT\",\"@id\":\"https:\/\/miumjau.ee\/lt\/produktas\/kaciu-tualeto-dezes-kilimelis-l-55x75-cm-pilkas\/#primaryimage\",\"url\":\"https:\/\/miumjau.ee\/wp-content\/uploads\/2024\/08\/kassi-liivakasti-matt-l-55x75-cm-hall-1.jpg\",\"contentUrl\":\"https:\/\/miumjau.ee\/wp-content\/uploads\/2024\/08\/kassi-liivakasti-matt-l-55x75-cm-hall-1.jpg\",\"width\":600,\"height\":800,\"caption\":\"Kassi liivakasti matt L 55x75 cm hall\"},{\"@type\":\"BreadcrumbList\",\"@id\":\"https:\/\/miumjau.ee\/lt\/produktas\/kaciu-tualeto-dezes-kilimelis-l-55x75-cm-pilkas\/#breadcrumb\",\"itemListElement\":[{\"@type\":\"ListItem\",\"position\":1,\"name\":\"Home\",\"item\":\"https:\/\/miumjau.ee\/lt\/\"},{\"@type\":\"ListItem\",\"position\":2,\"name\":\"Parduotuv\u0117\",\"item\":\"https:\/\/miumjau.ee\/lt\/parduotuve\/\"},{\"@type\":\"ListItem\",\"position\":3,\"name\":\"Ka\u010di\u0173 tualeto d\u0117\u017e\u0117s kilim\u0117lis L 55&#215;75 cm, pilkas\"}]},{\"@type\":\"WebSite\",\"@id\":\"https:\/\/miumjau.ee\/#website\",\"url\":\"https:\/\/miumjau.ee\/\",\"name\":\"MiuMjau\",\"description\":\"Kraapimispuud kassidele\",\"publisher\":{\"@id\":\"https:\/\/miumjau.ee\/#organization\"},\"potentialAction\":[{\"@type\":\"SearchAction\",\"target\":{\"@type\":\"EntryPoint\",\"urlTemplate\":\"https:\/\/miumjau.ee\/?s={search_term_string}\"},\"query-input\":{\"@type\":\"PropertyValueSpecification\",\"valueRequired\":true,\"valueName\":\"search_term_string\"}}],\"inLanguage\":\"lt-LT\"},{\"@type\":\"Organization\",\"@id\":\"https:\/\/miumjau.ee\/#organization\",\"name\":\"MiuMjau O\u00dc\",\"url\":\"https:\/\/miumjau.ee\/\",\"logo\":{\"@type\":\"ImageObject\",\"inLanguage\":\"lt-LT\",\"@id\":\"https:\/\/miumjau.ee\/#\/schema\/logo\/image\/\",\"url\":\"https:\/\/miumjau.ee\/wp-content\/uploads\/2022\/04\/MiuMjau-logo-kollane.png\",\"contentUrl\":\"https:\/\/miumjau.ee\/wp-content\/uploads\/2022\/04\/MiuMjau-logo-kollane.png\",\"width\":219,\"height\":100,\"caption\":\"MiuMjau O\u00dc\"},\"image\":{\"@id\":\"https:\/\/miumjau.ee\/#\/schema\/logo\/image\/\"},\"sameAs\":[\"https:\/\/www.facebook.com\/miumjaupood\/\"]}]}<\/script>\n<!-- \/ Yoast SEO plugin. -->","yoast_head_json":{"title":"Ka\u010di\u0173 tualeto d\u0117\u017e\u0117s kilim\u0117lis L 55x75 cm, pilkas - MiuMjau","robots":{"index":"index","follow":"follow","max-snippet":"max-snippet:-1","max-image-preview":"max-image-preview:large","max-video-preview":"max-video-preview:-1"},"canonical":"https:\/\/miumjau.ee\/lt\/produktas\/kaciu-tualeto-dezes-kilimelis-l-55x75-cm-pilkas\/","og_locale":"lt_LT","og_type":"article","og_title":"Ka\u010di\u0173 tualeto d\u0117\u017e\u0117s kilim\u0117lis L 55x75 cm, pilkas - MiuMjau","og_description":"Nepriklausomai nuo to, kok\u012f ka\u010di\u0173 kraik\u0105 ar kokio tipo d\u0117\u017e\u0119 naudojate, \u0161iokia tokia netvarka \u2013 nei\u0161vengiama. Kat\u0117s i\u0161\u0161oka i\u0161 d\u0117\u017e\u0117s, i\u0161mesdamos kraik\u0105, arba j\u012f i\u0161barsto, u\u017ekasdamos i\u0161matas. Augintinis taip pat gali nety\u010dia \u012flipti \u012f savo i\u0161matas ir palikti ant grind\u0173 ne\u0161vari\u0173 d\u0117mi\u0173. Sprendimas \u2013 kraiko kilim\u0117liai! Ka\u010di\u0173 kraiko kilim\u0117lis suma\u017eina stres\u0105 ir r\u016bpest\u012f, susijus\u012f su nuo kat\u0117s leten\u0117li\u0173 byran\u010dio kraiko tvarkymu. Tiesiog pad\u0117kite kilim\u0117l\u012f prie\u0161 d\u0117\u017e\u0119 arba po ja (su didesne atsarga aplinkui), kad sugaut\u0173 nuo leten\u0173 byrantis kraikas. V\u0117liau liku\u010dius galite i\u0161siurbti ar i\u0161purtyti \u012f \u0161iuk\u0161liad\u0117\u017e\u0119. &lt;strong&gt;Savyb\u0117s:&lt;\/strong&gt; &lt;ul&gt; &lt;li&gt;Sustabdo did\u017ei\u0105j\u0105 dal\u012f byran\u010dio kraiko&lt;\/li&gt; &lt;li&gt;Malonus kat\u0117s letenoms&lt;\/li&gt; &lt;li&gt;Neslystantis pagrindas&lt;\/li&gt; &lt;li&gt;Lengvai valomas&lt;\/li&gt; &lt;li&gt;Apsaugo grindis&lt;\/li&gt; &lt;li&gt;Atsparus vandeniui&lt;\/li&gt; &lt;li&gt;Ilgis: 75 cm&lt;\/li&gt; &lt;li&gt;Plotis: 55 cm&lt;\/li&gt; &lt;li&gt;Svoris: 0,4 kg&lt;\/li&gt; &lt;\/ul&gt; Turime sand\u0117lyje!","og_url":"https:\/\/miumjau.ee\/lt\/produktas\/kaciu-tualeto-dezes-kilimelis-l-55x75-cm-pilkas\/","og_site_name":"MiuMjau","article_publisher":"https:\/\/www.facebook.com\/miumjaupood\/","article_modified_time":"2026-01-07T18:50:56+00:00","og_image":[{"width":600,"height":800,"url":"https:\/\/miumjau.ee\/wp-content\/uploads\/2024\/08\/kassi-liivakasti-matt-l-55x75-cm-hall-1.jpg","type":"image\/jpeg"}],"twitter_card":"summary_large_image","schema":{"@context":"https:\/\/schema.org","@graph":[{"@type":"WebPage","@id":"https:\/\/miumjau.ee\/lt\/produktas\/kaciu-tualeto-dezes-kilimelis-l-55x75-cm-pilkas\/","url":"https:\/\/miumjau.ee\/lt\/produktas\/kaciu-tualeto-dezes-kilimelis-l-55x75-cm-pilkas\/","name":"Ka\u010di\u0173 tualeto d\u0117\u017e\u0117s kilim\u0117lis L 55x75 cm, pilkas - MiuMjau","isPartOf":{"@id":"https:\/\/miumjau.ee\/#website"},"primaryImageOfPage":{"@id":"https:\/\/miumjau.ee\/lt\/produktas\/kaciu-tualeto-dezes-kilimelis-l-55x75-cm-pilkas\/#primaryimage"},"image":{"@id":"https:\/\/miumjau.ee\/lt\/produktas\/kaciu-tualeto-dezes-kilimelis-l-55x75-cm-pilkas\/#primaryimage"},"thumbnailUrl":"https:\/\/miumjau.ee\/wp-content\/uploads\/2024\/08\/kassi-liivakasti-matt-l-55x75-cm-hall-1.jpg","datePublished":"2024-08-06T13:47:43+00:00","dateModified":"2026-01-07T18:50:56+00:00","breadcrumb":{"@id":"https:\/\/miumjau.ee\/lt\/produktas\/kaciu-tualeto-dezes-kilimelis-l-55x75-cm-pilkas\/#breadcrumb"},"inLanguage":"lt-LT","potentialAction":[{"@type":"ReadAction","target":["https:\/\/miumjau.ee\/lt\/produktas\/kaciu-tualeto-dezes-kilimelis-l-55x75-cm-pilkas\/"]}]},{"@type":"ImageObject","inLanguage":"lt-LT","@id":"https:\/\/miumjau.ee\/lt\/produktas\/kaciu-tualeto-dezes-kilimelis-l-55x75-cm-pilkas\/#primaryimage","url":"https:\/\/miumjau.ee\/wp-content\/uploads\/2024\/08\/kassi-liivakasti-matt-l-55x75-cm-hall-1.jpg","contentUrl":"https:\/\/miumjau.ee\/wp-content\/uploads\/2024\/08\/kassi-liivakasti-matt-l-55x75-cm-hall-1.jpg","width":600,"height":800,"caption":"Kassi liivakasti matt L 55x75 cm hall"},{"@type":"BreadcrumbList","@id":"https:\/\/miumjau.ee\/lt\/produktas\/kaciu-tualeto-dezes-kilimelis-l-55x75-cm-pilkas\/#breadcrumb","itemListElement":[{"@type":"ListItem","position":1,"name":"Home","item":"https:\/\/miumjau.ee\/lt\/"},{"@type":"ListItem","position":2,"name":"Parduotuv\u0117","item":"https:\/\/miumjau.ee\/lt\/parduotuve\/"},{"@type":"ListItem","position":3,"name":"Ka\u010di\u0173 tualeto d\u0117\u017e\u0117s kilim\u0117lis L 55&#215;75 cm, pilkas"}]},{"@type":"WebSite","@id":"https:\/\/miumjau.ee\/#website","url":"https:\/\/miumjau.ee\/","name":"MiuMjau","description":"Kraapimispuud kassidele","publisher":{"@id":"https:\/\/miumjau.ee\/#organization"},"potentialAction":[{"@type":"SearchAction","target":{"@type":"EntryPoint","urlTemplate":"https:\/\/miumjau.ee\/?s={search_term_string}"},"query-input":{"@type":"PropertyValueSpecification","valueRequired":true,"valueName":"search_term_string"}}],"inLanguage":"lt-LT"},{"@type":"Organization","@id":"https:\/\/miumjau.ee\/#organization","name":"MiuMjau O\u00dc","url":"https:\/\/miumjau.ee\/","logo":{"@type":"ImageObject","inLanguage":"lt-LT","@id":"https:\/\/miumjau.ee\/#\/schema\/logo\/image\/","url":"https:\/\/miumjau.ee\/wp-content\/uploads\/2022\/04\/MiuMjau-logo-kollane.png","contentUrl":"https:\/\/miumjau.ee\/wp-content\/uploads\/2022\/04\/MiuMjau-logo-kollane.png","width":219,"height":100,"caption":"MiuMjau O\u00dc"},"image":{"@id":"https:\/\/miumjau.ee\/#\/schema\/logo\/image\/"},"sameAs":["https:\/\/www.facebook.com\/miumjaupood\/"]}]}},"_links":{"self":[{"href":"https:\/\/miumjau.ee\/lt\/wp-json\/wp\/v2\/product\/43033","targetHints":{"allow":["GET"]}}],"collection":[{"href":"https:\/\/miumjau.ee\/lt\/wp-json\/wp\/v2\/product"}],"about":[{"href":"https:\/\/miumjau.ee\/lt\/wp-json\/wp\/v2\/types\/product"}],"wp:featuredmedia":[{"embeddable":true,"href":"https:\/\/miumjau.ee\/lt\/wp-json\/wp\/v2\/media\/43549"}],"wp:attachment":[{"href":"https:\/\/miumjau.ee\/lt\/wp-json\/wp\/v2\/media?parent=43033"}],"wp:term":[{"taxonomy":"product_brand","embeddable":true,"href":"https:\/\/miumjau.ee\/lt\/wp-json\/wp\/v2\/product_brand?post=43033"},{"taxonomy":"product_cat","embeddable":true,"href":"https:\/\/miumjau.ee\/lt\/wp-json\/wp\/v2\/product_cat?post=43033"},{"taxonomy":"product_tag","embeddable":true,"href":"https:\/\/miumjau.ee\/lt\/wp-json\/wp\/v2\/product_tag?post=43033"}],"curies":[{"name":"wp","href":"https:\/\/api.w.org\/{rel}","templated":true}]}}