{"id":43031,"date":"2024-08-06T16:07:47","date_gmt":"2024-08-06T13:07:47","guid":{"rendered":"https:\/\/miumjau.ee\/toode\/uzdara-kaciu-deze-noble-melyna\/"},"modified":"2026-01-07T20:50:56","modified_gmt":"2026-01-07T18:50:56","slug":"uzdara-kaciu-deze-noble-melyna","status":"publish","type":"product","link":"https:\/\/miumjau.ee\/lt\/produktas\/uzdara-kaciu-deze-noble-melyna\/","title":{"rendered":"U\u017edara ka\u010di\u0173 d\u0117\u017e\u0117 Noble, m\u0117lyna"},"content":{"rendered":"","protected":false},"excerpt":{"rendered":"<p>Kates prijaukinome ma\u017edaug prie\u0161 9500 met\u0173. Nuo \u0161ios tarp r\u016b\u0161i\u0173 draugyst\u0117s prad\u017eios stengiam\u0117s padaryti m\u016bs\u0173 ir murkian\u010di\u0173 bi\u010diuli\u0173 bendr\u0105 gyvenim\u0105 patogesn\u012f. Vienas i\u0161 i\u0161radim\u0173, kuris i\u0161 esm\u0117s pagerino abiej\u0173 pusi\u0173 komfort\u0105, buvo ka\u010di\u0173 tualeto d\u0117\u017e\u0117. Paprasta d\u0117\u017e\u0117, pripilta sm\u0117lio ar pjuven\u0173, leido katei kasdienius fiziologinius reikalus atlikti namuose be \u017emogaus \u012fsiki\u0161imo. B\u0117gant metams \u0161is produktas \u012fgavo \u012fvairias formas ir spalvas, buvo tobulinamas skirtingais patogumais, ta\u010diau jo funkcija liko ta pati.<\/p>\n<p>Pristatome dang\u010diu u\u017edengt\u0105 ka\u010di\u0173 tualeto d\u0117\u017e\u0119, kurioje dera daug prakti\u0161k\u0173 sprendim\u0173. Vis\u0173 pirma, d\u0117\u017e\u0117s konstrukcija neleid\u017eia sm\u0117liui i\u0161sisluoksniuoti ir i\u0161byr\u0117ti, net jei kat\u0117 m\u0117gsta intensyviai kapstyti. Be to, ji suteikia katei privatum\u0105 \u2013 priklausomai nuo gyv\u016bno charakterio, ramus tualeto naudojimas gali b\u016bti itin svarbus. Ka\u010di\u0173 tualeto d\u0117\u017e\u0117je yra varstomos durys ir patogi rankena ne\u0161imui. Visa vir\u0161utin\u0117 dalis nuimama, pritvirtinta lengvai naudojamais spaustukais \u2013 taip palengvinamas valymas.<\/p>\n<p>&lt;strong&gt;Savyb\u0117s:&lt;\/strong&gt;<br \/>\n&lt;ul&gt;<br \/>\n&lt;li&gt;Med\u017eiaga: plastikas&lt;\/li&gt;<br \/>\n&lt;li&gt;Ilgis: 50 cm&lt;\/li&gt;<br \/>\n&lt;li&gt;Plotis: 40 cm&lt;\/li&gt;<br \/>\n&lt;li&gt;Auk\u0161tis: 39 cm&lt;\/li&gt;<br \/>\n&lt;li&gt;Svoris: 1,37 kg&lt;\/li&gt;<br \/>\n&lt;li&gt;Pakuot\u0117s dydis: 51 x 38 x 33 cm&lt;\/li&gt;<br \/>\n&lt;\/ul&gt;<br \/>\nTurime sand\u0117lyje!<\/p>\n","protected":false},"featured_media":43542,"template":"","meta":[],"product_brand":[],"product_cat":[531],"product_tag":[],"class_list":{"0":"post-43031","1":"product","2":"type-product","3":"status-publish","4":"has-post-thumbnail","6":"product_cat-kraiko-dezes","8":"first","9":"instock","10":"taxable","11":"shipping-taxable","12":"purchasable","13":"product-type-simple"},"yoast_head":"<!-- This site is optimized with the Yoast SEO plugin v27.2 - https:\/\/yoast.com\/product\/yoast-seo-wordpress\/ -->\n<title>U\u017edara ka\u010di\u0173 d\u0117\u017e\u0117 Noble, m\u0117lyna - MiuMjau<\/title>\n<meta name=\"robots\" content=\"index, follow, max-snippet:-1, max-image-preview:large, max-video-preview:-1\" \/>\n<link rel=\"canonical\" href=\"https:\/\/miumjau.ee\/lt\/produktas\/uzdara-kaciu-deze-noble-melyna\/\" \/>\n<meta property=\"og:locale\" content=\"lt_LT\" \/>\n<meta property=\"og:type\" content=\"article\" \/>\n<meta property=\"og:title\" content=\"U\u017edara ka\u010di\u0173 d\u0117\u017e\u0117 Noble, m\u0117lyna - MiuMjau\" \/>\n<meta property=\"og:description\" content=\"Kates prijaukinome ma\u017edaug prie\u0161 9500 met\u0173. Nuo \u0161ios tarp r\u016b\u0161i\u0173 draugyst\u0117s prad\u017eios stengiam\u0117s padaryti m\u016bs\u0173 ir murkian\u010di\u0173 bi\u010diuli\u0173 bendr\u0105 gyvenim\u0105 patogesn\u012f. Vienas i\u0161 i\u0161radim\u0173, kuris i\u0161 esm\u0117s pagerino abiej\u0173 pusi\u0173 komfort\u0105, buvo ka\u010di\u0173 tualeto d\u0117\u017e\u0117. Paprasta d\u0117\u017e\u0117, pripilta sm\u0117lio ar pjuven\u0173, leido katei kasdienius fiziologinius reikalus atlikti namuose be \u017emogaus \u012fsiki\u0161imo. B\u0117gant metams \u0161is produktas \u012fgavo \u012fvairias formas ir spalvas, buvo tobulinamas skirtingais patogumais, ta\u010diau jo funkcija liko ta pati. Pristatome dang\u010diu u\u017edengt\u0105 ka\u010di\u0173 tualeto d\u0117\u017e\u0119, kurioje dera daug prakti\u0161k\u0173 sprendim\u0173. Vis\u0173 pirma, d\u0117\u017e\u0117s konstrukcija neleid\u017eia sm\u0117liui i\u0161sisluoksniuoti ir i\u0161byr\u0117ti, net jei kat\u0117 m\u0117gsta intensyviai kapstyti. Be to, ji suteikia katei privatum\u0105 \u2013 priklausomai nuo gyv\u016bno charakterio, ramus tualeto naudojimas gali b\u016bti itin svarbus. Ka\u010di\u0173 tualeto d\u0117\u017e\u0117je yra varstomos durys ir patogi rankena ne\u0161imui. Visa vir\u0161utin\u0117 dalis nuimama, pritvirtinta lengvai naudojamais spaustukais \u2013 taip palengvinamas valymas. &lt;strong&gt;Savyb\u0117s:&lt;\/strong&gt; &lt;ul&gt; &lt;li&gt;Med\u017eiaga: plastikas&lt;\/li&gt; &lt;li&gt;Ilgis: 50 cm&lt;\/li&gt; &lt;li&gt;Plotis: 40 cm&lt;\/li&gt; &lt;li&gt;Auk\u0161tis: 39 cm&lt;\/li&gt; &lt;li&gt;Svoris: 1,37 kg&lt;\/li&gt; &lt;li&gt;Pakuot\u0117s dydis: 51 x 38 x 33 cm&lt;\/li&gt; &lt;\/ul&gt; Turime sand\u0117lyje!\" \/>\n<meta property=\"og:url\" content=\"https:\/\/miumjau.ee\/lt\/produktas\/uzdara-kaciu-deze-noble-melyna\/\" \/>\n<meta property=\"og:site_name\" content=\"MiuMjau\" \/>\n<meta property=\"article:publisher\" content=\"https:\/\/www.facebook.com\/miumjaupood\/\" \/>\n<meta property=\"article:modified_time\" content=\"2026-01-07T18:50:56+00:00\" \/>\n<meta property=\"og:image\" content=\"https:\/\/miumjau.ee\/wp-content\/uploads\/2024\/08\/kassi-liivakast-noble-sinine-2.jpg\" \/>\n\t<meta property=\"og:image:width\" content=\"600\" \/>\n\t<meta property=\"og:image:height\" content=\"800\" \/>\n\t<meta property=\"og:image:type\" content=\"image\/jpeg\" \/>\n<meta name=\"twitter:card\" content=\"summary_large_image\" \/>\n<script type=\"application\/ld+json\" class=\"yoast-schema-graph\">{\"@context\":\"https:\/\/schema.org\",\"@graph\":[{\"@type\":\"WebPage\",\"@id\":\"https:\/\/miumjau.ee\/lt\/produktas\/uzdara-kaciu-deze-noble-melyna\/\",\"url\":\"https:\/\/miumjau.ee\/lt\/produktas\/uzdara-kaciu-deze-noble-melyna\/\",\"name\":\"U\u017edara ka\u010di\u0173 d\u0117\u017e\u0117 Noble, m\u0117lyna - MiuMjau\",\"isPartOf\":{\"@id\":\"https:\/\/miumjau.ee\/#website\"},\"primaryImageOfPage\":{\"@id\":\"https:\/\/miumjau.ee\/lt\/produktas\/uzdara-kaciu-deze-noble-melyna\/#primaryimage\"},\"image\":{\"@id\":\"https:\/\/miumjau.ee\/lt\/produktas\/uzdara-kaciu-deze-noble-melyna\/#primaryimage\"},\"thumbnailUrl\":\"https:\/\/miumjau.ee\/wp-content\/uploads\/2024\/08\/kassi-liivakast-noble-sinine-2.jpg\",\"datePublished\":\"2024-08-06T13:07:47+00:00\",\"dateModified\":\"2026-01-07T18:50:56+00:00\",\"breadcrumb\":{\"@id\":\"https:\/\/miumjau.ee\/lt\/produktas\/uzdara-kaciu-deze-noble-melyna\/#breadcrumb\"},\"inLanguage\":\"lt-LT\",\"potentialAction\":[{\"@type\":\"ReadAction\",\"target\":[\"https:\/\/miumjau.ee\/lt\/produktas\/uzdara-kaciu-deze-noble-melyna\/\"]}]},{\"@type\":\"ImageObject\",\"inLanguage\":\"lt-LT\",\"@id\":\"https:\/\/miumjau.ee\/lt\/produktas\/uzdara-kaciu-deze-noble-melyna\/#primaryimage\",\"url\":\"https:\/\/miumjau.ee\/wp-content\/uploads\/2024\/08\/kassi-liivakast-noble-sinine-2.jpg\",\"contentUrl\":\"https:\/\/miumjau.ee\/wp-content\/uploads\/2024\/08\/kassi-liivakast-noble-sinine-2.jpg\",\"width\":600,\"height\":800,\"caption\":\"Kassi liivakast Noble sinine\"},{\"@type\":\"BreadcrumbList\",\"@id\":\"https:\/\/miumjau.ee\/lt\/produktas\/uzdara-kaciu-deze-noble-melyna\/#breadcrumb\",\"itemListElement\":[{\"@type\":\"ListItem\",\"position\":1,\"name\":\"Home\",\"item\":\"https:\/\/miumjau.ee\/lt\/\"},{\"@type\":\"ListItem\",\"position\":2,\"name\":\"Parduotuv\u0117\",\"item\":\"https:\/\/miumjau.ee\/lt\/parduotuve\/\"},{\"@type\":\"ListItem\",\"position\":3,\"name\":\"U\u017edara ka\u010di\u0173 d\u0117\u017e\u0117 Noble, m\u0117lyna\"}]},{\"@type\":\"WebSite\",\"@id\":\"https:\/\/miumjau.ee\/#website\",\"url\":\"https:\/\/miumjau.ee\/\",\"name\":\"MiuMjau\",\"description\":\"Kraapimispuud kassidele\",\"publisher\":{\"@id\":\"https:\/\/miumjau.ee\/#organization\"},\"potentialAction\":[{\"@type\":\"SearchAction\",\"target\":{\"@type\":\"EntryPoint\",\"urlTemplate\":\"https:\/\/miumjau.ee\/?s={search_term_string}\"},\"query-input\":{\"@type\":\"PropertyValueSpecification\",\"valueRequired\":true,\"valueName\":\"search_term_string\"}}],\"inLanguage\":\"lt-LT\"},{\"@type\":\"Organization\",\"@id\":\"https:\/\/miumjau.ee\/#organization\",\"name\":\"MiuMjau O\u00dc\",\"url\":\"https:\/\/miumjau.ee\/\",\"logo\":{\"@type\":\"ImageObject\",\"inLanguage\":\"lt-LT\",\"@id\":\"https:\/\/miumjau.ee\/#\/schema\/logo\/image\/\",\"url\":\"https:\/\/miumjau.ee\/wp-content\/uploads\/2022\/04\/MiuMjau-logo-kollane.png\",\"contentUrl\":\"https:\/\/miumjau.ee\/wp-content\/uploads\/2022\/04\/MiuMjau-logo-kollane.png\",\"width\":219,\"height\":100,\"caption\":\"MiuMjau O\u00dc\"},\"image\":{\"@id\":\"https:\/\/miumjau.ee\/#\/schema\/logo\/image\/\"},\"sameAs\":[\"https:\/\/www.facebook.com\/miumjaupood\/\"]}]}<\/script>\n<!-- \/ Yoast SEO plugin. -->","yoast_head_json":{"title":"U\u017edara ka\u010di\u0173 d\u0117\u017e\u0117 Noble, m\u0117lyna - MiuMjau","robots":{"index":"index","follow":"follow","max-snippet":"max-snippet:-1","max-image-preview":"max-image-preview:large","max-video-preview":"max-video-preview:-1"},"canonical":"https:\/\/miumjau.ee\/lt\/produktas\/uzdara-kaciu-deze-noble-melyna\/","og_locale":"lt_LT","og_type":"article","og_title":"U\u017edara ka\u010di\u0173 d\u0117\u017e\u0117 Noble, m\u0117lyna - MiuMjau","og_description":"Kates prijaukinome ma\u017edaug prie\u0161 9500 met\u0173. Nuo \u0161ios tarp r\u016b\u0161i\u0173 draugyst\u0117s prad\u017eios stengiam\u0117s padaryti m\u016bs\u0173 ir murkian\u010di\u0173 bi\u010diuli\u0173 bendr\u0105 gyvenim\u0105 patogesn\u012f. Vienas i\u0161 i\u0161radim\u0173, kuris i\u0161 esm\u0117s pagerino abiej\u0173 pusi\u0173 komfort\u0105, buvo ka\u010di\u0173 tualeto d\u0117\u017e\u0117. Paprasta d\u0117\u017e\u0117, pripilta sm\u0117lio ar pjuven\u0173, leido katei kasdienius fiziologinius reikalus atlikti namuose be \u017emogaus \u012fsiki\u0161imo. B\u0117gant metams \u0161is produktas \u012fgavo \u012fvairias formas ir spalvas, buvo tobulinamas skirtingais patogumais, ta\u010diau jo funkcija liko ta pati. Pristatome dang\u010diu u\u017edengt\u0105 ka\u010di\u0173 tualeto d\u0117\u017e\u0119, kurioje dera daug prakti\u0161k\u0173 sprendim\u0173. Vis\u0173 pirma, d\u0117\u017e\u0117s konstrukcija neleid\u017eia sm\u0117liui i\u0161sisluoksniuoti ir i\u0161byr\u0117ti, net jei kat\u0117 m\u0117gsta intensyviai kapstyti. Be to, ji suteikia katei privatum\u0105 \u2013 priklausomai nuo gyv\u016bno charakterio, ramus tualeto naudojimas gali b\u016bti itin svarbus. Ka\u010di\u0173 tualeto d\u0117\u017e\u0117je yra varstomos durys ir patogi rankena ne\u0161imui. Visa vir\u0161utin\u0117 dalis nuimama, pritvirtinta lengvai naudojamais spaustukais \u2013 taip palengvinamas valymas. &lt;strong&gt;Savyb\u0117s:&lt;\/strong&gt; &lt;ul&gt; &lt;li&gt;Med\u017eiaga: plastikas&lt;\/li&gt; &lt;li&gt;Ilgis: 50 cm&lt;\/li&gt; &lt;li&gt;Plotis: 40 cm&lt;\/li&gt; &lt;li&gt;Auk\u0161tis: 39 cm&lt;\/li&gt; &lt;li&gt;Svoris: 1,37 kg&lt;\/li&gt; &lt;li&gt;Pakuot\u0117s dydis: 51 x 38 x 33 cm&lt;\/li&gt; &lt;\/ul&gt; Turime sand\u0117lyje!","og_url":"https:\/\/miumjau.ee\/lt\/produktas\/uzdara-kaciu-deze-noble-melyna\/","og_site_name":"MiuMjau","article_publisher":"https:\/\/www.facebook.com\/miumjaupood\/","article_modified_time":"2026-01-07T18:50:56+00:00","og_image":[{"width":600,"height":800,"url":"https:\/\/miumjau.ee\/wp-content\/uploads\/2024\/08\/kassi-liivakast-noble-sinine-2.jpg","type":"image\/jpeg"}],"twitter_card":"summary_large_image","schema":{"@context":"https:\/\/schema.org","@graph":[{"@type":"WebPage","@id":"https:\/\/miumjau.ee\/lt\/produktas\/uzdara-kaciu-deze-noble-melyna\/","url":"https:\/\/miumjau.ee\/lt\/produktas\/uzdara-kaciu-deze-noble-melyna\/","name":"U\u017edara ka\u010di\u0173 d\u0117\u017e\u0117 Noble, m\u0117lyna - MiuMjau","isPartOf":{"@id":"https:\/\/miumjau.ee\/#website"},"primaryImageOfPage":{"@id":"https:\/\/miumjau.ee\/lt\/produktas\/uzdara-kaciu-deze-noble-melyna\/#primaryimage"},"image":{"@id":"https:\/\/miumjau.ee\/lt\/produktas\/uzdara-kaciu-deze-noble-melyna\/#primaryimage"},"thumbnailUrl":"https:\/\/miumjau.ee\/wp-content\/uploads\/2024\/08\/kassi-liivakast-noble-sinine-2.jpg","datePublished":"2024-08-06T13:07:47+00:00","dateModified":"2026-01-07T18:50:56+00:00","breadcrumb":{"@id":"https:\/\/miumjau.ee\/lt\/produktas\/uzdara-kaciu-deze-noble-melyna\/#breadcrumb"},"inLanguage":"lt-LT","potentialAction":[{"@type":"ReadAction","target":["https:\/\/miumjau.ee\/lt\/produktas\/uzdara-kaciu-deze-noble-melyna\/"]}]},{"@type":"ImageObject","inLanguage":"lt-LT","@id":"https:\/\/miumjau.ee\/lt\/produktas\/uzdara-kaciu-deze-noble-melyna\/#primaryimage","url":"https:\/\/miumjau.ee\/wp-content\/uploads\/2024\/08\/kassi-liivakast-noble-sinine-2.jpg","contentUrl":"https:\/\/miumjau.ee\/wp-content\/uploads\/2024\/08\/kassi-liivakast-noble-sinine-2.jpg","width":600,"height":800,"caption":"Kassi liivakast Noble sinine"},{"@type":"BreadcrumbList","@id":"https:\/\/miumjau.ee\/lt\/produktas\/uzdara-kaciu-deze-noble-melyna\/#breadcrumb","itemListElement":[{"@type":"ListItem","position":1,"name":"Home","item":"https:\/\/miumjau.ee\/lt\/"},{"@type":"ListItem","position":2,"name":"Parduotuv\u0117","item":"https:\/\/miumjau.ee\/lt\/parduotuve\/"},{"@type":"ListItem","position":3,"name":"U\u017edara ka\u010di\u0173 d\u0117\u017e\u0117 Noble, m\u0117lyna"}]},{"@type":"WebSite","@id":"https:\/\/miumjau.ee\/#website","url":"https:\/\/miumjau.ee\/","name":"MiuMjau","description":"Kraapimispuud kassidele","publisher":{"@id":"https:\/\/miumjau.ee\/#organization"},"potentialAction":[{"@type":"SearchAction","target":{"@type":"EntryPoint","urlTemplate":"https:\/\/miumjau.ee\/?s={search_term_string}"},"query-input":{"@type":"PropertyValueSpecification","valueRequired":true,"valueName":"search_term_string"}}],"inLanguage":"lt-LT"},{"@type":"Organization","@id":"https:\/\/miumjau.ee\/#organization","name":"MiuMjau O\u00dc","url":"https:\/\/miumjau.ee\/","logo":{"@type":"ImageObject","inLanguage":"lt-LT","@id":"https:\/\/miumjau.ee\/#\/schema\/logo\/image\/","url":"https:\/\/miumjau.ee\/wp-content\/uploads\/2022\/04\/MiuMjau-logo-kollane.png","contentUrl":"https:\/\/miumjau.ee\/wp-content\/uploads\/2022\/04\/MiuMjau-logo-kollane.png","width":219,"height":100,"caption":"MiuMjau O\u00dc"},"image":{"@id":"https:\/\/miumjau.ee\/#\/schema\/logo\/image\/"},"sameAs":["https:\/\/www.facebook.com\/miumjaupood\/"]}]}},"_links":{"self":[{"href":"https:\/\/miumjau.ee\/lt\/wp-json\/wp\/v2\/product\/43031","targetHints":{"allow":["GET"]}}],"collection":[{"href":"https:\/\/miumjau.ee\/lt\/wp-json\/wp\/v2\/product"}],"about":[{"href":"https:\/\/miumjau.ee\/lt\/wp-json\/wp\/v2\/types\/product"}],"wp:featuredmedia":[{"embeddable":true,"href":"https:\/\/miumjau.ee\/lt\/wp-json\/wp\/v2\/media\/43542"}],"wp:attachment":[{"href":"https:\/\/miumjau.ee\/lt\/wp-json\/wp\/v2\/media?parent=43031"}],"wp:term":[{"taxonomy":"product_brand","embeddable":true,"href":"https:\/\/miumjau.ee\/lt\/wp-json\/wp\/v2\/product_brand?post=43031"},{"taxonomy":"product_cat","embeddable":true,"href":"https:\/\/miumjau.ee\/lt\/wp-json\/wp\/v2\/product_cat?post=43031"},{"taxonomy":"product_tag","embeddable":true,"href":"https:\/\/miumjau.ee\/lt\/wp-json\/wp\/v2\/product_tag?post=43031"}],"curies":[{"name":"wp","href":"https:\/\/api.w.org\/{rel}","templated":true}]}}