{"id":43026,"date":"2024-08-01T16:13:27","date_gmt":"2024-08-01T13:13:27","guid":{"rendered":"https:\/\/miumjau.ee\/toode\/yeowww-cigar-zaislas-su-catnip-rozinis\/"},"modified":"2026-01-07T20:51:03","modified_gmt":"2026-01-07T18:51:03","slug":"yeowww-cigar-zaislas-su-catnip-rozinis","status":"publish","type":"product","link":"https:\/\/miumjau.ee\/lt\/produktas\/yeowww-cigar-zaislas-su-catnip-rozinis\/","title":{"rendered":"Yeowww Cigar \u017eaislas su catnip, ro\u017einis"},"content":{"rendered":"","protected":false},"excerpt":{"rendered":"<p>Yeowww Cigar \u017eaislas pripildytas nat\u016bralios kat\u017eol\u0117s, kuri suteikia kat\u0117ms smagaus ir stimuliuojan\u010dio \u017eaidimo. Nat\u016bralus ir saugus \u017eaislas. Kat\u0117ms labai patinka sugriebti j\u012f visomis leten\u0117l\u0117mis, kramtyti ir pa\u0161\u0117lusiai mosuoti u\u017epakalin\u0117mis kojomis. Tai suteikia daug pramog\u0173!<\/p>\n<p>\u017daislo ilgis 19 cm<br \/>\nSpalva: ro\u017ein\u0117<\/p>\n<p>Yra sand\u0117lyje!<\/p>\n","protected":false},"featured_media":43532,"template":"","meta":[],"product_brand":[],"product_cat":[520],"product_tag":[],"class_list":{"0":"post-43026","1":"product","2":"type-product","3":"status-publish","4":"has-post-thumbnail","6":"product_cat-kaciu-zaislai","8":"first","9":"instock","10":"taxable","11":"shipping-taxable","12":"purchasable","13":"product-type-simple"},"yoast_head":"<!-- This site is optimized with the Yoast SEO plugin v27.2 - https:\/\/yoast.com\/product\/yoast-seo-wordpress\/ -->\n<title>Yeowww Cigar \u017eaislas su catnip, ro\u017einis - MiuMjau<\/title>\n<meta name=\"robots\" content=\"index, follow, max-snippet:-1, max-image-preview:large, max-video-preview:-1\" \/>\n<link rel=\"canonical\" href=\"https:\/\/miumjau.ee\/lt\/produktas\/yeowww-cigar-zaislas-su-catnip-rozinis\/\" \/>\n<meta property=\"og:locale\" content=\"lt_LT\" \/>\n<meta property=\"og:type\" content=\"article\" \/>\n<meta property=\"og:title\" content=\"Yeowww Cigar \u017eaislas su catnip, ro\u017einis - MiuMjau\" \/>\n<meta property=\"og:description\" content=\"Yeowww Cigar \u017eaislas pripildytas nat\u016bralios kat\u017eol\u0117s, kuri suteikia kat\u0117ms smagaus ir stimuliuojan\u010dio \u017eaidimo. Nat\u016bralus ir saugus \u017eaislas. Kat\u0117ms labai patinka sugriebti j\u012f visomis leten\u0117l\u0117mis, kramtyti ir pa\u0161\u0117lusiai mosuoti u\u017epakalin\u0117mis kojomis. Tai suteikia daug pramog\u0173! \u017daislo ilgis 19 cm Spalva: ro\u017ein\u0117 Yra sand\u0117lyje!\" \/>\n<meta property=\"og:url\" content=\"https:\/\/miumjau.ee\/lt\/produktas\/yeowww-cigar-zaislas-su-catnip-rozinis\/\" \/>\n<meta property=\"og:site_name\" content=\"MiuMjau\" \/>\n<meta property=\"article:publisher\" content=\"https:\/\/www.facebook.com\/miumjaupood\/\" \/>\n<meta property=\"article:modified_time\" content=\"2026-01-07T18:51:03+00:00\" \/>\n<meta property=\"og:image\" content=\"https:\/\/miumjau.ee\/wp-content\/uploads\/2024\/07\/YEOWWW-roosa-sigar-1-tk-Photoroom.jpg\" \/>\n\t<meta property=\"og:image:width\" content=\"600\" \/>\n\t<meta property=\"og:image:height\" content=\"800\" \/>\n\t<meta property=\"og:image:type\" content=\"image\/jpeg\" \/>\n<meta name=\"twitter:card\" content=\"summary_large_image\" \/>\n<script type=\"application\/ld+json\" class=\"yoast-schema-graph\">{\"@context\":\"https:\/\/schema.org\",\"@graph\":[{\"@type\":\"WebPage\",\"@id\":\"https:\/\/miumjau.ee\/lt\/produktas\/yeowww-cigar-zaislas-su-catnip-rozinis\/\",\"url\":\"https:\/\/miumjau.ee\/lt\/produktas\/yeowww-cigar-zaislas-su-catnip-rozinis\/\",\"name\":\"Yeowww Cigar \u017eaislas su catnip, ro\u017einis - MiuMjau\",\"isPartOf\":{\"@id\":\"https:\/\/miumjau.ee\/#website\"},\"primaryImageOfPage\":{\"@id\":\"https:\/\/miumjau.ee\/lt\/produktas\/yeowww-cigar-zaislas-su-catnip-rozinis\/#primaryimage\"},\"image\":{\"@id\":\"https:\/\/miumjau.ee\/lt\/produktas\/yeowww-cigar-zaislas-su-catnip-rozinis\/#primaryimage\"},\"thumbnailUrl\":\"https:\/\/miumjau.ee\/wp-content\/uploads\/2024\/07\/YEOWWW-roosa-sigar-1-tk-Photoroom.jpg\",\"datePublished\":\"2024-08-01T13:13:27+00:00\",\"dateModified\":\"2026-01-07T18:51:03+00:00\",\"breadcrumb\":{\"@id\":\"https:\/\/miumjau.ee\/lt\/produktas\/yeowww-cigar-zaislas-su-catnip-rozinis\/#breadcrumb\"},\"inLanguage\":\"lt-LT\",\"potentialAction\":[{\"@type\":\"ReadAction\",\"target\":[\"https:\/\/miumjau.ee\/lt\/produktas\/yeowww-cigar-zaislas-su-catnip-rozinis\/\"]}]},{\"@type\":\"ImageObject\",\"inLanguage\":\"lt-LT\",\"@id\":\"https:\/\/miumjau.ee\/lt\/produktas\/yeowww-cigar-zaislas-su-catnip-rozinis\/#primaryimage\",\"url\":\"https:\/\/miumjau.ee\/wp-content\/uploads\/2024\/07\/YEOWWW-roosa-sigar-1-tk-Photoroom.jpg\",\"contentUrl\":\"https:\/\/miumjau.ee\/wp-content\/uploads\/2024\/07\/YEOWWW-roosa-sigar-1-tk-Photoroom.jpg\",\"width\":600,\"height\":800,\"caption\":\"YEOWWW-roosa-sigar-1-tk-Photoroom.jpg\"},{\"@type\":\"BreadcrumbList\",\"@id\":\"https:\/\/miumjau.ee\/lt\/produktas\/yeowww-cigar-zaislas-su-catnip-rozinis\/#breadcrumb\",\"itemListElement\":[{\"@type\":\"ListItem\",\"position\":1,\"name\":\"Home\",\"item\":\"https:\/\/miumjau.ee\/lt\/\"},{\"@type\":\"ListItem\",\"position\":2,\"name\":\"Parduotuv\u0117\",\"item\":\"https:\/\/miumjau.ee\/lt\/parduotuve\/\"},{\"@type\":\"ListItem\",\"position\":3,\"name\":\"Yeowww Cigar \u017eaislas su catnip, ro\u017einis\"}]},{\"@type\":\"WebSite\",\"@id\":\"https:\/\/miumjau.ee\/#website\",\"url\":\"https:\/\/miumjau.ee\/\",\"name\":\"MiuMjau\",\"description\":\"Kraapimispuud kassidele\",\"publisher\":{\"@id\":\"https:\/\/miumjau.ee\/#organization\"},\"potentialAction\":[{\"@type\":\"SearchAction\",\"target\":{\"@type\":\"EntryPoint\",\"urlTemplate\":\"https:\/\/miumjau.ee\/?s={search_term_string}\"},\"query-input\":{\"@type\":\"PropertyValueSpecification\",\"valueRequired\":true,\"valueName\":\"search_term_string\"}}],\"inLanguage\":\"lt-LT\"},{\"@type\":\"Organization\",\"@id\":\"https:\/\/miumjau.ee\/#organization\",\"name\":\"MiuMjau O\u00dc\",\"url\":\"https:\/\/miumjau.ee\/\",\"logo\":{\"@type\":\"ImageObject\",\"inLanguage\":\"lt-LT\",\"@id\":\"https:\/\/miumjau.ee\/#\/schema\/logo\/image\/\",\"url\":\"https:\/\/miumjau.ee\/wp-content\/uploads\/2022\/04\/MiuMjau-logo-kollane.png\",\"contentUrl\":\"https:\/\/miumjau.ee\/wp-content\/uploads\/2022\/04\/MiuMjau-logo-kollane.png\",\"width\":219,\"height\":100,\"caption\":\"MiuMjau O\u00dc\"},\"image\":{\"@id\":\"https:\/\/miumjau.ee\/#\/schema\/logo\/image\/\"},\"sameAs\":[\"https:\/\/www.facebook.com\/miumjaupood\/\"]}]}<\/script>\n<!-- \/ Yoast SEO plugin. -->","yoast_head_json":{"title":"Yeowww Cigar \u017eaislas su catnip, ro\u017einis - MiuMjau","robots":{"index":"index","follow":"follow","max-snippet":"max-snippet:-1","max-image-preview":"max-image-preview:large","max-video-preview":"max-video-preview:-1"},"canonical":"https:\/\/miumjau.ee\/lt\/produktas\/yeowww-cigar-zaislas-su-catnip-rozinis\/","og_locale":"lt_LT","og_type":"article","og_title":"Yeowww Cigar \u017eaislas su catnip, ro\u017einis - MiuMjau","og_description":"Yeowww Cigar \u017eaislas pripildytas nat\u016bralios kat\u017eol\u0117s, kuri suteikia kat\u0117ms smagaus ir stimuliuojan\u010dio \u017eaidimo. Nat\u016bralus ir saugus \u017eaislas. Kat\u0117ms labai patinka sugriebti j\u012f visomis leten\u0117l\u0117mis, kramtyti ir pa\u0161\u0117lusiai mosuoti u\u017epakalin\u0117mis kojomis. Tai suteikia daug pramog\u0173! \u017daislo ilgis 19 cm Spalva: ro\u017ein\u0117 Yra sand\u0117lyje!","og_url":"https:\/\/miumjau.ee\/lt\/produktas\/yeowww-cigar-zaislas-su-catnip-rozinis\/","og_site_name":"MiuMjau","article_publisher":"https:\/\/www.facebook.com\/miumjaupood\/","article_modified_time":"2026-01-07T18:51:03+00:00","og_image":[{"width":600,"height":800,"url":"https:\/\/miumjau.ee\/wp-content\/uploads\/2024\/07\/YEOWWW-roosa-sigar-1-tk-Photoroom.jpg","type":"image\/jpeg"}],"twitter_card":"summary_large_image","schema":{"@context":"https:\/\/schema.org","@graph":[{"@type":"WebPage","@id":"https:\/\/miumjau.ee\/lt\/produktas\/yeowww-cigar-zaislas-su-catnip-rozinis\/","url":"https:\/\/miumjau.ee\/lt\/produktas\/yeowww-cigar-zaislas-su-catnip-rozinis\/","name":"Yeowww Cigar \u017eaislas su catnip, ro\u017einis - MiuMjau","isPartOf":{"@id":"https:\/\/miumjau.ee\/#website"},"primaryImageOfPage":{"@id":"https:\/\/miumjau.ee\/lt\/produktas\/yeowww-cigar-zaislas-su-catnip-rozinis\/#primaryimage"},"image":{"@id":"https:\/\/miumjau.ee\/lt\/produktas\/yeowww-cigar-zaislas-su-catnip-rozinis\/#primaryimage"},"thumbnailUrl":"https:\/\/miumjau.ee\/wp-content\/uploads\/2024\/07\/YEOWWW-roosa-sigar-1-tk-Photoroom.jpg","datePublished":"2024-08-01T13:13:27+00:00","dateModified":"2026-01-07T18:51:03+00:00","breadcrumb":{"@id":"https:\/\/miumjau.ee\/lt\/produktas\/yeowww-cigar-zaislas-su-catnip-rozinis\/#breadcrumb"},"inLanguage":"lt-LT","potentialAction":[{"@type":"ReadAction","target":["https:\/\/miumjau.ee\/lt\/produktas\/yeowww-cigar-zaislas-su-catnip-rozinis\/"]}]},{"@type":"ImageObject","inLanguage":"lt-LT","@id":"https:\/\/miumjau.ee\/lt\/produktas\/yeowww-cigar-zaislas-su-catnip-rozinis\/#primaryimage","url":"https:\/\/miumjau.ee\/wp-content\/uploads\/2024\/07\/YEOWWW-roosa-sigar-1-tk-Photoroom.jpg","contentUrl":"https:\/\/miumjau.ee\/wp-content\/uploads\/2024\/07\/YEOWWW-roosa-sigar-1-tk-Photoroom.jpg","width":600,"height":800,"caption":"YEOWWW-roosa-sigar-1-tk-Photoroom.jpg"},{"@type":"BreadcrumbList","@id":"https:\/\/miumjau.ee\/lt\/produktas\/yeowww-cigar-zaislas-su-catnip-rozinis\/#breadcrumb","itemListElement":[{"@type":"ListItem","position":1,"name":"Home","item":"https:\/\/miumjau.ee\/lt\/"},{"@type":"ListItem","position":2,"name":"Parduotuv\u0117","item":"https:\/\/miumjau.ee\/lt\/parduotuve\/"},{"@type":"ListItem","position":3,"name":"Yeowww Cigar \u017eaislas su catnip, ro\u017einis"}]},{"@type":"WebSite","@id":"https:\/\/miumjau.ee\/#website","url":"https:\/\/miumjau.ee\/","name":"MiuMjau","description":"Kraapimispuud kassidele","publisher":{"@id":"https:\/\/miumjau.ee\/#organization"},"potentialAction":[{"@type":"SearchAction","target":{"@type":"EntryPoint","urlTemplate":"https:\/\/miumjau.ee\/?s={search_term_string}"},"query-input":{"@type":"PropertyValueSpecification","valueRequired":true,"valueName":"search_term_string"}}],"inLanguage":"lt-LT"},{"@type":"Organization","@id":"https:\/\/miumjau.ee\/#organization","name":"MiuMjau O\u00dc","url":"https:\/\/miumjau.ee\/","logo":{"@type":"ImageObject","inLanguage":"lt-LT","@id":"https:\/\/miumjau.ee\/#\/schema\/logo\/image\/","url":"https:\/\/miumjau.ee\/wp-content\/uploads\/2022\/04\/MiuMjau-logo-kollane.png","contentUrl":"https:\/\/miumjau.ee\/wp-content\/uploads\/2022\/04\/MiuMjau-logo-kollane.png","width":219,"height":100,"caption":"MiuMjau O\u00dc"},"image":{"@id":"https:\/\/miumjau.ee\/#\/schema\/logo\/image\/"},"sameAs":["https:\/\/www.facebook.com\/miumjaupood\/"]}]}},"_links":{"self":[{"href":"https:\/\/miumjau.ee\/lt\/wp-json\/wp\/v2\/product\/43026","targetHints":{"allow":["GET"]}}],"collection":[{"href":"https:\/\/miumjau.ee\/lt\/wp-json\/wp\/v2\/product"}],"about":[{"href":"https:\/\/miumjau.ee\/lt\/wp-json\/wp\/v2\/types\/product"}],"wp:featuredmedia":[{"embeddable":true,"href":"https:\/\/miumjau.ee\/lt\/wp-json\/wp\/v2\/media\/43532"}],"wp:attachment":[{"href":"https:\/\/miumjau.ee\/lt\/wp-json\/wp\/v2\/media?parent=43026"}],"wp:term":[{"taxonomy":"product_brand","embeddable":true,"href":"https:\/\/miumjau.ee\/lt\/wp-json\/wp\/v2\/product_brand?post=43026"},{"taxonomy":"product_cat","embeddable":true,"href":"https:\/\/miumjau.ee\/lt\/wp-json\/wp\/v2\/product_cat?post=43026"},{"taxonomy":"product_tag","embeddable":true,"href":"https:\/\/miumjau.ee\/lt\/wp-json\/wp\/v2\/product_tag?post=43026"}],"curies":[{"name":"wp","href":"https:\/\/api.w.org\/{rel}","templated":true}]}}