{"id":43023,"date":"2024-08-01T12:51:06","date_gmt":"2024-08-01T09:51:06","guid":{"rendered":"https:\/\/miumjau.ee\/toode\/yeowww-zaislas-su-catnip-stinkie\/"},"modified":"2026-01-07T20:51:03","modified_gmt":"2026-01-07T18:51:03","slug":"yeowww-zaislas-su-catnip-stinkie","status":"publish","type":"product","link":"https:\/\/miumjau.ee\/lt\/produktas\/yeowww-zaislas-su-catnip-stinkie\/","title":{"rendered":"Yeowww \u017eaislas su catnip Stinkie"},"content":{"rendered":"","protected":false},"excerpt":{"rendered":"<p>Ar j\u016bs\u0173 kat\u0117 \u2013 tikra catnip gerb\u0117ja?<\/p>\n<p>Yeowww \u017eaislas pripildytas 100% nat\u016bralios kat\u017eol\u0117s (catnip). Kvapas i\u0161lieka ilgai! Jis suteikia kat\u0117ms smagaus ir stimuliuojan\u010dio \u017eaidimo. Be catnip teikiamo d\u017eiaugsmo, sparneliuose yra \u010de\u017eantis u\u017epildas \u2013 \u0161is garsas daugel\u012f ka\u010di\u0173 veda i\u0161 proto. Nat\u016bralus ir saugus \u017eaislas. J\u016bs\u0173 augintiniui tai tikrai patiks!<br \/>\nPS: catnip \u017eaislai \u2013 nepakei\u010diami d\u017eiuginant kates, turin\u010dias reg\u0117jimo sutrikim\u0173 ar net aklum\u0105.<\/p>\n<p>\u017daislo ilgis apie 7,5 cm<br \/>\nKiekis: 1 vnt (spalva parenkama atsitiktinai)<\/p>\n<p>Yra sand\u0117lyje!<\/p>\n","protected":false},"featured_media":43529,"template":"","meta":[],"product_brand":[],"product_cat":[520],"product_tag":[],"class_list":{"0":"post-43023","1":"product","2":"type-product","3":"status-publish","4":"has-post-thumbnail","6":"product_cat-kaciu-zaislai","8":"first","9":"instock","10":"sale","11":"taxable","12":"shipping-taxable","13":"purchasable","14":"product-type-simple"},"yoast_head":"<!-- This site is optimized with the Yoast SEO plugin v27.2 - https:\/\/yoast.com\/product\/yoast-seo-wordpress\/ -->\n<title>Yeowww \u017eaislas su catnip Stinkie - MiuMjau<\/title>\n<meta name=\"robots\" content=\"index, follow, max-snippet:-1, max-image-preview:large, max-video-preview:-1\" \/>\n<link rel=\"canonical\" href=\"https:\/\/miumjau.ee\/lt\/produktas\/yeowww-zaislas-su-catnip-stinkie\/\" \/>\n<meta property=\"og:locale\" content=\"lt_LT\" \/>\n<meta property=\"og:type\" content=\"article\" \/>\n<meta property=\"og:title\" content=\"Yeowww \u017eaislas su catnip Stinkie - MiuMjau\" \/>\n<meta property=\"og:description\" content=\"Ar j\u016bs\u0173 kat\u0117 \u2013 tikra catnip gerb\u0117ja? Yeowww \u017eaislas pripildytas 100% nat\u016bralios kat\u017eol\u0117s (catnip). Kvapas i\u0161lieka ilgai! Jis suteikia kat\u0117ms smagaus ir stimuliuojan\u010dio \u017eaidimo. Be catnip teikiamo d\u017eiaugsmo, sparneliuose yra \u010de\u017eantis u\u017epildas \u2013 \u0161is garsas daugel\u012f ka\u010di\u0173 veda i\u0161 proto. Nat\u016bralus ir saugus \u017eaislas. J\u016bs\u0173 augintiniui tai tikrai patiks! PS: catnip \u017eaislai \u2013 nepakei\u010diami d\u017eiuginant kates, turin\u010dias reg\u0117jimo sutrikim\u0173 ar net aklum\u0105. \u017daislo ilgis apie 7,5 cm Kiekis: 1 vnt (spalva parenkama atsitiktinai) Yra sand\u0117lyje!\" \/>\n<meta property=\"og:url\" content=\"https:\/\/miumjau.ee\/lt\/produktas\/yeowww-zaislas-su-catnip-stinkie\/\" \/>\n<meta property=\"og:site_name\" content=\"MiuMjau\" \/>\n<meta property=\"article:publisher\" content=\"https:\/\/www.facebook.com\/miumjaupood\/\" \/>\n<meta property=\"article:modified_time\" content=\"2026-01-07T18:51:03+00:00\" \/>\n<meta property=\"og:image\" content=\"https:\/\/miumjau.ee\/wp-content\/uploads\/2024\/07\/StinkiesTrio_1_1000px__31609-Photoroom.jpg\" \/>\n\t<meta property=\"og:image:width\" content=\"600\" \/>\n\t<meta property=\"og:image:height\" content=\"800\" \/>\n\t<meta property=\"og:image:type\" content=\"image\/jpeg\" \/>\n<meta name=\"twitter:card\" content=\"summary_large_image\" \/>\n<script type=\"application\/ld+json\" class=\"yoast-schema-graph\">{\"@context\":\"https:\/\/schema.org\",\"@graph\":[{\"@type\":\"WebPage\",\"@id\":\"https:\/\/miumjau.ee\/lt\/produktas\/yeowww-zaislas-su-catnip-stinkie\/\",\"url\":\"https:\/\/miumjau.ee\/lt\/produktas\/yeowww-zaislas-su-catnip-stinkie\/\",\"name\":\"Yeowww \u017eaislas su catnip Stinkie - MiuMjau\",\"isPartOf\":{\"@id\":\"https:\/\/miumjau.ee\/#website\"},\"primaryImageOfPage\":{\"@id\":\"https:\/\/miumjau.ee\/lt\/produktas\/yeowww-zaislas-su-catnip-stinkie\/#primaryimage\"},\"image\":{\"@id\":\"https:\/\/miumjau.ee\/lt\/produktas\/yeowww-zaislas-su-catnip-stinkie\/#primaryimage\"},\"thumbnailUrl\":\"https:\/\/miumjau.ee\/wp-content\/uploads\/2024\/07\/StinkiesTrio_1_1000px__31609-Photoroom.jpg\",\"datePublished\":\"2024-08-01T09:51:06+00:00\",\"dateModified\":\"2026-01-07T18:51:03+00:00\",\"breadcrumb\":{\"@id\":\"https:\/\/miumjau.ee\/lt\/produktas\/yeowww-zaislas-su-catnip-stinkie\/#breadcrumb\"},\"inLanguage\":\"lt-LT\",\"potentialAction\":[{\"@type\":\"ReadAction\",\"target\":[\"https:\/\/miumjau.ee\/lt\/produktas\/yeowww-zaislas-su-catnip-stinkie\/\"]}]},{\"@type\":\"ImageObject\",\"inLanguage\":\"lt-LT\",\"@id\":\"https:\/\/miumjau.ee\/lt\/produktas\/yeowww-zaislas-su-catnip-stinkie\/#primaryimage\",\"url\":\"https:\/\/miumjau.ee\/wp-content\/uploads\/2024\/07\/StinkiesTrio_1_1000px__31609-Photoroom.jpg\",\"contentUrl\":\"https:\/\/miumjau.ee\/wp-content\/uploads\/2024\/07\/StinkiesTrio_1_1000px__31609-Photoroom.jpg\",\"width\":600,\"height\":800,\"caption\":\"StinkiesTrio_1_1000px__31609-Photoroom.jpg\"},{\"@type\":\"BreadcrumbList\",\"@id\":\"https:\/\/miumjau.ee\/lt\/produktas\/yeowww-zaislas-su-catnip-stinkie\/#breadcrumb\",\"itemListElement\":[{\"@type\":\"ListItem\",\"position\":1,\"name\":\"Home\",\"item\":\"https:\/\/miumjau.ee\/lt\/\"},{\"@type\":\"ListItem\",\"position\":2,\"name\":\"Parduotuv\u0117\",\"item\":\"https:\/\/miumjau.ee\/lt\/parduotuve\/\"},{\"@type\":\"ListItem\",\"position\":3,\"name\":\"Yeowww \u017eaislas su catnip Stinkie\"}]},{\"@type\":\"WebSite\",\"@id\":\"https:\/\/miumjau.ee\/#website\",\"url\":\"https:\/\/miumjau.ee\/\",\"name\":\"MiuMjau\",\"description\":\"Kraapimispuud kassidele\",\"publisher\":{\"@id\":\"https:\/\/miumjau.ee\/#organization\"},\"potentialAction\":[{\"@type\":\"SearchAction\",\"target\":{\"@type\":\"EntryPoint\",\"urlTemplate\":\"https:\/\/miumjau.ee\/?s={search_term_string}\"},\"query-input\":{\"@type\":\"PropertyValueSpecification\",\"valueRequired\":true,\"valueName\":\"search_term_string\"}}],\"inLanguage\":\"lt-LT\"},{\"@type\":\"Organization\",\"@id\":\"https:\/\/miumjau.ee\/#organization\",\"name\":\"MiuMjau O\u00dc\",\"url\":\"https:\/\/miumjau.ee\/\",\"logo\":{\"@type\":\"ImageObject\",\"inLanguage\":\"lt-LT\",\"@id\":\"https:\/\/miumjau.ee\/#\/schema\/logo\/image\/\",\"url\":\"https:\/\/miumjau.ee\/wp-content\/uploads\/2022\/04\/MiuMjau-logo-kollane.png\",\"contentUrl\":\"https:\/\/miumjau.ee\/wp-content\/uploads\/2022\/04\/MiuMjau-logo-kollane.png\",\"width\":219,\"height\":100,\"caption\":\"MiuMjau O\u00dc\"},\"image\":{\"@id\":\"https:\/\/miumjau.ee\/#\/schema\/logo\/image\/\"},\"sameAs\":[\"https:\/\/www.facebook.com\/miumjaupood\/\"]}]}<\/script>\n<!-- \/ Yoast SEO plugin. -->","yoast_head_json":{"title":"Yeowww \u017eaislas su catnip Stinkie - MiuMjau","robots":{"index":"index","follow":"follow","max-snippet":"max-snippet:-1","max-image-preview":"max-image-preview:large","max-video-preview":"max-video-preview:-1"},"canonical":"https:\/\/miumjau.ee\/lt\/produktas\/yeowww-zaislas-su-catnip-stinkie\/","og_locale":"lt_LT","og_type":"article","og_title":"Yeowww \u017eaislas su catnip Stinkie - MiuMjau","og_description":"Ar j\u016bs\u0173 kat\u0117 \u2013 tikra catnip gerb\u0117ja? Yeowww \u017eaislas pripildytas 100% nat\u016bralios kat\u017eol\u0117s (catnip). Kvapas i\u0161lieka ilgai! Jis suteikia kat\u0117ms smagaus ir stimuliuojan\u010dio \u017eaidimo. Be catnip teikiamo d\u017eiaugsmo, sparneliuose yra \u010de\u017eantis u\u017epildas \u2013 \u0161is garsas daugel\u012f ka\u010di\u0173 veda i\u0161 proto. Nat\u016bralus ir saugus \u017eaislas. J\u016bs\u0173 augintiniui tai tikrai patiks! PS: catnip \u017eaislai \u2013 nepakei\u010diami d\u017eiuginant kates, turin\u010dias reg\u0117jimo sutrikim\u0173 ar net aklum\u0105. \u017daislo ilgis apie 7,5 cm Kiekis: 1 vnt (spalva parenkama atsitiktinai) Yra sand\u0117lyje!","og_url":"https:\/\/miumjau.ee\/lt\/produktas\/yeowww-zaislas-su-catnip-stinkie\/","og_site_name":"MiuMjau","article_publisher":"https:\/\/www.facebook.com\/miumjaupood\/","article_modified_time":"2026-01-07T18:51:03+00:00","og_image":[{"width":600,"height":800,"url":"https:\/\/miumjau.ee\/wp-content\/uploads\/2024\/07\/StinkiesTrio_1_1000px__31609-Photoroom.jpg","type":"image\/jpeg"}],"twitter_card":"summary_large_image","schema":{"@context":"https:\/\/schema.org","@graph":[{"@type":"WebPage","@id":"https:\/\/miumjau.ee\/lt\/produktas\/yeowww-zaislas-su-catnip-stinkie\/","url":"https:\/\/miumjau.ee\/lt\/produktas\/yeowww-zaislas-su-catnip-stinkie\/","name":"Yeowww \u017eaislas su catnip Stinkie - MiuMjau","isPartOf":{"@id":"https:\/\/miumjau.ee\/#website"},"primaryImageOfPage":{"@id":"https:\/\/miumjau.ee\/lt\/produktas\/yeowww-zaislas-su-catnip-stinkie\/#primaryimage"},"image":{"@id":"https:\/\/miumjau.ee\/lt\/produktas\/yeowww-zaislas-su-catnip-stinkie\/#primaryimage"},"thumbnailUrl":"https:\/\/miumjau.ee\/wp-content\/uploads\/2024\/07\/StinkiesTrio_1_1000px__31609-Photoroom.jpg","datePublished":"2024-08-01T09:51:06+00:00","dateModified":"2026-01-07T18:51:03+00:00","breadcrumb":{"@id":"https:\/\/miumjau.ee\/lt\/produktas\/yeowww-zaislas-su-catnip-stinkie\/#breadcrumb"},"inLanguage":"lt-LT","potentialAction":[{"@type":"ReadAction","target":["https:\/\/miumjau.ee\/lt\/produktas\/yeowww-zaislas-su-catnip-stinkie\/"]}]},{"@type":"ImageObject","inLanguage":"lt-LT","@id":"https:\/\/miumjau.ee\/lt\/produktas\/yeowww-zaislas-su-catnip-stinkie\/#primaryimage","url":"https:\/\/miumjau.ee\/wp-content\/uploads\/2024\/07\/StinkiesTrio_1_1000px__31609-Photoroom.jpg","contentUrl":"https:\/\/miumjau.ee\/wp-content\/uploads\/2024\/07\/StinkiesTrio_1_1000px__31609-Photoroom.jpg","width":600,"height":800,"caption":"StinkiesTrio_1_1000px__31609-Photoroom.jpg"},{"@type":"BreadcrumbList","@id":"https:\/\/miumjau.ee\/lt\/produktas\/yeowww-zaislas-su-catnip-stinkie\/#breadcrumb","itemListElement":[{"@type":"ListItem","position":1,"name":"Home","item":"https:\/\/miumjau.ee\/lt\/"},{"@type":"ListItem","position":2,"name":"Parduotuv\u0117","item":"https:\/\/miumjau.ee\/lt\/parduotuve\/"},{"@type":"ListItem","position":3,"name":"Yeowww \u017eaislas su catnip Stinkie"}]},{"@type":"WebSite","@id":"https:\/\/miumjau.ee\/#website","url":"https:\/\/miumjau.ee\/","name":"MiuMjau","description":"Kraapimispuud kassidele","publisher":{"@id":"https:\/\/miumjau.ee\/#organization"},"potentialAction":[{"@type":"SearchAction","target":{"@type":"EntryPoint","urlTemplate":"https:\/\/miumjau.ee\/?s={search_term_string}"},"query-input":{"@type":"PropertyValueSpecification","valueRequired":true,"valueName":"search_term_string"}}],"inLanguage":"lt-LT"},{"@type":"Organization","@id":"https:\/\/miumjau.ee\/#organization","name":"MiuMjau O\u00dc","url":"https:\/\/miumjau.ee\/","logo":{"@type":"ImageObject","inLanguage":"lt-LT","@id":"https:\/\/miumjau.ee\/#\/schema\/logo\/image\/","url":"https:\/\/miumjau.ee\/wp-content\/uploads\/2022\/04\/MiuMjau-logo-kollane.png","contentUrl":"https:\/\/miumjau.ee\/wp-content\/uploads\/2022\/04\/MiuMjau-logo-kollane.png","width":219,"height":100,"caption":"MiuMjau O\u00dc"},"image":{"@id":"https:\/\/miumjau.ee\/#\/schema\/logo\/image\/"},"sameAs":["https:\/\/www.facebook.com\/miumjaupood\/"]}]}},"_links":{"self":[{"href":"https:\/\/miumjau.ee\/lt\/wp-json\/wp\/v2\/product\/43023","targetHints":{"allow":["GET"]}}],"collection":[{"href":"https:\/\/miumjau.ee\/lt\/wp-json\/wp\/v2\/product"}],"about":[{"href":"https:\/\/miumjau.ee\/lt\/wp-json\/wp\/v2\/types\/product"}],"wp:featuredmedia":[{"embeddable":true,"href":"https:\/\/miumjau.ee\/lt\/wp-json\/wp\/v2\/media\/43529"}],"wp:attachment":[{"href":"https:\/\/miumjau.ee\/lt\/wp-json\/wp\/v2\/media?parent=43023"}],"wp:term":[{"taxonomy":"product_brand","embeddable":true,"href":"https:\/\/miumjau.ee\/lt\/wp-json\/wp\/v2\/product_brand?post=43023"},{"taxonomy":"product_cat","embeddable":true,"href":"https:\/\/miumjau.ee\/lt\/wp-json\/wp\/v2\/product_cat?post=43023"},{"taxonomy":"product_tag","embeddable":true,"href":"https:\/\/miumjau.ee\/lt\/wp-json\/wp\/v2\/product_tag?post=43023"}],"curies":[{"name":"wp","href":"https:\/\/api.w.org\/{rel}","templated":true}]}}