{"id":43017,"date":"2024-08-01T12:05:44","date_gmt":"2024-08-01T09:05:44","guid":{"rendered":"https:\/\/miumjau.ee\/toode\/katinu-zaislas-yeowww-cigar-su-catnip\/"},"modified":"2026-01-07T20:51:10","modified_gmt":"2026-01-07T18:51:10","slug":"katinu-zaislas-yeowww-cigar-su-catnip","status":"publish","type":"product","link":"https:\/\/miumjau.ee\/lt\/produktas\/katinu-zaislas-yeowww-cigar-su-catnip\/","title":{"rendered":"Katin\u0173 \u017eaislas Yeowww Cigar su catnip"},"content":{"rendered":"","protected":false},"excerpt":{"rendered":"<p>Yeowww Cigar \u017eaislas pripildytas nat\u016bralaus kat\u017eol\u0117s (naisten\u00f5ges) \u2013 suteikia kat\u0117ms smagaus ir stimuliuojan\u010dio \u017eaidimo. Nat\u016bralus ir saugus \u017eaislas. Kat\u0117ms labai patinka sugriebti j\u012f visomis leten\u0117l\u0117mis, kramtyti ir pa\u0161\u0117lusiais u\u017epakalin\u0117mis kojomis mosuoti. Tai suteikia daug pramog\u0173!<\/p>\n<p>\u017daislo ilgis 19 cm<\/p>\n<p>Yra sand\u0117lyje!<\/p>\n","protected":false},"featured_media":43520,"template":"","meta":[],"product_brand":[],"product_cat":[520],"product_tag":[],"class_list":{"0":"post-43017","1":"product","2":"type-product","3":"status-publish","4":"has-post-thumbnail","6":"product_cat-kaciu-zaislai","8":"first","9":"instock","10":"taxable","11":"shipping-taxable","12":"purchasable","13":"product-type-simple"},"yoast_head":"<!-- This site is optimized with the Yoast SEO plugin v27.2 - https:\/\/yoast.com\/product\/yoast-seo-wordpress\/ -->\n<title>Katin\u0173 \u017eaislas Yeowww Cigar su catnip - MiuMjau<\/title>\n<meta name=\"robots\" content=\"index, follow, max-snippet:-1, max-image-preview:large, max-video-preview:-1\" \/>\n<link rel=\"canonical\" href=\"https:\/\/miumjau.ee\/lt\/produktas\/katinu-zaislas-yeowww-cigar-su-catnip\/\" \/>\n<meta property=\"og:locale\" content=\"lt_LT\" \/>\n<meta property=\"og:type\" content=\"article\" \/>\n<meta property=\"og:title\" content=\"Katin\u0173 \u017eaislas Yeowww Cigar su catnip - MiuMjau\" \/>\n<meta property=\"og:description\" content=\"Yeowww Cigar \u017eaislas pripildytas nat\u016bralaus kat\u017eol\u0117s (naisten\u00f5ges) \u2013 suteikia kat\u0117ms smagaus ir stimuliuojan\u010dio \u017eaidimo. Nat\u016bralus ir saugus \u017eaislas. Kat\u0117ms labai patinka sugriebti j\u012f visomis leten\u0117l\u0117mis, kramtyti ir pa\u0161\u0117lusiais u\u017epakalin\u0117mis kojomis mosuoti. Tai suteikia daug pramog\u0173! \u017daislo ilgis 19 cm Yra sand\u0117lyje!\" \/>\n<meta property=\"og:url\" content=\"https:\/\/miumjau.ee\/lt\/produktas\/katinu-zaislas-yeowww-cigar-su-catnip\/\" \/>\n<meta property=\"og:site_name\" content=\"MiuMjau\" \/>\n<meta property=\"article:publisher\" content=\"https:\/\/www.facebook.com\/miumjaupood\/\" \/>\n<meta property=\"article:modified_time\" content=\"2026-01-07T18:51:10+00:00\" \/>\n<meta property=\"og:image\" content=\"https:\/\/miumjau.ee\/wp-content\/uploads\/2024\/07\/cigar_2_1-Photoroom.jpg\" \/>\n\t<meta property=\"og:image:width\" content=\"600\" \/>\n\t<meta property=\"og:image:height\" content=\"800\" \/>\n\t<meta property=\"og:image:type\" content=\"image\/jpeg\" \/>\n<meta name=\"twitter:card\" content=\"summary_large_image\" \/>\n<script type=\"application\/ld+json\" class=\"yoast-schema-graph\">{\"@context\":\"https:\/\/schema.org\",\"@graph\":[{\"@type\":\"WebPage\",\"@id\":\"https:\/\/miumjau.ee\/lt\/produktas\/katinu-zaislas-yeowww-cigar-su-catnip\/\",\"url\":\"https:\/\/miumjau.ee\/lt\/produktas\/katinu-zaislas-yeowww-cigar-su-catnip\/\",\"name\":\"Katin\u0173 \u017eaislas Yeowww Cigar su catnip - MiuMjau\",\"isPartOf\":{\"@id\":\"https:\/\/miumjau.ee\/#website\"},\"primaryImageOfPage\":{\"@id\":\"https:\/\/miumjau.ee\/lt\/produktas\/katinu-zaislas-yeowww-cigar-su-catnip\/#primaryimage\"},\"image\":{\"@id\":\"https:\/\/miumjau.ee\/lt\/produktas\/katinu-zaislas-yeowww-cigar-su-catnip\/#primaryimage\"},\"thumbnailUrl\":\"https:\/\/miumjau.ee\/wp-content\/uploads\/2024\/07\/cigar_2_1-Photoroom.jpg\",\"datePublished\":\"2024-08-01T09:05:44+00:00\",\"dateModified\":\"2026-01-07T18:51:10+00:00\",\"breadcrumb\":{\"@id\":\"https:\/\/miumjau.ee\/lt\/produktas\/katinu-zaislas-yeowww-cigar-su-catnip\/#breadcrumb\"},\"inLanguage\":\"lt-LT\",\"potentialAction\":[{\"@type\":\"ReadAction\",\"target\":[\"https:\/\/miumjau.ee\/lt\/produktas\/katinu-zaislas-yeowww-cigar-su-catnip\/\"]}]},{\"@type\":\"ImageObject\",\"inLanguage\":\"lt-LT\",\"@id\":\"https:\/\/miumjau.ee\/lt\/produktas\/katinu-zaislas-yeowww-cigar-su-catnip\/#primaryimage\",\"url\":\"https:\/\/miumjau.ee\/wp-content\/uploads\/2024\/07\/cigar_2_1-Photoroom.jpg\",\"contentUrl\":\"https:\/\/miumjau.ee\/wp-content\/uploads\/2024\/07\/cigar_2_1-Photoroom.jpg\",\"width\":600,\"height\":800,\"caption\":\"cigar_2_1-Photoroom.jpg\"},{\"@type\":\"BreadcrumbList\",\"@id\":\"https:\/\/miumjau.ee\/lt\/produktas\/katinu-zaislas-yeowww-cigar-su-catnip\/#breadcrumb\",\"itemListElement\":[{\"@type\":\"ListItem\",\"position\":1,\"name\":\"Home\",\"item\":\"https:\/\/miumjau.ee\/lt\/\"},{\"@type\":\"ListItem\",\"position\":2,\"name\":\"Parduotuv\u0117\",\"item\":\"https:\/\/miumjau.ee\/lt\/parduotuve\/\"},{\"@type\":\"ListItem\",\"position\":3,\"name\":\"Katin\u0173 \u017eaislas Yeowww Cigar su catnip\"}]},{\"@type\":\"WebSite\",\"@id\":\"https:\/\/miumjau.ee\/#website\",\"url\":\"https:\/\/miumjau.ee\/\",\"name\":\"MiuMjau\",\"description\":\"Kraapimispuud kassidele\",\"publisher\":{\"@id\":\"https:\/\/miumjau.ee\/#organization\"},\"potentialAction\":[{\"@type\":\"SearchAction\",\"target\":{\"@type\":\"EntryPoint\",\"urlTemplate\":\"https:\/\/miumjau.ee\/?s={search_term_string}\"},\"query-input\":{\"@type\":\"PropertyValueSpecification\",\"valueRequired\":true,\"valueName\":\"search_term_string\"}}],\"inLanguage\":\"lt-LT\"},{\"@type\":\"Organization\",\"@id\":\"https:\/\/miumjau.ee\/#organization\",\"name\":\"MiuMjau O\u00dc\",\"url\":\"https:\/\/miumjau.ee\/\",\"logo\":{\"@type\":\"ImageObject\",\"inLanguage\":\"lt-LT\",\"@id\":\"https:\/\/miumjau.ee\/#\/schema\/logo\/image\/\",\"url\":\"https:\/\/miumjau.ee\/wp-content\/uploads\/2022\/04\/MiuMjau-logo-kollane.png\",\"contentUrl\":\"https:\/\/miumjau.ee\/wp-content\/uploads\/2022\/04\/MiuMjau-logo-kollane.png\",\"width\":219,\"height\":100,\"caption\":\"MiuMjau O\u00dc\"},\"image\":{\"@id\":\"https:\/\/miumjau.ee\/#\/schema\/logo\/image\/\"},\"sameAs\":[\"https:\/\/www.facebook.com\/miumjaupood\/\"]}]}<\/script>\n<!-- \/ Yoast SEO plugin. -->","yoast_head_json":{"title":"Katin\u0173 \u017eaislas Yeowww Cigar su catnip - MiuMjau","robots":{"index":"index","follow":"follow","max-snippet":"max-snippet:-1","max-image-preview":"max-image-preview:large","max-video-preview":"max-video-preview:-1"},"canonical":"https:\/\/miumjau.ee\/lt\/produktas\/katinu-zaislas-yeowww-cigar-su-catnip\/","og_locale":"lt_LT","og_type":"article","og_title":"Katin\u0173 \u017eaislas Yeowww Cigar su catnip - MiuMjau","og_description":"Yeowww Cigar \u017eaislas pripildytas nat\u016bralaus kat\u017eol\u0117s (naisten\u00f5ges) \u2013 suteikia kat\u0117ms smagaus ir stimuliuojan\u010dio \u017eaidimo. Nat\u016bralus ir saugus \u017eaislas. Kat\u0117ms labai patinka sugriebti j\u012f visomis leten\u0117l\u0117mis, kramtyti ir pa\u0161\u0117lusiais u\u017epakalin\u0117mis kojomis mosuoti. Tai suteikia daug pramog\u0173! \u017daislo ilgis 19 cm Yra sand\u0117lyje!","og_url":"https:\/\/miumjau.ee\/lt\/produktas\/katinu-zaislas-yeowww-cigar-su-catnip\/","og_site_name":"MiuMjau","article_publisher":"https:\/\/www.facebook.com\/miumjaupood\/","article_modified_time":"2026-01-07T18:51:10+00:00","og_image":[{"width":600,"height":800,"url":"https:\/\/miumjau.ee\/wp-content\/uploads\/2024\/07\/cigar_2_1-Photoroom.jpg","type":"image\/jpeg"}],"twitter_card":"summary_large_image","schema":{"@context":"https:\/\/schema.org","@graph":[{"@type":"WebPage","@id":"https:\/\/miumjau.ee\/lt\/produktas\/katinu-zaislas-yeowww-cigar-su-catnip\/","url":"https:\/\/miumjau.ee\/lt\/produktas\/katinu-zaislas-yeowww-cigar-su-catnip\/","name":"Katin\u0173 \u017eaislas Yeowww Cigar su catnip - MiuMjau","isPartOf":{"@id":"https:\/\/miumjau.ee\/#website"},"primaryImageOfPage":{"@id":"https:\/\/miumjau.ee\/lt\/produktas\/katinu-zaislas-yeowww-cigar-su-catnip\/#primaryimage"},"image":{"@id":"https:\/\/miumjau.ee\/lt\/produktas\/katinu-zaislas-yeowww-cigar-su-catnip\/#primaryimage"},"thumbnailUrl":"https:\/\/miumjau.ee\/wp-content\/uploads\/2024\/07\/cigar_2_1-Photoroom.jpg","datePublished":"2024-08-01T09:05:44+00:00","dateModified":"2026-01-07T18:51:10+00:00","breadcrumb":{"@id":"https:\/\/miumjau.ee\/lt\/produktas\/katinu-zaislas-yeowww-cigar-su-catnip\/#breadcrumb"},"inLanguage":"lt-LT","potentialAction":[{"@type":"ReadAction","target":["https:\/\/miumjau.ee\/lt\/produktas\/katinu-zaislas-yeowww-cigar-su-catnip\/"]}]},{"@type":"ImageObject","inLanguage":"lt-LT","@id":"https:\/\/miumjau.ee\/lt\/produktas\/katinu-zaislas-yeowww-cigar-su-catnip\/#primaryimage","url":"https:\/\/miumjau.ee\/wp-content\/uploads\/2024\/07\/cigar_2_1-Photoroom.jpg","contentUrl":"https:\/\/miumjau.ee\/wp-content\/uploads\/2024\/07\/cigar_2_1-Photoroom.jpg","width":600,"height":800,"caption":"cigar_2_1-Photoroom.jpg"},{"@type":"BreadcrumbList","@id":"https:\/\/miumjau.ee\/lt\/produktas\/katinu-zaislas-yeowww-cigar-su-catnip\/#breadcrumb","itemListElement":[{"@type":"ListItem","position":1,"name":"Home","item":"https:\/\/miumjau.ee\/lt\/"},{"@type":"ListItem","position":2,"name":"Parduotuv\u0117","item":"https:\/\/miumjau.ee\/lt\/parduotuve\/"},{"@type":"ListItem","position":3,"name":"Katin\u0173 \u017eaislas Yeowww Cigar su catnip"}]},{"@type":"WebSite","@id":"https:\/\/miumjau.ee\/#website","url":"https:\/\/miumjau.ee\/","name":"MiuMjau","description":"Kraapimispuud kassidele","publisher":{"@id":"https:\/\/miumjau.ee\/#organization"},"potentialAction":[{"@type":"SearchAction","target":{"@type":"EntryPoint","urlTemplate":"https:\/\/miumjau.ee\/?s={search_term_string}"},"query-input":{"@type":"PropertyValueSpecification","valueRequired":true,"valueName":"search_term_string"}}],"inLanguage":"lt-LT"},{"@type":"Organization","@id":"https:\/\/miumjau.ee\/#organization","name":"MiuMjau O\u00dc","url":"https:\/\/miumjau.ee\/","logo":{"@type":"ImageObject","inLanguage":"lt-LT","@id":"https:\/\/miumjau.ee\/#\/schema\/logo\/image\/","url":"https:\/\/miumjau.ee\/wp-content\/uploads\/2022\/04\/MiuMjau-logo-kollane.png","contentUrl":"https:\/\/miumjau.ee\/wp-content\/uploads\/2022\/04\/MiuMjau-logo-kollane.png","width":219,"height":100,"caption":"MiuMjau O\u00dc"},"image":{"@id":"https:\/\/miumjau.ee\/#\/schema\/logo\/image\/"},"sameAs":["https:\/\/www.facebook.com\/miumjaupood\/"]}]}},"_links":{"self":[{"href":"https:\/\/miumjau.ee\/lt\/wp-json\/wp\/v2\/product\/43017","targetHints":{"allow":["GET"]}}],"collection":[{"href":"https:\/\/miumjau.ee\/lt\/wp-json\/wp\/v2\/product"}],"about":[{"href":"https:\/\/miumjau.ee\/lt\/wp-json\/wp\/v2\/types\/product"}],"wp:featuredmedia":[{"embeddable":true,"href":"https:\/\/miumjau.ee\/lt\/wp-json\/wp\/v2\/media\/43520"}],"wp:attachment":[{"href":"https:\/\/miumjau.ee\/lt\/wp-json\/wp\/v2\/media?parent=43017"}],"wp:term":[{"taxonomy":"product_brand","embeddable":true,"href":"https:\/\/miumjau.ee\/lt\/wp-json\/wp\/v2\/product_brand?post=43017"},{"taxonomy":"product_cat","embeddable":true,"href":"https:\/\/miumjau.ee\/lt\/wp-json\/wp\/v2\/product_cat?post=43017"},{"taxonomy":"product_tag","embeddable":true,"href":"https:\/\/miumjau.ee\/lt\/wp-json\/wp\/v2\/product_tag?post=43017"}],"curies":[{"name":"wp","href":"https:\/\/api.w.org\/{rel}","templated":true}]}}