{"id":42991,"date":"2024-07-31T08:18:41","date_gmt":"2024-07-31T05:18:41","guid":{"rendered":"https:\/\/miumjau.ee\/toode\/pawise-kraiko-deze-s-pilka\/"},"modified":"2026-01-07T20:51:17","modified_gmt":"2026-01-07T18:51:17","slug":"pawise-kraiko-deze-s-pilka","status":"publish","type":"product","link":"https:\/\/miumjau.ee\/lt\/produktas\/pawise-kraiko-deze-s-pilka\/","title":{"rendered":"Pawise kraiko d\u0117\u017e\u0117 S, pilka"},"content":{"rendered":"","protected":false},"excerpt":{"rendered":"<p>Pawise kraiko d\u0117\u017e\u0117 su auk\u0161tais kra\u0161tais, kad kat\u0117 nei\u0161krap\u0161tyt\u0173 tiek daug kraiko u\u017e d\u0117\u017e\u0117s rib\u0173.<\/p>\n<p>S \u2013 47 x 38 x 21 cm<br \/>\nSvoris: 0.9 kg<\/p>\n<p>Idealu kat\u0117ms, kurios m\u0117gsta stov\u0117ti ant kra\u0161t\u0173 ir krap\u0161tyti kraik\u0105 per vir\u0161\u0173. Ma\u017eiau valymo \u2013 geresni santykiai su \u0161eimininku. Kraiko d\u0117\u017e\u0119 rinkit\u0117s pagal kat\u0117s dyd\u012f. D\u0117\u017e\u0117s ilgis tur\u0117t\u0173 b\u016bti 1,5 karto didesnis u\u017e j\u016bs\u0173 kat\u0117s ilg\u012f.<br \/>\n&lt;ul&gt;<br \/>\n&lt;li&gt;Auk\u0161ti kra\u0161tai sulaiko kraik\u0105 viduje&lt;\/li&gt;<br \/>\n&lt;li&gt;Suteikia katei daugiau erdv\u0117s&lt;\/li&gt;<br \/>\n&lt;li&gt;Tinka ir didesn\u0117ms kat\u0117ms&lt;\/li&gt;<br \/>\n&lt;li&gt;Lengviau valyti&lt;\/li&gt;<br \/>\n&lt;\/ul&gt;<br \/>\nYra sand\u0117lyje!<\/p>\n","protected":false},"featured_media":43453,"template":"","meta":[],"product_brand":[],"product_cat":[531],"product_tag":[],"class_list":{"0":"post-42991","1":"product","2":"type-product","3":"status-publish","4":"has-post-thumbnail","6":"product_cat-kraiko-dezes","8":"first","9":"outofstock","10":"taxable","11":"shipping-taxable","12":"purchasable","13":"product-type-simple"},"yoast_head":"<!-- This site is optimized with the Yoast SEO plugin v27.2 - https:\/\/yoast.com\/product\/yoast-seo-wordpress\/ -->\n<title>Pawise kraiko d\u0117\u017e\u0117 S, pilka - MiuMjau<\/title>\n<meta name=\"robots\" content=\"index, follow, max-snippet:-1, max-image-preview:large, max-video-preview:-1\" \/>\n<link rel=\"canonical\" href=\"https:\/\/miumjau.ee\/lt\/produktas\/pawise-kraiko-deze-s-pilka\/\" \/>\n<meta property=\"og:locale\" content=\"lt_LT\" \/>\n<meta property=\"og:type\" content=\"article\" \/>\n<meta property=\"og:title\" content=\"Pawise kraiko d\u0117\u017e\u0117 S, pilka - MiuMjau\" \/>\n<meta property=\"og:description\" content=\"Pawise kraiko d\u0117\u017e\u0117 su auk\u0161tais kra\u0161tais, kad kat\u0117 nei\u0161krap\u0161tyt\u0173 tiek daug kraiko u\u017e d\u0117\u017e\u0117s rib\u0173. S \u2013 47 x 38 x 21 cm Svoris: 0.9 kg Idealu kat\u0117ms, kurios m\u0117gsta stov\u0117ti ant kra\u0161t\u0173 ir krap\u0161tyti kraik\u0105 per vir\u0161\u0173. Ma\u017eiau valymo \u2013 geresni santykiai su \u0161eimininku. Kraiko d\u0117\u017e\u0119 rinkit\u0117s pagal kat\u0117s dyd\u012f. D\u0117\u017e\u0117s ilgis tur\u0117t\u0173 b\u016bti 1,5 karto didesnis u\u017e j\u016bs\u0173 kat\u0117s ilg\u012f. &lt;ul&gt; &lt;li&gt;Auk\u0161ti kra\u0161tai sulaiko kraik\u0105 viduje&lt;\/li&gt; &lt;li&gt;Suteikia katei daugiau erdv\u0117s&lt;\/li&gt; &lt;li&gt;Tinka ir didesn\u0117ms kat\u0117ms&lt;\/li&gt; &lt;li&gt;Lengviau valyti&lt;\/li&gt; &lt;\/ul&gt; Yra sand\u0117lyje!\" \/>\n<meta property=\"og:url\" content=\"https:\/\/miumjau.ee\/lt\/produktas\/pawise-kraiko-deze-s-pilka\/\" \/>\n<meta property=\"og:site_name\" content=\"MiuMjau\" \/>\n<meta property=\"article:publisher\" content=\"https:\/\/www.facebook.com\/miumjaupood\/\" \/>\n<meta property=\"article:modified_time\" content=\"2026-01-07T18:51:17+00:00\" \/>\n<meta property=\"og:image\" content=\"https:\/\/miumjau.ee\/wp-content\/uploads\/2024\/07\/kassi-liivakast.jpg\" \/>\n\t<meta property=\"og:image:width\" content=\"600\" \/>\n\t<meta property=\"og:image:height\" content=\"800\" \/>\n\t<meta property=\"og:image:type\" content=\"image\/jpeg\" \/>\n<meta name=\"twitter:card\" content=\"summary_large_image\" \/>\n<script type=\"application\/ld+json\" class=\"yoast-schema-graph\">{\"@context\":\"https:\/\/schema.org\",\"@graph\":[{\"@type\":\"WebPage\",\"@id\":\"https:\/\/miumjau.ee\/lt\/produktas\/pawise-kraiko-deze-s-pilka\/\",\"url\":\"https:\/\/miumjau.ee\/lt\/produktas\/pawise-kraiko-deze-s-pilka\/\",\"name\":\"Pawise kraiko d\u0117\u017e\u0117 S, pilka - MiuMjau\",\"isPartOf\":{\"@id\":\"https:\/\/miumjau.ee\/#website\"},\"primaryImageOfPage\":{\"@id\":\"https:\/\/miumjau.ee\/lt\/produktas\/pawise-kraiko-deze-s-pilka\/#primaryimage\"},\"image\":{\"@id\":\"https:\/\/miumjau.ee\/lt\/produktas\/pawise-kraiko-deze-s-pilka\/#primaryimage\"},\"thumbnailUrl\":\"https:\/\/miumjau.ee\/wp-content\/uploads\/2024\/07\/kassi-liivakast.jpg\",\"datePublished\":\"2024-07-31T05:18:41+00:00\",\"dateModified\":\"2026-01-07T18:51:17+00:00\",\"breadcrumb\":{\"@id\":\"https:\/\/miumjau.ee\/lt\/produktas\/pawise-kraiko-deze-s-pilka\/#breadcrumb\"},\"inLanguage\":\"lt-LT\",\"potentialAction\":[{\"@type\":\"ReadAction\",\"target\":[\"https:\/\/miumjau.ee\/lt\/produktas\/pawise-kraiko-deze-s-pilka\/\"]}]},{\"@type\":\"ImageObject\",\"inLanguage\":\"lt-LT\",\"@id\":\"https:\/\/miumjau.ee\/lt\/produktas\/pawise-kraiko-deze-s-pilka\/#primaryimage\",\"url\":\"https:\/\/miumjau.ee\/wp-content\/uploads\/2024\/07\/kassi-liivakast.jpg\",\"contentUrl\":\"https:\/\/miumjau.ee\/wp-content\/uploads\/2024\/07\/kassi-liivakast.jpg\",\"width\":600,\"height\":800,\"caption\":\"Pawise kassi liivakast S, hall\"},{\"@type\":\"BreadcrumbList\",\"@id\":\"https:\/\/miumjau.ee\/lt\/produktas\/pawise-kraiko-deze-s-pilka\/#breadcrumb\",\"itemListElement\":[{\"@type\":\"ListItem\",\"position\":1,\"name\":\"Home\",\"item\":\"https:\/\/miumjau.ee\/lt\/\"},{\"@type\":\"ListItem\",\"position\":2,\"name\":\"Parduotuv\u0117\",\"item\":\"https:\/\/miumjau.ee\/lt\/parduotuve\/\"},{\"@type\":\"ListItem\",\"position\":3,\"name\":\"Pawise kraiko d\u0117\u017e\u0117 S, pilka\"}]},{\"@type\":\"WebSite\",\"@id\":\"https:\/\/miumjau.ee\/#website\",\"url\":\"https:\/\/miumjau.ee\/\",\"name\":\"MiuMjau\",\"description\":\"Kraapimispuud kassidele\",\"publisher\":{\"@id\":\"https:\/\/miumjau.ee\/#organization\"},\"potentialAction\":[{\"@type\":\"SearchAction\",\"target\":{\"@type\":\"EntryPoint\",\"urlTemplate\":\"https:\/\/miumjau.ee\/?s={search_term_string}\"},\"query-input\":{\"@type\":\"PropertyValueSpecification\",\"valueRequired\":true,\"valueName\":\"search_term_string\"}}],\"inLanguage\":\"lt-LT\"},{\"@type\":\"Organization\",\"@id\":\"https:\/\/miumjau.ee\/#organization\",\"name\":\"MiuMjau O\u00dc\",\"url\":\"https:\/\/miumjau.ee\/\",\"logo\":{\"@type\":\"ImageObject\",\"inLanguage\":\"lt-LT\",\"@id\":\"https:\/\/miumjau.ee\/#\/schema\/logo\/image\/\",\"url\":\"https:\/\/miumjau.ee\/wp-content\/uploads\/2022\/04\/MiuMjau-logo-kollane.png\",\"contentUrl\":\"https:\/\/miumjau.ee\/wp-content\/uploads\/2022\/04\/MiuMjau-logo-kollane.png\",\"width\":219,\"height\":100,\"caption\":\"MiuMjau O\u00dc\"},\"image\":{\"@id\":\"https:\/\/miumjau.ee\/#\/schema\/logo\/image\/\"},\"sameAs\":[\"https:\/\/www.facebook.com\/miumjaupood\/\"]}]}<\/script>\n<!-- \/ Yoast SEO plugin. -->","yoast_head_json":{"title":"Pawise kraiko d\u0117\u017e\u0117 S, pilka - MiuMjau","robots":{"index":"index","follow":"follow","max-snippet":"max-snippet:-1","max-image-preview":"max-image-preview:large","max-video-preview":"max-video-preview:-1"},"canonical":"https:\/\/miumjau.ee\/lt\/produktas\/pawise-kraiko-deze-s-pilka\/","og_locale":"lt_LT","og_type":"article","og_title":"Pawise kraiko d\u0117\u017e\u0117 S, pilka - MiuMjau","og_description":"Pawise kraiko d\u0117\u017e\u0117 su auk\u0161tais kra\u0161tais, kad kat\u0117 nei\u0161krap\u0161tyt\u0173 tiek daug kraiko u\u017e d\u0117\u017e\u0117s rib\u0173. S \u2013 47 x 38 x 21 cm Svoris: 0.9 kg Idealu kat\u0117ms, kurios m\u0117gsta stov\u0117ti ant kra\u0161t\u0173 ir krap\u0161tyti kraik\u0105 per vir\u0161\u0173. Ma\u017eiau valymo \u2013 geresni santykiai su \u0161eimininku. Kraiko d\u0117\u017e\u0119 rinkit\u0117s pagal kat\u0117s dyd\u012f. D\u0117\u017e\u0117s ilgis tur\u0117t\u0173 b\u016bti 1,5 karto didesnis u\u017e j\u016bs\u0173 kat\u0117s ilg\u012f. &lt;ul&gt; &lt;li&gt;Auk\u0161ti kra\u0161tai sulaiko kraik\u0105 viduje&lt;\/li&gt; &lt;li&gt;Suteikia katei daugiau erdv\u0117s&lt;\/li&gt; &lt;li&gt;Tinka ir didesn\u0117ms kat\u0117ms&lt;\/li&gt; &lt;li&gt;Lengviau valyti&lt;\/li&gt; &lt;\/ul&gt; Yra sand\u0117lyje!","og_url":"https:\/\/miumjau.ee\/lt\/produktas\/pawise-kraiko-deze-s-pilka\/","og_site_name":"MiuMjau","article_publisher":"https:\/\/www.facebook.com\/miumjaupood\/","article_modified_time":"2026-01-07T18:51:17+00:00","og_image":[{"width":600,"height":800,"url":"https:\/\/miumjau.ee\/wp-content\/uploads\/2024\/07\/kassi-liivakast.jpg","type":"image\/jpeg"}],"twitter_card":"summary_large_image","schema":{"@context":"https:\/\/schema.org","@graph":[{"@type":"WebPage","@id":"https:\/\/miumjau.ee\/lt\/produktas\/pawise-kraiko-deze-s-pilka\/","url":"https:\/\/miumjau.ee\/lt\/produktas\/pawise-kraiko-deze-s-pilka\/","name":"Pawise kraiko d\u0117\u017e\u0117 S, pilka - MiuMjau","isPartOf":{"@id":"https:\/\/miumjau.ee\/#website"},"primaryImageOfPage":{"@id":"https:\/\/miumjau.ee\/lt\/produktas\/pawise-kraiko-deze-s-pilka\/#primaryimage"},"image":{"@id":"https:\/\/miumjau.ee\/lt\/produktas\/pawise-kraiko-deze-s-pilka\/#primaryimage"},"thumbnailUrl":"https:\/\/miumjau.ee\/wp-content\/uploads\/2024\/07\/kassi-liivakast.jpg","datePublished":"2024-07-31T05:18:41+00:00","dateModified":"2026-01-07T18:51:17+00:00","breadcrumb":{"@id":"https:\/\/miumjau.ee\/lt\/produktas\/pawise-kraiko-deze-s-pilka\/#breadcrumb"},"inLanguage":"lt-LT","potentialAction":[{"@type":"ReadAction","target":["https:\/\/miumjau.ee\/lt\/produktas\/pawise-kraiko-deze-s-pilka\/"]}]},{"@type":"ImageObject","inLanguage":"lt-LT","@id":"https:\/\/miumjau.ee\/lt\/produktas\/pawise-kraiko-deze-s-pilka\/#primaryimage","url":"https:\/\/miumjau.ee\/wp-content\/uploads\/2024\/07\/kassi-liivakast.jpg","contentUrl":"https:\/\/miumjau.ee\/wp-content\/uploads\/2024\/07\/kassi-liivakast.jpg","width":600,"height":800,"caption":"Pawise kassi liivakast S, hall"},{"@type":"BreadcrumbList","@id":"https:\/\/miumjau.ee\/lt\/produktas\/pawise-kraiko-deze-s-pilka\/#breadcrumb","itemListElement":[{"@type":"ListItem","position":1,"name":"Home","item":"https:\/\/miumjau.ee\/lt\/"},{"@type":"ListItem","position":2,"name":"Parduotuv\u0117","item":"https:\/\/miumjau.ee\/lt\/parduotuve\/"},{"@type":"ListItem","position":3,"name":"Pawise kraiko d\u0117\u017e\u0117 S, pilka"}]},{"@type":"WebSite","@id":"https:\/\/miumjau.ee\/#website","url":"https:\/\/miumjau.ee\/","name":"MiuMjau","description":"Kraapimispuud kassidele","publisher":{"@id":"https:\/\/miumjau.ee\/#organization"},"potentialAction":[{"@type":"SearchAction","target":{"@type":"EntryPoint","urlTemplate":"https:\/\/miumjau.ee\/?s={search_term_string}"},"query-input":{"@type":"PropertyValueSpecification","valueRequired":true,"valueName":"search_term_string"}}],"inLanguage":"lt-LT"},{"@type":"Organization","@id":"https:\/\/miumjau.ee\/#organization","name":"MiuMjau O\u00dc","url":"https:\/\/miumjau.ee\/","logo":{"@type":"ImageObject","inLanguage":"lt-LT","@id":"https:\/\/miumjau.ee\/#\/schema\/logo\/image\/","url":"https:\/\/miumjau.ee\/wp-content\/uploads\/2022\/04\/MiuMjau-logo-kollane.png","contentUrl":"https:\/\/miumjau.ee\/wp-content\/uploads\/2022\/04\/MiuMjau-logo-kollane.png","width":219,"height":100,"caption":"MiuMjau O\u00dc"},"image":{"@id":"https:\/\/miumjau.ee\/#\/schema\/logo\/image\/"},"sameAs":["https:\/\/www.facebook.com\/miumjaupood\/"]}]}},"_links":{"self":[{"href":"https:\/\/miumjau.ee\/lt\/wp-json\/wp\/v2\/product\/42991","targetHints":{"allow":["GET"]}}],"collection":[{"href":"https:\/\/miumjau.ee\/lt\/wp-json\/wp\/v2\/product"}],"about":[{"href":"https:\/\/miumjau.ee\/lt\/wp-json\/wp\/v2\/types\/product"}],"wp:featuredmedia":[{"embeddable":true,"href":"https:\/\/miumjau.ee\/lt\/wp-json\/wp\/v2\/media\/43453"}],"wp:attachment":[{"href":"https:\/\/miumjau.ee\/lt\/wp-json\/wp\/v2\/media?parent=42991"}],"wp:term":[{"taxonomy":"product_brand","embeddable":true,"href":"https:\/\/miumjau.ee\/lt\/wp-json\/wp\/v2\/product_brand?post=42991"},{"taxonomy":"product_cat","embeddable":true,"href":"https:\/\/miumjau.ee\/lt\/wp-json\/wp\/v2\/product_cat?post=42991"},{"taxonomy":"product_tag","embeddable":true,"href":"https:\/\/miumjau.ee\/lt\/wp-json\/wp\/v2\/product_tag?post=42991"}],"curies":[{"name":"wp","href":"https:\/\/api.w.org\/{rel}","templated":true}]}}