{"id":42987,"date":"2024-07-31T07:46:12","date_gmt":"2024-07-31T04:46:12","guid":{"rendered":"https:\/\/miumjau.ee\/toode\/guolis-katei-minus-one-m-pilkas\/"},"modified":"2026-01-07T20:51:24","modified_gmt":"2026-01-07T18:51:24","slug":"guolis-katei-minus-one-m-pilkas","status":"publish","type":"product","link":"https:\/\/miumjau.ee\/lt\/produktas\/guolis-katei-minus-one-m-pilkas\/","title":{"rendered":"Guolis katei Minus One M, pilkas"},"content":{"rendered":"","protected":false},"excerpt":{"rendered":"<p>Patogus, mink\u0161tas ir vizualiai dailus kat\u0117s guolis. Tinka tiek kat\u0117ms, tiek \u0161unims. Fliisinis pavir\u0161ius pilkos spalvos, \u0161onai lyg\u016bs, prabangios i\u0161vaizdos, apa\u010dia padengta neslystan\u010diais ta\u0161keliais.<\/p>\n<p>Guolis i\u0161 dalies pagamintas i\u0161 Repreve\u00ae med\u017eiagos \u2013 panaudot\u0173 perdirbt\u0173 plastikini\u0173 buteli\u0173.<\/p>\n<p>Gaminio svoris 0,68 kg<br \/>\nI\u0161matavimai: 19,4 x 48,8 x 47,9 cm ( A x I x P )<\/p>\n<p>Yra sand\u0117lyje!<\/p>\n","protected":false},"featured_media":43448,"template":"","meta":[],"product_brand":[],"product_cat":[519],"product_tag":[],"class_list":{"0":"post-42987","1":"product","2":"type-product","3":"status-publish","4":"has-post-thumbnail","6":"product_cat-kaciu-guoliai","8":"first","9":"instock","10":"sale","11":"taxable","12":"shipping-taxable","13":"purchasable","14":"product-type-simple"},"yoast_head":"<!-- This site is optimized with the Yoast SEO plugin v27.4 - https:\/\/yoast.com\/product\/yoast-seo-wordpress\/ -->\n<title>Guolis katei Minus One M, pilkas - MiuMjau<\/title>\n<meta name=\"robots\" content=\"index, follow, max-snippet:-1, max-image-preview:large, max-video-preview:-1\" \/>\n<link rel=\"canonical\" href=\"https:\/\/miumjau.ee\/lt\/produktas\/guolis-katei-minus-one-m-pilkas\/\" \/>\n<meta property=\"og:locale\" content=\"lt_LT\" \/>\n<meta property=\"og:type\" content=\"article\" \/>\n<meta property=\"og:title\" content=\"Guolis katei Minus One M, pilkas - MiuMjau\" \/>\n<meta property=\"og:description\" content=\"Patogus, mink\u0161tas ir vizualiai dailus kat\u0117s guolis. Tinka tiek kat\u0117ms, tiek \u0161unims. Fliisinis pavir\u0161ius pilkos spalvos, \u0161onai lyg\u016bs, prabangios i\u0161vaizdos, apa\u010dia padengta neslystan\u010diais ta\u0161keliais.  Guolis i\u0161 dalies pagamintas i\u0161 Repreve\u00ae med\u017eiagos \u2013 panaudot\u0173 perdirbt\u0173 plastikini\u0173 buteli\u0173.  Gaminio svoris 0,68 kg I\u0161matavimai: 19,4 x 48,8 x 47,9 cm ( A x I x P )  Yra sand\u0117lyje!\" \/>\n<meta property=\"og:url\" content=\"https:\/\/miumjau.ee\/lt\/produktas\/guolis-katei-minus-one-m-pilkas\/\" \/>\n<meta property=\"og:site_name\" content=\"MiuMjau\" \/>\n<meta property=\"article:publisher\" content=\"https:\/\/www.facebook.com\/miumjaupood\/\" \/>\n<meta property=\"article:modified_time\" content=\"2026-01-07T18:51:24+00:00\" \/>\n<meta property=\"og:image\" content=\"https:\/\/miumjau.ee\/wp-content\/uploads\/2024\/07\/kassi-pesa-minus-one-Photoroom.jpg\" \/>\n\t<meta property=\"og:image:width\" content=\"600\" \/>\n\t<meta property=\"og:image:height\" content=\"800\" \/>\n\t<meta property=\"og:image:type\" content=\"image\/jpeg\" \/>\n<meta name=\"twitter:card\" content=\"summary_large_image\" \/>\n<script type=\"application\/ld+json\" class=\"yoast-schema-graph\">{\"@context\":\"https:\\\/\\\/schema.org\",\"@graph\":[{\"@type\":\"WebPage\",\"@id\":\"https:\\\/\\\/miumjau.ee\\\/lt\\\/produktas\\\/guolis-katei-minus-one-m-pilkas\\\/\",\"url\":\"https:\\\/\\\/miumjau.ee\\\/lt\\\/produktas\\\/guolis-katei-minus-one-m-pilkas\\\/\",\"name\":\"Guolis katei Minus One M, pilkas - MiuMjau\",\"isPartOf\":{\"@id\":\"https:\\\/\\\/miumjau.ee\\\/#website\"},\"primaryImageOfPage\":{\"@id\":\"https:\\\/\\\/miumjau.ee\\\/lt\\\/produktas\\\/guolis-katei-minus-one-m-pilkas\\\/#primaryimage\"},\"image\":{\"@id\":\"https:\\\/\\\/miumjau.ee\\\/lt\\\/produktas\\\/guolis-katei-minus-one-m-pilkas\\\/#primaryimage\"},\"thumbnailUrl\":\"https:\\\/\\\/miumjau.ee\\\/wp-content\\\/uploads\\\/2024\\\/07\\\/kassi-pesa-minus-one-Photoroom.jpg\",\"datePublished\":\"2024-07-31T04:46:12+00:00\",\"dateModified\":\"2026-01-07T18:51:24+00:00\",\"breadcrumb\":{\"@id\":\"https:\\\/\\\/miumjau.ee\\\/lt\\\/produktas\\\/guolis-katei-minus-one-m-pilkas\\\/#breadcrumb\"},\"inLanguage\":\"lt-LT\",\"potentialAction\":[{\"@type\":\"ReadAction\",\"target\":[\"https:\\\/\\\/miumjau.ee\\\/lt\\\/produktas\\\/guolis-katei-minus-one-m-pilkas\\\/\"]}]},{\"@type\":\"ImageObject\",\"inLanguage\":\"lt-LT\",\"@id\":\"https:\\\/\\\/miumjau.ee\\\/lt\\\/produktas\\\/guolis-katei-minus-one-m-pilkas\\\/#primaryimage\",\"url\":\"https:\\\/\\\/miumjau.ee\\\/wp-content\\\/uploads\\\/2024\\\/07\\\/kassi-pesa-minus-one-Photoroom.jpg\",\"contentUrl\":\"https:\\\/\\\/miumjau.ee\\\/wp-content\\\/uploads\\\/2024\\\/07\\\/kassi-pesa-minus-one-Photoroom.jpg\",\"width\":600,\"height\":800,\"caption\":\"Kassi pesa minus one\"},{\"@type\":\"BreadcrumbList\",\"@id\":\"https:\\\/\\\/miumjau.ee\\\/lt\\\/produktas\\\/guolis-katei-minus-one-m-pilkas\\\/#breadcrumb\",\"itemListElement\":[{\"@type\":\"ListItem\",\"position\":1,\"name\":\"Home\",\"item\":\"https:\\\/\\\/miumjau.ee\\\/lt\\\/\"},{\"@type\":\"ListItem\",\"position\":2,\"name\":\"Parduotuv\u0117\",\"item\":\"https:\\\/\\\/miumjau.ee\\\/lt\\\/parduotuve\\\/\"},{\"@type\":\"ListItem\",\"position\":3,\"name\":\"Guolis katei Minus One M, pilkas\"}]},{\"@type\":\"WebSite\",\"@id\":\"https:\\\/\\\/miumjau.ee\\\/#website\",\"url\":\"https:\\\/\\\/miumjau.ee\\\/\",\"name\":\"MiuMjau\",\"description\":\"Kraapimispuud kassidele\",\"publisher\":{\"@id\":\"https:\\\/\\\/miumjau.ee\\\/#organization\"},\"potentialAction\":[{\"@type\":\"SearchAction\",\"target\":{\"@type\":\"EntryPoint\",\"urlTemplate\":\"https:\\\/\\\/miumjau.ee\\\/?s={search_term_string}\"},\"query-input\":{\"@type\":\"PropertyValueSpecification\",\"valueRequired\":true,\"valueName\":\"search_term_string\"}}],\"inLanguage\":\"lt-LT\"},{\"@type\":\"Organization\",\"@id\":\"https:\\\/\\\/miumjau.ee\\\/#organization\",\"name\":\"MiuMjau O\u00dc\",\"url\":\"https:\\\/\\\/miumjau.ee\\\/\",\"logo\":{\"@type\":\"ImageObject\",\"inLanguage\":\"lt-LT\",\"@id\":\"https:\\\/\\\/miumjau.ee\\\/#\\\/schema\\\/logo\\\/image\\\/\",\"url\":\"https:\\\/\\\/miumjau.ee\\\/wp-content\\\/uploads\\\/2022\\\/04\\\/MiuMjau-logo-kollane.png\",\"contentUrl\":\"https:\\\/\\\/miumjau.ee\\\/wp-content\\\/uploads\\\/2022\\\/04\\\/MiuMjau-logo-kollane.png\",\"width\":219,\"height\":100,\"caption\":\"MiuMjau O\u00dc\"},\"image\":{\"@id\":\"https:\\\/\\\/miumjau.ee\\\/#\\\/schema\\\/logo\\\/image\\\/\"},\"sameAs\":[\"https:\\\/\\\/www.facebook.com\\\/miumjaupood\\\/\"]}]}<\/script>\n<!-- \/ Yoast SEO plugin. -->","yoast_head_json":{"title":"Guolis katei Minus One M, pilkas - MiuMjau","robots":{"index":"index","follow":"follow","max-snippet":"max-snippet:-1","max-image-preview":"max-image-preview:large","max-video-preview":"max-video-preview:-1"},"canonical":"https:\/\/miumjau.ee\/lt\/produktas\/guolis-katei-minus-one-m-pilkas\/","og_locale":"lt_LT","og_type":"article","og_title":"Guolis katei Minus One M, pilkas - MiuMjau","og_description":"Patogus, mink\u0161tas ir vizualiai dailus kat\u0117s guolis. Tinka tiek kat\u0117ms, tiek \u0161unims. Fliisinis pavir\u0161ius pilkos spalvos, \u0161onai lyg\u016bs, prabangios i\u0161vaizdos, apa\u010dia padengta neslystan\u010diais ta\u0161keliais.  Guolis i\u0161 dalies pagamintas i\u0161 Repreve\u00ae med\u017eiagos \u2013 panaudot\u0173 perdirbt\u0173 plastikini\u0173 buteli\u0173.  Gaminio svoris 0,68 kg I\u0161matavimai: 19,4 x 48,8 x 47,9 cm ( A x I x P )  Yra sand\u0117lyje!","og_url":"https:\/\/miumjau.ee\/lt\/produktas\/guolis-katei-minus-one-m-pilkas\/","og_site_name":"MiuMjau","article_publisher":"https:\/\/www.facebook.com\/miumjaupood\/","article_modified_time":"2026-01-07T18:51:24+00:00","og_image":[{"width":600,"height":800,"url":"https:\/\/miumjau.ee\/wp-content\/uploads\/2024\/07\/kassi-pesa-minus-one-Photoroom.jpg","type":"image\/jpeg"}],"twitter_card":"summary_large_image","schema":{"@context":"https:\/\/schema.org","@graph":[{"@type":"WebPage","@id":"https:\/\/miumjau.ee\/lt\/produktas\/guolis-katei-minus-one-m-pilkas\/","url":"https:\/\/miumjau.ee\/lt\/produktas\/guolis-katei-minus-one-m-pilkas\/","name":"Guolis katei Minus One M, pilkas - MiuMjau","isPartOf":{"@id":"https:\/\/miumjau.ee\/#website"},"primaryImageOfPage":{"@id":"https:\/\/miumjau.ee\/lt\/produktas\/guolis-katei-minus-one-m-pilkas\/#primaryimage"},"image":{"@id":"https:\/\/miumjau.ee\/lt\/produktas\/guolis-katei-minus-one-m-pilkas\/#primaryimage"},"thumbnailUrl":"https:\/\/miumjau.ee\/wp-content\/uploads\/2024\/07\/kassi-pesa-minus-one-Photoroom.jpg","datePublished":"2024-07-31T04:46:12+00:00","dateModified":"2026-01-07T18:51:24+00:00","breadcrumb":{"@id":"https:\/\/miumjau.ee\/lt\/produktas\/guolis-katei-minus-one-m-pilkas\/#breadcrumb"},"inLanguage":"lt-LT","potentialAction":[{"@type":"ReadAction","target":["https:\/\/miumjau.ee\/lt\/produktas\/guolis-katei-minus-one-m-pilkas\/"]}]},{"@type":"ImageObject","inLanguage":"lt-LT","@id":"https:\/\/miumjau.ee\/lt\/produktas\/guolis-katei-minus-one-m-pilkas\/#primaryimage","url":"https:\/\/miumjau.ee\/wp-content\/uploads\/2024\/07\/kassi-pesa-minus-one-Photoroom.jpg","contentUrl":"https:\/\/miumjau.ee\/wp-content\/uploads\/2024\/07\/kassi-pesa-minus-one-Photoroom.jpg","width":600,"height":800,"caption":"Kassi pesa minus one"},{"@type":"BreadcrumbList","@id":"https:\/\/miumjau.ee\/lt\/produktas\/guolis-katei-minus-one-m-pilkas\/#breadcrumb","itemListElement":[{"@type":"ListItem","position":1,"name":"Home","item":"https:\/\/miumjau.ee\/lt\/"},{"@type":"ListItem","position":2,"name":"Parduotuv\u0117","item":"https:\/\/miumjau.ee\/lt\/parduotuve\/"},{"@type":"ListItem","position":3,"name":"Guolis katei Minus One M, pilkas"}]},{"@type":"WebSite","@id":"https:\/\/miumjau.ee\/#website","url":"https:\/\/miumjau.ee\/","name":"MiuMjau","description":"Kraapimispuud kassidele","publisher":{"@id":"https:\/\/miumjau.ee\/#organization"},"potentialAction":[{"@type":"SearchAction","target":{"@type":"EntryPoint","urlTemplate":"https:\/\/miumjau.ee\/?s={search_term_string}"},"query-input":{"@type":"PropertyValueSpecification","valueRequired":true,"valueName":"search_term_string"}}],"inLanguage":"lt-LT"},{"@type":"Organization","@id":"https:\/\/miumjau.ee\/#organization","name":"MiuMjau O\u00dc","url":"https:\/\/miumjau.ee\/","logo":{"@type":"ImageObject","inLanguage":"lt-LT","@id":"https:\/\/miumjau.ee\/#\/schema\/logo\/image\/","url":"https:\/\/miumjau.ee\/wp-content\/uploads\/2022\/04\/MiuMjau-logo-kollane.png","contentUrl":"https:\/\/miumjau.ee\/wp-content\/uploads\/2022\/04\/MiuMjau-logo-kollane.png","width":219,"height":100,"caption":"MiuMjau O\u00dc"},"image":{"@id":"https:\/\/miumjau.ee\/#\/schema\/logo\/image\/"},"sameAs":["https:\/\/www.facebook.com\/miumjaupood\/"]}]}},"_links":{"self":[{"href":"https:\/\/miumjau.ee\/lt\/wp-json\/wp\/v2\/product\/42987","targetHints":{"allow":["GET"]}}],"collection":[{"href":"https:\/\/miumjau.ee\/lt\/wp-json\/wp\/v2\/product"}],"about":[{"href":"https:\/\/miumjau.ee\/lt\/wp-json\/wp\/v2\/types\/product"}],"wp:featuredmedia":[{"embeddable":true,"href":"https:\/\/miumjau.ee\/lt\/wp-json\/wp\/v2\/media\/43448"}],"wp:attachment":[{"href":"https:\/\/miumjau.ee\/lt\/wp-json\/wp\/v2\/media?parent=42987"}],"wp:term":[{"taxonomy":"product_brand","embeddable":true,"href":"https:\/\/miumjau.ee\/lt\/wp-json\/wp\/v2\/product_brand?post=42987"},{"taxonomy":"product_cat","embeddable":true,"href":"https:\/\/miumjau.ee\/lt\/wp-json\/wp\/v2\/product_cat?post=42987"},{"taxonomy":"product_tag","embeddable":true,"href":"https:\/\/miumjau.ee\/lt\/wp-json\/wp\/v2\/product_tag?post=42987"}],"curies":[{"name":"wp","href":"https:\/\/api.w.org\/{rel}","templated":true}]}}