{"id":42986,"date":"2024-07-30T08:39:35","date_gmt":"2024-07-30T05:39:35","guid":{"rendered":"https:\/\/miumjau.ee\/toode\/slapimo-kvapo-salintojas-excellent-pets-250-ml\/"},"modified":"2026-01-07T20:51:24","modified_gmt":"2026-01-07T18:51:24","slug":"slapimo-kvapo-salintojas-excellent-pets-250-ml","status":"publish","type":"product","link":"https:\/\/miumjau.ee\/lt\/produktas\/slapimo-kvapo-salintojas-excellent-pets-250-ml\/","title":{"rendered":"\u0160lapimo kvapo \u0161alintojas Excellent Pets 250 ml"},"content":{"rendered":"","protected":false},"excerpt":{"rendered":"<p>\u0160lapimo kvapo pa\u0161alinimas n\u0117ra sud\u0117tingas! Jums pad\u0117s Excellent Pets pur\u0161kalas.<\/p>\n<p>Skaido \u0161lapim\u0105 ir padeda pa\u0161alinti d\u0117mes.<br \/>\nAugintiniai nelink\u0119 \u0161lapintis \u012f t\u0105 pa\u010di\u0105 viet\u0105, kai ankstesnis kvapas pa\u0161alintas.<br \/>\nIdealiai tinka kraiko d\u0117\u017ei\u0173 ir augintini\u0173 voljer\u0173 valymui.<br \/>\nPalieka gaiv\u0173 kvap\u0105.<\/p>\n<p>Tinka kasdieniam naudojimui. Sprendimas j\u016bs\u0173 augintinio \u201enelaim\u0117ms\u201c.<\/p>\n<p>Yra sand\u0117lyje!<\/p>\n","protected":false},"featured_media":47224,"template":"","meta":[],"product_brand":[],"product_cat":[533],"product_tag":[],"class_list":{"0":"post-42986","1":"product","2":"type-product","3":"status-publish","4":"has-post-thumbnail","6":"product_cat-kvapu-kontrole","8":"first","9":"instock","10":"taxable","11":"shipping-taxable","12":"purchasable","13":"product-type-simple"},"yoast_head":"<!-- This site is optimized with the Yoast SEO plugin v27.2 - https:\/\/yoast.com\/product\/yoast-seo-wordpress\/ -->\n<title>\u0160lapimo kvapo \u0161alintojas Excellent Pets 250 ml - MiuMjau<\/title>\n<meta name=\"robots\" content=\"index, follow, max-snippet:-1, max-image-preview:large, max-video-preview:-1\" \/>\n<link rel=\"canonical\" href=\"https:\/\/miumjau.ee\/lt\/produktas\/slapimo-kvapo-salintojas-excellent-pets-250-ml\/\" \/>\n<meta property=\"og:locale\" content=\"lt_LT\" \/>\n<meta property=\"og:type\" content=\"article\" \/>\n<meta property=\"og:title\" content=\"\u0160lapimo kvapo \u0161alintojas Excellent Pets 250 ml - MiuMjau\" \/>\n<meta property=\"og:description\" content=\"\u0160lapimo kvapo pa\u0161alinimas n\u0117ra sud\u0117tingas! Jums pad\u0117s Excellent Pets pur\u0161kalas. Skaido \u0161lapim\u0105 ir padeda pa\u0161alinti d\u0117mes. Augintiniai nelink\u0119 \u0161lapintis \u012f t\u0105 pa\u010di\u0105 viet\u0105, kai ankstesnis kvapas pa\u0161alintas. Idealiai tinka kraiko d\u0117\u017ei\u0173 ir augintini\u0173 voljer\u0173 valymui. Palieka gaiv\u0173 kvap\u0105. Tinka kasdieniam naudojimui. Sprendimas j\u016bs\u0173 augintinio \u201enelaim\u0117ms\u201c. Yra sand\u0117lyje!\" \/>\n<meta property=\"og:url\" content=\"https:\/\/miumjau.ee\/lt\/produktas\/slapimo-kvapo-salintojas-excellent-pets-250-ml\/\" \/>\n<meta property=\"og:site_name\" content=\"MiuMjau\" \/>\n<meta property=\"article:publisher\" content=\"https:\/\/www.facebook.com\/miumjaupood\/\" \/>\n<meta property=\"article:modified_time\" content=\"2026-01-07T18:51:24+00:00\" \/>\n<meta property=\"og:image\" content=\"https:\/\/miumjau.ee\/wp-content\/uploads\/2024\/07\/urine-control-sprei-250ml-Photoroom.jpg\" \/>\n\t<meta property=\"og:image:width\" content=\"600\" \/>\n\t<meta property=\"og:image:height\" content=\"800\" \/>\n\t<meta property=\"og:image:type\" content=\"image\/jpeg\" \/>\n<meta name=\"twitter:card\" content=\"summary_large_image\" \/>\n<script type=\"application\/ld+json\" class=\"yoast-schema-graph\">{\"@context\":\"https:\/\/schema.org\",\"@graph\":[{\"@type\":\"WebPage\",\"@id\":\"https:\/\/miumjau.ee\/lt\/produktas\/slapimo-kvapo-salintojas-excellent-pets-250-ml\/\",\"url\":\"https:\/\/miumjau.ee\/lt\/produktas\/slapimo-kvapo-salintojas-excellent-pets-250-ml\/\",\"name\":\"\u0160lapimo kvapo \u0161alintojas Excellent Pets 250 ml - MiuMjau\",\"isPartOf\":{\"@id\":\"https:\/\/miumjau.ee\/#website\"},\"primaryImageOfPage\":{\"@id\":\"https:\/\/miumjau.ee\/lt\/produktas\/slapimo-kvapo-salintojas-excellent-pets-250-ml\/#primaryimage\"},\"image\":{\"@id\":\"https:\/\/miumjau.ee\/lt\/produktas\/slapimo-kvapo-salintojas-excellent-pets-250-ml\/#primaryimage\"},\"thumbnailUrl\":\"https:\/\/miumjau.ee\/wp-content\/uploads\/2024\/07\/uriini-lohna-eemaldaja.jpg\",\"datePublished\":\"2024-07-30T05:39:35+00:00\",\"dateModified\":\"2026-01-07T18:51:24+00:00\",\"breadcrumb\":{\"@id\":\"https:\/\/miumjau.ee\/lt\/produktas\/slapimo-kvapo-salintojas-excellent-pets-250-ml\/#breadcrumb\"},\"inLanguage\":\"lt-LT\",\"potentialAction\":[{\"@type\":\"ReadAction\",\"target\":[\"https:\/\/miumjau.ee\/lt\/produktas\/slapimo-kvapo-salintojas-excellent-pets-250-ml\/\"]}]},{\"@type\":\"ImageObject\",\"inLanguage\":\"lt-LT\",\"@id\":\"https:\/\/miumjau.ee\/lt\/produktas\/slapimo-kvapo-salintojas-excellent-pets-250-ml\/#primaryimage\",\"url\":\"https:\/\/miumjau.ee\/wp-content\/uploads\/2024\/07\/uriini-lohna-eemaldaja.jpg\",\"contentUrl\":\"https:\/\/miumjau.ee\/wp-content\/uploads\/2024\/07\/uriini-lohna-eemaldaja.jpg\",\"width\":600,\"height\":800,\"caption\":\"Uriini l\u00f5hna eemaldaja Excellent Pets 250 ml\"},{\"@type\":\"BreadcrumbList\",\"@id\":\"https:\/\/miumjau.ee\/lt\/produktas\/slapimo-kvapo-salintojas-excellent-pets-250-ml\/#breadcrumb\",\"itemListElement\":[{\"@type\":\"ListItem\",\"position\":1,\"name\":\"Home\",\"item\":\"https:\/\/miumjau.ee\/lt\/\"},{\"@type\":\"ListItem\",\"position\":2,\"name\":\"Parduotuv\u0117\",\"item\":\"https:\/\/miumjau.ee\/lt\/parduotuve\/\"},{\"@type\":\"ListItem\",\"position\":3,\"name\":\"\u0160lapimo kvapo \u0161alintojas Excellent Pets 250 ml\"}]},{\"@type\":\"WebSite\",\"@id\":\"https:\/\/miumjau.ee\/#website\",\"url\":\"https:\/\/miumjau.ee\/\",\"name\":\"MiuMjau\",\"description\":\"Kraapimispuud kassidele\",\"publisher\":{\"@id\":\"https:\/\/miumjau.ee\/#organization\"},\"potentialAction\":[{\"@type\":\"SearchAction\",\"target\":{\"@type\":\"EntryPoint\",\"urlTemplate\":\"https:\/\/miumjau.ee\/?s={search_term_string}\"},\"query-input\":{\"@type\":\"PropertyValueSpecification\",\"valueRequired\":true,\"valueName\":\"search_term_string\"}}],\"inLanguage\":\"lt-LT\"},{\"@type\":\"Organization\",\"@id\":\"https:\/\/miumjau.ee\/#organization\",\"name\":\"MiuMjau O\u00dc\",\"url\":\"https:\/\/miumjau.ee\/\",\"logo\":{\"@type\":\"ImageObject\",\"inLanguage\":\"lt-LT\",\"@id\":\"https:\/\/miumjau.ee\/#\/schema\/logo\/image\/\",\"url\":\"https:\/\/miumjau.ee\/wp-content\/uploads\/2022\/04\/MiuMjau-logo-kollane.png\",\"contentUrl\":\"https:\/\/miumjau.ee\/wp-content\/uploads\/2022\/04\/MiuMjau-logo-kollane.png\",\"width\":219,\"height\":100,\"caption\":\"MiuMjau O\u00dc\"},\"image\":{\"@id\":\"https:\/\/miumjau.ee\/#\/schema\/logo\/image\/\"},\"sameAs\":[\"https:\/\/www.facebook.com\/miumjaupood\/\"]}]}<\/script>\n<!-- \/ Yoast SEO plugin. -->","yoast_head_json":{"title":"\u0160lapimo kvapo \u0161alintojas Excellent Pets 250 ml - MiuMjau","robots":{"index":"index","follow":"follow","max-snippet":"max-snippet:-1","max-image-preview":"max-image-preview:large","max-video-preview":"max-video-preview:-1"},"canonical":"https:\/\/miumjau.ee\/lt\/produktas\/slapimo-kvapo-salintojas-excellent-pets-250-ml\/","og_locale":"lt_LT","og_type":"article","og_title":"\u0160lapimo kvapo \u0161alintojas Excellent Pets 250 ml - MiuMjau","og_description":"\u0160lapimo kvapo pa\u0161alinimas n\u0117ra sud\u0117tingas! Jums pad\u0117s Excellent Pets pur\u0161kalas. Skaido \u0161lapim\u0105 ir padeda pa\u0161alinti d\u0117mes. Augintiniai nelink\u0119 \u0161lapintis \u012f t\u0105 pa\u010di\u0105 viet\u0105, kai ankstesnis kvapas pa\u0161alintas. Idealiai tinka kraiko d\u0117\u017ei\u0173 ir augintini\u0173 voljer\u0173 valymui. Palieka gaiv\u0173 kvap\u0105. Tinka kasdieniam naudojimui. Sprendimas j\u016bs\u0173 augintinio \u201enelaim\u0117ms\u201c. Yra sand\u0117lyje!","og_url":"https:\/\/miumjau.ee\/lt\/produktas\/slapimo-kvapo-salintojas-excellent-pets-250-ml\/","og_site_name":"MiuMjau","article_publisher":"https:\/\/www.facebook.com\/miumjaupood\/","article_modified_time":"2026-01-07T18:51:24+00:00","og_image":[{"width":600,"height":800,"url":"https:\/\/miumjau.ee\/wp-content\/uploads\/2024\/07\/urine-control-sprei-250ml-Photoroom.jpg","type":"image\/jpeg"}],"twitter_card":"summary_large_image","schema":{"@context":"https:\/\/schema.org","@graph":[{"@type":"WebPage","@id":"https:\/\/miumjau.ee\/lt\/produktas\/slapimo-kvapo-salintojas-excellent-pets-250-ml\/","url":"https:\/\/miumjau.ee\/lt\/produktas\/slapimo-kvapo-salintojas-excellent-pets-250-ml\/","name":"\u0160lapimo kvapo \u0161alintojas Excellent Pets 250 ml - MiuMjau","isPartOf":{"@id":"https:\/\/miumjau.ee\/#website"},"primaryImageOfPage":{"@id":"https:\/\/miumjau.ee\/lt\/produktas\/slapimo-kvapo-salintojas-excellent-pets-250-ml\/#primaryimage"},"image":{"@id":"https:\/\/miumjau.ee\/lt\/produktas\/slapimo-kvapo-salintojas-excellent-pets-250-ml\/#primaryimage"},"thumbnailUrl":"https:\/\/miumjau.ee\/wp-content\/uploads\/2024\/07\/uriini-lohna-eemaldaja.jpg","datePublished":"2024-07-30T05:39:35+00:00","dateModified":"2026-01-07T18:51:24+00:00","breadcrumb":{"@id":"https:\/\/miumjau.ee\/lt\/produktas\/slapimo-kvapo-salintojas-excellent-pets-250-ml\/#breadcrumb"},"inLanguage":"lt-LT","potentialAction":[{"@type":"ReadAction","target":["https:\/\/miumjau.ee\/lt\/produktas\/slapimo-kvapo-salintojas-excellent-pets-250-ml\/"]}]},{"@type":"ImageObject","inLanguage":"lt-LT","@id":"https:\/\/miumjau.ee\/lt\/produktas\/slapimo-kvapo-salintojas-excellent-pets-250-ml\/#primaryimage","url":"https:\/\/miumjau.ee\/wp-content\/uploads\/2024\/07\/uriini-lohna-eemaldaja.jpg","contentUrl":"https:\/\/miumjau.ee\/wp-content\/uploads\/2024\/07\/uriini-lohna-eemaldaja.jpg","width":600,"height":800,"caption":"Uriini l\u00f5hna eemaldaja Excellent Pets 250 ml"},{"@type":"BreadcrumbList","@id":"https:\/\/miumjau.ee\/lt\/produktas\/slapimo-kvapo-salintojas-excellent-pets-250-ml\/#breadcrumb","itemListElement":[{"@type":"ListItem","position":1,"name":"Home","item":"https:\/\/miumjau.ee\/lt\/"},{"@type":"ListItem","position":2,"name":"Parduotuv\u0117","item":"https:\/\/miumjau.ee\/lt\/parduotuve\/"},{"@type":"ListItem","position":3,"name":"\u0160lapimo kvapo \u0161alintojas Excellent Pets 250 ml"}]},{"@type":"WebSite","@id":"https:\/\/miumjau.ee\/#website","url":"https:\/\/miumjau.ee\/","name":"MiuMjau","description":"Kraapimispuud kassidele","publisher":{"@id":"https:\/\/miumjau.ee\/#organization"},"potentialAction":[{"@type":"SearchAction","target":{"@type":"EntryPoint","urlTemplate":"https:\/\/miumjau.ee\/?s={search_term_string}"},"query-input":{"@type":"PropertyValueSpecification","valueRequired":true,"valueName":"search_term_string"}}],"inLanguage":"lt-LT"},{"@type":"Organization","@id":"https:\/\/miumjau.ee\/#organization","name":"MiuMjau O\u00dc","url":"https:\/\/miumjau.ee\/","logo":{"@type":"ImageObject","inLanguage":"lt-LT","@id":"https:\/\/miumjau.ee\/#\/schema\/logo\/image\/","url":"https:\/\/miumjau.ee\/wp-content\/uploads\/2022\/04\/MiuMjau-logo-kollane.png","contentUrl":"https:\/\/miumjau.ee\/wp-content\/uploads\/2022\/04\/MiuMjau-logo-kollane.png","width":219,"height":100,"caption":"MiuMjau O\u00dc"},"image":{"@id":"https:\/\/miumjau.ee\/#\/schema\/logo\/image\/"},"sameAs":["https:\/\/www.facebook.com\/miumjaupood\/"]}]}},"_links":{"self":[{"href":"https:\/\/miumjau.ee\/lt\/wp-json\/wp\/v2\/product\/42986","targetHints":{"allow":["GET"]}}],"collection":[{"href":"https:\/\/miumjau.ee\/lt\/wp-json\/wp\/v2\/product"}],"about":[{"href":"https:\/\/miumjau.ee\/lt\/wp-json\/wp\/v2\/types\/product"}],"wp:featuredmedia":[{"embeddable":true,"href":"https:\/\/miumjau.ee\/lt\/wp-json\/wp\/v2\/media\/47224"}],"wp:attachment":[{"href":"https:\/\/miumjau.ee\/lt\/wp-json\/wp\/v2\/media?parent=42986"}],"wp:term":[{"taxonomy":"product_brand","embeddable":true,"href":"https:\/\/miumjau.ee\/lt\/wp-json\/wp\/v2\/product_brand?post=42986"},{"taxonomy":"product_cat","embeddable":true,"href":"https:\/\/miumjau.ee\/lt\/wp-json\/wp\/v2\/product_cat?post=42986"},{"taxonomy":"product_tag","embeddable":true,"href":"https:\/\/miumjau.ee\/lt\/wp-json\/wp\/v2\/product_tag?post=42986"}],"curies":[{"name":"wp","href":"https:\/\/api.w.org\/{rel}","templated":true}]}}