{"id":42978,"date":"2024-07-15T18:25:37","date_gmt":"2024-07-15T15:25:37","guid":{"rendered":"https:\/\/miumjau.ee\/toode\/kvapu-neutralizatorius-kraikui-beaphar-multi-fresh\/"},"modified":"2026-01-07T20:35:27","modified_gmt":"2026-01-07T18:35:27","slug":"kvapu-neutralizatorius-kraikui-beaphar-multi-fresh","status":"publish","type":"product","link":"https:\/\/miumjau.ee\/lt\/produktas\/kvapu-neutralizatorius-kraikui-beaphar-multi-fresh\/","title":{"rendered":"Kvap\u0173 neutralizatorius kraikui Beaphar Multi Fresh"},"content":{"rendered":"","protected":false},"excerpt":{"rendered":"<p>Kvap\u0173 neutralizuojantys milteliai skirti naudoti kraike. Jie pa\u0161alina nemalon\u0173 kvap\u0105 ir prailgina kraiko naudojimo laik\u0105. Milteliai slopina bakterij\u0173 dauginim\u0105si, tod\u0117l blogas kvapas susidaro l\u0117\u010diau.<\/p>\n<p><strong>Kaip naudoti?<\/strong><br \/>\nI\u0161tu\u0161tin\u0119 kraiko d\u0117\u017e\u0119, kruop\u0161\u010diai j\u0105 i\u0161plaukite ir i\u0161d\u017eiovinkite. \u012eberkite reikiam\u0105 kiek\u012f naujo kraiko ir \u012fmai\u0161ykite kvap\u0173 neutralizatori\u0173. Papildomai galite berti pagal poreik\u012f, atsi\u017evelgiant \u012f kraiko b\u016bkl\u0119. Vienos pakuot\u0117s pakanka iki 20 kart\u0173 (apie 3 m\u0117n.). Produkt\u0105 galima naudoti su bet kuriuo kraiku ir jis yra saugus.<\/p>\n<p>Kiekis: 400 gr<br \/>\nGamintojas: Beaphar, Nyderlandai<\/p>\n","protected":false},"featured_media":43444,"template":"","meta":[],"product_brand":[],"product_cat":[530,533],"product_tag":[],"class_list":{"0":"post-42978","1":"product","2":"type-product","3":"status-publish","4":"has-post-thumbnail","6":"product_cat-kaciu-kraikas","7":"product_cat-kvapu-kontrole","9":"first","10":"instock","11":"taxable","12":"shipping-taxable","13":"purchasable","14":"product-type-simple"},"yoast_head":"<!-- This site is optimized with the Yoast SEO plugin v27.2 - https:\/\/yoast.com\/product\/yoast-seo-wordpress\/ -->\n<title>Kvap\u0173 neutralizatorius kraikui Beaphar Multi Fresh - MiuMjau<\/title>\n<meta name=\"robots\" content=\"index, follow, max-snippet:-1, max-image-preview:large, max-video-preview:-1\" \/>\n<link rel=\"canonical\" href=\"https:\/\/miumjau.ee\/lt\/produktas\/kvapu-neutralizatorius-kraikui-beaphar-multi-fresh\/\" \/>\n<meta property=\"og:locale\" content=\"lt_LT\" \/>\n<meta property=\"og:type\" content=\"article\" \/>\n<meta property=\"og:title\" content=\"Kvap\u0173 neutralizatorius kraikui Beaphar Multi Fresh - MiuMjau\" \/>\n<meta property=\"og:description\" content=\"Kvap\u0173 neutralizuojantys milteliai skirti naudoti kraike. Jie pa\u0161alina nemalon\u0173 kvap\u0105 ir prailgina kraiko naudojimo laik\u0105. Milteliai slopina bakterij\u0173 dauginim\u0105si, tod\u0117l blogas kvapas susidaro l\u0117\u010diau.  Kaip naudoti? I\u0161tu\u0161tin\u0119 kraiko d\u0117\u017e\u0119, kruop\u0161\u010diai j\u0105 i\u0161plaukite ir i\u0161d\u017eiovinkite. \u012eberkite reikiam\u0105 kiek\u012f naujo kraiko ir \u012fmai\u0161ykite kvap\u0173 neutralizatori\u0173. Papildomai galite berti pagal poreik\u012f, atsi\u017evelgiant \u012f kraiko b\u016bkl\u0119. Vienos pakuot\u0117s pakanka iki 20 kart\u0173 (apie 3 m\u0117n.). Produkt\u0105 galima naudoti su bet kuriuo kraiku ir jis yra saugus.  Kiekis: 400 gr Gamintojas: Beaphar, Nyderlandai\" \/>\n<meta property=\"og:url\" content=\"https:\/\/miumjau.ee\/lt\/produktas\/kvapu-neutralizatorius-kraikui-beaphar-multi-fresh\/\" \/>\n<meta property=\"og:site_name\" content=\"MiuMjau\" \/>\n<meta property=\"article:publisher\" content=\"https:\/\/www.facebook.com\/miumjaupood\/\" \/>\n<meta property=\"article:modified_time\" content=\"2026-01-07T18:35:27+00:00\" \/>\n<meta property=\"og:image\" content=\"https:\/\/miumjau.ee\/wp-content\/uploads\/2024\/07\/lohnade-eemaldaja-beaphar-multifresh3.jpg\" \/>\n\t<meta property=\"og:image:width\" content=\"600\" \/>\n\t<meta property=\"og:image:height\" content=\"800\" \/>\n\t<meta property=\"og:image:type\" content=\"image\/jpeg\" \/>\n<meta name=\"twitter:card\" content=\"summary_large_image\" \/>\n<meta name=\"twitter:label1\" content=\"Est. reading time\" \/>\n\t<meta name=\"twitter:data1\" content=\"1 minut\u0117\" \/>\n<script type=\"application\/ld+json\" class=\"yoast-schema-graph\">{\"@context\":\"https:\/\/schema.org\",\"@graph\":[{\"@type\":\"WebPage\",\"@id\":\"https:\/\/miumjau.ee\/lt\/produktas\/kvapu-neutralizatorius-kraikui-beaphar-multi-fresh\/\",\"url\":\"https:\/\/miumjau.ee\/lt\/produktas\/kvapu-neutralizatorius-kraikui-beaphar-multi-fresh\/\",\"name\":\"Kvap\u0173 neutralizatorius kraikui Beaphar Multi Fresh - MiuMjau\",\"isPartOf\":{\"@id\":\"https:\/\/miumjau.ee\/#website\"},\"primaryImageOfPage\":{\"@id\":\"https:\/\/miumjau.ee\/lt\/produktas\/kvapu-neutralizatorius-kraikui-beaphar-multi-fresh\/#primaryimage\"},\"image\":{\"@id\":\"https:\/\/miumjau.ee\/lt\/produktas\/kvapu-neutralizatorius-kraikui-beaphar-multi-fresh\/#primaryimage\"},\"thumbnailUrl\":\"https:\/\/miumjau.ee\/wp-content\/uploads\/2024\/07\/lohnade-eemaldaja-beaphar-multifresh3.jpg\",\"datePublished\":\"2024-07-15T15:25:37+00:00\",\"dateModified\":\"2026-01-07T18:35:27+00:00\",\"breadcrumb\":{\"@id\":\"https:\/\/miumjau.ee\/lt\/produktas\/kvapu-neutralizatorius-kraikui-beaphar-multi-fresh\/#breadcrumb\"},\"inLanguage\":\"lt-LT\",\"potentialAction\":[{\"@type\":\"ReadAction\",\"target\":[\"https:\/\/miumjau.ee\/lt\/produktas\/kvapu-neutralizatorius-kraikui-beaphar-multi-fresh\/\"]}]},{\"@type\":\"ImageObject\",\"inLanguage\":\"lt-LT\",\"@id\":\"https:\/\/miumjau.ee\/lt\/produktas\/kvapu-neutralizatorius-kraikui-beaphar-multi-fresh\/#primaryimage\",\"url\":\"https:\/\/miumjau.ee\/wp-content\/uploads\/2024\/07\/lohnade-eemaldaja-beaphar-multifresh3.jpg\",\"contentUrl\":\"https:\/\/miumjau.ee\/wp-content\/uploads\/2024\/07\/lohnade-eemaldaja-beaphar-multifresh3.jpg\",\"width\":600,\"height\":800,\"caption\":\"L\u00f5hnade neutraliseerija Beaphar Multi Fresh\"},{\"@type\":\"BreadcrumbList\",\"@id\":\"https:\/\/miumjau.ee\/lt\/produktas\/kvapu-neutralizatorius-kraikui-beaphar-multi-fresh\/#breadcrumb\",\"itemListElement\":[{\"@type\":\"ListItem\",\"position\":1,\"name\":\"Home\",\"item\":\"https:\/\/miumjau.ee\/lt\/\"},{\"@type\":\"ListItem\",\"position\":2,\"name\":\"Parduotuv\u0117\",\"item\":\"https:\/\/miumjau.ee\/lt\/parduotuve\/\"},{\"@type\":\"ListItem\",\"position\":3,\"name\":\"Kvap\u0173 neutralizatorius kraikui Beaphar Multi Fresh\"}]},{\"@type\":\"WebSite\",\"@id\":\"https:\/\/miumjau.ee\/#website\",\"url\":\"https:\/\/miumjau.ee\/\",\"name\":\"MiuMjau\",\"description\":\"Kraapimispuud kassidele\",\"publisher\":{\"@id\":\"https:\/\/miumjau.ee\/#organization\"},\"potentialAction\":[{\"@type\":\"SearchAction\",\"target\":{\"@type\":\"EntryPoint\",\"urlTemplate\":\"https:\/\/miumjau.ee\/?s={search_term_string}\"},\"query-input\":{\"@type\":\"PropertyValueSpecification\",\"valueRequired\":true,\"valueName\":\"search_term_string\"}}],\"inLanguage\":\"lt-LT\"},{\"@type\":\"Organization\",\"@id\":\"https:\/\/miumjau.ee\/#organization\",\"name\":\"MiuMjau O\u00dc\",\"url\":\"https:\/\/miumjau.ee\/\",\"logo\":{\"@type\":\"ImageObject\",\"inLanguage\":\"lt-LT\",\"@id\":\"https:\/\/miumjau.ee\/#\/schema\/logo\/image\/\",\"url\":\"https:\/\/miumjau.ee\/wp-content\/uploads\/2022\/04\/MiuMjau-logo-kollane.png\",\"contentUrl\":\"https:\/\/miumjau.ee\/wp-content\/uploads\/2022\/04\/MiuMjau-logo-kollane.png\",\"width\":219,\"height\":100,\"caption\":\"MiuMjau O\u00dc\"},\"image\":{\"@id\":\"https:\/\/miumjau.ee\/#\/schema\/logo\/image\/\"},\"sameAs\":[\"https:\/\/www.facebook.com\/miumjaupood\/\"]}]}<\/script>\n<!-- \/ Yoast SEO plugin. -->","yoast_head_json":{"title":"Kvap\u0173 neutralizatorius kraikui Beaphar Multi Fresh - MiuMjau","robots":{"index":"index","follow":"follow","max-snippet":"max-snippet:-1","max-image-preview":"max-image-preview:large","max-video-preview":"max-video-preview:-1"},"canonical":"https:\/\/miumjau.ee\/lt\/produktas\/kvapu-neutralizatorius-kraikui-beaphar-multi-fresh\/","og_locale":"lt_LT","og_type":"article","og_title":"Kvap\u0173 neutralizatorius kraikui Beaphar Multi Fresh - MiuMjau","og_description":"Kvap\u0173 neutralizuojantys milteliai skirti naudoti kraike. Jie pa\u0161alina nemalon\u0173 kvap\u0105 ir prailgina kraiko naudojimo laik\u0105. Milteliai slopina bakterij\u0173 dauginim\u0105si, tod\u0117l blogas kvapas susidaro l\u0117\u010diau.  Kaip naudoti? I\u0161tu\u0161tin\u0119 kraiko d\u0117\u017e\u0119, kruop\u0161\u010diai j\u0105 i\u0161plaukite ir i\u0161d\u017eiovinkite. \u012eberkite reikiam\u0105 kiek\u012f naujo kraiko ir \u012fmai\u0161ykite kvap\u0173 neutralizatori\u0173. Papildomai galite berti pagal poreik\u012f, atsi\u017evelgiant \u012f kraiko b\u016bkl\u0119. Vienos pakuot\u0117s pakanka iki 20 kart\u0173 (apie 3 m\u0117n.). Produkt\u0105 galima naudoti su bet kuriuo kraiku ir jis yra saugus.  Kiekis: 400 gr Gamintojas: Beaphar, Nyderlandai","og_url":"https:\/\/miumjau.ee\/lt\/produktas\/kvapu-neutralizatorius-kraikui-beaphar-multi-fresh\/","og_site_name":"MiuMjau","article_publisher":"https:\/\/www.facebook.com\/miumjaupood\/","article_modified_time":"2026-01-07T18:35:27+00:00","og_image":[{"width":600,"height":800,"url":"https:\/\/miumjau.ee\/wp-content\/uploads\/2024\/07\/lohnade-eemaldaja-beaphar-multifresh3.jpg","type":"image\/jpeg"}],"twitter_card":"summary_large_image","twitter_misc":{"Est. reading time":"1 minut\u0117"},"schema":{"@context":"https:\/\/schema.org","@graph":[{"@type":"WebPage","@id":"https:\/\/miumjau.ee\/lt\/produktas\/kvapu-neutralizatorius-kraikui-beaphar-multi-fresh\/","url":"https:\/\/miumjau.ee\/lt\/produktas\/kvapu-neutralizatorius-kraikui-beaphar-multi-fresh\/","name":"Kvap\u0173 neutralizatorius kraikui Beaphar Multi Fresh - MiuMjau","isPartOf":{"@id":"https:\/\/miumjau.ee\/#website"},"primaryImageOfPage":{"@id":"https:\/\/miumjau.ee\/lt\/produktas\/kvapu-neutralizatorius-kraikui-beaphar-multi-fresh\/#primaryimage"},"image":{"@id":"https:\/\/miumjau.ee\/lt\/produktas\/kvapu-neutralizatorius-kraikui-beaphar-multi-fresh\/#primaryimage"},"thumbnailUrl":"https:\/\/miumjau.ee\/wp-content\/uploads\/2024\/07\/lohnade-eemaldaja-beaphar-multifresh3.jpg","datePublished":"2024-07-15T15:25:37+00:00","dateModified":"2026-01-07T18:35:27+00:00","breadcrumb":{"@id":"https:\/\/miumjau.ee\/lt\/produktas\/kvapu-neutralizatorius-kraikui-beaphar-multi-fresh\/#breadcrumb"},"inLanguage":"lt-LT","potentialAction":[{"@type":"ReadAction","target":["https:\/\/miumjau.ee\/lt\/produktas\/kvapu-neutralizatorius-kraikui-beaphar-multi-fresh\/"]}]},{"@type":"ImageObject","inLanguage":"lt-LT","@id":"https:\/\/miumjau.ee\/lt\/produktas\/kvapu-neutralizatorius-kraikui-beaphar-multi-fresh\/#primaryimage","url":"https:\/\/miumjau.ee\/wp-content\/uploads\/2024\/07\/lohnade-eemaldaja-beaphar-multifresh3.jpg","contentUrl":"https:\/\/miumjau.ee\/wp-content\/uploads\/2024\/07\/lohnade-eemaldaja-beaphar-multifresh3.jpg","width":600,"height":800,"caption":"L\u00f5hnade neutraliseerija Beaphar Multi Fresh"},{"@type":"BreadcrumbList","@id":"https:\/\/miumjau.ee\/lt\/produktas\/kvapu-neutralizatorius-kraikui-beaphar-multi-fresh\/#breadcrumb","itemListElement":[{"@type":"ListItem","position":1,"name":"Home","item":"https:\/\/miumjau.ee\/lt\/"},{"@type":"ListItem","position":2,"name":"Parduotuv\u0117","item":"https:\/\/miumjau.ee\/lt\/parduotuve\/"},{"@type":"ListItem","position":3,"name":"Kvap\u0173 neutralizatorius kraikui Beaphar Multi Fresh"}]},{"@type":"WebSite","@id":"https:\/\/miumjau.ee\/#website","url":"https:\/\/miumjau.ee\/","name":"MiuMjau","description":"Kraapimispuud kassidele","publisher":{"@id":"https:\/\/miumjau.ee\/#organization"},"potentialAction":[{"@type":"SearchAction","target":{"@type":"EntryPoint","urlTemplate":"https:\/\/miumjau.ee\/?s={search_term_string}"},"query-input":{"@type":"PropertyValueSpecification","valueRequired":true,"valueName":"search_term_string"}}],"inLanguage":"lt-LT"},{"@type":"Organization","@id":"https:\/\/miumjau.ee\/#organization","name":"MiuMjau O\u00dc","url":"https:\/\/miumjau.ee\/","logo":{"@type":"ImageObject","inLanguage":"lt-LT","@id":"https:\/\/miumjau.ee\/#\/schema\/logo\/image\/","url":"https:\/\/miumjau.ee\/wp-content\/uploads\/2022\/04\/MiuMjau-logo-kollane.png","contentUrl":"https:\/\/miumjau.ee\/wp-content\/uploads\/2022\/04\/MiuMjau-logo-kollane.png","width":219,"height":100,"caption":"MiuMjau O\u00dc"},"image":{"@id":"https:\/\/miumjau.ee\/#\/schema\/logo\/image\/"},"sameAs":["https:\/\/www.facebook.com\/miumjaupood\/"]}]}},"_links":{"self":[{"href":"https:\/\/miumjau.ee\/lt\/wp-json\/wp\/v2\/product\/42978","targetHints":{"allow":["GET"]}}],"collection":[{"href":"https:\/\/miumjau.ee\/lt\/wp-json\/wp\/v2\/product"}],"about":[{"href":"https:\/\/miumjau.ee\/lt\/wp-json\/wp\/v2\/types\/product"}],"wp:featuredmedia":[{"embeddable":true,"href":"https:\/\/miumjau.ee\/lt\/wp-json\/wp\/v2\/media\/43444"}],"wp:attachment":[{"href":"https:\/\/miumjau.ee\/lt\/wp-json\/wp\/v2\/media?parent=42978"}],"wp:term":[{"taxonomy":"product_brand","embeddable":true,"href":"https:\/\/miumjau.ee\/lt\/wp-json\/wp\/v2\/product_brand?post=42978"},{"taxonomy":"product_cat","embeddable":true,"href":"https:\/\/miumjau.ee\/lt\/wp-json\/wp\/v2\/product_cat?post=42978"},{"taxonomy":"product_tag","embeddable":true,"href":"https:\/\/miumjau.ee\/lt\/wp-json\/wp\/v2\/product_tag?post=42978"}],"curies":[{"name":"wp","href":"https:\/\/api.w.org\/{rel}","templated":true}]}}