{"id":42837,"date":"2024-07-07T12:00:18","date_gmt":"2024-07-07T09:00:18","guid":{"rendered":"https:\/\/miumjau.ee\/toode\/pernesimo-narvas-abba-s-rozinis\/"},"modified":"2026-01-07T20:51:31","modified_gmt":"2026-01-07T18:51:31","slug":"pernesimo-narvas-abba-s-rozinis","status":"publish","type":"product","link":"https:\/\/miumjau.ee\/lt\/produktas\/pernesimo-narvas-abba-s-rozinis\/","title":{"rendered":"Perne\u0161imo narvas Abba S ro\u017einis"},"content":{"rendered":"","protected":false},"excerpt":{"rendered":"<p>Perne\u0161imo narvas Abba S ro\u017einis<br \/>\nKelion\u0117 su augintiniu gali vykti \u012fvairiai. Kartais turime laiko ramiam pasivaik\u0161\u010diojimui parke, o kartais reikia daugiau d\u0117mesio praktinei kelion\u0117s pusei. Apsilankymas pas veterinar\u0105 ar kelion\u0117 traukiniu gali b\u016bti greita jums ir \u012ftempta j\u016bs\u0173 augintiniui.<\/p>\n<p>M\u016bs\u0173 perne\u0161imo narvas sukurtas palengvinti tokias situacijas ir jums, ir j\u016bs\u0173 p\u016bkuotam draugui. Va\u017eiuodami automobiliu narv\u0105 galite pritvirtinti saugos dir\u017eais arba laikyti ant keli\u0173. Patogiam ne\u0161iojimui yra vir\u0161utin\u0117 rankena ir tvirtinimo vietos papildomam peties dir\u017eui.<\/p>\n<p>I\u0161 augintinio perspektyvos viduje pakanka vietos, specialios ventiliacijos angos ir grotel\u0117s u\u017etikrina oro cirkuliacij\u0105.<\/p>\n<p>Narv\u0105 patogu atidaryti ir u\u017edaryti \u2013 priekin\u0117s grotel\u0117s visi\u0161kai nusiima ir lengvai prisitvirtina atgal. Jei reikia, galima nuimti ir vis\u0105 vir\u0161utin\u0119 dal\u012f, tvirtinam\u0105 paprastais spaustukais.<\/p>\n<p>Produktas pagamintas i\u0161 patvarios ir augintiniams saugios med\u017eiagos. Galimi du dizainai, kiekvienas keturi\u0173 spalv\u0173 ir dviej\u0173 dyd\u017ei\u0173: S ir M.<\/p>\n<p>&lt;strong&gt;Savyb\u0117s:&lt;\/strong&gt;<br \/>\n&lt;ul&gt;<br \/>\n&lt;li&gt;Med\u017eiaga: plastikas&lt;\/li&gt;<br \/>\n&lt;li&gt;Ilgis: 50 cm&lt;\/li&gt;<br \/>\n&lt;li&gt;Plotis: 33 cm&lt;\/li&gt;<br \/>\n&lt;li&gt;Auk\u0161tis: 33 cm&lt;\/li&gt;<br \/>\n&lt;li&gt;Svoris: 1,2 kg&lt;\/li&gt;<br \/>\n&lt;li&gt;Pakuot\u0117s dydis: 51 x 35 x 20 cm&lt;\/li&gt;<br \/>\n&lt;\/ul&gt;<br \/>\nI\u0161 karto sand\u0117lyje!<\/p>\n","protected":false},"featured_media":43432,"template":"","meta":[],"product_brand":[],"product_cat":[535],"product_tag":[],"class_list":{"0":"post-42837","1":"product","2":"type-product","3":"status-publish","4":"has-post-thumbnail","6":"product_cat-transportavimo-narvai-krepsiai","8":"first","9":"instock","10":"sale","11":"taxable","12":"shipping-taxable","13":"purchasable","14":"product-type-simple"},"yoast_head":"<!-- This site is optimized with the Yoast SEO plugin v27.2 - https:\/\/yoast.com\/product\/yoast-seo-wordpress\/ -->\n<title>Perne\u0161imo narvas Abba S ro\u017einis - MiuMjau<\/title>\n<meta name=\"robots\" content=\"index, follow, max-snippet:-1, max-image-preview:large, max-video-preview:-1\" \/>\n<link rel=\"canonical\" href=\"https:\/\/miumjau.ee\/lt\/produktas\/pernesimo-narvas-abba-s-rozinis\/\" \/>\n<meta property=\"og:locale\" content=\"lt_LT\" \/>\n<meta property=\"og:type\" content=\"article\" \/>\n<meta property=\"og:title\" content=\"Perne\u0161imo narvas Abba S ro\u017einis - MiuMjau\" \/>\n<meta property=\"og:description\" content=\"Perne\u0161imo narvas Abba S ro\u017einis Kelion\u0117 su augintiniu gali vykti \u012fvairiai. Kartais turime laiko ramiam pasivaik\u0161\u010diojimui parke, o kartais reikia daugiau d\u0117mesio praktinei kelion\u0117s pusei. Apsilankymas pas veterinar\u0105 ar kelion\u0117 traukiniu gali b\u016bti greita jums ir \u012ftempta j\u016bs\u0173 augintiniui. M\u016bs\u0173 perne\u0161imo narvas sukurtas palengvinti tokias situacijas ir jums, ir j\u016bs\u0173 p\u016bkuotam draugui. Va\u017eiuodami automobiliu narv\u0105 galite pritvirtinti saugos dir\u017eais arba laikyti ant keli\u0173. Patogiam ne\u0161iojimui yra vir\u0161utin\u0117 rankena ir tvirtinimo vietos papildomam peties dir\u017eui. I\u0161 augintinio perspektyvos viduje pakanka vietos, specialios ventiliacijos angos ir grotel\u0117s u\u017etikrina oro cirkuliacij\u0105. Narv\u0105 patogu atidaryti ir u\u017edaryti \u2013 priekin\u0117s grotel\u0117s visi\u0161kai nusiima ir lengvai prisitvirtina atgal. Jei reikia, galima nuimti ir vis\u0105 vir\u0161utin\u0119 dal\u012f, tvirtinam\u0105 paprastais spaustukais. Produktas pagamintas i\u0161 patvarios ir augintiniams saugios med\u017eiagos. Galimi du dizainai, kiekvienas keturi\u0173 spalv\u0173 ir dviej\u0173 dyd\u017ei\u0173: S ir M. &lt;strong&gt;Savyb\u0117s:&lt;\/strong&gt; &lt;ul&gt; &lt;li&gt;Med\u017eiaga: plastikas&lt;\/li&gt; &lt;li&gt;Ilgis: 50 cm&lt;\/li&gt; &lt;li&gt;Plotis: 33 cm&lt;\/li&gt; &lt;li&gt;Auk\u0161tis: 33 cm&lt;\/li&gt; &lt;li&gt;Svoris: 1,2 kg&lt;\/li&gt; &lt;li&gt;Pakuot\u0117s dydis: 51 x 35 x 20 cm&lt;\/li&gt; &lt;\/ul&gt; I\u0161 karto sand\u0117lyje!\" \/>\n<meta property=\"og:url\" content=\"https:\/\/miumjau.ee\/lt\/produktas\/pernesimo-narvas-abba-s-rozinis\/\" \/>\n<meta property=\"og:site_name\" content=\"MiuMjau\" \/>\n<meta property=\"article:publisher\" content=\"https:\/\/www.facebook.com\/miumjaupood\/\" \/>\n<meta property=\"article:modified_time\" content=\"2026-01-07T18:51:31+00:00\" \/>\n<meta property=\"og:image\" content=\"https:\/\/miumjau.ee\/wp-content\/uploads\/2024\/07\/kandepuur-abba-s-roosa-1-1.jpg\" \/>\n\t<meta property=\"og:image:width\" content=\"600\" \/>\n\t<meta property=\"og:image:height\" content=\"800\" \/>\n\t<meta property=\"og:image:type\" content=\"image\/jpeg\" \/>\n<meta name=\"twitter:card\" content=\"summary_large_image\" \/>\n<script type=\"application\/ld+json\" class=\"yoast-schema-graph\">{\"@context\":\"https:\/\/schema.org\",\"@graph\":[{\"@type\":\"WebPage\",\"@id\":\"https:\/\/miumjau.ee\/lt\/produktas\/pernesimo-narvas-abba-s-rozinis\/\",\"url\":\"https:\/\/miumjau.ee\/lt\/produktas\/pernesimo-narvas-abba-s-rozinis\/\",\"name\":\"Perne\u0161imo narvas Abba S ro\u017einis - MiuMjau\",\"isPartOf\":{\"@id\":\"https:\/\/miumjau.ee\/#website\"},\"primaryImageOfPage\":{\"@id\":\"https:\/\/miumjau.ee\/lt\/produktas\/pernesimo-narvas-abba-s-rozinis\/#primaryimage\"},\"image\":{\"@id\":\"https:\/\/miumjau.ee\/lt\/produktas\/pernesimo-narvas-abba-s-rozinis\/#primaryimage\"},\"thumbnailUrl\":\"https:\/\/miumjau.ee\/wp-content\/uploads\/2024\/07\/kandepuur-abba-s-roosa-1-1.jpg\",\"datePublished\":\"2024-07-07T09:00:18+00:00\",\"dateModified\":\"2026-01-07T18:51:31+00:00\",\"breadcrumb\":{\"@id\":\"https:\/\/miumjau.ee\/lt\/produktas\/pernesimo-narvas-abba-s-rozinis\/#breadcrumb\"},\"inLanguage\":\"lt-LT\",\"potentialAction\":[{\"@type\":\"ReadAction\",\"target\":[\"https:\/\/miumjau.ee\/lt\/produktas\/pernesimo-narvas-abba-s-rozinis\/\"]}]},{\"@type\":\"ImageObject\",\"inLanguage\":\"lt-LT\",\"@id\":\"https:\/\/miumjau.ee\/lt\/produktas\/pernesimo-narvas-abba-s-rozinis\/#primaryimage\",\"url\":\"https:\/\/miumjau.ee\/wp-content\/uploads\/2024\/07\/kandepuur-abba-s-roosa-1-1.jpg\",\"contentUrl\":\"https:\/\/miumjau.ee\/wp-content\/uploads\/2024\/07\/kandepuur-abba-s-roosa-1-1.jpg\",\"width\":600,\"height\":800,\"caption\":\"Kandepuur Abba S roosa\"},{\"@type\":\"BreadcrumbList\",\"@id\":\"https:\/\/miumjau.ee\/lt\/produktas\/pernesimo-narvas-abba-s-rozinis\/#breadcrumb\",\"itemListElement\":[{\"@type\":\"ListItem\",\"position\":1,\"name\":\"Home\",\"item\":\"https:\/\/miumjau.ee\/lt\/\"},{\"@type\":\"ListItem\",\"position\":2,\"name\":\"Parduotuv\u0117\",\"item\":\"https:\/\/miumjau.ee\/lt\/parduotuve\/\"},{\"@type\":\"ListItem\",\"position\":3,\"name\":\"Perne\u0161imo narvas Abba S ro\u017einis\"}]},{\"@type\":\"WebSite\",\"@id\":\"https:\/\/miumjau.ee\/#website\",\"url\":\"https:\/\/miumjau.ee\/\",\"name\":\"MiuMjau\",\"description\":\"Kraapimispuud kassidele\",\"publisher\":{\"@id\":\"https:\/\/miumjau.ee\/#organization\"},\"potentialAction\":[{\"@type\":\"SearchAction\",\"target\":{\"@type\":\"EntryPoint\",\"urlTemplate\":\"https:\/\/miumjau.ee\/?s={search_term_string}\"},\"query-input\":{\"@type\":\"PropertyValueSpecification\",\"valueRequired\":true,\"valueName\":\"search_term_string\"}}],\"inLanguage\":\"lt-LT\"},{\"@type\":\"Organization\",\"@id\":\"https:\/\/miumjau.ee\/#organization\",\"name\":\"MiuMjau O\u00dc\",\"url\":\"https:\/\/miumjau.ee\/\",\"logo\":{\"@type\":\"ImageObject\",\"inLanguage\":\"lt-LT\",\"@id\":\"https:\/\/miumjau.ee\/#\/schema\/logo\/image\/\",\"url\":\"https:\/\/miumjau.ee\/wp-content\/uploads\/2022\/04\/MiuMjau-logo-kollane.png\",\"contentUrl\":\"https:\/\/miumjau.ee\/wp-content\/uploads\/2022\/04\/MiuMjau-logo-kollane.png\",\"width\":219,\"height\":100,\"caption\":\"MiuMjau O\u00dc\"},\"image\":{\"@id\":\"https:\/\/miumjau.ee\/#\/schema\/logo\/image\/\"},\"sameAs\":[\"https:\/\/www.facebook.com\/miumjaupood\/\"]}]}<\/script>\n<!-- \/ Yoast SEO plugin. -->","yoast_head_json":{"title":"Perne\u0161imo narvas Abba S ro\u017einis - MiuMjau","robots":{"index":"index","follow":"follow","max-snippet":"max-snippet:-1","max-image-preview":"max-image-preview:large","max-video-preview":"max-video-preview:-1"},"canonical":"https:\/\/miumjau.ee\/lt\/produktas\/pernesimo-narvas-abba-s-rozinis\/","og_locale":"lt_LT","og_type":"article","og_title":"Perne\u0161imo narvas Abba S ro\u017einis - MiuMjau","og_description":"Perne\u0161imo narvas Abba S ro\u017einis Kelion\u0117 su augintiniu gali vykti \u012fvairiai. Kartais turime laiko ramiam pasivaik\u0161\u010diojimui parke, o kartais reikia daugiau d\u0117mesio praktinei kelion\u0117s pusei. Apsilankymas pas veterinar\u0105 ar kelion\u0117 traukiniu gali b\u016bti greita jums ir \u012ftempta j\u016bs\u0173 augintiniui. M\u016bs\u0173 perne\u0161imo narvas sukurtas palengvinti tokias situacijas ir jums, ir j\u016bs\u0173 p\u016bkuotam draugui. Va\u017eiuodami automobiliu narv\u0105 galite pritvirtinti saugos dir\u017eais arba laikyti ant keli\u0173. Patogiam ne\u0161iojimui yra vir\u0161utin\u0117 rankena ir tvirtinimo vietos papildomam peties dir\u017eui. I\u0161 augintinio perspektyvos viduje pakanka vietos, specialios ventiliacijos angos ir grotel\u0117s u\u017etikrina oro cirkuliacij\u0105. Narv\u0105 patogu atidaryti ir u\u017edaryti \u2013 priekin\u0117s grotel\u0117s visi\u0161kai nusiima ir lengvai prisitvirtina atgal. Jei reikia, galima nuimti ir vis\u0105 vir\u0161utin\u0119 dal\u012f, tvirtinam\u0105 paprastais spaustukais. Produktas pagamintas i\u0161 patvarios ir augintiniams saugios med\u017eiagos. Galimi du dizainai, kiekvienas keturi\u0173 spalv\u0173 ir dviej\u0173 dyd\u017ei\u0173: S ir M. &lt;strong&gt;Savyb\u0117s:&lt;\/strong&gt; &lt;ul&gt; &lt;li&gt;Med\u017eiaga: plastikas&lt;\/li&gt; &lt;li&gt;Ilgis: 50 cm&lt;\/li&gt; &lt;li&gt;Plotis: 33 cm&lt;\/li&gt; &lt;li&gt;Auk\u0161tis: 33 cm&lt;\/li&gt; &lt;li&gt;Svoris: 1,2 kg&lt;\/li&gt; &lt;li&gt;Pakuot\u0117s dydis: 51 x 35 x 20 cm&lt;\/li&gt; &lt;\/ul&gt; I\u0161 karto sand\u0117lyje!","og_url":"https:\/\/miumjau.ee\/lt\/produktas\/pernesimo-narvas-abba-s-rozinis\/","og_site_name":"MiuMjau","article_publisher":"https:\/\/www.facebook.com\/miumjaupood\/","article_modified_time":"2026-01-07T18:51:31+00:00","og_image":[{"width":600,"height":800,"url":"https:\/\/miumjau.ee\/wp-content\/uploads\/2024\/07\/kandepuur-abba-s-roosa-1-1.jpg","type":"image\/jpeg"}],"twitter_card":"summary_large_image","schema":{"@context":"https:\/\/schema.org","@graph":[{"@type":"WebPage","@id":"https:\/\/miumjau.ee\/lt\/produktas\/pernesimo-narvas-abba-s-rozinis\/","url":"https:\/\/miumjau.ee\/lt\/produktas\/pernesimo-narvas-abba-s-rozinis\/","name":"Perne\u0161imo narvas Abba S ro\u017einis - MiuMjau","isPartOf":{"@id":"https:\/\/miumjau.ee\/#website"},"primaryImageOfPage":{"@id":"https:\/\/miumjau.ee\/lt\/produktas\/pernesimo-narvas-abba-s-rozinis\/#primaryimage"},"image":{"@id":"https:\/\/miumjau.ee\/lt\/produktas\/pernesimo-narvas-abba-s-rozinis\/#primaryimage"},"thumbnailUrl":"https:\/\/miumjau.ee\/wp-content\/uploads\/2024\/07\/kandepuur-abba-s-roosa-1-1.jpg","datePublished":"2024-07-07T09:00:18+00:00","dateModified":"2026-01-07T18:51:31+00:00","breadcrumb":{"@id":"https:\/\/miumjau.ee\/lt\/produktas\/pernesimo-narvas-abba-s-rozinis\/#breadcrumb"},"inLanguage":"lt-LT","potentialAction":[{"@type":"ReadAction","target":["https:\/\/miumjau.ee\/lt\/produktas\/pernesimo-narvas-abba-s-rozinis\/"]}]},{"@type":"ImageObject","inLanguage":"lt-LT","@id":"https:\/\/miumjau.ee\/lt\/produktas\/pernesimo-narvas-abba-s-rozinis\/#primaryimage","url":"https:\/\/miumjau.ee\/wp-content\/uploads\/2024\/07\/kandepuur-abba-s-roosa-1-1.jpg","contentUrl":"https:\/\/miumjau.ee\/wp-content\/uploads\/2024\/07\/kandepuur-abba-s-roosa-1-1.jpg","width":600,"height":800,"caption":"Kandepuur Abba S roosa"},{"@type":"BreadcrumbList","@id":"https:\/\/miumjau.ee\/lt\/produktas\/pernesimo-narvas-abba-s-rozinis\/#breadcrumb","itemListElement":[{"@type":"ListItem","position":1,"name":"Home","item":"https:\/\/miumjau.ee\/lt\/"},{"@type":"ListItem","position":2,"name":"Parduotuv\u0117","item":"https:\/\/miumjau.ee\/lt\/parduotuve\/"},{"@type":"ListItem","position":3,"name":"Perne\u0161imo narvas Abba S ro\u017einis"}]},{"@type":"WebSite","@id":"https:\/\/miumjau.ee\/#website","url":"https:\/\/miumjau.ee\/","name":"MiuMjau","description":"Kraapimispuud kassidele","publisher":{"@id":"https:\/\/miumjau.ee\/#organization"},"potentialAction":[{"@type":"SearchAction","target":{"@type":"EntryPoint","urlTemplate":"https:\/\/miumjau.ee\/?s={search_term_string}"},"query-input":{"@type":"PropertyValueSpecification","valueRequired":true,"valueName":"search_term_string"}}],"inLanguage":"lt-LT"},{"@type":"Organization","@id":"https:\/\/miumjau.ee\/#organization","name":"MiuMjau O\u00dc","url":"https:\/\/miumjau.ee\/","logo":{"@type":"ImageObject","inLanguage":"lt-LT","@id":"https:\/\/miumjau.ee\/#\/schema\/logo\/image\/","url":"https:\/\/miumjau.ee\/wp-content\/uploads\/2022\/04\/MiuMjau-logo-kollane.png","contentUrl":"https:\/\/miumjau.ee\/wp-content\/uploads\/2022\/04\/MiuMjau-logo-kollane.png","width":219,"height":100,"caption":"MiuMjau O\u00dc"},"image":{"@id":"https:\/\/miumjau.ee\/#\/schema\/logo\/image\/"},"sameAs":["https:\/\/www.facebook.com\/miumjaupood\/"]}]}},"_links":{"self":[{"href":"https:\/\/miumjau.ee\/lt\/wp-json\/wp\/v2\/product\/42837","targetHints":{"allow":["GET"]}}],"collection":[{"href":"https:\/\/miumjau.ee\/lt\/wp-json\/wp\/v2\/product"}],"about":[{"href":"https:\/\/miumjau.ee\/lt\/wp-json\/wp\/v2\/types\/product"}],"wp:featuredmedia":[{"embeddable":true,"href":"https:\/\/miumjau.ee\/lt\/wp-json\/wp\/v2\/media\/43432"}],"wp:attachment":[{"href":"https:\/\/miumjau.ee\/lt\/wp-json\/wp\/v2\/media?parent=42837"}],"wp:term":[{"taxonomy":"product_brand","embeddable":true,"href":"https:\/\/miumjau.ee\/lt\/wp-json\/wp\/v2\/product_brand?post=42837"},{"taxonomy":"product_cat","embeddable":true,"href":"https:\/\/miumjau.ee\/lt\/wp-json\/wp\/v2\/product_cat?post=42837"},{"taxonomy":"product_tag","embeddable":true,"href":"https:\/\/miumjau.ee\/lt\/wp-json\/wp\/v2\/product_tag?post=42837"}],"curies":[{"name":"wp","href":"https:\/\/api.w.org\/{rel}","templated":true}]}}