{"id":42830,"date":"2024-07-04T13:34:42","date_gmt":"2024-07-04T10:34:42","guid":{"rendered":"https:\/\/miumjau.ee\/toode\/dovanu-kuponas-miumjau-50-eur\/"},"modified":"2026-01-07T20:51:38","modified_gmt":"2026-01-07T18:51:38","slug":"dovanu-kuponas-miumjau-50-eur","status":"publish","type":"product","link":"https:\/\/miumjau.ee\/lt\/produktas\/dovanu-kuponas-miumjau-50-eur\/","title":{"rendered":"Dovan\u0173 kuponas MiuMjau 50 EUR"},"content":{"rendered":"","protected":false},"excerpt":{"rendered":"<p>Dovan\u0173 kuponai \u2013 vienos smagiausi\u0173 dovan\u0173, kai dovanojantis n\u0117ra tikras, ko labiausiai reikia. Gav\u0117jas pats i\u0161sirinks, kas jo katei \u0161iuo metu tinkamiausia. Kupon\u0173 vert\u0117s: 25, 50 ir 100 eur\u0173.<\/p>\n<p>&lt;strong&gt;Norite kupono el. pa\u0161tu?&lt;\/strong&gt;<br \/>\nPasirinkite krep\u0161elyje \u201eAtsiimsiu pats\u201c \u2013 atsi\u0173sime kupon\u0105 su slaptu kodu el. pa\u0161tu.<\/p>\n<p>&lt;strong&gt;Norite kupono vokelyje ir u\u017eantspauduot\u0105?&lt;\/strong&gt;<br \/>\nPasirinkite jums tinkam\u0105 pristatymo b\u016bd\u0105 arba atsiimkite kupon\u0105 vietoje.<\/p>\n<p>Voko dydis 15,3 \u00d7 15,3 cm<br \/>\nKupono dydis 14 \u00d7 14 cm<br \/>\n&lt;ul&gt;<br \/>\n&lt;li&gt;Slaptas kodas galioja 6 m\u0117nesius nuo \u012fsigijimo&lt;\/li&gt;<br \/>\n&lt;li&gt;Suma, vir\u0161ijanti kupono vert\u0119, apmokama papildomai; likutis negr\u0105\u017einamas&lt;\/li&gt;<br \/>\n&lt;li&gt;Kupon\u0105 galima panaudoti 1 kart\u0105, \u012fvedus kupono kod\u0105&lt;\/li&gt;<br \/>\n&lt;\/ul&gt;<br \/>\nKai \u012fmanoma, leiskime gav\u0117jui pa\u010diam nuspr\u0119sti, kokia dovana jam mieliausia!<\/p>\n","protected":false},"featured_media":43416,"template":"","meta":[],"product_brand":[],"product_cat":[523],"product_tag":[],"class_list":{"0":"post-42830","1":"product","2":"type-product","3":"status-publish","4":"has-post-thumbnail","6":"product_cat-kita","8":"first","9":"instock","10":"taxable","11":"shipping-taxable","12":"purchasable","13":"product-type-simple"},"yoast_head":"<!-- This site is optimized with the Yoast SEO plugin v27.2 - https:\/\/yoast.com\/product\/yoast-seo-wordpress\/ -->\n<title>Dovan\u0173 kuponas MiuMjau 50 EUR - MiuMjau<\/title>\n<meta name=\"robots\" content=\"index, follow, max-snippet:-1, max-image-preview:large, max-video-preview:-1\" \/>\n<link rel=\"canonical\" href=\"https:\/\/miumjau.ee\/lt\/produktas\/dovanu-kuponas-miumjau-50-eur\/\" \/>\n<meta property=\"og:locale\" content=\"lt_LT\" \/>\n<meta property=\"og:type\" content=\"article\" \/>\n<meta property=\"og:title\" content=\"Dovan\u0173 kuponas MiuMjau 50 EUR - MiuMjau\" \/>\n<meta property=\"og:description\" content=\"Dovan\u0173 kuponai \u2013 vienos smagiausi\u0173 dovan\u0173, kai dovanojantis n\u0117ra tikras, ko labiausiai reikia. Gav\u0117jas pats i\u0161sirinks, kas jo katei \u0161iuo metu tinkamiausia. Kupon\u0173 vert\u0117s: 25, 50 ir 100 eur\u0173. &lt;strong&gt;Norite kupono el. pa\u0161tu?&lt;\/strong&gt; Pasirinkite krep\u0161elyje \u201eAtsiimsiu pats\u201c \u2013 atsi\u0173sime kupon\u0105 su slaptu kodu el. pa\u0161tu. &lt;strong&gt;Norite kupono vokelyje ir u\u017eantspauduot\u0105?&lt;\/strong&gt; Pasirinkite jums tinkam\u0105 pristatymo b\u016bd\u0105 arba atsiimkite kupon\u0105 vietoje. Voko dydis 15,3 \u00d7 15,3 cm Kupono dydis 14 \u00d7 14 cm &lt;ul&gt; &lt;li&gt;Slaptas kodas galioja 6 m\u0117nesius nuo \u012fsigijimo&lt;\/li&gt; &lt;li&gt;Suma, vir\u0161ijanti kupono vert\u0119, apmokama papildomai; likutis negr\u0105\u017einamas&lt;\/li&gt; &lt;li&gt;Kupon\u0105 galima panaudoti 1 kart\u0105, \u012fvedus kupono kod\u0105&lt;\/li&gt; &lt;\/ul&gt; Kai \u012fmanoma, leiskime gav\u0117jui pa\u010diam nuspr\u0119sti, kokia dovana jam mieliausia!\" \/>\n<meta property=\"og:url\" content=\"https:\/\/miumjau.ee\/lt\/produktas\/dovanu-kuponas-miumjau-50-eur\/\" \/>\n<meta property=\"og:site_name\" content=\"MiuMjau\" \/>\n<meta property=\"article:publisher\" content=\"https:\/\/www.facebook.com\/miumjaupood\/\" \/>\n<meta property=\"article:modified_time\" content=\"2026-01-07T18:51:38+00:00\" \/>\n<meta property=\"og:image\" content=\"https:\/\/miumjau.ee\/wp-content\/uploads\/2024\/07\/kinkekaart-epoe-foto1.jpg\" \/>\n\t<meta property=\"og:image:width\" content=\"600\" \/>\n\t<meta property=\"og:image:height\" content=\"800\" \/>\n\t<meta property=\"og:image:type\" content=\"image\/jpeg\" \/>\n<meta name=\"twitter:card\" content=\"summary_large_image\" \/>\n<script type=\"application\/ld+json\" class=\"yoast-schema-graph\">{\"@context\":\"https:\/\/schema.org\",\"@graph\":[{\"@type\":\"WebPage\",\"@id\":\"https:\/\/miumjau.ee\/lt\/produktas\/dovanu-kuponas-miumjau-50-eur\/\",\"url\":\"https:\/\/miumjau.ee\/lt\/produktas\/dovanu-kuponas-miumjau-50-eur\/\",\"name\":\"Dovan\u0173 kuponas MiuMjau 50 EUR - MiuMjau\",\"isPartOf\":{\"@id\":\"https:\/\/miumjau.ee\/#website\"},\"primaryImageOfPage\":{\"@id\":\"https:\/\/miumjau.ee\/lt\/produktas\/dovanu-kuponas-miumjau-50-eur\/#primaryimage\"},\"image\":{\"@id\":\"https:\/\/miumjau.ee\/lt\/produktas\/dovanu-kuponas-miumjau-50-eur\/#primaryimage\"},\"thumbnailUrl\":\"https:\/\/miumjau.ee\/wp-content\/uploads\/2024\/07\/kinkekaart-epoe-foto1.jpg\",\"datePublished\":\"2024-07-04T10:34:42+00:00\",\"dateModified\":\"2026-01-07T18:51:38+00:00\",\"breadcrumb\":{\"@id\":\"https:\/\/miumjau.ee\/lt\/produktas\/dovanu-kuponas-miumjau-50-eur\/#breadcrumb\"},\"inLanguage\":\"lt-LT\",\"potentialAction\":[{\"@type\":\"ReadAction\",\"target\":[\"https:\/\/miumjau.ee\/lt\/produktas\/dovanu-kuponas-miumjau-50-eur\/\"]}]},{\"@type\":\"ImageObject\",\"inLanguage\":\"lt-LT\",\"@id\":\"https:\/\/miumjau.ee\/lt\/produktas\/dovanu-kuponas-miumjau-50-eur\/#primaryimage\",\"url\":\"https:\/\/miumjau.ee\/wp-content\/uploads\/2024\/07\/kinkekaart-epoe-foto1.jpg\",\"contentUrl\":\"https:\/\/miumjau.ee\/wp-content\/uploads\/2024\/07\/kinkekaart-epoe-foto1.jpg\",\"width\":600,\"height\":800,\"caption\":\"Kinkekaart\"},{\"@type\":\"BreadcrumbList\",\"@id\":\"https:\/\/miumjau.ee\/lt\/produktas\/dovanu-kuponas-miumjau-50-eur\/#breadcrumb\",\"itemListElement\":[{\"@type\":\"ListItem\",\"position\":1,\"name\":\"Home\",\"item\":\"https:\/\/miumjau.ee\/lt\/\"},{\"@type\":\"ListItem\",\"position\":2,\"name\":\"Parduotuv\u0117\",\"item\":\"https:\/\/miumjau.ee\/lt\/parduotuve\/\"},{\"@type\":\"ListItem\",\"position\":3,\"name\":\"Dovan\u0173 kuponas MiuMjau 50 EUR\"}]},{\"@type\":\"WebSite\",\"@id\":\"https:\/\/miumjau.ee\/#website\",\"url\":\"https:\/\/miumjau.ee\/\",\"name\":\"MiuMjau\",\"description\":\"Kraapimispuud kassidele\",\"publisher\":{\"@id\":\"https:\/\/miumjau.ee\/#organization\"},\"potentialAction\":[{\"@type\":\"SearchAction\",\"target\":{\"@type\":\"EntryPoint\",\"urlTemplate\":\"https:\/\/miumjau.ee\/?s={search_term_string}\"},\"query-input\":{\"@type\":\"PropertyValueSpecification\",\"valueRequired\":true,\"valueName\":\"search_term_string\"}}],\"inLanguage\":\"lt-LT\"},{\"@type\":\"Organization\",\"@id\":\"https:\/\/miumjau.ee\/#organization\",\"name\":\"MiuMjau O\u00dc\",\"url\":\"https:\/\/miumjau.ee\/\",\"logo\":{\"@type\":\"ImageObject\",\"inLanguage\":\"lt-LT\",\"@id\":\"https:\/\/miumjau.ee\/#\/schema\/logo\/image\/\",\"url\":\"https:\/\/miumjau.ee\/wp-content\/uploads\/2022\/04\/MiuMjau-logo-kollane.png\",\"contentUrl\":\"https:\/\/miumjau.ee\/wp-content\/uploads\/2022\/04\/MiuMjau-logo-kollane.png\",\"width\":219,\"height\":100,\"caption\":\"MiuMjau O\u00dc\"},\"image\":{\"@id\":\"https:\/\/miumjau.ee\/#\/schema\/logo\/image\/\"},\"sameAs\":[\"https:\/\/www.facebook.com\/miumjaupood\/\"]}]}<\/script>\n<!-- \/ Yoast SEO plugin. -->","yoast_head_json":{"title":"Dovan\u0173 kuponas MiuMjau 50 EUR - MiuMjau","robots":{"index":"index","follow":"follow","max-snippet":"max-snippet:-1","max-image-preview":"max-image-preview:large","max-video-preview":"max-video-preview:-1"},"canonical":"https:\/\/miumjau.ee\/lt\/produktas\/dovanu-kuponas-miumjau-50-eur\/","og_locale":"lt_LT","og_type":"article","og_title":"Dovan\u0173 kuponas MiuMjau 50 EUR - MiuMjau","og_description":"Dovan\u0173 kuponai \u2013 vienos smagiausi\u0173 dovan\u0173, kai dovanojantis n\u0117ra tikras, ko labiausiai reikia. Gav\u0117jas pats i\u0161sirinks, kas jo katei \u0161iuo metu tinkamiausia. Kupon\u0173 vert\u0117s: 25, 50 ir 100 eur\u0173. &lt;strong&gt;Norite kupono el. pa\u0161tu?&lt;\/strong&gt; Pasirinkite krep\u0161elyje \u201eAtsiimsiu pats\u201c \u2013 atsi\u0173sime kupon\u0105 su slaptu kodu el. pa\u0161tu. &lt;strong&gt;Norite kupono vokelyje ir u\u017eantspauduot\u0105?&lt;\/strong&gt; Pasirinkite jums tinkam\u0105 pristatymo b\u016bd\u0105 arba atsiimkite kupon\u0105 vietoje. Voko dydis 15,3 \u00d7 15,3 cm Kupono dydis 14 \u00d7 14 cm &lt;ul&gt; &lt;li&gt;Slaptas kodas galioja 6 m\u0117nesius nuo \u012fsigijimo&lt;\/li&gt; &lt;li&gt;Suma, vir\u0161ijanti kupono vert\u0119, apmokama papildomai; likutis negr\u0105\u017einamas&lt;\/li&gt; &lt;li&gt;Kupon\u0105 galima panaudoti 1 kart\u0105, \u012fvedus kupono kod\u0105&lt;\/li&gt; &lt;\/ul&gt; Kai \u012fmanoma, leiskime gav\u0117jui pa\u010diam nuspr\u0119sti, kokia dovana jam mieliausia!","og_url":"https:\/\/miumjau.ee\/lt\/produktas\/dovanu-kuponas-miumjau-50-eur\/","og_site_name":"MiuMjau","article_publisher":"https:\/\/www.facebook.com\/miumjaupood\/","article_modified_time":"2026-01-07T18:51:38+00:00","og_image":[{"width":600,"height":800,"url":"https:\/\/miumjau.ee\/wp-content\/uploads\/2024\/07\/kinkekaart-epoe-foto1.jpg","type":"image\/jpeg"}],"twitter_card":"summary_large_image","schema":{"@context":"https:\/\/schema.org","@graph":[{"@type":"WebPage","@id":"https:\/\/miumjau.ee\/lt\/produktas\/dovanu-kuponas-miumjau-50-eur\/","url":"https:\/\/miumjau.ee\/lt\/produktas\/dovanu-kuponas-miumjau-50-eur\/","name":"Dovan\u0173 kuponas MiuMjau 50 EUR - MiuMjau","isPartOf":{"@id":"https:\/\/miumjau.ee\/#website"},"primaryImageOfPage":{"@id":"https:\/\/miumjau.ee\/lt\/produktas\/dovanu-kuponas-miumjau-50-eur\/#primaryimage"},"image":{"@id":"https:\/\/miumjau.ee\/lt\/produktas\/dovanu-kuponas-miumjau-50-eur\/#primaryimage"},"thumbnailUrl":"https:\/\/miumjau.ee\/wp-content\/uploads\/2024\/07\/kinkekaart-epoe-foto1.jpg","datePublished":"2024-07-04T10:34:42+00:00","dateModified":"2026-01-07T18:51:38+00:00","breadcrumb":{"@id":"https:\/\/miumjau.ee\/lt\/produktas\/dovanu-kuponas-miumjau-50-eur\/#breadcrumb"},"inLanguage":"lt-LT","potentialAction":[{"@type":"ReadAction","target":["https:\/\/miumjau.ee\/lt\/produktas\/dovanu-kuponas-miumjau-50-eur\/"]}]},{"@type":"ImageObject","inLanguage":"lt-LT","@id":"https:\/\/miumjau.ee\/lt\/produktas\/dovanu-kuponas-miumjau-50-eur\/#primaryimage","url":"https:\/\/miumjau.ee\/wp-content\/uploads\/2024\/07\/kinkekaart-epoe-foto1.jpg","contentUrl":"https:\/\/miumjau.ee\/wp-content\/uploads\/2024\/07\/kinkekaart-epoe-foto1.jpg","width":600,"height":800,"caption":"Kinkekaart"},{"@type":"BreadcrumbList","@id":"https:\/\/miumjau.ee\/lt\/produktas\/dovanu-kuponas-miumjau-50-eur\/#breadcrumb","itemListElement":[{"@type":"ListItem","position":1,"name":"Home","item":"https:\/\/miumjau.ee\/lt\/"},{"@type":"ListItem","position":2,"name":"Parduotuv\u0117","item":"https:\/\/miumjau.ee\/lt\/parduotuve\/"},{"@type":"ListItem","position":3,"name":"Dovan\u0173 kuponas MiuMjau 50 EUR"}]},{"@type":"WebSite","@id":"https:\/\/miumjau.ee\/#website","url":"https:\/\/miumjau.ee\/","name":"MiuMjau","description":"Kraapimispuud kassidele","publisher":{"@id":"https:\/\/miumjau.ee\/#organization"},"potentialAction":[{"@type":"SearchAction","target":{"@type":"EntryPoint","urlTemplate":"https:\/\/miumjau.ee\/?s={search_term_string}"},"query-input":{"@type":"PropertyValueSpecification","valueRequired":true,"valueName":"search_term_string"}}],"inLanguage":"lt-LT"},{"@type":"Organization","@id":"https:\/\/miumjau.ee\/#organization","name":"MiuMjau O\u00dc","url":"https:\/\/miumjau.ee\/","logo":{"@type":"ImageObject","inLanguage":"lt-LT","@id":"https:\/\/miumjau.ee\/#\/schema\/logo\/image\/","url":"https:\/\/miumjau.ee\/wp-content\/uploads\/2022\/04\/MiuMjau-logo-kollane.png","contentUrl":"https:\/\/miumjau.ee\/wp-content\/uploads\/2022\/04\/MiuMjau-logo-kollane.png","width":219,"height":100,"caption":"MiuMjau O\u00dc"},"image":{"@id":"https:\/\/miumjau.ee\/#\/schema\/logo\/image\/"},"sameAs":["https:\/\/www.facebook.com\/miumjaupood\/"]}]}},"_links":{"self":[{"href":"https:\/\/miumjau.ee\/lt\/wp-json\/wp\/v2\/product\/42830","targetHints":{"allow":["GET"]}}],"collection":[{"href":"https:\/\/miumjau.ee\/lt\/wp-json\/wp\/v2\/product"}],"about":[{"href":"https:\/\/miumjau.ee\/lt\/wp-json\/wp\/v2\/types\/product"}],"wp:featuredmedia":[{"embeddable":true,"href":"https:\/\/miumjau.ee\/lt\/wp-json\/wp\/v2\/media\/43416"}],"wp:attachment":[{"href":"https:\/\/miumjau.ee\/lt\/wp-json\/wp\/v2\/media?parent=42830"}],"wp:term":[{"taxonomy":"product_brand","embeddable":true,"href":"https:\/\/miumjau.ee\/lt\/wp-json\/wp\/v2\/product_brand?post=42830"},{"taxonomy":"product_cat","embeddable":true,"href":"https:\/\/miumjau.ee\/lt\/wp-json\/wp\/v2\/product_cat?post=42830"},{"taxonomy":"product_tag","embeddable":true,"href":"https:\/\/miumjau.ee\/lt\/wp-json\/wp\/v2\/product_tag?post=42830"}],"curies":[{"name":"wp","href":"https:\/\/api.w.org\/{rel}","templated":true}]}}