{"id":42821,"date":"2024-04-11T16:54:22","date_gmt":"2024-04-11T13:54:22","guid":{"rendered":"https:\/\/miumjau.ee\/toode\/plauku-valiklis-baldams-petrebels-lucky-7\/"},"modified":"2026-01-07T20:51:38","modified_gmt":"2026-01-07T18:51:38","slug":"plauku-valiklis-baldams-petrebels-lucky-7","status":"publish","type":"product","link":"https:\/\/miumjau.ee\/lt\/produktas\/plauku-valiklis-baldams-petrebels-lucky-7\/","title":{"rendered":"Plauk\u0173 valiklis baldams Petrebels Lucky 7"},"content":{"rendered":"","protected":false},"excerpt":{"rendered":"<p>Plauk\u0173 valiklis i\u0161 PETREBELS sukurtas galvojant apie j\u016bs\u0173 augintinius. Ne paslaptis, kad net ir gerai pri\u017ei\u016brimos kat\u0117s \u0161eriasi. Da\u017eniausiai nuken\u010dia draskymo med\u017ei\u0173 mink\u0161tos dalys ir mink\u0161ti baldai. Lucky No.7 \u2013 unikalus ir patogus sprendimas. Tinka tiek trumpam, tiek ilgam kailiui.<\/p>\n<p>Matmenys: 17 \u00d7 11 \u00d7 1 cm<br \/>\nSvoris: 0,25 kg<\/p>\n<p>\u0160ereliai lengvai pa\u0161alina visus plaukus nuo draskymo stulp\u0173, gulin\u0117jimo krep\u0161io, laipt\u0173, sofos, lovos ir pan. \u0160\u012f kompakti\u0161k\u0105 \u201e7\u201c formos \u012frank\u012f galima naudoti abiem pus\u0117mis. Trumpa violetin\u0117 pus\u0117 tinka jautresniems audiniams, pvz., odiniam apmu\u0161alui, o balta gumin\u0117 pus\u0117 \u2013 pliu\u0161ui (draskymo med\u017eiams) ir kitiems audiniams su auk\u0161tesniu plauku. Patogumui valant balt\u0105 pavir\u0161i\u0173 galima nuimti.<\/p>\n<p>ABS plastiko rankena daro \u0161\u012f plauk\u0173 valikl\u012f labai tvirt\u0105, o lyg\u016bs kra\u0161tai \u2013 visi\u0161kai saug\u0173 naudoti. \u0160is \u0161epetys tinka ilgo ir trumpo kailio kat\u0117ms, lengvai pa\u0161alina erzinan\u010dius palaidus plaukus. Gyvenimas k\u0105 tik tapo paprastesnis!<\/p>\n<p>\u017dI\u016aR\u0116KITE \u010cIA IR VAIZDO \u012eRA\u0160\u0104<\/p>\n<p>I\u0161 karto sand\u0117lyje!<\/p>\n","protected":false},"featured_media":43404,"template":"","meta":[],"product_brand":[],"product_cat":[523],"product_tag":[],"class_list":{"0":"post-42821","1":"product","2":"type-product","3":"status-publish","4":"has-post-thumbnail","6":"product_cat-kita","8":"first","9":"instock","10":"sale","11":"taxable","12":"shipping-taxable","13":"purchasable","14":"product-type-simple"},"yoast_head":"<!-- This site is optimized with the Yoast SEO plugin v27.2 - https:\/\/yoast.com\/product\/yoast-seo-wordpress\/ -->\n<title>Plauk\u0173 valiklis baldams Petrebels Lucky 7 - MiuMjau<\/title>\n<meta name=\"robots\" content=\"index, follow, max-snippet:-1, max-image-preview:large, max-video-preview:-1\" \/>\n<link rel=\"canonical\" href=\"https:\/\/miumjau.ee\/lt\/produktas\/plauku-valiklis-baldams-petrebels-lucky-7\/\" \/>\n<meta property=\"og:locale\" content=\"lt_LT\" \/>\n<meta property=\"og:type\" content=\"article\" \/>\n<meta property=\"og:title\" content=\"Plauk\u0173 valiklis baldams Petrebels Lucky 7 - MiuMjau\" \/>\n<meta property=\"og:description\" content=\"Plauk\u0173 valiklis i\u0161 PETREBELS sukurtas galvojant apie j\u016bs\u0173 augintinius. Ne paslaptis, kad net ir gerai pri\u017ei\u016brimos kat\u0117s \u0161eriasi. Da\u017eniausiai nuken\u010dia draskymo med\u017ei\u0173 mink\u0161tos dalys ir mink\u0161ti baldai. Lucky No.7 \u2013 unikalus ir patogus sprendimas. Tinka tiek trumpam, tiek ilgam kailiui. Matmenys: 17 \u00d7 11 \u00d7 1 cm Svoris: 0,25 kg \u0160ereliai lengvai pa\u0161alina visus plaukus nuo draskymo stulp\u0173, gulin\u0117jimo krep\u0161io, laipt\u0173, sofos, lovos ir pan. \u0160\u012f kompakti\u0161k\u0105 \u201e7\u201c formos \u012frank\u012f galima naudoti abiem pus\u0117mis. Trumpa violetin\u0117 pus\u0117 tinka jautresniems audiniams, pvz., odiniam apmu\u0161alui, o balta gumin\u0117 pus\u0117 \u2013 pliu\u0161ui (draskymo med\u017eiams) ir kitiems audiniams su auk\u0161tesniu plauku. Patogumui valant balt\u0105 pavir\u0161i\u0173 galima nuimti. ABS plastiko rankena daro \u0161\u012f plauk\u0173 valikl\u012f labai tvirt\u0105, o lyg\u016bs kra\u0161tai \u2013 visi\u0161kai saug\u0173 naudoti. \u0160is \u0161epetys tinka ilgo ir trumpo kailio kat\u0117ms, lengvai pa\u0161alina erzinan\u010dius palaidus plaukus. Gyvenimas k\u0105 tik tapo paprastesnis! \u017dI\u016aR\u0116KITE \u010cIA IR VAIZDO \u012eRA\u0160\u0104 I\u0161 karto sand\u0117lyje!\" \/>\n<meta property=\"og:url\" content=\"https:\/\/miumjau.ee\/lt\/produktas\/plauku-valiklis-baldams-petrebels-lucky-7\/\" \/>\n<meta property=\"og:site_name\" content=\"MiuMjau\" \/>\n<meta property=\"article:publisher\" content=\"https:\/\/www.facebook.com\/miumjaupood\/\" \/>\n<meta property=\"article:modified_time\" content=\"2026-01-07T18:51:38+00:00\" \/>\n<meta property=\"og:image\" content=\"https:\/\/miumjau.ee\/wp-content\/uploads\/2024\/04\/karvade-eemaldaja-lucky8.jpg\" \/>\n\t<meta property=\"og:image:width\" content=\"900\" \/>\n\t<meta property=\"og:image:height\" content=\"1200\" \/>\n\t<meta property=\"og:image:type\" content=\"image\/jpeg\" \/>\n<meta name=\"twitter:card\" content=\"summary_large_image\" \/>\n<script type=\"application\/ld+json\" class=\"yoast-schema-graph\">{\"@context\":\"https:\/\/schema.org\",\"@graph\":[{\"@type\":\"WebPage\",\"@id\":\"https:\/\/miumjau.ee\/lt\/produktas\/plauku-valiklis-baldams-petrebels-lucky-7\/\",\"url\":\"https:\/\/miumjau.ee\/lt\/produktas\/plauku-valiklis-baldams-petrebels-lucky-7\/\",\"name\":\"Plauk\u0173 valiklis baldams Petrebels Lucky 7 - MiuMjau\",\"isPartOf\":{\"@id\":\"https:\/\/miumjau.ee\/#website\"},\"primaryImageOfPage\":{\"@id\":\"https:\/\/miumjau.ee\/lt\/produktas\/plauku-valiklis-baldams-petrebels-lucky-7\/#primaryimage\"},\"image\":{\"@id\":\"https:\/\/miumjau.ee\/lt\/produktas\/plauku-valiklis-baldams-petrebels-lucky-7\/#primaryimage\"},\"thumbnailUrl\":\"https:\/\/miumjau.ee\/wp-content\/uploads\/2024\/04\/karvade-eemaldaja-lucky8.jpg\",\"datePublished\":\"2024-04-11T13:54:22+00:00\",\"dateModified\":\"2026-01-07T18:51:38+00:00\",\"breadcrumb\":{\"@id\":\"https:\/\/miumjau.ee\/lt\/produktas\/plauku-valiklis-baldams-petrebels-lucky-7\/#breadcrumb\"},\"inLanguage\":\"lt-LT\",\"potentialAction\":[{\"@type\":\"ReadAction\",\"target\":[\"https:\/\/miumjau.ee\/lt\/produktas\/plauku-valiklis-baldams-petrebels-lucky-7\/\"]}]},{\"@type\":\"ImageObject\",\"inLanguage\":\"lt-LT\",\"@id\":\"https:\/\/miumjau.ee\/lt\/produktas\/plauku-valiklis-baldams-petrebels-lucky-7\/#primaryimage\",\"url\":\"https:\/\/miumjau.ee\/wp-content\/uploads\/2024\/04\/karvade-eemaldaja-lucky8.jpg\",\"contentUrl\":\"https:\/\/miumjau.ee\/wp-content\/uploads\/2024\/04\/karvade-eemaldaja-lucky8.jpg\",\"width\":900,\"height\":1200,\"caption\":\"Karvade eemaldaja m\u00f6\u00f6blilt Lucky\"},{\"@type\":\"BreadcrumbList\",\"@id\":\"https:\/\/miumjau.ee\/lt\/produktas\/plauku-valiklis-baldams-petrebels-lucky-7\/#breadcrumb\",\"itemListElement\":[{\"@type\":\"ListItem\",\"position\":1,\"name\":\"Home\",\"item\":\"https:\/\/miumjau.ee\/lt\/\"},{\"@type\":\"ListItem\",\"position\":2,\"name\":\"Parduotuv\u0117\",\"item\":\"https:\/\/miumjau.ee\/lt\/parduotuve\/\"},{\"@type\":\"ListItem\",\"position\":3,\"name\":\"Plauk\u0173 valiklis baldams Petrebels Lucky 7\"}]},{\"@type\":\"WebSite\",\"@id\":\"https:\/\/miumjau.ee\/#website\",\"url\":\"https:\/\/miumjau.ee\/\",\"name\":\"MiuMjau\",\"description\":\"Kraapimispuud kassidele\",\"publisher\":{\"@id\":\"https:\/\/miumjau.ee\/#organization\"},\"potentialAction\":[{\"@type\":\"SearchAction\",\"target\":{\"@type\":\"EntryPoint\",\"urlTemplate\":\"https:\/\/miumjau.ee\/?s={search_term_string}\"},\"query-input\":{\"@type\":\"PropertyValueSpecification\",\"valueRequired\":true,\"valueName\":\"search_term_string\"}}],\"inLanguage\":\"lt-LT\"},{\"@type\":\"Organization\",\"@id\":\"https:\/\/miumjau.ee\/#organization\",\"name\":\"MiuMjau O\u00dc\",\"url\":\"https:\/\/miumjau.ee\/\",\"logo\":{\"@type\":\"ImageObject\",\"inLanguage\":\"lt-LT\",\"@id\":\"https:\/\/miumjau.ee\/#\/schema\/logo\/image\/\",\"url\":\"https:\/\/miumjau.ee\/wp-content\/uploads\/2022\/04\/MiuMjau-logo-kollane.png\",\"contentUrl\":\"https:\/\/miumjau.ee\/wp-content\/uploads\/2022\/04\/MiuMjau-logo-kollane.png\",\"width\":219,\"height\":100,\"caption\":\"MiuMjau O\u00dc\"},\"image\":{\"@id\":\"https:\/\/miumjau.ee\/#\/schema\/logo\/image\/\"},\"sameAs\":[\"https:\/\/www.facebook.com\/miumjaupood\/\"]}]}<\/script>\n<!-- \/ Yoast SEO plugin. -->","yoast_head_json":{"title":"Plauk\u0173 valiklis baldams Petrebels Lucky 7 - MiuMjau","robots":{"index":"index","follow":"follow","max-snippet":"max-snippet:-1","max-image-preview":"max-image-preview:large","max-video-preview":"max-video-preview:-1"},"canonical":"https:\/\/miumjau.ee\/lt\/produktas\/plauku-valiklis-baldams-petrebels-lucky-7\/","og_locale":"lt_LT","og_type":"article","og_title":"Plauk\u0173 valiklis baldams Petrebels Lucky 7 - MiuMjau","og_description":"Plauk\u0173 valiklis i\u0161 PETREBELS sukurtas galvojant apie j\u016bs\u0173 augintinius. Ne paslaptis, kad net ir gerai pri\u017ei\u016brimos kat\u0117s \u0161eriasi. Da\u017eniausiai nuken\u010dia draskymo med\u017ei\u0173 mink\u0161tos dalys ir mink\u0161ti baldai. Lucky No.7 \u2013 unikalus ir patogus sprendimas. Tinka tiek trumpam, tiek ilgam kailiui. Matmenys: 17 \u00d7 11 \u00d7 1 cm Svoris: 0,25 kg \u0160ereliai lengvai pa\u0161alina visus plaukus nuo draskymo stulp\u0173, gulin\u0117jimo krep\u0161io, laipt\u0173, sofos, lovos ir pan. \u0160\u012f kompakti\u0161k\u0105 \u201e7\u201c formos \u012frank\u012f galima naudoti abiem pus\u0117mis. Trumpa violetin\u0117 pus\u0117 tinka jautresniems audiniams, pvz., odiniam apmu\u0161alui, o balta gumin\u0117 pus\u0117 \u2013 pliu\u0161ui (draskymo med\u017eiams) ir kitiems audiniams su auk\u0161tesniu plauku. Patogumui valant balt\u0105 pavir\u0161i\u0173 galima nuimti. ABS plastiko rankena daro \u0161\u012f plauk\u0173 valikl\u012f labai tvirt\u0105, o lyg\u016bs kra\u0161tai \u2013 visi\u0161kai saug\u0173 naudoti. \u0160is \u0161epetys tinka ilgo ir trumpo kailio kat\u0117ms, lengvai pa\u0161alina erzinan\u010dius palaidus plaukus. Gyvenimas k\u0105 tik tapo paprastesnis! \u017dI\u016aR\u0116KITE \u010cIA IR VAIZDO \u012eRA\u0160\u0104 I\u0161 karto sand\u0117lyje!","og_url":"https:\/\/miumjau.ee\/lt\/produktas\/plauku-valiklis-baldams-petrebels-lucky-7\/","og_site_name":"MiuMjau","article_publisher":"https:\/\/www.facebook.com\/miumjaupood\/","article_modified_time":"2026-01-07T18:51:38+00:00","og_image":[{"width":900,"height":1200,"url":"https:\/\/miumjau.ee\/wp-content\/uploads\/2024\/04\/karvade-eemaldaja-lucky8.jpg","type":"image\/jpeg"}],"twitter_card":"summary_large_image","schema":{"@context":"https:\/\/schema.org","@graph":[{"@type":"WebPage","@id":"https:\/\/miumjau.ee\/lt\/produktas\/plauku-valiklis-baldams-petrebels-lucky-7\/","url":"https:\/\/miumjau.ee\/lt\/produktas\/plauku-valiklis-baldams-petrebels-lucky-7\/","name":"Plauk\u0173 valiklis baldams Petrebels Lucky 7 - MiuMjau","isPartOf":{"@id":"https:\/\/miumjau.ee\/#website"},"primaryImageOfPage":{"@id":"https:\/\/miumjau.ee\/lt\/produktas\/plauku-valiklis-baldams-petrebels-lucky-7\/#primaryimage"},"image":{"@id":"https:\/\/miumjau.ee\/lt\/produktas\/plauku-valiklis-baldams-petrebels-lucky-7\/#primaryimage"},"thumbnailUrl":"https:\/\/miumjau.ee\/wp-content\/uploads\/2024\/04\/karvade-eemaldaja-lucky8.jpg","datePublished":"2024-04-11T13:54:22+00:00","dateModified":"2026-01-07T18:51:38+00:00","breadcrumb":{"@id":"https:\/\/miumjau.ee\/lt\/produktas\/plauku-valiklis-baldams-petrebels-lucky-7\/#breadcrumb"},"inLanguage":"lt-LT","potentialAction":[{"@type":"ReadAction","target":["https:\/\/miumjau.ee\/lt\/produktas\/plauku-valiklis-baldams-petrebels-lucky-7\/"]}]},{"@type":"ImageObject","inLanguage":"lt-LT","@id":"https:\/\/miumjau.ee\/lt\/produktas\/plauku-valiklis-baldams-petrebels-lucky-7\/#primaryimage","url":"https:\/\/miumjau.ee\/wp-content\/uploads\/2024\/04\/karvade-eemaldaja-lucky8.jpg","contentUrl":"https:\/\/miumjau.ee\/wp-content\/uploads\/2024\/04\/karvade-eemaldaja-lucky8.jpg","width":900,"height":1200,"caption":"Karvade eemaldaja m\u00f6\u00f6blilt Lucky"},{"@type":"BreadcrumbList","@id":"https:\/\/miumjau.ee\/lt\/produktas\/plauku-valiklis-baldams-petrebels-lucky-7\/#breadcrumb","itemListElement":[{"@type":"ListItem","position":1,"name":"Home","item":"https:\/\/miumjau.ee\/lt\/"},{"@type":"ListItem","position":2,"name":"Parduotuv\u0117","item":"https:\/\/miumjau.ee\/lt\/parduotuve\/"},{"@type":"ListItem","position":3,"name":"Plauk\u0173 valiklis baldams Petrebels Lucky 7"}]},{"@type":"WebSite","@id":"https:\/\/miumjau.ee\/#website","url":"https:\/\/miumjau.ee\/","name":"MiuMjau","description":"Kraapimispuud kassidele","publisher":{"@id":"https:\/\/miumjau.ee\/#organization"},"potentialAction":[{"@type":"SearchAction","target":{"@type":"EntryPoint","urlTemplate":"https:\/\/miumjau.ee\/?s={search_term_string}"},"query-input":{"@type":"PropertyValueSpecification","valueRequired":true,"valueName":"search_term_string"}}],"inLanguage":"lt-LT"},{"@type":"Organization","@id":"https:\/\/miumjau.ee\/#organization","name":"MiuMjau O\u00dc","url":"https:\/\/miumjau.ee\/","logo":{"@type":"ImageObject","inLanguage":"lt-LT","@id":"https:\/\/miumjau.ee\/#\/schema\/logo\/image\/","url":"https:\/\/miumjau.ee\/wp-content\/uploads\/2022\/04\/MiuMjau-logo-kollane.png","contentUrl":"https:\/\/miumjau.ee\/wp-content\/uploads\/2022\/04\/MiuMjau-logo-kollane.png","width":219,"height":100,"caption":"MiuMjau O\u00dc"},"image":{"@id":"https:\/\/miumjau.ee\/#\/schema\/logo\/image\/"},"sameAs":["https:\/\/www.facebook.com\/miumjaupood\/"]}]}},"_links":{"self":[{"href":"https:\/\/miumjau.ee\/lt\/wp-json\/wp\/v2\/product\/42821","targetHints":{"allow":["GET"]}}],"collection":[{"href":"https:\/\/miumjau.ee\/lt\/wp-json\/wp\/v2\/product"}],"about":[{"href":"https:\/\/miumjau.ee\/lt\/wp-json\/wp\/v2\/types\/product"}],"wp:featuredmedia":[{"embeddable":true,"href":"https:\/\/miumjau.ee\/lt\/wp-json\/wp\/v2\/media\/43404"}],"wp:attachment":[{"href":"https:\/\/miumjau.ee\/lt\/wp-json\/wp\/v2\/media?parent=42821"}],"wp:term":[{"taxonomy":"product_brand","embeddable":true,"href":"https:\/\/miumjau.ee\/lt\/wp-json\/wp\/v2\/product_brand?post=42821"},{"taxonomy":"product_cat","embeddable":true,"href":"https:\/\/miumjau.ee\/lt\/wp-json\/wp\/v2\/product_cat?post=42821"},{"taxonomy":"product_tag","embeddable":true,"href":"https:\/\/miumjau.ee\/lt\/wp-json\/wp\/v2\/product_tag?post=42821"}],"curies":[{"name":"wp","href":"https:\/\/api.w.org\/{rel}","templated":true}]}}