{"id":42820,"date":"2024-04-11T16:16:47","date_gmt":"2024-04-11T13:16:47","guid":{"rendered":"https:\/\/miumjau.ee\/toode\/kates-zaislas-funky-rebels-3-vnt-cappuccino\/"},"modified":"2026-01-07T20:51:38","modified_gmt":"2026-01-07T18:51:38","slug":"kates-zaislas-funky-rebels-3-vnt-cappuccino","status":"publish","type":"product","link":"https:\/\/miumjau.ee\/lt\/produktas\/kates-zaislas-funky-rebels-3-vnt-cappuccino\/","title":{"rendered":"Kat\u0117s \u017eaislas Funky Rebels 3 vnt., cappuccino"},"content":{"rendered":"","protected":false},"excerpt":{"rendered":"<p>Kat\u0117s \u017eaislas Funky Rebels tvirtinamas virvele \u2013 gali b\u016bti naudojamas kaip pakaitinis \u017eaislas Petrebels draskymo med\u017eiams, kai senasis susid\u0117vi. Tinka ir kit\u0173 prek\u0117s \u017eenkl\u0173 draskymo med\u017eiams, jei yra tvirtinimo vieta. \u017dinome, kad pakabinami \u017eaislai draskymo med\u017eiuose \u2013 tikras hitas ir da\u017enai \u201egauna daugiausia darbo\u201c, tod\u0117l juos reikia kartais pakeisti.<\/p>\n<p>Funky Rebels rinkinyje i\u0161kart 3 \u017eaislai.<\/p>\n<p>&lt;strong&gt;ITIN MINK\u0160TAS PLUNKSNUOTAS KAMUOLIUKAS akimirksniu patrauks j\u016bs\u0173 kat\u0117s d\u0117mes\u012f!&lt;\/strong&gt;<\/p>\n<p>Auk\u0161tos kokyb\u0117s gaminys, \u012f kur\u012f malonu \u017ei\u016br\u0117ti. Kat\u0117ms \u017eaislai svarb\u016bs \u2013 \u017eaidimas palaiko aktyvum\u0105 ir ger\u0105 nuotaik\u0105. Kiekvienas ka\u010di\u0173 myl\u0117tojas \u017eino, kad jos dievina ir plunksnas, ir mink\u0161tus kamuoliukus \u2013 \u010dia abu elementai sujungti viename. Labai linksmas \u017eaislas, kur\u012f galima k\u016brybi\u0161kai pritvirtinti.<\/p>\n<p>Matmenys apie 6\u00d76 cm.<\/p>\n<p>I\u0161 karto sand\u0117lyje!<\/p>\n","protected":false},"featured_media":43400,"template":"","meta":[],"product_brand":[],"product_cat":[520],"product_tag":[],"class_list":{"0":"post-42820","1":"product","2":"type-product","3":"status-publish","4":"has-post-thumbnail","6":"product_cat-kaciu-zaislai","8":"first","9":"outofstock","10":"taxable","11":"shipping-taxable","12":"purchasable","13":"product-type-simple"},"yoast_head":"<!-- This site is optimized with the Yoast SEO plugin v27.2 - https:\/\/yoast.com\/product\/yoast-seo-wordpress\/ -->\n<title>Kat\u0117s \u017eaislas Funky Rebels 3 vnt., cappuccino - MiuMjau<\/title>\n<meta name=\"robots\" content=\"index, follow, max-snippet:-1, max-image-preview:large, max-video-preview:-1\" \/>\n<link rel=\"canonical\" href=\"https:\/\/miumjau.ee\/lt\/produktas\/kates-zaislas-funky-rebels-3-vnt-cappuccino\/\" \/>\n<meta property=\"og:locale\" content=\"lt_LT\" \/>\n<meta property=\"og:type\" content=\"article\" \/>\n<meta property=\"og:title\" content=\"Kat\u0117s \u017eaislas Funky Rebels 3 vnt., cappuccino - MiuMjau\" \/>\n<meta property=\"og:description\" content=\"Kat\u0117s \u017eaislas Funky Rebels tvirtinamas virvele \u2013 gali b\u016bti naudojamas kaip pakaitinis \u017eaislas Petrebels draskymo med\u017eiams, kai senasis susid\u0117vi. Tinka ir kit\u0173 prek\u0117s \u017eenkl\u0173 draskymo med\u017eiams, jei yra tvirtinimo vieta. \u017dinome, kad pakabinami \u017eaislai draskymo med\u017eiuose \u2013 tikras hitas ir da\u017enai \u201egauna daugiausia darbo\u201c, tod\u0117l juos reikia kartais pakeisti. Funky Rebels rinkinyje i\u0161kart 3 \u017eaislai. &lt;strong&gt;ITIN MINK\u0160TAS PLUNKSNUOTAS KAMUOLIUKAS akimirksniu patrauks j\u016bs\u0173 kat\u0117s d\u0117mes\u012f!&lt;\/strong&gt; Auk\u0161tos kokyb\u0117s gaminys, \u012f kur\u012f malonu \u017ei\u016br\u0117ti. Kat\u0117ms \u017eaislai svarb\u016bs \u2013 \u017eaidimas palaiko aktyvum\u0105 ir ger\u0105 nuotaik\u0105. Kiekvienas ka\u010di\u0173 myl\u0117tojas \u017eino, kad jos dievina ir plunksnas, ir mink\u0161tus kamuoliukus \u2013 \u010dia abu elementai sujungti viename. Labai linksmas \u017eaislas, kur\u012f galima k\u016brybi\u0161kai pritvirtinti. Matmenys apie 6\u00d76 cm. I\u0161 karto sand\u0117lyje!\" \/>\n<meta property=\"og:url\" content=\"https:\/\/miumjau.ee\/lt\/produktas\/kates-zaislas-funky-rebels-3-vnt-cappuccino\/\" \/>\n<meta property=\"og:site_name\" content=\"MiuMjau\" \/>\n<meta property=\"article:publisher\" content=\"https:\/\/www.facebook.com\/miumjaupood\/\" \/>\n<meta property=\"article:modified_time\" content=\"2026-01-07T18:51:38+00:00\" \/>\n<meta property=\"og:image\" content=\"https:\/\/miumjau.ee\/wp-content\/uploads\/2024\/04\/kassi-manguasi-funky-rebels2-1.jpg\" \/>\n\t<meta property=\"og:image:width\" content=\"900\" \/>\n\t<meta property=\"og:image:height\" content=\"1200\" \/>\n\t<meta property=\"og:image:type\" content=\"image\/jpeg\" \/>\n<meta name=\"twitter:card\" content=\"summary_large_image\" \/>\n<script type=\"application\/ld+json\" class=\"yoast-schema-graph\">{\"@context\":\"https:\/\/schema.org\",\"@graph\":[{\"@type\":\"WebPage\",\"@id\":\"https:\/\/miumjau.ee\/lt\/produktas\/kates-zaislas-funky-rebels-3-vnt-cappuccino\/\",\"url\":\"https:\/\/miumjau.ee\/lt\/produktas\/kates-zaislas-funky-rebels-3-vnt-cappuccino\/\",\"name\":\"Kat\u0117s \u017eaislas Funky Rebels 3 vnt., cappuccino - MiuMjau\",\"isPartOf\":{\"@id\":\"https:\/\/miumjau.ee\/#website\"},\"primaryImageOfPage\":{\"@id\":\"https:\/\/miumjau.ee\/lt\/produktas\/kates-zaislas-funky-rebels-3-vnt-cappuccino\/#primaryimage\"},\"image\":{\"@id\":\"https:\/\/miumjau.ee\/lt\/produktas\/kates-zaislas-funky-rebels-3-vnt-cappuccino\/#primaryimage\"},\"thumbnailUrl\":\"https:\/\/miumjau.ee\/wp-content\/uploads\/2024\/04\/kassi-manguasi-funky-rebels2-1.jpg\",\"datePublished\":\"2024-04-11T13:16:47+00:00\",\"dateModified\":\"2026-01-07T18:51:38+00:00\",\"breadcrumb\":{\"@id\":\"https:\/\/miumjau.ee\/lt\/produktas\/kates-zaislas-funky-rebels-3-vnt-cappuccino\/#breadcrumb\"},\"inLanguage\":\"lt-LT\",\"potentialAction\":[{\"@type\":\"ReadAction\",\"target\":[\"https:\/\/miumjau.ee\/lt\/produktas\/kates-zaislas-funky-rebels-3-vnt-cappuccino\/\"]}]},{\"@type\":\"ImageObject\",\"inLanguage\":\"lt-LT\",\"@id\":\"https:\/\/miumjau.ee\/lt\/produktas\/kates-zaislas-funky-rebels-3-vnt-cappuccino\/#primaryimage\",\"url\":\"https:\/\/miumjau.ee\/wp-content\/uploads\/2024\/04\/kassi-manguasi-funky-rebels2-1.jpg\",\"contentUrl\":\"https:\/\/miumjau.ee\/wp-content\/uploads\/2024\/04\/kassi-manguasi-funky-rebels2-1.jpg\",\"width\":900,\"height\":1200,\"caption\":\"Kassi m\u00e4nguasi Funky Rebels 3 TK, cappuccino\"},{\"@type\":\"BreadcrumbList\",\"@id\":\"https:\/\/miumjau.ee\/lt\/produktas\/kates-zaislas-funky-rebels-3-vnt-cappuccino\/#breadcrumb\",\"itemListElement\":[{\"@type\":\"ListItem\",\"position\":1,\"name\":\"Home\",\"item\":\"https:\/\/miumjau.ee\/lt\/\"},{\"@type\":\"ListItem\",\"position\":2,\"name\":\"Parduotuv\u0117\",\"item\":\"https:\/\/miumjau.ee\/lt\/parduotuve\/\"},{\"@type\":\"ListItem\",\"position\":3,\"name\":\"Kat\u0117s \u017eaislas Funky Rebels 3 vnt., cappuccino\"}]},{\"@type\":\"WebSite\",\"@id\":\"https:\/\/miumjau.ee\/#website\",\"url\":\"https:\/\/miumjau.ee\/\",\"name\":\"MiuMjau\",\"description\":\"Kraapimispuud kassidele\",\"publisher\":{\"@id\":\"https:\/\/miumjau.ee\/#organization\"},\"potentialAction\":[{\"@type\":\"SearchAction\",\"target\":{\"@type\":\"EntryPoint\",\"urlTemplate\":\"https:\/\/miumjau.ee\/?s={search_term_string}\"},\"query-input\":{\"@type\":\"PropertyValueSpecification\",\"valueRequired\":true,\"valueName\":\"search_term_string\"}}],\"inLanguage\":\"lt-LT\"},{\"@type\":\"Organization\",\"@id\":\"https:\/\/miumjau.ee\/#organization\",\"name\":\"MiuMjau O\u00dc\",\"url\":\"https:\/\/miumjau.ee\/\",\"logo\":{\"@type\":\"ImageObject\",\"inLanguage\":\"lt-LT\",\"@id\":\"https:\/\/miumjau.ee\/#\/schema\/logo\/image\/\",\"url\":\"https:\/\/miumjau.ee\/wp-content\/uploads\/2022\/04\/MiuMjau-logo-kollane.png\",\"contentUrl\":\"https:\/\/miumjau.ee\/wp-content\/uploads\/2022\/04\/MiuMjau-logo-kollane.png\",\"width\":219,\"height\":100,\"caption\":\"MiuMjau O\u00dc\"},\"image\":{\"@id\":\"https:\/\/miumjau.ee\/#\/schema\/logo\/image\/\"},\"sameAs\":[\"https:\/\/www.facebook.com\/miumjaupood\/\"]}]}<\/script>\n<!-- \/ Yoast SEO plugin. -->","yoast_head_json":{"title":"Kat\u0117s \u017eaislas Funky Rebels 3 vnt., cappuccino - MiuMjau","robots":{"index":"index","follow":"follow","max-snippet":"max-snippet:-1","max-image-preview":"max-image-preview:large","max-video-preview":"max-video-preview:-1"},"canonical":"https:\/\/miumjau.ee\/lt\/produktas\/kates-zaislas-funky-rebels-3-vnt-cappuccino\/","og_locale":"lt_LT","og_type":"article","og_title":"Kat\u0117s \u017eaislas Funky Rebels 3 vnt., cappuccino - MiuMjau","og_description":"Kat\u0117s \u017eaislas Funky Rebels tvirtinamas virvele \u2013 gali b\u016bti naudojamas kaip pakaitinis \u017eaislas Petrebels draskymo med\u017eiams, kai senasis susid\u0117vi. Tinka ir kit\u0173 prek\u0117s \u017eenkl\u0173 draskymo med\u017eiams, jei yra tvirtinimo vieta. \u017dinome, kad pakabinami \u017eaislai draskymo med\u017eiuose \u2013 tikras hitas ir da\u017enai \u201egauna daugiausia darbo\u201c, tod\u0117l juos reikia kartais pakeisti. Funky Rebels rinkinyje i\u0161kart 3 \u017eaislai. &lt;strong&gt;ITIN MINK\u0160TAS PLUNKSNUOTAS KAMUOLIUKAS akimirksniu patrauks j\u016bs\u0173 kat\u0117s d\u0117mes\u012f!&lt;\/strong&gt; Auk\u0161tos kokyb\u0117s gaminys, \u012f kur\u012f malonu \u017ei\u016br\u0117ti. Kat\u0117ms \u017eaislai svarb\u016bs \u2013 \u017eaidimas palaiko aktyvum\u0105 ir ger\u0105 nuotaik\u0105. Kiekvienas ka\u010di\u0173 myl\u0117tojas \u017eino, kad jos dievina ir plunksnas, ir mink\u0161tus kamuoliukus \u2013 \u010dia abu elementai sujungti viename. Labai linksmas \u017eaislas, kur\u012f galima k\u016brybi\u0161kai pritvirtinti. Matmenys apie 6\u00d76 cm. I\u0161 karto sand\u0117lyje!","og_url":"https:\/\/miumjau.ee\/lt\/produktas\/kates-zaislas-funky-rebels-3-vnt-cappuccino\/","og_site_name":"MiuMjau","article_publisher":"https:\/\/www.facebook.com\/miumjaupood\/","article_modified_time":"2026-01-07T18:51:38+00:00","og_image":[{"width":900,"height":1200,"url":"https:\/\/miumjau.ee\/wp-content\/uploads\/2024\/04\/kassi-manguasi-funky-rebels2-1.jpg","type":"image\/jpeg"}],"twitter_card":"summary_large_image","schema":{"@context":"https:\/\/schema.org","@graph":[{"@type":"WebPage","@id":"https:\/\/miumjau.ee\/lt\/produktas\/kates-zaislas-funky-rebels-3-vnt-cappuccino\/","url":"https:\/\/miumjau.ee\/lt\/produktas\/kates-zaislas-funky-rebels-3-vnt-cappuccino\/","name":"Kat\u0117s \u017eaislas Funky Rebels 3 vnt., cappuccino - MiuMjau","isPartOf":{"@id":"https:\/\/miumjau.ee\/#website"},"primaryImageOfPage":{"@id":"https:\/\/miumjau.ee\/lt\/produktas\/kates-zaislas-funky-rebels-3-vnt-cappuccino\/#primaryimage"},"image":{"@id":"https:\/\/miumjau.ee\/lt\/produktas\/kates-zaislas-funky-rebels-3-vnt-cappuccino\/#primaryimage"},"thumbnailUrl":"https:\/\/miumjau.ee\/wp-content\/uploads\/2024\/04\/kassi-manguasi-funky-rebels2-1.jpg","datePublished":"2024-04-11T13:16:47+00:00","dateModified":"2026-01-07T18:51:38+00:00","breadcrumb":{"@id":"https:\/\/miumjau.ee\/lt\/produktas\/kates-zaislas-funky-rebels-3-vnt-cappuccino\/#breadcrumb"},"inLanguage":"lt-LT","potentialAction":[{"@type":"ReadAction","target":["https:\/\/miumjau.ee\/lt\/produktas\/kates-zaislas-funky-rebels-3-vnt-cappuccino\/"]}]},{"@type":"ImageObject","inLanguage":"lt-LT","@id":"https:\/\/miumjau.ee\/lt\/produktas\/kates-zaislas-funky-rebels-3-vnt-cappuccino\/#primaryimage","url":"https:\/\/miumjau.ee\/wp-content\/uploads\/2024\/04\/kassi-manguasi-funky-rebels2-1.jpg","contentUrl":"https:\/\/miumjau.ee\/wp-content\/uploads\/2024\/04\/kassi-manguasi-funky-rebels2-1.jpg","width":900,"height":1200,"caption":"Kassi m\u00e4nguasi Funky Rebels 3 TK, cappuccino"},{"@type":"BreadcrumbList","@id":"https:\/\/miumjau.ee\/lt\/produktas\/kates-zaislas-funky-rebels-3-vnt-cappuccino\/#breadcrumb","itemListElement":[{"@type":"ListItem","position":1,"name":"Home","item":"https:\/\/miumjau.ee\/lt\/"},{"@type":"ListItem","position":2,"name":"Parduotuv\u0117","item":"https:\/\/miumjau.ee\/lt\/parduotuve\/"},{"@type":"ListItem","position":3,"name":"Kat\u0117s \u017eaislas Funky Rebels 3 vnt., cappuccino"}]},{"@type":"WebSite","@id":"https:\/\/miumjau.ee\/#website","url":"https:\/\/miumjau.ee\/","name":"MiuMjau","description":"Kraapimispuud kassidele","publisher":{"@id":"https:\/\/miumjau.ee\/#organization"},"potentialAction":[{"@type":"SearchAction","target":{"@type":"EntryPoint","urlTemplate":"https:\/\/miumjau.ee\/?s={search_term_string}"},"query-input":{"@type":"PropertyValueSpecification","valueRequired":true,"valueName":"search_term_string"}}],"inLanguage":"lt-LT"},{"@type":"Organization","@id":"https:\/\/miumjau.ee\/#organization","name":"MiuMjau O\u00dc","url":"https:\/\/miumjau.ee\/","logo":{"@type":"ImageObject","inLanguage":"lt-LT","@id":"https:\/\/miumjau.ee\/#\/schema\/logo\/image\/","url":"https:\/\/miumjau.ee\/wp-content\/uploads\/2022\/04\/MiuMjau-logo-kollane.png","contentUrl":"https:\/\/miumjau.ee\/wp-content\/uploads\/2022\/04\/MiuMjau-logo-kollane.png","width":219,"height":100,"caption":"MiuMjau O\u00dc"},"image":{"@id":"https:\/\/miumjau.ee\/#\/schema\/logo\/image\/"},"sameAs":["https:\/\/www.facebook.com\/miumjaupood\/"]}]}},"_links":{"self":[{"href":"https:\/\/miumjau.ee\/lt\/wp-json\/wp\/v2\/product\/42820","targetHints":{"allow":["GET"]}}],"collection":[{"href":"https:\/\/miumjau.ee\/lt\/wp-json\/wp\/v2\/product"}],"about":[{"href":"https:\/\/miumjau.ee\/lt\/wp-json\/wp\/v2\/types\/product"}],"wp:featuredmedia":[{"embeddable":true,"href":"https:\/\/miumjau.ee\/lt\/wp-json\/wp\/v2\/media\/43400"}],"wp:attachment":[{"href":"https:\/\/miumjau.ee\/lt\/wp-json\/wp\/v2\/media?parent=42820"}],"wp:term":[{"taxonomy":"product_brand","embeddable":true,"href":"https:\/\/miumjau.ee\/lt\/wp-json\/wp\/v2\/product_brand?post=42820"},{"taxonomy":"product_cat","embeddable":true,"href":"https:\/\/miumjau.ee\/lt\/wp-json\/wp\/v2\/product_cat?post=42820"},{"taxonomy":"product_tag","embeddable":true,"href":"https:\/\/miumjau.ee\/lt\/wp-json\/wp\/v2\/product_tag?post=42820"}],"curies":[{"name":"wp","href":"https:\/\/api.w.org\/{rel}","templated":true}]}}