{"id":42818,"date":"2024-03-24T19:54:20","date_gmt":"2024-03-24T17:54:20","guid":{"rendered":"https:\/\/miumjau.ee\/toode\/pakabinamas-hamakas-petrebels-l-40-cm-cappuccino\/"},"modified":"2026-01-07T20:51:38","modified_gmt":"2026-01-07T18:51:38","slug":"pakabinamas-hamakas-petrebels-l-40-cm-cappuccino","status":"publish","type":"product","link":"https:\/\/miumjau.ee\/lt\/produktas\/pakabinamas-hamakas-petrebels-l-40-cm-cappuccino\/","title":{"rendered":"Pakabinamas hamakas Petrebels L 40 cm, cappuccino"},"content":{"rendered":"","protected":false},"excerpt":{"rendered":"<p>PETREBELS pakabinamas hamakas Luxury Sleeper L 40 cm<\/p>\n<p>\u0160is didelis Luxury Sleeper hamakas pagamintas i\u0161 ypa\u010d mink\u0161to auk\u0161tos kokyb\u0117s pliu\u0161o ir yra tobulos apvalios formos. Ideali vieta kat\u0117ms atsipalaiduoti! Tik\u0117tina, kad j\u016bs\u0173 kat\u0117 \u010dia kasdien snaus ar kruop\u0161\u010diai prausis. Gali nutikti, kad po kurio laiko prireiks naujo guolio, nors j\u016bs\u0173 draskymo medis bus visi\u0161kai tvarkingas. Tod\u0117l kiekvien\u0105 dal\u012f parduodame atskirai \u2013 taip ekonomi\u0161kiau ir draugi\u0161kiau aplinkai.<br \/>\n&lt;ul&gt;<br \/>\n&lt;li&gt;Spalva: cappuccino&lt;\/li&gt;<br \/>\n&lt;li&gt;Svoris 3 kg&lt;\/li&gt;<br \/>\n&lt;li&gt;Matmenys 40 \u00d7 40 \u00d7 2 cm&lt;\/li&gt;<br \/>\n&lt;li&gt;Pakuot\u0117s dydis: 51 \u00d7 42 \u00d7 4 cm&lt;\/li&gt;<br \/>\n&lt;li&gt;Maks. kat\u0117s svoris: 15 kg&lt;\/li&gt;<br \/>\n&lt;li&gt;Idealu didel\u0117ms kat\u0117ms, bet tinka ir ma\u017eoms&lt;\/li&gt;<br \/>\n&lt;li&gt;Gra\u017e\u016bs \u0161vies\u016bs atspalviai&lt;\/li&gt;<br \/>\n&lt;li&gt;Skirta naudoti su stulpais \u00f8 9 cm ir \u00f8 12 cm. Patarimas: d\u0117l metalinio r\u0117mo storio pritaisius hamak\u0105 stulpas gali nestov\u0117ti visi\u0161kai tiesiai.&lt;\/li&gt;<br \/>\n&lt;\/ul&gt;<\/p>\n","protected":false},"featured_media":43392,"template":"","meta":[],"product_brand":[],"product_cat":[521],"product_tag":[],"class_list":{"0":"post-42818","1":"product","2":"type-product","3":"status-publish","4":"has-post-thumbnail","6":"product_cat-atsargines-dalys","8":"first","9":"outofstock","10":"taxable","11":"shipping-taxable","12":"purchasable","13":"product-type-simple"},"yoast_head":"<!-- This site is optimized with the Yoast SEO plugin v27.2 - https:\/\/yoast.com\/product\/yoast-seo-wordpress\/ -->\n<title>Pakabinamas hamakas Petrebels L 40 cm, cappuccino - MiuMjau<\/title>\n<meta name=\"robots\" content=\"index, follow, max-snippet:-1, max-image-preview:large, max-video-preview:-1\" \/>\n<link rel=\"canonical\" href=\"https:\/\/miumjau.ee\/lt\/produktas\/pakabinamas-hamakas-petrebels-l-40-cm-cappuccino\/\" \/>\n<meta property=\"og:locale\" content=\"lt_LT\" \/>\n<meta property=\"og:type\" content=\"article\" \/>\n<meta property=\"og:title\" content=\"Pakabinamas hamakas Petrebels L 40 cm, cappuccino - MiuMjau\" \/>\n<meta property=\"og:description\" content=\"PETREBELS pakabinamas hamakas Luxury Sleeper L 40 cm \u0160is didelis Luxury Sleeper hamakas pagamintas i\u0161 ypa\u010d mink\u0161to auk\u0161tos kokyb\u0117s pliu\u0161o ir yra tobulos apvalios formos. Ideali vieta kat\u0117ms atsipalaiduoti! Tik\u0117tina, kad j\u016bs\u0173 kat\u0117 \u010dia kasdien snaus ar kruop\u0161\u010diai prausis. Gali nutikti, kad po kurio laiko prireiks naujo guolio, nors j\u016bs\u0173 draskymo medis bus visi\u0161kai tvarkingas. Tod\u0117l kiekvien\u0105 dal\u012f parduodame atskirai \u2013 taip ekonomi\u0161kiau ir draugi\u0161kiau aplinkai. &lt;ul&gt; &lt;li&gt;Spalva: cappuccino&lt;\/li&gt; &lt;li&gt;Svoris 3 kg&lt;\/li&gt; &lt;li&gt;Matmenys 40 \u00d7 40 \u00d7 2 cm&lt;\/li&gt; &lt;li&gt;Pakuot\u0117s dydis: 51 \u00d7 42 \u00d7 4 cm&lt;\/li&gt; &lt;li&gt;Maks. kat\u0117s svoris: 15 kg&lt;\/li&gt; &lt;li&gt;Idealu didel\u0117ms kat\u0117ms, bet tinka ir ma\u017eoms&lt;\/li&gt; &lt;li&gt;Gra\u017e\u016bs \u0161vies\u016bs atspalviai&lt;\/li&gt; &lt;li&gt;Skirta naudoti su stulpais \u00f8 9 cm ir \u00f8 12 cm. Patarimas: d\u0117l metalinio r\u0117mo storio pritaisius hamak\u0105 stulpas gali nestov\u0117ti visi\u0161kai tiesiai.&lt;\/li&gt; &lt;\/ul&gt;\" \/>\n<meta property=\"og:url\" content=\"https:\/\/miumjau.ee\/lt\/produktas\/pakabinamas-hamakas-petrebels-l-40-cm-cappuccino\/\" \/>\n<meta property=\"og:site_name\" content=\"MiuMjau\" \/>\n<meta property=\"article:publisher\" content=\"https:\/\/www.facebook.com\/miumjaupood\/\" \/>\n<meta property=\"article:modified_time\" content=\"2026-01-07T18:51:38+00:00\" \/>\n<meta property=\"og:image\" content=\"https:\/\/miumjau.ee\/wp-content\/uploads\/2024\/03\/petrebels-rippkiik-luxury-sleeper-l-cappuccino-1.jpg\" \/>\n\t<meta property=\"og:image:width\" content=\"600\" \/>\n\t<meta property=\"og:image:height\" content=\"800\" \/>\n\t<meta property=\"og:image:type\" content=\"image\/jpeg\" \/>\n<meta name=\"twitter:card\" content=\"summary_large_image\" \/>\n<script type=\"application\/ld+json\" class=\"yoast-schema-graph\">{\"@context\":\"https:\/\/schema.org\",\"@graph\":[{\"@type\":\"WebPage\",\"@id\":\"https:\/\/miumjau.ee\/lt\/produktas\/pakabinamas-hamakas-petrebels-l-40-cm-cappuccino\/\",\"url\":\"https:\/\/miumjau.ee\/lt\/produktas\/pakabinamas-hamakas-petrebels-l-40-cm-cappuccino\/\",\"name\":\"Pakabinamas hamakas Petrebels L 40 cm, cappuccino - MiuMjau\",\"isPartOf\":{\"@id\":\"https:\/\/miumjau.ee\/#website\"},\"primaryImageOfPage\":{\"@id\":\"https:\/\/miumjau.ee\/lt\/produktas\/pakabinamas-hamakas-petrebels-l-40-cm-cappuccino\/#primaryimage\"},\"image\":{\"@id\":\"https:\/\/miumjau.ee\/lt\/produktas\/pakabinamas-hamakas-petrebels-l-40-cm-cappuccino\/#primaryimage\"},\"thumbnailUrl\":\"https:\/\/miumjau.ee\/wp-content\/uploads\/2024\/03\/petrebels-rippkiik-luxury-sleeper-l-cappuccino-1.jpg\",\"datePublished\":\"2024-03-24T17:54:20+00:00\",\"dateModified\":\"2026-01-07T18:51:38+00:00\",\"breadcrumb\":{\"@id\":\"https:\/\/miumjau.ee\/lt\/produktas\/pakabinamas-hamakas-petrebels-l-40-cm-cappuccino\/#breadcrumb\"},\"inLanguage\":\"lt-LT\",\"potentialAction\":[{\"@type\":\"ReadAction\",\"target\":[\"https:\/\/miumjau.ee\/lt\/produktas\/pakabinamas-hamakas-petrebels-l-40-cm-cappuccino\/\"]}]},{\"@type\":\"ImageObject\",\"inLanguage\":\"lt-LT\",\"@id\":\"https:\/\/miumjau.ee\/lt\/produktas\/pakabinamas-hamakas-petrebels-l-40-cm-cappuccino\/#primaryimage\",\"url\":\"https:\/\/miumjau.ee\/wp-content\/uploads\/2024\/03\/petrebels-rippkiik-luxury-sleeper-l-cappuccino-1.jpg\",\"contentUrl\":\"https:\/\/miumjau.ee\/wp-content\/uploads\/2024\/03\/petrebels-rippkiik-luxury-sleeper-l-cappuccino-1.jpg\",\"width\":600,\"height\":800,\"caption\":\"PETREBELS rippkiik Luxury Sleeper L 40cm, cappuccino\"},{\"@type\":\"BreadcrumbList\",\"@id\":\"https:\/\/miumjau.ee\/lt\/produktas\/pakabinamas-hamakas-petrebels-l-40-cm-cappuccino\/#breadcrumb\",\"itemListElement\":[{\"@type\":\"ListItem\",\"position\":1,\"name\":\"Home\",\"item\":\"https:\/\/miumjau.ee\/lt\/\"},{\"@type\":\"ListItem\",\"position\":2,\"name\":\"Parduotuv\u0117\",\"item\":\"https:\/\/miumjau.ee\/lt\/parduotuve\/\"},{\"@type\":\"ListItem\",\"position\":3,\"name\":\"Pakabinamas hamakas Petrebels L 40 cm, cappuccino\"}]},{\"@type\":\"WebSite\",\"@id\":\"https:\/\/miumjau.ee\/#website\",\"url\":\"https:\/\/miumjau.ee\/\",\"name\":\"MiuMjau\",\"description\":\"Kraapimispuud kassidele\",\"publisher\":{\"@id\":\"https:\/\/miumjau.ee\/#organization\"},\"potentialAction\":[{\"@type\":\"SearchAction\",\"target\":{\"@type\":\"EntryPoint\",\"urlTemplate\":\"https:\/\/miumjau.ee\/?s={search_term_string}\"},\"query-input\":{\"@type\":\"PropertyValueSpecification\",\"valueRequired\":true,\"valueName\":\"search_term_string\"}}],\"inLanguage\":\"lt-LT\"},{\"@type\":\"Organization\",\"@id\":\"https:\/\/miumjau.ee\/#organization\",\"name\":\"MiuMjau O\u00dc\",\"url\":\"https:\/\/miumjau.ee\/\",\"logo\":{\"@type\":\"ImageObject\",\"inLanguage\":\"lt-LT\",\"@id\":\"https:\/\/miumjau.ee\/#\/schema\/logo\/image\/\",\"url\":\"https:\/\/miumjau.ee\/wp-content\/uploads\/2022\/04\/MiuMjau-logo-kollane.png\",\"contentUrl\":\"https:\/\/miumjau.ee\/wp-content\/uploads\/2022\/04\/MiuMjau-logo-kollane.png\",\"width\":219,\"height\":100,\"caption\":\"MiuMjau O\u00dc\"},\"image\":{\"@id\":\"https:\/\/miumjau.ee\/#\/schema\/logo\/image\/\"},\"sameAs\":[\"https:\/\/www.facebook.com\/miumjaupood\/\"]}]}<\/script>\n<!-- \/ Yoast SEO plugin. -->","yoast_head_json":{"title":"Pakabinamas hamakas Petrebels L 40 cm, cappuccino - MiuMjau","robots":{"index":"index","follow":"follow","max-snippet":"max-snippet:-1","max-image-preview":"max-image-preview:large","max-video-preview":"max-video-preview:-1"},"canonical":"https:\/\/miumjau.ee\/lt\/produktas\/pakabinamas-hamakas-petrebels-l-40-cm-cappuccino\/","og_locale":"lt_LT","og_type":"article","og_title":"Pakabinamas hamakas Petrebels L 40 cm, cappuccino - MiuMjau","og_description":"PETREBELS pakabinamas hamakas Luxury Sleeper L 40 cm \u0160is didelis Luxury Sleeper hamakas pagamintas i\u0161 ypa\u010d mink\u0161to auk\u0161tos kokyb\u0117s pliu\u0161o ir yra tobulos apvalios formos. Ideali vieta kat\u0117ms atsipalaiduoti! Tik\u0117tina, kad j\u016bs\u0173 kat\u0117 \u010dia kasdien snaus ar kruop\u0161\u010diai prausis. Gali nutikti, kad po kurio laiko prireiks naujo guolio, nors j\u016bs\u0173 draskymo medis bus visi\u0161kai tvarkingas. Tod\u0117l kiekvien\u0105 dal\u012f parduodame atskirai \u2013 taip ekonomi\u0161kiau ir draugi\u0161kiau aplinkai. &lt;ul&gt; &lt;li&gt;Spalva: cappuccino&lt;\/li&gt; &lt;li&gt;Svoris 3 kg&lt;\/li&gt; &lt;li&gt;Matmenys 40 \u00d7 40 \u00d7 2 cm&lt;\/li&gt; &lt;li&gt;Pakuot\u0117s dydis: 51 \u00d7 42 \u00d7 4 cm&lt;\/li&gt; &lt;li&gt;Maks. kat\u0117s svoris: 15 kg&lt;\/li&gt; &lt;li&gt;Idealu didel\u0117ms kat\u0117ms, bet tinka ir ma\u017eoms&lt;\/li&gt; &lt;li&gt;Gra\u017e\u016bs \u0161vies\u016bs atspalviai&lt;\/li&gt; &lt;li&gt;Skirta naudoti su stulpais \u00f8 9 cm ir \u00f8 12 cm. Patarimas: d\u0117l metalinio r\u0117mo storio pritaisius hamak\u0105 stulpas gali nestov\u0117ti visi\u0161kai tiesiai.&lt;\/li&gt; &lt;\/ul&gt;","og_url":"https:\/\/miumjau.ee\/lt\/produktas\/pakabinamas-hamakas-petrebels-l-40-cm-cappuccino\/","og_site_name":"MiuMjau","article_publisher":"https:\/\/www.facebook.com\/miumjaupood\/","article_modified_time":"2026-01-07T18:51:38+00:00","og_image":[{"width":600,"height":800,"url":"https:\/\/miumjau.ee\/wp-content\/uploads\/2024\/03\/petrebels-rippkiik-luxury-sleeper-l-cappuccino-1.jpg","type":"image\/jpeg"}],"twitter_card":"summary_large_image","schema":{"@context":"https:\/\/schema.org","@graph":[{"@type":"WebPage","@id":"https:\/\/miumjau.ee\/lt\/produktas\/pakabinamas-hamakas-petrebels-l-40-cm-cappuccino\/","url":"https:\/\/miumjau.ee\/lt\/produktas\/pakabinamas-hamakas-petrebels-l-40-cm-cappuccino\/","name":"Pakabinamas hamakas Petrebels L 40 cm, cappuccino - MiuMjau","isPartOf":{"@id":"https:\/\/miumjau.ee\/#website"},"primaryImageOfPage":{"@id":"https:\/\/miumjau.ee\/lt\/produktas\/pakabinamas-hamakas-petrebels-l-40-cm-cappuccino\/#primaryimage"},"image":{"@id":"https:\/\/miumjau.ee\/lt\/produktas\/pakabinamas-hamakas-petrebels-l-40-cm-cappuccino\/#primaryimage"},"thumbnailUrl":"https:\/\/miumjau.ee\/wp-content\/uploads\/2024\/03\/petrebels-rippkiik-luxury-sleeper-l-cappuccino-1.jpg","datePublished":"2024-03-24T17:54:20+00:00","dateModified":"2026-01-07T18:51:38+00:00","breadcrumb":{"@id":"https:\/\/miumjau.ee\/lt\/produktas\/pakabinamas-hamakas-petrebels-l-40-cm-cappuccino\/#breadcrumb"},"inLanguage":"lt-LT","potentialAction":[{"@type":"ReadAction","target":["https:\/\/miumjau.ee\/lt\/produktas\/pakabinamas-hamakas-petrebels-l-40-cm-cappuccino\/"]}]},{"@type":"ImageObject","inLanguage":"lt-LT","@id":"https:\/\/miumjau.ee\/lt\/produktas\/pakabinamas-hamakas-petrebels-l-40-cm-cappuccino\/#primaryimage","url":"https:\/\/miumjau.ee\/wp-content\/uploads\/2024\/03\/petrebels-rippkiik-luxury-sleeper-l-cappuccino-1.jpg","contentUrl":"https:\/\/miumjau.ee\/wp-content\/uploads\/2024\/03\/petrebels-rippkiik-luxury-sleeper-l-cappuccino-1.jpg","width":600,"height":800,"caption":"PETREBELS rippkiik Luxury Sleeper L 40cm, cappuccino"},{"@type":"BreadcrumbList","@id":"https:\/\/miumjau.ee\/lt\/produktas\/pakabinamas-hamakas-petrebels-l-40-cm-cappuccino\/#breadcrumb","itemListElement":[{"@type":"ListItem","position":1,"name":"Home","item":"https:\/\/miumjau.ee\/lt\/"},{"@type":"ListItem","position":2,"name":"Parduotuv\u0117","item":"https:\/\/miumjau.ee\/lt\/parduotuve\/"},{"@type":"ListItem","position":3,"name":"Pakabinamas hamakas Petrebels L 40 cm, cappuccino"}]},{"@type":"WebSite","@id":"https:\/\/miumjau.ee\/#website","url":"https:\/\/miumjau.ee\/","name":"MiuMjau","description":"Kraapimispuud kassidele","publisher":{"@id":"https:\/\/miumjau.ee\/#organization"},"potentialAction":[{"@type":"SearchAction","target":{"@type":"EntryPoint","urlTemplate":"https:\/\/miumjau.ee\/?s={search_term_string}"},"query-input":{"@type":"PropertyValueSpecification","valueRequired":true,"valueName":"search_term_string"}}],"inLanguage":"lt-LT"},{"@type":"Organization","@id":"https:\/\/miumjau.ee\/#organization","name":"MiuMjau O\u00dc","url":"https:\/\/miumjau.ee\/","logo":{"@type":"ImageObject","inLanguage":"lt-LT","@id":"https:\/\/miumjau.ee\/#\/schema\/logo\/image\/","url":"https:\/\/miumjau.ee\/wp-content\/uploads\/2022\/04\/MiuMjau-logo-kollane.png","contentUrl":"https:\/\/miumjau.ee\/wp-content\/uploads\/2022\/04\/MiuMjau-logo-kollane.png","width":219,"height":100,"caption":"MiuMjau O\u00dc"},"image":{"@id":"https:\/\/miumjau.ee\/#\/schema\/logo\/image\/"},"sameAs":["https:\/\/www.facebook.com\/miumjaupood\/"]}]}},"_links":{"self":[{"href":"https:\/\/miumjau.ee\/lt\/wp-json\/wp\/v2\/product\/42818","targetHints":{"allow":["GET"]}}],"collection":[{"href":"https:\/\/miumjau.ee\/lt\/wp-json\/wp\/v2\/product"}],"about":[{"href":"https:\/\/miumjau.ee\/lt\/wp-json\/wp\/v2\/types\/product"}],"wp:featuredmedia":[{"embeddable":true,"href":"https:\/\/miumjau.ee\/lt\/wp-json\/wp\/v2\/media\/43392"}],"wp:attachment":[{"href":"https:\/\/miumjau.ee\/lt\/wp-json\/wp\/v2\/media?parent=42818"}],"wp:term":[{"taxonomy":"product_brand","embeddable":true,"href":"https:\/\/miumjau.ee\/lt\/wp-json\/wp\/v2\/product_brand?post=42818"},{"taxonomy":"product_cat","embeddable":true,"href":"https:\/\/miumjau.ee\/lt\/wp-json\/wp\/v2\/product_cat?post=42818"},{"taxonomy":"product_tag","embeddable":true,"href":"https:\/\/miumjau.ee\/lt\/wp-json\/wp\/v2\/product_tag?post=42818"}],"curies":[{"name":"wp","href":"https:\/\/api.w.org\/{rel}","templated":true}]}}