{"id":42811,"date":"2024-01-16T14:08:46","date_gmt":"2024-01-16T12:08:46","guid":{"rendered":"https:\/\/miumjau.ee\/toode\/kates-guolis-draskymo-pagrindas-round-raudonas\/"},"modified":"2026-01-07T20:51:46","modified_gmt":"2026-01-07T18:51:46","slug":"kates-guolis-draskymo-pagrindas-round-raudonas","status":"publish","type":"product","link":"https:\/\/miumjau.ee\/lt\/produktas\/kates-guolis-draskymo-pagrindas-round-raudonas\/","title":{"rendered":"Kat\u0117s guolis, draskymo pagrindas ROUND, raudonas"},"content":{"rendered":"","protected":false},"excerpt":{"rendered":"<p>Kat\u0117s guolis \/ draskymo pagrindas ROUND i\u0161 \u010cekijos gamintojo Ekomazlicek<\/p>\n<p>Guolio auk\u0161tis 10 cm<br \/>\nGuolio skersmuo 40 cm<\/p>\n<p>I\u0161manus kat\u0117s guolis su mink\u0161tu pagrindo kilim\u0117liu. Visa guolio dalis pagaminta i\u0161 draskymui tinkamo gofruoto kartono. \u012edomi\u0105 i\u0161vaizd\u0105 suteikia ra\u0161tas. I\u0161sirinkite dizain\u0105, kuris dera j\u016bs\u0173 namams!<\/p>\n<p>Visi m\u016bs\u0173 draskymo pagrindai pagaminti i\u0161 kokybi\u0161ko penki\u0173 sluoksni\u0173 gofruoto kartono. \u0160io modelio priekis ir galas \u2013 i\u0161 medin\u0117s faneros. Tik toks kokybi\u0161kas kartonas ilgai atlaiko leten\u0117li\u0173 nagus. Kai draskymo dalis susid\u0117vi, gamin\u012f galite lengvai perdirbti kaip popieriaus atliekas. Elkim\u0117s ekologi\u0161kai.<\/p>\n<p>I\u0161 karto sand\u0117lyje!<\/p>\n","protected":false},"featured_media":43363,"template":"","meta":[],"product_brand":[],"product_cat":[519],"product_tag":[],"class_list":{"0":"post-42811","1":"product","2":"type-product","3":"status-publish","4":"has-post-thumbnail","6":"product_cat-kaciu-guoliai","8":"first","9":"instock","10":"sale","11":"taxable","12":"shipping-taxable","13":"purchasable","14":"product-type-simple"},"yoast_head":"<!-- This site is optimized with the Yoast SEO plugin v27.4 - https:\/\/yoast.com\/product\/yoast-seo-wordpress\/ -->\n<title>Kat\u0117s guolis, draskymo pagrindas ROUND, raudonas - MiuMjau<\/title>\n<meta name=\"robots\" content=\"index, follow, max-snippet:-1, max-image-preview:large, max-video-preview:-1\" \/>\n<link rel=\"canonical\" href=\"https:\/\/miumjau.ee\/lt\/produktas\/kates-guolis-draskymo-pagrindas-round-raudonas\/\" \/>\n<meta property=\"og:locale\" content=\"lt_LT\" \/>\n<meta property=\"og:type\" content=\"article\" \/>\n<meta property=\"og:title\" content=\"Kat\u0117s guolis, draskymo pagrindas ROUND, raudonas - MiuMjau\" \/>\n<meta property=\"og:description\" content=\"Kat\u0117s guolis \/ draskymo pagrindas ROUND i\u0161 \u010cekijos gamintojo Ekomazlicek Guolio auk\u0161tis 10 cm Guolio skersmuo 40 cm I\u0161manus kat\u0117s guolis su mink\u0161tu pagrindo kilim\u0117liu. Visa guolio dalis pagaminta i\u0161 draskymui tinkamo gofruoto kartono. \u012edomi\u0105 i\u0161vaizd\u0105 suteikia ra\u0161tas. I\u0161sirinkite dizain\u0105, kuris dera j\u016bs\u0173 namams! Visi m\u016bs\u0173 draskymo pagrindai pagaminti i\u0161 kokybi\u0161ko penki\u0173 sluoksni\u0173 gofruoto kartono. \u0160io modelio priekis ir galas \u2013 i\u0161 medin\u0117s faneros. Tik toks kokybi\u0161kas kartonas ilgai atlaiko leten\u0117li\u0173 nagus. Kai draskymo dalis susid\u0117vi, gamin\u012f galite lengvai perdirbti kaip popieriaus atliekas. Elkim\u0117s ekologi\u0161kai. I\u0161 karto sand\u0117lyje!\" \/>\n<meta property=\"og:url\" content=\"https:\/\/miumjau.ee\/lt\/produktas\/kates-guolis-draskymo-pagrindas-round-raudonas\/\" \/>\n<meta property=\"og:site_name\" content=\"MiuMjau\" \/>\n<meta property=\"article:publisher\" content=\"https:\/\/www.facebook.com\/miumjaupood\/\" \/>\n<meta property=\"article:modified_time\" content=\"2026-01-07T18:51:46+00:00\" \/>\n<meta property=\"og:image\" content=\"https:\/\/miumjau.ee\/wp-content\/uploads\/2024\/01\/kraapimispesa-round-red-blurry.jpg\" \/>\n\t<meta property=\"og:image:width\" content=\"600\" \/>\n\t<meta property=\"og:image:height\" content=\"600\" \/>\n\t<meta property=\"og:image:type\" content=\"image\/jpeg\" \/>\n<meta name=\"twitter:card\" content=\"summary_large_image\" \/>\n<script type=\"application\/ld+json\" class=\"yoast-schema-graph\">{\"@context\":\"https:\\\/\\\/schema.org\",\"@graph\":[{\"@type\":\"WebPage\",\"@id\":\"https:\\\/\\\/miumjau.ee\\\/lt\\\/produktas\\\/kates-guolis-draskymo-pagrindas-round-raudonas\\\/\",\"url\":\"https:\\\/\\\/miumjau.ee\\\/lt\\\/produktas\\\/kates-guolis-draskymo-pagrindas-round-raudonas\\\/\",\"name\":\"Kat\u0117s guolis, draskymo pagrindas ROUND, raudonas - MiuMjau\",\"isPartOf\":{\"@id\":\"https:\\\/\\\/miumjau.ee\\\/#website\"},\"primaryImageOfPage\":{\"@id\":\"https:\\\/\\\/miumjau.ee\\\/lt\\\/produktas\\\/kates-guolis-draskymo-pagrindas-round-raudonas\\\/#primaryimage\"},\"image\":{\"@id\":\"https:\\\/\\\/miumjau.ee\\\/lt\\\/produktas\\\/kates-guolis-draskymo-pagrindas-round-raudonas\\\/#primaryimage\"},\"thumbnailUrl\":\"https:\\\/\\\/miumjau.ee\\\/wp-content\\\/uploads\\\/2024\\\/01\\\/kraapimispesa-round-red-blurry.jpg\",\"datePublished\":\"2024-01-16T12:08:46+00:00\",\"dateModified\":\"2026-01-07T18:51:46+00:00\",\"breadcrumb\":{\"@id\":\"https:\\\/\\\/miumjau.ee\\\/lt\\\/produktas\\\/kates-guolis-draskymo-pagrindas-round-raudonas\\\/#breadcrumb\"},\"inLanguage\":\"lt-LT\",\"potentialAction\":[{\"@type\":\"ReadAction\",\"target\":[\"https:\\\/\\\/miumjau.ee\\\/lt\\\/produktas\\\/kates-guolis-draskymo-pagrindas-round-raudonas\\\/\"]}]},{\"@type\":\"ImageObject\",\"inLanguage\":\"lt-LT\",\"@id\":\"https:\\\/\\\/miumjau.ee\\\/lt\\\/produktas\\\/kates-guolis-draskymo-pagrindas-round-raudonas\\\/#primaryimage\",\"url\":\"https:\\\/\\\/miumjau.ee\\\/wp-content\\\/uploads\\\/2024\\\/01\\\/kraapimispesa-round-red-blurry.jpg\",\"contentUrl\":\"https:\\\/\\\/miumjau.ee\\\/wp-content\\\/uploads\\\/2024\\\/01\\\/kraapimispesa-round-red-blurry.jpg\",\"width\":600,\"height\":600,\"caption\":\"Kraapimispesa round ekomazlicek Blurry\"},{\"@type\":\"BreadcrumbList\",\"@id\":\"https:\\\/\\\/miumjau.ee\\\/lt\\\/produktas\\\/kates-guolis-draskymo-pagrindas-round-raudonas\\\/#breadcrumb\",\"itemListElement\":[{\"@type\":\"ListItem\",\"position\":1,\"name\":\"Home\",\"item\":\"https:\\\/\\\/miumjau.ee\\\/lt\\\/\"},{\"@type\":\"ListItem\",\"position\":2,\"name\":\"Parduotuv\u0117\",\"item\":\"https:\\\/\\\/miumjau.ee\\\/lt\\\/parduotuve\\\/\"},{\"@type\":\"ListItem\",\"position\":3,\"name\":\"Kat\u0117s guolis, draskymo pagrindas ROUND, raudonas\"}]},{\"@type\":\"WebSite\",\"@id\":\"https:\\\/\\\/miumjau.ee\\\/#website\",\"url\":\"https:\\\/\\\/miumjau.ee\\\/\",\"name\":\"MiuMjau\",\"description\":\"Kraapimispuud kassidele\",\"publisher\":{\"@id\":\"https:\\\/\\\/miumjau.ee\\\/#organization\"},\"potentialAction\":[{\"@type\":\"SearchAction\",\"target\":{\"@type\":\"EntryPoint\",\"urlTemplate\":\"https:\\\/\\\/miumjau.ee\\\/?s={search_term_string}\"},\"query-input\":{\"@type\":\"PropertyValueSpecification\",\"valueRequired\":true,\"valueName\":\"search_term_string\"}}],\"inLanguage\":\"lt-LT\"},{\"@type\":\"Organization\",\"@id\":\"https:\\\/\\\/miumjau.ee\\\/#organization\",\"name\":\"MiuMjau O\u00dc\",\"url\":\"https:\\\/\\\/miumjau.ee\\\/\",\"logo\":{\"@type\":\"ImageObject\",\"inLanguage\":\"lt-LT\",\"@id\":\"https:\\\/\\\/miumjau.ee\\\/#\\\/schema\\\/logo\\\/image\\\/\",\"url\":\"https:\\\/\\\/miumjau.ee\\\/wp-content\\\/uploads\\\/2022\\\/04\\\/MiuMjau-logo-kollane.png\",\"contentUrl\":\"https:\\\/\\\/miumjau.ee\\\/wp-content\\\/uploads\\\/2022\\\/04\\\/MiuMjau-logo-kollane.png\",\"width\":219,\"height\":100,\"caption\":\"MiuMjau O\u00dc\"},\"image\":{\"@id\":\"https:\\\/\\\/miumjau.ee\\\/#\\\/schema\\\/logo\\\/image\\\/\"},\"sameAs\":[\"https:\\\/\\\/www.facebook.com\\\/miumjaupood\\\/\"]}]}<\/script>\n<!-- \/ Yoast SEO plugin. -->","yoast_head_json":{"title":"Kat\u0117s guolis, draskymo pagrindas ROUND, raudonas - MiuMjau","robots":{"index":"index","follow":"follow","max-snippet":"max-snippet:-1","max-image-preview":"max-image-preview:large","max-video-preview":"max-video-preview:-1"},"canonical":"https:\/\/miumjau.ee\/lt\/produktas\/kates-guolis-draskymo-pagrindas-round-raudonas\/","og_locale":"lt_LT","og_type":"article","og_title":"Kat\u0117s guolis, draskymo pagrindas ROUND, raudonas - MiuMjau","og_description":"Kat\u0117s guolis \/ draskymo pagrindas ROUND i\u0161 \u010cekijos gamintojo Ekomazlicek Guolio auk\u0161tis 10 cm Guolio skersmuo 40 cm I\u0161manus kat\u0117s guolis su mink\u0161tu pagrindo kilim\u0117liu. Visa guolio dalis pagaminta i\u0161 draskymui tinkamo gofruoto kartono. \u012edomi\u0105 i\u0161vaizd\u0105 suteikia ra\u0161tas. I\u0161sirinkite dizain\u0105, kuris dera j\u016bs\u0173 namams! Visi m\u016bs\u0173 draskymo pagrindai pagaminti i\u0161 kokybi\u0161ko penki\u0173 sluoksni\u0173 gofruoto kartono. \u0160io modelio priekis ir galas \u2013 i\u0161 medin\u0117s faneros. Tik toks kokybi\u0161kas kartonas ilgai atlaiko leten\u0117li\u0173 nagus. Kai draskymo dalis susid\u0117vi, gamin\u012f galite lengvai perdirbti kaip popieriaus atliekas. Elkim\u0117s ekologi\u0161kai. I\u0161 karto sand\u0117lyje!","og_url":"https:\/\/miumjau.ee\/lt\/produktas\/kates-guolis-draskymo-pagrindas-round-raudonas\/","og_site_name":"MiuMjau","article_publisher":"https:\/\/www.facebook.com\/miumjaupood\/","article_modified_time":"2026-01-07T18:51:46+00:00","og_image":[{"width":600,"height":600,"url":"https:\/\/miumjau.ee\/wp-content\/uploads\/2024\/01\/kraapimispesa-round-red-blurry.jpg","type":"image\/jpeg"}],"twitter_card":"summary_large_image","schema":{"@context":"https:\/\/schema.org","@graph":[{"@type":"WebPage","@id":"https:\/\/miumjau.ee\/lt\/produktas\/kates-guolis-draskymo-pagrindas-round-raudonas\/","url":"https:\/\/miumjau.ee\/lt\/produktas\/kates-guolis-draskymo-pagrindas-round-raudonas\/","name":"Kat\u0117s guolis, draskymo pagrindas ROUND, raudonas - MiuMjau","isPartOf":{"@id":"https:\/\/miumjau.ee\/#website"},"primaryImageOfPage":{"@id":"https:\/\/miumjau.ee\/lt\/produktas\/kates-guolis-draskymo-pagrindas-round-raudonas\/#primaryimage"},"image":{"@id":"https:\/\/miumjau.ee\/lt\/produktas\/kates-guolis-draskymo-pagrindas-round-raudonas\/#primaryimage"},"thumbnailUrl":"https:\/\/miumjau.ee\/wp-content\/uploads\/2024\/01\/kraapimispesa-round-red-blurry.jpg","datePublished":"2024-01-16T12:08:46+00:00","dateModified":"2026-01-07T18:51:46+00:00","breadcrumb":{"@id":"https:\/\/miumjau.ee\/lt\/produktas\/kates-guolis-draskymo-pagrindas-round-raudonas\/#breadcrumb"},"inLanguage":"lt-LT","potentialAction":[{"@type":"ReadAction","target":["https:\/\/miumjau.ee\/lt\/produktas\/kates-guolis-draskymo-pagrindas-round-raudonas\/"]}]},{"@type":"ImageObject","inLanguage":"lt-LT","@id":"https:\/\/miumjau.ee\/lt\/produktas\/kates-guolis-draskymo-pagrindas-round-raudonas\/#primaryimage","url":"https:\/\/miumjau.ee\/wp-content\/uploads\/2024\/01\/kraapimispesa-round-red-blurry.jpg","contentUrl":"https:\/\/miumjau.ee\/wp-content\/uploads\/2024\/01\/kraapimispesa-round-red-blurry.jpg","width":600,"height":600,"caption":"Kraapimispesa round ekomazlicek Blurry"},{"@type":"BreadcrumbList","@id":"https:\/\/miumjau.ee\/lt\/produktas\/kates-guolis-draskymo-pagrindas-round-raudonas\/#breadcrumb","itemListElement":[{"@type":"ListItem","position":1,"name":"Home","item":"https:\/\/miumjau.ee\/lt\/"},{"@type":"ListItem","position":2,"name":"Parduotuv\u0117","item":"https:\/\/miumjau.ee\/lt\/parduotuve\/"},{"@type":"ListItem","position":3,"name":"Kat\u0117s guolis, draskymo pagrindas ROUND, raudonas"}]},{"@type":"WebSite","@id":"https:\/\/miumjau.ee\/#website","url":"https:\/\/miumjau.ee\/","name":"MiuMjau","description":"Kraapimispuud kassidele","publisher":{"@id":"https:\/\/miumjau.ee\/#organization"},"potentialAction":[{"@type":"SearchAction","target":{"@type":"EntryPoint","urlTemplate":"https:\/\/miumjau.ee\/?s={search_term_string}"},"query-input":{"@type":"PropertyValueSpecification","valueRequired":true,"valueName":"search_term_string"}}],"inLanguage":"lt-LT"},{"@type":"Organization","@id":"https:\/\/miumjau.ee\/#organization","name":"MiuMjau O\u00dc","url":"https:\/\/miumjau.ee\/","logo":{"@type":"ImageObject","inLanguage":"lt-LT","@id":"https:\/\/miumjau.ee\/#\/schema\/logo\/image\/","url":"https:\/\/miumjau.ee\/wp-content\/uploads\/2022\/04\/MiuMjau-logo-kollane.png","contentUrl":"https:\/\/miumjau.ee\/wp-content\/uploads\/2022\/04\/MiuMjau-logo-kollane.png","width":219,"height":100,"caption":"MiuMjau O\u00dc"},"image":{"@id":"https:\/\/miumjau.ee\/#\/schema\/logo\/image\/"},"sameAs":["https:\/\/www.facebook.com\/miumjaupood\/"]}]}},"_links":{"self":[{"href":"https:\/\/miumjau.ee\/lt\/wp-json\/wp\/v2\/product\/42811","targetHints":{"allow":["GET"]}}],"collection":[{"href":"https:\/\/miumjau.ee\/lt\/wp-json\/wp\/v2\/product"}],"about":[{"href":"https:\/\/miumjau.ee\/lt\/wp-json\/wp\/v2\/types\/product"}],"wp:featuredmedia":[{"embeddable":true,"href":"https:\/\/miumjau.ee\/lt\/wp-json\/wp\/v2\/media\/43363"}],"wp:attachment":[{"href":"https:\/\/miumjau.ee\/lt\/wp-json\/wp\/v2\/media?parent=42811"}],"wp:term":[{"taxonomy":"product_brand","embeddable":true,"href":"https:\/\/miumjau.ee\/lt\/wp-json\/wp\/v2\/product_brand?post=42811"},{"taxonomy":"product_cat","embeddable":true,"href":"https:\/\/miumjau.ee\/lt\/wp-json\/wp\/v2\/product_cat?post=42811"},{"taxonomy":"product_tag","embeddable":true,"href":"https:\/\/miumjau.ee\/lt\/wp-json\/wp\/v2\/product_tag?post=42811"}],"curies":[{"name":"wp","href":"https:\/\/api.w.org\/{rel}","templated":true}]}}