{"id":42809,"date":"2024-01-16T13:59:06","date_gmt":"2024-01-16T11:59:06","guid":{"rendered":"https:\/\/miumjau.ee\/toode\/draskymo-pagrindas-lodge-40-cm-streaks\/"},"modified":"2026-01-07T20:51:46","modified_gmt":"2026-01-07T18:51:46","slug":"draskymo-pagrindas-lodge-40-cm-streaks","status":"publish","type":"product","link":"https:\/\/miumjau.ee\/lt\/produktas\/draskymo-pagrindas-lodge-40-cm-streaks\/","title":{"rendered":"Draskymo pagrindas LODGE 40 cm, Streaks"},"content":{"rendered":"","protected":false},"excerpt":{"rendered":"<p>Draskymo pagrindas Lodge i\u0161 \u010cekijos gamintojo Ekomazlicek<\/p>\n<p>Draskymo dalies gylis 40 cm<br \/>\nIlgis 50 cm<br \/>\nAuk\u0161tis 23 cm<\/p>\n<p>I\u0161manus draskymo tunelis ir \u017eaidim\u0173 erdv\u0117 katei. \u010cia galima draskyti i\u0161 \u0161irdies! Labai miela i\u0161vaizda!<\/p>\n<p>Visi m\u016bs\u0173 draskymo pagrindai pagaminti i\u0161 kokybi\u0161ko penki\u0173 sluoksni\u0173 gofruoto kartono. \u0160io modelio priekis ir galas \u2013 i\u0161 medin\u0117s faneros. Tik toks kokybi\u0161kas kartonas ilgai atlaiko leten\u0117li\u0173 nagus. Kai draskymo dalis susid\u0117vi, gamin\u012f galite lengvai perdirbti kaip popieriaus atliekas. B\u016bkime draugi\u0161ki aplinkai ir elkim\u0117s ekologi\u0161kai.<\/p>\n<p>Informacija: jei po modelio pavadinimo nurodyta \u201eexclusive\u201c, tai rei\u0161kia, kad priekis ir galas padengti fanera d\u0117l papildomo prabangumo ir ilgaam\u017ei\u0161kesn\u0117s estetikos. Draskymo stulpai ir pagrindai daugiausia skirti patenkinti draskymo poreik\u012f ir taip gerinti savijaut\u0105, ne vien nagams gal\u0105sti. Jei kat\u0117s nagai gra\u017eiai nukirpti ir pri\u017ei\u016br\u0117ti, visi tokio tipo gaminiai tarnaus dar ilgiau.<\/p>\n<p>I\u0161 karto sand\u0117lyje!<\/p>\n","protected":false},"featured_media":43361,"template":"","meta":[],"product_brand":[],"product_cat":[519],"product_tag":[],"class_list":{"0":"post-42809","1":"product","2":"type-product","3":"status-publish","4":"has-post-thumbnail","6":"product_cat-kaciu-guoliai","7":"product_shipping_class-pakiautomaati-sobimatu-lt","9":"first","10":"instock","11":"sale","12":"taxable","13":"shipping-taxable","14":"purchasable","15":"product-type-simple"},"yoast_head":"<!-- This site is optimized with the Yoast SEO plugin v27.4 - https:\/\/yoast.com\/product\/yoast-seo-wordpress\/ -->\n<title>Draskymo pagrindas LODGE 40 cm, Streaks - MiuMjau<\/title>\n<meta name=\"robots\" content=\"index, follow, max-snippet:-1, max-image-preview:large, max-video-preview:-1\" \/>\n<link rel=\"canonical\" href=\"https:\/\/miumjau.ee\/lt\/produktas\/draskymo-pagrindas-lodge-40-cm-streaks\/\" \/>\n<meta property=\"og:locale\" content=\"lt_LT\" \/>\n<meta property=\"og:type\" content=\"article\" \/>\n<meta property=\"og:title\" content=\"Draskymo pagrindas LODGE 40 cm, Streaks - MiuMjau\" \/>\n<meta property=\"og:description\" content=\"Draskymo pagrindas Lodge i\u0161 \u010cekijos gamintojo Ekomazlicek Draskymo dalies gylis 40 cm Ilgis 50 cm Auk\u0161tis 23 cm I\u0161manus draskymo tunelis ir \u017eaidim\u0173 erdv\u0117 katei. \u010cia galima draskyti i\u0161 \u0161irdies! Labai miela i\u0161vaizda! Visi m\u016bs\u0173 draskymo pagrindai pagaminti i\u0161 kokybi\u0161ko penki\u0173 sluoksni\u0173 gofruoto kartono. \u0160io modelio priekis ir galas \u2013 i\u0161 medin\u0117s faneros. Tik toks kokybi\u0161kas kartonas ilgai atlaiko leten\u0117li\u0173 nagus. Kai draskymo dalis susid\u0117vi, gamin\u012f galite lengvai perdirbti kaip popieriaus atliekas. B\u016bkime draugi\u0161ki aplinkai ir elkim\u0117s ekologi\u0161kai. Informacija: jei po modelio pavadinimo nurodyta \u201eexclusive\u201c, tai rei\u0161kia, kad priekis ir galas padengti fanera d\u0117l papildomo prabangumo ir ilgaam\u017ei\u0161kesn\u0117s estetikos. Draskymo stulpai ir pagrindai daugiausia skirti patenkinti draskymo poreik\u012f ir taip gerinti savijaut\u0105, ne vien nagams gal\u0105sti. Jei kat\u0117s nagai gra\u017eiai nukirpti ir pri\u017ei\u016br\u0117ti, visi tokio tipo gaminiai tarnaus dar ilgiau. I\u0161 karto sand\u0117lyje!\" \/>\n<meta property=\"og:url\" content=\"https:\/\/miumjau.ee\/lt\/produktas\/draskymo-pagrindas-lodge-40-cm-streaks\/\" \/>\n<meta property=\"og:site_name\" content=\"MiuMjau\" \/>\n<meta property=\"article:publisher\" content=\"https:\/\/www.facebook.com\/miumjaupood\/\" \/>\n<meta property=\"article:modified_time\" content=\"2026-01-07T18:51:46+00:00\" \/>\n<meta property=\"og:image\" content=\"https:\/\/miumjau.ee\/wp-content\/uploads\/2024\/01\/kraapimisalus-lodge-streaks.png\" \/>\n\t<meta property=\"og:image:width\" content=\"600\" \/>\n\t<meta property=\"og:image:height\" content=\"600\" \/>\n\t<meta property=\"og:image:type\" content=\"image\/png\" \/>\n<meta name=\"twitter:card\" content=\"summary_large_image\" \/>\n<script type=\"application\/ld+json\" class=\"yoast-schema-graph\">{\"@context\":\"https:\\\/\\\/schema.org\",\"@graph\":[{\"@type\":\"WebPage\",\"@id\":\"https:\\\/\\\/miumjau.ee\\\/lt\\\/produktas\\\/draskymo-pagrindas-lodge-40-cm-streaks\\\/\",\"url\":\"https:\\\/\\\/miumjau.ee\\\/lt\\\/produktas\\\/draskymo-pagrindas-lodge-40-cm-streaks\\\/\",\"name\":\"Draskymo pagrindas LODGE 40 cm, Streaks - MiuMjau\",\"isPartOf\":{\"@id\":\"https:\\\/\\\/miumjau.ee\\\/#website\"},\"primaryImageOfPage\":{\"@id\":\"https:\\\/\\\/miumjau.ee\\\/lt\\\/produktas\\\/draskymo-pagrindas-lodge-40-cm-streaks\\\/#primaryimage\"},\"image\":{\"@id\":\"https:\\\/\\\/miumjau.ee\\\/lt\\\/produktas\\\/draskymo-pagrindas-lodge-40-cm-streaks\\\/#primaryimage\"},\"thumbnailUrl\":\"https:\\\/\\\/miumjau.ee\\\/wp-content\\\/uploads\\\/2024\\\/01\\\/kraapimisalus-lodge-streaks.png\",\"datePublished\":\"2024-01-16T11:59:06+00:00\",\"dateModified\":\"2026-01-07T18:51:46+00:00\",\"breadcrumb\":{\"@id\":\"https:\\\/\\\/miumjau.ee\\\/lt\\\/produktas\\\/draskymo-pagrindas-lodge-40-cm-streaks\\\/#breadcrumb\"},\"inLanguage\":\"lt-LT\",\"potentialAction\":[{\"@type\":\"ReadAction\",\"target\":[\"https:\\\/\\\/miumjau.ee\\\/lt\\\/produktas\\\/draskymo-pagrindas-lodge-40-cm-streaks\\\/\"]}]},{\"@type\":\"ImageObject\",\"inLanguage\":\"lt-LT\",\"@id\":\"https:\\\/\\\/miumjau.ee\\\/lt\\\/produktas\\\/draskymo-pagrindas-lodge-40-cm-streaks\\\/#primaryimage\",\"url\":\"https:\\\/\\\/miumjau.ee\\\/wp-content\\\/uploads\\\/2024\\\/01\\\/kraapimisalus-lodge-streaks.png\",\"contentUrl\":\"https:\\\/\\\/miumjau.ee\\\/wp-content\\\/uploads\\\/2024\\\/01\\\/kraapimisalus-lodge-streaks.png\",\"width\":600,\"height\":600,\"caption\":\"Kraapimisalus LODGE STreaks Ekomazlicek\"},{\"@type\":\"BreadcrumbList\",\"@id\":\"https:\\\/\\\/miumjau.ee\\\/lt\\\/produktas\\\/draskymo-pagrindas-lodge-40-cm-streaks\\\/#breadcrumb\",\"itemListElement\":[{\"@type\":\"ListItem\",\"position\":1,\"name\":\"Home\",\"item\":\"https:\\\/\\\/miumjau.ee\\\/lt\\\/\"},{\"@type\":\"ListItem\",\"position\":2,\"name\":\"Parduotuv\u0117\",\"item\":\"https:\\\/\\\/miumjau.ee\\\/lt\\\/parduotuve\\\/\"},{\"@type\":\"ListItem\",\"position\":3,\"name\":\"Draskymo pagrindas LODGE 40 cm, Streaks\"}]},{\"@type\":\"WebSite\",\"@id\":\"https:\\\/\\\/miumjau.ee\\\/#website\",\"url\":\"https:\\\/\\\/miumjau.ee\\\/\",\"name\":\"MiuMjau\",\"description\":\"Kraapimispuud kassidele\",\"publisher\":{\"@id\":\"https:\\\/\\\/miumjau.ee\\\/#organization\"},\"potentialAction\":[{\"@type\":\"SearchAction\",\"target\":{\"@type\":\"EntryPoint\",\"urlTemplate\":\"https:\\\/\\\/miumjau.ee\\\/?s={search_term_string}\"},\"query-input\":{\"@type\":\"PropertyValueSpecification\",\"valueRequired\":true,\"valueName\":\"search_term_string\"}}],\"inLanguage\":\"lt-LT\"},{\"@type\":\"Organization\",\"@id\":\"https:\\\/\\\/miumjau.ee\\\/#organization\",\"name\":\"MiuMjau O\u00dc\",\"url\":\"https:\\\/\\\/miumjau.ee\\\/\",\"logo\":{\"@type\":\"ImageObject\",\"inLanguage\":\"lt-LT\",\"@id\":\"https:\\\/\\\/miumjau.ee\\\/#\\\/schema\\\/logo\\\/image\\\/\",\"url\":\"https:\\\/\\\/miumjau.ee\\\/wp-content\\\/uploads\\\/2022\\\/04\\\/MiuMjau-logo-kollane.png\",\"contentUrl\":\"https:\\\/\\\/miumjau.ee\\\/wp-content\\\/uploads\\\/2022\\\/04\\\/MiuMjau-logo-kollane.png\",\"width\":219,\"height\":100,\"caption\":\"MiuMjau O\u00dc\"},\"image\":{\"@id\":\"https:\\\/\\\/miumjau.ee\\\/#\\\/schema\\\/logo\\\/image\\\/\"},\"sameAs\":[\"https:\\\/\\\/www.facebook.com\\\/miumjaupood\\\/\"]}]}<\/script>\n<!-- \/ Yoast SEO plugin. -->","yoast_head_json":{"title":"Draskymo pagrindas LODGE 40 cm, Streaks - MiuMjau","robots":{"index":"index","follow":"follow","max-snippet":"max-snippet:-1","max-image-preview":"max-image-preview:large","max-video-preview":"max-video-preview:-1"},"canonical":"https:\/\/miumjau.ee\/lt\/produktas\/draskymo-pagrindas-lodge-40-cm-streaks\/","og_locale":"lt_LT","og_type":"article","og_title":"Draskymo pagrindas LODGE 40 cm, Streaks - MiuMjau","og_description":"Draskymo pagrindas Lodge i\u0161 \u010cekijos gamintojo Ekomazlicek Draskymo dalies gylis 40 cm Ilgis 50 cm Auk\u0161tis 23 cm I\u0161manus draskymo tunelis ir \u017eaidim\u0173 erdv\u0117 katei. \u010cia galima draskyti i\u0161 \u0161irdies! Labai miela i\u0161vaizda! Visi m\u016bs\u0173 draskymo pagrindai pagaminti i\u0161 kokybi\u0161ko penki\u0173 sluoksni\u0173 gofruoto kartono. \u0160io modelio priekis ir galas \u2013 i\u0161 medin\u0117s faneros. Tik toks kokybi\u0161kas kartonas ilgai atlaiko leten\u0117li\u0173 nagus. Kai draskymo dalis susid\u0117vi, gamin\u012f galite lengvai perdirbti kaip popieriaus atliekas. B\u016bkime draugi\u0161ki aplinkai ir elkim\u0117s ekologi\u0161kai. Informacija: jei po modelio pavadinimo nurodyta \u201eexclusive\u201c, tai rei\u0161kia, kad priekis ir galas padengti fanera d\u0117l papildomo prabangumo ir ilgaam\u017ei\u0161kesn\u0117s estetikos. Draskymo stulpai ir pagrindai daugiausia skirti patenkinti draskymo poreik\u012f ir taip gerinti savijaut\u0105, ne vien nagams gal\u0105sti. Jei kat\u0117s nagai gra\u017eiai nukirpti ir pri\u017ei\u016br\u0117ti, visi tokio tipo gaminiai tarnaus dar ilgiau. I\u0161 karto sand\u0117lyje!","og_url":"https:\/\/miumjau.ee\/lt\/produktas\/draskymo-pagrindas-lodge-40-cm-streaks\/","og_site_name":"MiuMjau","article_publisher":"https:\/\/www.facebook.com\/miumjaupood\/","article_modified_time":"2026-01-07T18:51:46+00:00","og_image":[{"width":600,"height":600,"url":"https:\/\/miumjau.ee\/wp-content\/uploads\/2024\/01\/kraapimisalus-lodge-streaks.png","type":"image\/png"}],"twitter_card":"summary_large_image","schema":{"@context":"https:\/\/schema.org","@graph":[{"@type":"WebPage","@id":"https:\/\/miumjau.ee\/lt\/produktas\/draskymo-pagrindas-lodge-40-cm-streaks\/","url":"https:\/\/miumjau.ee\/lt\/produktas\/draskymo-pagrindas-lodge-40-cm-streaks\/","name":"Draskymo pagrindas LODGE 40 cm, Streaks - MiuMjau","isPartOf":{"@id":"https:\/\/miumjau.ee\/#website"},"primaryImageOfPage":{"@id":"https:\/\/miumjau.ee\/lt\/produktas\/draskymo-pagrindas-lodge-40-cm-streaks\/#primaryimage"},"image":{"@id":"https:\/\/miumjau.ee\/lt\/produktas\/draskymo-pagrindas-lodge-40-cm-streaks\/#primaryimage"},"thumbnailUrl":"https:\/\/miumjau.ee\/wp-content\/uploads\/2024\/01\/kraapimisalus-lodge-streaks.png","datePublished":"2024-01-16T11:59:06+00:00","dateModified":"2026-01-07T18:51:46+00:00","breadcrumb":{"@id":"https:\/\/miumjau.ee\/lt\/produktas\/draskymo-pagrindas-lodge-40-cm-streaks\/#breadcrumb"},"inLanguage":"lt-LT","potentialAction":[{"@type":"ReadAction","target":["https:\/\/miumjau.ee\/lt\/produktas\/draskymo-pagrindas-lodge-40-cm-streaks\/"]}]},{"@type":"ImageObject","inLanguage":"lt-LT","@id":"https:\/\/miumjau.ee\/lt\/produktas\/draskymo-pagrindas-lodge-40-cm-streaks\/#primaryimage","url":"https:\/\/miumjau.ee\/wp-content\/uploads\/2024\/01\/kraapimisalus-lodge-streaks.png","contentUrl":"https:\/\/miumjau.ee\/wp-content\/uploads\/2024\/01\/kraapimisalus-lodge-streaks.png","width":600,"height":600,"caption":"Kraapimisalus LODGE STreaks Ekomazlicek"},{"@type":"BreadcrumbList","@id":"https:\/\/miumjau.ee\/lt\/produktas\/draskymo-pagrindas-lodge-40-cm-streaks\/#breadcrumb","itemListElement":[{"@type":"ListItem","position":1,"name":"Home","item":"https:\/\/miumjau.ee\/lt\/"},{"@type":"ListItem","position":2,"name":"Parduotuv\u0117","item":"https:\/\/miumjau.ee\/lt\/parduotuve\/"},{"@type":"ListItem","position":3,"name":"Draskymo pagrindas LODGE 40 cm, Streaks"}]},{"@type":"WebSite","@id":"https:\/\/miumjau.ee\/#website","url":"https:\/\/miumjau.ee\/","name":"MiuMjau","description":"Kraapimispuud kassidele","publisher":{"@id":"https:\/\/miumjau.ee\/#organization"},"potentialAction":[{"@type":"SearchAction","target":{"@type":"EntryPoint","urlTemplate":"https:\/\/miumjau.ee\/?s={search_term_string}"},"query-input":{"@type":"PropertyValueSpecification","valueRequired":true,"valueName":"search_term_string"}}],"inLanguage":"lt-LT"},{"@type":"Organization","@id":"https:\/\/miumjau.ee\/#organization","name":"MiuMjau O\u00dc","url":"https:\/\/miumjau.ee\/","logo":{"@type":"ImageObject","inLanguage":"lt-LT","@id":"https:\/\/miumjau.ee\/#\/schema\/logo\/image\/","url":"https:\/\/miumjau.ee\/wp-content\/uploads\/2022\/04\/MiuMjau-logo-kollane.png","contentUrl":"https:\/\/miumjau.ee\/wp-content\/uploads\/2022\/04\/MiuMjau-logo-kollane.png","width":219,"height":100,"caption":"MiuMjau O\u00dc"},"image":{"@id":"https:\/\/miumjau.ee\/#\/schema\/logo\/image\/"},"sameAs":["https:\/\/www.facebook.com\/miumjaupood\/"]}]}},"_links":{"self":[{"href":"https:\/\/miumjau.ee\/lt\/wp-json\/wp\/v2\/product\/42809","targetHints":{"allow":["GET"]}}],"collection":[{"href":"https:\/\/miumjau.ee\/lt\/wp-json\/wp\/v2\/product"}],"about":[{"href":"https:\/\/miumjau.ee\/lt\/wp-json\/wp\/v2\/types\/product"}],"wp:featuredmedia":[{"embeddable":true,"href":"https:\/\/miumjau.ee\/lt\/wp-json\/wp\/v2\/media\/43361"}],"wp:attachment":[{"href":"https:\/\/miumjau.ee\/lt\/wp-json\/wp\/v2\/media?parent=42809"}],"wp:term":[{"taxonomy":"product_brand","embeddable":true,"href":"https:\/\/miumjau.ee\/lt\/wp-json\/wp\/v2\/product_brand?post=42809"},{"taxonomy":"product_cat","embeddable":true,"href":"https:\/\/miumjau.ee\/lt\/wp-json\/wp\/v2\/product_cat?post=42809"},{"taxonomy":"product_tag","embeddable":true,"href":"https:\/\/miumjau.ee\/lt\/wp-json\/wp\/v2\/product_tag?post=42809"}],"curies":[{"name":"wp","href":"https:\/\/api.w.org\/{rel}","templated":true}]}}