{"id":42793,"date":"2024-01-14T15:31:05","date_gmt":"2024-01-14T13:31:05","guid":{"rendered":"https:\/\/miumjau.ee\/toode\/draskymo-pagrindas-catty-exclusive-nut\/"},"modified":"2026-01-07T20:51:54","modified_gmt":"2026-01-07T18:51:54","slug":"draskymo-pagrindas-catty-exclusive-nut","status":"publish","type":"product","link":"https:\/\/miumjau.ee\/lt\/produktas\/draskymo-pagrindas-catty-exclusive-nut\/","title":{"rendered":"Draskymo pagrindas Catty exclusive, nut"},"content":{"rendered":"","protected":false},"excerpt":{"rendered":"<p>Draskymo pagrindas Catty Exclusive i\u0161 \u010cekijos gamintojo Ekomazlicek<\/p>\n<p>Draskymo dalies gylis 50 cm<br \/>\nIlgis 40 cm<br \/>\nAuk\u0161tis 33 cm<\/p>\n<p>I\u0161manus draskymo tunelis, sl\u0117ptuv\u0117 ir \u017eaidim\u0173 vieta katei. Pakankamai gilus ir didesn\u0117ms kat\u0117ms. Labai miela i\u0161vaizda!<\/p>\n<p>Visi m\u016bs\u0173 draskymo pagrindai pagaminti i\u0161 kokybi\u0161ko penki\u0173 sluoksni\u0173 gofruoto kartono. \u0160io modelio priekis ir galas \u2013 i\u0161 medin\u0117s faneros. Tik toks kokybi\u0161kas kartonas ilgai atlaiko leten\u0117li\u0173 nagus. Susid\u0117v\u0117jus gal\u0117site lengvai perdirbti kaip popieriaus atliekas \u2013 elkim\u0117s ekologi\u0161kai.<\/p>\n<p>Info: jei po modelio pavadinimo nurodyta \u201eexclusive\u201c, vadinasi, priekin\u0117 ir galin\u0117 dalys padengtos fanera d\u0117l papildomo prabangumo ir ilgaam\u017ei\u0161kesn\u0117s estetikos. Draskymo stulpai ir pagrindai daugiausia skirti patenkinti draskymo poreik\u012f ir taip gerinti savijaut\u0105, ne vien nagams gal\u0105sti. Jei kat\u0117s nagai gra\u017eiai nukirpti ir pri\u017ei\u016br\u0117ti, visi tokio tipo gaminiai tarnaus dar ilgiau.<\/p>\n<p>I\u0161 karto sand\u0117lyje!<\/p>\n","protected":false},"featured_media":43314,"template":"","meta":[],"product_brand":[],"product_cat":[519],"product_tag":[],"class_list":{"0":"post-42793","1":"product","2":"type-product","3":"status-publish","4":"has-post-thumbnail","6":"product_cat-kaciu-guoliai","7":"product_shipping_class-pakiautomaati-sobimatu-lt","9":"first","10":"instock","11":"sale","12":"taxable","13":"shipping-taxable","14":"purchasable","15":"product-type-simple"},"yoast_head":"<!-- This site is optimized with the Yoast SEO plugin v27.2 - https:\/\/yoast.com\/product\/yoast-seo-wordpress\/ -->\n<title>Draskymo pagrindas Catty exclusive, nut - MiuMjau<\/title>\n<meta name=\"robots\" content=\"index, follow, max-snippet:-1, max-image-preview:large, max-video-preview:-1\" \/>\n<link rel=\"canonical\" href=\"https:\/\/miumjau.ee\/lt\/produktas\/draskymo-pagrindas-catty-exclusive-nut\/\" \/>\n<meta property=\"og:locale\" content=\"lt_LT\" \/>\n<meta property=\"og:type\" content=\"article\" \/>\n<meta property=\"og:title\" content=\"Draskymo pagrindas Catty exclusive, nut - MiuMjau\" \/>\n<meta property=\"og:description\" content=\"Draskymo pagrindas Catty Exclusive i\u0161 \u010cekijos gamintojo Ekomazlicek Draskymo dalies gylis 50 cm Ilgis 40 cm Auk\u0161tis 33 cm I\u0161manus draskymo tunelis, sl\u0117ptuv\u0117 ir \u017eaidim\u0173 vieta katei. Pakankamai gilus ir didesn\u0117ms kat\u0117ms. Labai miela i\u0161vaizda! Visi m\u016bs\u0173 draskymo pagrindai pagaminti i\u0161 kokybi\u0161ko penki\u0173 sluoksni\u0173 gofruoto kartono. \u0160io modelio priekis ir galas \u2013 i\u0161 medin\u0117s faneros. Tik toks kokybi\u0161kas kartonas ilgai atlaiko leten\u0117li\u0173 nagus. Susid\u0117v\u0117jus gal\u0117site lengvai perdirbti kaip popieriaus atliekas \u2013 elkim\u0117s ekologi\u0161kai. Info: jei po modelio pavadinimo nurodyta \u201eexclusive\u201c, vadinasi, priekin\u0117 ir galin\u0117 dalys padengtos fanera d\u0117l papildomo prabangumo ir ilgaam\u017ei\u0161kesn\u0117s estetikos. Draskymo stulpai ir pagrindai daugiausia skirti patenkinti draskymo poreik\u012f ir taip gerinti savijaut\u0105, ne vien nagams gal\u0105sti. Jei kat\u0117s nagai gra\u017eiai nukirpti ir pri\u017ei\u016br\u0117ti, visi tokio tipo gaminiai tarnaus dar ilgiau. I\u0161 karto sand\u0117lyje!\" \/>\n<meta property=\"og:url\" content=\"https:\/\/miumjau.ee\/lt\/produktas\/draskymo-pagrindas-catty-exclusive-nut\/\" \/>\n<meta property=\"og:site_name\" content=\"MiuMjau\" \/>\n<meta property=\"article:publisher\" content=\"https:\/\/www.facebook.com\/miumjaupood\/\" \/>\n<meta property=\"article:modified_time\" content=\"2026-01-07T18:51:54+00:00\" \/>\n<meta property=\"og:image\" content=\"https:\/\/miumjau.ee\/wp-content\/uploads\/2024\/01\/kraapimsalus-catty-exclusive-nut1.png\" \/>\n\t<meta property=\"og:image:width\" content=\"600\" \/>\n\t<meta property=\"og:image:height\" content=\"600\" \/>\n\t<meta property=\"og:image:type\" content=\"image\/png\" \/>\n<meta name=\"twitter:card\" content=\"summary_large_image\" \/>\n<script type=\"application\/ld+json\" class=\"yoast-schema-graph\">{\"@context\":\"https:\/\/schema.org\",\"@graph\":[{\"@type\":\"WebPage\",\"@id\":\"https:\/\/miumjau.ee\/lt\/produktas\/draskymo-pagrindas-catty-exclusive-nut\/\",\"url\":\"https:\/\/miumjau.ee\/lt\/produktas\/draskymo-pagrindas-catty-exclusive-nut\/\",\"name\":\"Draskymo pagrindas Catty exclusive, nut - MiuMjau\",\"isPartOf\":{\"@id\":\"https:\/\/miumjau.ee\/#website\"},\"primaryImageOfPage\":{\"@id\":\"https:\/\/miumjau.ee\/lt\/produktas\/draskymo-pagrindas-catty-exclusive-nut\/#primaryimage\"},\"image\":{\"@id\":\"https:\/\/miumjau.ee\/lt\/produktas\/draskymo-pagrindas-catty-exclusive-nut\/#primaryimage\"},\"thumbnailUrl\":\"https:\/\/miumjau.ee\/wp-content\/uploads\/2024\/01\/kraapimsalus-catty-exclusive-nut1.png\",\"datePublished\":\"2024-01-14T13:31:05+00:00\",\"dateModified\":\"2026-01-07T18:51:54+00:00\",\"breadcrumb\":{\"@id\":\"https:\/\/miumjau.ee\/lt\/produktas\/draskymo-pagrindas-catty-exclusive-nut\/#breadcrumb\"},\"inLanguage\":\"lt-LT\",\"potentialAction\":[{\"@type\":\"ReadAction\",\"target\":[\"https:\/\/miumjau.ee\/lt\/produktas\/draskymo-pagrindas-catty-exclusive-nut\/\"]}]},{\"@type\":\"ImageObject\",\"inLanguage\":\"lt-LT\",\"@id\":\"https:\/\/miumjau.ee\/lt\/produktas\/draskymo-pagrindas-catty-exclusive-nut\/#primaryimage\",\"url\":\"https:\/\/miumjau.ee\/wp-content\/uploads\/2024\/01\/kraapimsalus-catty-exclusive-nut1.png\",\"contentUrl\":\"https:\/\/miumjau.ee\/wp-content\/uploads\/2024\/01\/kraapimsalus-catty-exclusive-nut1.png\",\"width\":600,\"height\":600,\"caption\":\"Kraapimisalus Catty exclusive ekomazlicek\"},{\"@type\":\"BreadcrumbList\",\"@id\":\"https:\/\/miumjau.ee\/lt\/produktas\/draskymo-pagrindas-catty-exclusive-nut\/#breadcrumb\",\"itemListElement\":[{\"@type\":\"ListItem\",\"position\":1,\"name\":\"Home\",\"item\":\"https:\/\/miumjau.ee\/lt\/\"},{\"@type\":\"ListItem\",\"position\":2,\"name\":\"Parduotuv\u0117\",\"item\":\"https:\/\/miumjau.ee\/lt\/parduotuve\/\"},{\"@type\":\"ListItem\",\"position\":3,\"name\":\"Draskymo pagrindas Catty exclusive, nut\"}]},{\"@type\":\"WebSite\",\"@id\":\"https:\/\/miumjau.ee\/#website\",\"url\":\"https:\/\/miumjau.ee\/\",\"name\":\"MiuMjau\",\"description\":\"Kraapimispuud kassidele\",\"publisher\":{\"@id\":\"https:\/\/miumjau.ee\/#organization\"},\"potentialAction\":[{\"@type\":\"SearchAction\",\"target\":{\"@type\":\"EntryPoint\",\"urlTemplate\":\"https:\/\/miumjau.ee\/?s={search_term_string}\"},\"query-input\":{\"@type\":\"PropertyValueSpecification\",\"valueRequired\":true,\"valueName\":\"search_term_string\"}}],\"inLanguage\":\"lt-LT\"},{\"@type\":\"Organization\",\"@id\":\"https:\/\/miumjau.ee\/#organization\",\"name\":\"MiuMjau O\u00dc\",\"url\":\"https:\/\/miumjau.ee\/\",\"logo\":{\"@type\":\"ImageObject\",\"inLanguage\":\"lt-LT\",\"@id\":\"https:\/\/miumjau.ee\/#\/schema\/logo\/image\/\",\"url\":\"https:\/\/miumjau.ee\/wp-content\/uploads\/2022\/04\/MiuMjau-logo-kollane.png\",\"contentUrl\":\"https:\/\/miumjau.ee\/wp-content\/uploads\/2022\/04\/MiuMjau-logo-kollane.png\",\"width\":219,\"height\":100,\"caption\":\"MiuMjau O\u00dc\"},\"image\":{\"@id\":\"https:\/\/miumjau.ee\/#\/schema\/logo\/image\/\"},\"sameAs\":[\"https:\/\/www.facebook.com\/miumjaupood\/\"]}]}<\/script>\n<!-- \/ Yoast SEO plugin. -->","yoast_head_json":{"title":"Draskymo pagrindas Catty exclusive, nut - MiuMjau","robots":{"index":"index","follow":"follow","max-snippet":"max-snippet:-1","max-image-preview":"max-image-preview:large","max-video-preview":"max-video-preview:-1"},"canonical":"https:\/\/miumjau.ee\/lt\/produktas\/draskymo-pagrindas-catty-exclusive-nut\/","og_locale":"lt_LT","og_type":"article","og_title":"Draskymo pagrindas Catty exclusive, nut - MiuMjau","og_description":"Draskymo pagrindas Catty Exclusive i\u0161 \u010cekijos gamintojo Ekomazlicek Draskymo dalies gylis 50 cm Ilgis 40 cm Auk\u0161tis 33 cm I\u0161manus draskymo tunelis, sl\u0117ptuv\u0117 ir \u017eaidim\u0173 vieta katei. Pakankamai gilus ir didesn\u0117ms kat\u0117ms. Labai miela i\u0161vaizda! Visi m\u016bs\u0173 draskymo pagrindai pagaminti i\u0161 kokybi\u0161ko penki\u0173 sluoksni\u0173 gofruoto kartono. \u0160io modelio priekis ir galas \u2013 i\u0161 medin\u0117s faneros. Tik toks kokybi\u0161kas kartonas ilgai atlaiko leten\u0117li\u0173 nagus. Susid\u0117v\u0117jus gal\u0117site lengvai perdirbti kaip popieriaus atliekas \u2013 elkim\u0117s ekologi\u0161kai. Info: jei po modelio pavadinimo nurodyta \u201eexclusive\u201c, vadinasi, priekin\u0117 ir galin\u0117 dalys padengtos fanera d\u0117l papildomo prabangumo ir ilgaam\u017ei\u0161kesn\u0117s estetikos. Draskymo stulpai ir pagrindai daugiausia skirti patenkinti draskymo poreik\u012f ir taip gerinti savijaut\u0105, ne vien nagams gal\u0105sti. Jei kat\u0117s nagai gra\u017eiai nukirpti ir pri\u017ei\u016br\u0117ti, visi tokio tipo gaminiai tarnaus dar ilgiau. I\u0161 karto sand\u0117lyje!","og_url":"https:\/\/miumjau.ee\/lt\/produktas\/draskymo-pagrindas-catty-exclusive-nut\/","og_site_name":"MiuMjau","article_publisher":"https:\/\/www.facebook.com\/miumjaupood\/","article_modified_time":"2026-01-07T18:51:54+00:00","og_image":[{"width":600,"height":600,"url":"https:\/\/miumjau.ee\/wp-content\/uploads\/2024\/01\/kraapimsalus-catty-exclusive-nut1.png","type":"image\/png"}],"twitter_card":"summary_large_image","schema":{"@context":"https:\/\/schema.org","@graph":[{"@type":"WebPage","@id":"https:\/\/miumjau.ee\/lt\/produktas\/draskymo-pagrindas-catty-exclusive-nut\/","url":"https:\/\/miumjau.ee\/lt\/produktas\/draskymo-pagrindas-catty-exclusive-nut\/","name":"Draskymo pagrindas Catty exclusive, nut - MiuMjau","isPartOf":{"@id":"https:\/\/miumjau.ee\/#website"},"primaryImageOfPage":{"@id":"https:\/\/miumjau.ee\/lt\/produktas\/draskymo-pagrindas-catty-exclusive-nut\/#primaryimage"},"image":{"@id":"https:\/\/miumjau.ee\/lt\/produktas\/draskymo-pagrindas-catty-exclusive-nut\/#primaryimage"},"thumbnailUrl":"https:\/\/miumjau.ee\/wp-content\/uploads\/2024\/01\/kraapimsalus-catty-exclusive-nut1.png","datePublished":"2024-01-14T13:31:05+00:00","dateModified":"2026-01-07T18:51:54+00:00","breadcrumb":{"@id":"https:\/\/miumjau.ee\/lt\/produktas\/draskymo-pagrindas-catty-exclusive-nut\/#breadcrumb"},"inLanguage":"lt-LT","potentialAction":[{"@type":"ReadAction","target":["https:\/\/miumjau.ee\/lt\/produktas\/draskymo-pagrindas-catty-exclusive-nut\/"]}]},{"@type":"ImageObject","inLanguage":"lt-LT","@id":"https:\/\/miumjau.ee\/lt\/produktas\/draskymo-pagrindas-catty-exclusive-nut\/#primaryimage","url":"https:\/\/miumjau.ee\/wp-content\/uploads\/2024\/01\/kraapimsalus-catty-exclusive-nut1.png","contentUrl":"https:\/\/miumjau.ee\/wp-content\/uploads\/2024\/01\/kraapimsalus-catty-exclusive-nut1.png","width":600,"height":600,"caption":"Kraapimisalus Catty exclusive ekomazlicek"},{"@type":"BreadcrumbList","@id":"https:\/\/miumjau.ee\/lt\/produktas\/draskymo-pagrindas-catty-exclusive-nut\/#breadcrumb","itemListElement":[{"@type":"ListItem","position":1,"name":"Home","item":"https:\/\/miumjau.ee\/lt\/"},{"@type":"ListItem","position":2,"name":"Parduotuv\u0117","item":"https:\/\/miumjau.ee\/lt\/parduotuve\/"},{"@type":"ListItem","position":3,"name":"Draskymo pagrindas Catty exclusive, nut"}]},{"@type":"WebSite","@id":"https:\/\/miumjau.ee\/#website","url":"https:\/\/miumjau.ee\/","name":"MiuMjau","description":"Kraapimispuud kassidele","publisher":{"@id":"https:\/\/miumjau.ee\/#organization"},"potentialAction":[{"@type":"SearchAction","target":{"@type":"EntryPoint","urlTemplate":"https:\/\/miumjau.ee\/?s={search_term_string}"},"query-input":{"@type":"PropertyValueSpecification","valueRequired":true,"valueName":"search_term_string"}}],"inLanguage":"lt-LT"},{"@type":"Organization","@id":"https:\/\/miumjau.ee\/#organization","name":"MiuMjau O\u00dc","url":"https:\/\/miumjau.ee\/","logo":{"@type":"ImageObject","inLanguage":"lt-LT","@id":"https:\/\/miumjau.ee\/#\/schema\/logo\/image\/","url":"https:\/\/miumjau.ee\/wp-content\/uploads\/2022\/04\/MiuMjau-logo-kollane.png","contentUrl":"https:\/\/miumjau.ee\/wp-content\/uploads\/2022\/04\/MiuMjau-logo-kollane.png","width":219,"height":100,"caption":"MiuMjau O\u00dc"},"image":{"@id":"https:\/\/miumjau.ee\/#\/schema\/logo\/image\/"},"sameAs":["https:\/\/www.facebook.com\/miumjaupood\/"]}]}},"_links":{"self":[{"href":"https:\/\/miumjau.ee\/lt\/wp-json\/wp\/v2\/product\/42793","targetHints":{"allow":["GET"]}}],"collection":[{"href":"https:\/\/miumjau.ee\/lt\/wp-json\/wp\/v2\/product"}],"about":[{"href":"https:\/\/miumjau.ee\/lt\/wp-json\/wp\/v2\/types\/product"}],"wp:featuredmedia":[{"embeddable":true,"href":"https:\/\/miumjau.ee\/lt\/wp-json\/wp\/v2\/media\/43314"}],"wp:attachment":[{"href":"https:\/\/miumjau.ee\/lt\/wp-json\/wp\/v2\/media?parent=42793"}],"wp:term":[{"taxonomy":"product_brand","embeddable":true,"href":"https:\/\/miumjau.ee\/lt\/wp-json\/wp\/v2\/product_brand?post=42793"},{"taxonomy":"product_cat","embeddable":true,"href":"https:\/\/miumjau.ee\/lt\/wp-json\/wp\/v2\/product_cat?post=42793"},{"taxonomy":"product_tag","embeddable":true,"href":"https:\/\/miumjau.ee\/lt\/wp-json\/wp\/v2\/product_tag?post=42793"}],"curies":[{"name":"wp","href":"https:\/\/api.w.org\/{rel}","templated":true}]}}