{"id":42780,"date":"2024-01-06T14:24:30","date_gmt":"2024-01-06T12:24:30","guid":{"rendered":"https:\/\/miumjau.ee\/toode\/pakabinamas-tiltas-sienai-bridge-135-wenge\/"},"modified":"2026-01-07T20:52:01","modified_gmt":"2026-01-07T18:52:01","slug":"pakabinamas-tiltas-sienai-bridge-135-wenge","status":"publish","type":"product","link":"https:\/\/miumjau.ee\/lt\/produktas\/pakabinamas-tiltas-sienai-bridge-135-wenge\/","title":{"rendered":"Pakabinamas tiltas sienai Bridge 135, wenge"},"content":{"rendered":"","protected":false},"excerpt":{"rendered":"<p>&lt;p&gt;Pakabinamas tiltas Bridge 135 \u2013 unikalus ir itin stilingas sieninis tiltas kat\u0117ms. Paprastai pasirenkami tik paprasti elementai, pvz., pakopos ar guoliai, ta\u010diau su \u0161iuo tiltu tikrai i\u0161siskirsite! Kiekviena kat\u0117 negali sau leisti tokio \u201eliukso\u201c&#8230; Kat\u0117ms labai smagu, kai jos gali l\u0117kti per pakopas ir tiltus tiesiai \u012f guol\u012f \u2013 kod\u0117l gi pakeliui nepagalandus nag\u0173? J\u016bs\u0173 kat\u0117 tikrai bus laiminga d\u0117l tokios laipiojimo sienos! Wall of Rebels kolekcija si\u016blo plat\u0173 element\u0173 pasirinkim\u0105, kuriuos galima derinti pagal kat\u0117s poreikius ir j\u016bs\u0173 skon\u012f.&lt;\/p&gt;<\/p>\n<p>&lt;ul&gt;<br \/>\n&lt;li&gt;Matmenys \u2013 ilgis 135 cm, plotis 40 cm&lt;\/li&gt;<br \/>\n&lt;li&gt;Pagaminta i\u0161 eukalipto medienos&lt;\/li&gt;<br \/>\n&lt;li&gt;Padengta nuimamu sisaliniu kilim\u0117liu&lt;\/li&gt;<br \/>\n&lt;li&gt;Komplekte 2\u00d7 Bridge 43 laikikliai ir visa reikalinga tvirtinimo \u012franga&lt;\/li&gt;<br \/>\n&lt;\/ul&gt;<\/p>\n","protected":false},"featured_media":43276,"template":"","meta":[],"product_brand":[],"product_cat":[517],"product_tag":[],"class_list":{"0":"post-42780","1":"product","2":"type-product","3":"status-publish","4":"has-post-thumbnail","6":"product_cat-laipiojimo-sienele-katems","7":"product_shipping_class-pakiautomaati-sobimatu-lt","9":"first","10":"instock","11":"sale","12":"taxable","13":"shipping-taxable","14":"purchasable","15":"product-type-simple"},"yoast_head":"<!-- This site is optimized with the Yoast SEO plugin v27.2 - https:\/\/yoast.com\/product\/yoast-seo-wordpress\/ -->\n<title>Pakabinamas tiltas sienai Bridge 135, wenge - MiuMjau<\/title>\n<meta name=\"robots\" content=\"index, follow, max-snippet:-1, max-image-preview:large, max-video-preview:-1\" \/>\n<link rel=\"canonical\" href=\"https:\/\/miumjau.ee\/lt\/toode\/pakabinamas-tiltas-sienai-bridge-135-wenge\/\" \/>\n<meta property=\"og:locale\" content=\"lt_LT\" \/>\n<meta property=\"og:type\" content=\"article\" \/>\n<meta property=\"og:title\" content=\"Pakabinamas tiltas sienai Bridge 135, wenge - MiuMjau\" \/>\n<meta property=\"og:description\" content=\"&lt;p&gt;Pakabinamas tiltas Bridge 135 \u2013 unikalus ir itin stilingas sieninis tiltas kat\u0117ms. Paprastai pasirenkami tik paprasti elementai, pvz., pakopos ar guoliai, ta\u010diau su \u0161iuo tiltu tikrai i\u0161siskirsite! Kiekviena kat\u0117 negali sau leisti tokio \u201eliukso\u201c... Kat\u0117ms labai smagu, kai jos gali l\u0117kti per pakopas ir tiltus tiesiai \u012f guol\u012f \u2013 kod\u0117l gi pakeliui nepagalandus nag\u0173? J\u016bs\u0173 kat\u0117 tikrai bus laiminga d\u0117l tokios laipiojimo sienos! Wall of Rebels kolekcija si\u016blo plat\u0173 element\u0173 pasirinkim\u0105, kuriuos galima derinti pagal kat\u0117s poreikius ir j\u016bs\u0173 skon\u012f.&lt;\/p&gt; &lt;ul&gt; &lt;li&gt;Matmenys \u2013 ilgis 135 cm, plotis 40 cm&lt;\/li&gt; &lt;li&gt;Pagaminta i\u0161 eukalipto medienos&lt;\/li&gt; &lt;li&gt;Padengta nuimamu sisaliniu kilim\u0117liu&lt;\/li&gt; &lt;li&gt;Komplekte 2\u00d7 Bridge 43 laikikliai ir visa reikalinga tvirtinimo \u012franga&lt;\/li&gt; &lt;\/ul&gt;\" \/>\n<meta property=\"og:url\" content=\"https:\/\/miumjau.ee\/lt\/toode\/pakabinamas-tiltas-sienai-bridge-135-wenge\/\" \/>\n<meta property=\"og:site_name\" content=\"MiuMjau\" \/>\n<meta property=\"article:publisher\" content=\"https:\/\/www.facebook.com\/miumjaupood\/\" \/>\n<meta property=\"article:modified_time\" content=\"2026-01-07T18:52:01+00:00\" \/>\n<meta property=\"og:image\" content=\"https:\/\/miumjau.ee\/wp-content\/uploads\/2023\/12\/rippsild-kassidele-bridge1351.jpg\" \/>\n\t<meta property=\"og:image:width\" content=\"600\" \/>\n\t<meta property=\"og:image:height\" content=\"800\" \/>\n\t<meta property=\"og:image:type\" content=\"image\/jpeg\" \/>\n<meta name=\"twitter:card\" content=\"summary_large_image\" \/>\n<script type=\"application\/ld+json\" class=\"yoast-schema-graph\">{\"@context\":\"https:\/\/schema.org\",\"@graph\":[{\"@type\":\"WebPage\",\"@id\":\"https:\/\/miumjau.ee\/lt\/toode\/pakabinamas-tiltas-sienai-bridge-135-wenge\/\",\"url\":\"https:\/\/miumjau.ee\/lt\/toode\/pakabinamas-tiltas-sienai-bridge-135-wenge\/\",\"name\":\"Pakabinamas tiltas sienai Bridge 135, wenge - MiuMjau\",\"isPartOf\":{\"@id\":\"https:\/\/miumjau.ee\/#website\"},\"primaryImageOfPage\":{\"@id\":\"https:\/\/miumjau.ee\/lt\/toode\/pakabinamas-tiltas-sienai-bridge-135-wenge\/#primaryimage\"},\"image\":{\"@id\":\"https:\/\/miumjau.ee\/lt\/toode\/pakabinamas-tiltas-sienai-bridge-135-wenge\/#primaryimage\"},\"thumbnailUrl\":\"https:\/\/miumjau.ee\/wp-content\/uploads\/2023\/12\/rippsild-kassidele-bridge1351.jpg\",\"datePublished\":\"2024-01-06T12:24:30+00:00\",\"dateModified\":\"2026-01-07T18:52:01+00:00\",\"breadcrumb\":{\"@id\":\"https:\/\/miumjau.ee\/lt\/toode\/pakabinamas-tiltas-sienai-bridge-135-wenge\/#breadcrumb\"},\"inLanguage\":\"lt-LT\",\"potentialAction\":[{\"@type\":\"ReadAction\",\"target\":[\"https:\/\/miumjau.ee\/lt\/toode\/pakabinamas-tiltas-sienai-bridge-135-wenge\/\"]}]},{\"@type\":\"ImageObject\",\"inLanguage\":\"lt-LT\",\"@id\":\"https:\/\/miumjau.ee\/lt\/toode\/pakabinamas-tiltas-sienai-bridge-135-wenge\/#primaryimage\",\"url\":\"https:\/\/miumjau.ee\/wp-content\/uploads\/2023\/12\/rippsild-kassidele-bridge1351.jpg\",\"contentUrl\":\"https:\/\/miumjau.ee\/wp-content\/uploads\/2023\/12\/rippsild-kassidele-bridge1351.jpg\",\"width\":600,\"height\":800,\"caption\":\"rippsild-kassidele-bridge135(1)\"},{\"@type\":\"BreadcrumbList\",\"@id\":\"https:\/\/miumjau.ee\/lt\/toode\/pakabinamas-tiltas-sienai-bridge-135-wenge\/#breadcrumb\",\"itemListElement\":[{\"@type\":\"ListItem\",\"position\":1,\"name\":\"Home\",\"item\":\"https:\/\/miumjau.ee\/lt\/\"},{\"@type\":\"ListItem\",\"position\":2,\"name\":\"Parduotuv\u0117\",\"item\":\"https:\/\/miumjau.ee\/lt\/parduotuve\/\"},{\"@type\":\"ListItem\",\"position\":3,\"name\":\"Pakabinamas tiltas sienai Bridge 135, wenge\"}]},{\"@type\":\"WebSite\",\"@id\":\"https:\/\/miumjau.ee\/#website\",\"url\":\"https:\/\/miumjau.ee\/\",\"name\":\"MiuMjau\",\"description\":\"Kraapimispuud kassidele\",\"publisher\":{\"@id\":\"https:\/\/miumjau.ee\/#organization\"},\"potentialAction\":[{\"@type\":\"SearchAction\",\"target\":{\"@type\":\"EntryPoint\",\"urlTemplate\":\"https:\/\/miumjau.ee\/?s={search_term_string}\"},\"query-input\":{\"@type\":\"PropertyValueSpecification\",\"valueRequired\":true,\"valueName\":\"search_term_string\"}}],\"inLanguage\":\"lt-LT\"},{\"@type\":\"Organization\",\"@id\":\"https:\/\/miumjau.ee\/#organization\",\"name\":\"MiuMjau O\u00dc\",\"url\":\"https:\/\/miumjau.ee\/\",\"logo\":{\"@type\":\"ImageObject\",\"inLanguage\":\"lt-LT\",\"@id\":\"https:\/\/miumjau.ee\/#\/schema\/logo\/image\/\",\"url\":\"https:\/\/miumjau.ee\/wp-content\/uploads\/2022\/04\/MiuMjau-logo-kollane.png\",\"contentUrl\":\"https:\/\/miumjau.ee\/wp-content\/uploads\/2022\/04\/MiuMjau-logo-kollane.png\",\"width\":219,\"height\":100,\"caption\":\"MiuMjau O\u00dc\"},\"image\":{\"@id\":\"https:\/\/miumjau.ee\/#\/schema\/logo\/image\/\"},\"sameAs\":[\"https:\/\/www.facebook.com\/miumjaupood\/\"]}]}<\/script>\n<!-- \/ Yoast SEO plugin. -->","yoast_head_json":{"title":"Pakabinamas tiltas sienai Bridge 135, wenge - MiuMjau","robots":{"index":"index","follow":"follow","max-snippet":"max-snippet:-1","max-image-preview":"max-image-preview:large","max-video-preview":"max-video-preview:-1"},"canonical":"https:\/\/miumjau.ee\/lt\/toode\/pakabinamas-tiltas-sienai-bridge-135-wenge\/","og_locale":"lt_LT","og_type":"article","og_title":"Pakabinamas tiltas sienai Bridge 135, wenge - MiuMjau","og_description":"&lt;p&gt;Pakabinamas tiltas Bridge 135 \u2013 unikalus ir itin stilingas sieninis tiltas kat\u0117ms. Paprastai pasirenkami tik paprasti elementai, pvz., pakopos ar guoliai, ta\u010diau su \u0161iuo tiltu tikrai i\u0161siskirsite! Kiekviena kat\u0117 negali sau leisti tokio \u201eliukso\u201c... Kat\u0117ms labai smagu, kai jos gali l\u0117kti per pakopas ir tiltus tiesiai \u012f guol\u012f \u2013 kod\u0117l gi pakeliui nepagalandus nag\u0173? J\u016bs\u0173 kat\u0117 tikrai bus laiminga d\u0117l tokios laipiojimo sienos! Wall of Rebels kolekcija si\u016blo plat\u0173 element\u0173 pasirinkim\u0105, kuriuos galima derinti pagal kat\u0117s poreikius ir j\u016bs\u0173 skon\u012f.&lt;\/p&gt; &lt;ul&gt; &lt;li&gt;Matmenys \u2013 ilgis 135 cm, plotis 40 cm&lt;\/li&gt; &lt;li&gt;Pagaminta i\u0161 eukalipto medienos&lt;\/li&gt; &lt;li&gt;Padengta nuimamu sisaliniu kilim\u0117liu&lt;\/li&gt; &lt;li&gt;Komplekte 2\u00d7 Bridge 43 laikikliai ir visa reikalinga tvirtinimo \u012franga&lt;\/li&gt; &lt;\/ul&gt;","og_url":"https:\/\/miumjau.ee\/lt\/toode\/pakabinamas-tiltas-sienai-bridge-135-wenge\/","og_site_name":"MiuMjau","article_publisher":"https:\/\/www.facebook.com\/miumjaupood\/","article_modified_time":"2026-01-07T18:52:01+00:00","og_image":[{"width":600,"height":800,"url":"https:\/\/miumjau.ee\/wp-content\/uploads\/2023\/12\/rippsild-kassidele-bridge1351.jpg","type":"image\/jpeg"}],"twitter_card":"summary_large_image","schema":{"@context":"https:\/\/schema.org","@graph":[{"@type":"WebPage","@id":"https:\/\/miumjau.ee\/lt\/toode\/pakabinamas-tiltas-sienai-bridge-135-wenge\/","url":"https:\/\/miumjau.ee\/lt\/toode\/pakabinamas-tiltas-sienai-bridge-135-wenge\/","name":"Pakabinamas tiltas sienai Bridge 135, wenge - MiuMjau","isPartOf":{"@id":"https:\/\/miumjau.ee\/#website"},"primaryImageOfPage":{"@id":"https:\/\/miumjau.ee\/lt\/toode\/pakabinamas-tiltas-sienai-bridge-135-wenge\/#primaryimage"},"image":{"@id":"https:\/\/miumjau.ee\/lt\/toode\/pakabinamas-tiltas-sienai-bridge-135-wenge\/#primaryimage"},"thumbnailUrl":"https:\/\/miumjau.ee\/wp-content\/uploads\/2023\/12\/rippsild-kassidele-bridge1351.jpg","datePublished":"2024-01-06T12:24:30+00:00","dateModified":"2026-01-07T18:52:01+00:00","breadcrumb":{"@id":"https:\/\/miumjau.ee\/lt\/toode\/pakabinamas-tiltas-sienai-bridge-135-wenge\/#breadcrumb"},"inLanguage":"lt-LT","potentialAction":[{"@type":"ReadAction","target":["https:\/\/miumjau.ee\/lt\/toode\/pakabinamas-tiltas-sienai-bridge-135-wenge\/"]}]},{"@type":"ImageObject","inLanguage":"lt-LT","@id":"https:\/\/miumjau.ee\/lt\/toode\/pakabinamas-tiltas-sienai-bridge-135-wenge\/#primaryimage","url":"https:\/\/miumjau.ee\/wp-content\/uploads\/2023\/12\/rippsild-kassidele-bridge1351.jpg","contentUrl":"https:\/\/miumjau.ee\/wp-content\/uploads\/2023\/12\/rippsild-kassidele-bridge1351.jpg","width":600,"height":800,"caption":"rippsild-kassidele-bridge135(1)"},{"@type":"BreadcrumbList","@id":"https:\/\/miumjau.ee\/lt\/toode\/pakabinamas-tiltas-sienai-bridge-135-wenge\/#breadcrumb","itemListElement":[{"@type":"ListItem","position":1,"name":"Home","item":"https:\/\/miumjau.ee\/lt\/"},{"@type":"ListItem","position":2,"name":"Parduotuv\u0117","item":"https:\/\/miumjau.ee\/lt\/parduotuve\/"},{"@type":"ListItem","position":3,"name":"Pakabinamas tiltas sienai Bridge 135, wenge"}]},{"@type":"WebSite","@id":"https:\/\/miumjau.ee\/#website","url":"https:\/\/miumjau.ee\/","name":"MiuMjau","description":"Kraapimispuud kassidele","publisher":{"@id":"https:\/\/miumjau.ee\/#organization"},"potentialAction":[{"@type":"SearchAction","target":{"@type":"EntryPoint","urlTemplate":"https:\/\/miumjau.ee\/?s={search_term_string}"},"query-input":{"@type":"PropertyValueSpecification","valueRequired":true,"valueName":"search_term_string"}}],"inLanguage":"lt-LT"},{"@type":"Organization","@id":"https:\/\/miumjau.ee\/#organization","name":"MiuMjau O\u00dc","url":"https:\/\/miumjau.ee\/","logo":{"@type":"ImageObject","inLanguage":"lt-LT","@id":"https:\/\/miumjau.ee\/#\/schema\/logo\/image\/","url":"https:\/\/miumjau.ee\/wp-content\/uploads\/2022\/04\/MiuMjau-logo-kollane.png","contentUrl":"https:\/\/miumjau.ee\/wp-content\/uploads\/2022\/04\/MiuMjau-logo-kollane.png","width":219,"height":100,"caption":"MiuMjau O\u00dc"},"image":{"@id":"https:\/\/miumjau.ee\/#\/schema\/logo\/image\/"},"sameAs":["https:\/\/www.facebook.com\/miumjaupood\/"]}]}},"_links":{"self":[{"href":"https:\/\/miumjau.ee\/lt\/wp-json\/wp\/v2\/product\/42780","targetHints":{"allow":["GET"]}}],"collection":[{"href":"https:\/\/miumjau.ee\/lt\/wp-json\/wp\/v2\/product"}],"about":[{"href":"https:\/\/miumjau.ee\/lt\/wp-json\/wp\/v2\/types\/product"}],"wp:featuredmedia":[{"embeddable":true,"href":"https:\/\/miumjau.ee\/lt\/wp-json\/wp\/v2\/media\/43276"}],"wp:attachment":[{"href":"https:\/\/miumjau.ee\/lt\/wp-json\/wp\/v2\/media?parent=42780"}],"wp:term":[{"taxonomy":"product_brand","embeddable":true,"href":"https:\/\/miumjau.ee\/lt\/wp-json\/wp\/v2\/product_brand?post=42780"},{"taxonomy":"product_cat","embeddable":true,"href":"https:\/\/miumjau.ee\/lt\/wp-json\/wp\/v2\/product_cat?post=42780"},{"taxonomy":"product_tag","embeddable":true,"href":"https:\/\/miumjau.ee\/lt\/wp-json\/wp\/v2\/product_tag?post=42780"}],"curies":[{"name":"wp","href":"https:\/\/api.w.org\/{rel}","templated":true}]}}