{"id":42778,"date":"2024-01-06T14:02:31","date_gmt":"2024-01-06T12:02:31","guid":{"rendered":"https:\/\/miumjau.ee\/toode\/pakabinamas-hamakas-sienai-lazy-50-old-grey\/"},"modified":"2026-01-07T20:52:01","modified_gmt":"2026-01-07T18:52:01","slug":"pakabinamas-hamakas-sienai-lazy-50-old-grey","status":"publish","type":"product","link":"https:\/\/miumjau.ee\/lt\/produktas\/pakabinamas-hamakas-sienai-lazy-50-old-grey\/","title":{"rendered":"Pakabinamas hamakas sienai Lazy 50, old grey"},"content":{"rendered":"","protected":false},"excerpt":{"rendered":"<p>&lt;p&gt;Pakabinamas hamakas Lazy 50 yra sieninis elementas, skirtas naudoti kaip vien\u0105 i\u0161 dali\u0173 kuriant ka\u010di\u0173 laipiojimo sien\u0105. Kod\u0117l nei\u0161naudojus laisvos sienos ir nesutaupius grind\u0173 vietos, kurios paprastai reikalauja tradicinis draskymo medis. Wall of Rebels kolekcija apima visk\u0105, ko reikia laipiojimo sienai: guolius, pakopas, tiltus, kop\u0117\u010dias, draskymo plok\u0161tes \u2013 visa tai rasite m\u016bs\u0173 e. parduotuv\u0117je!&lt;\/p&gt;<br \/>\nKat\u0117s moka daug k\u0105, bet tinginiauti jos moka geriausiai! Vienas patogus guolis ar hamakas yra itin svarbi laipiojimo sienos dalis, nes po aktyvaus \u017eaidimo reikia ir pails\u0117ti. U\u017etikrinkite, kad kat\u0117 tur\u0117t\u0173 patog\u0173 pri\u0117jim\u0105 prie hamako, jei reikia \u2013 papildomas pakopas.<\/p>\n<p>&lt;ul&gt;<br \/>\n&lt;li&gt;Matmenys \u2013 ilgis 50 cm, plotis 39 cm ir auk\u0161tis 7 cm&lt;\/li&gt;<br \/>\n&lt;li&gt;Hamakas pagamintas i\u0161 tvirto eukalipto med\u017eio ir tinka didel\u0117ms bei sunkioms kat\u0117ms (vadovaukit\u0117s matmenimis)&lt;\/li&gt;<br \/>\n&lt;li&gt;Tekstilinis u\u017evalkalas nuimamas ir lengvai pritvirtinamas&lt;\/li&gt;<br \/>\n&lt;li&gt;Pridedama tvirtinimo \u012franga sienai&lt;\/li&gt;<br \/>\n&lt;\/ul&gt;<\/p>\n","protected":false},"featured_media":43268,"template":"","meta":[],"product_brand":[],"product_cat":[517],"product_tag":[],"class_list":{"0":"post-42778","1":"product","2":"type-product","3":"status-publish","4":"has-post-thumbnail","6":"product_cat-laipiojimo-sienele-katems","8":"first","9":"instock","10":"sale","11":"taxable","12":"shipping-taxable","13":"purchasable","14":"product-type-simple"},"yoast_head":"<!-- This site is optimized with the Yoast SEO plugin v27.2 - https:\/\/yoast.com\/product\/yoast-seo-wordpress\/ -->\n<title>Pakabinamas hamakas sienai Lazy 50, old grey - MiuMjau<\/title>\n<meta name=\"robots\" content=\"index, follow, max-snippet:-1, max-image-preview:large, max-video-preview:-1\" \/>\n<link rel=\"canonical\" href=\"https:\/\/miumjau.ee\/lt\/toode\/pakabinamas-hamakas-sienai-lazy-50-old-grey\/\" \/>\n<meta property=\"og:locale\" content=\"lt_LT\" \/>\n<meta property=\"og:type\" content=\"article\" \/>\n<meta property=\"og:title\" content=\"Pakabinamas hamakas sienai Lazy 50, old grey - MiuMjau\" \/>\n<meta property=\"og:description\" content=\"&lt;p&gt;Pakabinamas hamakas Lazy 50 yra sieninis elementas, skirtas naudoti kaip vien\u0105 i\u0161 dali\u0173 kuriant ka\u010di\u0173 laipiojimo sien\u0105. Kod\u0117l nei\u0161naudojus laisvos sienos ir nesutaupius grind\u0173 vietos, kurios paprastai reikalauja tradicinis draskymo medis. Wall of Rebels kolekcija apima visk\u0105, ko reikia laipiojimo sienai: guolius, pakopas, tiltus, kop\u0117\u010dias, draskymo plok\u0161tes \u2013 visa tai rasite m\u016bs\u0173 e. parduotuv\u0117je!&lt;\/p&gt; Kat\u0117s moka daug k\u0105, bet tinginiauti jos moka geriausiai! Vienas patogus guolis ar hamakas yra itin svarbi laipiojimo sienos dalis, nes po aktyvaus \u017eaidimo reikia ir pails\u0117ti. U\u017etikrinkite, kad kat\u0117 tur\u0117t\u0173 patog\u0173 pri\u0117jim\u0105 prie hamako, jei reikia \u2013 papildomas pakopas. &lt;ul&gt; &lt;li&gt;Matmenys \u2013 ilgis 50 cm, plotis 39 cm ir auk\u0161tis 7 cm&lt;\/li&gt; &lt;li&gt;Hamakas pagamintas i\u0161 tvirto eukalipto med\u017eio ir tinka didel\u0117ms bei sunkioms kat\u0117ms (vadovaukit\u0117s matmenimis)&lt;\/li&gt; &lt;li&gt;Tekstilinis u\u017evalkalas nuimamas ir lengvai pritvirtinamas&lt;\/li&gt; &lt;li&gt;Pridedama tvirtinimo \u012franga sienai&lt;\/li&gt; &lt;\/ul&gt;\" \/>\n<meta property=\"og:url\" content=\"https:\/\/miumjau.ee\/lt\/toode\/pakabinamas-hamakas-sienai-lazy-50-old-grey\/\" \/>\n<meta property=\"og:site_name\" content=\"MiuMjau\" \/>\n<meta property=\"article:publisher\" content=\"https:\/\/www.facebook.com\/miumjaupood\/\" \/>\n<meta property=\"article:modified_time\" content=\"2026-01-07T18:52:01+00:00\" \/>\n<meta property=\"og:image\" content=\"https:\/\/miumjau.ee\/wp-content\/uploads\/2023\/12\/seinakinnitusega-pesa-kassile-lazy503.jpg\" \/>\n\t<meta property=\"og:image:width\" content=\"600\" \/>\n\t<meta property=\"og:image:height\" content=\"800\" \/>\n\t<meta property=\"og:image:type\" content=\"image\/jpeg\" \/>\n<meta name=\"twitter:card\" content=\"summary_large_image\" \/>\n<script type=\"application\/ld+json\" class=\"yoast-schema-graph\">{\"@context\":\"https:\/\/schema.org\",\"@graph\":[{\"@type\":\"WebPage\",\"@id\":\"https:\/\/miumjau.ee\/lt\/toode\/pakabinamas-hamakas-sienai-lazy-50-old-grey\/\",\"url\":\"https:\/\/miumjau.ee\/lt\/toode\/pakabinamas-hamakas-sienai-lazy-50-old-grey\/\",\"name\":\"Pakabinamas hamakas sienai Lazy 50, old grey - MiuMjau\",\"isPartOf\":{\"@id\":\"https:\/\/miumjau.ee\/#website\"},\"primaryImageOfPage\":{\"@id\":\"https:\/\/miumjau.ee\/lt\/toode\/pakabinamas-hamakas-sienai-lazy-50-old-grey\/#primaryimage\"},\"image\":{\"@id\":\"https:\/\/miumjau.ee\/lt\/toode\/pakabinamas-hamakas-sienai-lazy-50-old-grey\/#primaryimage\"},\"thumbnailUrl\":\"https:\/\/miumjau.ee\/wp-content\/uploads\/2023\/12\/seinakinnitusega-pesa-kassile-lazy503.jpg\",\"datePublished\":\"2024-01-06T12:02:31+00:00\",\"dateModified\":\"2026-01-07T18:52:01+00:00\",\"breadcrumb\":{\"@id\":\"https:\/\/miumjau.ee\/lt\/toode\/pakabinamas-hamakas-sienai-lazy-50-old-grey\/#breadcrumb\"},\"inLanguage\":\"lt-LT\",\"potentialAction\":[{\"@type\":\"ReadAction\",\"target\":[\"https:\/\/miumjau.ee\/lt\/toode\/pakabinamas-hamakas-sienai-lazy-50-old-grey\/\"]}]},{\"@type\":\"ImageObject\",\"inLanguage\":\"lt-LT\",\"@id\":\"https:\/\/miumjau.ee\/lt\/toode\/pakabinamas-hamakas-sienai-lazy-50-old-grey\/#primaryimage\",\"url\":\"https:\/\/miumjau.ee\/wp-content\/uploads\/2023\/12\/seinakinnitusega-pesa-kassile-lazy503.jpg\",\"contentUrl\":\"https:\/\/miumjau.ee\/wp-content\/uploads\/2023\/12\/seinakinnitusega-pesa-kassile-lazy503.jpg\",\"width\":600,\"height\":800,\"caption\":\"seinakinnitusega-pesa-kassile-lazy50(1)\"},{\"@type\":\"BreadcrumbList\",\"@id\":\"https:\/\/miumjau.ee\/lt\/toode\/pakabinamas-hamakas-sienai-lazy-50-old-grey\/#breadcrumb\",\"itemListElement\":[{\"@type\":\"ListItem\",\"position\":1,\"name\":\"Home\",\"item\":\"https:\/\/miumjau.ee\/lt\/\"},{\"@type\":\"ListItem\",\"position\":2,\"name\":\"Parduotuv\u0117\",\"item\":\"https:\/\/miumjau.ee\/lt\/parduotuve\/\"},{\"@type\":\"ListItem\",\"position\":3,\"name\":\"Pakabinamas hamakas sienai Lazy 50, old grey\"}]},{\"@type\":\"WebSite\",\"@id\":\"https:\/\/miumjau.ee\/#website\",\"url\":\"https:\/\/miumjau.ee\/\",\"name\":\"MiuMjau\",\"description\":\"Kraapimispuud kassidele\",\"publisher\":{\"@id\":\"https:\/\/miumjau.ee\/#organization\"},\"potentialAction\":[{\"@type\":\"SearchAction\",\"target\":{\"@type\":\"EntryPoint\",\"urlTemplate\":\"https:\/\/miumjau.ee\/?s={search_term_string}\"},\"query-input\":{\"@type\":\"PropertyValueSpecification\",\"valueRequired\":true,\"valueName\":\"search_term_string\"}}],\"inLanguage\":\"lt-LT\"},{\"@type\":\"Organization\",\"@id\":\"https:\/\/miumjau.ee\/#organization\",\"name\":\"MiuMjau O\u00dc\",\"url\":\"https:\/\/miumjau.ee\/\",\"logo\":{\"@type\":\"ImageObject\",\"inLanguage\":\"lt-LT\",\"@id\":\"https:\/\/miumjau.ee\/#\/schema\/logo\/image\/\",\"url\":\"https:\/\/miumjau.ee\/wp-content\/uploads\/2022\/04\/MiuMjau-logo-kollane.png\",\"contentUrl\":\"https:\/\/miumjau.ee\/wp-content\/uploads\/2022\/04\/MiuMjau-logo-kollane.png\",\"width\":219,\"height\":100,\"caption\":\"MiuMjau O\u00dc\"},\"image\":{\"@id\":\"https:\/\/miumjau.ee\/#\/schema\/logo\/image\/\"},\"sameAs\":[\"https:\/\/www.facebook.com\/miumjaupood\/\"]}]}<\/script>\n<!-- \/ Yoast SEO plugin. -->","yoast_head_json":{"title":"Pakabinamas hamakas sienai Lazy 50, old grey - MiuMjau","robots":{"index":"index","follow":"follow","max-snippet":"max-snippet:-1","max-image-preview":"max-image-preview:large","max-video-preview":"max-video-preview:-1"},"canonical":"https:\/\/miumjau.ee\/lt\/toode\/pakabinamas-hamakas-sienai-lazy-50-old-grey\/","og_locale":"lt_LT","og_type":"article","og_title":"Pakabinamas hamakas sienai Lazy 50, old grey - MiuMjau","og_description":"&lt;p&gt;Pakabinamas hamakas Lazy 50 yra sieninis elementas, skirtas naudoti kaip vien\u0105 i\u0161 dali\u0173 kuriant ka\u010di\u0173 laipiojimo sien\u0105. Kod\u0117l nei\u0161naudojus laisvos sienos ir nesutaupius grind\u0173 vietos, kurios paprastai reikalauja tradicinis draskymo medis. Wall of Rebels kolekcija apima visk\u0105, ko reikia laipiojimo sienai: guolius, pakopas, tiltus, kop\u0117\u010dias, draskymo plok\u0161tes \u2013 visa tai rasite m\u016bs\u0173 e. parduotuv\u0117je!&lt;\/p&gt; Kat\u0117s moka daug k\u0105, bet tinginiauti jos moka geriausiai! Vienas patogus guolis ar hamakas yra itin svarbi laipiojimo sienos dalis, nes po aktyvaus \u017eaidimo reikia ir pails\u0117ti. U\u017etikrinkite, kad kat\u0117 tur\u0117t\u0173 patog\u0173 pri\u0117jim\u0105 prie hamako, jei reikia \u2013 papildomas pakopas. &lt;ul&gt; &lt;li&gt;Matmenys \u2013 ilgis 50 cm, plotis 39 cm ir auk\u0161tis 7 cm&lt;\/li&gt; &lt;li&gt;Hamakas pagamintas i\u0161 tvirto eukalipto med\u017eio ir tinka didel\u0117ms bei sunkioms kat\u0117ms (vadovaukit\u0117s matmenimis)&lt;\/li&gt; &lt;li&gt;Tekstilinis u\u017evalkalas nuimamas ir lengvai pritvirtinamas&lt;\/li&gt; &lt;li&gt;Pridedama tvirtinimo \u012franga sienai&lt;\/li&gt; &lt;\/ul&gt;","og_url":"https:\/\/miumjau.ee\/lt\/toode\/pakabinamas-hamakas-sienai-lazy-50-old-grey\/","og_site_name":"MiuMjau","article_publisher":"https:\/\/www.facebook.com\/miumjaupood\/","article_modified_time":"2026-01-07T18:52:01+00:00","og_image":[{"width":600,"height":800,"url":"https:\/\/miumjau.ee\/wp-content\/uploads\/2023\/12\/seinakinnitusega-pesa-kassile-lazy503.jpg","type":"image\/jpeg"}],"twitter_card":"summary_large_image","schema":{"@context":"https:\/\/schema.org","@graph":[{"@type":"WebPage","@id":"https:\/\/miumjau.ee\/lt\/toode\/pakabinamas-hamakas-sienai-lazy-50-old-grey\/","url":"https:\/\/miumjau.ee\/lt\/toode\/pakabinamas-hamakas-sienai-lazy-50-old-grey\/","name":"Pakabinamas hamakas sienai Lazy 50, old grey - MiuMjau","isPartOf":{"@id":"https:\/\/miumjau.ee\/#website"},"primaryImageOfPage":{"@id":"https:\/\/miumjau.ee\/lt\/toode\/pakabinamas-hamakas-sienai-lazy-50-old-grey\/#primaryimage"},"image":{"@id":"https:\/\/miumjau.ee\/lt\/toode\/pakabinamas-hamakas-sienai-lazy-50-old-grey\/#primaryimage"},"thumbnailUrl":"https:\/\/miumjau.ee\/wp-content\/uploads\/2023\/12\/seinakinnitusega-pesa-kassile-lazy503.jpg","datePublished":"2024-01-06T12:02:31+00:00","dateModified":"2026-01-07T18:52:01+00:00","breadcrumb":{"@id":"https:\/\/miumjau.ee\/lt\/toode\/pakabinamas-hamakas-sienai-lazy-50-old-grey\/#breadcrumb"},"inLanguage":"lt-LT","potentialAction":[{"@type":"ReadAction","target":["https:\/\/miumjau.ee\/lt\/toode\/pakabinamas-hamakas-sienai-lazy-50-old-grey\/"]}]},{"@type":"ImageObject","inLanguage":"lt-LT","@id":"https:\/\/miumjau.ee\/lt\/toode\/pakabinamas-hamakas-sienai-lazy-50-old-grey\/#primaryimage","url":"https:\/\/miumjau.ee\/wp-content\/uploads\/2023\/12\/seinakinnitusega-pesa-kassile-lazy503.jpg","contentUrl":"https:\/\/miumjau.ee\/wp-content\/uploads\/2023\/12\/seinakinnitusega-pesa-kassile-lazy503.jpg","width":600,"height":800,"caption":"seinakinnitusega-pesa-kassile-lazy50(1)"},{"@type":"BreadcrumbList","@id":"https:\/\/miumjau.ee\/lt\/toode\/pakabinamas-hamakas-sienai-lazy-50-old-grey\/#breadcrumb","itemListElement":[{"@type":"ListItem","position":1,"name":"Home","item":"https:\/\/miumjau.ee\/lt\/"},{"@type":"ListItem","position":2,"name":"Parduotuv\u0117","item":"https:\/\/miumjau.ee\/lt\/parduotuve\/"},{"@type":"ListItem","position":3,"name":"Pakabinamas hamakas sienai Lazy 50, old grey"}]},{"@type":"WebSite","@id":"https:\/\/miumjau.ee\/#website","url":"https:\/\/miumjau.ee\/","name":"MiuMjau","description":"Kraapimispuud kassidele","publisher":{"@id":"https:\/\/miumjau.ee\/#organization"},"potentialAction":[{"@type":"SearchAction","target":{"@type":"EntryPoint","urlTemplate":"https:\/\/miumjau.ee\/?s={search_term_string}"},"query-input":{"@type":"PropertyValueSpecification","valueRequired":true,"valueName":"search_term_string"}}],"inLanguage":"lt-LT"},{"@type":"Organization","@id":"https:\/\/miumjau.ee\/#organization","name":"MiuMjau O\u00dc","url":"https:\/\/miumjau.ee\/","logo":{"@type":"ImageObject","inLanguage":"lt-LT","@id":"https:\/\/miumjau.ee\/#\/schema\/logo\/image\/","url":"https:\/\/miumjau.ee\/wp-content\/uploads\/2022\/04\/MiuMjau-logo-kollane.png","contentUrl":"https:\/\/miumjau.ee\/wp-content\/uploads\/2022\/04\/MiuMjau-logo-kollane.png","width":219,"height":100,"caption":"MiuMjau O\u00dc"},"image":{"@id":"https:\/\/miumjau.ee\/#\/schema\/logo\/image\/"},"sameAs":["https:\/\/www.facebook.com\/miumjaupood\/"]}]}},"_links":{"self":[{"href":"https:\/\/miumjau.ee\/lt\/wp-json\/wp\/v2\/product\/42778","targetHints":{"allow":["GET"]}}],"collection":[{"href":"https:\/\/miumjau.ee\/lt\/wp-json\/wp\/v2\/product"}],"about":[{"href":"https:\/\/miumjau.ee\/lt\/wp-json\/wp\/v2\/types\/product"}],"wp:featuredmedia":[{"embeddable":true,"href":"https:\/\/miumjau.ee\/lt\/wp-json\/wp\/v2\/media\/43268"}],"wp:attachment":[{"href":"https:\/\/miumjau.ee\/lt\/wp-json\/wp\/v2\/media?parent=42778"}],"wp:term":[{"taxonomy":"product_brand","embeddable":true,"href":"https:\/\/miumjau.ee\/lt\/wp-json\/wp\/v2\/product_brand?post=42778"},{"taxonomy":"product_cat","embeddable":true,"href":"https:\/\/miumjau.ee\/lt\/wp-json\/wp\/v2\/product_cat?post=42778"},{"taxonomy":"product_tag","embeddable":true,"href":"https:\/\/miumjau.ee\/lt\/wp-json\/wp\/v2\/product_tag?post=42778"}],"curies":[{"name":"wp","href":"https:\/\/api.w.org\/{rel}","templated":true}]}}