{"id":42775,"date":"2024-01-05T14:57:26","date_gmt":"2024-01-05T12:57:26","guid":{"rendered":"https:\/\/miumjau.ee\/toode\/laipiojimo-elementas-box-bag-115-rusty-oak\/"},"modified":"2026-01-07T20:52:08","modified_gmt":"2026-01-07T18:52:08","slug":"laipiojimo-elementas-box-bag-115-rusty-oak","status":"publish","type":"product","link":"https:\/\/miumjau.ee\/lt\/produktas\/laipiojimo-elementas-box-bag-115-rusty-oak\/","title":{"rendered":"Laipiojimo elementas Box Bag 115, rusty oak"},"content":{"rendered":"","protected":false},"excerpt":{"rendered":"<p>Ar j\u016bs\u0173 katei patinka laipioti? O kam gi ne!<\/p>\n<p>Laipiojimo elementas Box Bag \u2013 ypa\u010d masyvi draskymo lenta, kuri tvirtinama prie sienos vir\u0161utiniu galu. Kai kat\u0117 ant jos \u0161oka, lenta linguoja \u2013 taip kat\u0117 lavina pusiausvyr\u0105 ir gauna nauj\u0173 i\u0161\u0161\u016bki\u0173. Produktas labai tvirtas ir kokybi\u0161kas! Net did\u017eiausiems pad\u016bk\u0117liams \u010dia bus itin \u012fdomu! Kuriant savo kat\u0117s laipiojimo sien\u0105 \u0161is elementas suteiks ne tik prakti\u0161kumo, bet ir tikro azarto. Si\u016blomi du dyd\u017eiai: 115 cm ir 165 cm \u2013 didesn\u0117 versija ypa\u010d tinka didel\u0117ms kat\u0117ms arba kelioms kat\u0117ms vienu metu.<\/p>\n<p>U\u017etikrinkite patog\u0173 pri\u0117jim\u0105 prie draskymo pavir\u0161iaus \u2013 papildykite sien\u0105 papildomais \u017eingsniais, kop\u0117\u010diomis, tilteliais ar net atskira miego vieta.<\/p>\n<p>Matmenys \u2013 ilgis 115 cm, plotis 25 cm ir auk\u0161tis 15 cm<br \/>\nPagaminta i\u0161 kokybi\u0161ko sisalo, kuris tvirtinamas lipduku<br \/>\nKomplekte Hold 12 ir tvirta medvilnin\u0117 virv\u0117 tvirtinimui prie sienos<br \/>\nPrid\u0117ta visa reikalinga tvirtinimo \u012franga<\/p>\n","protected":false},"featured_media":43257,"template":"","meta":[],"product_brand":[],"product_cat":[517],"product_tag":[],"class_list":{"0":"post-42775","1":"product","2":"type-product","3":"status-publish","4":"has-post-thumbnail","6":"product_cat-laipiojimo-sienele-katems","7":"product_shipping_class-pakiautomaati-sobimatu-lt","9":"first","10":"instock","11":"sale","12":"taxable","13":"shipping-taxable","14":"purchasable","15":"product-type-simple"},"yoast_head":"<!-- This site is optimized with the Yoast SEO plugin v27.2 - https:\/\/yoast.com\/product\/yoast-seo-wordpress\/ -->\n<title>Laipiojimo elementas Box Bag 115, rusty oak - MiuMjau<\/title>\n<meta name=\"robots\" content=\"index, follow, max-snippet:-1, max-image-preview:large, max-video-preview:-1\" \/>\n<link rel=\"canonical\" href=\"https:\/\/miumjau.ee\/lt\/toode\/laipiojimo-elementas-box-bag-115-rusty-oak\/\" \/>\n<meta property=\"og:locale\" content=\"lt_LT\" \/>\n<meta property=\"og:type\" content=\"article\" \/>\n<meta property=\"og:title\" content=\"Laipiojimo elementas Box Bag 115, rusty oak - MiuMjau\" \/>\n<meta property=\"og:description\" content=\"Ar j\u016bs\u0173 katei patinka laipioti? O kam gi ne! Laipiojimo elementas Box Bag \u2013 ypa\u010d masyvi draskymo lenta, kuri tvirtinama prie sienos vir\u0161utiniu galu. Kai kat\u0117 ant jos \u0161oka, lenta linguoja \u2013 taip kat\u0117 lavina pusiausvyr\u0105 ir gauna nauj\u0173 i\u0161\u0161\u016bki\u0173. Produktas labai tvirtas ir kokybi\u0161kas! Net did\u017eiausiems pad\u016bk\u0117liams \u010dia bus itin \u012fdomu! Kuriant savo kat\u0117s laipiojimo sien\u0105 \u0161is elementas suteiks ne tik prakti\u0161kumo, bet ir tikro azarto. Si\u016blomi du dyd\u017eiai: 115 cm ir 165 cm \u2013 didesn\u0117 versija ypa\u010d tinka didel\u0117ms kat\u0117ms arba kelioms kat\u0117ms vienu metu. U\u017etikrinkite patog\u0173 pri\u0117jim\u0105 prie draskymo pavir\u0161iaus \u2013 papildykite sien\u0105 papildomais \u017eingsniais, kop\u0117\u010diomis, tilteliais ar net atskira miego vieta. Matmenys \u2013 ilgis 115 cm, plotis 25 cm ir auk\u0161tis 15 cm Pagaminta i\u0161 kokybi\u0161ko sisalo, kuris tvirtinamas lipduku Komplekte Hold 12 ir tvirta medvilnin\u0117 virv\u0117 tvirtinimui prie sienos Prid\u0117ta visa reikalinga tvirtinimo \u012franga\" \/>\n<meta property=\"og:url\" content=\"https:\/\/miumjau.ee\/lt\/toode\/laipiojimo-elementas-box-bag-115-rusty-oak\/\" \/>\n<meta property=\"og:site_name\" content=\"MiuMjau\" \/>\n<meta property=\"article:publisher\" content=\"https:\/\/www.facebook.com\/miumjaupood\/\" \/>\n<meta property=\"article:modified_time\" content=\"2026-01-07T18:52:08+00:00\" \/>\n<meta property=\"og:image\" content=\"https:\/\/miumjau.ee\/wp-content\/uploads\/2023\/12\/poksikott-kassidele-1155.jpg\" \/>\n\t<meta property=\"og:image:width\" content=\"600\" \/>\n\t<meta property=\"og:image:height\" content=\"800\" \/>\n\t<meta property=\"og:image:type\" content=\"image\/jpeg\" \/>\n<meta name=\"twitter:card\" content=\"summary_large_image\" \/>\n<script type=\"application\/ld+json\" class=\"yoast-schema-graph\">{\"@context\":\"https:\/\/schema.org\",\"@graph\":[{\"@type\":\"WebPage\",\"@id\":\"https:\/\/miumjau.ee\/lt\/toode\/laipiojimo-elementas-box-bag-115-rusty-oak\/\",\"url\":\"https:\/\/miumjau.ee\/lt\/toode\/laipiojimo-elementas-box-bag-115-rusty-oak\/\",\"name\":\"Laipiojimo elementas Box Bag 115, rusty oak - MiuMjau\",\"isPartOf\":{\"@id\":\"https:\/\/miumjau.ee\/#website\"},\"primaryImageOfPage\":{\"@id\":\"https:\/\/miumjau.ee\/lt\/toode\/laipiojimo-elementas-box-bag-115-rusty-oak\/#primaryimage\"},\"image\":{\"@id\":\"https:\/\/miumjau.ee\/lt\/toode\/laipiojimo-elementas-box-bag-115-rusty-oak\/#primaryimage\"},\"thumbnailUrl\":\"https:\/\/miumjau.ee\/wp-content\/uploads\/2023\/12\/poksikott-kassidele-1155.jpg\",\"datePublished\":\"2024-01-05T12:57:26+00:00\",\"dateModified\":\"2026-01-07T18:52:08+00:00\",\"breadcrumb\":{\"@id\":\"https:\/\/miumjau.ee\/lt\/toode\/laipiojimo-elementas-box-bag-115-rusty-oak\/#breadcrumb\"},\"inLanguage\":\"lt-LT\",\"potentialAction\":[{\"@type\":\"ReadAction\",\"target\":[\"https:\/\/miumjau.ee\/lt\/toode\/laipiojimo-elementas-box-bag-115-rusty-oak\/\"]}]},{\"@type\":\"ImageObject\",\"inLanguage\":\"lt-LT\",\"@id\":\"https:\/\/miumjau.ee\/lt\/toode\/laipiojimo-elementas-box-bag-115-rusty-oak\/#primaryimage\",\"url\":\"https:\/\/miumjau.ee\/wp-content\/uploads\/2023\/12\/poksikott-kassidele-1155.jpg\",\"contentUrl\":\"https:\/\/miumjau.ee\/wp-content\/uploads\/2023\/12\/poksikott-kassidele-1155.jpg\",\"width\":600,\"height\":800,\"caption\":\"poksikott-kassidele-115(3)\"},{\"@type\":\"BreadcrumbList\",\"@id\":\"https:\/\/miumjau.ee\/lt\/toode\/laipiojimo-elementas-box-bag-115-rusty-oak\/#breadcrumb\",\"itemListElement\":[{\"@type\":\"ListItem\",\"position\":1,\"name\":\"Home\",\"item\":\"https:\/\/miumjau.ee\/lt\/\"},{\"@type\":\"ListItem\",\"position\":2,\"name\":\"Parduotuv\u0117\",\"item\":\"https:\/\/miumjau.ee\/lt\/parduotuve\/\"},{\"@type\":\"ListItem\",\"position\":3,\"name\":\"Laipiojimo elementas Box Bag 115, rusty oak\"}]},{\"@type\":\"WebSite\",\"@id\":\"https:\/\/miumjau.ee\/#website\",\"url\":\"https:\/\/miumjau.ee\/\",\"name\":\"MiuMjau\",\"description\":\"Kraapimispuud kassidele\",\"publisher\":{\"@id\":\"https:\/\/miumjau.ee\/#organization\"},\"potentialAction\":[{\"@type\":\"SearchAction\",\"target\":{\"@type\":\"EntryPoint\",\"urlTemplate\":\"https:\/\/miumjau.ee\/?s={search_term_string}\"},\"query-input\":{\"@type\":\"PropertyValueSpecification\",\"valueRequired\":true,\"valueName\":\"search_term_string\"}}],\"inLanguage\":\"lt-LT\"},{\"@type\":\"Organization\",\"@id\":\"https:\/\/miumjau.ee\/#organization\",\"name\":\"MiuMjau O\u00dc\",\"url\":\"https:\/\/miumjau.ee\/\",\"logo\":{\"@type\":\"ImageObject\",\"inLanguage\":\"lt-LT\",\"@id\":\"https:\/\/miumjau.ee\/#\/schema\/logo\/image\/\",\"url\":\"https:\/\/miumjau.ee\/wp-content\/uploads\/2022\/04\/MiuMjau-logo-kollane.png\",\"contentUrl\":\"https:\/\/miumjau.ee\/wp-content\/uploads\/2022\/04\/MiuMjau-logo-kollane.png\",\"width\":219,\"height\":100,\"caption\":\"MiuMjau O\u00dc\"},\"image\":{\"@id\":\"https:\/\/miumjau.ee\/#\/schema\/logo\/image\/\"},\"sameAs\":[\"https:\/\/www.facebook.com\/miumjaupood\/\"]}]}<\/script>\n<!-- \/ Yoast SEO plugin. -->","yoast_head_json":{"title":"Laipiojimo elementas Box Bag 115, rusty oak - MiuMjau","robots":{"index":"index","follow":"follow","max-snippet":"max-snippet:-1","max-image-preview":"max-image-preview:large","max-video-preview":"max-video-preview:-1"},"canonical":"https:\/\/miumjau.ee\/lt\/toode\/laipiojimo-elementas-box-bag-115-rusty-oak\/","og_locale":"lt_LT","og_type":"article","og_title":"Laipiojimo elementas Box Bag 115, rusty oak - MiuMjau","og_description":"Ar j\u016bs\u0173 katei patinka laipioti? O kam gi ne! Laipiojimo elementas Box Bag \u2013 ypa\u010d masyvi draskymo lenta, kuri tvirtinama prie sienos vir\u0161utiniu galu. Kai kat\u0117 ant jos \u0161oka, lenta linguoja \u2013 taip kat\u0117 lavina pusiausvyr\u0105 ir gauna nauj\u0173 i\u0161\u0161\u016bki\u0173. Produktas labai tvirtas ir kokybi\u0161kas! Net did\u017eiausiems pad\u016bk\u0117liams \u010dia bus itin \u012fdomu! Kuriant savo kat\u0117s laipiojimo sien\u0105 \u0161is elementas suteiks ne tik prakti\u0161kumo, bet ir tikro azarto. Si\u016blomi du dyd\u017eiai: 115 cm ir 165 cm \u2013 didesn\u0117 versija ypa\u010d tinka didel\u0117ms kat\u0117ms arba kelioms kat\u0117ms vienu metu. U\u017etikrinkite patog\u0173 pri\u0117jim\u0105 prie draskymo pavir\u0161iaus \u2013 papildykite sien\u0105 papildomais \u017eingsniais, kop\u0117\u010diomis, tilteliais ar net atskira miego vieta. Matmenys \u2013 ilgis 115 cm, plotis 25 cm ir auk\u0161tis 15 cm Pagaminta i\u0161 kokybi\u0161ko sisalo, kuris tvirtinamas lipduku Komplekte Hold 12 ir tvirta medvilnin\u0117 virv\u0117 tvirtinimui prie sienos Prid\u0117ta visa reikalinga tvirtinimo \u012franga","og_url":"https:\/\/miumjau.ee\/lt\/toode\/laipiojimo-elementas-box-bag-115-rusty-oak\/","og_site_name":"MiuMjau","article_publisher":"https:\/\/www.facebook.com\/miumjaupood\/","article_modified_time":"2026-01-07T18:52:08+00:00","og_image":[{"width":600,"height":800,"url":"https:\/\/miumjau.ee\/wp-content\/uploads\/2023\/12\/poksikott-kassidele-1155.jpg","type":"image\/jpeg"}],"twitter_card":"summary_large_image","schema":{"@context":"https:\/\/schema.org","@graph":[{"@type":"WebPage","@id":"https:\/\/miumjau.ee\/lt\/toode\/laipiojimo-elementas-box-bag-115-rusty-oak\/","url":"https:\/\/miumjau.ee\/lt\/toode\/laipiojimo-elementas-box-bag-115-rusty-oak\/","name":"Laipiojimo elementas Box Bag 115, rusty oak - MiuMjau","isPartOf":{"@id":"https:\/\/miumjau.ee\/#website"},"primaryImageOfPage":{"@id":"https:\/\/miumjau.ee\/lt\/toode\/laipiojimo-elementas-box-bag-115-rusty-oak\/#primaryimage"},"image":{"@id":"https:\/\/miumjau.ee\/lt\/toode\/laipiojimo-elementas-box-bag-115-rusty-oak\/#primaryimage"},"thumbnailUrl":"https:\/\/miumjau.ee\/wp-content\/uploads\/2023\/12\/poksikott-kassidele-1155.jpg","datePublished":"2024-01-05T12:57:26+00:00","dateModified":"2026-01-07T18:52:08+00:00","breadcrumb":{"@id":"https:\/\/miumjau.ee\/lt\/toode\/laipiojimo-elementas-box-bag-115-rusty-oak\/#breadcrumb"},"inLanguage":"lt-LT","potentialAction":[{"@type":"ReadAction","target":["https:\/\/miumjau.ee\/lt\/toode\/laipiojimo-elementas-box-bag-115-rusty-oak\/"]}]},{"@type":"ImageObject","inLanguage":"lt-LT","@id":"https:\/\/miumjau.ee\/lt\/toode\/laipiojimo-elementas-box-bag-115-rusty-oak\/#primaryimage","url":"https:\/\/miumjau.ee\/wp-content\/uploads\/2023\/12\/poksikott-kassidele-1155.jpg","contentUrl":"https:\/\/miumjau.ee\/wp-content\/uploads\/2023\/12\/poksikott-kassidele-1155.jpg","width":600,"height":800,"caption":"poksikott-kassidele-115(3)"},{"@type":"BreadcrumbList","@id":"https:\/\/miumjau.ee\/lt\/toode\/laipiojimo-elementas-box-bag-115-rusty-oak\/#breadcrumb","itemListElement":[{"@type":"ListItem","position":1,"name":"Home","item":"https:\/\/miumjau.ee\/lt\/"},{"@type":"ListItem","position":2,"name":"Parduotuv\u0117","item":"https:\/\/miumjau.ee\/lt\/parduotuve\/"},{"@type":"ListItem","position":3,"name":"Laipiojimo elementas Box Bag 115, rusty oak"}]},{"@type":"WebSite","@id":"https:\/\/miumjau.ee\/#website","url":"https:\/\/miumjau.ee\/","name":"MiuMjau","description":"Kraapimispuud kassidele","publisher":{"@id":"https:\/\/miumjau.ee\/#organization"},"potentialAction":[{"@type":"SearchAction","target":{"@type":"EntryPoint","urlTemplate":"https:\/\/miumjau.ee\/?s={search_term_string}"},"query-input":{"@type":"PropertyValueSpecification","valueRequired":true,"valueName":"search_term_string"}}],"inLanguage":"lt-LT"},{"@type":"Organization","@id":"https:\/\/miumjau.ee\/#organization","name":"MiuMjau O\u00dc","url":"https:\/\/miumjau.ee\/","logo":{"@type":"ImageObject","inLanguage":"lt-LT","@id":"https:\/\/miumjau.ee\/#\/schema\/logo\/image\/","url":"https:\/\/miumjau.ee\/wp-content\/uploads\/2022\/04\/MiuMjau-logo-kollane.png","contentUrl":"https:\/\/miumjau.ee\/wp-content\/uploads\/2022\/04\/MiuMjau-logo-kollane.png","width":219,"height":100,"caption":"MiuMjau O\u00dc"},"image":{"@id":"https:\/\/miumjau.ee\/#\/schema\/logo\/image\/"},"sameAs":["https:\/\/www.facebook.com\/miumjaupood\/"]}]}},"_links":{"self":[{"href":"https:\/\/miumjau.ee\/lt\/wp-json\/wp\/v2\/product\/42775","targetHints":{"allow":["GET"]}}],"collection":[{"href":"https:\/\/miumjau.ee\/lt\/wp-json\/wp\/v2\/product"}],"about":[{"href":"https:\/\/miumjau.ee\/lt\/wp-json\/wp\/v2\/types\/product"}],"wp:featuredmedia":[{"embeddable":true,"href":"https:\/\/miumjau.ee\/lt\/wp-json\/wp\/v2\/media\/43257"}],"wp:attachment":[{"href":"https:\/\/miumjau.ee\/lt\/wp-json\/wp\/v2\/media?parent=42775"}],"wp:term":[{"taxonomy":"product_brand","embeddable":true,"href":"https:\/\/miumjau.ee\/lt\/wp-json\/wp\/v2\/product_brand?post=42775"},{"taxonomy":"product_cat","embeddable":true,"href":"https:\/\/miumjau.ee\/lt\/wp-json\/wp\/v2\/product_cat?post=42775"},{"taxonomy":"product_tag","embeddable":true,"href":"https:\/\/miumjau.ee\/lt\/wp-json\/wp\/v2\/product_tag?post=42775"}],"curies":[{"name":"wp","href":"https:\/\/api.w.org\/{rel}","templated":true}]}}