{"id":42599,"date":"2024-01-04T16:27:09","date_gmt":"2024-01-04T14:27:09","guid":{"rendered":"https:\/\/miumjau.ee\/toode\/papildoma-pakopa-level-35-old-grey\/"},"modified":"2026-01-07T20:52:08","modified_gmt":"2026-01-07T18:52:08","slug":"papildoma-pakopa-level-35-old-grey","status":"publish","type":"product","link":"https:\/\/miumjau.ee\/lt\/produktas\/papildoma-pakopa-level-35-old-grey\/","title":{"rendered":"Papildoma pakopa Level 35, old grey"},"content":{"rendered":"","protected":false},"excerpt":{"rendered":"<p>Papildoma pakopa Level 35 pirmiausia skirta kaip papildoma platforma tarp draskymo stulp\u0173. Draskymo stulpus rasite toje pa\u010dioje kategorijoje \u2013 \u017er. model\u012f Climb.<br \/>\nPakopa tinka vis\u0173 am\u017eiaus ir dyd\u017ei\u0173 kat\u0117ms, nes skirta sukurti keli\u0105 iki tikslo. Wall of Rebels kolekcija suteikia kat\u0117s savininkui puiki\u0105 galimyb\u0119 susikurti savo dizaino laipiojimo sien\u0105. Kombinuokite elementus pagal savo norus ir kat\u0117s poreikius. Nustebinkite savo kat\u0119 skirtingomis laipiojimo galimyb\u0117mis!<\/p>\n<p>Matmenys \u2013 ilgis 35 cm, plotis 35 cm, auk\u0161tis 2 cm<br \/>\nProdukto svoris 2 kg<\/p>\n<p>Pakop\u0105 galima tvirtinti tarp \u0161i\u0173 gamini\u0173: Climb 1250, Climb 1560 ir Climb 2080<br \/>\nSisalo danga itin tvirta ir pritvirtinama prie pagrindo su lipdukais.<br \/>\nPagrindas pagamintas i\u0161 eukalipto medienos<\/p>\n<p>Leiskite fantazijai skristi!<\/p>\n","protected":false},"featured_media":43228,"template":"","meta":[],"product_brand":[],"product_cat":[517],"product_tag":[],"class_list":{"0":"post-42599","1":"product","2":"type-product","3":"status-publish","4":"has-post-thumbnail","6":"product_cat-laipiojimo-sienele-katems","8":"first","9":"instock","10":"sale","11":"taxable","12":"shipping-taxable","13":"purchasable","14":"product-type-simple"},"yoast_head":"<!-- This site is optimized with the Yoast SEO plugin v27.2 - https:\/\/yoast.com\/product\/yoast-seo-wordpress\/ -->\n<title>Papildoma pakopa Level 35, old grey - MiuMjau<\/title>\n<meta name=\"robots\" content=\"index, follow, max-snippet:-1, max-image-preview:large, max-video-preview:-1\" \/>\n<link rel=\"canonical\" href=\"https:\/\/miumjau.ee\/lt\/toode\/papildoma-pakopa-level-35-old-grey\/\" \/>\n<meta property=\"og:locale\" content=\"lt_LT\" \/>\n<meta property=\"og:type\" content=\"article\" \/>\n<meta property=\"og:title\" content=\"Papildoma pakopa Level 35, old grey - MiuMjau\" \/>\n<meta property=\"og:description\" content=\"Papildoma pakopa Level 35 pirmiausia skirta kaip papildoma platforma tarp draskymo stulp\u0173. Draskymo stulpus rasite toje pa\u010dioje kategorijoje \u2013 \u017er. model\u012f Climb. Pakopa tinka vis\u0173 am\u017eiaus ir dyd\u017ei\u0173 kat\u0117ms, nes skirta sukurti keli\u0105 iki tikslo. Wall of Rebels kolekcija suteikia kat\u0117s savininkui puiki\u0105 galimyb\u0119 susikurti savo dizaino laipiojimo sien\u0105. Kombinuokite elementus pagal savo norus ir kat\u0117s poreikius. Nustebinkite savo kat\u0119 skirtingomis laipiojimo galimyb\u0117mis! Matmenys \u2013 ilgis 35 cm, plotis 35 cm, auk\u0161tis 2 cm Produkto svoris 2 kg Pakop\u0105 galima tvirtinti tarp \u0161i\u0173 gamini\u0173: Climb 1250, Climb 1560 ir Climb 2080 Sisalo danga itin tvirta ir pritvirtinama prie pagrindo su lipdukais. Pagrindas pagamintas i\u0161 eukalipto medienos Leiskite fantazijai skristi!\" \/>\n<meta property=\"og:url\" content=\"https:\/\/miumjau.ee\/lt\/toode\/papildoma-pakopa-level-35-old-grey\/\" \/>\n<meta property=\"og:site_name\" content=\"MiuMjau\" \/>\n<meta property=\"article:publisher\" content=\"https:\/\/www.facebook.com\/miumjaupood\/\" \/>\n<meta property=\"article:modified_time\" content=\"2026-01-07T18:52:08+00:00\" \/>\n<meta property=\"og:image\" content=\"https:\/\/miumjau.ee\/wp-content\/uploads\/2024\/01\/level35-petrebels-aste12.jpg\" \/>\n\t<meta property=\"og:image:width\" content=\"600\" \/>\n\t<meta property=\"og:image:height\" content=\"800\" \/>\n\t<meta property=\"og:image:type\" content=\"image\/jpeg\" \/>\n<meta name=\"twitter:card\" content=\"summary_large_image\" \/>\n<script type=\"application\/ld+json\" class=\"yoast-schema-graph\">{\"@context\":\"https:\/\/schema.org\",\"@graph\":[{\"@type\":\"WebPage\",\"@id\":\"https:\/\/miumjau.ee\/lt\/toode\/papildoma-pakopa-level-35-old-grey\/\",\"url\":\"https:\/\/miumjau.ee\/lt\/toode\/papildoma-pakopa-level-35-old-grey\/\",\"name\":\"Papildoma pakopa Level 35, old grey - MiuMjau\",\"isPartOf\":{\"@id\":\"https:\/\/miumjau.ee\/#website\"},\"primaryImageOfPage\":{\"@id\":\"https:\/\/miumjau.ee\/lt\/toode\/papildoma-pakopa-level-35-old-grey\/#primaryimage\"},\"image\":{\"@id\":\"https:\/\/miumjau.ee\/lt\/toode\/papildoma-pakopa-level-35-old-grey\/#primaryimage\"},\"thumbnailUrl\":\"https:\/\/miumjau.ee\/wp-content\/uploads\/2024\/01\/level35-petrebels-aste12.jpg\",\"datePublished\":\"2024-01-04T14:27:09+00:00\",\"dateModified\":\"2026-01-07T18:52:08+00:00\",\"breadcrumb\":{\"@id\":\"https:\/\/miumjau.ee\/lt\/toode\/papildoma-pakopa-level-35-old-grey\/#breadcrumb\"},\"inLanguage\":\"lt-LT\",\"potentialAction\":[{\"@type\":\"ReadAction\",\"target\":[\"https:\/\/miumjau.ee\/lt\/toode\/papildoma-pakopa-level-35-old-grey\/\"]}]},{\"@type\":\"ImageObject\",\"inLanguage\":\"lt-LT\",\"@id\":\"https:\/\/miumjau.ee\/lt\/toode\/papildoma-pakopa-level-35-old-grey\/#primaryimage\",\"url\":\"https:\/\/miumjau.ee\/wp-content\/uploads\/2024\/01\/level35-petrebels-aste12.jpg\",\"contentUrl\":\"https:\/\/miumjau.ee\/wp-content\/uploads\/2024\/01\/level35-petrebels-aste12.jpg\",\"width\":600,\"height\":800,\"caption\":\"Lisaaste Level 35 PETREBELS,\"},{\"@type\":\"BreadcrumbList\",\"@id\":\"https:\/\/miumjau.ee\/lt\/toode\/papildoma-pakopa-level-35-old-grey\/#breadcrumb\",\"itemListElement\":[{\"@type\":\"ListItem\",\"position\":1,\"name\":\"Home\",\"item\":\"https:\/\/miumjau.ee\/lt\/\"},{\"@type\":\"ListItem\",\"position\":2,\"name\":\"Parduotuv\u0117\",\"item\":\"https:\/\/miumjau.ee\/lt\/parduotuve\/\"},{\"@type\":\"ListItem\",\"position\":3,\"name\":\"Papildoma pakopa Level 35, old grey\"}]},{\"@type\":\"WebSite\",\"@id\":\"https:\/\/miumjau.ee\/#website\",\"url\":\"https:\/\/miumjau.ee\/\",\"name\":\"MiuMjau\",\"description\":\"Kraapimispuud kassidele\",\"publisher\":{\"@id\":\"https:\/\/miumjau.ee\/#organization\"},\"potentialAction\":[{\"@type\":\"SearchAction\",\"target\":{\"@type\":\"EntryPoint\",\"urlTemplate\":\"https:\/\/miumjau.ee\/?s={search_term_string}\"},\"query-input\":{\"@type\":\"PropertyValueSpecification\",\"valueRequired\":true,\"valueName\":\"search_term_string\"}}],\"inLanguage\":\"lt-LT\"},{\"@type\":\"Organization\",\"@id\":\"https:\/\/miumjau.ee\/#organization\",\"name\":\"MiuMjau O\u00dc\",\"url\":\"https:\/\/miumjau.ee\/\",\"logo\":{\"@type\":\"ImageObject\",\"inLanguage\":\"lt-LT\",\"@id\":\"https:\/\/miumjau.ee\/#\/schema\/logo\/image\/\",\"url\":\"https:\/\/miumjau.ee\/wp-content\/uploads\/2022\/04\/MiuMjau-logo-kollane.png\",\"contentUrl\":\"https:\/\/miumjau.ee\/wp-content\/uploads\/2022\/04\/MiuMjau-logo-kollane.png\",\"width\":219,\"height\":100,\"caption\":\"MiuMjau O\u00dc\"},\"image\":{\"@id\":\"https:\/\/miumjau.ee\/#\/schema\/logo\/image\/\"},\"sameAs\":[\"https:\/\/www.facebook.com\/miumjaupood\/\"]}]}<\/script>\n<!-- \/ Yoast SEO plugin. -->","yoast_head_json":{"title":"Papildoma pakopa Level 35, old grey - MiuMjau","robots":{"index":"index","follow":"follow","max-snippet":"max-snippet:-1","max-image-preview":"max-image-preview:large","max-video-preview":"max-video-preview:-1"},"canonical":"https:\/\/miumjau.ee\/lt\/toode\/papildoma-pakopa-level-35-old-grey\/","og_locale":"lt_LT","og_type":"article","og_title":"Papildoma pakopa Level 35, old grey - MiuMjau","og_description":"Papildoma pakopa Level 35 pirmiausia skirta kaip papildoma platforma tarp draskymo stulp\u0173. Draskymo stulpus rasite toje pa\u010dioje kategorijoje \u2013 \u017er. model\u012f Climb. Pakopa tinka vis\u0173 am\u017eiaus ir dyd\u017ei\u0173 kat\u0117ms, nes skirta sukurti keli\u0105 iki tikslo. Wall of Rebels kolekcija suteikia kat\u0117s savininkui puiki\u0105 galimyb\u0119 susikurti savo dizaino laipiojimo sien\u0105. Kombinuokite elementus pagal savo norus ir kat\u0117s poreikius. Nustebinkite savo kat\u0119 skirtingomis laipiojimo galimyb\u0117mis! Matmenys \u2013 ilgis 35 cm, plotis 35 cm, auk\u0161tis 2 cm Produkto svoris 2 kg Pakop\u0105 galima tvirtinti tarp \u0161i\u0173 gamini\u0173: Climb 1250, Climb 1560 ir Climb 2080 Sisalo danga itin tvirta ir pritvirtinama prie pagrindo su lipdukais. Pagrindas pagamintas i\u0161 eukalipto medienos Leiskite fantazijai skristi!","og_url":"https:\/\/miumjau.ee\/lt\/toode\/papildoma-pakopa-level-35-old-grey\/","og_site_name":"MiuMjau","article_publisher":"https:\/\/www.facebook.com\/miumjaupood\/","article_modified_time":"2026-01-07T18:52:08+00:00","og_image":[{"width":600,"height":800,"url":"https:\/\/miumjau.ee\/wp-content\/uploads\/2024\/01\/level35-petrebels-aste12.jpg","type":"image\/jpeg"}],"twitter_card":"summary_large_image","schema":{"@context":"https:\/\/schema.org","@graph":[{"@type":"WebPage","@id":"https:\/\/miumjau.ee\/lt\/toode\/papildoma-pakopa-level-35-old-grey\/","url":"https:\/\/miumjau.ee\/lt\/toode\/papildoma-pakopa-level-35-old-grey\/","name":"Papildoma pakopa Level 35, old grey - MiuMjau","isPartOf":{"@id":"https:\/\/miumjau.ee\/#website"},"primaryImageOfPage":{"@id":"https:\/\/miumjau.ee\/lt\/toode\/papildoma-pakopa-level-35-old-grey\/#primaryimage"},"image":{"@id":"https:\/\/miumjau.ee\/lt\/toode\/papildoma-pakopa-level-35-old-grey\/#primaryimage"},"thumbnailUrl":"https:\/\/miumjau.ee\/wp-content\/uploads\/2024\/01\/level35-petrebels-aste12.jpg","datePublished":"2024-01-04T14:27:09+00:00","dateModified":"2026-01-07T18:52:08+00:00","breadcrumb":{"@id":"https:\/\/miumjau.ee\/lt\/toode\/papildoma-pakopa-level-35-old-grey\/#breadcrumb"},"inLanguage":"lt-LT","potentialAction":[{"@type":"ReadAction","target":["https:\/\/miumjau.ee\/lt\/toode\/papildoma-pakopa-level-35-old-grey\/"]}]},{"@type":"ImageObject","inLanguage":"lt-LT","@id":"https:\/\/miumjau.ee\/lt\/toode\/papildoma-pakopa-level-35-old-grey\/#primaryimage","url":"https:\/\/miumjau.ee\/wp-content\/uploads\/2024\/01\/level35-petrebels-aste12.jpg","contentUrl":"https:\/\/miumjau.ee\/wp-content\/uploads\/2024\/01\/level35-petrebels-aste12.jpg","width":600,"height":800,"caption":"Lisaaste Level 35 PETREBELS,"},{"@type":"BreadcrumbList","@id":"https:\/\/miumjau.ee\/lt\/toode\/papildoma-pakopa-level-35-old-grey\/#breadcrumb","itemListElement":[{"@type":"ListItem","position":1,"name":"Home","item":"https:\/\/miumjau.ee\/lt\/"},{"@type":"ListItem","position":2,"name":"Parduotuv\u0117","item":"https:\/\/miumjau.ee\/lt\/parduotuve\/"},{"@type":"ListItem","position":3,"name":"Papildoma pakopa Level 35, old grey"}]},{"@type":"WebSite","@id":"https:\/\/miumjau.ee\/#website","url":"https:\/\/miumjau.ee\/","name":"MiuMjau","description":"Kraapimispuud kassidele","publisher":{"@id":"https:\/\/miumjau.ee\/#organization"},"potentialAction":[{"@type":"SearchAction","target":{"@type":"EntryPoint","urlTemplate":"https:\/\/miumjau.ee\/?s={search_term_string}"},"query-input":{"@type":"PropertyValueSpecification","valueRequired":true,"valueName":"search_term_string"}}],"inLanguage":"lt-LT"},{"@type":"Organization","@id":"https:\/\/miumjau.ee\/#organization","name":"MiuMjau O\u00dc","url":"https:\/\/miumjau.ee\/","logo":{"@type":"ImageObject","inLanguage":"lt-LT","@id":"https:\/\/miumjau.ee\/#\/schema\/logo\/image\/","url":"https:\/\/miumjau.ee\/wp-content\/uploads\/2022\/04\/MiuMjau-logo-kollane.png","contentUrl":"https:\/\/miumjau.ee\/wp-content\/uploads\/2022\/04\/MiuMjau-logo-kollane.png","width":219,"height":100,"caption":"MiuMjau O\u00dc"},"image":{"@id":"https:\/\/miumjau.ee\/#\/schema\/logo\/image\/"},"sameAs":["https:\/\/www.facebook.com\/miumjaupood\/"]}]}},"_links":{"self":[{"href":"https:\/\/miumjau.ee\/lt\/wp-json\/wp\/v2\/product\/42599","targetHints":{"allow":["GET"]}}],"collection":[{"href":"https:\/\/miumjau.ee\/lt\/wp-json\/wp\/v2\/product"}],"about":[{"href":"https:\/\/miumjau.ee\/lt\/wp-json\/wp\/v2\/types\/product"}],"wp:featuredmedia":[{"embeddable":true,"href":"https:\/\/miumjau.ee\/lt\/wp-json\/wp\/v2\/media\/43228"}],"wp:attachment":[{"href":"https:\/\/miumjau.ee\/lt\/wp-json\/wp\/v2\/media?parent=42599"}],"wp:term":[{"taxonomy":"product_brand","embeddable":true,"href":"https:\/\/miumjau.ee\/lt\/wp-json\/wp\/v2\/product_brand?post=42599"},{"taxonomy":"product_cat","embeddable":true,"href":"https:\/\/miumjau.ee\/lt\/wp-json\/wp\/v2\/product_cat?post=42599"},{"taxonomy":"product_tag","embeddable":true,"href":"https:\/\/miumjau.ee\/lt\/wp-json\/wp\/v2\/product_tag?post=42599"}],"curies":[{"name":"wp","href":"https:\/\/api.w.org\/{rel}","templated":true}]}}