{"id":42597,"date":"2024-01-02T20:52:18","date_gmt":"2024-01-02T18:52:18","guid":{"rendered":"https:\/\/miumjau.ee\/toode\/draskymo-stulpas-petrebels-maine-90-pilkas\/"},"modified":"2026-01-07T20:52:15","modified_gmt":"2026-01-07T18:52:15","slug":"draskymo-stulpas-petrebels-maine-90-pilkas","status":"publish","type":"product","link":"https:\/\/miumjau.ee\/lt\/produktas\/draskymo-stulpas-petrebels-maine-90-pilkas\/","title":{"rendered":"Draskymo stulpas Petrebels Maine 90, pilkas"},"content":{"rendered":"","protected":false},"excerpt":{"rendered":"<p>&lt;p&gt;Draskymo stulpas Maine 90 PETREBELS tinka visoms kat\u0117ms, u\u017eima ma\u017eai vietos ir padeda patenkinti esmin\u012f kat\u0117s poreik\u012f. Kiekvienai katei reikia vietos draskymui \u2013 tai gali b\u016bti draskykl\u0117 arba paprastas klasikinis stulpas. Tai daro jas laimingas!&lt;\/p&gt;<br \/>\nJei manote, kad stulpas gal\u0117t\u0173 b\u016bti dar storesnis, pa\u017ei\u016br\u0117kite m\u016bs\u0173 model\u012f Savannah 86.<br \/>\n&lt;p&gt;Bendri matmenys ir svoris: 40 \u00d7 40 \u00d7 90 cm \/ 3,5 kg&lt;\/p&gt;<\/p>\n<p>Stulpo skersmuo 9 cm.<\/p>\n<p>Kat\u0117s \u201emaniki\u016bras\u201c \u2013 svarbu!<\/p>\n","protected":false},"featured_media":43219,"template":"","meta":[],"product_brand":[],"product_cat":[516],"product_tag":[],"class_list":{"0":"post-42597","1":"product","2":"type-product","3":"status-publish","4":"has-post-thumbnail","6":"product_cat-mazi-draskymo-medziai-petrebels","7":"product_shipping_class-pakiautomaati-sobimatu-lt","9":"first","10":"instock","11":"taxable","12":"shipping-taxable","13":"purchasable","14":"product-type-simple"},"yoast_head":"<!-- This site is optimized with the Yoast SEO plugin v27.4 - https:\/\/yoast.com\/product\/yoast-seo-wordpress\/ -->\n<title>Draskymo stulpas Petrebels Maine 90, pilkas - MiuMjau<\/title>\n<meta name=\"robots\" content=\"index, follow, max-snippet:-1, max-image-preview:large, max-video-preview:-1\" \/>\n<link rel=\"canonical\" href=\"https:\/\/miumjau.ee\/lt\/produktas\/draskymo-stulpas-petrebels-maine-90-pilkas\/\" \/>\n<meta property=\"og:locale\" content=\"lt_LT\" \/>\n<meta property=\"og:type\" content=\"article\" \/>\n<meta property=\"og:title\" content=\"Draskymo stulpas Petrebels Maine 90, pilkas - MiuMjau\" \/>\n<meta property=\"og:description\" content=\"&lt;p&gt;Draskymo stulpas Maine 90 PETREBELS tinka visoms kat\u0117ms, u\u017eima ma\u017eai vietos ir padeda patenkinti esmin\u012f kat\u0117s poreik\u012f. Kiekvienai katei reikia vietos draskymui \u2013 tai gali b\u016bti draskykl\u0117 arba paprastas klasikinis stulpas. Tai daro jas laimingas!&lt;\/p&gt; Jei manote, kad stulpas gal\u0117t\u0173 b\u016bti dar storesnis, pa\u017ei\u016br\u0117kite m\u016bs\u0173 model\u012f Savannah 86. &lt;p&gt;Bendri matmenys ir svoris: 40 \u00d7 40 \u00d7 90 cm \/ 3,5 kg&lt;\/p&gt; Stulpo skersmuo 9 cm. Kat\u0117s \u201emaniki\u016bras\u201c \u2013 svarbu!\" \/>\n<meta property=\"og:url\" content=\"https:\/\/miumjau.ee\/lt\/produktas\/draskymo-stulpas-petrebels-maine-90-pilkas\/\" \/>\n<meta property=\"og:site_name\" content=\"MiuMjau\" \/>\n<meta property=\"article:publisher\" content=\"https:\/\/www.facebook.com\/miumjaupood\/\" \/>\n<meta property=\"article:modified_time\" content=\"2026-01-07T18:52:15+00:00\" \/>\n<meta property=\"og:image\" content=\"https:\/\/miumjau.ee\/wp-content\/uploads\/2024\/01\/maine-90-hall-kassi-kraapimispuu-1.jpg\" \/>\n\t<meta property=\"og:image:width\" content=\"600\" \/>\n\t<meta property=\"og:image:height\" content=\"800\" \/>\n\t<meta property=\"og:image:type\" content=\"image\/jpeg\" \/>\n<meta name=\"twitter:card\" content=\"summary_large_image\" \/>\n<script type=\"application\/ld+json\" class=\"yoast-schema-graph\">{\"@context\":\"https:\\\/\\\/schema.org\",\"@graph\":[{\"@type\":\"WebPage\",\"@id\":\"https:\\\/\\\/miumjau.ee\\\/lt\\\/produktas\\\/draskymo-stulpas-petrebels-maine-90-pilkas\\\/\",\"url\":\"https:\\\/\\\/miumjau.ee\\\/lt\\\/produktas\\\/draskymo-stulpas-petrebels-maine-90-pilkas\\\/\",\"name\":\"Draskymo stulpas Petrebels Maine 90, pilkas - MiuMjau\",\"isPartOf\":{\"@id\":\"https:\\\/\\\/miumjau.ee\\\/#website\"},\"primaryImageOfPage\":{\"@id\":\"https:\\\/\\\/miumjau.ee\\\/lt\\\/produktas\\\/draskymo-stulpas-petrebels-maine-90-pilkas\\\/#primaryimage\"},\"image\":{\"@id\":\"https:\\\/\\\/miumjau.ee\\\/lt\\\/produktas\\\/draskymo-stulpas-petrebels-maine-90-pilkas\\\/#primaryimage\"},\"thumbnailUrl\":\"https:\\\/\\\/miumjau.ee\\\/wp-content\\\/uploads\\\/2024\\\/01\\\/maine-90-hall-kassi-kraapimispuu-1.jpg\",\"datePublished\":\"2024-01-02T18:52:18+00:00\",\"dateModified\":\"2026-01-07T18:52:15+00:00\",\"breadcrumb\":{\"@id\":\"https:\\\/\\\/miumjau.ee\\\/lt\\\/produktas\\\/draskymo-stulpas-petrebels-maine-90-pilkas\\\/#breadcrumb\"},\"inLanguage\":\"lt-LT\",\"potentialAction\":[{\"@type\":\"ReadAction\",\"target\":[\"https:\\\/\\\/miumjau.ee\\\/lt\\\/produktas\\\/draskymo-stulpas-petrebels-maine-90-pilkas\\\/\"]}]},{\"@type\":\"ImageObject\",\"inLanguage\":\"lt-LT\",\"@id\":\"https:\\\/\\\/miumjau.ee\\\/lt\\\/produktas\\\/draskymo-stulpas-petrebels-maine-90-pilkas\\\/#primaryimage\",\"url\":\"https:\\\/\\\/miumjau.ee\\\/wp-content\\\/uploads\\\/2024\\\/01\\\/maine-90-hall-kassi-kraapimispuu-1.jpg\",\"contentUrl\":\"https:\\\/\\\/miumjau.ee\\\/wp-content\\\/uploads\\\/2024\\\/01\\\/maine-90-hall-kassi-kraapimispuu-1.jpg\",\"width\":600,\"height\":800,\"caption\":\"Kraapimispost Maine 90 PETREBELS\"},{\"@type\":\"BreadcrumbList\",\"@id\":\"https:\\\/\\\/miumjau.ee\\\/lt\\\/produktas\\\/draskymo-stulpas-petrebels-maine-90-pilkas\\\/#breadcrumb\",\"itemListElement\":[{\"@type\":\"ListItem\",\"position\":1,\"name\":\"Home\",\"item\":\"https:\\\/\\\/miumjau.ee\\\/lt\\\/\"},{\"@type\":\"ListItem\",\"position\":2,\"name\":\"Parduotuv\u0117\",\"item\":\"https:\\\/\\\/miumjau.ee\\\/lt\\\/parduotuve\\\/\"},{\"@type\":\"ListItem\",\"position\":3,\"name\":\"Draskymo stulpas Petrebels Maine 90, pilkas\"}]},{\"@type\":\"WebSite\",\"@id\":\"https:\\\/\\\/miumjau.ee\\\/#website\",\"url\":\"https:\\\/\\\/miumjau.ee\\\/\",\"name\":\"MiuMjau\",\"description\":\"Kraapimispuud kassidele\",\"publisher\":{\"@id\":\"https:\\\/\\\/miumjau.ee\\\/#organization\"},\"potentialAction\":[{\"@type\":\"SearchAction\",\"target\":{\"@type\":\"EntryPoint\",\"urlTemplate\":\"https:\\\/\\\/miumjau.ee\\\/?s={search_term_string}\"},\"query-input\":{\"@type\":\"PropertyValueSpecification\",\"valueRequired\":true,\"valueName\":\"search_term_string\"}}],\"inLanguage\":\"lt-LT\"},{\"@type\":\"Organization\",\"@id\":\"https:\\\/\\\/miumjau.ee\\\/#organization\",\"name\":\"MiuMjau O\u00dc\",\"url\":\"https:\\\/\\\/miumjau.ee\\\/\",\"logo\":{\"@type\":\"ImageObject\",\"inLanguage\":\"lt-LT\",\"@id\":\"https:\\\/\\\/miumjau.ee\\\/#\\\/schema\\\/logo\\\/image\\\/\",\"url\":\"https:\\\/\\\/miumjau.ee\\\/wp-content\\\/uploads\\\/2022\\\/04\\\/MiuMjau-logo-kollane.png\",\"contentUrl\":\"https:\\\/\\\/miumjau.ee\\\/wp-content\\\/uploads\\\/2022\\\/04\\\/MiuMjau-logo-kollane.png\",\"width\":219,\"height\":100,\"caption\":\"MiuMjau O\u00dc\"},\"image\":{\"@id\":\"https:\\\/\\\/miumjau.ee\\\/#\\\/schema\\\/logo\\\/image\\\/\"},\"sameAs\":[\"https:\\\/\\\/www.facebook.com\\\/miumjaupood\\\/\"]}]}<\/script>\n<!-- \/ Yoast SEO plugin. -->","yoast_head_json":{"title":"Draskymo stulpas Petrebels Maine 90, pilkas - MiuMjau","robots":{"index":"index","follow":"follow","max-snippet":"max-snippet:-1","max-image-preview":"max-image-preview:large","max-video-preview":"max-video-preview:-1"},"canonical":"https:\/\/miumjau.ee\/lt\/produktas\/draskymo-stulpas-petrebels-maine-90-pilkas\/","og_locale":"lt_LT","og_type":"article","og_title":"Draskymo stulpas Petrebels Maine 90, pilkas - MiuMjau","og_description":"&lt;p&gt;Draskymo stulpas Maine 90 PETREBELS tinka visoms kat\u0117ms, u\u017eima ma\u017eai vietos ir padeda patenkinti esmin\u012f kat\u0117s poreik\u012f. Kiekvienai katei reikia vietos draskymui \u2013 tai gali b\u016bti draskykl\u0117 arba paprastas klasikinis stulpas. Tai daro jas laimingas!&lt;\/p&gt; Jei manote, kad stulpas gal\u0117t\u0173 b\u016bti dar storesnis, pa\u017ei\u016br\u0117kite m\u016bs\u0173 model\u012f Savannah 86. &lt;p&gt;Bendri matmenys ir svoris: 40 \u00d7 40 \u00d7 90 cm \/ 3,5 kg&lt;\/p&gt; Stulpo skersmuo 9 cm. Kat\u0117s \u201emaniki\u016bras\u201c \u2013 svarbu!","og_url":"https:\/\/miumjau.ee\/lt\/produktas\/draskymo-stulpas-petrebels-maine-90-pilkas\/","og_site_name":"MiuMjau","article_publisher":"https:\/\/www.facebook.com\/miumjaupood\/","article_modified_time":"2026-01-07T18:52:15+00:00","og_image":[{"width":600,"height":800,"url":"https:\/\/miumjau.ee\/wp-content\/uploads\/2024\/01\/maine-90-hall-kassi-kraapimispuu-1.jpg","type":"image\/jpeg"}],"twitter_card":"summary_large_image","schema":{"@context":"https:\/\/schema.org","@graph":[{"@type":"WebPage","@id":"https:\/\/miumjau.ee\/lt\/produktas\/draskymo-stulpas-petrebels-maine-90-pilkas\/","url":"https:\/\/miumjau.ee\/lt\/produktas\/draskymo-stulpas-petrebels-maine-90-pilkas\/","name":"Draskymo stulpas Petrebels Maine 90, pilkas - MiuMjau","isPartOf":{"@id":"https:\/\/miumjau.ee\/#website"},"primaryImageOfPage":{"@id":"https:\/\/miumjau.ee\/lt\/produktas\/draskymo-stulpas-petrebels-maine-90-pilkas\/#primaryimage"},"image":{"@id":"https:\/\/miumjau.ee\/lt\/produktas\/draskymo-stulpas-petrebels-maine-90-pilkas\/#primaryimage"},"thumbnailUrl":"https:\/\/miumjau.ee\/wp-content\/uploads\/2024\/01\/maine-90-hall-kassi-kraapimispuu-1.jpg","datePublished":"2024-01-02T18:52:18+00:00","dateModified":"2026-01-07T18:52:15+00:00","breadcrumb":{"@id":"https:\/\/miumjau.ee\/lt\/produktas\/draskymo-stulpas-petrebels-maine-90-pilkas\/#breadcrumb"},"inLanguage":"lt-LT","potentialAction":[{"@type":"ReadAction","target":["https:\/\/miumjau.ee\/lt\/produktas\/draskymo-stulpas-petrebels-maine-90-pilkas\/"]}]},{"@type":"ImageObject","inLanguage":"lt-LT","@id":"https:\/\/miumjau.ee\/lt\/produktas\/draskymo-stulpas-petrebels-maine-90-pilkas\/#primaryimage","url":"https:\/\/miumjau.ee\/wp-content\/uploads\/2024\/01\/maine-90-hall-kassi-kraapimispuu-1.jpg","contentUrl":"https:\/\/miumjau.ee\/wp-content\/uploads\/2024\/01\/maine-90-hall-kassi-kraapimispuu-1.jpg","width":600,"height":800,"caption":"Kraapimispost Maine 90 PETREBELS"},{"@type":"BreadcrumbList","@id":"https:\/\/miumjau.ee\/lt\/produktas\/draskymo-stulpas-petrebels-maine-90-pilkas\/#breadcrumb","itemListElement":[{"@type":"ListItem","position":1,"name":"Home","item":"https:\/\/miumjau.ee\/lt\/"},{"@type":"ListItem","position":2,"name":"Parduotuv\u0117","item":"https:\/\/miumjau.ee\/lt\/parduotuve\/"},{"@type":"ListItem","position":3,"name":"Draskymo stulpas Petrebels Maine 90, pilkas"}]},{"@type":"WebSite","@id":"https:\/\/miumjau.ee\/#website","url":"https:\/\/miumjau.ee\/","name":"MiuMjau","description":"Kraapimispuud kassidele","publisher":{"@id":"https:\/\/miumjau.ee\/#organization"},"potentialAction":[{"@type":"SearchAction","target":{"@type":"EntryPoint","urlTemplate":"https:\/\/miumjau.ee\/?s={search_term_string}"},"query-input":{"@type":"PropertyValueSpecification","valueRequired":true,"valueName":"search_term_string"}}],"inLanguage":"lt-LT"},{"@type":"Organization","@id":"https:\/\/miumjau.ee\/#organization","name":"MiuMjau O\u00dc","url":"https:\/\/miumjau.ee\/","logo":{"@type":"ImageObject","inLanguage":"lt-LT","@id":"https:\/\/miumjau.ee\/#\/schema\/logo\/image\/","url":"https:\/\/miumjau.ee\/wp-content\/uploads\/2022\/04\/MiuMjau-logo-kollane.png","contentUrl":"https:\/\/miumjau.ee\/wp-content\/uploads\/2022\/04\/MiuMjau-logo-kollane.png","width":219,"height":100,"caption":"MiuMjau O\u00dc"},"image":{"@id":"https:\/\/miumjau.ee\/#\/schema\/logo\/image\/"},"sameAs":["https:\/\/www.facebook.com\/miumjaupood\/"]}]}},"_links":{"self":[{"href":"https:\/\/miumjau.ee\/lt\/wp-json\/wp\/v2\/product\/42597","targetHints":{"allow":["GET"]}}],"collection":[{"href":"https:\/\/miumjau.ee\/lt\/wp-json\/wp\/v2\/product"}],"about":[{"href":"https:\/\/miumjau.ee\/lt\/wp-json\/wp\/v2\/types\/product"}],"wp:featuredmedia":[{"embeddable":true,"href":"https:\/\/miumjau.ee\/lt\/wp-json\/wp\/v2\/media\/43219"}],"wp:attachment":[{"href":"https:\/\/miumjau.ee\/lt\/wp-json\/wp\/v2\/media?parent=42597"}],"wp:term":[{"taxonomy":"product_brand","embeddable":true,"href":"https:\/\/miumjau.ee\/lt\/wp-json\/wp\/v2\/product_brand?post=42597"},{"taxonomy":"product_cat","embeddable":true,"href":"https:\/\/miumjau.ee\/lt\/wp-json\/wp\/v2\/product_cat?post=42597"},{"taxonomy":"product_tag","embeddable":true,"href":"https:\/\/miumjau.ee\/lt\/wp-json\/wp\/v2\/product_tag?post=42597"}],"curies":[{"name":"wp","href":"https:\/\/api.w.org\/{rel}","templated":true}]}}