{"id":42589,"date":"2024-01-01T14:31:20","date_gmt":"2024-01-01T12:31:20","guid":{"rendered":"https:\/\/miumjau.ee\/toode\/draskymo-stulpas-sienai-climb-1560-naturalus\/"},"modified":"2026-01-07T20:52:22","modified_gmt":"2026-01-07T18:52:22","slug":"draskymo-stulpas-sienai-climb-1560-naturalus","status":"publish","type":"product","link":"https:\/\/miumjau.ee\/lt\/produktas\/draskymo-stulpas-sienai-climb-1560-naturalus\/","title":{"rendered":"Draskymo stulpas sienai Climb 1560, nat\u016bralus"},"content":{"rendered":"","protected":false},"excerpt":{"rendered":"<p>Draskymo stulpas Post 1560 i\u0161 Petrebels skirtas naudoti kaip vienas i\u0161 laipiojimo sienos element\u0173. Stulpai gaminami trij\u0173 skirting\u0173 diametr\u0173. \u0160is yra vidutinio storio \u2013 15 cm skersmens ir 60 cm auk\u0161\u010dio. Sujungus kelis elementus galima pritvirtinti ilg\u0105 draskymo\u2013laipiojimo vamzd\u012f, vedant\u012f iki lubose esan\u010dio guolio. Visus elementus galima derinti taip, kaip patinka jums ir j\u016bs\u0173 katei \u2013 tik fantazija yra riba!<\/p>\n<p>\u0160is gaminys skirtas vis\u0173 pirma esamo komplekto prailginimui. Jei jau turite produkt\u0105 Climb 1560 set \u2013 draskymo vamzd\u012f su sieniniais laikikliais, galite \u012fsigyti papildomus tarpinelementus, kad vamzdis b\u016bt\u0173 ilgesnis. Taip pat galima tarp j\u0173 montuoti papildomas pakopas ar pakabinamas guolius. \u017di\u016br\u0117kite iliustracin\u0119 nuotrauk\u0105.<\/p>\n<p>Produkto svoris: 2,4 kg<br \/>\nSkersmuo: 15 cm<br \/>\nAuk\u0161tis: 60 cm<br \/>\nSriegio dydis: M10 (srieginiai strypai parduodami beveik visuose statybos preki\u0173 centruose Estijoje)<\/p>\n<p>Petrebels \u2013 Nyderland\u0173 kokyb\u0117s prek\u0117s \u017eenklas, kuriuo tikrai nenusivilsite!<\/p>\n","protected":false},"featured_media":43197,"template":"","meta":[],"product_brand":[],"product_cat":[517],"product_tag":[],"class_list":{"0":"post-42589","1":"product","2":"type-product","3":"status-publish","4":"has-post-thumbnail","6":"product_cat-laipiojimo-sienele-katems","7":"product_shipping_class-pakiautomaati-sobimatu-lt","9":"first","10":"outofstock","11":"taxable","12":"shipping-taxable","13":"purchasable","14":"product-type-simple"},"yoast_head":"<!-- This site is optimized with the Yoast SEO plugin v27.2 - https:\/\/yoast.com\/product\/yoast-seo-wordpress\/ -->\n<title>Draskymo stulpas sienai Climb 1560, nat\u016bralus - MiuMjau<\/title>\n<meta name=\"robots\" content=\"index, follow, max-snippet:-1, max-image-preview:large, max-video-preview:-1\" \/>\n<link rel=\"canonical\" href=\"https:\/\/miumjau.ee\/lt\/toode\/draskymo-stulpas-sienai-climb-1560-naturalus\/\" \/>\n<meta property=\"og:locale\" content=\"lt_LT\" \/>\n<meta property=\"og:type\" content=\"article\" \/>\n<meta property=\"og:title\" content=\"Draskymo stulpas sienai Climb 1560, nat\u016bralus - MiuMjau\" \/>\n<meta property=\"og:description\" content=\"Draskymo stulpas Post 1560 i\u0161 Petrebels skirtas naudoti kaip vienas i\u0161 laipiojimo sienos element\u0173. Stulpai gaminami trij\u0173 skirting\u0173 diametr\u0173. \u0160is yra vidutinio storio \u2013 15 cm skersmens ir 60 cm auk\u0161\u010dio. Sujungus kelis elementus galima pritvirtinti ilg\u0105 draskymo\u2013laipiojimo vamzd\u012f, vedant\u012f iki lubose esan\u010dio guolio. Visus elementus galima derinti taip, kaip patinka jums ir j\u016bs\u0173 katei \u2013 tik fantazija yra riba! \u0160is gaminys skirtas vis\u0173 pirma esamo komplekto prailginimui. Jei jau turite produkt\u0105 Climb 1560 set \u2013 draskymo vamzd\u012f su sieniniais laikikliais, galite \u012fsigyti papildomus tarpinelementus, kad vamzdis b\u016bt\u0173 ilgesnis. Taip pat galima tarp j\u0173 montuoti papildomas pakopas ar pakabinamas guolius. \u017di\u016br\u0117kite iliustracin\u0119 nuotrauk\u0105. Produkto svoris: 2,4 kg Skersmuo: 15 cm Auk\u0161tis: 60 cm Sriegio dydis: M10 (srieginiai strypai parduodami beveik visuose statybos preki\u0173 centruose Estijoje) Petrebels \u2013 Nyderland\u0173 kokyb\u0117s prek\u0117s \u017eenklas, kuriuo tikrai nenusivilsite!\" \/>\n<meta property=\"og:url\" content=\"https:\/\/miumjau.ee\/lt\/toode\/draskymo-stulpas-sienai-climb-1560-naturalus\/\" \/>\n<meta property=\"og:site_name\" content=\"MiuMjau\" \/>\n<meta property=\"article:publisher\" content=\"https:\/\/www.facebook.com\/miumjaupood\/\" \/>\n<meta property=\"article:modified_time\" content=\"2026-01-07T18:52:22+00:00\" \/>\n<meta property=\"og:image\" content=\"https:\/\/miumjau.ee\/wp-content\/uploads\/2023\/12\/kraapimispost-15601.jpg\" \/>\n\t<meta property=\"og:image:width\" content=\"600\" \/>\n\t<meta property=\"og:image:height\" content=\"800\" \/>\n\t<meta property=\"og:image:type\" content=\"image\/jpeg\" \/>\n<meta name=\"twitter:card\" content=\"summary_large_image\" \/>\n<script type=\"application\/ld+json\" class=\"yoast-schema-graph\">{\"@context\":\"https:\/\/schema.org\",\"@graph\":[{\"@type\":\"WebPage\",\"@id\":\"https:\/\/miumjau.ee\/lt\/toode\/draskymo-stulpas-sienai-climb-1560-naturalus\/\",\"url\":\"https:\/\/miumjau.ee\/lt\/toode\/draskymo-stulpas-sienai-climb-1560-naturalus\/\",\"name\":\"Draskymo stulpas sienai Climb 1560, nat\u016bralus - MiuMjau\",\"isPartOf\":{\"@id\":\"https:\/\/miumjau.ee\/#website\"},\"primaryImageOfPage\":{\"@id\":\"https:\/\/miumjau.ee\/lt\/toode\/draskymo-stulpas-sienai-climb-1560-naturalus\/#primaryimage\"},\"image\":{\"@id\":\"https:\/\/miumjau.ee\/lt\/toode\/draskymo-stulpas-sienai-climb-1560-naturalus\/#primaryimage\"},\"thumbnailUrl\":\"https:\/\/miumjau.ee\/wp-content\/uploads\/2023\/12\/kraapimispost-15601.jpg\",\"datePublished\":\"2024-01-01T12:31:20+00:00\",\"dateModified\":\"2026-01-07T18:52:22+00:00\",\"breadcrumb\":{\"@id\":\"https:\/\/miumjau.ee\/lt\/toode\/draskymo-stulpas-sienai-climb-1560-naturalus\/#breadcrumb\"},\"inLanguage\":\"lt-LT\",\"potentialAction\":[{\"@type\":\"ReadAction\",\"target\":[\"https:\/\/miumjau.ee\/lt\/toode\/draskymo-stulpas-sienai-climb-1560-naturalus\/\"]}]},{\"@type\":\"ImageObject\",\"inLanguage\":\"lt-LT\",\"@id\":\"https:\/\/miumjau.ee\/lt\/toode\/draskymo-stulpas-sienai-climb-1560-naturalus\/#primaryimage\",\"url\":\"https:\/\/miumjau.ee\/wp-content\/uploads\/2023\/12\/kraapimispost-15601.jpg\",\"contentUrl\":\"https:\/\/miumjau.ee\/wp-content\/uploads\/2023\/12\/kraapimispost-15601.jpg\",\"width\":600,\"height\":800,\"caption\":\"kraapimispost-1560(1)\"},{\"@type\":\"BreadcrumbList\",\"@id\":\"https:\/\/miumjau.ee\/lt\/toode\/draskymo-stulpas-sienai-climb-1560-naturalus\/#breadcrumb\",\"itemListElement\":[{\"@type\":\"ListItem\",\"position\":1,\"name\":\"Home\",\"item\":\"https:\/\/miumjau.ee\/lt\/\"},{\"@type\":\"ListItem\",\"position\":2,\"name\":\"Parduotuv\u0117\",\"item\":\"https:\/\/miumjau.ee\/lt\/parduotuve\/\"},{\"@type\":\"ListItem\",\"position\":3,\"name\":\"Draskymo stulpas sienai Climb 1560, nat\u016bralus\"}]},{\"@type\":\"WebSite\",\"@id\":\"https:\/\/miumjau.ee\/#website\",\"url\":\"https:\/\/miumjau.ee\/\",\"name\":\"MiuMjau\",\"description\":\"Kraapimispuud kassidele\",\"publisher\":{\"@id\":\"https:\/\/miumjau.ee\/#organization\"},\"potentialAction\":[{\"@type\":\"SearchAction\",\"target\":{\"@type\":\"EntryPoint\",\"urlTemplate\":\"https:\/\/miumjau.ee\/?s={search_term_string}\"},\"query-input\":{\"@type\":\"PropertyValueSpecification\",\"valueRequired\":true,\"valueName\":\"search_term_string\"}}],\"inLanguage\":\"lt-LT\"},{\"@type\":\"Organization\",\"@id\":\"https:\/\/miumjau.ee\/#organization\",\"name\":\"MiuMjau O\u00dc\",\"url\":\"https:\/\/miumjau.ee\/\",\"logo\":{\"@type\":\"ImageObject\",\"inLanguage\":\"lt-LT\",\"@id\":\"https:\/\/miumjau.ee\/#\/schema\/logo\/image\/\",\"url\":\"https:\/\/miumjau.ee\/wp-content\/uploads\/2022\/04\/MiuMjau-logo-kollane.png\",\"contentUrl\":\"https:\/\/miumjau.ee\/wp-content\/uploads\/2022\/04\/MiuMjau-logo-kollane.png\",\"width\":219,\"height\":100,\"caption\":\"MiuMjau O\u00dc\"},\"image\":{\"@id\":\"https:\/\/miumjau.ee\/#\/schema\/logo\/image\/\"},\"sameAs\":[\"https:\/\/www.facebook.com\/miumjaupood\/\"]}]}<\/script>\n<!-- \/ Yoast SEO plugin. -->","yoast_head_json":{"title":"Draskymo stulpas sienai Climb 1560, nat\u016bralus - MiuMjau","robots":{"index":"index","follow":"follow","max-snippet":"max-snippet:-1","max-image-preview":"max-image-preview:large","max-video-preview":"max-video-preview:-1"},"canonical":"https:\/\/miumjau.ee\/lt\/toode\/draskymo-stulpas-sienai-climb-1560-naturalus\/","og_locale":"lt_LT","og_type":"article","og_title":"Draskymo stulpas sienai Climb 1560, nat\u016bralus - MiuMjau","og_description":"Draskymo stulpas Post 1560 i\u0161 Petrebels skirtas naudoti kaip vienas i\u0161 laipiojimo sienos element\u0173. Stulpai gaminami trij\u0173 skirting\u0173 diametr\u0173. \u0160is yra vidutinio storio \u2013 15 cm skersmens ir 60 cm auk\u0161\u010dio. Sujungus kelis elementus galima pritvirtinti ilg\u0105 draskymo\u2013laipiojimo vamzd\u012f, vedant\u012f iki lubose esan\u010dio guolio. Visus elementus galima derinti taip, kaip patinka jums ir j\u016bs\u0173 katei \u2013 tik fantazija yra riba! \u0160is gaminys skirtas vis\u0173 pirma esamo komplekto prailginimui. Jei jau turite produkt\u0105 Climb 1560 set \u2013 draskymo vamzd\u012f su sieniniais laikikliais, galite \u012fsigyti papildomus tarpinelementus, kad vamzdis b\u016bt\u0173 ilgesnis. Taip pat galima tarp j\u0173 montuoti papildomas pakopas ar pakabinamas guolius. \u017di\u016br\u0117kite iliustracin\u0119 nuotrauk\u0105. Produkto svoris: 2,4 kg Skersmuo: 15 cm Auk\u0161tis: 60 cm Sriegio dydis: M10 (srieginiai strypai parduodami beveik visuose statybos preki\u0173 centruose Estijoje) Petrebels \u2013 Nyderland\u0173 kokyb\u0117s prek\u0117s \u017eenklas, kuriuo tikrai nenusivilsite!","og_url":"https:\/\/miumjau.ee\/lt\/toode\/draskymo-stulpas-sienai-climb-1560-naturalus\/","og_site_name":"MiuMjau","article_publisher":"https:\/\/www.facebook.com\/miumjaupood\/","article_modified_time":"2026-01-07T18:52:22+00:00","og_image":[{"width":600,"height":800,"url":"https:\/\/miumjau.ee\/wp-content\/uploads\/2023\/12\/kraapimispost-15601.jpg","type":"image\/jpeg"}],"twitter_card":"summary_large_image","schema":{"@context":"https:\/\/schema.org","@graph":[{"@type":"WebPage","@id":"https:\/\/miumjau.ee\/lt\/toode\/draskymo-stulpas-sienai-climb-1560-naturalus\/","url":"https:\/\/miumjau.ee\/lt\/toode\/draskymo-stulpas-sienai-climb-1560-naturalus\/","name":"Draskymo stulpas sienai Climb 1560, nat\u016bralus - MiuMjau","isPartOf":{"@id":"https:\/\/miumjau.ee\/#website"},"primaryImageOfPage":{"@id":"https:\/\/miumjau.ee\/lt\/toode\/draskymo-stulpas-sienai-climb-1560-naturalus\/#primaryimage"},"image":{"@id":"https:\/\/miumjau.ee\/lt\/toode\/draskymo-stulpas-sienai-climb-1560-naturalus\/#primaryimage"},"thumbnailUrl":"https:\/\/miumjau.ee\/wp-content\/uploads\/2023\/12\/kraapimispost-15601.jpg","datePublished":"2024-01-01T12:31:20+00:00","dateModified":"2026-01-07T18:52:22+00:00","breadcrumb":{"@id":"https:\/\/miumjau.ee\/lt\/toode\/draskymo-stulpas-sienai-climb-1560-naturalus\/#breadcrumb"},"inLanguage":"lt-LT","potentialAction":[{"@type":"ReadAction","target":["https:\/\/miumjau.ee\/lt\/toode\/draskymo-stulpas-sienai-climb-1560-naturalus\/"]}]},{"@type":"ImageObject","inLanguage":"lt-LT","@id":"https:\/\/miumjau.ee\/lt\/toode\/draskymo-stulpas-sienai-climb-1560-naturalus\/#primaryimage","url":"https:\/\/miumjau.ee\/wp-content\/uploads\/2023\/12\/kraapimispost-15601.jpg","contentUrl":"https:\/\/miumjau.ee\/wp-content\/uploads\/2023\/12\/kraapimispost-15601.jpg","width":600,"height":800,"caption":"kraapimispost-1560(1)"},{"@type":"BreadcrumbList","@id":"https:\/\/miumjau.ee\/lt\/toode\/draskymo-stulpas-sienai-climb-1560-naturalus\/#breadcrumb","itemListElement":[{"@type":"ListItem","position":1,"name":"Home","item":"https:\/\/miumjau.ee\/lt\/"},{"@type":"ListItem","position":2,"name":"Parduotuv\u0117","item":"https:\/\/miumjau.ee\/lt\/parduotuve\/"},{"@type":"ListItem","position":3,"name":"Draskymo stulpas sienai Climb 1560, nat\u016bralus"}]},{"@type":"WebSite","@id":"https:\/\/miumjau.ee\/#website","url":"https:\/\/miumjau.ee\/","name":"MiuMjau","description":"Kraapimispuud kassidele","publisher":{"@id":"https:\/\/miumjau.ee\/#organization"},"potentialAction":[{"@type":"SearchAction","target":{"@type":"EntryPoint","urlTemplate":"https:\/\/miumjau.ee\/?s={search_term_string}"},"query-input":{"@type":"PropertyValueSpecification","valueRequired":true,"valueName":"search_term_string"}}],"inLanguage":"lt-LT"},{"@type":"Organization","@id":"https:\/\/miumjau.ee\/#organization","name":"MiuMjau O\u00dc","url":"https:\/\/miumjau.ee\/","logo":{"@type":"ImageObject","inLanguage":"lt-LT","@id":"https:\/\/miumjau.ee\/#\/schema\/logo\/image\/","url":"https:\/\/miumjau.ee\/wp-content\/uploads\/2022\/04\/MiuMjau-logo-kollane.png","contentUrl":"https:\/\/miumjau.ee\/wp-content\/uploads\/2022\/04\/MiuMjau-logo-kollane.png","width":219,"height":100,"caption":"MiuMjau O\u00dc"},"image":{"@id":"https:\/\/miumjau.ee\/#\/schema\/logo\/image\/"},"sameAs":["https:\/\/www.facebook.com\/miumjaupood\/"]}]}},"_links":{"self":[{"href":"https:\/\/miumjau.ee\/lt\/wp-json\/wp\/v2\/product\/42589","targetHints":{"allow":["GET"]}}],"collection":[{"href":"https:\/\/miumjau.ee\/lt\/wp-json\/wp\/v2\/product"}],"about":[{"href":"https:\/\/miumjau.ee\/lt\/wp-json\/wp\/v2\/types\/product"}],"wp:featuredmedia":[{"embeddable":true,"href":"https:\/\/miumjau.ee\/lt\/wp-json\/wp\/v2\/media\/43197"}],"wp:attachment":[{"href":"https:\/\/miumjau.ee\/lt\/wp-json\/wp\/v2\/media?parent=42589"}],"wp:term":[{"taxonomy":"product_brand","embeddable":true,"href":"https:\/\/miumjau.ee\/lt\/wp-json\/wp\/v2\/product_brand?post=42589"},{"taxonomy":"product_cat","embeddable":true,"href":"https:\/\/miumjau.ee\/lt\/wp-json\/wp\/v2\/product_cat?post=42589"},{"taxonomy":"product_tag","embeddable":true,"href":"https:\/\/miumjau.ee\/lt\/wp-json\/wp\/v2\/product_tag?post=42589"}],"curies":[{"name":"wp","href":"https:\/\/api.w.org\/{rel}","templated":true}]}}