{"id":42585,"date":"2024-01-01T11:03:32","date_gmt":"2024-01-01T09:03:32","guid":{"rendered":"https:\/\/miumjau.ee\/toode\/apdailos-diskas-disc-20-old-grey\/"},"modified":"2026-01-07T20:52:22","modified_gmt":"2026-01-07T18:52:22","slug":"apdailos-diskas-disc-20-old-grey","status":"publish","type":"product","link":"https:\/\/miumjau.ee\/lt\/produktas\/apdailos-diskas-disc-20-old-grey\/","title":{"rendered":"Apdailos diskas DISC 20, old grey"},"content":{"rendered":"","protected":false},"excerpt":{"rendered":"<p>Apdailos diskas DISC 20 i\u0161 PETREBELS \u2013 laipiojimo sienos kolekcijos dalis. Visus elementus galima derinti pagal poreikius. Diskas naudojamas tarp dviej\u0173 draskymo stulp\u0173 ir pakabinamo guolio tvirtinimui. Tinka modeliams Hang Round 1548 ir Hang Square 1240. Si\u016bloma 3 spalv\u0173.<\/p>\n<p>Skersmuo 20 cm<br \/>\nStoris 2 cm<\/p>\n","protected":false},"featured_media":43182,"template":"","meta":[],"product_brand":[],"product_cat":[517],"product_tag":[],"class_list":{"0":"post-42585","1":"product","2":"type-product","3":"status-publish","4":"has-post-thumbnail","6":"product_cat-laipiojimo-sienele-katems","8":"first","9":"instock","10":"taxable","11":"shipping-taxable","12":"purchasable","13":"product-type-simple"},"yoast_head":"<!-- This site is optimized with the Yoast SEO plugin v27.2 - https:\/\/yoast.com\/product\/yoast-seo-wordpress\/ -->\n<title>Apdailos diskas DISC 20, old grey - MiuMjau<\/title>\n<meta name=\"robots\" content=\"index, follow, max-snippet:-1, max-image-preview:large, max-video-preview:-1\" \/>\n<link rel=\"canonical\" href=\"https:\/\/miumjau.ee\/lt\/toode\/apdailos-diskas-disc-20-old-grey\/\" \/>\n<meta property=\"og:locale\" content=\"lt_LT\" \/>\n<meta property=\"og:type\" content=\"article\" \/>\n<meta property=\"og:title\" content=\"Apdailos diskas DISC 20, old grey - MiuMjau\" \/>\n<meta property=\"og:description\" content=\"Apdailos diskas DISC 20 i\u0161 PETREBELS \u2013 laipiojimo sienos kolekcijos dalis. Visus elementus galima derinti pagal poreikius. Diskas naudojamas tarp dviej\u0173 draskymo stulp\u0173 ir pakabinamo guolio tvirtinimui. Tinka modeliams Hang Round 1548 ir Hang Square 1240. Si\u016bloma 3 spalv\u0173. Skersmuo 20 cm Storis 2 cm\" \/>\n<meta property=\"og:url\" content=\"https:\/\/miumjau.ee\/lt\/toode\/apdailos-diskas-disc-20-old-grey\/\" \/>\n<meta property=\"og:site_name\" content=\"MiuMjau\" \/>\n<meta property=\"article:publisher\" content=\"https:\/\/www.facebook.com\/miumjaupood\/\" \/>\n<meta property=\"article:modified_time\" content=\"2026-01-07T18:52:22+00:00\" \/>\n<meta property=\"og:image\" content=\"https:\/\/miumjau.ee\/wp-content\/uploads\/2023\/12\/elemendi-kate-disk202.jpg\" \/>\n\t<meta property=\"og:image:width\" content=\"600\" \/>\n\t<meta property=\"og:image:height\" content=\"800\" \/>\n\t<meta property=\"og:image:type\" content=\"image\/jpeg\" \/>\n<meta name=\"twitter:card\" content=\"summary_large_image\" \/>\n<script type=\"application\/ld+json\" class=\"yoast-schema-graph\">{\"@context\":\"https:\/\/schema.org\",\"@graph\":[{\"@type\":\"WebPage\",\"@id\":\"https:\/\/miumjau.ee\/lt\/toode\/apdailos-diskas-disc-20-old-grey\/\",\"url\":\"https:\/\/miumjau.ee\/lt\/toode\/apdailos-diskas-disc-20-old-grey\/\",\"name\":\"Apdailos diskas DISC 20, old grey - MiuMjau\",\"isPartOf\":{\"@id\":\"https:\/\/miumjau.ee\/#website\"},\"primaryImageOfPage\":{\"@id\":\"https:\/\/miumjau.ee\/lt\/toode\/apdailos-diskas-disc-20-old-grey\/#primaryimage\"},\"image\":{\"@id\":\"https:\/\/miumjau.ee\/lt\/toode\/apdailos-diskas-disc-20-old-grey\/#primaryimage\"},\"thumbnailUrl\":\"https:\/\/miumjau.ee\/wp-content\/uploads\/2023\/12\/elemendi-kate-disk202.jpg\",\"datePublished\":\"2024-01-01T09:03:32+00:00\",\"dateModified\":\"2026-01-07T18:52:22+00:00\",\"breadcrumb\":{\"@id\":\"https:\/\/miumjau.ee\/lt\/toode\/apdailos-diskas-disc-20-old-grey\/#breadcrumb\"},\"inLanguage\":\"lt-LT\",\"potentialAction\":[{\"@type\":\"ReadAction\",\"target\":[\"https:\/\/miumjau.ee\/lt\/toode\/apdailos-diskas-disc-20-old-grey\/\"]}]},{\"@type\":\"ImageObject\",\"inLanguage\":\"lt-LT\",\"@id\":\"https:\/\/miumjau.ee\/lt\/toode\/apdailos-diskas-disc-20-old-grey\/#primaryimage\",\"url\":\"https:\/\/miumjau.ee\/wp-content\/uploads\/2023\/12\/elemendi-kate-disk202.jpg\",\"contentUrl\":\"https:\/\/miumjau.ee\/wp-content\/uploads\/2023\/12\/elemendi-kate-disk202.jpg\",\"width\":600,\"height\":800,\"caption\":\"elemendi-kate-disk20(1)\"},{\"@type\":\"BreadcrumbList\",\"@id\":\"https:\/\/miumjau.ee\/lt\/toode\/apdailos-diskas-disc-20-old-grey\/#breadcrumb\",\"itemListElement\":[{\"@type\":\"ListItem\",\"position\":1,\"name\":\"Home\",\"item\":\"https:\/\/miumjau.ee\/lt\/\"},{\"@type\":\"ListItem\",\"position\":2,\"name\":\"Parduotuv\u0117\",\"item\":\"https:\/\/miumjau.ee\/lt\/parduotuve\/\"},{\"@type\":\"ListItem\",\"position\":3,\"name\":\"Apdailos diskas DISC 20, old grey\"}]},{\"@type\":\"WebSite\",\"@id\":\"https:\/\/miumjau.ee\/#website\",\"url\":\"https:\/\/miumjau.ee\/\",\"name\":\"MiuMjau\",\"description\":\"Kraapimispuud kassidele\",\"publisher\":{\"@id\":\"https:\/\/miumjau.ee\/#organization\"},\"potentialAction\":[{\"@type\":\"SearchAction\",\"target\":{\"@type\":\"EntryPoint\",\"urlTemplate\":\"https:\/\/miumjau.ee\/?s={search_term_string}\"},\"query-input\":{\"@type\":\"PropertyValueSpecification\",\"valueRequired\":true,\"valueName\":\"search_term_string\"}}],\"inLanguage\":\"lt-LT\"},{\"@type\":\"Organization\",\"@id\":\"https:\/\/miumjau.ee\/#organization\",\"name\":\"MiuMjau O\u00dc\",\"url\":\"https:\/\/miumjau.ee\/\",\"logo\":{\"@type\":\"ImageObject\",\"inLanguage\":\"lt-LT\",\"@id\":\"https:\/\/miumjau.ee\/#\/schema\/logo\/image\/\",\"url\":\"https:\/\/miumjau.ee\/wp-content\/uploads\/2022\/04\/MiuMjau-logo-kollane.png\",\"contentUrl\":\"https:\/\/miumjau.ee\/wp-content\/uploads\/2022\/04\/MiuMjau-logo-kollane.png\",\"width\":219,\"height\":100,\"caption\":\"MiuMjau O\u00dc\"},\"image\":{\"@id\":\"https:\/\/miumjau.ee\/#\/schema\/logo\/image\/\"},\"sameAs\":[\"https:\/\/www.facebook.com\/miumjaupood\/\"]}]}<\/script>\n<!-- \/ Yoast SEO plugin. -->","yoast_head_json":{"title":"Apdailos diskas DISC 20, old grey - MiuMjau","robots":{"index":"index","follow":"follow","max-snippet":"max-snippet:-1","max-image-preview":"max-image-preview:large","max-video-preview":"max-video-preview:-1"},"canonical":"https:\/\/miumjau.ee\/lt\/toode\/apdailos-diskas-disc-20-old-grey\/","og_locale":"lt_LT","og_type":"article","og_title":"Apdailos diskas DISC 20, old grey - MiuMjau","og_description":"Apdailos diskas DISC 20 i\u0161 PETREBELS \u2013 laipiojimo sienos kolekcijos dalis. Visus elementus galima derinti pagal poreikius. Diskas naudojamas tarp dviej\u0173 draskymo stulp\u0173 ir pakabinamo guolio tvirtinimui. Tinka modeliams Hang Round 1548 ir Hang Square 1240. Si\u016bloma 3 spalv\u0173. Skersmuo 20 cm Storis 2 cm","og_url":"https:\/\/miumjau.ee\/lt\/toode\/apdailos-diskas-disc-20-old-grey\/","og_site_name":"MiuMjau","article_publisher":"https:\/\/www.facebook.com\/miumjaupood\/","article_modified_time":"2026-01-07T18:52:22+00:00","og_image":[{"width":600,"height":800,"url":"https:\/\/miumjau.ee\/wp-content\/uploads\/2023\/12\/elemendi-kate-disk202.jpg","type":"image\/jpeg"}],"twitter_card":"summary_large_image","schema":{"@context":"https:\/\/schema.org","@graph":[{"@type":"WebPage","@id":"https:\/\/miumjau.ee\/lt\/toode\/apdailos-diskas-disc-20-old-grey\/","url":"https:\/\/miumjau.ee\/lt\/toode\/apdailos-diskas-disc-20-old-grey\/","name":"Apdailos diskas DISC 20, old grey - MiuMjau","isPartOf":{"@id":"https:\/\/miumjau.ee\/#website"},"primaryImageOfPage":{"@id":"https:\/\/miumjau.ee\/lt\/toode\/apdailos-diskas-disc-20-old-grey\/#primaryimage"},"image":{"@id":"https:\/\/miumjau.ee\/lt\/toode\/apdailos-diskas-disc-20-old-grey\/#primaryimage"},"thumbnailUrl":"https:\/\/miumjau.ee\/wp-content\/uploads\/2023\/12\/elemendi-kate-disk202.jpg","datePublished":"2024-01-01T09:03:32+00:00","dateModified":"2026-01-07T18:52:22+00:00","breadcrumb":{"@id":"https:\/\/miumjau.ee\/lt\/toode\/apdailos-diskas-disc-20-old-grey\/#breadcrumb"},"inLanguage":"lt-LT","potentialAction":[{"@type":"ReadAction","target":["https:\/\/miumjau.ee\/lt\/toode\/apdailos-diskas-disc-20-old-grey\/"]}]},{"@type":"ImageObject","inLanguage":"lt-LT","@id":"https:\/\/miumjau.ee\/lt\/toode\/apdailos-diskas-disc-20-old-grey\/#primaryimage","url":"https:\/\/miumjau.ee\/wp-content\/uploads\/2023\/12\/elemendi-kate-disk202.jpg","contentUrl":"https:\/\/miumjau.ee\/wp-content\/uploads\/2023\/12\/elemendi-kate-disk202.jpg","width":600,"height":800,"caption":"elemendi-kate-disk20(1)"},{"@type":"BreadcrumbList","@id":"https:\/\/miumjau.ee\/lt\/toode\/apdailos-diskas-disc-20-old-grey\/#breadcrumb","itemListElement":[{"@type":"ListItem","position":1,"name":"Home","item":"https:\/\/miumjau.ee\/lt\/"},{"@type":"ListItem","position":2,"name":"Parduotuv\u0117","item":"https:\/\/miumjau.ee\/lt\/parduotuve\/"},{"@type":"ListItem","position":3,"name":"Apdailos diskas DISC 20, old grey"}]},{"@type":"WebSite","@id":"https:\/\/miumjau.ee\/#website","url":"https:\/\/miumjau.ee\/","name":"MiuMjau","description":"Kraapimispuud kassidele","publisher":{"@id":"https:\/\/miumjau.ee\/#organization"},"potentialAction":[{"@type":"SearchAction","target":{"@type":"EntryPoint","urlTemplate":"https:\/\/miumjau.ee\/?s={search_term_string}"},"query-input":{"@type":"PropertyValueSpecification","valueRequired":true,"valueName":"search_term_string"}}],"inLanguage":"lt-LT"},{"@type":"Organization","@id":"https:\/\/miumjau.ee\/#organization","name":"MiuMjau O\u00dc","url":"https:\/\/miumjau.ee\/","logo":{"@type":"ImageObject","inLanguage":"lt-LT","@id":"https:\/\/miumjau.ee\/#\/schema\/logo\/image\/","url":"https:\/\/miumjau.ee\/wp-content\/uploads\/2022\/04\/MiuMjau-logo-kollane.png","contentUrl":"https:\/\/miumjau.ee\/wp-content\/uploads\/2022\/04\/MiuMjau-logo-kollane.png","width":219,"height":100,"caption":"MiuMjau O\u00dc"},"image":{"@id":"https:\/\/miumjau.ee\/#\/schema\/logo\/image\/"},"sameAs":["https:\/\/www.facebook.com\/miumjaupood\/"]}]}},"_links":{"self":[{"href":"https:\/\/miumjau.ee\/lt\/wp-json\/wp\/v2\/product\/42585","targetHints":{"allow":["GET"]}}],"collection":[{"href":"https:\/\/miumjau.ee\/lt\/wp-json\/wp\/v2\/product"}],"about":[{"href":"https:\/\/miumjau.ee\/lt\/wp-json\/wp\/v2\/types\/product"}],"wp:featuredmedia":[{"embeddable":true,"href":"https:\/\/miumjau.ee\/lt\/wp-json\/wp\/v2\/media\/43182"}],"wp:attachment":[{"href":"https:\/\/miumjau.ee\/lt\/wp-json\/wp\/v2\/media?parent=42585"}],"wp:term":[{"taxonomy":"product_brand","embeddable":true,"href":"https:\/\/miumjau.ee\/lt\/wp-json\/wp\/v2\/product_brand?post=42585"},{"taxonomy":"product_cat","embeddable":true,"href":"https:\/\/miumjau.ee\/lt\/wp-json\/wp\/v2\/product_cat?post=42585"},{"taxonomy":"product_tag","embeddable":true,"href":"https:\/\/miumjau.ee\/lt\/wp-json\/wp\/v2\/product_tag?post=42585"}],"curies":[{"name":"wp","href":"https:\/\/api.w.org\/{rel}","templated":true}]}}