{"id":42576,"date":"2023-12-07T23:10:51","date_gmt":"2023-12-07T21:10:51","guid":{"rendered":"https:\/\/miumjau.ee\/toode\/draskymo-pagrindas-play-exclusive-wenge\/"},"modified":"2026-01-07T20:52:29","modified_gmt":"2026-01-07T18:52:29","slug":"draskymo-pagrindas-play-exclusive-wenge","status":"publish","type":"product","link":"https:\/\/miumjau.ee\/lt\/produktas\/draskymo-pagrindas-play-exclusive-wenge\/","title":{"rendered":"Draskymo pagrindas PLAY exclusive, wenge"},"content":{"rendered":"","protected":false},"excerpt":{"rendered":"<p>Draskymo pagrindas PLAY+ i\u0161 \u010cekijos gamintojo Ekomazlicek.<\/p>\n<p>Draskymo dalies gylis 30 cm<br \/>\nIlgis 55 cm<br \/>\nAuk\u0161tis 15 cm<\/p>\n<p>PLAY+ \u2013 populiariausias minimalistinis pagrindas: puikus dizainas ir daug pramog\u0173. Be to, veikia ir kaip \u017eaislas!<\/p>\n<p>Pagaminta i\u0161 auk\u0161tos kokyb\u0117s penki\u0173 sluoksni\u0173 gofruoto kartono, o priekis ir galas \u2013 i\u0161 medinio faneruot\u0117s. Tokios kokyb\u0117s kartonas ilgai atlaiko draskym\u0105. Susid\u0117v\u0117jus galima lengvai perdirbti kaip popieriaus atliekas \u2013 elkim\u0117s ekologi\u0161kai.<\/p>\n<p>Jei pirm\u0105kart matote kartonin\u012f draskymo pagrind\u0105, galb\u016bt pagalvosite, kad jis \u201eneilgai laikys\u201c \u2013 ta\u010diau da\u017enai tarnauja metus, priklausomai nuo ka\u010di\u0173 kiekio ir poreiki\u0173. Pasi\u016blyta vieta draskymui \u2013 plati, o pakelta forma vilioja ir pagul\u0117ti. Pripratim\u0105 pagreitins \u0161iek tiek Catnip pur\u0161kalo ir \u017eaidimas kartu.<\/p>\n<p>Pastaba: draskykl\u0117s ir pagrindai skirti ne vien nag\u0173 galandimui, bet ir gerai savijautai. Pri\u017ei\u016brimi nagai \u2013 ilgesnis tarnavimo laikas.<\/p>\n<p>I\u0161 karto sand\u0117lyje!<\/p>\n","protected":false},"featured_media":43168,"template":"","meta":[],"product_brand":[],"product_cat":[519],"product_tag":[],"class_list":{"0":"post-42576","1":"product","2":"type-product","3":"status-publish","4":"has-post-thumbnail","6":"product_cat-kaciu-guoliai","7":"product_shipping_class-pakiautomaati-sobimatu-lt","9":"first","10":"instock","11":"sale","12":"taxable","13":"shipping-taxable","14":"purchasable","15":"product-type-simple"},"yoast_head":"<!-- This site is optimized with the Yoast SEO plugin v27.4 - https:\/\/yoast.com\/product\/yoast-seo-wordpress\/ -->\n<title>Draskymo pagrindas PLAY exclusive, wenge - MiuMjau<\/title>\n<meta name=\"robots\" content=\"index, follow, max-snippet:-1, max-image-preview:large, max-video-preview:-1\" \/>\n<link rel=\"canonical\" href=\"https:\/\/miumjau.ee\/lt\/produktas\/draskymo-pagrindas-play-exclusive-wenge\/\" \/>\n<meta property=\"og:locale\" content=\"lt_LT\" \/>\n<meta property=\"og:type\" content=\"article\" \/>\n<meta property=\"og:title\" content=\"Draskymo pagrindas PLAY exclusive, wenge - MiuMjau\" \/>\n<meta property=\"og:description\" content=\"Draskymo pagrindas PLAY+ i\u0161 \u010cekijos gamintojo Ekomazlicek. Draskymo dalies gylis 30 cm Ilgis 55 cm Auk\u0161tis 15 cm PLAY+ \u2013 populiariausias minimalistinis pagrindas: puikus dizainas ir daug pramog\u0173. Be to, veikia ir kaip \u017eaislas! Pagaminta i\u0161 auk\u0161tos kokyb\u0117s penki\u0173 sluoksni\u0173 gofruoto kartono, o priekis ir galas \u2013 i\u0161 medinio faneruot\u0117s. Tokios kokyb\u0117s kartonas ilgai atlaiko draskym\u0105. Susid\u0117v\u0117jus galima lengvai perdirbti kaip popieriaus atliekas \u2013 elkim\u0117s ekologi\u0161kai. Jei pirm\u0105kart matote kartonin\u012f draskymo pagrind\u0105, galb\u016bt pagalvosite, kad jis \u201eneilgai laikys\u201c \u2013 ta\u010diau da\u017enai tarnauja metus, priklausomai nuo ka\u010di\u0173 kiekio ir poreiki\u0173. Pasi\u016blyta vieta draskymui \u2013 plati, o pakelta forma vilioja ir pagul\u0117ti. Pripratim\u0105 pagreitins \u0161iek tiek Catnip pur\u0161kalo ir \u017eaidimas kartu. Pastaba: draskykl\u0117s ir pagrindai skirti ne vien nag\u0173 galandimui, bet ir gerai savijautai. Pri\u017ei\u016brimi nagai \u2013 ilgesnis tarnavimo laikas. I\u0161 karto sand\u0117lyje!\" \/>\n<meta property=\"og:url\" content=\"https:\/\/miumjau.ee\/lt\/produktas\/draskymo-pagrindas-play-exclusive-wenge\/\" \/>\n<meta property=\"og:site_name\" content=\"MiuMjau\" \/>\n<meta property=\"article:publisher\" content=\"https:\/\/www.facebook.com\/miumjaupood\/\" \/>\n<meta property=\"article:modified_time\" content=\"2026-01-07T18:52:29+00:00\" \/>\n<meta property=\"og:image\" content=\"https:\/\/miumjau.ee\/wp-content\/uploads\/2023\/12\/kraapimisalus-play-plus-wenge-2.jpg\" \/>\n\t<meta property=\"og:image:width\" content=\"600\" \/>\n\t<meta property=\"og:image:height\" content=\"600\" \/>\n\t<meta property=\"og:image:type\" content=\"image\/jpeg\" \/>\n<meta name=\"twitter:card\" content=\"summary_large_image\" \/>\n<script type=\"application\/ld+json\" class=\"yoast-schema-graph\">{\"@context\":\"https:\\\/\\\/schema.org\",\"@graph\":[{\"@type\":\"WebPage\",\"@id\":\"https:\\\/\\\/miumjau.ee\\\/lt\\\/produktas\\\/draskymo-pagrindas-play-exclusive-wenge\\\/\",\"url\":\"https:\\\/\\\/miumjau.ee\\\/lt\\\/produktas\\\/draskymo-pagrindas-play-exclusive-wenge\\\/\",\"name\":\"Draskymo pagrindas PLAY exclusive, wenge - MiuMjau\",\"isPartOf\":{\"@id\":\"https:\\\/\\\/miumjau.ee\\\/#website\"},\"primaryImageOfPage\":{\"@id\":\"https:\\\/\\\/miumjau.ee\\\/lt\\\/produktas\\\/draskymo-pagrindas-play-exclusive-wenge\\\/#primaryimage\"},\"image\":{\"@id\":\"https:\\\/\\\/miumjau.ee\\\/lt\\\/produktas\\\/draskymo-pagrindas-play-exclusive-wenge\\\/#primaryimage\"},\"thumbnailUrl\":\"https:\\\/\\\/miumjau.ee\\\/wp-content\\\/uploads\\\/2023\\\/12\\\/kraapimisalus-play-plus-wenge-2.jpg\",\"datePublished\":\"2023-12-07T21:10:51+00:00\",\"dateModified\":\"2026-01-07T18:52:29+00:00\",\"breadcrumb\":{\"@id\":\"https:\\\/\\\/miumjau.ee\\\/lt\\\/produktas\\\/draskymo-pagrindas-play-exclusive-wenge\\\/#breadcrumb\"},\"inLanguage\":\"lt-LT\",\"potentialAction\":[{\"@type\":\"ReadAction\",\"target\":[\"https:\\\/\\\/miumjau.ee\\\/lt\\\/produktas\\\/draskymo-pagrindas-play-exclusive-wenge\\\/\"]}]},{\"@type\":\"ImageObject\",\"inLanguage\":\"lt-LT\",\"@id\":\"https:\\\/\\\/miumjau.ee\\\/lt\\\/produktas\\\/draskymo-pagrindas-play-exclusive-wenge\\\/#primaryimage\",\"url\":\"https:\\\/\\\/miumjau.ee\\\/wp-content\\\/uploads\\\/2023\\\/12\\\/kraapimisalus-play-plus-wenge-2.jpg\",\"contentUrl\":\"https:\\\/\\\/miumjau.ee\\\/wp-content\\\/uploads\\\/2023\\\/12\\\/kraapimisalus-play-plus-wenge-2.jpg\",\"width\":600,\"height\":600,\"caption\":\"Kraapimisalus PLAY plus Wenge\"},{\"@type\":\"BreadcrumbList\",\"@id\":\"https:\\\/\\\/miumjau.ee\\\/lt\\\/produktas\\\/draskymo-pagrindas-play-exclusive-wenge\\\/#breadcrumb\",\"itemListElement\":[{\"@type\":\"ListItem\",\"position\":1,\"name\":\"Home\",\"item\":\"https:\\\/\\\/miumjau.ee\\\/lt\\\/\"},{\"@type\":\"ListItem\",\"position\":2,\"name\":\"Parduotuv\u0117\",\"item\":\"https:\\\/\\\/miumjau.ee\\\/lt\\\/parduotuve\\\/\"},{\"@type\":\"ListItem\",\"position\":3,\"name\":\"Draskymo pagrindas PLAY exclusive, wenge\"}]},{\"@type\":\"WebSite\",\"@id\":\"https:\\\/\\\/miumjau.ee\\\/#website\",\"url\":\"https:\\\/\\\/miumjau.ee\\\/\",\"name\":\"MiuMjau\",\"description\":\"Kraapimispuud kassidele\",\"publisher\":{\"@id\":\"https:\\\/\\\/miumjau.ee\\\/#organization\"},\"potentialAction\":[{\"@type\":\"SearchAction\",\"target\":{\"@type\":\"EntryPoint\",\"urlTemplate\":\"https:\\\/\\\/miumjau.ee\\\/?s={search_term_string}\"},\"query-input\":{\"@type\":\"PropertyValueSpecification\",\"valueRequired\":true,\"valueName\":\"search_term_string\"}}],\"inLanguage\":\"lt-LT\"},{\"@type\":\"Organization\",\"@id\":\"https:\\\/\\\/miumjau.ee\\\/#organization\",\"name\":\"MiuMjau O\u00dc\",\"url\":\"https:\\\/\\\/miumjau.ee\\\/\",\"logo\":{\"@type\":\"ImageObject\",\"inLanguage\":\"lt-LT\",\"@id\":\"https:\\\/\\\/miumjau.ee\\\/#\\\/schema\\\/logo\\\/image\\\/\",\"url\":\"https:\\\/\\\/miumjau.ee\\\/wp-content\\\/uploads\\\/2022\\\/04\\\/MiuMjau-logo-kollane.png\",\"contentUrl\":\"https:\\\/\\\/miumjau.ee\\\/wp-content\\\/uploads\\\/2022\\\/04\\\/MiuMjau-logo-kollane.png\",\"width\":219,\"height\":100,\"caption\":\"MiuMjau O\u00dc\"},\"image\":{\"@id\":\"https:\\\/\\\/miumjau.ee\\\/#\\\/schema\\\/logo\\\/image\\\/\"},\"sameAs\":[\"https:\\\/\\\/www.facebook.com\\\/miumjaupood\\\/\"]}]}<\/script>\n<!-- \/ Yoast SEO plugin. -->","yoast_head_json":{"title":"Draskymo pagrindas PLAY exclusive, wenge - MiuMjau","robots":{"index":"index","follow":"follow","max-snippet":"max-snippet:-1","max-image-preview":"max-image-preview:large","max-video-preview":"max-video-preview:-1"},"canonical":"https:\/\/miumjau.ee\/lt\/produktas\/draskymo-pagrindas-play-exclusive-wenge\/","og_locale":"lt_LT","og_type":"article","og_title":"Draskymo pagrindas PLAY exclusive, wenge - MiuMjau","og_description":"Draskymo pagrindas PLAY+ i\u0161 \u010cekijos gamintojo Ekomazlicek. Draskymo dalies gylis 30 cm Ilgis 55 cm Auk\u0161tis 15 cm PLAY+ \u2013 populiariausias minimalistinis pagrindas: puikus dizainas ir daug pramog\u0173. Be to, veikia ir kaip \u017eaislas! Pagaminta i\u0161 auk\u0161tos kokyb\u0117s penki\u0173 sluoksni\u0173 gofruoto kartono, o priekis ir galas \u2013 i\u0161 medinio faneruot\u0117s. Tokios kokyb\u0117s kartonas ilgai atlaiko draskym\u0105. Susid\u0117v\u0117jus galima lengvai perdirbti kaip popieriaus atliekas \u2013 elkim\u0117s ekologi\u0161kai. Jei pirm\u0105kart matote kartonin\u012f draskymo pagrind\u0105, galb\u016bt pagalvosite, kad jis \u201eneilgai laikys\u201c \u2013 ta\u010diau da\u017enai tarnauja metus, priklausomai nuo ka\u010di\u0173 kiekio ir poreiki\u0173. Pasi\u016blyta vieta draskymui \u2013 plati, o pakelta forma vilioja ir pagul\u0117ti. Pripratim\u0105 pagreitins \u0161iek tiek Catnip pur\u0161kalo ir \u017eaidimas kartu. Pastaba: draskykl\u0117s ir pagrindai skirti ne vien nag\u0173 galandimui, bet ir gerai savijautai. Pri\u017ei\u016brimi nagai \u2013 ilgesnis tarnavimo laikas. I\u0161 karto sand\u0117lyje!","og_url":"https:\/\/miumjau.ee\/lt\/produktas\/draskymo-pagrindas-play-exclusive-wenge\/","og_site_name":"MiuMjau","article_publisher":"https:\/\/www.facebook.com\/miumjaupood\/","article_modified_time":"2026-01-07T18:52:29+00:00","og_image":[{"width":600,"height":600,"url":"https:\/\/miumjau.ee\/wp-content\/uploads\/2023\/12\/kraapimisalus-play-plus-wenge-2.jpg","type":"image\/jpeg"}],"twitter_card":"summary_large_image","schema":{"@context":"https:\/\/schema.org","@graph":[{"@type":"WebPage","@id":"https:\/\/miumjau.ee\/lt\/produktas\/draskymo-pagrindas-play-exclusive-wenge\/","url":"https:\/\/miumjau.ee\/lt\/produktas\/draskymo-pagrindas-play-exclusive-wenge\/","name":"Draskymo pagrindas PLAY exclusive, wenge - MiuMjau","isPartOf":{"@id":"https:\/\/miumjau.ee\/#website"},"primaryImageOfPage":{"@id":"https:\/\/miumjau.ee\/lt\/produktas\/draskymo-pagrindas-play-exclusive-wenge\/#primaryimage"},"image":{"@id":"https:\/\/miumjau.ee\/lt\/produktas\/draskymo-pagrindas-play-exclusive-wenge\/#primaryimage"},"thumbnailUrl":"https:\/\/miumjau.ee\/wp-content\/uploads\/2023\/12\/kraapimisalus-play-plus-wenge-2.jpg","datePublished":"2023-12-07T21:10:51+00:00","dateModified":"2026-01-07T18:52:29+00:00","breadcrumb":{"@id":"https:\/\/miumjau.ee\/lt\/produktas\/draskymo-pagrindas-play-exclusive-wenge\/#breadcrumb"},"inLanguage":"lt-LT","potentialAction":[{"@type":"ReadAction","target":["https:\/\/miumjau.ee\/lt\/produktas\/draskymo-pagrindas-play-exclusive-wenge\/"]}]},{"@type":"ImageObject","inLanguage":"lt-LT","@id":"https:\/\/miumjau.ee\/lt\/produktas\/draskymo-pagrindas-play-exclusive-wenge\/#primaryimage","url":"https:\/\/miumjau.ee\/wp-content\/uploads\/2023\/12\/kraapimisalus-play-plus-wenge-2.jpg","contentUrl":"https:\/\/miumjau.ee\/wp-content\/uploads\/2023\/12\/kraapimisalus-play-plus-wenge-2.jpg","width":600,"height":600,"caption":"Kraapimisalus PLAY plus Wenge"},{"@type":"BreadcrumbList","@id":"https:\/\/miumjau.ee\/lt\/produktas\/draskymo-pagrindas-play-exclusive-wenge\/#breadcrumb","itemListElement":[{"@type":"ListItem","position":1,"name":"Home","item":"https:\/\/miumjau.ee\/lt\/"},{"@type":"ListItem","position":2,"name":"Parduotuv\u0117","item":"https:\/\/miumjau.ee\/lt\/parduotuve\/"},{"@type":"ListItem","position":3,"name":"Draskymo pagrindas PLAY exclusive, wenge"}]},{"@type":"WebSite","@id":"https:\/\/miumjau.ee\/#website","url":"https:\/\/miumjau.ee\/","name":"MiuMjau","description":"Kraapimispuud kassidele","publisher":{"@id":"https:\/\/miumjau.ee\/#organization"},"potentialAction":[{"@type":"SearchAction","target":{"@type":"EntryPoint","urlTemplate":"https:\/\/miumjau.ee\/?s={search_term_string}"},"query-input":{"@type":"PropertyValueSpecification","valueRequired":true,"valueName":"search_term_string"}}],"inLanguage":"lt-LT"},{"@type":"Organization","@id":"https:\/\/miumjau.ee\/#organization","name":"MiuMjau O\u00dc","url":"https:\/\/miumjau.ee\/","logo":{"@type":"ImageObject","inLanguage":"lt-LT","@id":"https:\/\/miumjau.ee\/#\/schema\/logo\/image\/","url":"https:\/\/miumjau.ee\/wp-content\/uploads\/2022\/04\/MiuMjau-logo-kollane.png","contentUrl":"https:\/\/miumjau.ee\/wp-content\/uploads\/2022\/04\/MiuMjau-logo-kollane.png","width":219,"height":100,"caption":"MiuMjau O\u00dc"},"image":{"@id":"https:\/\/miumjau.ee\/#\/schema\/logo\/image\/"},"sameAs":["https:\/\/www.facebook.com\/miumjaupood\/"]}]}},"_links":{"self":[{"href":"https:\/\/miumjau.ee\/lt\/wp-json\/wp\/v2\/product\/42576","targetHints":{"allow":["GET"]}}],"collection":[{"href":"https:\/\/miumjau.ee\/lt\/wp-json\/wp\/v2\/product"}],"about":[{"href":"https:\/\/miumjau.ee\/lt\/wp-json\/wp\/v2\/types\/product"}],"wp:featuredmedia":[{"embeddable":true,"href":"https:\/\/miumjau.ee\/lt\/wp-json\/wp\/v2\/media\/43168"}],"wp:attachment":[{"href":"https:\/\/miumjau.ee\/lt\/wp-json\/wp\/v2\/media?parent=42576"}],"wp:term":[{"taxonomy":"product_brand","embeddable":true,"href":"https:\/\/miumjau.ee\/lt\/wp-json\/wp\/v2\/product_brand?post=42576"},{"taxonomy":"product_cat","embeddable":true,"href":"https:\/\/miumjau.ee\/lt\/wp-json\/wp\/v2\/product_cat?post=42576"},{"taxonomy":"product_tag","embeddable":true,"href":"https:\/\/miumjau.ee\/lt\/wp-json\/wp\/v2\/product_tag?post=42576"}],"curies":[{"name":"wp","href":"https:\/\/api.w.org\/{rel}","templated":true}]}}