{"id":42574,"date":"2023-11-27T13:10:21","date_gmt":"2023-11-27T11:10:21","guid":{"rendered":"https:\/\/miumjau.ee\/toode\/draskymo-pagrindas-elipse-abstraktus\/"},"modified":"2026-01-07T20:52:29","modified_gmt":"2026-01-07T18:52:29","slug":"draskymo-pagrindas-elipse-abstraktus","status":"publish","type":"product","link":"https:\/\/miumjau.ee\/lt\/produktas\/draskymo-pagrindas-elipse-abstraktus\/","title":{"rendered":"Draskymo pagrindas Elipse, abstraktus"},"content":{"rendered":"","protected":false},"excerpt":{"rendered":"<p>Draskymo pagrindas Elipse i\u0161 \u010cekijos gamintojo Ekomazlicek.<\/p>\n<p>Draskymo dalies gylis 40 cm<br \/>\nIlgis 65 cm<br \/>\nAuk\u0161tis 25 cm<\/p>\n<p>Jei pirm\u0105 kart\u0105 matote kartonin\u012f draskymo pagrind\u0105, galite pagalvoti \u2013 kaip jis gali atlaikyti? Bet klystate! \u0160is gaminys, priklausomai nuo ka\u010di\u0173 skai\u010diaus ir \u012fpro\u010di\u0173, gali tarnauti metus. Didelis draskymo plotas ir pakelta forma patinka kat\u0117ms, kurios m\u0117gsta ir ant jo pagul\u0117ti. Jei j\u016bs\u0173 katei sunku suprasti, kam skirtas \u0161is daiktas, pabandykite u\u017epurk\u0161ti \u0161iek tiek Catnip pur\u0161kalo ir kartu su ja pa\u017eaisti \u2013 taip grei\u010diau pripras.<\/p>\n<p>Pastaba: draskykl\u0117s ir pagrindai skirti ne tik nag\u0173 galandimui, bet ir bendram savijautos gerinimui. Jei kat\u0117s nagai gra\u017eiai nukirpti, \u0161ie gaminiai tarnaus dar ilgiau.<\/p>\n<p>Per\u017ei\u016br\u0117kite ir trump\u0105 vaizdo klip\u0105 apie gamyb\u0105.<\/p>\n<p>I\u0161 karto sand\u0117lyje!<\/p>\n","protected":false},"featured_media":43163,"template":"","meta":[],"product_brand":[],"product_cat":[519],"product_tag":[],"class_list":{"0":"post-42574","1":"product","2":"type-product","3":"status-publish","4":"has-post-thumbnail","6":"product_cat-kaciu-guoliai","7":"product_shipping_class-pakiautomaati-sobimatu-lt","9":"first","10":"instock","11":"sale","12":"taxable","13":"shipping-taxable","14":"purchasable","15":"product-type-simple"},"yoast_head":"<!-- This site is optimized with the Yoast SEO plugin v27.2 - https:\/\/yoast.com\/product\/yoast-seo-wordpress\/ -->\n<title>Draskymo pagrindas Elipse, abstraktus - MiuMjau<\/title>\n<meta name=\"robots\" content=\"index, follow, max-snippet:-1, max-image-preview:large, max-video-preview:-1\" \/>\n<link rel=\"canonical\" href=\"https:\/\/miumjau.ee\/lt\/produktas\/draskymo-pagrindas-elipse-abstraktus\/\" \/>\n<meta property=\"og:locale\" content=\"lt_LT\" \/>\n<meta property=\"og:type\" content=\"article\" \/>\n<meta property=\"og:title\" content=\"Draskymo pagrindas Elipse, abstraktus - MiuMjau\" \/>\n<meta property=\"og:description\" content=\"Draskymo pagrindas Elipse i\u0161 \u010cekijos gamintojo Ekomazlicek. Draskymo dalies gylis 40 cm Ilgis 65 cm Auk\u0161tis 25 cm Jei pirm\u0105 kart\u0105 matote kartonin\u012f draskymo pagrind\u0105, galite pagalvoti \u2013 kaip jis gali atlaikyti? Bet klystate! \u0160is gaminys, priklausomai nuo ka\u010di\u0173 skai\u010diaus ir \u012fpro\u010di\u0173, gali tarnauti metus. Didelis draskymo plotas ir pakelta forma patinka kat\u0117ms, kurios m\u0117gsta ir ant jo pagul\u0117ti. Jei j\u016bs\u0173 katei sunku suprasti, kam skirtas \u0161is daiktas, pabandykite u\u017epurk\u0161ti \u0161iek tiek Catnip pur\u0161kalo ir kartu su ja pa\u017eaisti \u2013 taip grei\u010diau pripras. Pastaba: draskykl\u0117s ir pagrindai skirti ne tik nag\u0173 galandimui, bet ir bendram savijautos gerinimui. Jei kat\u0117s nagai gra\u017eiai nukirpti, \u0161ie gaminiai tarnaus dar ilgiau. Per\u017ei\u016br\u0117kite ir trump\u0105 vaizdo klip\u0105 apie gamyb\u0105. I\u0161 karto sand\u0117lyje!\" \/>\n<meta property=\"og:url\" content=\"https:\/\/miumjau.ee\/lt\/produktas\/draskymo-pagrindas-elipse-abstraktus\/\" \/>\n<meta property=\"og:site_name\" content=\"MiuMjau\" \/>\n<meta property=\"article:publisher\" content=\"https:\/\/www.facebook.com\/miumjaupood\/\" \/>\n<meta property=\"article:modified_time\" content=\"2026-01-07T18:52:29+00:00\" \/>\n<meta property=\"og:image\" content=\"https:\/\/miumjau.ee\/wp-content\/uploads\/2023\/11\/ekomazlicek-elipse1.png\" \/>\n\t<meta property=\"og:image:width\" content=\"600\" \/>\n\t<meta property=\"og:image:height\" content=\"600\" \/>\n\t<meta property=\"og:image:type\" content=\"image\/png\" \/>\n<meta name=\"twitter:card\" content=\"summary_large_image\" \/>\n<script type=\"application\/ld+json\" class=\"yoast-schema-graph\">{\"@context\":\"https:\/\/schema.org\",\"@graph\":[{\"@type\":\"WebPage\",\"@id\":\"https:\/\/miumjau.ee\/lt\/produktas\/draskymo-pagrindas-elipse-abstraktus\/\",\"url\":\"https:\/\/miumjau.ee\/lt\/produktas\/draskymo-pagrindas-elipse-abstraktus\/\",\"name\":\"Draskymo pagrindas Elipse, abstraktus - MiuMjau\",\"isPartOf\":{\"@id\":\"https:\/\/miumjau.ee\/#website\"},\"primaryImageOfPage\":{\"@id\":\"https:\/\/miumjau.ee\/lt\/produktas\/draskymo-pagrindas-elipse-abstraktus\/#primaryimage\"},\"image\":{\"@id\":\"https:\/\/miumjau.ee\/lt\/produktas\/draskymo-pagrindas-elipse-abstraktus\/#primaryimage\"},\"thumbnailUrl\":\"https:\/\/miumjau.ee\/wp-content\/uploads\/2023\/11\/ekomazlicek-elipse1.png\",\"datePublished\":\"2023-11-27T11:10:21+00:00\",\"dateModified\":\"2026-01-07T18:52:29+00:00\",\"breadcrumb\":{\"@id\":\"https:\/\/miumjau.ee\/lt\/produktas\/draskymo-pagrindas-elipse-abstraktus\/#breadcrumb\"},\"inLanguage\":\"lt-LT\",\"potentialAction\":[{\"@type\":\"ReadAction\",\"target\":[\"https:\/\/miumjau.ee\/lt\/produktas\/draskymo-pagrindas-elipse-abstraktus\/\"]}]},{\"@type\":\"ImageObject\",\"inLanguage\":\"lt-LT\",\"@id\":\"https:\/\/miumjau.ee\/lt\/produktas\/draskymo-pagrindas-elipse-abstraktus\/#primaryimage\",\"url\":\"https:\/\/miumjau.ee\/wp-content\/uploads\/2023\/11\/ekomazlicek-elipse1.png\",\"contentUrl\":\"https:\/\/miumjau.ee\/wp-content\/uploads\/2023\/11\/ekomazlicek-elipse1.png\",\"width\":600,\"height\":600,\"caption\":\"Kassi kraapimisalus ekomazlicek elipse\"},{\"@type\":\"BreadcrumbList\",\"@id\":\"https:\/\/miumjau.ee\/lt\/produktas\/draskymo-pagrindas-elipse-abstraktus\/#breadcrumb\",\"itemListElement\":[{\"@type\":\"ListItem\",\"position\":1,\"name\":\"Home\",\"item\":\"https:\/\/miumjau.ee\/lt\/\"},{\"@type\":\"ListItem\",\"position\":2,\"name\":\"Parduotuv\u0117\",\"item\":\"https:\/\/miumjau.ee\/lt\/parduotuve\/\"},{\"@type\":\"ListItem\",\"position\":3,\"name\":\"Draskymo pagrindas Elipse, abstraktus\"}]},{\"@type\":\"WebSite\",\"@id\":\"https:\/\/miumjau.ee\/#website\",\"url\":\"https:\/\/miumjau.ee\/\",\"name\":\"MiuMjau\",\"description\":\"Kraapimispuud kassidele\",\"publisher\":{\"@id\":\"https:\/\/miumjau.ee\/#organization\"},\"potentialAction\":[{\"@type\":\"SearchAction\",\"target\":{\"@type\":\"EntryPoint\",\"urlTemplate\":\"https:\/\/miumjau.ee\/?s={search_term_string}\"},\"query-input\":{\"@type\":\"PropertyValueSpecification\",\"valueRequired\":true,\"valueName\":\"search_term_string\"}}],\"inLanguage\":\"lt-LT\"},{\"@type\":\"Organization\",\"@id\":\"https:\/\/miumjau.ee\/#organization\",\"name\":\"MiuMjau O\u00dc\",\"url\":\"https:\/\/miumjau.ee\/\",\"logo\":{\"@type\":\"ImageObject\",\"inLanguage\":\"lt-LT\",\"@id\":\"https:\/\/miumjau.ee\/#\/schema\/logo\/image\/\",\"url\":\"https:\/\/miumjau.ee\/wp-content\/uploads\/2022\/04\/MiuMjau-logo-kollane.png\",\"contentUrl\":\"https:\/\/miumjau.ee\/wp-content\/uploads\/2022\/04\/MiuMjau-logo-kollane.png\",\"width\":219,\"height\":100,\"caption\":\"MiuMjau O\u00dc\"},\"image\":{\"@id\":\"https:\/\/miumjau.ee\/#\/schema\/logo\/image\/\"},\"sameAs\":[\"https:\/\/www.facebook.com\/miumjaupood\/\"]}]}<\/script>\n<!-- \/ Yoast SEO plugin. -->","yoast_head_json":{"title":"Draskymo pagrindas Elipse, abstraktus - MiuMjau","robots":{"index":"index","follow":"follow","max-snippet":"max-snippet:-1","max-image-preview":"max-image-preview:large","max-video-preview":"max-video-preview:-1"},"canonical":"https:\/\/miumjau.ee\/lt\/produktas\/draskymo-pagrindas-elipse-abstraktus\/","og_locale":"lt_LT","og_type":"article","og_title":"Draskymo pagrindas Elipse, abstraktus - MiuMjau","og_description":"Draskymo pagrindas Elipse i\u0161 \u010cekijos gamintojo Ekomazlicek. Draskymo dalies gylis 40 cm Ilgis 65 cm Auk\u0161tis 25 cm Jei pirm\u0105 kart\u0105 matote kartonin\u012f draskymo pagrind\u0105, galite pagalvoti \u2013 kaip jis gali atlaikyti? Bet klystate! \u0160is gaminys, priklausomai nuo ka\u010di\u0173 skai\u010diaus ir \u012fpro\u010di\u0173, gali tarnauti metus. Didelis draskymo plotas ir pakelta forma patinka kat\u0117ms, kurios m\u0117gsta ir ant jo pagul\u0117ti. Jei j\u016bs\u0173 katei sunku suprasti, kam skirtas \u0161is daiktas, pabandykite u\u017epurk\u0161ti \u0161iek tiek Catnip pur\u0161kalo ir kartu su ja pa\u017eaisti \u2013 taip grei\u010diau pripras. Pastaba: draskykl\u0117s ir pagrindai skirti ne tik nag\u0173 galandimui, bet ir bendram savijautos gerinimui. Jei kat\u0117s nagai gra\u017eiai nukirpti, \u0161ie gaminiai tarnaus dar ilgiau. Per\u017ei\u016br\u0117kite ir trump\u0105 vaizdo klip\u0105 apie gamyb\u0105. I\u0161 karto sand\u0117lyje!","og_url":"https:\/\/miumjau.ee\/lt\/produktas\/draskymo-pagrindas-elipse-abstraktus\/","og_site_name":"MiuMjau","article_publisher":"https:\/\/www.facebook.com\/miumjaupood\/","article_modified_time":"2026-01-07T18:52:29+00:00","og_image":[{"width":600,"height":600,"url":"https:\/\/miumjau.ee\/wp-content\/uploads\/2023\/11\/ekomazlicek-elipse1.png","type":"image\/png"}],"twitter_card":"summary_large_image","schema":{"@context":"https:\/\/schema.org","@graph":[{"@type":"WebPage","@id":"https:\/\/miumjau.ee\/lt\/produktas\/draskymo-pagrindas-elipse-abstraktus\/","url":"https:\/\/miumjau.ee\/lt\/produktas\/draskymo-pagrindas-elipse-abstraktus\/","name":"Draskymo pagrindas Elipse, abstraktus - MiuMjau","isPartOf":{"@id":"https:\/\/miumjau.ee\/#website"},"primaryImageOfPage":{"@id":"https:\/\/miumjau.ee\/lt\/produktas\/draskymo-pagrindas-elipse-abstraktus\/#primaryimage"},"image":{"@id":"https:\/\/miumjau.ee\/lt\/produktas\/draskymo-pagrindas-elipse-abstraktus\/#primaryimage"},"thumbnailUrl":"https:\/\/miumjau.ee\/wp-content\/uploads\/2023\/11\/ekomazlicek-elipse1.png","datePublished":"2023-11-27T11:10:21+00:00","dateModified":"2026-01-07T18:52:29+00:00","breadcrumb":{"@id":"https:\/\/miumjau.ee\/lt\/produktas\/draskymo-pagrindas-elipse-abstraktus\/#breadcrumb"},"inLanguage":"lt-LT","potentialAction":[{"@type":"ReadAction","target":["https:\/\/miumjau.ee\/lt\/produktas\/draskymo-pagrindas-elipse-abstraktus\/"]}]},{"@type":"ImageObject","inLanguage":"lt-LT","@id":"https:\/\/miumjau.ee\/lt\/produktas\/draskymo-pagrindas-elipse-abstraktus\/#primaryimage","url":"https:\/\/miumjau.ee\/wp-content\/uploads\/2023\/11\/ekomazlicek-elipse1.png","contentUrl":"https:\/\/miumjau.ee\/wp-content\/uploads\/2023\/11\/ekomazlicek-elipse1.png","width":600,"height":600,"caption":"Kassi kraapimisalus ekomazlicek elipse"},{"@type":"BreadcrumbList","@id":"https:\/\/miumjau.ee\/lt\/produktas\/draskymo-pagrindas-elipse-abstraktus\/#breadcrumb","itemListElement":[{"@type":"ListItem","position":1,"name":"Home","item":"https:\/\/miumjau.ee\/lt\/"},{"@type":"ListItem","position":2,"name":"Parduotuv\u0117","item":"https:\/\/miumjau.ee\/lt\/parduotuve\/"},{"@type":"ListItem","position":3,"name":"Draskymo pagrindas Elipse, abstraktus"}]},{"@type":"WebSite","@id":"https:\/\/miumjau.ee\/#website","url":"https:\/\/miumjau.ee\/","name":"MiuMjau","description":"Kraapimispuud kassidele","publisher":{"@id":"https:\/\/miumjau.ee\/#organization"},"potentialAction":[{"@type":"SearchAction","target":{"@type":"EntryPoint","urlTemplate":"https:\/\/miumjau.ee\/?s={search_term_string}"},"query-input":{"@type":"PropertyValueSpecification","valueRequired":true,"valueName":"search_term_string"}}],"inLanguage":"lt-LT"},{"@type":"Organization","@id":"https:\/\/miumjau.ee\/#organization","name":"MiuMjau O\u00dc","url":"https:\/\/miumjau.ee\/","logo":{"@type":"ImageObject","inLanguage":"lt-LT","@id":"https:\/\/miumjau.ee\/#\/schema\/logo\/image\/","url":"https:\/\/miumjau.ee\/wp-content\/uploads\/2022\/04\/MiuMjau-logo-kollane.png","contentUrl":"https:\/\/miumjau.ee\/wp-content\/uploads\/2022\/04\/MiuMjau-logo-kollane.png","width":219,"height":100,"caption":"MiuMjau O\u00dc"},"image":{"@id":"https:\/\/miumjau.ee\/#\/schema\/logo\/image\/"},"sameAs":["https:\/\/www.facebook.com\/miumjaupood\/"]}]}},"_links":{"self":[{"href":"https:\/\/miumjau.ee\/lt\/wp-json\/wp\/v2\/product\/42574","targetHints":{"allow":["GET"]}}],"collection":[{"href":"https:\/\/miumjau.ee\/lt\/wp-json\/wp\/v2\/product"}],"about":[{"href":"https:\/\/miumjau.ee\/lt\/wp-json\/wp\/v2\/types\/product"}],"wp:featuredmedia":[{"embeddable":true,"href":"https:\/\/miumjau.ee\/lt\/wp-json\/wp\/v2\/media\/43163"}],"wp:attachment":[{"href":"https:\/\/miumjau.ee\/lt\/wp-json\/wp\/v2\/media?parent=42574"}],"wp:term":[{"taxonomy":"product_brand","embeddable":true,"href":"https:\/\/miumjau.ee\/lt\/wp-json\/wp\/v2\/product_brand?post=42574"},{"taxonomy":"product_cat","embeddable":true,"href":"https:\/\/miumjau.ee\/lt\/wp-json\/wp\/v2\/product_cat?post=42574"},{"taxonomy":"product_tag","embeddable":true,"href":"https:\/\/miumjau.ee\/lt\/wp-json\/wp\/v2\/product_tag?post=42574"}],"curies":[{"name":"wp","href":"https:\/\/api.w.org\/{rel}","templated":true}]}}