{"id":42573,"date":"2023-11-25T16:06:04","date_gmt":"2023-11-25T14:06:04","guid":{"rendered":"https:\/\/miumjau.ee\/toode\/kates-kraiko-semtuvelis-litter-lifter\/"},"modified":"2026-01-07T20:52:36","modified_gmt":"2026-01-07T18:52:36","slug":"kates-kraiko-semtuvelis-litter-lifter","status":"publish","type":"product","link":"https:\/\/miumjau.ee\/lt\/produktas\/kates-kraiko-semtuvelis-litter-lifter\/","title":{"rendered":"Kat\u0117s kraiko semtuv\u0117lis Litter-Lifter"},"content":{"rendered":"","protected":false},"excerpt":{"rendered":"<p>Kat\u0117s kraiko semtuv\u0117lis Magic Litter Scoop i\u0161 Litter-Lifter prek\u0117s \u017eenklo (spalva atsitiktin\u0117)<\/p>\n<p>Dar vienas paprastas semtuv\u0117lis? NE! Litter-Lifter sukurtas semtuv\u0117lis \u2013 visai kitoks!<\/p>\n<p><strong>Kuo \u0161is semtuv\u0117lis ypatingas?<\/strong><\/p>\n<p>Litter-Lifter\u00ae turi lygiagre\u010dias trikampio formos briaunas, kurios nepaima \u0161varaus kraiko. Kiti \u012fprasti semtuv\u0117liai u\u017esikem\u0161a, kai prisirenka \u0161varaus kraiko, kur\u012f reikia i\u0161purtyti. \u0160i\u0173 briaun\u0173 forma palengvina susiformavusi\u0173 gumul\u0173 pa\u0117mim\u0105.<\/p>\n<p>Apdovanojim\u0173 peln\u0119s Litter-Lifter\u00ae suteikia jums (ir j\u016bs\u0173 katei):<br \/>\nLengvesn\u012f ir greitesn\u012f valym\u0105<br \/>\nMa\u017eiau dulki\u0173<br \/>\nNereikia stipriai purtyti kaip \u012fprasto semtuv\u0117lio<br \/>\nNestringa<br \/>\nI\u0161metama ma\u017eiau \u0161varaus kraiko<br \/>\nPatogus rie\u0161ui dizainas<br \/>\nTvirtas ir lengvai valomas<\/p>\n<p>Produkto svoris apie 115 g, ilgis 35 cm<\/p>\n<p>Naudojate bentonitin\u012f kraik\u0105? Litter-Lifter tam \u2013 geriausias!<\/p>\n","protected":false},"featured_media":43157,"template":"","meta":[],"product_brand":[],"product_cat":[532],"product_tag":[],"class_list":{"0":"post-42573","1":"product","2":"type-product","3":"status-publish","4":"has-post-thumbnail","6":"product_cat-tualeto-priedai","8":"first","9":"outofstock","10":"taxable","11":"shipping-taxable","12":"purchasable","13":"product-type-simple"},"yoast_head":"<!-- This site is optimized with the Yoast SEO plugin v27.2 - https:\/\/yoast.com\/product\/yoast-seo-wordpress\/ -->\n<title>Kat\u0117s kraiko semtuv\u0117lis Litter-Lifter - MiuMjau<\/title>\n<meta name=\"robots\" content=\"index, follow, max-snippet:-1, max-image-preview:large, max-video-preview:-1\" \/>\n<link rel=\"canonical\" href=\"https:\/\/miumjau.ee\/lt\/produktas\/kates-kraiko-semtuvelis-litter-lifter\/\" \/>\n<meta property=\"og:locale\" content=\"lt_LT\" \/>\n<meta property=\"og:type\" content=\"article\" \/>\n<meta property=\"og:title\" content=\"Kat\u0117s kraiko semtuv\u0117lis Litter-Lifter - MiuMjau\" \/>\n<meta property=\"og:description\" content=\"Kat\u0117s kraiko semtuv\u0117lis Magic Litter Scoop i\u0161 Litter-Lifter prek\u0117s \u017eenklo (spalva atsitiktin\u0117)  Dar vienas paprastas semtuv\u0117lis? NE! Litter-Lifter sukurtas semtuv\u0117lis \u2013 visai kitoks!  Kuo \u0161is semtuv\u0117lis ypatingas?  Litter-Lifter\u00ae turi lygiagre\u010dias trikampio formos briaunas, kurios nepaima \u0161varaus kraiko. Kiti \u012fprasti semtuv\u0117liai u\u017esikem\u0161a, kai prisirenka \u0161varaus kraiko, kur\u012f reikia i\u0161purtyti. \u0160i\u0173 briaun\u0173 forma palengvina susiformavusi\u0173 gumul\u0173 pa\u0117mim\u0105.  Apdovanojim\u0173 peln\u0119s Litter-Lifter\u00ae suteikia jums (ir j\u016bs\u0173 katei): Lengvesn\u012f ir greitesn\u012f valym\u0105 Ma\u017eiau dulki\u0173 Nereikia stipriai purtyti kaip \u012fprasto semtuv\u0117lio Nestringa I\u0161metama ma\u017eiau \u0161varaus kraiko Patogus rie\u0161ui dizainas Tvirtas ir lengvai valomas  Produkto svoris apie 115 g, ilgis 35 cm  Naudojate bentonitin\u012f kraik\u0105? Litter-Lifter tam \u2013 geriausias!\" \/>\n<meta property=\"og:url\" content=\"https:\/\/miumjau.ee\/lt\/produktas\/kates-kraiko-semtuvelis-litter-lifter\/\" \/>\n<meta property=\"og:site_name\" content=\"MiuMjau\" \/>\n<meta property=\"article:publisher\" content=\"https:\/\/www.facebook.com\/miumjaupood\/\" \/>\n<meta property=\"article:modified_time\" content=\"2026-01-07T18:52:36+00:00\" \/>\n<meta property=\"og:image\" content=\"https:\/\/miumjau.ee\/wp-content\/uploads\/2023\/11\/kassi-liivakasti-kuhvel.png\" \/>\n\t<meta property=\"og:image:width\" content=\"600\" \/>\n\t<meta property=\"og:image:height\" content=\"800\" \/>\n\t<meta property=\"og:image:type\" content=\"image\/png\" \/>\n<meta name=\"twitter:card\" content=\"summary_large_image\" \/>\n<script type=\"application\/ld+json\" class=\"yoast-schema-graph\">{\"@context\":\"https:\/\/schema.org\",\"@graph\":[{\"@type\":\"WebPage\",\"@id\":\"https:\/\/miumjau.ee\/lt\/produktas\/kates-kraiko-semtuvelis-litter-lifter\/\",\"url\":\"https:\/\/miumjau.ee\/lt\/produktas\/kates-kraiko-semtuvelis-litter-lifter\/\",\"name\":\"Kat\u0117s kraiko semtuv\u0117lis Litter-Lifter - MiuMjau\",\"isPartOf\":{\"@id\":\"https:\/\/miumjau.ee\/#website\"},\"primaryImageOfPage\":{\"@id\":\"https:\/\/miumjau.ee\/lt\/produktas\/kates-kraiko-semtuvelis-litter-lifter\/#primaryimage\"},\"image\":{\"@id\":\"https:\/\/miumjau.ee\/lt\/produktas\/kates-kraiko-semtuvelis-litter-lifter\/#primaryimage\"},\"thumbnailUrl\":\"https:\/\/miumjau.ee\/wp-content\/uploads\/2023\/11\/kassi-liivakasti-kuhvel.png\",\"datePublished\":\"2023-11-25T14:06:04+00:00\",\"dateModified\":\"2026-01-07T18:52:36+00:00\",\"breadcrumb\":{\"@id\":\"https:\/\/miumjau.ee\/lt\/produktas\/kates-kraiko-semtuvelis-litter-lifter\/#breadcrumb\"},\"inLanguage\":\"lt-LT\",\"potentialAction\":[{\"@type\":\"ReadAction\",\"target\":[\"https:\/\/miumjau.ee\/lt\/produktas\/kates-kraiko-semtuvelis-litter-lifter\/\"]}]},{\"@type\":\"ImageObject\",\"inLanguage\":\"lt-LT\",\"@id\":\"https:\/\/miumjau.ee\/lt\/produktas\/kates-kraiko-semtuvelis-litter-lifter\/#primaryimage\",\"url\":\"https:\/\/miumjau.ee\/wp-content\/uploads\/2023\/11\/kassi-liivakasti-kuhvel.png\",\"contentUrl\":\"https:\/\/miumjau.ee\/wp-content\/uploads\/2023\/11\/kassi-liivakasti-kuhvel.png\",\"width\":600,\"height\":800,\"caption\":\"Kassi liivakasti k\u00fchvel Litter Lifter\"},{\"@type\":\"BreadcrumbList\",\"@id\":\"https:\/\/miumjau.ee\/lt\/produktas\/kates-kraiko-semtuvelis-litter-lifter\/#breadcrumb\",\"itemListElement\":[{\"@type\":\"ListItem\",\"position\":1,\"name\":\"Home\",\"item\":\"https:\/\/miumjau.ee\/lt\/\"},{\"@type\":\"ListItem\",\"position\":2,\"name\":\"Parduotuv\u0117\",\"item\":\"https:\/\/miumjau.ee\/lt\/parduotuve\/\"},{\"@type\":\"ListItem\",\"position\":3,\"name\":\"Kat\u0117s kraiko semtuv\u0117lis Litter-Lifter\"}]},{\"@type\":\"WebSite\",\"@id\":\"https:\/\/miumjau.ee\/#website\",\"url\":\"https:\/\/miumjau.ee\/\",\"name\":\"MiuMjau\",\"description\":\"Kraapimispuud kassidele\",\"publisher\":{\"@id\":\"https:\/\/miumjau.ee\/#organization\"},\"potentialAction\":[{\"@type\":\"SearchAction\",\"target\":{\"@type\":\"EntryPoint\",\"urlTemplate\":\"https:\/\/miumjau.ee\/?s={search_term_string}\"},\"query-input\":{\"@type\":\"PropertyValueSpecification\",\"valueRequired\":true,\"valueName\":\"search_term_string\"}}],\"inLanguage\":\"lt-LT\"},{\"@type\":\"Organization\",\"@id\":\"https:\/\/miumjau.ee\/#organization\",\"name\":\"MiuMjau O\u00dc\",\"url\":\"https:\/\/miumjau.ee\/\",\"logo\":{\"@type\":\"ImageObject\",\"inLanguage\":\"lt-LT\",\"@id\":\"https:\/\/miumjau.ee\/#\/schema\/logo\/image\/\",\"url\":\"https:\/\/miumjau.ee\/wp-content\/uploads\/2022\/04\/MiuMjau-logo-kollane.png\",\"contentUrl\":\"https:\/\/miumjau.ee\/wp-content\/uploads\/2022\/04\/MiuMjau-logo-kollane.png\",\"width\":219,\"height\":100,\"caption\":\"MiuMjau O\u00dc\"},\"image\":{\"@id\":\"https:\/\/miumjau.ee\/#\/schema\/logo\/image\/\"},\"sameAs\":[\"https:\/\/www.facebook.com\/miumjaupood\/\"]}]}<\/script>\n<!-- \/ Yoast SEO plugin. -->","yoast_head_json":{"title":"Kat\u0117s kraiko semtuv\u0117lis Litter-Lifter - MiuMjau","robots":{"index":"index","follow":"follow","max-snippet":"max-snippet:-1","max-image-preview":"max-image-preview:large","max-video-preview":"max-video-preview:-1"},"canonical":"https:\/\/miumjau.ee\/lt\/produktas\/kates-kraiko-semtuvelis-litter-lifter\/","og_locale":"lt_LT","og_type":"article","og_title":"Kat\u0117s kraiko semtuv\u0117lis Litter-Lifter - MiuMjau","og_description":"Kat\u0117s kraiko semtuv\u0117lis Magic Litter Scoop i\u0161 Litter-Lifter prek\u0117s \u017eenklo (spalva atsitiktin\u0117)  Dar vienas paprastas semtuv\u0117lis? NE! Litter-Lifter sukurtas semtuv\u0117lis \u2013 visai kitoks!  Kuo \u0161is semtuv\u0117lis ypatingas?  Litter-Lifter\u00ae turi lygiagre\u010dias trikampio formos briaunas, kurios nepaima \u0161varaus kraiko. Kiti \u012fprasti semtuv\u0117liai u\u017esikem\u0161a, kai prisirenka \u0161varaus kraiko, kur\u012f reikia i\u0161purtyti. \u0160i\u0173 briaun\u0173 forma palengvina susiformavusi\u0173 gumul\u0173 pa\u0117mim\u0105.  Apdovanojim\u0173 peln\u0119s Litter-Lifter\u00ae suteikia jums (ir j\u016bs\u0173 katei): Lengvesn\u012f ir greitesn\u012f valym\u0105 Ma\u017eiau dulki\u0173 Nereikia stipriai purtyti kaip \u012fprasto semtuv\u0117lio Nestringa I\u0161metama ma\u017eiau \u0161varaus kraiko Patogus rie\u0161ui dizainas Tvirtas ir lengvai valomas  Produkto svoris apie 115 g, ilgis 35 cm  Naudojate bentonitin\u012f kraik\u0105? Litter-Lifter tam \u2013 geriausias!","og_url":"https:\/\/miumjau.ee\/lt\/produktas\/kates-kraiko-semtuvelis-litter-lifter\/","og_site_name":"MiuMjau","article_publisher":"https:\/\/www.facebook.com\/miumjaupood\/","article_modified_time":"2026-01-07T18:52:36+00:00","og_image":[{"width":600,"height":800,"url":"https:\/\/miumjau.ee\/wp-content\/uploads\/2023\/11\/kassi-liivakasti-kuhvel.png","type":"image\/png"}],"twitter_card":"summary_large_image","schema":{"@context":"https:\/\/schema.org","@graph":[{"@type":"WebPage","@id":"https:\/\/miumjau.ee\/lt\/produktas\/kates-kraiko-semtuvelis-litter-lifter\/","url":"https:\/\/miumjau.ee\/lt\/produktas\/kates-kraiko-semtuvelis-litter-lifter\/","name":"Kat\u0117s kraiko semtuv\u0117lis Litter-Lifter - MiuMjau","isPartOf":{"@id":"https:\/\/miumjau.ee\/#website"},"primaryImageOfPage":{"@id":"https:\/\/miumjau.ee\/lt\/produktas\/kates-kraiko-semtuvelis-litter-lifter\/#primaryimage"},"image":{"@id":"https:\/\/miumjau.ee\/lt\/produktas\/kates-kraiko-semtuvelis-litter-lifter\/#primaryimage"},"thumbnailUrl":"https:\/\/miumjau.ee\/wp-content\/uploads\/2023\/11\/kassi-liivakasti-kuhvel.png","datePublished":"2023-11-25T14:06:04+00:00","dateModified":"2026-01-07T18:52:36+00:00","breadcrumb":{"@id":"https:\/\/miumjau.ee\/lt\/produktas\/kates-kraiko-semtuvelis-litter-lifter\/#breadcrumb"},"inLanguage":"lt-LT","potentialAction":[{"@type":"ReadAction","target":["https:\/\/miumjau.ee\/lt\/produktas\/kates-kraiko-semtuvelis-litter-lifter\/"]}]},{"@type":"ImageObject","inLanguage":"lt-LT","@id":"https:\/\/miumjau.ee\/lt\/produktas\/kates-kraiko-semtuvelis-litter-lifter\/#primaryimage","url":"https:\/\/miumjau.ee\/wp-content\/uploads\/2023\/11\/kassi-liivakasti-kuhvel.png","contentUrl":"https:\/\/miumjau.ee\/wp-content\/uploads\/2023\/11\/kassi-liivakasti-kuhvel.png","width":600,"height":800,"caption":"Kassi liivakasti k\u00fchvel Litter Lifter"},{"@type":"BreadcrumbList","@id":"https:\/\/miumjau.ee\/lt\/produktas\/kates-kraiko-semtuvelis-litter-lifter\/#breadcrumb","itemListElement":[{"@type":"ListItem","position":1,"name":"Home","item":"https:\/\/miumjau.ee\/lt\/"},{"@type":"ListItem","position":2,"name":"Parduotuv\u0117","item":"https:\/\/miumjau.ee\/lt\/parduotuve\/"},{"@type":"ListItem","position":3,"name":"Kat\u0117s kraiko semtuv\u0117lis Litter-Lifter"}]},{"@type":"WebSite","@id":"https:\/\/miumjau.ee\/#website","url":"https:\/\/miumjau.ee\/","name":"MiuMjau","description":"Kraapimispuud kassidele","publisher":{"@id":"https:\/\/miumjau.ee\/#organization"},"potentialAction":[{"@type":"SearchAction","target":{"@type":"EntryPoint","urlTemplate":"https:\/\/miumjau.ee\/?s={search_term_string}"},"query-input":{"@type":"PropertyValueSpecification","valueRequired":true,"valueName":"search_term_string"}}],"inLanguage":"lt-LT"},{"@type":"Organization","@id":"https:\/\/miumjau.ee\/#organization","name":"MiuMjau O\u00dc","url":"https:\/\/miumjau.ee\/","logo":{"@type":"ImageObject","inLanguage":"lt-LT","@id":"https:\/\/miumjau.ee\/#\/schema\/logo\/image\/","url":"https:\/\/miumjau.ee\/wp-content\/uploads\/2022\/04\/MiuMjau-logo-kollane.png","contentUrl":"https:\/\/miumjau.ee\/wp-content\/uploads\/2022\/04\/MiuMjau-logo-kollane.png","width":219,"height":100,"caption":"MiuMjau O\u00dc"},"image":{"@id":"https:\/\/miumjau.ee\/#\/schema\/logo\/image\/"},"sameAs":["https:\/\/www.facebook.com\/miumjaupood\/"]}]}},"_links":{"self":[{"href":"https:\/\/miumjau.ee\/lt\/wp-json\/wp\/v2\/product\/42573","targetHints":{"allow":["GET"]}}],"collection":[{"href":"https:\/\/miumjau.ee\/lt\/wp-json\/wp\/v2\/product"}],"about":[{"href":"https:\/\/miumjau.ee\/lt\/wp-json\/wp\/v2\/types\/product"}],"wp:featuredmedia":[{"embeddable":true,"href":"https:\/\/miumjau.ee\/lt\/wp-json\/wp\/v2\/media\/43157"}],"wp:attachment":[{"href":"https:\/\/miumjau.ee\/lt\/wp-json\/wp\/v2\/media?parent=42573"}],"wp:term":[{"taxonomy":"product_brand","embeddable":true,"href":"https:\/\/miumjau.ee\/lt\/wp-json\/wp\/v2\/product_brand?post=42573"},{"taxonomy":"product_cat","embeddable":true,"href":"https:\/\/miumjau.ee\/lt\/wp-json\/wp\/v2\/product_cat?post=42573"},{"taxonomy":"product_tag","embeddable":true,"href":"https:\/\/miumjau.ee\/lt\/wp-json\/wp\/v2\/product_tag?post=42573"}],"curies":[{"name":"wp","href":"https:\/\/api.w.org\/{rel}","templated":true}]}}