{"id":42566,"date":"2023-10-28T06:15:24","date_gmt":"2023-10-28T03:15:24","guid":{"rendered":"https:\/\/miumjau.ee\/toode\/zaislas-lazda-su-plunksnomis-ir-varpeliu\/"},"modified":"2026-01-07T20:52:36","modified_gmt":"2026-01-07T18:52:36","slug":"zaislas-lazda-su-plunksnomis-ir-varpeliu","status":"publish","type":"product","link":"https:\/\/miumjau.ee\/lt\/produktas\/zaislas-lazda-su-plunksnomis-ir-varpeliu\/","title":{"rendered":"\u017daislas \u2013 lazda su plunksnomis ir varpeliu"},"content":{"rendered":"","protected":false},"excerpt":{"rendered":"<p>Kiekviena kat\u0117 nori kartais pa\u017eaisti ir su \u0161eimininku. Ilga lazda su plunksnomis tam idealiai tinka, nes j\u0105 galima l\u0117tai ir greitai skraidinti per kambar\u012f, taip imituojant grobio jud\u0117jim\u0105. Kat\u0117 tiesiog privalo pagauti tas judan\u010dias plunksnas.<\/p>\n<p>Lazdos ilgis 94 cm<br \/>\nBendras \u017eaislo ilgis, \u012fskaitant lazd\u0105 + virvel\u0119 + plunksnas, apie 164 cm (+\/\u2212)<\/p>\n<p>PS: spalva atsitiktin\u0117<\/p>\n<p>Lazda susideda i\u0161 dviej\u0173 dali\u0173, kurias reikia sujungti. Vert\u0117t\u0173 laikyti ar\u010diau jungties vietos ir gana stipriai suspausti sujungiant.<\/p>\n","protected":false},"featured_media":42973,"template":"","meta":[],"product_brand":[],"product_cat":[520],"product_tag":[],"class_list":{"0":"post-42566","1":"product","2":"type-product","3":"status-publish","4":"has-post-thumbnail","6":"product_cat-kaciu-zaislai","8":"first","9":"instock","10":"taxable","11":"shipping-taxable","12":"purchasable","13":"product-type-simple"},"yoast_head":"<!-- This site is optimized with the Yoast SEO plugin v27.2 - https:\/\/yoast.com\/product\/yoast-seo-wordpress\/ -->\n<title>\u017daislas \u2013 lazda su plunksnomis ir varpeliu - MiuMjau<\/title>\n<meta name=\"robots\" content=\"index, follow, max-snippet:-1, max-image-preview:large, max-video-preview:-1\" \/>\n<link rel=\"canonical\" href=\"https:\/\/miumjau.ee\/lt\/produktas\/zaislas-lazda-su-plunksnomis-ir-varpeliu\/\" \/>\n<meta property=\"og:locale\" content=\"lt_LT\" \/>\n<meta property=\"og:type\" content=\"article\" \/>\n<meta property=\"og:title\" content=\"\u017daislas \u2013 lazda su plunksnomis ir varpeliu - MiuMjau\" \/>\n<meta property=\"og:description\" content=\"Kiekviena kat\u0117 nori kartais pa\u017eaisti ir su \u0161eimininku. Ilga lazda su plunksnomis tam idealiai tinka, nes j\u0105 galima l\u0117tai ir greitai skraidinti per kambar\u012f, taip imituojant grobio jud\u0117jim\u0105. Kat\u0117 tiesiog privalo pagauti tas judan\u010dias plunksnas. Lazdos ilgis 94 cm Bendras \u017eaislo ilgis, \u012fskaitant lazd\u0105 + virvel\u0119 + plunksnas, apie 164 cm (+\/\u2212) PS: spalva atsitiktin\u0117 Lazda susideda i\u0161 dviej\u0173 dali\u0173, kurias reikia sujungti. Vert\u0117t\u0173 laikyti ar\u010diau jungties vietos ir gana stipriai suspausti sujungiant.\" \/>\n<meta property=\"og:url\" content=\"https:\/\/miumjau.ee\/lt\/produktas\/zaislas-lazda-su-plunksnomis-ir-varpeliu\/\" \/>\n<meta property=\"og:site_name\" content=\"MiuMjau\" \/>\n<meta property=\"article:publisher\" content=\"https:\/\/www.facebook.com\/miumjaupood\/\" \/>\n<meta property=\"article:modified_time\" content=\"2026-01-07T18:52:36+00:00\" \/>\n<meta property=\"og:image\" content=\"https:\/\/miumjau.ee\/wp-content\/uploads\/2023\/10\/pikk-pulk-sulgedega-kassi-manguasi1.jpg\" \/>\n\t<meta property=\"og:image:width\" content=\"600\" \/>\n\t<meta property=\"og:image:height\" content=\"600\" \/>\n\t<meta property=\"og:image:type\" content=\"image\/jpeg\" \/>\n<meta name=\"twitter:card\" content=\"summary_large_image\" \/>\n<script type=\"application\/ld+json\" class=\"yoast-schema-graph\">{\"@context\":\"https:\/\/schema.org\",\"@graph\":[{\"@type\":\"WebPage\",\"@id\":\"https:\/\/miumjau.ee\/lt\/produktas\/zaislas-lazda-su-plunksnomis-ir-varpeliu\/\",\"url\":\"https:\/\/miumjau.ee\/lt\/produktas\/zaislas-lazda-su-plunksnomis-ir-varpeliu\/\",\"name\":\"\u017daislas \u2013 lazda su plunksnomis ir varpeliu - MiuMjau\",\"isPartOf\":{\"@id\":\"https:\/\/miumjau.ee\/#website\"},\"primaryImageOfPage\":{\"@id\":\"https:\/\/miumjau.ee\/lt\/produktas\/zaislas-lazda-su-plunksnomis-ir-varpeliu\/#primaryimage\"},\"image\":{\"@id\":\"https:\/\/miumjau.ee\/lt\/produktas\/zaislas-lazda-su-plunksnomis-ir-varpeliu\/#primaryimage\"},\"thumbnailUrl\":\"https:\/\/miumjau.ee\/wp-content\/uploads\/2023\/10\/pikk-pulk-sulgedega-kassi-manguasi1.jpg\",\"datePublished\":\"2023-10-28T03:15:24+00:00\",\"dateModified\":\"2026-01-07T18:52:36+00:00\",\"breadcrumb\":{\"@id\":\"https:\/\/miumjau.ee\/lt\/produktas\/zaislas-lazda-su-plunksnomis-ir-varpeliu\/#breadcrumb\"},\"inLanguage\":\"lt-LT\",\"potentialAction\":[{\"@type\":\"ReadAction\",\"target\":[\"https:\/\/miumjau.ee\/lt\/produktas\/zaislas-lazda-su-plunksnomis-ir-varpeliu\/\"]}]},{\"@type\":\"ImageObject\",\"inLanguage\":\"lt-LT\",\"@id\":\"https:\/\/miumjau.ee\/lt\/produktas\/zaislas-lazda-su-plunksnomis-ir-varpeliu\/#primaryimage\",\"url\":\"https:\/\/miumjau.ee\/wp-content\/uploads\/2023\/10\/pikk-pulk-sulgedega-kassi-manguasi1.jpg\",\"contentUrl\":\"https:\/\/miumjau.ee\/wp-content\/uploads\/2023\/10\/pikk-pulk-sulgedega-kassi-manguasi1.jpg\",\"width\":600,\"height\":600,\"caption\":\"Kassi m\u00e4nguasi, pikk pulk sulgedega\"},{\"@type\":\"BreadcrumbList\",\"@id\":\"https:\/\/miumjau.ee\/lt\/produktas\/zaislas-lazda-su-plunksnomis-ir-varpeliu\/#breadcrumb\",\"itemListElement\":[{\"@type\":\"ListItem\",\"position\":1,\"name\":\"Home\",\"item\":\"https:\/\/miumjau.ee\/lt\/\"},{\"@type\":\"ListItem\",\"position\":2,\"name\":\"Parduotuv\u0117\",\"item\":\"https:\/\/miumjau.ee\/lt\/parduotuve\/\"},{\"@type\":\"ListItem\",\"position\":3,\"name\":\"\u017daislas \u2013 lazda su plunksnomis ir varpeliu\"}]},{\"@type\":\"WebSite\",\"@id\":\"https:\/\/miumjau.ee\/#website\",\"url\":\"https:\/\/miumjau.ee\/\",\"name\":\"MiuMjau\",\"description\":\"Kraapimispuud kassidele\",\"publisher\":{\"@id\":\"https:\/\/miumjau.ee\/#organization\"},\"potentialAction\":[{\"@type\":\"SearchAction\",\"target\":{\"@type\":\"EntryPoint\",\"urlTemplate\":\"https:\/\/miumjau.ee\/?s={search_term_string}\"},\"query-input\":{\"@type\":\"PropertyValueSpecification\",\"valueRequired\":true,\"valueName\":\"search_term_string\"}}],\"inLanguage\":\"lt-LT\"},{\"@type\":\"Organization\",\"@id\":\"https:\/\/miumjau.ee\/#organization\",\"name\":\"MiuMjau O\u00dc\",\"url\":\"https:\/\/miumjau.ee\/\",\"logo\":{\"@type\":\"ImageObject\",\"inLanguage\":\"lt-LT\",\"@id\":\"https:\/\/miumjau.ee\/#\/schema\/logo\/image\/\",\"url\":\"https:\/\/miumjau.ee\/wp-content\/uploads\/2022\/04\/MiuMjau-logo-kollane.png\",\"contentUrl\":\"https:\/\/miumjau.ee\/wp-content\/uploads\/2022\/04\/MiuMjau-logo-kollane.png\",\"width\":219,\"height\":100,\"caption\":\"MiuMjau O\u00dc\"},\"image\":{\"@id\":\"https:\/\/miumjau.ee\/#\/schema\/logo\/image\/\"},\"sameAs\":[\"https:\/\/www.facebook.com\/miumjaupood\/\"]}]}<\/script>\n<!-- \/ Yoast SEO plugin. -->","yoast_head_json":{"title":"\u017daislas \u2013 lazda su plunksnomis ir varpeliu - MiuMjau","robots":{"index":"index","follow":"follow","max-snippet":"max-snippet:-1","max-image-preview":"max-image-preview:large","max-video-preview":"max-video-preview:-1"},"canonical":"https:\/\/miumjau.ee\/lt\/produktas\/zaislas-lazda-su-plunksnomis-ir-varpeliu\/","og_locale":"lt_LT","og_type":"article","og_title":"\u017daislas \u2013 lazda su plunksnomis ir varpeliu - MiuMjau","og_description":"Kiekviena kat\u0117 nori kartais pa\u017eaisti ir su \u0161eimininku. Ilga lazda su plunksnomis tam idealiai tinka, nes j\u0105 galima l\u0117tai ir greitai skraidinti per kambar\u012f, taip imituojant grobio jud\u0117jim\u0105. Kat\u0117 tiesiog privalo pagauti tas judan\u010dias plunksnas. Lazdos ilgis 94 cm Bendras \u017eaislo ilgis, \u012fskaitant lazd\u0105 + virvel\u0119 + plunksnas, apie 164 cm (+\/\u2212) PS: spalva atsitiktin\u0117 Lazda susideda i\u0161 dviej\u0173 dali\u0173, kurias reikia sujungti. Vert\u0117t\u0173 laikyti ar\u010diau jungties vietos ir gana stipriai suspausti sujungiant.","og_url":"https:\/\/miumjau.ee\/lt\/produktas\/zaislas-lazda-su-plunksnomis-ir-varpeliu\/","og_site_name":"MiuMjau","article_publisher":"https:\/\/www.facebook.com\/miumjaupood\/","article_modified_time":"2026-01-07T18:52:36+00:00","og_image":[{"width":600,"height":600,"url":"https:\/\/miumjau.ee\/wp-content\/uploads\/2023\/10\/pikk-pulk-sulgedega-kassi-manguasi1.jpg","type":"image\/jpeg"}],"twitter_card":"summary_large_image","schema":{"@context":"https:\/\/schema.org","@graph":[{"@type":"WebPage","@id":"https:\/\/miumjau.ee\/lt\/produktas\/zaislas-lazda-su-plunksnomis-ir-varpeliu\/","url":"https:\/\/miumjau.ee\/lt\/produktas\/zaislas-lazda-su-plunksnomis-ir-varpeliu\/","name":"\u017daislas \u2013 lazda su plunksnomis ir varpeliu - MiuMjau","isPartOf":{"@id":"https:\/\/miumjau.ee\/#website"},"primaryImageOfPage":{"@id":"https:\/\/miumjau.ee\/lt\/produktas\/zaislas-lazda-su-plunksnomis-ir-varpeliu\/#primaryimage"},"image":{"@id":"https:\/\/miumjau.ee\/lt\/produktas\/zaislas-lazda-su-plunksnomis-ir-varpeliu\/#primaryimage"},"thumbnailUrl":"https:\/\/miumjau.ee\/wp-content\/uploads\/2023\/10\/pikk-pulk-sulgedega-kassi-manguasi1.jpg","datePublished":"2023-10-28T03:15:24+00:00","dateModified":"2026-01-07T18:52:36+00:00","breadcrumb":{"@id":"https:\/\/miumjau.ee\/lt\/produktas\/zaislas-lazda-su-plunksnomis-ir-varpeliu\/#breadcrumb"},"inLanguage":"lt-LT","potentialAction":[{"@type":"ReadAction","target":["https:\/\/miumjau.ee\/lt\/produktas\/zaislas-lazda-su-plunksnomis-ir-varpeliu\/"]}]},{"@type":"ImageObject","inLanguage":"lt-LT","@id":"https:\/\/miumjau.ee\/lt\/produktas\/zaislas-lazda-su-plunksnomis-ir-varpeliu\/#primaryimage","url":"https:\/\/miumjau.ee\/wp-content\/uploads\/2023\/10\/pikk-pulk-sulgedega-kassi-manguasi1.jpg","contentUrl":"https:\/\/miumjau.ee\/wp-content\/uploads\/2023\/10\/pikk-pulk-sulgedega-kassi-manguasi1.jpg","width":600,"height":600,"caption":"Kassi m\u00e4nguasi, pikk pulk sulgedega"},{"@type":"BreadcrumbList","@id":"https:\/\/miumjau.ee\/lt\/produktas\/zaislas-lazda-su-plunksnomis-ir-varpeliu\/#breadcrumb","itemListElement":[{"@type":"ListItem","position":1,"name":"Home","item":"https:\/\/miumjau.ee\/lt\/"},{"@type":"ListItem","position":2,"name":"Parduotuv\u0117","item":"https:\/\/miumjau.ee\/lt\/parduotuve\/"},{"@type":"ListItem","position":3,"name":"\u017daislas \u2013 lazda su plunksnomis ir varpeliu"}]},{"@type":"WebSite","@id":"https:\/\/miumjau.ee\/#website","url":"https:\/\/miumjau.ee\/","name":"MiuMjau","description":"Kraapimispuud kassidele","publisher":{"@id":"https:\/\/miumjau.ee\/#organization"},"potentialAction":[{"@type":"SearchAction","target":{"@type":"EntryPoint","urlTemplate":"https:\/\/miumjau.ee\/?s={search_term_string}"},"query-input":{"@type":"PropertyValueSpecification","valueRequired":true,"valueName":"search_term_string"}}],"inLanguage":"lt-LT"},{"@type":"Organization","@id":"https:\/\/miumjau.ee\/#organization","name":"MiuMjau O\u00dc","url":"https:\/\/miumjau.ee\/","logo":{"@type":"ImageObject","inLanguage":"lt-LT","@id":"https:\/\/miumjau.ee\/#\/schema\/logo\/image\/","url":"https:\/\/miumjau.ee\/wp-content\/uploads\/2022\/04\/MiuMjau-logo-kollane.png","contentUrl":"https:\/\/miumjau.ee\/wp-content\/uploads\/2022\/04\/MiuMjau-logo-kollane.png","width":219,"height":100,"caption":"MiuMjau O\u00dc"},"image":{"@id":"https:\/\/miumjau.ee\/#\/schema\/logo\/image\/"},"sameAs":["https:\/\/www.facebook.com\/miumjaupood\/"]}]}},"_links":{"self":[{"href":"https:\/\/miumjau.ee\/lt\/wp-json\/wp\/v2\/product\/42566","targetHints":{"allow":["GET"]}}],"collection":[{"href":"https:\/\/miumjau.ee\/lt\/wp-json\/wp\/v2\/product"}],"about":[{"href":"https:\/\/miumjau.ee\/lt\/wp-json\/wp\/v2\/types\/product"}],"wp:featuredmedia":[{"embeddable":true,"href":"https:\/\/miumjau.ee\/lt\/wp-json\/wp\/v2\/media\/42973"}],"wp:attachment":[{"href":"https:\/\/miumjau.ee\/lt\/wp-json\/wp\/v2\/media?parent=42566"}],"wp:term":[{"taxonomy":"product_brand","embeddable":true,"href":"https:\/\/miumjau.ee\/lt\/wp-json\/wp\/v2\/product_brand?post=42566"},{"taxonomy":"product_cat","embeddable":true,"href":"https:\/\/miumjau.ee\/lt\/wp-json\/wp\/v2\/product_cat?post=42566"},{"taxonomy":"product_tag","embeddable":true,"href":"https:\/\/miumjau.ee\/lt\/wp-json\/wp\/v2\/product_tag?post=42566"}],"curies":[{"name":"wp","href":"https:\/\/api.w.org\/{rel}","templated":true}]}}