{"id":42565,"date":"2023-10-27T13:34:56","date_gmt":"2023-10-27T10:34:56","guid":{"rendered":"https:\/\/miumjau.ee\/toode\/kamuoliukas-su-varpeliu-katei-medinis\/"},"modified":"2026-01-07T20:52:36","modified_gmt":"2026-01-07T18:52:36","slug":"kamuoliukas-su-varpeliu-katei-medinis","status":"publish","type":"product","link":"https:\/\/miumjau.ee\/lt\/produktas\/kamuoliukas-su-varpeliu-katei-medinis\/","title":{"rendered":"Kamuoliukas su varpeliu katei, medinis"},"content":{"rendered":"","protected":false},"excerpt":{"rendered":"<p>Kamuoliukas su pirmyn-atgal si\u016bbuojan\u010dia uodeg\u0117le yra ry\u0161ki\u0173 spalv\u0173 ir tinka aktyviam laiko leidimui kartu su \u0161eimininku. Prie kamuoliuko pritvirtintas ir skambantis varpelis.<\/p>\n<p>Spalva atsitiktin\u0117.<\/p>\n<p>\u017dI\u016aR\u0116KITE VAIZDO \u012eRA\u0160\u0104 \u2013 Cattery of Nordic Star kat\u0117 \u017eaid\u017eia<\/p>\n","protected":false},"featured_media":42972,"template":"","meta":[],"product_brand":[],"product_cat":[520],"product_tag":[],"class_list":{"0":"post-42565","1":"product","2":"type-product","3":"status-publish","4":"has-post-thumbnail","6":"product_cat-kaciu-zaislai","8":"first","9":"instock","10":"taxable","11":"shipping-taxable","12":"purchasable","13":"product-type-simple"},"yoast_head":"<!-- This site is optimized with the Yoast SEO plugin v27.4 - https:\/\/yoast.com\/product\/yoast-seo-wordpress\/ -->\n<title>Kamuoliukas su varpeliu katei, medinis - MiuMjau<\/title>\n<meta name=\"robots\" content=\"index, follow, max-snippet:-1, max-image-preview:large, max-video-preview:-1\" \/>\n<link rel=\"canonical\" href=\"https:\/\/miumjau.ee\/lt\/produktas\/kamuoliukas-su-varpeliu-katei-medinis\/\" \/>\n<meta property=\"og:locale\" content=\"lt_LT\" \/>\n<meta property=\"og:type\" content=\"article\" \/>\n<meta property=\"og:title\" content=\"Kamuoliukas su varpeliu katei, medinis - MiuMjau\" \/>\n<meta property=\"og:description\" content=\"Kamuoliukas su pirmyn-atgal si\u016bbuojan\u010dia uodeg\u0117le yra ry\u0161ki\u0173 spalv\u0173 ir tinka aktyviam laiko leidimui kartu su \u0161eimininku. Prie kamuoliuko pritvirtintas ir skambantis varpelis. Spalva atsitiktin\u0117. \u017dI\u016aR\u0116KITE VAIZDO \u012eRA\u0160\u0104 \u2013 Cattery of Nordic Star kat\u0117 \u017eaid\u017eia\" \/>\n<meta property=\"og:url\" content=\"https:\/\/miumjau.ee\/lt\/produktas\/kamuoliukas-su-varpeliu-katei-medinis\/\" \/>\n<meta property=\"og:site_name\" content=\"MiuMjau\" \/>\n<meta property=\"article:publisher\" content=\"https:\/\/www.facebook.com\/miumjaupood\/\" \/>\n<meta property=\"article:modified_time\" content=\"2026-01-07T18:52:36+00:00\" \/>\n<meta property=\"og:image\" content=\"https:\/\/miumjau.ee\/wp-content\/uploads\/2023\/10\/puidust-pallike-kassile.png\" \/>\n\t<meta property=\"og:image:width\" content=\"600\" \/>\n\t<meta property=\"og:image:height\" content=\"600\" \/>\n\t<meta property=\"og:image:type\" content=\"image\/png\" \/>\n<meta name=\"twitter:card\" content=\"summary_large_image\" \/>\n<script type=\"application\/ld+json\" class=\"yoast-schema-graph\">{\"@context\":\"https:\\\/\\\/schema.org\",\"@graph\":[{\"@type\":\"WebPage\",\"@id\":\"https:\\\/\\\/miumjau.ee\\\/lt\\\/produktas\\\/kamuoliukas-su-varpeliu-katei-medinis\\\/\",\"url\":\"https:\\\/\\\/miumjau.ee\\\/lt\\\/produktas\\\/kamuoliukas-su-varpeliu-katei-medinis\\\/\",\"name\":\"Kamuoliukas su varpeliu katei, medinis - MiuMjau\",\"isPartOf\":{\"@id\":\"https:\\\/\\\/miumjau.ee\\\/#website\"},\"primaryImageOfPage\":{\"@id\":\"https:\\\/\\\/miumjau.ee\\\/lt\\\/produktas\\\/kamuoliukas-su-varpeliu-katei-medinis\\\/#primaryimage\"},\"image\":{\"@id\":\"https:\\\/\\\/miumjau.ee\\\/lt\\\/produktas\\\/kamuoliukas-su-varpeliu-katei-medinis\\\/#primaryimage\"},\"thumbnailUrl\":\"https:\\\/\\\/miumjau.ee\\\/wp-content\\\/uploads\\\/2023\\\/10\\\/puidust-pallike-kassile.png\",\"datePublished\":\"2023-10-27T10:34:56+00:00\",\"dateModified\":\"2026-01-07T18:52:36+00:00\",\"breadcrumb\":{\"@id\":\"https:\\\/\\\/miumjau.ee\\\/lt\\\/produktas\\\/kamuoliukas-su-varpeliu-katei-medinis\\\/#breadcrumb\"},\"inLanguage\":\"lt-LT\",\"potentialAction\":[{\"@type\":\"ReadAction\",\"target\":[\"https:\\\/\\\/miumjau.ee\\\/lt\\\/produktas\\\/kamuoliukas-su-varpeliu-katei-medinis\\\/\"]}]},{\"@type\":\"ImageObject\",\"inLanguage\":\"lt-LT\",\"@id\":\"https:\\\/\\\/miumjau.ee\\\/lt\\\/produktas\\\/kamuoliukas-su-varpeliu-katei-medinis\\\/#primaryimage\",\"url\":\"https:\\\/\\\/miumjau.ee\\\/wp-content\\\/uploads\\\/2023\\\/10\\\/puidust-pallike-kassile.png\",\"contentUrl\":\"https:\\\/\\\/miumjau.ee\\\/wp-content\\\/uploads\\\/2023\\\/10\\\/puidust-pallike-kassile.png\",\"width\":600,\"height\":600,\"caption\":\"pallike k\u00f5ristiga kassile\"},{\"@type\":\"BreadcrumbList\",\"@id\":\"https:\\\/\\\/miumjau.ee\\\/lt\\\/produktas\\\/kamuoliukas-su-varpeliu-katei-medinis\\\/#breadcrumb\",\"itemListElement\":[{\"@type\":\"ListItem\",\"position\":1,\"name\":\"Home\",\"item\":\"https:\\\/\\\/miumjau.ee\\\/lt\\\/\"},{\"@type\":\"ListItem\",\"position\":2,\"name\":\"Parduotuv\u0117\",\"item\":\"https:\\\/\\\/miumjau.ee\\\/lt\\\/parduotuve\\\/\"},{\"@type\":\"ListItem\",\"position\":3,\"name\":\"Kamuoliukas su varpeliu katei, medinis\"}]},{\"@type\":\"WebSite\",\"@id\":\"https:\\\/\\\/miumjau.ee\\\/#website\",\"url\":\"https:\\\/\\\/miumjau.ee\\\/\",\"name\":\"MiuMjau\",\"description\":\"Kraapimispuud kassidele\",\"publisher\":{\"@id\":\"https:\\\/\\\/miumjau.ee\\\/#organization\"},\"potentialAction\":[{\"@type\":\"SearchAction\",\"target\":{\"@type\":\"EntryPoint\",\"urlTemplate\":\"https:\\\/\\\/miumjau.ee\\\/?s={search_term_string}\"},\"query-input\":{\"@type\":\"PropertyValueSpecification\",\"valueRequired\":true,\"valueName\":\"search_term_string\"}}],\"inLanguage\":\"lt-LT\"},{\"@type\":\"Organization\",\"@id\":\"https:\\\/\\\/miumjau.ee\\\/#organization\",\"name\":\"MiuMjau O\u00dc\",\"url\":\"https:\\\/\\\/miumjau.ee\\\/\",\"logo\":{\"@type\":\"ImageObject\",\"inLanguage\":\"lt-LT\",\"@id\":\"https:\\\/\\\/miumjau.ee\\\/#\\\/schema\\\/logo\\\/image\\\/\",\"url\":\"https:\\\/\\\/miumjau.ee\\\/wp-content\\\/uploads\\\/2022\\\/04\\\/MiuMjau-logo-kollane.png\",\"contentUrl\":\"https:\\\/\\\/miumjau.ee\\\/wp-content\\\/uploads\\\/2022\\\/04\\\/MiuMjau-logo-kollane.png\",\"width\":219,\"height\":100,\"caption\":\"MiuMjau O\u00dc\"},\"image\":{\"@id\":\"https:\\\/\\\/miumjau.ee\\\/#\\\/schema\\\/logo\\\/image\\\/\"},\"sameAs\":[\"https:\\\/\\\/www.facebook.com\\\/miumjaupood\\\/\"]}]}<\/script>\n<!-- \/ Yoast SEO plugin. -->","yoast_head_json":{"title":"Kamuoliukas su varpeliu katei, medinis - MiuMjau","robots":{"index":"index","follow":"follow","max-snippet":"max-snippet:-1","max-image-preview":"max-image-preview:large","max-video-preview":"max-video-preview:-1"},"canonical":"https:\/\/miumjau.ee\/lt\/produktas\/kamuoliukas-su-varpeliu-katei-medinis\/","og_locale":"lt_LT","og_type":"article","og_title":"Kamuoliukas su varpeliu katei, medinis - MiuMjau","og_description":"Kamuoliukas su pirmyn-atgal si\u016bbuojan\u010dia uodeg\u0117le yra ry\u0161ki\u0173 spalv\u0173 ir tinka aktyviam laiko leidimui kartu su \u0161eimininku. Prie kamuoliuko pritvirtintas ir skambantis varpelis. Spalva atsitiktin\u0117. \u017dI\u016aR\u0116KITE VAIZDO \u012eRA\u0160\u0104 \u2013 Cattery of Nordic Star kat\u0117 \u017eaid\u017eia","og_url":"https:\/\/miumjau.ee\/lt\/produktas\/kamuoliukas-su-varpeliu-katei-medinis\/","og_site_name":"MiuMjau","article_publisher":"https:\/\/www.facebook.com\/miumjaupood\/","article_modified_time":"2026-01-07T18:52:36+00:00","og_image":[{"width":600,"height":600,"url":"https:\/\/miumjau.ee\/wp-content\/uploads\/2023\/10\/puidust-pallike-kassile.png","type":"image\/png"}],"twitter_card":"summary_large_image","schema":{"@context":"https:\/\/schema.org","@graph":[{"@type":"WebPage","@id":"https:\/\/miumjau.ee\/lt\/produktas\/kamuoliukas-su-varpeliu-katei-medinis\/","url":"https:\/\/miumjau.ee\/lt\/produktas\/kamuoliukas-su-varpeliu-katei-medinis\/","name":"Kamuoliukas su varpeliu katei, medinis - MiuMjau","isPartOf":{"@id":"https:\/\/miumjau.ee\/#website"},"primaryImageOfPage":{"@id":"https:\/\/miumjau.ee\/lt\/produktas\/kamuoliukas-su-varpeliu-katei-medinis\/#primaryimage"},"image":{"@id":"https:\/\/miumjau.ee\/lt\/produktas\/kamuoliukas-su-varpeliu-katei-medinis\/#primaryimage"},"thumbnailUrl":"https:\/\/miumjau.ee\/wp-content\/uploads\/2023\/10\/puidust-pallike-kassile.png","datePublished":"2023-10-27T10:34:56+00:00","dateModified":"2026-01-07T18:52:36+00:00","breadcrumb":{"@id":"https:\/\/miumjau.ee\/lt\/produktas\/kamuoliukas-su-varpeliu-katei-medinis\/#breadcrumb"},"inLanguage":"lt-LT","potentialAction":[{"@type":"ReadAction","target":["https:\/\/miumjau.ee\/lt\/produktas\/kamuoliukas-su-varpeliu-katei-medinis\/"]}]},{"@type":"ImageObject","inLanguage":"lt-LT","@id":"https:\/\/miumjau.ee\/lt\/produktas\/kamuoliukas-su-varpeliu-katei-medinis\/#primaryimage","url":"https:\/\/miumjau.ee\/wp-content\/uploads\/2023\/10\/puidust-pallike-kassile.png","contentUrl":"https:\/\/miumjau.ee\/wp-content\/uploads\/2023\/10\/puidust-pallike-kassile.png","width":600,"height":600,"caption":"pallike k\u00f5ristiga kassile"},{"@type":"BreadcrumbList","@id":"https:\/\/miumjau.ee\/lt\/produktas\/kamuoliukas-su-varpeliu-katei-medinis\/#breadcrumb","itemListElement":[{"@type":"ListItem","position":1,"name":"Home","item":"https:\/\/miumjau.ee\/lt\/"},{"@type":"ListItem","position":2,"name":"Parduotuv\u0117","item":"https:\/\/miumjau.ee\/lt\/parduotuve\/"},{"@type":"ListItem","position":3,"name":"Kamuoliukas su varpeliu katei, medinis"}]},{"@type":"WebSite","@id":"https:\/\/miumjau.ee\/#website","url":"https:\/\/miumjau.ee\/","name":"MiuMjau","description":"Kraapimispuud kassidele","publisher":{"@id":"https:\/\/miumjau.ee\/#organization"},"potentialAction":[{"@type":"SearchAction","target":{"@type":"EntryPoint","urlTemplate":"https:\/\/miumjau.ee\/?s={search_term_string}"},"query-input":{"@type":"PropertyValueSpecification","valueRequired":true,"valueName":"search_term_string"}}],"inLanguage":"lt-LT"},{"@type":"Organization","@id":"https:\/\/miumjau.ee\/#organization","name":"MiuMjau O\u00dc","url":"https:\/\/miumjau.ee\/","logo":{"@type":"ImageObject","inLanguage":"lt-LT","@id":"https:\/\/miumjau.ee\/#\/schema\/logo\/image\/","url":"https:\/\/miumjau.ee\/wp-content\/uploads\/2022\/04\/MiuMjau-logo-kollane.png","contentUrl":"https:\/\/miumjau.ee\/wp-content\/uploads\/2022\/04\/MiuMjau-logo-kollane.png","width":219,"height":100,"caption":"MiuMjau O\u00dc"},"image":{"@id":"https:\/\/miumjau.ee\/#\/schema\/logo\/image\/"},"sameAs":["https:\/\/www.facebook.com\/miumjaupood\/"]}]}},"_links":{"self":[{"href":"https:\/\/miumjau.ee\/lt\/wp-json\/wp\/v2\/product\/42565","targetHints":{"allow":["GET"]}}],"collection":[{"href":"https:\/\/miumjau.ee\/lt\/wp-json\/wp\/v2\/product"}],"about":[{"href":"https:\/\/miumjau.ee\/lt\/wp-json\/wp\/v2\/types\/product"}],"wp:featuredmedia":[{"embeddable":true,"href":"https:\/\/miumjau.ee\/lt\/wp-json\/wp\/v2\/media\/42972"}],"wp:attachment":[{"href":"https:\/\/miumjau.ee\/lt\/wp-json\/wp\/v2\/media?parent=42565"}],"wp:term":[{"taxonomy":"product_brand","embeddable":true,"href":"https:\/\/miumjau.ee\/lt\/wp-json\/wp\/v2\/product_brand?post=42565"},{"taxonomy":"product_cat","embeddable":true,"href":"https:\/\/miumjau.ee\/lt\/wp-json\/wp\/v2\/product_cat?post=42565"},{"taxonomy":"product_tag","embeddable":true,"href":"https:\/\/miumjau.ee\/lt\/wp-json\/wp\/v2\/product_tag?post=42565"}],"curies":[{"name":"wp","href":"https:\/\/api.w.org\/{rel}","templated":true}]}}