{"id":42564,"date":"2023-10-27T10:12:08","date_gmt":"2023-10-27T07:12:08","guid":{"rendered":"https:\/\/miumjau.ee\/toode\/kates-zaislas-su-viela-spalvotas\/"},"modified":"2026-01-07T20:52:36","modified_gmt":"2026-01-07T18:52:36","slug":"kates-zaislas-su-viela-spalvotas","status":"publish","type":"product","link":"https:\/\/miumjau.ee\/lt\/produktas\/kates-zaislas-su-viela-spalvotas\/","title":{"rendered":"Kat\u0117s \u017eaislas su viela, spalvotas"},"content":{"rendered":"","protected":false},"excerpt":{"rendered":"<p>Kat\u0117s \u017eaislas su karoliukais, plunksnomis ir varpeliu. Visi \u0161ie priedai pritvirtinti prie vielos. Kat\u0117ms \u0161is \u017eaislas labai patinka, nes viela sukuria svyravimo efekt\u0105, o kat\u0117s jau\u010dia akstin\u0105 tuoj pat \u201epagauti grob\u012f\u201c.<\/p>\n<p>\u017daislo bendras ilgis su plunksnomis apie 90 cm.<\/p>\n<p>B\u016bkite atsarg\u016bs atverdami viel\u0105, nes ji \u012ftempta, kad b\u016bt\u0173 galima supakuoti \u012f ma\u017e\u0105 pakuot\u0119.<\/p>\n<p>VIDEO 1 \u2013 \u017ei\u016br\u0117kite, kaip \u017eaid\u017eia ma\u017eylis<br \/>\nVIDEO 2 \u2013 \u017eaislas \u012ftupdytas tarp sofos pagalvi\u0173, kat\u0117s juk labai smalsios (taip \u017eaislas ilgai netarnaus)<\/p>\n","protected":false},"featured_media":42970,"template":"","meta":[],"product_brand":[],"product_cat":[520],"product_tag":[],"class_list":{"0":"post-42564","1":"product","2":"type-product","3":"status-publish","4":"has-post-thumbnail","6":"product_cat-kaciu-zaislai","8":"first","9":"instock","10":"taxable","11":"shipping-taxable","12":"purchasable","13":"product-type-simple"},"yoast_head":"<!-- This site is optimized with the Yoast SEO plugin v27.2 - https:\/\/yoast.com\/product\/yoast-seo-wordpress\/ -->\n<title>Kat\u0117s \u017eaislas su viela, spalvotas - MiuMjau<\/title>\n<meta name=\"robots\" content=\"index, follow, max-snippet:-1, max-image-preview:large, max-video-preview:-1\" \/>\n<link rel=\"canonical\" href=\"https:\/\/miumjau.ee\/lt\/produktas\/kates-zaislas-su-viela-spalvotas\/\" \/>\n<meta property=\"og:locale\" content=\"lt_LT\" \/>\n<meta property=\"og:type\" content=\"article\" \/>\n<meta property=\"og:title\" content=\"Kat\u0117s \u017eaislas su viela, spalvotas - MiuMjau\" \/>\n<meta property=\"og:description\" content=\"Kat\u0117s \u017eaislas su karoliukais, plunksnomis ir varpeliu. Visi \u0161ie priedai pritvirtinti prie vielos. Kat\u0117ms \u0161is \u017eaislas labai patinka, nes viela sukuria svyravimo efekt\u0105, o kat\u0117s jau\u010dia akstin\u0105 tuoj pat \u201epagauti grob\u012f\u201c. \u017daislo bendras ilgis su plunksnomis apie 90 cm. B\u016bkite atsarg\u016bs atverdami viel\u0105, nes ji \u012ftempta, kad b\u016bt\u0173 galima supakuoti \u012f ma\u017e\u0105 pakuot\u0119. VIDEO 1 \u2013 \u017ei\u016br\u0117kite, kaip \u017eaid\u017eia ma\u017eylis VIDEO 2 \u2013 \u017eaislas \u012ftupdytas tarp sofos pagalvi\u0173, kat\u0117s juk labai smalsios (taip \u017eaislas ilgai netarnaus)\" \/>\n<meta property=\"og:url\" content=\"https:\/\/miumjau.ee\/lt\/produktas\/kates-zaislas-su-viela-spalvotas\/\" \/>\n<meta property=\"og:site_name\" content=\"MiuMjau\" \/>\n<meta property=\"article:publisher\" content=\"https:\/\/www.facebook.com\/miumjaupood\/\" \/>\n<meta property=\"article:modified_time\" content=\"2026-01-07T18:52:36+00:00\" \/>\n<meta property=\"og:image\" content=\"https:\/\/miumjau.ee\/wp-content\/uploads\/2023\/10\/kassi-manguasi-2.jpg\" \/>\n\t<meta property=\"og:image:width\" content=\"600\" \/>\n\t<meta property=\"og:image:height\" content=\"600\" \/>\n\t<meta property=\"og:image:type\" content=\"image\/jpeg\" \/>\n<meta name=\"twitter:card\" content=\"summary_large_image\" \/>\n<script type=\"application\/ld+json\" class=\"yoast-schema-graph\">{\"@context\":\"https:\/\/schema.org\",\"@graph\":[{\"@type\":\"WebPage\",\"@id\":\"https:\/\/miumjau.ee\/lt\/produktas\/kates-zaislas-su-viela-spalvotas\/\",\"url\":\"https:\/\/miumjau.ee\/lt\/produktas\/kates-zaislas-su-viela-spalvotas\/\",\"name\":\"Kat\u0117s \u017eaislas su viela, spalvotas - MiuMjau\",\"isPartOf\":{\"@id\":\"https:\/\/miumjau.ee\/#website\"},\"primaryImageOfPage\":{\"@id\":\"https:\/\/miumjau.ee\/lt\/produktas\/kates-zaislas-su-viela-spalvotas\/#primaryimage\"},\"image\":{\"@id\":\"https:\/\/miumjau.ee\/lt\/produktas\/kates-zaislas-su-viela-spalvotas\/#primaryimage\"},\"thumbnailUrl\":\"https:\/\/miumjau.ee\/wp-content\/uploads\/2023\/10\/kassi-manguasi-2.jpg\",\"datePublished\":\"2023-10-27T07:12:08+00:00\",\"dateModified\":\"2026-01-07T18:52:36+00:00\",\"breadcrumb\":{\"@id\":\"https:\/\/miumjau.ee\/lt\/produktas\/kates-zaislas-su-viela-spalvotas\/#breadcrumb\"},\"inLanguage\":\"lt-LT\",\"potentialAction\":[{\"@type\":\"ReadAction\",\"target\":[\"https:\/\/miumjau.ee\/lt\/produktas\/kates-zaislas-su-viela-spalvotas\/\"]}]},{\"@type\":\"ImageObject\",\"inLanguage\":\"lt-LT\",\"@id\":\"https:\/\/miumjau.ee\/lt\/produktas\/kates-zaislas-su-viela-spalvotas\/#primaryimage\",\"url\":\"https:\/\/miumjau.ee\/wp-content\/uploads\/2023\/10\/kassi-manguasi-2.jpg\",\"contentUrl\":\"https:\/\/miumjau.ee\/wp-content\/uploads\/2023\/10\/kassi-manguasi-2.jpg\",\"width\":600,\"height\":600,\"caption\":\"Kassi m\u00e4nguasi\"},{\"@type\":\"BreadcrumbList\",\"@id\":\"https:\/\/miumjau.ee\/lt\/produktas\/kates-zaislas-su-viela-spalvotas\/#breadcrumb\",\"itemListElement\":[{\"@type\":\"ListItem\",\"position\":1,\"name\":\"Home\",\"item\":\"https:\/\/miumjau.ee\/lt\/\"},{\"@type\":\"ListItem\",\"position\":2,\"name\":\"Parduotuv\u0117\",\"item\":\"https:\/\/miumjau.ee\/lt\/parduotuve\/\"},{\"@type\":\"ListItem\",\"position\":3,\"name\":\"Kat\u0117s \u017eaislas su viela, spalvotas\"}]},{\"@type\":\"WebSite\",\"@id\":\"https:\/\/miumjau.ee\/#website\",\"url\":\"https:\/\/miumjau.ee\/\",\"name\":\"MiuMjau\",\"description\":\"Kraapimispuud kassidele\",\"publisher\":{\"@id\":\"https:\/\/miumjau.ee\/#organization\"},\"potentialAction\":[{\"@type\":\"SearchAction\",\"target\":{\"@type\":\"EntryPoint\",\"urlTemplate\":\"https:\/\/miumjau.ee\/?s={search_term_string}\"},\"query-input\":{\"@type\":\"PropertyValueSpecification\",\"valueRequired\":true,\"valueName\":\"search_term_string\"}}],\"inLanguage\":\"lt-LT\"},{\"@type\":\"Organization\",\"@id\":\"https:\/\/miumjau.ee\/#organization\",\"name\":\"MiuMjau O\u00dc\",\"url\":\"https:\/\/miumjau.ee\/\",\"logo\":{\"@type\":\"ImageObject\",\"inLanguage\":\"lt-LT\",\"@id\":\"https:\/\/miumjau.ee\/#\/schema\/logo\/image\/\",\"url\":\"https:\/\/miumjau.ee\/wp-content\/uploads\/2022\/04\/MiuMjau-logo-kollane.png\",\"contentUrl\":\"https:\/\/miumjau.ee\/wp-content\/uploads\/2022\/04\/MiuMjau-logo-kollane.png\",\"width\":219,\"height\":100,\"caption\":\"MiuMjau O\u00dc\"},\"image\":{\"@id\":\"https:\/\/miumjau.ee\/#\/schema\/logo\/image\/\"},\"sameAs\":[\"https:\/\/www.facebook.com\/miumjaupood\/\"]}]}<\/script>\n<!-- \/ Yoast SEO plugin. -->","yoast_head_json":{"title":"Kat\u0117s \u017eaislas su viela, spalvotas - MiuMjau","robots":{"index":"index","follow":"follow","max-snippet":"max-snippet:-1","max-image-preview":"max-image-preview:large","max-video-preview":"max-video-preview:-1"},"canonical":"https:\/\/miumjau.ee\/lt\/produktas\/kates-zaislas-su-viela-spalvotas\/","og_locale":"lt_LT","og_type":"article","og_title":"Kat\u0117s \u017eaislas su viela, spalvotas - MiuMjau","og_description":"Kat\u0117s \u017eaislas su karoliukais, plunksnomis ir varpeliu. Visi \u0161ie priedai pritvirtinti prie vielos. Kat\u0117ms \u0161is \u017eaislas labai patinka, nes viela sukuria svyravimo efekt\u0105, o kat\u0117s jau\u010dia akstin\u0105 tuoj pat \u201epagauti grob\u012f\u201c. \u017daislo bendras ilgis su plunksnomis apie 90 cm. B\u016bkite atsarg\u016bs atverdami viel\u0105, nes ji \u012ftempta, kad b\u016bt\u0173 galima supakuoti \u012f ma\u017e\u0105 pakuot\u0119. VIDEO 1 \u2013 \u017ei\u016br\u0117kite, kaip \u017eaid\u017eia ma\u017eylis VIDEO 2 \u2013 \u017eaislas \u012ftupdytas tarp sofos pagalvi\u0173, kat\u0117s juk labai smalsios (taip \u017eaislas ilgai netarnaus)","og_url":"https:\/\/miumjau.ee\/lt\/produktas\/kates-zaislas-su-viela-spalvotas\/","og_site_name":"MiuMjau","article_publisher":"https:\/\/www.facebook.com\/miumjaupood\/","article_modified_time":"2026-01-07T18:52:36+00:00","og_image":[{"width":600,"height":600,"url":"https:\/\/miumjau.ee\/wp-content\/uploads\/2023\/10\/kassi-manguasi-2.jpg","type":"image\/jpeg"}],"twitter_card":"summary_large_image","schema":{"@context":"https:\/\/schema.org","@graph":[{"@type":"WebPage","@id":"https:\/\/miumjau.ee\/lt\/produktas\/kates-zaislas-su-viela-spalvotas\/","url":"https:\/\/miumjau.ee\/lt\/produktas\/kates-zaislas-su-viela-spalvotas\/","name":"Kat\u0117s \u017eaislas su viela, spalvotas - MiuMjau","isPartOf":{"@id":"https:\/\/miumjau.ee\/#website"},"primaryImageOfPage":{"@id":"https:\/\/miumjau.ee\/lt\/produktas\/kates-zaislas-su-viela-spalvotas\/#primaryimage"},"image":{"@id":"https:\/\/miumjau.ee\/lt\/produktas\/kates-zaislas-su-viela-spalvotas\/#primaryimage"},"thumbnailUrl":"https:\/\/miumjau.ee\/wp-content\/uploads\/2023\/10\/kassi-manguasi-2.jpg","datePublished":"2023-10-27T07:12:08+00:00","dateModified":"2026-01-07T18:52:36+00:00","breadcrumb":{"@id":"https:\/\/miumjau.ee\/lt\/produktas\/kates-zaislas-su-viela-spalvotas\/#breadcrumb"},"inLanguage":"lt-LT","potentialAction":[{"@type":"ReadAction","target":["https:\/\/miumjau.ee\/lt\/produktas\/kates-zaislas-su-viela-spalvotas\/"]}]},{"@type":"ImageObject","inLanguage":"lt-LT","@id":"https:\/\/miumjau.ee\/lt\/produktas\/kates-zaislas-su-viela-spalvotas\/#primaryimage","url":"https:\/\/miumjau.ee\/wp-content\/uploads\/2023\/10\/kassi-manguasi-2.jpg","contentUrl":"https:\/\/miumjau.ee\/wp-content\/uploads\/2023\/10\/kassi-manguasi-2.jpg","width":600,"height":600,"caption":"Kassi m\u00e4nguasi"},{"@type":"BreadcrumbList","@id":"https:\/\/miumjau.ee\/lt\/produktas\/kates-zaislas-su-viela-spalvotas\/#breadcrumb","itemListElement":[{"@type":"ListItem","position":1,"name":"Home","item":"https:\/\/miumjau.ee\/lt\/"},{"@type":"ListItem","position":2,"name":"Parduotuv\u0117","item":"https:\/\/miumjau.ee\/lt\/parduotuve\/"},{"@type":"ListItem","position":3,"name":"Kat\u0117s \u017eaislas su viela, spalvotas"}]},{"@type":"WebSite","@id":"https:\/\/miumjau.ee\/#website","url":"https:\/\/miumjau.ee\/","name":"MiuMjau","description":"Kraapimispuud kassidele","publisher":{"@id":"https:\/\/miumjau.ee\/#organization"},"potentialAction":[{"@type":"SearchAction","target":{"@type":"EntryPoint","urlTemplate":"https:\/\/miumjau.ee\/?s={search_term_string}"},"query-input":{"@type":"PropertyValueSpecification","valueRequired":true,"valueName":"search_term_string"}}],"inLanguage":"lt-LT"},{"@type":"Organization","@id":"https:\/\/miumjau.ee\/#organization","name":"MiuMjau O\u00dc","url":"https:\/\/miumjau.ee\/","logo":{"@type":"ImageObject","inLanguage":"lt-LT","@id":"https:\/\/miumjau.ee\/#\/schema\/logo\/image\/","url":"https:\/\/miumjau.ee\/wp-content\/uploads\/2022\/04\/MiuMjau-logo-kollane.png","contentUrl":"https:\/\/miumjau.ee\/wp-content\/uploads\/2022\/04\/MiuMjau-logo-kollane.png","width":219,"height":100,"caption":"MiuMjau O\u00dc"},"image":{"@id":"https:\/\/miumjau.ee\/#\/schema\/logo\/image\/"},"sameAs":["https:\/\/www.facebook.com\/miumjaupood\/"]}]}},"_links":{"self":[{"href":"https:\/\/miumjau.ee\/lt\/wp-json\/wp\/v2\/product\/42564","targetHints":{"allow":["GET"]}}],"collection":[{"href":"https:\/\/miumjau.ee\/lt\/wp-json\/wp\/v2\/product"}],"about":[{"href":"https:\/\/miumjau.ee\/lt\/wp-json\/wp\/v2\/types\/product"}],"wp:featuredmedia":[{"embeddable":true,"href":"https:\/\/miumjau.ee\/lt\/wp-json\/wp\/v2\/media\/42970"}],"wp:attachment":[{"href":"https:\/\/miumjau.ee\/lt\/wp-json\/wp\/v2\/media?parent=42564"}],"wp:term":[{"taxonomy":"product_brand","embeddable":true,"href":"https:\/\/miumjau.ee\/lt\/wp-json\/wp\/v2\/product_brand?post=42564"},{"taxonomy":"product_cat","embeddable":true,"href":"https:\/\/miumjau.ee\/lt\/wp-json\/wp\/v2\/product_cat?post=42564"},{"taxonomy":"product_tag","embeddable":true,"href":"https:\/\/miumjau.ee\/lt\/wp-json\/wp\/v2\/product_tag?post=42564"}],"curies":[{"name":"wp","href":"https:\/\/api.w.org\/{rel}","templated":true}]}}