{"id":42563,"date":"2023-10-27T09:34:58","date_gmt":"2023-10-27T06:34:58","guid":{"rendered":"https:\/\/miumjau.ee\/toode\/kates-zaislas-plunksnuotas-kamuoliukas-ant-lazdeles\/"},"modified":"2026-01-07T20:52:36","modified_gmt":"2026-01-07T18:52:36","slug":"kates-zaislas-plunksnuotas-kamuoliukas-ant-lazdeles","status":"publish","type":"product","link":"https:\/\/miumjau.ee\/lt\/produktas\/kates-zaislas-plunksnuotas-kamuoliukas-ant-lazdeles\/","title":{"rendered":"Kat\u0117s \u017eaislas, plunksnuotas kamuoliukas ant lazdel\u0117s"},"content":{"rendered":"","protected":false},"excerpt":{"rendered":"<p>Kat\u0117s \u017eaislas, ry\u0161ki\u0173 spalv\u0173 ir linksmas. Plunksnos primena katei grob\u012f, o mosuojant lazdele galima j\u0105 \u201epakvailinti\u201c ir i\u0161b\u0117gioti, kad i\u0161leist\u0173 perteklin\u0119 energij\u0105. Be to, prie \u017eaislo pritvirtintas skambantis varpelis.<\/p>\n<p>Lazdel\u0117s ilgis apie 47 cm<br \/>\nKaban\u010dios dalies ilgis neatlaisvinus prailginimo virvel\u0117s apie 26 cm<br \/>\nKaban\u010dios dalies ilgis atlaisvinus prailginimo virvel\u0119 apie 70 cm<\/p>\n<p>\u017daislo spalva atsitiktin\u0117.<\/p>\n<p>\u017di\u016br\u0117kite \u010dia m\u016bs\u0173 kliento nam\u0173 vaizdo \u012fra\u0161\u0105 apie produkt\u0105<\/p>\n","protected":false},"featured_media":42965,"template":"","meta":[],"product_brand":[],"product_cat":[520],"product_tag":[],"class_list":{"0":"post-42563","1":"product","2":"type-product","3":"status-publish","4":"has-post-thumbnail","6":"product_cat-kaciu-zaislai","8":"first","9":"instock","10":"taxable","11":"shipping-taxable","12":"purchasable","13":"product-type-simple"},"yoast_head":"<!-- This site is optimized with the Yoast SEO plugin v27.2 - https:\/\/yoast.com\/product\/yoast-seo-wordpress\/ -->\n<title>Kat\u0117s \u017eaislas, plunksnuotas kamuoliukas ant lazdel\u0117s - MiuMjau<\/title>\n<meta name=\"robots\" content=\"index, follow, max-snippet:-1, max-image-preview:large, max-video-preview:-1\" \/>\n<link rel=\"canonical\" href=\"https:\/\/miumjau.ee\/lt\/produktas\/kates-zaislas-plunksnuotas-kamuoliukas-ant-lazdeles\/\" \/>\n<meta property=\"og:locale\" content=\"lt_LT\" \/>\n<meta property=\"og:type\" content=\"article\" \/>\n<meta property=\"og:title\" content=\"Kat\u0117s \u017eaislas, plunksnuotas kamuoliukas ant lazdel\u0117s - MiuMjau\" \/>\n<meta property=\"og:description\" content=\"Kat\u0117s \u017eaislas, ry\u0161ki\u0173 spalv\u0173 ir linksmas. Plunksnos primena katei grob\u012f, o mosuojant lazdele galima j\u0105 \u201epakvailinti\u201c ir i\u0161b\u0117gioti, kad i\u0161leist\u0173 perteklin\u0119 energij\u0105. Be to, prie \u017eaislo pritvirtintas skambantis varpelis. Lazdel\u0117s ilgis apie 47 cm Kaban\u010dios dalies ilgis neatlaisvinus prailginimo virvel\u0117s apie 26 cm Kaban\u010dios dalies ilgis atlaisvinus prailginimo virvel\u0119 apie 70 cm \u017daislo spalva atsitiktin\u0117. \u017di\u016br\u0117kite \u010dia m\u016bs\u0173 kliento nam\u0173 vaizdo \u012fra\u0161\u0105 apie produkt\u0105\" \/>\n<meta property=\"og:url\" content=\"https:\/\/miumjau.ee\/lt\/produktas\/kates-zaislas-plunksnuotas-kamuoliukas-ant-lazdeles\/\" \/>\n<meta property=\"og:site_name\" content=\"MiuMjau\" \/>\n<meta property=\"article:publisher\" content=\"https:\/\/www.facebook.com\/miumjaupood\/\" \/>\n<meta property=\"article:modified_time\" content=\"2026-01-07T18:52:36+00:00\" \/>\n<meta property=\"og:image\" content=\"https:\/\/miumjau.ee\/wp-content\/uploads\/2023\/10\/pallikesega-pulk1.jpg\" \/>\n\t<meta property=\"og:image:width\" content=\"600\" \/>\n\t<meta property=\"og:image:height\" content=\"600\" \/>\n\t<meta property=\"og:image:type\" content=\"image\/jpeg\" \/>\n<meta name=\"twitter:card\" content=\"summary_large_image\" \/>\n<script type=\"application\/ld+json\" class=\"yoast-schema-graph\">{\"@context\":\"https:\/\/schema.org\",\"@graph\":[{\"@type\":\"WebPage\",\"@id\":\"https:\/\/miumjau.ee\/lt\/produktas\/kates-zaislas-plunksnuotas-kamuoliukas-ant-lazdeles\/\",\"url\":\"https:\/\/miumjau.ee\/lt\/produktas\/kates-zaislas-plunksnuotas-kamuoliukas-ant-lazdeles\/\",\"name\":\"Kat\u0117s \u017eaislas, plunksnuotas kamuoliukas ant lazdel\u0117s - MiuMjau\",\"isPartOf\":{\"@id\":\"https:\/\/miumjau.ee\/#website\"},\"primaryImageOfPage\":{\"@id\":\"https:\/\/miumjau.ee\/lt\/produktas\/kates-zaislas-plunksnuotas-kamuoliukas-ant-lazdeles\/#primaryimage\"},\"image\":{\"@id\":\"https:\/\/miumjau.ee\/lt\/produktas\/kates-zaislas-plunksnuotas-kamuoliukas-ant-lazdeles\/#primaryimage\"},\"thumbnailUrl\":\"https:\/\/miumjau.ee\/wp-content\/uploads\/2023\/10\/pallikesega-pulk1.jpg\",\"datePublished\":\"2023-10-27T06:34:58+00:00\",\"dateModified\":\"2026-01-07T18:52:36+00:00\",\"breadcrumb\":{\"@id\":\"https:\/\/miumjau.ee\/lt\/produktas\/kates-zaislas-plunksnuotas-kamuoliukas-ant-lazdeles\/#breadcrumb\"},\"inLanguage\":\"lt-LT\",\"potentialAction\":[{\"@type\":\"ReadAction\",\"target\":[\"https:\/\/miumjau.ee\/lt\/produktas\/kates-zaislas-plunksnuotas-kamuoliukas-ant-lazdeles\/\"]}]},{\"@type\":\"ImageObject\",\"inLanguage\":\"lt-LT\",\"@id\":\"https:\/\/miumjau.ee\/lt\/produktas\/kates-zaislas-plunksnuotas-kamuoliukas-ant-lazdeles\/#primaryimage\",\"url\":\"https:\/\/miumjau.ee\/wp-content\/uploads\/2023\/10\/pallikesega-pulk1.jpg\",\"contentUrl\":\"https:\/\/miumjau.ee\/wp-content\/uploads\/2023\/10\/pallikesega-pulk1.jpg\",\"width\":600,\"height\":600,\"caption\":\"Pallikesega pulk kassi m\u00e4nguasi\"},{\"@type\":\"BreadcrumbList\",\"@id\":\"https:\/\/miumjau.ee\/lt\/produktas\/kates-zaislas-plunksnuotas-kamuoliukas-ant-lazdeles\/#breadcrumb\",\"itemListElement\":[{\"@type\":\"ListItem\",\"position\":1,\"name\":\"Home\",\"item\":\"https:\/\/miumjau.ee\/lt\/\"},{\"@type\":\"ListItem\",\"position\":2,\"name\":\"Parduotuv\u0117\",\"item\":\"https:\/\/miumjau.ee\/lt\/parduotuve\/\"},{\"@type\":\"ListItem\",\"position\":3,\"name\":\"Kat\u0117s \u017eaislas, plunksnuotas kamuoliukas ant lazdel\u0117s\"}]},{\"@type\":\"WebSite\",\"@id\":\"https:\/\/miumjau.ee\/#website\",\"url\":\"https:\/\/miumjau.ee\/\",\"name\":\"MiuMjau\",\"description\":\"Kraapimispuud kassidele\",\"publisher\":{\"@id\":\"https:\/\/miumjau.ee\/#organization\"},\"potentialAction\":[{\"@type\":\"SearchAction\",\"target\":{\"@type\":\"EntryPoint\",\"urlTemplate\":\"https:\/\/miumjau.ee\/?s={search_term_string}\"},\"query-input\":{\"@type\":\"PropertyValueSpecification\",\"valueRequired\":true,\"valueName\":\"search_term_string\"}}],\"inLanguage\":\"lt-LT\"},{\"@type\":\"Organization\",\"@id\":\"https:\/\/miumjau.ee\/#organization\",\"name\":\"MiuMjau O\u00dc\",\"url\":\"https:\/\/miumjau.ee\/\",\"logo\":{\"@type\":\"ImageObject\",\"inLanguage\":\"lt-LT\",\"@id\":\"https:\/\/miumjau.ee\/#\/schema\/logo\/image\/\",\"url\":\"https:\/\/miumjau.ee\/wp-content\/uploads\/2022\/04\/MiuMjau-logo-kollane.png\",\"contentUrl\":\"https:\/\/miumjau.ee\/wp-content\/uploads\/2022\/04\/MiuMjau-logo-kollane.png\",\"width\":219,\"height\":100,\"caption\":\"MiuMjau O\u00dc\"},\"image\":{\"@id\":\"https:\/\/miumjau.ee\/#\/schema\/logo\/image\/\"},\"sameAs\":[\"https:\/\/www.facebook.com\/miumjaupood\/\"]}]}<\/script>\n<!-- \/ Yoast SEO plugin. -->","yoast_head_json":{"title":"Kat\u0117s \u017eaislas, plunksnuotas kamuoliukas ant lazdel\u0117s - MiuMjau","robots":{"index":"index","follow":"follow","max-snippet":"max-snippet:-1","max-image-preview":"max-image-preview:large","max-video-preview":"max-video-preview:-1"},"canonical":"https:\/\/miumjau.ee\/lt\/produktas\/kates-zaislas-plunksnuotas-kamuoliukas-ant-lazdeles\/","og_locale":"lt_LT","og_type":"article","og_title":"Kat\u0117s \u017eaislas, plunksnuotas kamuoliukas ant lazdel\u0117s - MiuMjau","og_description":"Kat\u0117s \u017eaislas, ry\u0161ki\u0173 spalv\u0173 ir linksmas. Plunksnos primena katei grob\u012f, o mosuojant lazdele galima j\u0105 \u201epakvailinti\u201c ir i\u0161b\u0117gioti, kad i\u0161leist\u0173 perteklin\u0119 energij\u0105. Be to, prie \u017eaislo pritvirtintas skambantis varpelis. Lazdel\u0117s ilgis apie 47 cm Kaban\u010dios dalies ilgis neatlaisvinus prailginimo virvel\u0117s apie 26 cm Kaban\u010dios dalies ilgis atlaisvinus prailginimo virvel\u0119 apie 70 cm \u017daislo spalva atsitiktin\u0117. \u017di\u016br\u0117kite \u010dia m\u016bs\u0173 kliento nam\u0173 vaizdo \u012fra\u0161\u0105 apie produkt\u0105","og_url":"https:\/\/miumjau.ee\/lt\/produktas\/kates-zaislas-plunksnuotas-kamuoliukas-ant-lazdeles\/","og_site_name":"MiuMjau","article_publisher":"https:\/\/www.facebook.com\/miumjaupood\/","article_modified_time":"2026-01-07T18:52:36+00:00","og_image":[{"width":600,"height":600,"url":"https:\/\/miumjau.ee\/wp-content\/uploads\/2023\/10\/pallikesega-pulk1.jpg","type":"image\/jpeg"}],"twitter_card":"summary_large_image","schema":{"@context":"https:\/\/schema.org","@graph":[{"@type":"WebPage","@id":"https:\/\/miumjau.ee\/lt\/produktas\/kates-zaislas-plunksnuotas-kamuoliukas-ant-lazdeles\/","url":"https:\/\/miumjau.ee\/lt\/produktas\/kates-zaislas-plunksnuotas-kamuoliukas-ant-lazdeles\/","name":"Kat\u0117s \u017eaislas, plunksnuotas kamuoliukas ant lazdel\u0117s - MiuMjau","isPartOf":{"@id":"https:\/\/miumjau.ee\/#website"},"primaryImageOfPage":{"@id":"https:\/\/miumjau.ee\/lt\/produktas\/kates-zaislas-plunksnuotas-kamuoliukas-ant-lazdeles\/#primaryimage"},"image":{"@id":"https:\/\/miumjau.ee\/lt\/produktas\/kates-zaislas-plunksnuotas-kamuoliukas-ant-lazdeles\/#primaryimage"},"thumbnailUrl":"https:\/\/miumjau.ee\/wp-content\/uploads\/2023\/10\/pallikesega-pulk1.jpg","datePublished":"2023-10-27T06:34:58+00:00","dateModified":"2026-01-07T18:52:36+00:00","breadcrumb":{"@id":"https:\/\/miumjau.ee\/lt\/produktas\/kates-zaislas-plunksnuotas-kamuoliukas-ant-lazdeles\/#breadcrumb"},"inLanguage":"lt-LT","potentialAction":[{"@type":"ReadAction","target":["https:\/\/miumjau.ee\/lt\/produktas\/kates-zaislas-plunksnuotas-kamuoliukas-ant-lazdeles\/"]}]},{"@type":"ImageObject","inLanguage":"lt-LT","@id":"https:\/\/miumjau.ee\/lt\/produktas\/kates-zaislas-plunksnuotas-kamuoliukas-ant-lazdeles\/#primaryimage","url":"https:\/\/miumjau.ee\/wp-content\/uploads\/2023\/10\/pallikesega-pulk1.jpg","contentUrl":"https:\/\/miumjau.ee\/wp-content\/uploads\/2023\/10\/pallikesega-pulk1.jpg","width":600,"height":600,"caption":"Pallikesega pulk kassi m\u00e4nguasi"},{"@type":"BreadcrumbList","@id":"https:\/\/miumjau.ee\/lt\/produktas\/kates-zaislas-plunksnuotas-kamuoliukas-ant-lazdeles\/#breadcrumb","itemListElement":[{"@type":"ListItem","position":1,"name":"Home","item":"https:\/\/miumjau.ee\/lt\/"},{"@type":"ListItem","position":2,"name":"Parduotuv\u0117","item":"https:\/\/miumjau.ee\/lt\/parduotuve\/"},{"@type":"ListItem","position":3,"name":"Kat\u0117s \u017eaislas, plunksnuotas kamuoliukas ant lazdel\u0117s"}]},{"@type":"WebSite","@id":"https:\/\/miumjau.ee\/#website","url":"https:\/\/miumjau.ee\/","name":"MiuMjau","description":"Kraapimispuud kassidele","publisher":{"@id":"https:\/\/miumjau.ee\/#organization"},"potentialAction":[{"@type":"SearchAction","target":{"@type":"EntryPoint","urlTemplate":"https:\/\/miumjau.ee\/?s={search_term_string}"},"query-input":{"@type":"PropertyValueSpecification","valueRequired":true,"valueName":"search_term_string"}}],"inLanguage":"lt-LT"},{"@type":"Organization","@id":"https:\/\/miumjau.ee\/#organization","name":"MiuMjau O\u00dc","url":"https:\/\/miumjau.ee\/","logo":{"@type":"ImageObject","inLanguage":"lt-LT","@id":"https:\/\/miumjau.ee\/#\/schema\/logo\/image\/","url":"https:\/\/miumjau.ee\/wp-content\/uploads\/2022\/04\/MiuMjau-logo-kollane.png","contentUrl":"https:\/\/miumjau.ee\/wp-content\/uploads\/2022\/04\/MiuMjau-logo-kollane.png","width":219,"height":100,"caption":"MiuMjau O\u00dc"},"image":{"@id":"https:\/\/miumjau.ee\/#\/schema\/logo\/image\/"},"sameAs":["https:\/\/www.facebook.com\/miumjaupood\/"]}]}},"_links":{"self":[{"href":"https:\/\/miumjau.ee\/lt\/wp-json\/wp\/v2\/product\/42563","targetHints":{"allow":["GET"]}}],"collection":[{"href":"https:\/\/miumjau.ee\/lt\/wp-json\/wp\/v2\/product"}],"about":[{"href":"https:\/\/miumjau.ee\/lt\/wp-json\/wp\/v2\/types\/product"}],"wp:featuredmedia":[{"embeddable":true,"href":"https:\/\/miumjau.ee\/lt\/wp-json\/wp\/v2\/media\/42965"}],"wp:attachment":[{"href":"https:\/\/miumjau.ee\/lt\/wp-json\/wp\/v2\/media?parent=42563"}],"wp:term":[{"taxonomy":"product_brand","embeddable":true,"href":"https:\/\/miumjau.ee\/lt\/wp-json\/wp\/v2\/product_brand?post=42563"},{"taxonomy":"product_cat","embeddable":true,"href":"https:\/\/miumjau.ee\/lt\/wp-json\/wp\/v2\/product_cat?post=42563"},{"taxonomy":"product_tag","embeddable":true,"href":"https:\/\/miumjau.ee\/lt\/wp-json\/wp\/v2\/product_tag?post=42563"}],"curies":[{"name":"wp","href":"https:\/\/api.w.org\/{rel}","templated":true}]}}