{"id":42561,"date":"2023-10-25T19:54:06","date_gmt":"2023-10-25T16:54:06","guid":{"rendered":"https:\/\/miumjau.ee\/toode\/kates-kraikas-dirty-rebels-10-kg-bekvapis\/"},"modified":"2026-01-07T20:52:43","modified_gmt":"2026-01-07T18:52:43","slug":"kates-kraikas-dirty-rebels-10-kg-bekvapis","status":"publish","type":"product","link":"https:\/\/miumjau.ee\/lt\/produktas\/kates-kraikas-dirty-rebels-10-kg-bekvapis\/","title":{"rendered":"Kat\u0117s kraikas DIRTY REBELS 10 KG, bekvapis"},"content":{"rendered":"","protected":false},"excerpt":{"rendered":"<p>DIRTY REBELS kat\u0117s kraikas 10 KG Fresh Garden tinka visoms kat\u0117ms, nepriklausomai nuo svorio ir am\u017eiaus.<\/p>\n<p>Kad ir kokios gra\u017eios, \u0161velnios ir mielos b\u016bt\u0173 j\u016bs\u0173 kat\u0117s, kraiko d\u0117\u017e\u0117s valymas vis tiek n\u0117ra \u201elabai maloni veikla\u201c. Tod\u0117l Dirty Rebels sukurtas specialiai jums ir j\u016bs\u0173 katei \u2013 kad \u0161i varginanti veikla likt\u0173 tik prisiminimuose.<\/p>\n<p>Petrebels itin kruop\u0161\u010diai suk\u016br\u0117 auk\u0161\u010diausios kokyb\u0117s kraik\u0105, kad j\u016bs\u0173 \u201ekvapukai\u201c v\u0117l b\u016bt\u0173 laimingi. Dirty Rebels sugeria iki 4 kart\u0173 savo t\u016br\u012f ir i\u0161kart sudaro tvirtus gumulus. Nor\u0117dami pasiekti \u0161variausi\u0105 rezultat\u0105, kraiko d\u0117\u017e\u0119 lengvai i\u0161sijosite semtuvu.<\/p>\n<p>Savyb\u0117s:<\/p>\n<ul>\n<li>100% nat\u016bralus produktas<\/li>\n<li>Sugeria iki 4 kart\u0173 savo t\u016br\u012f<\/li>\n<li>Labai tvirti gumulai<\/li>\n<li>Vienai arba kelioms kat\u0117ms<\/li>\n<li>Kvapas: Fresh Garden<\/li>\n<li>Gamintojas Petrebels<\/li>\n<li>CE sertifikatas<\/li>\n<\/ul>\n","protected":false},"featured_media":42960,"template":"","meta":[],"product_brand":[],"product_cat":[530],"product_tag":[],"class_list":{"0":"post-42561","1":"product","2":"type-product","3":"status-publish","4":"has-post-thumbnail","6":"product_cat-kaciu-kraikas","8":"first","9":"instock","10":"sale","11":"taxable","12":"shipping-taxable","13":"purchasable","14":"product-type-simple"},"yoast_head":"<!-- This site is optimized with the Yoast SEO plugin v27.4 - https:\/\/yoast.com\/product\/yoast-seo-wordpress\/ -->\n<title>Kat\u0117s kraikas DIRTY REBELS 10 KG, bekvapis - MiuMjau<\/title>\n<meta name=\"robots\" content=\"index, follow, max-snippet:-1, max-image-preview:large, max-video-preview:-1\" \/>\n<link rel=\"canonical\" href=\"https:\/\/miumjau.ee\/lt\/produktas\/kates-kraikas-dirty-rebels-10-kg-bekvapis\/\" \/>\n<meta property=\"og:locale\" content=\"lt_LT\" \/>\n<meta property=\"og:type\" content=\"article\" \/>\n<meta property=\"og:title\" content=\"Kat\u0117s kraikas DIRTY REBELS 10 KG, bekvapis - MiuMjau\" \/>\n<meta property=\"og:description\" content=\"DIRTY REBELS kat\u0117s kraikas 10 KG Fresh Garden tinka visoms kat\u0117ms, nepriklausomai nuo svorio ir am\u017eiaus. Kad ir kokios gra\u017eios, \u0161velnios ir mielos b\u016bt\u0173 j\u016bs\u0173 kat\u0117s, kraiko d\u0117\u017e\u0117s valymas vis tiek n\u0117ra \u201elabai maloni veikla\u201c. Tod\u0117l Dirty Rebels sukurtas specialiai jums ir j\u016bs\u0173 katei \u2013 kad \u0161i varginanti veikla likt\u0173 tik prisiminimuose. Petrebels itin kruop\u0161\u010diai suk\u016br\u0117 auk\u0161\u010diausios kokyb\u0117s kraik\u0105, kad j\u016bs\u0173 \u201ekvapukai\u201c v\u0117l b\u016bt\u0173 laimingi. Dirty Rebels sugeria iki 4 kart\u0173 savo t\u016br\u012f ir i\u0161kart sudaro tvirtus gumulus. Nor\u0117dami pasiekti \u0161variausi\u0105 rezultat\u0105, kraiko d\u0117\u017e\u0119 lengvai i\u0161sijosite semtuvu. Savyb\u0117s: 100% nat\u016bralus produktas Sugeria iki 4 kart\u0173 savo t\u016br\u012f Labai tvirti gumulai Vienai arba kelioms kat\u0117ms Kvapas: Fresh Garden Gamintojas Petrebels CE sertifikatas\" \/>\n<meta property=\"og:url\" content=\"https:\/\/miumjau.ee\/lt\/produktas\/kates-kraikas-dirty-rebels-10-kg-bekvapis\/\" \/>\n<meta property=\"og:site_name\" content=\"MiuMjau\" \/>\n<meta property=\"article:publisher\" content=\"https:\/\/www.facebook.com\/miumjaupood\/\" \/>\n<meta property=\"article:modified_time\" content=\"2026-01-07T18:52:43+00:00\" \/>\n<meta property=\"og:image\" content=\"https:\/\/miumjau.ee\/wp-content\/uploads\/2023\/10\/dirty-rebels-kassiliiv-10l-lohnatu-1.jpg\" \/>\n\t<meta property=\"og:image:width\" content=\"600\" \/>\n\t<meta property=\"og:image:height\" content=\"800\" \/>\n\t<meta property=\"og:image:type\" content=\"image\/jpeg\" \/>\n<meta name=\"twitter:card\" content=\"summary_large_image\" \/>\n<script type=\"application\/ld+json\" class=\"yoast-schema-graph\">{\"@context\":\"https:\\\/\\\/schema.org\",\"@graph\":[{\"@type\":\"WebPage\",\"@id\":\"https:\\\/\\\/miumjau.ee\\\/lt\\\/produktas\\\/kates-kraikas-dirty-rebels-10-kg-bekvapis\\\/\",\"url\":\"https:\\\/\\\/miumjau.ee\\\/lt\\\/produktas\\\/kates-kraikas-dirty-rebels-10-kg-bekvapis\\\/\",\"name\":\"Kat\u0117s kraikas DIRTY REBELS 10 KG, bekvapis - MiuMjau\",\"isPartOf\":{\"@id\":\"https:\\\/\\\/miumjau.ee\\\/#website\"},\"primaryImageOfPage\":{\"@id\":\"https:\\\/\\\/miumjau.ee\\\/lt\\\/produktas\\\/kates-kraikas-dirty-rebels-10-kg-bekvapis\\\/#primaryimage\"},\"image\":{\"@id\":\"https:\\\/\\\/miumjau.ee\\\/lt\\\/produktas\\\/kates-kraikas-dirty-rebels-10-kg-bekvapis\\\/#primaryimage\"},\"thumbnailUrl\":\"https:\\\/\\\/miumjau.ee\\\/wp-content\\\/uploads\\\/2023\\\/10\\\/dirty-rebels-kassiliiv-10l-lohnatu-1.jpg\",\"datePublished\":\"2023-10-25T16:54:06+00:00\",\"dateModified\":\"2026-01-07T18:52:43+00:00\",\"breadcrumb\":{\"@id\":\"https:\\\/\\\/miumjau.ee\\\/lt\\\/produktas\\\/kates-kraikas-dirty-rebels-10-kg-bekvapis\\\/#breadcrumb\"},\"inLanguage\":\"lt-LT\",\"potentialAction\":[{\"@type\":\"ReadAction\",\"target\":[\"https:\\\/\\\/miumjau.ee\\\/lt\\\/produktas\\\/kates-kraikas-dirty-rebels-10-kg-bekvapis\\\/\"]}]},{\"@type\":\"ImageObject\",\"inLanguage\":\"lt-LT\",\"@id\":\"https:\\\/\\\/miumjau.ee\\\/lt\\\/produktas\\\/kates-kraikas-dirty-rebels-10-kg-bekvapis\\\/#primaryimage\",\"url\":\"https:\\\/\\\/miumjau.ee\\\/wp-content\\\/uploads\\\/2023\\\/10\\\/dirty-rebels-kassiliiv-10l-lohnatu-1.jpg\",\"contentUrl\":\"https:\\\/\\\/miumjau.ee\\\/wp-content\\\/uploads\\\/2023\\\/10\\\/dirty-rebels-kassiliiv-10l-lohnatu-1.jpg\",\"width\":600,\"height\":800,\"caption\":\"dirty rebels kassiliiv l\u00f5hnatu\"},{\"@type\":\"BreadcrumbList\",\"@id\":\"https:\\\/\\\/miumjau.ee\\\/lt\\\/produktas\\\/kates-kraikas-dirty-rebels-10-kg-bekvapis\\\/#breadcrumb\",\"itemListElement\":[{\"@type\":\"ListItem\",\"position\":1,\"name\":\"Home\",\"item\":\"https:\\\/\\\/miumjau.ee\\\/lt\\\/\"},{\"@type\":\"ListItem\",\"position\":2,\"name\":\"Parduotuv\u0117\",\"item\":\"https:\\\/\\\/miumjau.ee\\\/lt\\\/parduotuve\\\/\"},{\"@type\":\"ListItem\",\"position\":3,\"name\":\"Kat\u0117s kraikas DIRTY REBELS 10 KG, bekvapis\"}]},{\"@type\":\"WebSite\",\"@id\":\"https:\\\/\\\/miumjau.ee\\\/#website\",\"url\":\"https:\\\/\\\/miumjau.ee\\\/\",\"name\":\"MiuMjau\",\"description\":\"Kraapimispuud kassidele\",\"publisher\":{\"@id\":\"https:\\\/\\\/miumjau.ee\\\/#organization\"},\"potentialAction\":[{\"@type\":\"SearchAction\",\"target\":{\"@type\":\"EntryPoint\",\"urlTemplate\":\"https:\\\/\\\/miumjau.ee\\\/?s={search_term_string}\"},\"query-input\":{\"@type\":\"PropertyValueSpecification\",\"valueRequired\":true,\"valueName\":\"search_term_string\"}}],\"inLanguage\":\"lt-LT\"},{\"@type\":\"Organization\",\"@id\":\"https:\\\/\\\/miumjau.ee\\\/#organization\",\"name\":\"MiuMjau O\u00dc\",\"url\":\"https:\\\/\\\/miumjau.ee\\\/\",\"logo\":{\"@type\":\"ImageObject\",\"inLanguage\":\"lt-LT\",\"@id\":\"https:\\\/\\\/miumjau.ee\\\/#\\\/schema\\\/logo\\\/image\\\/\",\"url\":\"https:\\\/\\\/miumjau.ee\\\/wp-content\\\/uploads\\\/2022\\\/04\\\/MiuMjau-logo-kollane.png\",\"contentUrl\":\"https:\\\/\\\/miumjau.ee\\\/wp-content\\\/uploads\\\/2022\\\/04\\\/MiuMjau-logo-kollane.png\",\"width\":219,\"height\":100,\"caption\":\"MiuMjau O\u00dc\"},\"image\":{\"@id\":\"https:\\\/\\\/miumjau.ee\\\/#\\\/schema\\\/logo\\\/image\\\/\"},\"sameAs\":[\"https:\\\/\\\/www.facebook.com\\\/miumjaupood\\\/\"]}]}<\/script>\n<!-- \/ Yoast SEO plugin. -->","yoast_head_json":{"title":"Kat\u0117s kraikas DIRTY REBELS 10 KG, bekvapis - MiuMjau","robots":{"index":"index","follow":"follow","max-snippet":"max-snippet:-1","max-image-preview":"max-image-preview:large","max-video-preview":"max-video-preview:-1"},"canonical":"https:\/\/miumjau.ee\/lt\/produktas\/kates-kraikas-dirty-rebels-10-kg-bekvapis\/","og_locale":"lt_LT","og_type":"article","og_title":"Kat\u0117s kraikas DIRTY REBELS 10 KG, bekvapis - MiuMjau","og_description":"DIRTY REBELS kat\u0117s kraikas 10 KG Fresh Garden tinka visoms kat\u0117ms, nepriklausomai nuo svorio ir am\u017eiaus. Kad ir kokios gra\u017eios, \u0161velnios ir mielos b\u016bt\u0173 j\u016bs\u0173 kat\u0117s, kraiko d\u0117\u017e\u0117s valymas vis tiek n\u0117ra \u201elabai maloni veikla\u201c. Tod\u0117l Dirty Rebels sukurtas specialiai jums ir j\u016bs\u0173 katei \u2013 kad \u0161i varginanti veikla likt\u0173 tik prisiminimuose. Petrebels itin kruop\u0161\u010diai suk\u016br\u0117 auk\u0161\u010diausios kokyb\u0117s kraik\u0105, kad j\u016bs\u0173 \u201ekvapukai\u201c v\u0117l b\u016bt\u0173 laimingi. Dirty Rebels sugeria iki 4 kart\u0173 savo t\u016br\u012f ir i\u0161kart sudaro tvirtus gumulus. Nor\u0117dami pasiekti \u0161variausi\u0105 rezultat\u0105, kraiko d\u0117\u017e\u0119 lengvai i\u0161sijosite semtuvu. Savyb\u0117s: 100% nat\u016bralus produktas Sugeria iki 4 kart\u0173 savo t\u016br\u012f Labai tvirti gumulai Vienai arba kelioms kat\u0117ms Kvapas: Fresh Garden Gamintojas Petrebels CE sertifikatas","og_url":"https:\/\/miumjau.ee\/lt\/produktas\/kates-kraikas-dirty-rebels-10-kg-bekvapis\/","og_site_name":"MiuMjau","article_publisher":"https:\/\/www.facebook.com\/miumjaupood\/","article_modified_time":"2026-01-07T18:52:43+00:00","og_image":[{"width":600,"height":800,"url":"https:\/\/miumjau.ee\/wp-content\/uploads\/2023\/10\/dirty-rebels-kassiliiv-10l-lohnatu-1.jpg","type":"image\/jpeg"}],"twitter_card":"summary_large_image","schema":{"@context":"https:\/\/schema.org","@graph":[{"@type":"WebPage","@id":"https:\/\/miumjau.ee\/lt\/produktas\/kates-kraikas-dirty-rebels-10-kg-bekvapis\/","url":"https:\/\/miumjau.ee\/lt\/produktas\/kates-kraikas-dirty-rebels-10-kg-bekvapis\/","name":"Kat\u0117s kraikas DIRTY REBELS 10 KG, bekvapis - MiuMjau","isPartOf":{"@id":"https:\/\/miumjau.ee\/#website"},"primaryImageOfPage":{"@id":"https:\/\/miumjau.ee\/lt\/produktas\/kates-kraikas-dirty-rebels-10-kg-bekvapis\/#primaryimage"},"image":{"@id":"https:\/\/miumjau.ee\/lt\/produktas\/kates-kraikas-dirty-rebels-10-kg-bekvapis\/#primaryimage"},"thumbnailUrl":"https:\/\/miumjau.ee\/wp-content\/uploads\/2023\/10\/dirty-rebels-kassiliiv-10l-lohnatu-1.jpg","datePublished":"2023-10-25T16:54:06+00:00","dateModified":"2026-01-07T18:52:43+00:00","breadcrumb":{"@id":"https:\/\/miumjau.ee\/lt\/produktas\/kates-kraikas-dirty-rebels-10-kg-bekvapis\/#breadcrumb"},"inLanguage":"lt-LT","potentialAction":[{"@type":"ReadAction","target":["https:\/\/miumjau.ee\/lt\/produktas\/kates-kraikas-dirty-rebels-10-kg-bekvapis\/"]}]},{"@type":"ImageObject","inLanguage":"lt-LT","@id":"https:\/\/miumjau.ee\/lt\/produktas\/kates-kraikas-dirty-rebels-10-kg-bekvapis\/#primaryimage","url":"https:\/\/miumjau.ee\/wp-content\/uploads\/2023\/10\/dirty-rebels-kassiliiv-10l-lohnatu-1.jpg","contentUrl":"https:\/\/miumjau.ee\/wp-content\/uploads\/2023\/10\/dirty-rebels-kassiliiv-10l-lohnatu-1.jpg","width":600,"height":800,"caption":"dirty rebels kassiliiv l\u00f5hnatu"},{"@type":"BreadcrumbList","@id":"https:\/\/miumjau.ee\/lt\/produktas\/kates-kraikas-dirty-rebels-10-kg-bekvapis\/#breadcrumb","itemListElement":[{"@type":"ListItem","position":1,"name":"Home","item":"https:\/\/miumjau.ee\/lt\/"},{"@type":"ListItem","position":2,"name":"Parduotuv\u0117","item":"https:\/\/miumjau.ee\/lt\/parduotuve\/"},{"@type":"ListItem","position":3,"name":"Kat\u0117s kraikas DIRTY REBELS 10 KG, bekvapis"}]},{"@type":"WebSite","@id":"https:\/\/miumjau.ee\/#website","url":"https:\/\/miumjau.ee\/","name":"MiuMjau","description":"Kraapimispuud kassidele","publisher":{"@id":"https:\/\/miumjau.ee\/#organization"},"potentialAction":[{"@type":"SearchAction","target":{"@type":"EntryPoint","urlTemplate":"https:\/\/miumjau.ee\/?s={search_term_string}"},"query-input":{"@type":"PropertyValueSpecification","valueRequired":true,"valueName":"search_term_string"}}],"inLanguage":"lt-LT"},{"@type":"Organization","@id":"https:\/\/miumjau.ee\/#organization","name":"MiuMjau O\u00dc","url":"https:\/\/miumjau.ee\/","logo":{"@type":"ImageObject","inLanguage":"lt-LT","@id":"https:\/\/miumjau.ee\/#\/schema\/logo\/image\/","url":"https:\/\/miumjau.ee\/wp-content\/uploads\/2022\/04\/MiuMjau-logo-kollane.png","contentUrl":"https:\/\/miumjau.ee\/wp-content\/uploads\/2022\/04\/MiuMjau-logo-kollane.png","width":219,"height":100,"caption":"MiuMjau O\u00dc"},"image":{"@id":"https:\/\/miumjau.ee\/#\/schema\/logo\/image\/"},"sameAs":["https:\/\/www.facebook.com\/miumjaupood\/"]}]}},"_links":{"self":[{"href":"https:\/\/miumjau.ee\/lt\/wp-json\/wp\/v2\/product\/42561","targetHints":{"allow":["GET"]}}],"collection":[{"href":"https:\/\/miumjau.ee\/lt\/wp-json\/wp\/v2\/product"}],"about":[{"href":"https:\/\/miumjau.ee\/lt\/wp-json\/wp\/v2\/types\/product"}],"wp:featuredmedia":[{"embeddable":true,"href":"https:\/\/miumjau.ee\/lt\/wp-json\/wp\/v2\/media\/42960"}],"wp:attachment":[{"href":"https:\/\/miumjau.ee\/lt\/wp-json\/wp\/v2\/media?parent=42561"}],"wp:term":[{"taxonomy":"product_brand","embeddable":true,"href":"https:\/\/miumjau.ee\/lt\/wp-json\/wp\/v2\/product_brand?post=42561"},{"taxonomy":"product_cat","embeddable":true,"href":"https:\/\/miumjau.ee\/lt\/wp-json\/wp\/v2\/product_cat?post=42561"},{"taxonomy":"product_tag","embeddable":true,"href":"https:\/\/miumjau.ee\/lt\/wp-json\/wp\/v2\/product_tag?post=42561"}],"curies":[{"name":"wp","href":"https:\/\/api.w.org\/{rel}","templated":true}]}}