{"id":42557,"date":"2023-09-30T11:31:08","date_gmt":"2023-09-30T08:31:08","guid":{"rendered":"https:\/\/miumjau.ee\/toode\/petrebels-draskykle-scenic-view-197-kapucino\/"},"modified":"2026-01-07T20:52:43","modified_gmt":"2026-01-07T18:52:43","slug":"petrebels-draskykle-scenic-view-197-kapucino","status":"publish","type":"product","link":"https:\/\/miumjau.ee\/lt\/produktas\/petrebels-draskykle-scenic-view-197-kapucino\/","title":{"rendered":"PETREBELS Draskykl\u0117 Scenic View 197, kapu\u010dino"},"content":{"rendered":"","protected":false},"excerpt":{"rendered":"<p>Ypa\u010d auk\u0161tas laipiojimo rojus labai \u017eaismingoms dideli\u0173 veisli\u0173 kat\u0117ms. Turite Maine Coon, Norveg\u0173 mi\u0161kin\u0119, Ragdoll ar kit\u0105 didel\u0119 kat\u0119? Tuomet jums reikia ypa\u010d tvirto kat\u0117s bald\u0173, dideli\u0173 gulin\u0117jimo viet\u0173 ir stor\u0173 stulp\u0173, ant kuri\u0173 jos taip pat gal\u0117t\u0173 draskyti. Visa tai si\u016blo b\u016btent \u0161is modelis! \u0160i draskykl\u0117 sukurta palepinti bet kokio dyd\u017eio kates ir suteikti joms u\u017etikrintumo, kad medis jokiu b\u016bdu neapvirs. Viskas tvirta kaip akmuo! Stulpai stori \u2013 net 12 cm skersmens. Gra\u017e\u016bs spalv\u0173 deriniai malon\u016bs akims.<\/p>\n<p>Gaminio matmenys: 110\u00d750\u00d7197 cm<br \/>\nXL kabantis hamakas, 45 cm skersmens<br \/>\n2 gulin\u0117jimo zonos 50\u00d730 cm ir 45\u00d745 cm, auk\u0161tis 8 cm<br \/>\nProdukto svoris 54 kg, su pakuote 58 kg. (Prek\u0117 pirk\u0117j\u0105 pasiekia dviejose pakuot\u0117se)<\/p>\n<p>Palepinkite savo kat\u0119 ir suteikite jai geriausia!<\/p>\n","protected":false},"featured_media":42931,"template":"","meta":[],"product_brand":[],"product_cat":[515],"product_tag":[],"class_list":{"0":"post-42557","1":"product","2":"type-product","3":"status-publish","4":"has-post-thumbnail","6":"product_cat-petrebels-produktai-dideliems-katems","8":"first","9":"instock","10":"sale","11":"taxable","12":"shipping-taxable","13":"purchasable","14":"product-type-simple"},"yoast_head":"<!-- This site is optimized with the Yoast SEO plugin v27.4 - https:\/\/yoast.com\/product\/yoast-seo-wordpress\/ -->\n<title>PETREBELS Draskykl\u0117 Scenic View 197, kapu\u010dino - MiuMjau<\/title>\n<meta name=\"robots\" content=\"index, follow, max-snippet:-1, max-image-preview:large, max-video-preview:-1\" \/>\n<link rel=\"canonical\" href=\"https:\/\/miumjau.ee\/lt\/produktas\/petrebels-draskykle-scenic-view-197-kapucino\/\" \/>\n<meta property=\"og:locale\" content=\"lt_LT\" \/>\n<meta property=\"og:type\" content=\"article\" \/>\n<meta property=\"og:title\" content=\"PETREBELS Draskykl\u0117 Scenic View 197, kapu\u010dino - MiuMjau\" \/>\n<meta property=\"og:description\" content=\"Ypa\u010d auk\u0161tas laipiojimo rojus labai \u017eaismingoms dideli\u0173 veisli\u0173 kat\u0117ms. Turite Maine Coon, Norveg\u0173 mi\u0161kin\u0119, Ragdoll ar kit\u0105 didel\u0119 kat\u0119? Tuomet jums reikia ypa\u010d tvirto kat\u0117s bald\u0173, dideli\u0173 gulin\u0117jimo viet\u0173 ir stor\u0173 stulp\u0173, ant kuri\u0173 jos taip pat gal\u0117t\u0173 draskyti. Visa tai si\u016blo b\u016btent \u0161is modelis! \u0160i draskykl\u0117 sukurta palepinti bet kokio dyd\u017eio kates ir suteikti joms u\u017etikrintumo, kad medis jokiu b\u016bdu neapvirs. Viskas tvirta kaip akmuo! Stulpai stori \u2013 net 12 cm skersmens. Gra\u017e\u016bs spalv\u0173 deriniai malon\u016bs akims. Gaminio matmenys: 110\u00d750\u00d7197 cm XL kabantis hamakas, 45 cm skersmens 2 gulin\u0117jimo zonos 50\u00d730 cm ir 45\u00d745 cm, auk\u0161tis 8 cm Produkto svoris 54 kg, su pakuote 58 kg. (Prek\u0117 pirk\u0117j\u0105 pasiekia dviejose pakuot\u0117se) Palepinkite savo kat\u0119 ir suteikite jai geriausia!\" \/>\n<meta property=\"og:url\" content=\"https:\/\/miumjau.ee\/lt\/produktas\/petrebels-draskykle-scenic-view-197-kapucino\/\" \/>\n<meta property=\"og:site_name\" content=\"MiuMjau\" \/>\n<meta property=\"article:publisher\" content=\"https:\/\/www.facebook.com\/miumjaupood\/\" \/>\n<meta property=\"article:modified_time\" content=\"2026-01-07T18:52:43+00:00\" \/>\n<meta property=\"og:image\" content=\"https:\/\/miumjau.ee\/wp-content\/uploads\/2023\/09\/scenic-view-197-cappuccino-kassi-kraapimispuu-1.jpg\" \/>\n\t<meta property=\"og:image:width\" content=\"600\" \/>\n\t<meta property=\"og:image:height\" content=\"800\" \/>\n\t<meta property=\"og:image:type\" content=\"image\/jpeg\" \/>\n<meta name=\"twitter:card\" content=\"summary_large_image\" \/>\n<script type=\"application\/ld+json\" class=\"yoast-schema-graph\">{\"@context\":\"https:\\\/\\\/schema.org\",\"@graph\":[{\"@type\":\"WebPage\",\"@id\":\"https:\\\/\\\/miumjau.ee\\\/lt\\\/produktas\\\/petrebels-draskykle-scenic-view-197-kapucino\\\/\",\"url\":\"https:\\\/\\\/miumjau.ee\\\/lt\\\/produktas\\\/petrebels-draskykle-scenic-view-197-kapucino\\\/\",\"name\":\"PETREBELS Draskykl\u0117 Scenic View 197, kapu\u010dino - MiuMjau\",\"isPartOf\":{\"@id\":\"https:\\\/\\\/miumjau.ee\\\/#website\"},\"primaryImageOfPage\":{\"@id\":\"https:\\\/\\\/miumjau.ee\\\/lt\\\/produktas\\\/petrebels-draskykle-scenic-view-197-kapucino\\\/#primaryimage\"},\"image\":{\"@id\":\"https:\\\/\\\/miumjau.ee\\\/lt\\\/produktas\\\/petrebels-draskykle-scenic-view-197-kapucino\\\/#primaryimage\"},\"thumbnailUrl\":\"https:\\\/\\\/miumjau.ee\\\/wp-content\\\/uploads\\\/2023\\\/09\\\/scenic-view-197-cappuccino-kassi-kraapimispuu-1.jpg\",\"datePublished\":\"2023-09-30T08:31:08+00:00\",\"dateModified\":\"2026-01-07T18:52:43+00:00\",\"breadcrumb\":{\"@id\":\"https:\\\/\\\/miumjau.ee\\\/lt\\\/produktas\\\/petrebels-draskykle-scenic-view-197-kapucino\\\/#breadcrumb\"},\"inLanguage\":\"lt-LT\",\"potentialAction\":[{\"@type\":\"ReadAction\",\"target\":[\"https:\\\/\\\/miumjau.ee\\\/lt\\\/produktas\\\/petrebels-draskykle-scenic-view-197-kapucino\\\/\"]}]},{\"@type\":\"ImageObject\",\"inLanguage\":\"lt-LT\",\"@id\":\"https:\\\/\\\/miumjau.ee\\\/lt\\\/produktas\\\/petrebels-draskykle-scenic-view-197-kapucino\\\/#primaryimage\",\"url\":\"https:\\\/\\\/miumjau.ee\\\/wp-content\\\/uploads\\\/2023\\\/09\\\/scenic-view-197-cappuccino-kassi-kraapimispuu-1.jpg\",\"contentUrl\":\"https:\\\/\\\/miumjau.ee\\\/wp-content\\\/uploads\\\/2023\\\/09\\\/scenic-view-197-cappuccino-kassi-kraapimispuu-1.jpg\",\"width\":600,\"height\":800,\"caption\":\"PETREBELS Kraapimispuu Scenic view 197,\"},{\"@type\":\"BreadcrumbList\",\"@id\":\"https:\\\/\\\/miumjau.ee\\\/lt\\\/produktas\\\/petrebels-draskykle-scenic-view-197-kapucino\\\/#breadcrumb\",\"itemListElement\":[{\"@type\":\"ListItem\",\"position\":1,\"name\":\"Home\",\"item\":\"https:\\\/\\\/miumjau.ee\\\/lt\\\/\"},{\"@type\":\"ListItem\",\"position\":2,\"name\":\"Parduotuv\u0117\",\"item\":\"https:\\\/\\\/miumjau.ee\\\/lt\\\/parduotuve\\\/\"},{\"@type\":\"ListItem\",\"position\":3,\"name\":\"PETREBELS Draskykl\u0117 Scenic View 197, kapu\u010dino\"}]},{\"@type\":\"WebSite\",\"@id\":\"https:\\\/\\\/miumjau.ee\\\/#website\",\"url\":\"https:\\\/\\\/miumjau.ee\\\/\",\"name\":\"MiuMjau\",\"description\":\"Kraapimispuud kassidele\",\"publisher\":{\"@id\":\"https:\\\/\\\/miumjau.ee\\\/#organization\"},\"potentialAction\":[{\"@type\":\"SearchAction\",\"target\":{\"@type\":\"EntryPoint\",\"urlTemplate\":\"https:\\\/\\\/miumjau.ee\\\/?s={search_term_string}\"},\"query-input\":{\"@type\":\"PropertyValueSpecification\",\"valueRequired\":true,\"valueName\":\"search_term_string\"}}],\"inLanguage\":\"lt-LT\"},{\"@type\":\"Organization\",\"@id\":\"https:\\\/\\\/miumjau.ee\\\/#organization\",\"name\":\"MiuMjau O\u00dc\",\"url\":\"https:\\\/\\\/miumjau.ee\\\/\",\"logo\":{\"@type\":\"ImageObject\",\"inLanguage\":\"lt-LT\",\"@id\":\"https:\\\/\\\/miumjau.ee\\\/#\\\/schema\\\/logo\\\/image\\\/\",\"url\":\"https:\\\/\\\/miumjau.ee\\\/wp-content\\\/uploads\\\/2022\\\/04\\\/MiuMjau-logo-kollane.png\",\"contentUrl\":\"https:\\\/\\\/miumjau.ee\\\/wp-content\\\/uploads\\\/2022\\\/04\\\/MiuMjau-logo-kollane.png\",\"width\":219,\"height\":100,\"caption\":\"MiuMjau O\u00dc\"},\"image\":{\"@id\":\"https:\\\/\\\/miumjau.ee\\\/#\\\/schema\\\/logo\\\/image\\\/\"},\"sameAs\":[\"https:\\\/\\\/www.facebook.com\\\/miumjaupood\\\/\"]}]}<\/script>\n<!-- \/ Yoast SEO plugin. -->","yoast_head_json":{"title":"PETREBELS Draskykl\u0117 Scenic View 197, kapu\u010dino - MiuMjau","robots":{"index":"index","follow":"follow","max-snippet":"max-snippet:-1","max-image-preview":"max-image-preview:large","max-video-preview":"max-video-preview:-1"},"canonical":"https:\/\/miumjau.ee\/lt\/produktas\/petrebels-draskykle-scenic-view-197-kapucino\/","og_locale":"lt_LT","og_type":"article","og_title":"PETREBELS Draskykl\u0117 Scenic View 197, kapu\u010dino - MiuMjau","og_description":"Ypa\u010d auk\u0161tas laipiojimo rojus labai \u017eaismingoms dideli\u0173 veisli\u0173 kat\u0117ms. Turite Maine Coon, Norveg\u0173 mi\u0161kin\u0119, Ragdoll ar kit\u0105 didel\u0119 kat\u0119? Tuomet jums reikia ypa\u010d tvirto kat\u0117s bald\u0173, dideli\u0173 gulin\u0117jimo viet\u0173 ir stor\u0173 stulp\u0173, ant kuri\u0173 jos taip pat gal\u0117t\u0173 draskyti. Visa tai si\u016blo b\u016btent \u0161is modelis! \u0160i draskykl\u0117 sukurta palepinti bet kokio dyd\u017eio kates ir suteikti joms u\u017etikrintumo, kad medis jokiu b\u016bdu neapvirs. Viskas tvirta kaip akmuo! Stulpai stori \u2013 net 12 cm skersmens. Gra\u017e\u016bs spalv\u0173 deriniai malon\u016bs akims. Gaminio matmenys: 110\u00d750\u00d7197 cm XL kabantis hamakas, 45 cm skersmens 2 gulin\u0117jimo zonos 50\u00d730 cm ir 45\u00d745 cm, auk\u0161tis 8 cm Produkto svoris 54 kg, su pakuote 58 kg. (Prek\u0117 pirk\u0117j\u0105 pasiekia dviejose pakuot\u0117se) Palepinkite savo kat\u0119 ir suteikite jai geriausia!","og_url":"https:\/\/miumjau.ee\/lt\/produktas\/petrebels-draskykle-scenic-view-197-kapucino\/","og_site_name":"MiuMjau","article_publisher":"https:\/\/www.facebook.com\/miumjaupood\/","article_modified_time":"2026-01-07T18:52:43+00:00","og_image":[{"width":600,"height":800,"url":"https:\/\/miumjau.ee\/wp-content\/uploads\/2023\/09\/scenic-view-197-cappuccino-kassi-kraapimispuu-1.jpg","type":"image\/jpeg"}],"twitter_card":"summary_large_image","schema":{"@context":"https:\/\/schema.org","@graph":[{"@type":"WebPage","@id":"https:\/\/miumjau.ee\/lt\/produktas\/petrebels-draskykle-scenic-view-197-kapucino\/","url":"https:\/\/miumjau.ee\/lt\/produktas\/petrebels-draskykle-scenic-view-197-kapucino\/","name":"PETREBELS Draskykl\u0117 Scenic View 197, kapu\u010dino - MiuMjau","isPartOf":{"@id":"https:\/\/miumjau.ee\/#website"},"primaryImageOfPage":{"@id":"https:\/\/miumjau.ee\/lt\/produktas\/petrebels-draskykle-scenic-view-197-kapucino\/#primaryimage"},"image":{"@id":"https:\/\/miumjau.ee\/lt\/produktas\/petrebels-draskykle-scenic-view-197-kapucino\/#primaryimage"},"thumbnailUrl":"https:\/\/miumjau.ee\/wp-content\/uploads\/2023\/09\/scenic-view-197-cappuccino-kassi-kraapimispuu-1.jpg","datePublished":"2023-09-30T08:31:08+00:00","dateModified":"2026-01-07T18:52:43+00:00","breadcrumb":{"@id":"https:\/\/miumjau.ee\/lt\/produktas\/petrebels-draskykle-scenic-view-197-kapucino\/#breadcrumb"},"inLanguage":"lt-LT","potentialAction":[{"@type":"ReadAction","target":["https:\/\/miumjau.ee\/lt\/produktas\/petrebels-draskykle-scenic-view-197-kapucino\/"]}]},{"@type":"ImageObject","inLanguage":"lt-LT","@id":"https:\/\/miumjau.ee\/lt\/produktas\/petrebels-draskykle-scenic-view-197-kapucino\/#primaryimage","url":"https:\/\/miumjau.ee\/wp-content\/uploads\/2023\/09\/scenic-view-197-cappuccino-kassi-kraapimispuu-1.jpg","contentUrl":"https:\/\/miumjau.ee\/wp-content\/uploads\/2023\/09\/scenic-view-197-cappuccino-kassi-kraapimispuu-1.jpg","width":600,"height":800,"caption":"PETREBELS Kraapimispuu Scenic view 197,"},{"@type":"BreadcrumbList","@id":"https:\/\/miumjau.ee\/lt\/produktas\/petrebels-draskykle-scenic-view-197-kapucino\/#breadcrumb","itemListElement":[{"@type":"ListItem","position":1,"name":"Home","item":"https:\/\/miumjau.ee\/lt\/"},{"@type":"ListItem","position":2,"name":"Parduotuv\u0117","item":"https:\/\/miumjau.ee\/lt\/parduotuve\/"},{"@type":"ListItem","position":3,"name":"PETREBELS Draskykl\u0117 Scenic View 197, kapu\u010dino"}]},{"@type":"WebSite","@id":"https:\/\/miumjau.ee\/#website","url":"https:\/\/miumjau.ee\/","name":"MiuMjau","description":"Kraapimispuud kassidele","publisher":{"@id":"https:\/\/miumjau.ee\/#organization"},"potentialAction":[{"@type":"SearchAction","target":{"@type":"EntryPoint","urlTemplate":"https:\/\/miumjau.ee\/?s={search_term_string}"},"query-input":{"@type":"PropertyValueSpecification","valueRequired":true,"valueName":"search_term_string"}}],"inLanguage":"lt-LT"},{"@type":"Organization","@id":"https:\/\/miumjau.ee\/#organization","name":"MiuMjau O\u00dc","url":"https:\/\/miumjau.ee\/","logo":{"@type":"ImageObject","inLanguage":"lt-LT","@id":"https:\/\/miumjau.ee\/#\/schema\/logo\/image\/","url":"https:\/\/miumjau.ee\/wp-content\/uploads\/2022\/04\/MiuMjau-logo-kollane.png","contentUrl":"https:\/\/miumjau.ee\/wp-content\/uploads\/2022\/04\/MiuMjau-logo-kollane.png","width":219,"height":100,"caption":"MiuMjau O\u00dc"},"image":{"@id":"https:\/\/miumjau.ee\/#\/schema\/logo\/image\/"},"sameAs":["https:\/\/www.facebook.com\/miumjaupood\/"]}]}},"_links":{"self":[{"href":"https:\/\/miumjau.ee\/lt\/wp-json\/wp\/v2\/product\/42557","targetHints":{"allow":["GET"]}}],"collection":[{"href":"https:\/\/miumjau.ee\/lt\/wp-json\/wp\/v2\/product"}],"about":[{"href":"https:\/\/miumjau.ee\/lt\/wp-json\/wp\/v2\/types\/product"}],"wp:featuredmedia":[{"embeddable":true,"href":"https:\/\/miumjau.ee\/lt\/wp-json\/wp\/v2\/media\/42931"}],"wp:attachment":[{"href":"https:\/\/miumjau.ee\/lt\/wp-json\/wp\/v2\/media?parent=42557"}],"wp:term":[{"taxonomy":"product_brand","embeddable":true,"href":"https:\/\/miumjau.ee\/lt\/wp-json\/wp\/v2\/product_brand?post=42557"},{"taxonomy":"product_cat","embeddable":true,"href":"https:\/\/miumjau.ee\/lt\/wp-json\/wp\/v2\/product_cat?post=42557"},{"taxonomy":"product_tag","embeddable":true,"href":"https:\/\/miumjau.ee\/lt\/wp-json\/wp\/v2\/product_tag?post=42557"}],"curies":[{"name":"wp","href":"https:\/\/api.w.org\/{rel}","templated":true}]}}