{"id":42556,"date":"2023-09-30T09:39:36","date_gmt":"2023-09-30T06:39:36","guid":{"rendered":"https:\/\/miumjau.ee\/toode\/draskykle-petrebels-villa-150-kapucino\/"},"modified":"2026-01-07T20:52:43","modified_gmt":"2026-01-07T18:52:43","slug":"draskykle-petrebels-villa-150-kapucino","status":"publish","type":"product","link":"https:\/\/miumjau.ee\/lt\/produktas\/draskykle-petrebels-villa-150-kapucino\/","title":{"rendered":"Draskykl\u0117 Petrebels Villa 150, kapu\u010dino"},"content":{"rendered":"","protected":false},"excerpt":{"rendered":"<p>Modelis Villa 150 yra tvirtas ir stabilus, kompakti\u0161kas. Kat\u0117 gali \u017eaisti, miegoti, laipioti, \u0161okin\u0117ti, daryti tempimo pratimus ir, \u017einoma, draskyti. Draskykl\u0117je \u2013 9 visi\u0161kai sisalu dengti stulpai, kuri\u0173 skersmuo 9 cm. Gaminys sukurtas tikriems draskymo meistrams ir \u201ebe\u017ed\u017eion\u0117ms-laipiotojoms\u201c. I\u0161sikrovus galima gul\u0117ti itin mink\u0161tame vir\u0161uje esan\u010diame guolyje arba bet kuriame namelyje. (Atkreipkite d\u0117mes\u012f, pagalv\u0117l\u0117s skalbiamos 30 \u00b0C.) Tai tikra villa \u2013 stabili ir tvirta, tinkama jaunoms kat\u0117ms ir senjorams. Pagal svor\u012f tinka ir sunkioms kat\u0117ms \u2013 joki\u0173 problem\u0173!<\/p>\n<p>Matmenys: 60\u00d740\u00d7150 cm (ilgis, plotis, auk\u0161tis)<\/p>\n<p>Produkto svoris 27,4 kg, su pakuote 28,5 kg.<\/p>\n<p>Per\u017ei\u016br\u0117kite \u010dia trump\u0105 vaizdo \u012fra\u0161\u0105<\/p>\n","protected":false},"featured_media":42925,"template":"","meta":[],"product_brand":[],"product_cat":[513],"product_tag":[],"class_list":{"0":"post-42556","1":"product","2":"type-product","3":"status-publish","4":"has-post-thumbnail","6":"product_cat-vidutinio-dydzio-draskymo-medziai-petrebels","7":"product_shipping_class-pakiautomaati-sobimatu-lt","9":"first","10":"instock","11":"sale","12":"taxable","13":"shipping-taxable","14":"purchasable","15":"product-type-simple"},"yoast_head":"<!-- This site is optimized with the Yoast SEO plugin v27.2 - https:\/\/yoast.com\/product\/yoast-seo-wordpress\/ -->\n<title>Draskykl\u0117 Petrebels Villa 150, kapu\u010dino - MiuMjau<\/title>\n<meta name=\"robots\" content=\"index, follow, max-snippet:-1, max-image-preview:large, max-video-preview:-1\" \/>\n<link rel=\"canonical\" href=\"https:\/\/miumjau.ee\/lt\/produktas\/draskykle-petrebels-villa-150-kapucino\/\" \/>\n<meta property=\"og:locale\" content=\"lt_LT\" \/>\n<meta property=\"og:type\" content=\"article\" \/>\n<meta property=\"og:title\" content=\"Draskykl\u0117 Petrebels Villa 150, kapu\u010dino - MiuMjau\" \/>\n<meta property=\"og:description\" content=\"Modelis Villa 150 yra tvirtas ir stabilus, kompakti\u0161kas. Kat\u0117 gali \u017eaisti, miegoti, laipioti, \u0161okin\u0117ti, daryti tempimo pratimus ir, \u017einoma, draskyti. Draskykl\u0117je \u2013 9 visi\u0161kai sisalu dengti stulpai, kuri\u0173 skersmuo 9 cm. Gaminys sukurtas tikriems draskymo meistrams ir \u201ebe\u017ed\u017eion\u0117ms-laipiotojoms\u201c. I\u0161sikrovus galima gul\u0117ti itin mink\u0161tame vir\u0161uje esan\u010diame guolyje arba bet kuriame namelyje. (Atkreipkite d\u0117mes\u012f, pagalv\u0117l\u0117s skalbiamos 30 \u00b0C.) Tai tikra villa \u2013 stabili ir tvirta, tinkama jaunoms kat\u0117ms ir senjorams. Pagal svor\u012f tinka ir sunkioms kat\u0117ms \u2013 joki\u0173 problem\u0173! Matmenys: 60\u00d740\u00d7150 cm (ilgis, plotis, auk\u0161tis) Produkto svoris 27,4 kg, su pakuote 28,5 kg. Per\u017ei\u016br\u0117kite \u010dia trump\u0105 vaizdo \u012fra\u0161\u0105\" \/>\n<meta property=\"og:url\" content=\"https:\/\/miumjau.ee\/lt\/produktas\/draskykle-petrebels-villa-150-kapucino\/\" \/>\n<meta property=\"og:site_name\" content=\"MiuMjau\" \/>\n<meta property=\"article:publisher\" content=\"https:\/\/www.facebook.com\/miumjaupood\/\" \/>\n<meta property=\"article:modified_time\" content=\"2026-01-07T18:52:43+00:00\" \/>\n<meta property=\"og:image\" content=\"https:\/\/miumjau.ee\/wp-content\/uploads\/2023\/09\/villa-150-cappuccino-kassi-kraapimispuu-1.jpg\" \/>\n\t<meta property=\"og:image:width\" content=\"600\" \/>\n\t<meta property=\"og:image:height\" content=\"800\" \/>\n\t<meta property=\"og:image:type\" content=\"image\/jpeg\" \/>\n<meta name=\"twitter:card\" content=\"summary_large_image\" \/>\n<script type=\"application\/ld+json\" class=\"yoast-schema-graph\">{\"@context\":\"https:\/\/schema.org\",\"@graph\":[{\"@type\":\"WebPage\",\"@id\":\"https:\/\/miumjau.ee\/lt\/produktas\/draskykle-petrebels-villa-150-kapucino\/\",\"url\":\"https:\/\/miumjau.ee\/lt\/produktas\/draskykle-petrebels-villa-150-kapucino\/\",\"name\":\"Draskykl\u0117 Petrebels Villa 150, kapu\u010dino - MiuMjau\",\"isPartOf\":{\"@id\":\"https:\/\/miumjau.ee\/#website\"},\"primaryImageOfPage\":{\"@id\":\"https:\/\/miumjau.ee\/lt\/produktas\/draskykle-petrebels-villa-150-kapucino\/#primaryimage\"},\"image\":{\"@id\":\"https:\/\/miumjau.ee\/lt\/produktas\/draskykle-petrebels-villa-150-kapucino\/#primaryimage\"},\"thumbnailUrl\":\"https:\/\/miumjau.ee\/wp-content\/uploads\/2023\/09\/villa-150-cappuccino-kassi-kraapimispuu-1.jpg\",\"datePublished\":\"2023-09-30T06:39:36+00:00\",\"dateModified\":\"2026-01-07T18:52:43+00:00\",\"breadcrumb\":{\"@id\":\"https:\/\/miumjau.ee\/lt\/produktas\/draskykle-petrebels-villa-150-kapucino\/#breadcrumb\"},\"inLanguage\":\"lt-LT\",\"potentialAction\":[{\"@type\":\"ReadAction\",\"target\":[\"https:\/\/miumjau.ee\/lt\/produktas\/draskykle-petrebels-villa-150-kapucino\/\"]}]},{\"@type\":\"ImageObject\",\"inLanguage\":\"lt-LT\",\"@id\":\"https:\/\/miumjau.ee\/lt\/produktas\/draskykle-petrebels-villa-150-kapucino\/#primaryimage\",\"url\":\"https:\/\/miumjau.ee\/wp-content\/uploads\/2023\/09\/villa-150-cappuccino-kassi-kraapimispuu-1.jpg\",\"contentUrl\":\"https:\/\/miumjau.ee\/wp-content\/uploads\/2023\/09\/villa-150-cappuccino-kassi-kraapimispuu-1.jpg\",\"width\":600,\"height\":800,\"caption\":\"Villa 150 kassi kraapimispuu Petrebels\"},{\"@type\":\"BreadcrumbList\",\"@id\":\"https:\/\/miumjau.ee\/lt\/produktas\/draskykle-petrebels-villa-150-kapucino\/#breadcrumb\",\"itemListElement\":[{\"@type\":\"ListItem\",\"position\":1,\"name\":\"Home\",\"item\":\"https:\/\/miumjau.ee\/lt\/\"},{\"@type\":\"ListItem\",\"position\":2,\"name\":\"Parduotuv\u0117\",\"item\":\"https:\/\/miumjau.ee\/lt\/parduotuve\/\"},{\"@type\":\"ListItem\",\"position\":3,\"name\":\"Draskykl\u0117 Petrebels Villa 150, kapu\u010dino\"}]},{\"@type\":\"WebSite\",\"@id\":\"https:\/\/miumjau.ee\/#website\",\"url\":\"https:\/\/miumjau.ee\/\",\"name\":\"MiuMjau\",\"description\":\"Kraapimispuud kassidele\",\"publisher\":{\"@id\":\"https:\/\/miumjau.ee\/#organization\"},\"potentialAction\":[{\"@type\":\"SearchAction\",\"target\":{\"@type\":\"EntryPoint\",\"urlTemplate\":\"https:\/\/miumjau.ee\/?s={search_term_string}\"},\"query-input\":{\"@type\":\"PropertyValueSpecification\",\"valueRequired\":true,\"valueName\":\"search_term_string\"}}],\"inLanguage\":\"lt-LT\"},{\"@type\":\"Organization\",\"@id\":\"https:\/\/miumjau.ee\/#organization\",\"name\":\"MiuMjau O\u00dc\",\"url\":\"https:\/\/miumjau.ee\/\",\"logo\":{\"@type\":\"ImageObject\",\"inLanguage\":\"lt-LT\",\"@id\":\"https:\/\/miumjau.ee\/#\/schema\/logo\/image\/\",\"url\":\"https:\/\/miumjau.ee\/wp-content\/uploads\/2022\/04\/MiuMjau-logo-kollane.png\",\"contentUrl\":\"https:\/\/miumjau.ee\/wp-content\/uploads\/2022\/04\/MiuMjau-logo-kollane.png\",\"width\":219,\"height\":100,\"caption\":\"MiuMjau O\u00dc\"},\"image\":{\"@id\":\"https:\/\/miumjau.ee\/#\/schema\/logo\/image\/\"},\"sameAs\":[\"https:\/\/www.facebook.com\/miumjaupood\/\"]}]}<\/script>\n<!-- \/ Yoast SEO plugin. -->","yoast_head_json":{"title":"Draskykl\u0117 Petrebels Villa 150, kapu\u010dino - MiuMjau","robots":{"index":"index","follow":"follow","max-snippet":"max-snippet:-1","max-image-preview":"max-image-preview:large","max-video-preview":"max-video-preview:-1"},"canonical":"https:\/\/miumjau.ee\/lt\/produktas\/draskykle-petrebels-villa-150-kapucino\/","og_locale":"lt_LT","og_type":"article","og_title":"Draskykl\u0117 Petrebels Villa 150, kapu\u010dino - MiuMjau","og_description":"Modelis Villa 150 yra tvirtas ir stabilus, kompakti\u0161kas. Kat\u0117 gali \u017eaisti, miegoti, laipioti, \u0161okin\u0117ti, daryti tempimo pratimus ir, \u017einoma, draskyti. Draskykl\u0117je \u2013 9 visi\u0161kai sisalu dengti stulpai, kuri\u0173 skersmuo 9 cm. Gaminys sukurtas tikriems draskymo meistrams ir \u201ebe\u017ed\u017eion\u0117ms-laipiotojoms\u201c. I\u0161sikrovus galima gul\u0117ti itin mink\u0161tame vir\u0161uje esan\u010diame guolyje arba bet kuriame namelyje. (Atkreipkite d\u0117mes\u012f, pagalv\u0117l\u0117s skalbiamos 30 \u00b0C.) Tai tikra villa \u2013 stabili ir tvirta, tinkama jaunoms kat\u0117ms ir senjorams. Pagal svor\u012f tinka ir sunkioms kat\u0117ms \u2013 joki\u0173 problem\u0173! Matmenys: 60\u00d740\u00d7150 cm (ilgis, plotis, auk\u0161tis) Produkto svoris 27,4 kg, su pakuote 28,5 kg. Per\u017ei\u016br\u0117kite \u010dia trump\u0105 vaizdo \u012fra\u0161\u0105","og_url":"https:\/\/miumjau.ee\/lt\/produktas\/draskykle-petrebels-villa-150-kapucino\/","og_site_name":"MiuMjau","article_publisher":"https:\/\/www.facebook.com\/miumjaupood\/","article_modified_time":"2026-01-07T18:52:43+00:00","og_image":[{"width":600,"height":800,"url":"https:\/\/miumjau.ee\/wp-content\/uploads\/2023\/09\/villa-150-cappuccino-kassi-kraapimispuu-1.jpg","type":"image\/jpeg"}],"twitter_card":"summary_large_image","schema":{"@context":"https:\/\/schema.org","@graph":[{"@type":"WebPage","@id":"https:\/\/miumjau.ee\/lt\/produktas\/draskykle-petrebels-villa-150-kapucino\/","url":"https:\/\/miumjau.ee\/lt\/produktas\/draskykle-petrebels-villa-150-kapucino\/","name":"Draskykl\u0117 Petrebels Villa 150, kapu\u010dino - MiuMjau","isPartOf":{"@id":"https:\/\/miumjau.ee\/#website"},"primaryImageOfPage":{"@id":"https:\/\/miumjau.ee\/lt\/produktas\/draskykle-petrebels-villa-150-kapucino\/#primaryimage"},"image":{"@id":"https:\/\/miumjau.ee\/lt\/produktas\/draskykle-petrebels-villa-150-kapucino\/#primaryimage"},"thumbnailUrl":"https:\/\/miumjau.ee\/wp-content\/uploads\/2023\/09\/villa-150-cappuccino-kassi-kraapimispuu-1.jpg","datePublished":"2023-09-30T06:39:36+00:00","dateModified":"2026-01-07T18:52:43+00:00","breadcrumb":{"@id":"https:\/\/miumjau.ee\/lt\/produktas\/draskykle-petrebels-villa-150-kapucino\/#breadcrumb"},"inLanguage":"lt-LT","potentialAction":[{"@type":"ReadAction","target":["https:\/\/miumjau.ee\/lt\/produktas\/draskykle-petrebels-villa-150-kapucino\/"]}]},{"@type":"ImageObject","inLanguage":"lt-LT","@id":"https:\/\/miumjau.ee\/lt\/produktas\/draskykle-petrebels-villa-150-kapucino\/#primaryimage","url":"https:\/\/miumjau.ee\/wp-content\/uploads\/2023\/09\/villa-150-cappuccino-kassi-kraapimispuu-1.jpg","contentUrl":"https:\/\/miumjau.ee\/wp-content\/uploads\/2023\/09\/villa-150-cappuccino-kassi-kraapimispuu-1.jpg","width":600,"height":800,"caption":"Villa 150 kassi kraapimispuu Petrebels"},{"@type":"BreadcrumbList","@id":"https:\/\/miumjau.ee\/lt\/produktas\/draskykle-petrebels-villa-150-kapucino\/#breadcrumb","itemListElement":[{"@type":"ListItem","position":1,"name":"Home","item":"https:\/\/miumjau.ee\/lt\/"},{"@type":"ListItem","position":2,"name":"Parduotuv\u0117","item":"https:\/\/miumjau.ee\/lt\/parduotuve\/"},{"@type":"ListItem","position":3,"name":"Draskykl\u0117 Petrebels Villa 150, kapu\u010dino"}]},{"@type":"WebSite","@id":"https:\/\/miumjau.ee\/#website","url":"https:\/\/miumjau.ee\/","name":"MiuMjau","description":"Kraapimispuud kassidele","publisher":{"@id":"https:\/\/miumjau.ee\/#organization"},"potentialAction":[{"@type":"SearchAction","target":{"@type":"EntryPoint","urlTemplate":"https:\/\/miumjau.ee\/?s={search_term_string}"},"query-input":{"@type":"PropertyValueSpecification","valueRequired":true,"valueName":"search_term_string"}}],"inLanguage":"lt-LT"},{"@type":"Organization","@id":"https:\/\/miumjau.ee\/#organization","name":"MiuMjau O\u00dc","url":"https:\/\/miumjau.ee\/","logo":{"@type":"ImageObject","inLanguage":"lt-LT","@id":"https:\/\/miumjau.ee\/#\/schema\/logo\/image\/","url":"https:\/\/miumjau.ee\/wp-content\/uploads\/2022\/04\/MiuMjau-logo-kollane.png","contentUrl":"https:\/\/miumjau.ee\/wp-content\/uploads\/2022\/04\/MiuMjau-logo-kollane.png","width":219,"height":100,"caption":"MiuMjau O\u00dc"},"image":{"@id":"https:\/\/miumjau.ee\/#\/schema\/logo\/image\/"},"sameAs":["https:\/\/www.facebook.com\/miumjaupood\/"]}]}},"_links":{"self":[{"href":"https:\/\/miumjau.ee\/lt\/wp-json\/wp\/v2\/product\/42556","targetHints":{"allow":["GET"]}}],"collection":[{"href":"https:\/\/miumjau.ee\/lt\/wp-json\/wp\/v2\/product"}],"about":[{"href":"https:\/\/miumjau.ee\/lt\/wp-json\/wp\/v2\/types\/product"}],"wp:featuredmedia":[{"embeddable":true,"href":"https:\/\/miumjau.ee\/lt\/wp-json\/wp\/v2\/media\/42925"}],"wp:attachment":[{"href":"https:\/\/miumjau.ee\/lt\/wp-json\/wp\/v2\/media?parent=42556"}],"wp:term":[{"taxonomy":"product_brand","embeddable":true,"href":"https:\/\/miumjau.ee\/lt\/wp-json\/wp\/v2\/product_brand?post=42556"},{"taxonomy":"product_cat","embeddable":true,"href":"https:\/\/miumjau.ee\/lt\/wp-json\/wp\/v2\/product_cat?post=42556"},{"taxonomy":"product_tag","embeddable":true,"href":"https:\/\/miumjau.ee\/lt\/wp-json\/wp\/v2\/product_tag?post=42556"}],"curies":[{"name":"wp","href":"https:\/\/api.w.org\/{rel}","templated":true}]}}